{"id":10922,"date":"2022-11-30T11:21:00","date_gmt":"2022-11-30T14:21:00","guid":{"rendered":"https:\/\/advbox.com.br\/blog\/?page_id=10922"},"modified":"2026-01-16T10:54:50","modified_gmt":"2026-01-16T13:54:50","slug":"como-cobrar-honorarios-advocaticios","status":"publish","type":"page","link":"https:\/\/advbox.com.br\/blog\/como-cobrar-honorarios-advocaticios\/","title":{"rendered":"Como cobrar os honor\u00e1rios advocat\u00edcios?"},"content":{"rendered":"\n<p><em>Aprenda as regras espec\u00edficas para cobrar honor\u00e1rios advocat\u00edcios. <\/em><\/p>\n\n\n\n<p>Nesta publica\u00e7\u00e3o voc\u00ea vai ler:<\/p>\n\n\n\n<ol class=\"wp-block-list has-small-font-size\">\n<li>O que s\u00e3o honor\u00e1rios e quais os tipos permitidos;<\/li>\n\n\n\n<li>Tabela da OAB;<\/li>\n\n\n\n<li>Quais os percentuais permitidos;<\/li>\n\n\n\n<li>Tipos de Contrato de Honor\u00e1rios;<\/li>\n\n\n\n<li>Quando devem ser pagos os honor\u00e1rios;<\/li>\n\n\n\n<li>Se \u00e9 poss\u00edvel cobrar honor\u00e1rios em caso de desist\u00eancia;<\/li>\n\n\n\n<li>Procedimento de cobran\u00e7a de honor\u00e1rios;<\/li>\n\n\n\n<li>Cobrando honor\u00e1rios n\u00e3o pagos.<\/li>\n<\/ol>\n\n\n\n<h2 class=\"wp-block-heading\">Como se d\u00e1 o pagamento dos honor\u00e1rios advocat\u00edcios?<\/h2>\n\n\n\n<p>Uma das maiores <a href=\"https:\/\/advbox.com.br\/blog\/seu-escritorio-vai-fechar\/\" target=\"_blank\">dificuldades de um escrit\u00f3rio de advocacia<\/a>, ou mesmo de um advogado liberal, com certeza \u00e9 a quest\u00e3o da cobran\u00e7a dos honor\u00e1rios advocat\u00edcios dos clientes inadimplentes.<\/p>\n\n\n\n<p>Assim, diante de um cen\u00e1rio de inadimpl\u00eancia, muitos advogados t\u00eam se questionado em como cobrar os honor\u00e1rios advocat\u00edcios.<\/p>\n\n\n\n<p>Apesar de n\u00e3o ser tarefa simples, existem formas de se efetivar &#8211; ou ao menos tentar &#8211; o pagamento pelos servi\u00e7os prestados. Portanto, ao longo deste artigo traremos diversas informa\u00e7\u00f5es para lhe auxiliar nesse quesito.<\/p>\n\n\n\n<h2 class=\"wp-block-heading\">Como saber se o advogado passou o valor correto?<\/h2>\n\n\n\n<p>Antes de mais nada, para responder essa d\u00favida, \u00e9 preciso que antes compreender o que s\u00e3o os honor\u00e1rios. Honor\u00e1rios, em suma, s\u00e3o a contrapresta\u00e7\u00e3o, ou seja, o pagamento pela presta\u00e7\u00e3o de um servi\u00e7o por um profissional liberal.<\/p>\n\n\n\n<p>Assim, os honor\u00e1rios advocat\u00edcios podem ser compreendidos como valores recebidos pelos advogados ao desempenharem as atividades para os quais foram contratados.<\/p>\n\n\n\n<p>Dessa forma, os tipos de honor\u00e1rios advocat\u00edcios, segundo o Estatuto da OAB, em seu art. 22, s\u00e3o tr\u00eas:<\/p>\n\n\n\n<ul class=\"wp-block-list has-small-font-size\">\n<li><strong>Honor\u00e1rios convencionais<\/strong>: s\u00e3o os valores pactuados previamente entre cliente e advogado. Nessa modalidade, o pagamento deve ser feito independente do resultado da a\u00e7\u00e3o;<\/li>\n\n\n\n<li><strong>Honor\u00e1rios arbitrados<\/strong>: quando n\u00e3o h\u00e1 um acordo pr\u00e9vio entre o cliente e o advogado, caber\u00e1 ao Juiz arbitrar os valores dos honor\u00e1rios;<\/li>\n\n\n\n<li><strong>Honor\u00e1rios sucumbenciais<\/strong>: tamb\u00e9m s\u00e3o arbitrados pelo Juiz, mas referem-se aos valores devidos pela parte perdedora de um processo ao advogado da parte vencedora.<\/li>\n<\/ul>\n\n\n\n<h2 class=\"wp-block-heading\">\u00c9 correto o advogado cobrar 30%?<\/h2>\n\n\n\n<p>A fim de balizar e orientar os advogados, cada unidade da federa\u00e7\u00e3o possui uma tabela de honor\u00e1rios.<\/p>\n\n\n\n<p>A referida tabela n\u00e3o \u00e9 de uso compuls\u00f3rio, mas serve como um piso sugerido para evitar que, individualmente, cada advogado acabe por desvalorizar o trabalho realizado por toda a classe.<\/p>\n\n\n\n<p>Nesse sentido, \u00e9 importante lembrar o contido no art. 38 do C\u00f3digo de \u00c9tica da OAB, que disp\u00f5e que a celebra\u00e7\u00e3o de conv\u00eanios a fim de prestar servi\u00e7os jur\u00eddicos com a redu\u00e7\u00e3o dos valores estabelecidos na tabela caracteriza capta\u00e7\u00e3o de clientes ou causa, o que \u00e9 absolutamente vedado conforme o art. 7\u00ba do C\u00f3digo em quest\u00e3o.<\/p>\n\n\n\n<figure class=\"wp-block-image size-full\"><img fetchpriority=\"high\" decoding=\"async\" width=\"1024\" height=\"576\" src=\"https:\/\/advbox.com.br\/blog\/wp-content\/uploads\/2026\/01\/Tipos-de-honorarios_.jpg\" alt=\"Imagem explicativa sobre os tipos de honor\u00e1rios advocat\u00edcios, apresentando honor\u00e1rios convencionais, honor\u00e1rios arbitrados e honor\u00e1rios sucumbenciais, com defini\u00e7\u00e3o de cada modalidade na rela\u00e7\u00e3o entre advogado, cliente e parte vencida\" class=\"wp-image-81387\" srcset=\"https:\/\/advbox.com.br\/blog\/wp-content\/uploads\/2026\/01\/Tipos-de-honorarios_.jpg 1024w, https:\/\/advbox.com.br\/blog\/wp-content\/uploads\/2026\/01\/Tipos-de-honorarios_-500x281.jpg 500w, https:\/\/advbox.com.br\/blog\/wp-content\/uploads\/2026\/01\/Tipos-de-honorarios_-768x432.jpg 768w, https:\/\/advbox.com.br\/blog\/wp-content\/uploads\/2026\/01\/Tipos-de-honorarios_-150x84.jpg 150w\" sizes=\"(max-width: 1024px) 100vw, 1024px\" \/><\/figure>\n\n\n\n<h2 class=\"wp-block-heading\">\u00c9 normal advogado cobrar 50%?<\/h2>\n\n\n\n<p>No caso dos honor\u00e1rios sucumbenciais, houve uma inova\u00e7\u00e3o trazida pelo novo C\u00f3digo de Processo Civil. Assim, caber\u00e1 ao magistrado arbitrar a base de c\u00e1lculo e o percentual aplic\u00e1vel.&nbsp; Os percentuais variam de 10% a 20% sobre o valor da condena\u00e7\u00e3o ou proveito econ\u00f4mico, conforme art. 85, \u00a72\u00ba do CPC.<\/p>\n\n\n\n<p>Ademais, o C\u00f3digo de \u00c9tica prev\u00ea ainda, em seu art. 38, que em caso de ganho sobre \u00eaxito, o valor dos <strong>honor\u00e1rios advocat\u00edcios<\/strong>, somados os <strong>contratuais<\/strong> e os <strong>sucumbenciais<\/strong>, n\u00e3o poder\u00e1 ser superior ao do cliente, ou seja, os valores n\u00e3o podem superar <strong>50%<\/strong> dos valores da causa ganha. Contudo, na pr\u00e1tica, o percentual costuma ter o limite de <strong>30% <\/strong>sobre o valor da causa.<\/p>\n\n\n\n<h2 class=\"wp-block-heading\">Qual o valor m\u00e1ximo que um advogado pode cobrar?<\/h2>\n\n\n\n<p>Acima de tudo, isso depende muito do tipo de contrato de honor\u00e1rios estabelecido entre o advogado e o cliente. Confira os honor\u00e1rios advocat\u00edcios que podem ser negociados atrav\u00e9s de diversos tipos de contrato:<\/p>\n\n\n\n<ul class=\"wp-block-list has-small-font-size\">\n<li><strong>Contrato de risco <em>ad exitum<\/em><\/strong>: nessa modalidade o cliente apenas pagar\u00e1 pelos servi\u00e7os advocat\u00edcios ao final do processo e em caso de \u00eaxito;<\/li>\n\n\n\n<li><strong>Contrato de partido<\/strong>: conhecido por Advocacia de Partido, o cliente paga uma esp\u00e9cie de mensalidade por um servi\u00e7o de assessoria jur\u00eddica peri\u00f3dica;<\/li>\n\n\n\n<li><strong>Contrato com pagamento fixo<\/strong>: tamb\u00e9m chamado de Honor\u00e1rios Contratuais Pro Labore, onde o cliente paga ao advogado um valor fixo pela presta\u00e7\u00e3o do servi\u00e7o contratado;<\/li>\n\n\n\n<li><strong>Contrato por ato processual<\/strong>: nessa modalidade o cliente paga ao advogado por cada ato processual separadamente;<\/li>\n\n\n\n<li><strong>Contrato por hora t\u00e9cnica<\/strong>: o cliente paga o advogado conforme as horas despendidas para a executar o servi\u00e7o contratado;<\/li>\n\n\n\n<li><strong>Pactua\u00e7\u00e3o mista de honor\u00e1rios<\/strong>: ocorre quando o cliente paga ao advogado por mais de uma forma de contrata\u00e7\u00e3o, combinando dois ou mais contratos.<\/li>\n<\/ul>\n\n\n\n<h2 class=\"wp-block-heading\">Tem que pagar o advogado antes ou depois?<\/h2>\n\n\n\n<p>Nos casos dos honor\u00e1rios <strong>sucumbenciais<\/strong>, o prazo para pagamento \u00e9 o previsto no art. 523 do CPC, vejamos:<\/p>\n\n\n\n<p class=\"has-text-align-center\"><em>Art. 523. No caso de condena\u00e7\u00e3o em quantia certa, ou j\u00e1 fixada em liquida\u00e7\u00e3o, e no caso de decis\u00e3o sobre parcela incontroversa, o cumprimento definitivo da senten\u00e7a far-se-\u00e1 a requerimento do exequente, sendo o executado intimado para pagar o d\u00e9bito, no prazo de 15 (quinze) dias, acrescido de custas, se houver.<\/em><\/p>\n\n\n\n<p>Em contrapartida, se os honor\u00e1rios forem <strong>arbitrados <\/strong>pelo juiz, aplica-se o disposto no Estatuto da OAB, que prev\u00ea em seu art. 22, \u00a7\u00a7 2\u00ba e 3\u00ba:<\/p>\n\n\n\n<p class=\"has-text-align-center\"><em>2\u00ba. &#8220;Na falta de estipula\u00e7\u00e3o ou de acordo, os honor\u00e1rios s\u00e3o fixados por arbitramento judicial, em remunera\u00e7\u00e3o compat\u00edvel com o trabalho e o valor econ\u00f4mico da quest\u00e3o, n\u00e3o podendo ser inferiores aos estabelecidos na tabela organizada pelo Conselho Seccional da OAB.&#8221;<\/em><\/p>\n\n\n\n<p class=\"has-text-align-center\"><em>3\u00ba. &#8220;Salvo estipula\u00e7\u00e3o em contr\u00e1rio, um ter\u00e7o dos honor\u00e1rios \u00e9 devido no in\u00edcio do servi\u00e7o, outro ter\u00e7o at\u00e9 a decis\u00e3o de primeira inst\u00e2ncia e o restante no final.&#8221;<\/em><\/p>\n\n\n\n<p>Por fim, no caso dos honor\u00e1rios serem <strong>contratuais <\/strong>vigorar\u00e1 a regra do <em>pacta sunt servanda<\/em>. Ou seja, as regras do que ser\u00e1 prestado e quando os honor\u00e1rios dever\u00e3o ser pagos, devem estar minuciosamente previstas no contrato.<\/p>\n\n\n\n<h2 class=\"wp-block-heading\">Qual o valor m\u00ednimo que um advogado pode cobrar?<\/h2>\n\n\n\n<p>Diversos fatores influenciam nessa quest\u00e3o e todos eles precisam ser analisados com calma. A seguir iremos compreender como funciona o pagamento caso o cliente desista do processo.<\/p>\n\n\n\n<p>Nos contratos de risco <em>ad exitum, <\/em>como mencionamos anteriormente, a parte apenas pagar\u00e1 honor\u00e1rios ao advogado no caso de sucesso do lit\u00edgio ou demanda.<\/p>\n\n\n\n<p>Portanto, nesses casos, o que acontece se o cliente desistir no meio do processo?<\/p>\n\n\n\n<p>Entretanto, nesse sentido, o <strong>STJ <\/strong>j\u00e1 julgou (<strong>REsp 1.724.441<\/strong>) no sentido de que&nbsp; a rescis\u00e3o unilateral e injustificada do contrato de risco pelo cliente configura abuso do direito.<\/p>\n\n\n\n<p>Assim, ainda que no contrato houvesse apenas a previs\u00e3o de pagamento em caso de \u00eaxito ao final do processo, a rescis\u00e3o unilateral pelo cliente modificou a rela\u00e7\u00e3o contratual, portanto o <strong>pagamento seria devido aos advogados<\/strong>.<\/p>\n\n\n\n<h2 class=\"wp-block-heading\">Como o advogado deve cobrar o cliente?<\/h2>\n\n\n\n<p>Prever uma inadimpl\u00eancia, obviamente, nem sempre \u00e9 poss\u00edvel, haja vista que s\u00e3o in\u00fameros fatores que levam um cliente a deixar de honrar seus d\u00e9bitos.<\/p>\n\n\n\n<p>Mas quando um advogado pretende prestar um servi\u00e7o a um cliente novo, ou at\u00e9 mesmo a um cliente que j\u00e1 tenha tido algum contato inicial, \u00e9 importante tomar algumas <strong>precau\u00e7\u00f5es<\/strong>:<\/p>\n\n\n\n<ul class=\"wp-block-list has-small-font-size\">\n<li>Elaborar um contrato escrito;<\/li>\n\n\n\n<li>Verificar a situa\u00e7\u00e3o do cliente quanto a sua adimpl\u00eancia no mercado em geral (SPC, Serasa);<\/li>\n\n\n\n<li>Fazer uma entrevista mais completa e cuidadosa com o cliente para verificar se ele poder\u00e1 arcar com os honor\u00e1rios;<\/li>\n\n\n\n<li>Oferecer formas alternativas de pagamento;<\/li>\n\n\n\n<li>Manter contato constante com seu cliente.<\/li>\n<\/ul>\n\n\n\n<p>Entenda que as dicas acima n\u00e3o garantir\u00e3o uma completa adimpl\u00eancia dos clientes, mas ao menos, poder\u00e3o diminuir de forma significativa o n\u00famero de maus pagadores.<\/p>\n\n\n\n<h2 class=\"wp-block-heading\">Como lidar com a inadimpl\u00eancia de clientes?<\/h2>\n\n\n\n<p>E diante desses maus pagadores, o que fazer? Como cobrar os honor\u00e1rios advocat\u00edcios deles?<\/p>\n\n\n\n<figure class=\"wp-block-embed is-type-video is-provider-youtube wp-block-embed-youtube wp-embed-aspect-16-9 wp-has-aspect-ratio\"><div class=\"wp-block-embed__wrapper\">\n<iframe title=\"CRM Integrado ao Software Juridico\" width=\"750\" height=\"422\" src=\"https:\/\/www.youtube.com\/embed\/ThoCDhnkJ80?feature=oembed\" frameborder=\"0\" allow=\"accelerometer; autoplay; clipboard-write; encrypted-media; gyroscope; picture-in-picture; web-share\" referrerpolicy=\"strict-origin-when-cross-origin\" allowfullscreen loading=\"lazy\"><\/iframe>\n<\/div><\/figure>\n\n\n\n<h2 class=\"wp-block-heading\">O que acontece se n\u00e3o pagar honor\u00e1rios?<\/h2>\n\n\n\n<p>Diante disso algumas medidas podem ser utilizadas, vejamos:<\/p>\n\n\n\n<p>Inicialmente, h\u00e1 a possibilidade de se tentar uma <strong>cobran\u00e7a extrajudicial <\/strong>do d\u00e9bito. Para tanto pode-se optar pelas seguintes a\u00e7\u00f5es, separada ou cumulativamente:<\/p>\n\n\n\n<ul class=\"wp-block-list has-small-font-size\">\n<li>Liga\u00e7\u00e3o telef\u00f4nica ou envio de mensagem para o cliente lembrando da d\u00edvida, geralmente quando o atraso n\u00e3o \u00e9 muito grande;<\/li>\n\n\n\n<li>Envio de uma carta de cobran\u00e7a ao cliente e\/ou boleto;<\/li>\n\n\n\n<li>Protesto;<\/li>\n\n\n\n<li>Ingresso de a\u00e7\u00e3o judicial de cobran\u00e7a c\u00edvel (prescri\u00e7\u00e3o de 3 anos).<\/li>\n<\/ul>\n\n\n\n<p>Se uma tentativa de cobran\u00e7a administrativa n\u00e3o surtir efeito, poder\u00e1 o advogado optar pelo <strong>protesto do contrato de honor\u00e1rios<\/strong>. O protesto \u00e9 ato que prova e d\u00e1 publicidade \u00e0 inadimpl\u00eancia do cliente.<\/p>\n\n\n\n<p>Al\u00e9m disso, o protesto demonstra extrajudicialmente a inten\u00e7\u00e3o do advogado em receber seus honor\u00e1rios advocat\u00edcios.<\/p>\n\n\n\n<p>Caso se trate de <strong>honor\u00e1rios sucumbenciais ou arbitrados<\/strong>, o CPC, em seu art. 517,&nbsp; trouxe a possibilidade de <strong>protesto da decis\u00e3o judicial<\/strong> transitada em julgado, em caso do devedor n\u00e3o efetuar o pagamento volunt\u00e1rio no prazo previsto no art. 523 do CPC.<\/p>\n\n\n\n<p>Entretanto, se o protesto ainda n\u00e3o resolver, existe a possibilidade de <strong>inscrever o devedor no SPC e Serasa<\/strong>. No entanto, para isso o advogado dever\u00e1 solicitar autoriza\u00e7\u00e3o judicial.<\/p>\n\n\n\n<p>Portanto, existem algumas formas de como cobrar os honor\u00e1rios advocat\u00edcios. O ideal \u00e9 sempre tentar partir do di\u00e1logo com o cliente. Se poss\u00edvel renegociar os d\u00e9bitos e chegar a um acordo. Se n\u00e3o for poss\u00edvel, as outras medidas devem ser tomadas!<\/p>\n\n\n\n<p>Com a ADVBOX, dados financeiros s\u00e3o organizados e analisados dentro de uma <strong>estrutura de Business Intelligence jur\u00eddico<\/strong>, oferecendo visibilidade real para decis\u00f5es mais seguras e estrat\u00e9gicas.<\/p>\n\n\n\n<figure class=\"wp-block-image size-full\"><a href=\"https:\/\/advbox.com.br\/cadastro\" target=\"_blank\"><img decoding=\"async\" width=\"1024\" height=\"270\" src=\"https:\/\/advbox.com.br\/blog\/wp-content\/uploads\/2025\/12\/CTA-REBRANDING-30.webp\" alt=\"Banner com imagem ilustrativa de Business Intelligence aplicado \u00e0 advocacia, exibindo indicadores de desempenho e controle financeiro para an\u00e1lise de resultados e tomada de decis\u00e3o estrat\u00e9gica em escrit\u00f3rios de advocacia\" class=\"wp-image-79769\" srcset=\"https:\/\/advbox.com.br\/blog\/wp-content\/uploads\/2025\/12\/CTA-REBRANDING-30.webp 1024w, https:\/\/advbox.com.br\/blog\/wp-content\/uploads\/2025\/12\/CTA-REBRANDING-30-500x132.webp 500w, https:\/\/advbox.com.br\/blog\/wp-content\/uploads\/2025\/12\/CTA-REBRANDING-30-768x203.webp 768w, https:\/\/advbox.com.br\/blog\/wp-content\/uploads\/2025\/12\/CTA-REBRANDING-30-150x40.webp 150w\" sizes=\"(max-width: 1024px) 100vw, 1024px\" loading=\"lazy\" \/><\/a><\/figure>\n\n\n\n<p><\/p>\n","protected":false},"excerpt":{"rendered":"<p>Aprenda as regras espec\u00edficas para cobrar honor\u00e1rios advocat\u00edcios. Nesta publica\u00e7\u00e3o voc\u00ea vai ler: Como se d\u00e1 o pagamento dos honor\u00e1rios advocat\u00edcios? Uma das maiores dificuldades de um escrit\u00f3rio de advocacia, ou mesmo de um advogado liberal, com certeza \u00e9 a quest\u00e3o da cobran\u00e7a dos honor\u00e1rios advocat\u00edcios dos clientes inadimplentes. Assim, [&hellip;]<\/p>\n","protected":false},"author":2,"featured_media":79776,"parent":0,"menu_order":0,"comment_status":"open","ping_status":"closed","template":"","meta":{"_acf_changed":false,"om_disable_all_campaigns":false,"footnotes":""},"class_list":["post-10922","page","type-page","status-publish","has-post-thumbnail","hentry"],"acf":[],"yoast_head":"<!-- This site is optimized with the Yoast SEO plugin v26.9 - https:\/\/yoast.com\/product\/yoast-seo-wordpress\/ -->\n<title>Como cobrar honor\u00e1rios advocat\u00edcios?<\/title>\n<meta name=\"description\" content=\"Como cobrar honor\u00e1rios advocat\u00edcios \u00e9 uma das maiores dificuldades dos profissionais jur\u00eddico. Aprenda como fazer!\" \/>\n<meta name=\"robots\" content=\"index, follow, max-snippet:-1, max-image-preview:large, max-video-preview:-1\" \/>\n<link rel=\"canonical\" href=\"https:\/\/advbox.com.br\/blog\/como-cobrar-honorarios-advocaticios\/\" \/>\n<meta property=\"og:locale\" content=\"pt_BR\" \/>\n<meta property=\"og:type\" content=\"article\" \/>\n<meta property=\"og:title\" content=\"Como cobrar honor\u00e1rios advocat\u00edcios?\" \/>\n<meta property=\"og:description\" content=\"Como cobrar honor\u00e1rios advocat\u00edcios \u00e9 uma das maiores dificuldades dos profissionais jur\u00eddico. Aprenda como fazer!\" \/>\n<meta property=\"og:url\" content=\"https:\/\/advbox.com.br\/blog\/como-cobrar-honorarios-advocaticios\/\" \/>\n<meta property=\"og:site_name\" content=\"Software Jur\u00eddico Completo - ADVBOX\" \/>\n<meta property=\"article:publisher\" content=\"https:\/\/www.facebook.com\/advbox\/\" \/>\n<meta property=\"article:modified_time\" content=\"2026-01-16T13:54:50+00:00\" \/>\n<meta property=\"og:image\" content=\"https:\/\/advbox.com.br\/blog\/wp-content\/uploads\/2025\/12\/sobrestamento-1.jpg\" \/>\n\t<meta property=\"og:image:width\" content=\"1024\" \/>\n\t<meta property=\"og:image:height\" content=\"576\" \/>\n\t<meta property=\"og:image:type\" content=\"image\/jpeg\" \/>\n<meta name=\"twitter:card\" content=\"summary_large_image\" \/>\n<meta name=\"twitter:site\" content=\"@advbox2\" \/>\n<script type=\"application\/ld+json\" class=\"yoast-schema-graph\">{\"@context\":\"https:\/\/schema.org\",\"@graph\":[{\"@type\":\"WebPage\",\"@id\":\"https:\/\/advbox.com.br\/blog\/como-cobrar-honorarios-advocaticios\/\",\"url\":\"https:\/\/advbox.com.br\/blog\/como-cobrar-honorarios-advocaticios\/\",\"name\":\"Como cobrar honor\u00e1rios advocat\u00edcios?\",\"isPartOf\":{\"@id\":\"https:\/\/advbox.com.br\/blog\/#website\"},\"primaryImageOfPage\":{\"@id\":\"https:\/\/advbox.com.br\/blog\/como-cobrar-honorarios-advocaticios\/#primaryimage\"},\"image\":{\"@id\":\"https:\/\/advbox.com.br\/blog\/como-cobrar-honorarios-advocaticios\/#primaryimage\"},\"thumbnailUrl\":\"https:\/\/advbox.com.br\/blog\/wp-content\/uploads\/2025\/12\/sobrestamento-1.jpg\",\"datePublished\":\"2022-11-30T14:21:00+00:00\",\"dateModified\":\"2026-01-16T13:54:50+00:00\",\"description\":\"Como cobrar honor\u00e1rios advocat\u00edcios \u00e9 uma das maiores dificuldades dos profissionais jur\u00eddico. Aprenda como fazer!\",\"breadcrumb\":{\"@id\":\"https:\/\/advbox.com.br\/blog\/como-cobrar-honorarios-advocaticios\/#breadcrumb\"},\"inLanguage\":\"pt-BR\",\"potentialAction\":[{\"@type\":\"ReadAction\",\"target\":[\"https:\/\/advbox.com.br\/blog\/como-cobrar-honorarios-advocaticios\/\"]}]},{\"@type\":\"ImageObject\",\"inLanguage\":\"pt-BR\",\"@id\":\"https:\/\/advbox.com.br\/blog\/como-cobrar-honorarios-advocaticios\/#primaryimage\",\"url\":\"https:\/\/advbox.com.br\/blog\/wp-content\/uploads\/2025\/12\/sobrestamento-1.jpg\",\"contentUrl\":\"https:\/\/advbox.com.br\/blog\/wp-content\/uploads\/2025\/12\/sobrestamento-1.jpg\",\"width\":1024,\"height\":576,\"caption\":\"Banner institucional da ADVBOX com elemento visual abstrato em tons de azul, representando estrutura, tecnologia e identidade visual da marca\"},{\"@type\":\"BreadcrumbList\",\"@id\":\"https:\/\/advbox.com.br\/blog\/como-cobrar-honorarios-advocaticios\/#breadcrumb\",\"itemListElement\":[{\"@type\":\"ListItem\",\"position\":1,\"name\":\"In\u00edcio\",\"item\":\"https:\/\/advbox.com.br\/blog\/\"},{\"@type\":\"ListItem\",\"position\":2,\"name\":\"Como cobrar os honor\u00e1rios advocat\u00edcios?\"}]},{\"@type\":\"WebSite\",\"@id\":\"https:\/\/advbox.com.br\/blog\/#website\",\"url\":\"https:\/\/advbox.com.br\/blog\/\",\"name\":\"Software Jur\u00eddico Completo - ADVBOX\",\"description\":\"Plataforma para Advocacia Digital\",\"publisher\":{\"@id\":\"https:\/\/advbox.com.br\/blog\/#organization\"},\"potentialAction\":[{\"@type\":\"SearchAction\",\"target\":{\"@type\":\"EntryPoint\",\"urlTemplate\":\"https:\/\/advbox.com.br\/blog\/?s={search_term_string}\"},\"query-input\":{\"@type\":\"PropertyValueSpecification\",\"valueRequired\":true,\"valueName\":\"search_term_string\"}}],\"inLanguage\":\"pt-BR\"},{\"@type\":\"Organization\",\"@id\":\"https:\/\/advbox.com.br\/blog\/#organization\",\"name\":\"ADVBOX Blog - Software jur\u00eddico da advocacia digital\",\"url\":\"https:\/\/advbox.com.br\/blog\/\",\"logo\":{\"@type\":\"ImageObject\",\"inLanguage\":\"pt-BR\",\"@id\":\"https:\/\/advbox.com.br\/blog\/#\/schema\/logo\/image\/\",\"url\":\"https:\/\/advbox.com.br\/blog\/wp-content\/uploads\/2019\/12\/Como-aumentar-a-produtividade_.jpg\",\"contentUrl\":\"https:\/\/advbox.com.br\/blog\/wp-content\/uploads\/2019\/12\/Como-aumentar-a-produtividade_.jpg\",\"width\":320,\"height\":213,\"caption\":\"ADVBOX Blog - Software jur\u00eddico da advocacia digital\"},\"image\":{\"@id\":\"https:\/\/advbox.com.br\/blog\/#\/schema\/logo\/image\/\"},\"sameAs\":[\"https:\/\/www.facebook.com\/advbox\/\",\"https:\/\/x.com\/advbox2\"]}]}<\/script>\n<!-- \/ Yoast SEO plugin. -->","yoast_head_json":{"title":"Como cobrar honor\u00e1rios advocat\u00edcios?","description":"Como cobrar honor\u00e1rios advocat\u00edcios \u00e9 uma das maiores dificuldades dos profissionais jur\u00eddico. Aprenda como fazer!","robots":{"index":"index","follow":"follow","max-snippet":"max-snippet:-1","max-image-preview":"max-image-preview:large","max-video-preview":"max-video-preview:-1"},"canonical":"https:\/\/advbox.com.br\/blog\/como-cobrar-honorarios-advocaticios\/","og_locale":"pt_BR","og_type":"article","og_title":"Como cobrar honor\u00e1rios advocat\u00edcios?","og_description":"Como cobrar honor\u00e1rios advocat\u00edcios \u00e9 uma das maiores dificuldades dos profissionais jur\u00eddico. Aprenda como fazer!","og_url":"https:\/\/advbox.com.br\/blog\/como-cobrar-honorarios-advocaticios\/","og_site_name":"Software Jur\u00eddico Completo - ADVBOX","article_publisher":"https:\/\/www.facebook.com\/advbox\/","article_modified_time":"2026-01-16T13:54:50+00:00","og_image":[{"width":1024,"height":576,"url":"https:\/\/advbox.com.br\/blog\/wp-content\/uploads\/2025\/12\/sobrestamento-1.jpg","type":"image\/jpeg"}],"twitter_card":"summary_large_image","twitter_site":"@advbox2","schema":{"@context":"https:\/\/schema.org","@graph":[{"@type":"WebPage","@id":"https:\/\/advbox.com.br\/blog\/como-cobrar-honorarios-advocaticios\/","url":"https:\/\/advbox.com.br\/blog\/como-cobrar-honorarios-advocaticios\/","name":"Como cobrar honor\u00e1rios advocat\u00edcios?","isPartOf":{"@id":"https:\/\/advbox.com.br\/blog\/#website"},"primaryImageOfPage":{"@id":"https:\/\/advbox.com.br\/blog\/como-cobrar-honorarios-advocaticios\/#primaryimage"},"image":{"@id":"https:\/\/advbox.com.br\/blog\/como-cobrar-honorarios-advocaticios\/#primaryimage"},"thumbnailUrl":"https:\/\/advbox.com.br\/blog\/wp-content\/uploads\/2025\/12\/sobrestamento-1.jpg","datePublished":"2022-11-30T14:21:00+00:00","dateModified":"2026-01-16T13:54:50+00:00","description":"Como cobrar honor\u00e1rios advocat\u00edcios \u00e9 uma das maiores dificuldades dos profissionais jur\u00eddico. Aprenda como fazer!","breadcrumb":{"@id":"https:\/\/advbox.com.br\/blog\/como-cobrar-honorarios-advocaticios\/#breadcrumb"},"inLanguage":"pt-BR","potentialAction":[{"@type":"ReadAction","target":["https:\/\/advbox.com.br\/blog\/como-cobrar-honorarios-advocaticios\/"]}]},{"@type":"ImageObject","inLanguage":"pt-BR","@id":"https:\/\/advbox.com.br\/blog\/como-cobrar-honorarios-advocaticios\/#primaryimage","url":"https:\/\/advbox.com.br\/blog\/wp-content\/uploads\/2025\/12\/sobrestamento-1.jpg","contentUrl":"https:\/\/advbox.com.br\/blog\/wp-content\/uploads\/2025\/12\/sobrestamento-1.jpg","width":1024,"height":576,"caption":"Banner institucional da ADVBOX com elemento visual abstrato em tons de azul, representando estrutura, tecnologia e identidade visual da marca"},{"@type":"BreadcrumbList","@id":"https:\/\/advbox.com.br\/blog\/como-cobrar-honorarios-advocaticios\/#breadcrumb","itemListElement":[{"@type":"ListItem","position":1,"name":"In\u00edcio","item":"https:\/\/advbox.com.br\/blog\/"},{"@type":"ListItem","position":2,"name":"Como cobrar os honor\u00e1rios advocat\u00edcios?"}]},{"@type":"WebSite","@id":"https:\/\/advbox.com.br\/blog\/#website","url":"https:\/\/advbox.com.br\/blog\/","name":"Software Jur\u00eddico Completo - ADVBOX","description":"Plataforma para Advocacia Digital","publisher":{"@id":"https:\/\/advbox.com.br\/blog\/#organization"},"potentialAction":[{"@type":"SearchAction","target":{"@type":"EntryPoint","urlTemplate":"https:\/\/advbox.com.br\/blog\/?s={search_term_string}"},"query-input":{"@type":"PropertyValueSpecification","valueRequired":true,"valueName":"search_term_string"}}],"inLanguage":"pt-BR"},{"@type":"Organization","@id":"https:\/\/advbox.com.br\/blog\/#organization","name":"ADVBOX Blog - Software jur\u00eddico da advocacia digital","url":"https:\/\/advbox.com.br\/blog\/","logo":{"@type":"ImageObject","inLanguage":"pt-BR","@id":"https:\/\/advbox.com.br\/blog\/#\/schema\/logo\/image\/","url":"https:\/\/advbox.com.br\/blog\/wp-content\/uploads\/2019\/12\/Como-aumentar-a-produtividade_.jpg","contentUrl":"https:\/\/advbox.com.br\/blog\/wp-content\/uploads\/2019\/12\/Como-aumentar-a-produtividade_.jpg","width":320,"height":213,"caption":"ADVBOX Blog - Software jur\u00eddico da advocacia digital"},"image":{"@id":"https:\/\/advbox.com.br\/blog\/#\/schema\/logo\/image\/"},"sameAs":["https:\/\/www.facebook.com\/advbox\/","https:\/\/x.com\/advbox2"]}]}},"_links":{"self":[{"href":"https:\/\/advbox.com.br\/blog\/wp-json\/wp\/v2\/pages\/10922","targetHints":{"allow":["GET"]}}],"collection":[{"href":"https:\/\/advbox.com.br\/blog\/wp-json\/wp\/v2\/pages"}],"about":[{"href":"https:\/\/advbox.com.br\/blog\/wp-json\/wp\/v2\/types\/page"}],"author":[{"embeddable":true,"href":"https:\/\/advbox.com.br\/blog\/wp-json\/wp\/v2\/users\/2"}],"replies":[{"embeddable":true,"href":"https:\/\/advbox.com.br\/blog\/wp-json\/wp\/v2\/comments?post=10922"}],"version-history":[{"count":19,"href":"https:\/\/advbox.com.br\/blog\/wp-json\/wp\/v2\/pages\/10922\/revisions"}],"predecessor-version":[{"id":81388,"href":"https:\/\/advbox.com.br\/blog\/wp-json\/wp\/v2\/pages\/10922\/revisions\/81388"}],"wp:featuredmedia":[{"embeddable":true,"href":"https:\/\/advbox.com.br\/blog\/wp-json\/wp\/v2\/media\/79776"}],"wp:attachment":[{"href":"https:\/\/advbox.com.br\/blog\/wp-json\/wp\/v2\/media?parent=10922"}],"curies":[{"name":"wp","href":"https:\/\/api.w.org\/{rel}","templated":true}]}}