{"id":11374,"date":"2019-05-08T17:14:48","date_gmt":"2019-05-08T20:14:48","guid":{"rendered":"https:\/\/advbox.com.br\/blog\/?page_id=11374"},"modified":"2025-11-11T13:23:30","modified_gmt":"2025-11-11T16:23:30","slug":"recurso-de-apelacao-qual-importancia-como-realizar","status":"publish","type":"page","link":"https:\/\/advbox.com.br\/blog\/recurso-de-apelacao-qual-importancia-como-realizar\/","title":{"rendered":"Recurso de Apela\u00e7\u00e3o: import\u00e2ncia e procedimento passo a passo"},"content":{"rendered":"<p>Para esclarecer todas as d\u00favidas sobre o recurso de apela\u00e7\u00e3o precisamos conhecer seus detalhes dentro de uma demanda processual. A principal finalidade de um recurso \u00e9 solicitar o reexame de uma decis\u00e3o para reforma-la, invalid\u00e1-la, esclarece-la ou integr\u00e1-la. Esse pedido deve ser encaminhado para o tribunal, que avaliar\u00e1 a quest\u00e3o, obedecendo ao princ\u00edpio do duplo grau de jurisdi\u00e7\u00e3o.<\/p>\n<p>Para os advogados o recurso \u00e9 um dos principais instrumentos para reverter uma decis\u00e3o contr\u00e1ria aos objetivos do cliente. \u00c9 atrav\u00e9s da apela\u00e7\u00e3o, caracterizado por ser um recurso ordin\u00e1rio cab\u00edvel contra as senten\u00e7as proferidas em primeira inst\u00e2ncia, isto \u00e9, em primeiro grau de jurisdi\u00e7\u00e3o que uma resposta negativa pode ser revertida.<\/p>\n<p>Portanto, suas caracter\u00edsticas, especialmente ap\u00f3s altera\u00e7\u00f5es inseridas pelo Novo C\u00f3digo de Processo Civil devem ser estudadas.<\/p>\n<h2>Como e quando elaborar um recurso de apela\u00e7\u00e3o<\/h2>\n<p>Como j\u00e1 foi esclarecido a apela\u00e7\u00e3o \u00e9 o recurso cab\u00edvel contra senten\u00e7a proferida por juiz de primeiro grau, objetivando a sua reforma (v\u00edcios de ju\u00edzo \u2013 errores in judicando) ou ainda a invalida\u00e7\u00e3o (v\u00edcios de atividade \u2013 errores in procedendo). O recurso de apela\u00e7\u00e3o pode ser considerado como o mais significativo expediente recursal do duplo grau de jurisdi\u00e7\u00e3o.<\/p>\n<p>O recurso de apela\u00e7\u00e3o tem devolutividade ampla, sendo de quinze (15) dias \u00fateis o prazo para a sua interposi\u00e7\u00e3o. Prazo previsto no artigo 219, \u2018caput\u2019, c\/c o artigo 1.003, par\u00e1grafo 5\u00ba do Novo CPC.<\/p>\n<p>A peti\u00e7\u00e3o do recurso dever\u00e1 ser protocolada em cart\u00f3rio ou conforme as normas de organiza\u00e7\u00e3o judici\u00e1ria, ressalvado o disposto em regra especial, conforme o artigo 1.003, par\u00e1grafo 3\u00ba do Novo C\u00f3digo.<\/p>\n<p>O recurso de apela\u00e7\u00e3o \u00e9 cab\u00edvel, via de regra, contra a senten\u00e7a. A exce\u00e7\u00e3o que merece maior aten\u00e7\u00e3o \u00e9 referente \u00e0 senten\u00e7a parcial de m\u00e9rito (julgamento antecipado parcial do m\u00e9rito). Sendo que nesse caso a senten\u00e7a ser\u00e1 impugnada mediante recurso de agravo de instrumento.<\/p>\n<p><a href=\"https:\/\/advbox.com.br\/blog\/como-automatizar-seus-modelos-de-peticoes\/\" target=\"_blank\"><em><strong>J\u00e1 ouviu falar no recurso de automatiza\u00e7\u00e3o de modelos de peti\u00e7\u00e3o da plataforma ADVBOX? Com ela voc\u00ea n\u00e3o precisa mais perder tempo atualizando sua biblioteca de modelo de pe\u00e7as processuais, pois a plataforma faz isso automaticamente.<\/strong><\/em><\/a><\/p>\n<h2>Recurso de Apela\u00e7\u00e3o no novo CPC : conhe\u00e7a a regra e as principais mudan\u00e7as<\/h2>\n<p>Sobre o tema dos recursos no Novo CPC, trouxe algumas mudan\u00e7as importantes e pr\u00e1ticas. Sendo as principais sobre honor\u00e1rios de sucumb\u00eancia, prazo e ju\u00edzo de admissibilidade.<\/p>\n<p>Atualmente, ser\u00e3o devidos honor\u00e1rios de sucumb\u00eancia tamb\u00e9m na fase dos recursos, conforme disp\u00f5e o Novo CPC. Segundo, o art. 85, \u00a7 11\u00ba, eles ser\u00e3o majorados na medida em que forem julgados recursos interpostos no processo.<\/p>\n<p>Quanto ao prazo, sua contagem ser\u00e1 feita em dias \u00fateis, sendo que o mesmo foi unificado em 15 dias. A contagem poder\u00e1 ficar suspensa no per\u00edodo de recesso forense, entre 20 de dezembro e 20 de janeiro.<\/p>\n<p>N\u00e3o existe mais no Novo CPC, duplo ju\u00edzo de admissibilidade do recurso de apela\u00e7\u00e3o, como havia no \u00a7 1\u00ba do artigo 542 do antigo C\u00f3digo de Processo Civil, que conferia aos tribunais recorridos a compet\u00eancia para proceder \u00e0 \u201cadmiss\u00e3o ou n\u00e3o do recurso\u201d.<\/p>\n<p>Outra mudan\u00e7a importante diz respeito ao recurso adesivo que ser\u00e1 admiss\u00edvel em apenas tr\u00eas esp\u00e9cies recursais. S\u00e3o elas a apela\u00e7\u00e3o, o Recurso extraordin\u00e1rio e Recurso especial.<\/p>\n<p>Por fim, vale mencionar que o Novo CPC simplificou a t\u00e9cnica para o pedido de concess\u00e3o de efeito diferenciado do recurso de apela\u00e7\u00e3o, de modo que basta ao requerente fazer uma peti\u00e7\u00e3o simples dirigida ao Tribunal competente, justificando a raz\u00e3o para a atribui\u00e7\u00e3o do efeito diferenciado.<\/p>\n<h2>Vamos entender os principais passos para um bom recurso de apela\u00e7\u00e3o:<\/h2>\n<p>O advogado n\u00e3o deve esquecer que o juiz n\u00e3o poder\u00e1 julgar de forma diversa daquela requerida pelo autor da a\u00e7\u00e3o na inicial. Nem mesmo conhecer de quest\u00f5es que j\u00e1 n\u00e3o estejam presentes na demanda. Com isso entende-se que \u00e9 necess\u00e1rio a formula\u00e7\u00e3o dos requerimentos que deve ser feita pelo advogado de forma criteriosa.<\/p>\n<p>Nesse momento caber\u00e1 ao jurista contrapor os pedidos iniciais com a senten\u00e7a. Lembrando que a apela\u00e7\u00e3o poder\u00e1 ser parcial ou total e o Tribunal apreciar\u00e1 somente as quest\u00f5es levantadas no recurso.<\/p>\n<p>Para elaborar um bom recurso de apela\u00e7\u00e3o \u00e9 importante que o advogado conhe\u00e7a a teoria dos cap\u00edtulos de senten\u00e7a. Com essa teoria em mente, e tendo o dom\u00ednio dos fatos do processo, torna-se mais f\u00e1cil tra\u00e7ar as bases das estrat\u00e9gias sobre o recurso de apela\u00e7\u00e3o, principalmente, sobre quais pontos recorrer e como faz\u00ea-lo.<\/p>\n<p>O recurso de apela\u00e7\u00e3o ser\u00e1 interposto em 15 dias \u00fateis, contra a senten\u00e7a desfavor\u00e1vel ao recorrente. Divide-se tal recurso em parte de m\u00e9rito e parte preliminar, em que devemos nos atentar a atacar as decis\u00f5es interlocut\u00f3rias que n\u00e3o comportaram agravo de instrumento, para na ocasi\u00e3o do recurso de apela\u00e7\u00e3o se buscar a reforma ou a nulidade da decis\u00e3o interlocut\u00f3ria prejudicial.<\/p>\n<p>Vale lembrar que o recurso de apela\u00e7\u00e3o deve ser preparado, ou seja, recolhidas as devidas custas e comprovado seu recolhimento, sob pena de n\u00e3o conhecimento do recurso de apela\u00e7\u00e3o por deser\u00e7\u00e3o (desrespeito a um dos pressupostos extr\u00ednsecos).<\/p>\n<p>O Recurso de Apela\u00e7\u00e3o \u00e9 dividido em 2 pe\u00e7as, sendo elas de Interposi\u00e7\u00e3o e a de Raz\u00f5es de Apela\u00e7\u00e3o, que funcionam da seguinte maneira:<\/p>\n<h2>Pe\u00e7a de interposi\u00e7\u00e3o<\/h2>\n<p>Compet\u00eancia: Peti\u00e7\u00e3o de interposi\u00e7\u00e3o endere\u00e7ada ao ju\u00edzo de primeira inst\u00e2ncia, que no qual far\u00e1 o ju\u00edzo de admissibilidade do recurso, recebendo-o nos efeitos cab\u00edveis.<\/p>\n<p>Fundamento legal da pe\u00e7a: Art. 513 e seguintes do CPC.<br \/>\nRetrata\u00e7\u00e3o: Requerer retrata\u00e7\u00e3o nos casos dos arts. 296, CPC; 285-A, \u00a71\u00ba, CPC; inciso VII, art. 198, ECA.<br \/>\nEfeitos: Em regra, ser\u00e1 o duplo efeito (devolutivo e suspensivo). Somente ter\u00e1 efeito devolutivo a apela\u00e7\u00e3o que for interposta da senten\u00e7a nos casos mencionados no art. 520 do CPC, e em algumas leis especiais. Ex.: art. 58, V, Lei 8.245\/1991.<br \/>\nIntima\u00e7\u00e3o da parte adversa: Requerer a intima\u00e7\u00e3o da parte adversa, para apresentar contrarraz\u00f5es, se esta j\u00e1 estiver sido citada.<br \/>\nPreparo: Requerer a juntada das guias de custas de preparo.<br \/>\nRecebimento e Remessa: Requerer o recebimento do recurso e a remessa dos autos para inst\u00e2ncia superior.<\/p>\n<h2>Raz\u00f5es de apela\u00e7\u00e3o<\/h2>\n<p>Informa\u00e7\u00f5es: Indica\u00e7\u00e3o do Tribunal Competente;<br \/>\nS\u00edntese do processo: Fazer um resumo de todo o ocorrido e destacar a decis\u00e3o impugnada.<br \/>\nRaz\u00f5es para reforma: Fundamentar as raz\u00f5es pelas quais merecer reforma ou anula\u00e7\u00e3o.<br \/>\nRequerimentos: Preliminarmente, requerer o processamento do agravo retido, se houver; Conhecer e dar provimento para reforma ou anula\u00e7\u00e3o da senten\u00e7a; verificar a possibilidade de aplica\u00e7ao do art. 515, CPC; Invers\u00e3o do \u00f4nus da sucumb\u00eancia com condena\u00e7\u00e3o da parte apelada ao pagamento das custas e honor\u00e1rios advocat\u00edcios, com fulcro no art. 20 do CPC.<\/p>\n<p>O advogado deve preencher todos os requisitos do recurso de apela\u00e7\u00e3o sendo eles os pressupostos recursais intr\u00ednsecos, cabimento, legitimidade recursal, interesse recursal, tempestividade, preparo e regularidade formal.<\/p>\n<p>Para criar uma boa pe\u00e7a de recurso de apela\u00e7\u00e3o \u00e9 necess\u00e1rio conhecer bem o processo e tratar das estrat\u00e9gias utilizadas. Por\u00e9m, atualmente j\u00e1 \u00e9 poss\u00edvel para os profissionais da \u00e1rea a gest\u00e3o do conhecimento, aplicado em escrit\u00f3rios de advocacia e utiliza\u00e7\u00e3o de uma biblioteca de peti\u00e7\u00f5es digital.<\/p>\n<h2>Como criar um modelo automatizado de pe\u00e7as judiciais com o ADVBOX<\/h2>\n<p>O ADVBOX \u00e9 um software de gest\u00e3o para o escrit\u00f3rio digital, onde o advogado pode ter sempre por perto uma <a href=\"https:\/\/advbox.com.br\/blog\/como-automatizar-seus-modelos-de-peticoes\/\" target=\"_blank\">biblioteca de peti\u00e7\u00f5es, que podem ser atualizadas e melhoradas constantemente,<\/a> garantindo um trabalho de excel\u00eancia e dentro dos melhores padr\u00f5es de qualidade.<\/p>\n<p>Al\u00e9m disso, o software ainda colabora com outras \u00e1reas do escrit\u00f3rio, garantindo organiza\u00e7\u00e3o e ganho de tempo, o que na vida de um advogado \u00e9 essencial. Com o uso dessa ferramenta, o jurista pode se dedicar ao que realmente importa que \u00e9 a busca do sucesso de seus clientes, aumento de produtividade, networking e destaque no mercado, que hoje \u00e9 muito concorrido!<\/p>\n<p>Se voc\u00ea ainda n\u00e3o conhece nosso sistema, procure um de nossos colaboradores e descubra o que esse software de gest\u00e3o pode fazer por voc\u00ea!<\/p>\n<p><a href=\"https:\/\/advbox.com.br\/cadastro\/\" target=\"_blank\"><img fetchpriority=\"high\" decoding=\"async\" src=\"https:\/\/advbox.com.br\/blog\/wp-content\/uploads\/2019\/05\/automatize_a_produ%C3%A7%C3%A3o_de_suas_peti%C3%A7%C3%B5es.png\" alt=\"\" width=\"1000\" height=\"276\" class=\"alignnone size-full wp-image-11456\"><\/a><\/p><\/p>\n","protected":false},"excerpt":{"rendered":"<p>Para esclarecer todas as d\u00favidas sobre o recurso de apela\u00e7\u00e3o precisamos conhecer seus detalhes dentro de uma demanda processual. A principal finalidade de um recurso \u00e9 solicitar o reexame de uma decis\u00e3o para reforma-la, invalid\u00e1-la, esclarece-la ou integr\u00e1-la. Esse pedido deve ser encaminhado para o tribunal, que avaliar\u00e1 a quest\u00e3o, [&hellip;]<\/p>\n","protected":false},"author":2,"featured_media":33127,"parent":0,"menu_order":0,"comment_status":"closed","ping_status":"closed","template":"","meta":{"_acf_changed":false,"om_disable_all_campaigns":false,"footnotes":""},"class_list":["post-11374","page","type-page","status-publish","has-post-thumbnail","hentry"],"acf":[],"yoast_head":"<!-- This site is optimized with the Yoast SEO plugin v26.9 - https:\/\/yoast.com\/product\/yoast-seo-wordpress\/ -->\n<title>Recurso de Apela\u00e7\u00e3o: import\u00e2ncia e procedimento passo a passo<\/title>\n<meta name=\"description\" content=\"Aprenda tudo sobre o Recurso de apela\u00e7\u00e3o e deixe suas pe\u00e7as processuais ainda mais completas e eficientes para o seu trabalho.\" \/>\n<meta name=\"robots\" content=\"index, follow, max-snippet:-1, max-image-preview:large, max-video-preview:-1\" \/>\n<link rel=\"canonical\" href=\"https:\/\/advbox.com.br\/blog\/recurso-de-apelacao-qual-importancia-como-realizar\/\" \/>\n<meta property=\"og:locale\" content=\"pt_BR\" \/>\n<meta property=\"og:type\" content=\"article\" \/>\n<meta property=\"og:title\" content=\"Recurso de Apela\u00e7\u00e3o: import\u00e2ncia e procedimento passo a passo\" \/>\n<meta property=\"og:description\" content=\"Aprenda tudo sobre o Recurso de apela\u00e7\u00e3o e deixe suas pe\u00e7as processuais ainda mais completas e eficientes para o seu trabalho.\" \/>\n<meta property=\"og:url\" content=\"https:\/\/advbox.com.br\/blog\/recurso-de-apelacao-qual-importancia-como-realizar\/\" \/>\n<meta property=\"og:site_name\" content=\"Software Jur\u00eddico Completo - ADVBOX\" \/>\n<meta property=\"article:publisher\" content=\"https:\/\/www.facebook.com\/advbox\/\" \/>\n<meta property=\"article:modified_time\" content=\"2025-11-11T16:23:30+00:00\" \/>\n<meta property=\"og:image\" content=\"https:\/\/advbox.com.br\/blog\/wp-content\/uploads\/2021\/05\/teletrabalho.jpg\" \/>\n\t<meta property=\"og:image:width\" content=\"672\" \/>\n\t<meta property=\"og:image:height\" content=\"448\" \/>\n\t<meta property=\"og:image:type\" content=\"image\/jpeg\" \/>\n<meta name=\"twitter:card\" content=\"summary_large_image\" \/>\n<meta name=\"twitter:site\" content=\"@advbox2\" \/>\n<script type=\"application\/ld+json\" class=\"yoast-schema-graph\">{\"@context\":\"https:\/\/schema.org\",\"@graph\":[{\"@type\":\"WebPage\",\"@id\":\"https:\/\/advbox.com.br\/blog\/recurso-de-apelacao-qual-importancia-como-realizar\/\",\"url\":\"https:\/\/advbox.com.br\/blog\/recurso-de-apelacao-qual-importancia-como-realizar\/\",\"name\":\"Recurso de Apela\u00e7\u00e3o: import\u00e2ncia e procedimento passo a passo\",\"isPartOf\":{\"@id\":\"https:\/\/advbox.com.br\/blog\/#website\"},\"primaryImageOfPage\":{\"@id\":\"https:\/\/advbox.com.br\/blog\/recurso-de-apelacao-qual-importancia-como-realizar\/#primaryimage\"},\"image\":{\"@id\":\"https:\/\/advbox.com.br\/blog\/recurso-de-apelacao-qual-importancia-como-realizar\/#primaryimage\"},\"thumbnailUrl\":\"https:\/\/advbox.com.br\/blog\/wp-content\/uploads\/2021\/05\/teletrabalho.jpg\",\"datePublished\":\"2019-05-08T20:14:48+00:00\",\"dateModified\":\"2025-11-11T16:23:30+00:00\",\"description\":\"Aprenda tudo sobre o Recurso de apela\u00e7\u00e3o e deixe suas pe\u00e7as processuais ainda mais completas e eficientes para o seu trabalho.\",\"breadcrumb\":{\"@id\":\"https:\/\/advbox.com.br\/blog\/recurso-de-apelacao-qual-importancia-como-realizar\/#breadcrumb\"},\"inLanguage\":\"pt-BR\",\"potentialAction\":[{\"@type\":\"ReadAction\",\"target\":[\"https:\/\/advbox.com.br\/blog\/recurso-de-apelacao-qual-importancia-como-realizar\/\"]}]},{\"@type\":\"ImageObject\",\"inLanguage\":\"pt-BR\",\"@id\":\"https:\/\/advbox.com.br\/blog\/recurso-de-apelacao-qual-importancia-como-realizar\/#primaryimage\",\"url\":\"https:\/\/advbox.com.br\/blog\/wp-content\/uploads\/2021\/05\/teletrabalho.jpg\",\"contentUrl\":\"https:\/\/advbox.com.br\/blog\/wp-content\/uploads\/2021\/05\/teletrabalho.jpg\",\"width\":672,\"height\":448,\"caption\":\"teletrabalho - transforma\u00e7\u00e3o digital na advocacia\"},{\"@type\":\"BreadcrumbList\",\"@id\":\"https:\/\/advbox.com.br\/blog\/recurso-de-apelacao-qual-importancia-como-realizar\/#breadcrumb\",\"itemListElement\":[{\"@type\":\"ListItem\",\"position\":1,\"name\":\"In\u00edcio\",\"item\":\"https:\/\/advbox.com.br\/blog\/\"},{\"@type\":\"ListItem\",\"position\":2,\"name\":\"Recurso de Apela\u00e7\u00e3o: import\u00e2ncia e procedimento passo a passo\"}]},{\"@type\":\"WebSite\",\"@id\":\"https:\/\/advbox.com.br\/blog\/#website\",\"url\":\"https:\/\/advbox.com.br\/blog\/\",\"name\":\"Software Jur\u00eddico Completo - ADVBOX\",\"description\":\"Plataforma para Advocacia Digital\",\"publisher\":{\"@id\":\"https:\/\/advbox.com.br\/blog\/#organization\"},\"potentialAction\":[{\"@type\":\"SearchAction\",\"target\":{\"@type\":\"EntryPoint\",\"urlTemplate\":\"https:\/\/advbox.com.br\/blog\/?s={search_term_string}\"},\"query-input\":{\"@type\":\"PropertyValueSpecification\",\"valueRequired\":true,\"valueName\":\"search_term_string\"}}],\"inLanguage\":\"pt-BR\"},{\"@type\":\"Organization\",\"@id\":\"https:\/\/advbox.com.br\/blog\/#organization\",\"name\":\"ADVBOX Blog - Software jur\u00eddico da advocacia digital\",\"url\":\"https:\/\/advbox.com.br\/blog\/\",\"logo\":{\"@type\":\"ImageObject\",\"inLanguage\":\"pt-BR\",\"@id\":\"https:\/\/advbox.com.br\/blog\/#\/schema\/logo\/image\/\",\"url\":\"https:\/\/advbox.com.br\/blog\/wp-content\/uploads\/2019\/12\/Como-aumentar-a-produtividade_.jpg\",\"contentUrl\":\"https:\/\/advbox.com.br\/blog\/wp-content\/uploads\/2019\/12\/Como-aumentar-a-produtividade_.jpg\",\"width\":320,\"height\":213,\"caption\":\"ADVBOX Blog - Software jur\u00eddico da advocacia digital\"},\"image\":{\"@id\":\"https:\/\/advbox.com.br\/blog\/#\/schema\/logo\/image\/\"},\"sameAs\":[\"https:\/\/www.facebook.com\/advbox\/\",\"https:\/\/x.com\/advbox2\"]}]}<\/script>\n<!-- \/ Yoast SEO plugin. -->","yoast_head_json":{"title":"Recurso de Apela\u00e7\u00e3o: import\u00e2ncia e procedimento passo a passo","description":"Aprenda tudo sobre o Recurso de apela\u00e7\u00e3o e deixe suas pe\u00e7as processuais ainda mais completas e eficientes para o seu trabalho.","robots":{"index":"index","follow":"follow","max-snippet":"max-snippet:-1","max-image-preview":"max-image-preview:large","max-video-preview":"max-video-preview:-1"},"canonical":"https:\/\/advbox.com.br\/blog\/recurso-de-apelacao-qual-importancia-como-realizar\/","og_locale":"pt_BR","og_type":"article","og_title":"Recurso de Apela\u00e7\u00e3o: import\u00e2ncia e procedimento passo a passo","og_description":"Aprenda tudo sobre o Recurso de apela\u00e7\u00e3o e deixe suas pe\u00e7as processuais ainda mais completas e eficientes para o seu trabalho.","og_url":"https:\/\/advbox.com.br\/blog\/recurso-de-apelacao-qual-importancia-como-realizar\/","og_site_name":"Software Jur\u00eddico Completo - ADVBOX","article_publisher":"https:\/\/www.facebook.com\/advbox\/","article_modified_time":"2025-11-11T16:23:30+00:00","og_image":[{"width":672,"height":448,"url":"https:\/\/advbox.com.br\/blog\/wp-content\/uploads\/2021\/05\/teletrabalho.jpg","type":"image\/jpeg"}],"twitter_card":"summary_large_image","twitter_site":"@advbox2","schema":{"@context":"https:\/\/schema.org","@graph":[{"@type":"WebPage","@id":"https:\/\/advbox.com.br\/blog\/recurso-de-apelacao-qual-importancia-como-realizar\/","url":"https:\/\/advbox.com.br\/blog\/recurso-de-apelacao-qual-importancia-como-realizar\/","name":"Recurso de Apela\u00e7\u00e3o: import\u00e2ncia e procedimento passo a passo","isPartOf":{"@id":"https:\/\/advbox.com.br\/blog\/#website"},"primaryImageOfPage":{"@id":"https:\/\/advbox.com.br\/blog\/recurso-de-apelacao-qual-importancia-como-realizar\/#primaryimage"},"image":{"@id":"https:\/\/advbox.com.br\/blog\/recurso-de-apelacao-qual-importancia-como-realizar\/#primaryimage"},"thumbnailUrl":"https:\/\/advbox.com.br\/blog\/wp-content\/uploads\/2021\/05\/teletrabalho.jpg","datePublished":"2019-05-08T20:14:48+00:00","dateModified":"2025-11-11T16:23:30+00:00","description":"Aprenda tudo sobre o Recurso de apela\u00e7\u00e3o e deixe suas pe\u00e7as processuais ainda mais completas e eficientes para o seu trabalho.","breadcrumb":{"@id":"https:\/\/advbox.com.br\/blog\/recurso-de-apelacao-qual-importancia-como-realizar\/#breadcrumb"},"inLanguage":"pt-BR","potentialAction":[{"@type":"ReadAction","target":["https:\/\/advbox.com.br\/blog\/recurso-de-apelacao-qual-importancia-como-realizar\/"]}]},{"@type":"ImageObject","inLanguage":"pt-BR","@id":"https:\/\/advbox.com.br\/blog\/recurso-de-apelacao-qual-importancia-como-realizar\/#primaryimage","url":"https:\/\/advbox.com.br\/blog\/wp-content\/uploads\/2021\/05\/teletrabalho.jpg","contentUrl":"https:\/\/advbox.com.br\/blog\/wp-content\/uploads\/2021\/05\/teletrabalho.jpg","width":672,"height":448,"caption":"teletrabalho - transforma\u00e7\u00e3o digital na advocacia"},{"@type":"BreadcrumbList","@id":"https:\/\/advbox.com.br\/blog\/recurso-de-apelacao-qual-importancia-como-realizar\/#breadcrumb","itemListElement":[{"@type":"ListItem","position":1,"name":"In\u00edcio","item":"https:\/\/advbox.com.br\/blog\/"},{"@type":"ListItem","position":2,"name":"Recurso de Apela\u00e7\u00e3o: import\u00e2ncia e procedimento passo a passo"}]},{"@type":"WebSite","@id":"https:\/\/advbox.com.br\/blog\/#website","url":"https:\/\/advbox.com.br\/blog\/","name":"Software Jur\u00eddico Completo - ADVBOX","description":"Plataforma para Advocacia Digital","publisher":{"@id":"https:\/\/advbox.com.br\/blog\/#organization"},"potentialAction":[{"@type":"SearchAction","target":{"@type":"EntryPoint","urlTemplate":"https:\/\/advbox.com.br\/blog\/?s={search_term_string}"},"query-input":{"@type":"PropertyValueSpecification","valueRequired":true,"valueName":"search_term_string"}}],"inLanguage":"pt-BR"},{"@type":"Organization","@id":"https:\/\/advbox.com.br\/blog\/#organization","name":"ADVBOX Blog - Software jur\u00eddico da advocacia digital","url":"https:\/\/advbox.com.br\/blog\/","logo":{"@type":"ImageObject","inLanguage":"pt-BR","@id":"https:\/\/advbox.com.br\/blog\/#\/schema\/logo\/image\/","url":"https:\/\/advbox.com.br\/blog\/wp-content\/uploads\/2019\/12\/Como-aumentar-a-produtividade_.jpg","contentUrl":"https:\/\/advbox.com.br\/blog\/wp-content\/uploads\/2019\/12\/Como-aumentar-a-produtividade_.jpg","width":320,"height":213,"caption":"ADVBOX Blog - Software jur\u00eddico da advocacia digital"},"image":{"@id":"https:\/\/advbox.com.br\/blog\/#\/schema\/logo\/image\/"},"sameAs":["https:\/\/www.facebook.com\/advbox\/","https:\/\/x.com\/advbox2"]}]}},"_links":{"self":[{"href":"https:\/\/advbox.com.br\/blog\/wp-json\/wp\/v2\/pages\/11374","targetHints":{"allow":["GET"]}}],"collection":[{"href":"https:\/\/advbox.com.br\/blog\/wp-json\/wp\/v2\/pages"}],"about":[{"href":"https:\/\/advbox.com.br\/blog\/wp-json\/wp\/v2\/types\/page"}],"author":[{"embeddable":true,"href":"https:\/\/advbox.com.br\/blog\/wp-json\/wp\/v2\/users\/2"}],"replies":[{"embeddable":true,"href":"https:\/\/advbox.com.br\/blog\/wp-json\/wp\/v2\/comments?post=11374"}],"version-history":[{"count":2,"href":"https:\/\/advbox.com.br\/blog\/wp-json\/wp\/v2\/pages\/11374\/revisions"}],"predecessor-version":[{"id":78864,"href":"https:\/\/advbox.com.br\/blog\/wp-json\/wp\/v2\/pages\/11374\/revisions\/78864"}],"wp:featuredmedia":[{"embeddable":true,"href":"https:\/\/advbox.com.br\/blog\/wp-json\/wp\/v2\/media\/33127"}],"wp:attachment":[{"href":"https:\/\/advbox.com.br\/blog\/wp-json\/wp\/v2\/media?parent=11374"}],"curies":[{"name":"wp","href":"https:\/\/api.w.org\/{rel}","templated":true}]}}