{"id":12562,"date":"2024-07-30T16:24:23","date_gmt":"2024-07-30T19:24:23","guid":{"rendered":"https:\/\/advbox.com.br\/blog\/?page_id=12562"},"modified":"2024-07-30T16:24:24","modified_gmt":"2024-07-30T19:24:24","slug":"previdenciario-modelo-de-recurso-de-medida-cautelar-ou-de-antecipacao-de-tutela-indeferimento-de-auxilio-doenca","status":"publish","type":"page","link":"https:\/\/advbox.com.br\/blog\/previdenciario-modelo-de-recurso-de-medida-cautelar-ou-de-antecipacao-de-tutela-indeferimento-de-auxilio-doenca\/","title":{"rendered":"Indeferimento de Aux\u00edlio Doen\u00e7a [MODELO]"},"content":{"rendered":"<p style=\"text-align: center; background: #eee; padding: 10px;\"><strong><em>Quer descobrir como automatizar o preenchimento de todos os seus modelos de peti\u00e7\u00e3o e otimizar o tempo de toda sua equipe? <a href=\"https:\/\/advbox.com.br\/blog\/como-automatizar-seus-modelos-de-peticoes\" alt=\"Automatize o preenchimento das suas Peti\u00e7\u00f5es e otimize Tempo\" target=\"_blank\">Clique aqui<\/a><\/em><\/strong><\/p>\n<h1><strong>MODELO DE RECURSO DE MEDIDA CAUTELAR OU DE ANTECIPA\u00c7\u00c3O DE TUTELA &#8211; INDEFERIMENTO DE AUX\u00cdLIO-DOEN\u00c7A<\/strong><\/h1>\n<p><strong><br \/>\n<\/strong><strong><\/strong><\/p>\n<p style=\"text-align: justify;\"><span><strong>DOUTO JUIZO FEDERAL DA &#8230; VARA \/ JUIZADO FEDERAL DA COMARCA DE &#8230;\/&#8230;<\/strong><\/span><\/p>\n<p style=\"text-align: justify;\"><span><strong>Processo n.\u00ba&#8230;<\/strong><\/span><\/p>\n<p style=\"text-align: justify;\"><span><strong>&#8230; (nome completo em negrito do reclamante)<\/strong><\/span><span>, j\u00e1 qualificada nos autos em ep\u00edgrafe, na a\u00e7\u00e3o movida em face do <\/span><span><strong>INSTITUTO NACIONAL DO SEGURO SOCIAL &#8211; INSS<\/strong><\/span><span>, igualmente qualificado, vem, por seus advogados, respeitosamente, perante Vossa Excel\u00eancia, inconformado com a senten\u00e7a, interpor<\/span><span><strong> <\/strong><\/span><\/p>\n<p style=\"text-align: center;\"><span><strong>RECURSO DE ANTECIPA\u00c7\u00c3O DOS EFEITOS DA TUTELA<\/strong><\/span><\/p>\n<p style=\"text-align: justify;\"><span>na forma art. 4\u00ba da Lei n\u00ba 10.259\/2001 c\/c art. 2\u00ba, I e \u00a7 5\u00ba da <\/span><span>Resolu\u00e7\u00e3o n. 347\/2015 do CFJ<\/span><span>, tendo em vista o inconformismo com a decis\u00e3o interlocut\u00f3ria exarada no processo n. &#8230;, que tramita na &#8230;\u00aa Vara Federal da Subse\u00e7\u00e3o de Cidade\/Estado, em que \u00e9 R\u00e9u o <\/span><span><strong>INSTITUTO NACIONAL DO SEGURO SOCIAL &#8211; INSS<\/strong><\/span><span>, a qual indeferiu o pleito de antecipa\u00e7\u00e3o dos efeitos da tutela formulado pelo Recorrente, na forma das raz\u00f5es anexas. <\/span><\/p>\n<p style=\"text-align: justify;\"><span>pede e espera deferimento.<\/span><\/p>\n<p style=\"text-align: justify;\"><span>&#8230; (Munic\u00edpio \u2013 UF), &#8230; (dia) de &#8230; (m\u00eas) de &#8230; (ano).<\/span><\/p>\n<p style=\"text-align: center; margin-left: 80px;\"><span><strong>ADVOGADO<\/strong><\/span><\/p>\n<p style=\"text-align: center; margin-left: 80px;\"><span><strong>OAB n\u00b0 &#8230;. &#8211; UF<\/strong><\/span><\/p>\n<p style=\"text-align: justify;\"><span>Colenda Turma Julgadora.<\/span><span><strong> <\/strong><\/span><\/p>\n<p style=\"text-align: justify;\"><span><strong>Tempestividade do Recurso:<\/strong><\/span><\/p>\n<p style=\"text-align: justify;\"><span>O presente Recurso \u00e9 tempestivo, uma vez que obedecido o prazo de 10 dias para sua interposi\u00e7\u00e3o, conforme estabelecido no art. 2\u00ba, \u00a7 5\u00ba, da <\/span><span>Resolu\u00e7\u00e3o n. 347\/2015 do CFJ<\/span><span>, sendo que referido prazo come\u00e7ou a correr em &#8230; com t\u00e9rmino em &#8230; .<\/span><span><strong> <\/strong><\/span><\/p>\n<p style=\"text-align: justify;\"><span><strong>Do cabimento:<\/strong><\/span><\/p>\n<p style=\"text-align: justify;\"><span>O <\/span><span>Recorrente<\/span><span> ajuizou a\u00e7\u00e3o em face do <\/span><span>Recorrido<\/span><span> visando a concess\u00e3o de benef\u00edcio por incapacidade, haja vista sua impossibilidade de laborar, em raz\u00e3o das doen\u00e7as que padece.<\/span><\/p>\n<p style=\"text-align: justify;\"><span>Por referida raz\u00e3o <\/span><span>o Recorrente<\/span><span> pleiteou, em sede de antecipa\u00e7\u00e3o de tutela, <\/span><span>a concess\u00e3o d<\/span><span>o benef\u00edcio em discuss\u00e3o enquanto perdurasse a tramita\u00e7\u00e3o do feito, haja vista <\/span><span>o car\u00e1ter alimentar da benesse e sua impossibilidade de prover seu pr\u00f3prio sustento<\/span><span>. <\/span><\/p>\n<p style=\"text-align: justify;\"><span>O nobre ju\u00edzo <\/span><span>a quo<\/span><span>, todavia, indeferiu o requerimento de antecipa\u00e7\u00e3o dos efeitos da tutela, sob o fundamento de que a an\u00e1lise do pedido de antecipa\u00e7\u00e3o dos efeitos da tutela objeto desta a\u00e7\u00e3o exige seja oportunizado o efetivo contradit\u00f3rio. <\/span><\/p>\n<p style=\"text-align: justify;\"><span>Observados, contudo, os requisitos para a concess\u00e3o da antecipa\u00e7\u00e3o da tutela, mostra-se temer\u00e1ria a decis\u00e3o atacada, raz\u00e3o pela qual interp\u00f5e o presente recurso, a fim de ver <\/span><span>concedido<\/span><span>, imediatamente, <\/span><span>o benef\u00edcio por incapacidade postulado<\/span><span>. <\/span><\/p>\n<p style=\"text-align: justify;\"><span> <\/span><\/p>\n<p style=\"text-align: justify;\"><span><strong>DAS RAZ\u00d5ES DO RECURSO DE AGRAVO DE INSTRUMENTO<\/strong><\/span><span> <\/span><span>(incluir a fundamenta\u00e7\u00e3o utilizada na <a href=\"https:\/\/advbox.com.br\/blog\/como-automatizar-seus-modelos-de-peticoes\" target=\"_blank\">peti\u00e7\u00e3o<\/a> inicial para requerer o benef\u00edcio)<\/span><\/p>\n<p style=\"text-align: justify;\"><span><strong>DEMONSTRA\u00c7\u00c3O DA URG\u00caNCIA EM SE CONCEDER A TUTELA <\/strong><\/span><\/p>\n<p style=\"text-align: justify;\"><span>Primeiramente, mostra-se oportuno transcrever, em sua totalidade, a decis\u00e3o interlocut\u00f3ria atacada:<\/span><\/p>\n<p style=\"text-align: justify;\"><span>&#8230;<\/span><\/p>\n<p style=\"text-align: justify;\"><span>Inobstante a argumenta\u00e7\u00e3o empreendida pelo Douto Magistrado, resta claro n\u00e3o ter havido a necess\u00e1ria aprecia\u00e7\u00e3o do car\u00e1ter alimentar da verba ora pleiteada e, por consequ\u00eancia, viciada revela-se a decis\u00e3o interlocut\u00f3ria guerreada. <\/span><\/p>\n<p style=\"text-align: justify;\"><span>O requisito ensejador da urg\u00eancia, na hip\u00f3tese, \u00e9 o pr\u00f3prio car\u00e1ter alimentar da verba pleiteada, bem como a circunst\u00e2ncia de o benef\u00edcio em discuss\u00e3o ser a principal fonte de sustento da fam\u00edlia do Recorrente, consoante disciplina da doutrina de Eduardo Talamini: <\/span><\/p>\n<p style=\"text-align: justify; margin-left: 120px;\"><span>O conceito de d\u00edvida aliment\u00edcia com a extens\u00e3o indicada \u00e9 extra\u00edvel da pr\u00f3pria Constitui\u00e7\u00e3o. No caput do artigo 100 previu-se regime especial para cobran\u00e7a, perante as Fazendas Municipal, Estadual e Federal, dos \u2018cr\u00e9ditos de natureza aliment\u00edcia\u2019. Ora, a Fazenda P\u00fablica n\u00e3o tem parentes, n\u00e3o contrai matrim\u00f4nio, nem \u00e9 unida estavelmente; enfim, n\u00e3o tem nenhuma rela\u00e7\u00e3o de direito de fam\u00edlia \u2013 e mesmo assim pode dever alimentos. O sentido constitucional de \u2018alimentos\u2019, portanto, vai necessariamente al\u00e9m do direito de fam\u00edlia: abrange indeniza\u00e7\u00f5es, pens\u00f5es, sal\u00e1rios e outras verbas \u2013 desde que esssencialmente destinadas ao sustento do titular do cr\u00e9dito. (TALAMINI, Eduardo. Pris\u00e3o Civil e Penal e \u201cExecu\u00e7\u00e3o Indireta\u201d &#8211; A Garantia do Art. 5\u00ba, LXVII, da Constitui\u00e7\u00e3o Federal, in Revista de Processo, S\u00e3o Paulo, 23(92)37-51, out.\/dez. 1998).<\/span><\/p>\n<p style=\"text-align: justify; margin-left: 120px;\">\n<p style=\"text-align: justify;\"><span>O benef\u00edcio requerido pelo Recorrente tem, nitidamente, natureza alimentar, j\u00e1 que se destina principalmente ao seu sustento, fato que, por si, imp\u00f5e o deferimento da antecipa\u00e7\u00e3o da tutela requerida. <\/span><\/p>\n<p style=\"text-align: justify;\"><span>De outro norte, \u00e9 certo que caso a decis\u00e3o perseguida mantenha-se, e o benef\u00edcio requerido pelo Recorrente n\u00e3o seja concedido, este e sua fam\u00edlia se ver\u00e3o em s\u00e9rias dificuldades financeiras, incapazes de prover m\u00ednimas condi\u00e7\u00f5es de sustentabilidade. <\/span><\/p>\n<p style=\"text-align: justify;\"><span>Assim, n\u00e3o \u00e9 apenas o car\u00e1ter alimentar da verba em discuss\u00e3o que enseja a concess\u00e3o, de forma imediata, do <\/span><span>benef\u00edcio<\/span><span> em discuss\u00e3o, mas igualmente a incapacidade <\/span><span>do Recorrente<\/span><span> de sobreviver sem referida benesse. <\/span><\/p>\n<p style=\"text-align: justify;\"><span><strong>VEROSSIMILHAN\u00c7A DAS ALEGA\u00c7\u00d5ES E PROVA INEQU\u00cdVOCA<\/strong><\/span><\/p>\n<p style=\"text-align: justify;\"><span>Ante os elementos fornecidos, vislumbra-se estarem cumpridos os requisitos concernentes \u00e0 antecipa\u00e7\u00e3o dos efeitos da tutela pretendida. A prova inequ\u00edvoca, a verossimilhan\u00e7a das alega\u00e7\u00f5es e o fundado receio de dano irrepar\u00e1vel est\u00e3o devidamente demonstrados pelas alega\u00e7\u00f5es e provas carreadas aos autos. Os documentos s\u00e3o literais, incontestes, e n\u00e3o d\u00e3o margens a especula\u00e7\u00f5es tendentes a infirmar o asseverado na presente. <\/span><\/p>\n<p style=\"text-align: justify;\"><span>Assim, merece ser reformada a decis\u00e3o <\/span><span>guerreada<\/span><span>, notadamente porquanto n\u00e3o apreciou, com a precis\u00e3o que o caso requer, os elementos e informa\u00e7\u00f5es trazidos aos autos, os quais demonstram, sem sombras de d\u00favidas, que <\/span><span>o Recorrente<\/span><span> faz jus \u00e0 concess\u00e3o da tutela antecipada, para que se <\/span><span>conceda<\/span><span> o benef\u00edcio <\/span><span>por incapacidade postulado<\/span><span>, sob pena dano irrepar\u00e1vel \u00e0 sua subsist\u00eancia. <\/span><\/p>\n<p style=\"text-align: justify;\"><span><strong>DOS REQUERIMENTOS<\/strong><\/span><\/p>\n<p style=\"text-align: justify;\"><span>Ante todo o exposto, requer:<\/span><\/p>\n<p style=\"text-align: justify;\"><span>1. Seja concedida a antecipa\u00e7\u00e3o do efeitos da tutela recursal, a fim de promover a imediata <\/span><span>concess\u00e3o do benef\u00edcio de aux\u00edlio-doen\u00e7a<\/span><span> em favor <\/span><span>do Recorrente,<\/span><span> enquanto perdurar a lide; <\/span><\/p>\n<p style=\"text-align: justify;\"><span>2. Seja recebido o presente recurso, <\/span><span>e<\/span><span>m conformidade com o previsto no<\/span><span> <\/span><span>art. 2\u00ba, I e \u00a7 5\u00ba da <\/span><span>Resolu\u00e7\u00e3o n. 347\/<\/span><span>2015 do C<\/span><span>J<\/span><span>F<\/span><span>; <\/span><\/p>\n<p style=\"text-align: justify;\"><span>3. Seja, mediante o deferimento do efeito suspensivo ativo ao presente recurso, provido o recurso, no sentido de <\/span><span>conceder o benef\u00edcio de aux\u00edlio-doen\u00e7a ao Recorrente<\/span><span>, enquanto perdurar a lide ou at\u00e9 posterior decis\u00e3o; <\/span><\/p>\n<p style=\"text-align: justify;\"><span>4. Seja comunicado o Magistrado singular da concess\u00e3o recursal pretendida. <\/span><\/p>\n<p style=\"text-align: justify;\"><span>pede e espera deferimento.<\/span><\/p>\n<p style=\"text-align: justify;\"><span>&#8230; (Munic\u00edpio \u2013 UF), &#8230; (dia) de &#8230; (m\u00eas) de &#8230; (ano).<\/span><\/p>\n<p style=\"text-align: center; margin-left: 80px;\"><span><strong>ADVOGADO<\/strong><\/span><\/p>\n<p style=\"text-align: center; margin-left: 80px;\"><span><strong>OAB n\u00b0 &#8230;. &#8211; UF<\/strong><\/span><\/p>\n<p style=\"text-align: center;\"><a href=\"https:\/\/advbox.com.br\/blog\/como-automatizar-seus-modelos-de-peticoes\/\" target=\"_blank\"><img fetchpriority=\"high\" decoding=\"async\" src=\"https:\/\/advbox.com.br\/blog\/wp-content\/uploads\/2019\/05\/automatize_a_produ\u00e7\u00e3o_de_suas_peti\u00e7\u00f5es.png\" alt=\"Automatize a Produ\u00e7\u00e3o de suas Peti\u00e7\u00f5es - Torne sua Advocacia ainda mais inteligente\" width=\"1000\" height=\"276\" class=\"alignnone wp-image-11456 size-full\" srcset=\"https:\/\/advbox.com.br\/blog\/wp-content\/uploads\/2019\/05\/automatize_a_produ\u00e7\u00e3o_de_suas_peti\u00e7\u00f5es.png 1000w, https:\/\/advbox.com.br\/blog\/wp-content\/uploads\/2019\/05\/automatize_a_produ\u00e7\u00e3o_de_suas_peti\u00e7\u00f5es-300x83.png 300w, https:\/\/advbox.com.br\/blog\/wp-content\/uploads\/2019\/05\/automatize_a_produ\u00e7\u00e3o_de_suas_peti\u00e7\u00f5es-768x212.png 768w\" sizes=\"(max-width: 1000px) 100vw, 1000px\" \/><\/a><\/p>\n","protected":false},"excerpt":{"rendered":"<p>Quer descobrir como automatizar o preenchimento de todos os seus modelos de peti\u00e7\u00e3o e otimizar o tempo de toda sua equipe? Clique aqui MODELO DE RECURSO DE MEDIDA CAUTELAR OU DE ANTECIPA\u00c7\u00c3O DE TUTELA &#8211; INDEFERIMENTO DE AUX\u00cdLIO-DOEN\u00c7A DOUTO JUIZO FEDERAL DA &#8230; VARA \/ JUIZADO FEDERAL DA COMARCA DE [&hellip;]<\/p>\n","protected":false},"author":44,"featured_media":11456,"parent":0,"menu_order":0,"comment_status":"closed","ping_status":"closed","template":"","meta":{"_acf_changed":false,"om_disable_all_campaigns":false,"footnotes":""},"class_list":["post-12562","page","type-page","status-publish","has-post-thumbnail","hentry"],"acf":[],"yoast_head":"<!-- This site is optimized with the Yoast SEO plugin v26.9 - https:\/\/yoast.com\/product\/yoast-seo-wordpress\/ -->\n<title>Indeferimento de Aux\u00edlio Doen\u00e7a [MODELO]<\/title>\n<meta name=\"description\" content=\"Copie aqui sem restri\u00e7\u00f5es e baixe em word seu modelo de recurso de medida cautelar ou de antecipa\u00e7\u00e3o de tutela - indeferimento de aux\u00edlio-doen\u00e7a\" \/>\n<meta name=\"robots\" content=\"index, follow, max-snippet:-1, max-image-preview:large, max-video-preview:-1\" \/>\n<link rel=\"canonical\" href=\"https:\/\/advbox.com.br\/blog\/previdenciario-modelo-de-recurso-de-medida-cautelar-ou-de-antecipacao-de-tutela-indeferimento-de-auxilio-doenca\/\" \/>\n<meta property=\"og:locale\" content=\"pt_BR\" \/>\n<meta property=\"og:type\" content=\"article\" \/>\n<meta property=\"og:title\" content=\"Indeferimento de Aux\u00edlio Doen\u00e7a [MODELO]\" \/>\n<meta property=\"og:description\" content=\"Copie aqui sem restri\u00e7\u00f5es e baixe em word seu modelo de recurso de medida cautelar ou de antecipa\u00e7\u00e3o de tutela - indeferimento de aux\u00edlio-doen\u00e7a\" \/>\n<meta property=\"og:url\" content=\"https:\/\/advbox.com.br\/blog\/previdenciario-modelo-de-recurso-de-medida-cautelar-ou-de-antecipacao-de-tutela-indeferimento-de-auxilio-doenca\/\" \/>\n<meta property=\"og:site_name\" content=\"Software Jur\u00eddico Completo - ADVBOX\" \/>\n<meta property=\"article:publisher\" content=\"https:\/\/www.facebook.com\/advbox\/\" \/>\n<meta property=\"article:modified_time\" content=\"2024-07-30T19:24:24+00:00\" \/>\n<meta property=\"og:image\" content=\"https:\/\/advbox.com.br\/blog\/wp-content\/uploads\/2019\/05\/automatize_a_produ\u00e7\u00e3o_de_suas_peti\u00e7\u00f5es.png\" \/>\n\t<meta property=\"og:image:width\" content=\"1000\" \/>\n\t<meta property=\"og:image:height\" content=\"276\" \/>\n\t<meta property=\"og:image:type\" content=\"image\/png\" \/>\n<meta name=\"twitter:card\" content=\"summary_large_image\" \/>\n<meta name=\"twitter:site\" content=\"@advbox2\" \/>\n<script type=\"application\/ld+json\" class=\"yoast-schema-graph\">{\"@context\":\"https:\/\/schema.org\",\"@graph\":[{\"@type\":\"WebPage\",\"@id\":\"https:\/\/advbox.com.br\/blog\/previdenciario-modelo-de-recurso-de-medida-cautelar-ou-de-antecipacao-de-tutela-indeferimento-de-auxilio-doenca\/\",\"url\":\"https:\/\/advbox.com.br\/blog\/previdenciario-modelo-de-recurso-de-medida-cautelar-ou-de-antecipacao-de-tutela-indeferimento-de-auxilio-doenca\/\",\"name\":\"Indeferimento de Aux\u00edlio Doen\u00e7a [MODELO]\",\"isPartOf\":{\"@id\":\"https:\/\/advbox.com.br\/blog\/#website\"},\"primaryImageOfPage\":{\"@id\":\"https:\/\/advbox.com.br\/blog\/previdenciario-modelo-de-recurso-de-medida-cautelar-ou-de-antecipacao-de-tutela-indeferimento-de-auxilio-doenca\/#primaryimage\"},\"image\":{\"@id\":\"https:\/\/advbox.com.br\/blog\/previdenciario-modelo-de-recurso-de-medida-cautelar-ou-de-antecipacao-de-tutela-indeferimento-de-auxilio-doenca\/#primaryimage\"},\"thumbnailUrl\":\"https:\/\/advbox.com.br\/blog\/wp-content\/uploads\/2019\/05\/automatize_a_produ\u00e7\u00e3o_de_suas_peti\u00e7\u00f5es.png\",\"datePublished\":\"2024-07-30T19:24:23+00:00\",\"dateModified\":\"2024-07-30T19:24:24+00:00\",\"description\":\"Copie aqui sem restri\u00e7\u00f5es e baixe em word seu modelo de recurso de medida cautelar ou de antecipa\u00e7\u00e3o de tutela - indeferimento de aux\u00edlio-doen\u00e7a\",\"breadcrumb\":{\"@id\":\"https:\/\/advbox.com.br\/blog\/previdenciario-modelo-de-recurso-de-medida-cautelar-ou-de-antecipacao-de-tutela-indeferimento-de-auxilio-doenca\/#breadcrumb\"},\"inLanguage\":\"pt-BR\",\"potentialAction\":[{\"@type\":\"ReadAction\",\"target\":[\"https:\/\/advbox.com.br\/blog\/previdenciario-modelo-de-recurso-de-medida-cautelar-ou-de-antecipacao-de-tutela-indeferimento-de-auxilio-doenca\/\"]}]},{\"@type\":\"ImageObject\",\"inLanguage\":\"pt-BR\",\"@id\":\"https:\/\/advbox.com.br\/blog\/previdenciario-modelo-de-recurso-de-medida-cautelar-ou-de-antecipacao-de-tutela-indeferimento-de-auxilio-doenca\/#primaryimage\",\"url\":\"https:\/\/advbox.com.br\/blog\/wp-content\/uploads\/2019\/05\/automatize_a_produ\u00e7\u00e3o_de_suas_peti\u00e7\u00f5es.png\",\"contentUrl\":\"https:\/\/advbox.com.br\/blog\/wp-content\/uploads\/2019\/05\/automatize_a_produ\u00e7\u00e3o_de_suas_peti\u00e7\u00f5es.png\",\"width\":1000,\"height\":276,\"caption\":\"automatiza\u00e7\u00e3o de peti\u00e7\u00f5es\"},{\"@type\":\"BreadcrumbList\",\"@id\":\"https:\/\/advbox.com.br\/blog\/previdenciario-modelo-de-recurso-de-medida-cautelar-ou-de-antecipacao-de-tutela-indeferimento-de-auxilio-doenca\/#breadcrumb\",\"itemListElement\":[{\"@type\":\"ListItem\",\"position\":1,\"name\":\"In\u00edcio\",\"item\":\"https:\/\/advbox.com.br\/blog\/\"},{\"@type\":\"ListItem\",\"position\":2,\"name\":\"Indeferimento de Aux\u00edlio Doen\u00e7a [MODELO]\"}]},{\"@type\":\"WebSite\",\"@id\":\"https:\/\/advbox.com.br\/blog\/#website\",\"url\":\"https:\/\/advbox.com.br\/blog\/\",\"name\":\"Software Jur\u00eddico Completo - ADVBOX\",\"description\":\"Plataforma para Advocacia Digital\",\"publisher\":{\"@id\":\"https:\/\/advbox.com.br\/blog\/#organization\"},\"potentialAction\":[{\"@type\":\"SearchAction\",\"target\":{\"@type\":\"EntryPoint\",\"urlTemplate\":\"https:\/\/advbox.com.br\/blog\/?s={search_term_string}\"},\"query-input\":{\"@type\":\"PropertyValueSpecification\",\"valueRequired\":true,\"valueName\":\"search_term_string\"}}],\"inLanguage\":\"pt-BR\"},{\"@type\":\"Organization\",\"@id\":\"https:\/\/advbox.com.br\/blog\/#organization\",\"name\":\"ADVBOX Blog - Software jur\u00eddico da advocacia digital\",\"url\":\"https:\/\/advbox.com.br\/blog\/\",\"logo\":{\"@type\":\"ImageObject\",\"inLanguage\":\"pt-BR\",\"@id\":\"https:\/\/advbox.com.br\/blog\/#\/schema\/logo\/image\/\",\"url\":\"https:\/\/advbox.com.br\/blog\/wp-content\/uploads\/2019\/12\/Como-aumentar-a-produtividade_.jpg\",\"contentUrl\":\"https:\/\/advbox.com.br\/blog\/wp-content\/uploads\/2019\/12\/Como-aumentar-a-produtividade_.jpg\",\"width\":320,\"height\":213,\"caption\":\"ADVBOX Blog - Software jur\u00eddico da advocacia digital\"},\"image\":{\"@id\":\"https:\/\/advbox.com.br\/blog\/#\/schema\/logo\/image\/\"},\"sameAs\":[\"https:\/\/www.facebook.com\/advbox\/\",\"https:\/\/x.com\/advbox2\"]}]}<\/script>\n<!-- \/ Yoast SEO plugin. -->","yoast_head_json":{"title":"Indeferimento de Aux\u00edlio Doen\u00e7a [MODELO]","description":"Copie aqui sem restri\u00e7\u00f5es e baixe em word seu modelo de recurso de medida cautelar ou de antecipa\u00e7\u00e3o de tutela - indeferimento de aux\u00edlio-doen\u00e7a","robots":{"index":"index","follow":"follow","max-snippet":"max-snippet:-1","max-image-preview":"max-image-preview:large","max-video-preview":"max-video-preview:-1"},"canonical":"https:\/\/advbox.com.br\/blog\/previdenciario-modelo-de-recurso-de-medida-cautelar-ou-de-antecipacao-de-tutela-indeferimento-de-auxilio-doenca\/","og_locale":"pt_BR","og_type":"article","og_title":"Indeferimento de Aux\u00edlio Doen\u00e7a [MODELO]","og_description":"Copie aqui sem restri\u00e7\u00f5es e baixe em word seu modelo de recurso de medida cautelar ou de antecipa\u00e7\u00e3o de tutela - indeferimento de aux\u00edlio-doen\u00e7a","og_url":"https:\/\/advbox.com.br\/blog\/previdenciario-modelo-de-recurso-de-medida-cautelar-ou-de-antecipacao-de-tutela-indeferimento-de-auxilio-doenca\/","og_site_name":"Software Jur\u00eddico Completo - ADVBOX","article_publisher":"https:\/\/www.facebook.com\/advbox\/","article_modified_time":"2024-07-30T19:24:24+00:00","og_image":[{"width":1000,"height":276,"url":"https:\/\/advbox.com.br\/blog\/wp-content\/uploads\/2019\/05\/automatize_a_produ\u00e7\u00e3o_de_suas_peti\u00e7\u00f5es.png","type":"image\/png"}],"twitter_card":"summary_large_image","twitter_site":"@advbox2","schema":{"@context":"https:\/\/schema.org","@graph":[{"@type":"WebPage","@id":"https:\/\/advbox.com.br\/blog\/previdenciario-modelo-de-recurso-de-medida-cautelar-ou-de-antecipacao-de-tutela-indeferimento-de-auxilio-doenca\/","url":"https:\/\/advbox.com.br\/blog\/previdenciario-modelo-de-recurso-de-medida-cautelar-ou-de-antecipacao-de-tutela-indeferimento-de-auxilio-doenca\/","name":"Indeferimento de Aux\u00edlio Doen\u00e7a [MODELO]","isPartOf":{"@id":"https:\/\/advbox.com.br\/blog\/#website"},"primaryImageOfPage":{"@id":"https:\/\/advbox.com.br\/blog\/previdenciario-modelo-de-recurso-de-medida-cautelar-ou-de-antecipacao-de-tutela-indeferimento-de-auxilio-doenca\/#primaryimage"},"image":{"@id":"https:\/\/advbox.com.br\/blog\/previdenciario-modelo-de-recurso-de-medida-cautelar-ou-de-antecipacao-de-tutela-indeferimento-de-auxilio-doenca\/#primaryimage"},"thumbnailUrl":"https:\/\/advbox.com.br\/blog\/wp-content\/uploads\/2019\/05\/automatize_a_produ\u00e7\u00e3o_de_suas_peti\u00e7\u00f5es.png","datePublished":"2024-07-30T19:24:23+00:00","dateModified":"2024-07-30T19:24:24+00:00","description":"Copie aqui sem restri\u00e7\u00f5es e baixe em word seu modelo de recurso de medida cautelar ou de antecipa\u00e7\u00e3o de tutela - indeferimento de aux\u00edlio-doen\u00e7a","breadcrumb":{"@id":"https:\/\/advbox.com.br\/blog\/previdenciario-modelo-de-recurso-de-medida-cautelar-ou-de-antecipacao-de-tutela-indeferimento-de-auxilio-doenca\/#breadcrumb"},"inLanguage":"pt-BR","potentialAction":[{"@type":"ReadAction","target":["https:\/\/advbox.com.br\/blog\/previdenciario-modelo-de-recurso-de-medida-cautelar-ou-de-antecipacao-de-tutela-indeferimento-de-auxilio-doenca\/"]}]},{"@type":"ImageObject","inLanguage":"pt-BR","@id":"https:\/\/advbox.com.br\/blog\/previdenciario-modelo-de-recurso-de-medida-cautelar-ou-de-antecipacao-de-tutela-indeferimento-de-auxilio-doenca\/#primaryimage","url":"https:\/\/advbox.com.br\/blog\/wp-content\/uploads\/2019\/05\/automatize_a_produ\u00e7\u00e3o_de_suas_peti\u00e7\u00f5es.png","contentUrl":"https:\/\/advbox.com.br\/blog\/wp-content\/uploads\/2019\/05\/automatize_a_produ\u00e7\u00e3o_de_suas_peti\u00e7\u00f5es.png","width":1000,"height":276,"caption":"automatiza\u00e7\u00e3o de peti\u00e7\u00f5es"},{"@type":"BreadcrumbList","@id":"https:\/\/advbox.com.br\/blog\/previdenciario-modelo-de-recurso-de-medida-cautelar-ou-de-antecipacao-de-tutela-indeferimento-de-auxilio-doenca\/#breadcrumb","itemListElement":[{"@type":"ListItem","position":1,"name":"In\u00edcio","item":"https:\/\/advbox.com.br\/blog\/"},{"@type":"ListItem","position":2,"name":"Indeferimento de Aux\u00edlio Doen\u00e7a [MODELO]"}]},{"@type":"WebSite","@id":"https:\/\/advbox.com.br\/blog\/#website","url":"https:\/\/advbox.com.br\/blog\/","name":"Software Jur\u00eddico Completo - ADVBOX","description":"Plataforma para Advocacia Digital","publisher":{"@id":"https:\/\/advbox.com.br\/blog\/#organization"},"potentialAction":[{"@type":"SearchAction","target":{"@type":"EntryPoint","urlTemplate":"https:\/\/advbox.com.br\/blog\/?s={search_term_string}"},"query-input":{"@type":"PropertyValueSpecification","valueRequired":true,"valueName":"search_term_string"}}],"inLanguage":"pt-BR"},{"@type":"Organization","@id":"https:\/\/advbox.com.br\/blog\/#organization","name":"ADVBOX Blog - Software jur\u00eddico da advocacia digital","url":"https:\/\/advbox.com.br\/blog\/","logo":{"@type":"ImageObject","inLanguage":"pt-BR","@id":"https:\/\/advbox.com.br\/blog\/#\/schema\/logo\/image\/","url":"https:\/\/advbox.com.br\/blog\/wp-content\/uploads\/2019\/12\/Como-aumentar-a-produtividade_.jpg","contentUrl":"https:\/\/advbox.com.br\/blog\/wp-content\/uploads\/2019\/12\/Como-aumentar-a-produtividade_.jpg","width":320,"height":213,"caption":"ADVBOX Blog - Software jur\u00eddico da advocacia digital"},"image":{"@id":"https:\/\/advbox.com.br\/blog\/#\/schema\/logo\/image\/"},"sameAs":["https:\/\/www.facebook.com\/advbox\/","https:\/\/x.com\/advbox2"]}]}},"_links":{"self":[{"href":"https:\/\/advbox.com.br\/blog\/wp-json\/wp\/v2\/pages\/12562","targetHints":{"allow":["GET"]}}],"collection":[{"href":"https:\/\/advbox.com.br\/blog\/wp-json\/wp\/v2\/pages"}],"about":[{"href":"https:\/\/advbox.com.br\/blog\/wp-json\/wp\/v2\/types\/page"}],"author":[{"embeddable":true,"href":"https:\/\/advbox.com.br\/blog\/wp-json\/wp\/v2\/users\/44"}],"replies":[{"embeddable":true,"href":"https:\/\/advbox.com.br\/blog\/wp-json\/wp\/v2\/comments?post=12562"}],"version-history":[{"count":4,"href":"https:\/\/advbox.com.br\/blog\/wp-json\/wp\/v2\/pages\/12562\/revisions"}],"predecessor-version":[{"id":64169,"href":"https:\/\/advbox.com.br\/blog\/wp-json\/wp\/v2\/pages\/12562\/revisions\/64169"}],"wp:featuredmedia":[{"embeddable":true,"href":"https:\/\/advbox.com.br\/blog\/wp-json\/wp\/v2\/media\/11456"}],"wp:attachment":[{"href":"https:\/\/advbox.com.br\/blog\/wp-json\/wp\/v2\/media?parent=12562"}],"curies":[{"name":"wp","href":"https:\/\/api.w.org\/{rel}","templated":true}]}}