{"id":12880,"date":"2019-05-28T09:51:49","date_gmt":"2019-05-28T12:51:49","guid":{"rendered":"https:\/\/advbox.com.br\/blog\/?page_id=12880"},"modified":"2025-11-12T16:45:21","modified_gmt":"2025-11-12T19:45:21","slug":"o-que-voce-precisa-saber-sobre-peticao","status":"publish","type":"page","link":"https:\/\/advbox.com.br\/blog\/o-que-voce-precisa-saber-sobre-peticao\/","title":{"rendered":"Peti\u00e7\u00e3o: o que voc\u00ea precisa saber para elaborar com sucesso"},"content":{"rendered":"<p>Se pud\u00e9ssemos fazer uma analogia, poder\u00edamos dizer que o bisturi est\u00e1 para o m\u00e9dico, assim como a peti\u00e7\u00e3o est\u00e1 para o advogado, n\u00e3o \u00e9?<\/p><p>A <strong>peti\u00e7\u00e3o \u00e9 um dos principais meios de atua\u00e7\u00e3o do advogado<\/strong> que trabalha com processos judiciais atualmente. E a sua import\u00e2ncia \u00e9 t\u00e3o grande, que conhec\u00ea-la a fundo \u00e9 primordial para um bom desempenho profissional.<\/p><p>Diante disso, vamos abordar neste artigo os principais pontos sobre o que voc\u00ea precisa saber<strong> sobre peti\u00e7\u00e3o<\/strong>, acompanhe.<\/p><figure class=\"wp-block-image size-full\"><a href=\"https:\/\/advbox.com.br\/\" target=\"_blank\"><img decoding=\"async\" src=\"https:\/\/advbox.com.br\/blog\/wp-content\/uploads\/2019\/07\/automatize_a_produ%C3%A7%C3%A3o_de_suas_peti%C3%A7%C3%B5es.png\" alt=\"Automatize a produ\u00e7\u00e3o de suas peti\u00e7\u00f5es\" class=\"wp-image-15502\" loading=\"lazy\"><\/a><\/figure><h2 class=\"wp-block-heading\" style=\"font-size:18px\"><strong>Nesse texto voc\u00ea ir\u00e1 ler sobre peti\u00e7\u00e3o:<\/strong><\/h2><h2 class=\"wp-block-heading\" style=\"font-size:18px\"><em><strong>O que \u00e9 peti\u00e7\u00e3o?<\/strong><\/em><br><em><strong><a class=\"rank-math-link\" href=\"#direito\">O Direito de Peti\u00e7\u00e3o<\/a><\/strong><\/em><br><em><strong><a class=\"rank-math-link\" href=\"#tipos-peti%C3%A7%C3%A3o\">Quais os tipos de peti\u00e7\u00e3o que existem?<\/a><\/strong><\/em><br><em><strong><a class=\"rank-math-link\" href=\"#como-fazer-peti%C3%A7%C3%A3o\">Como fazer uma peti\u00e7\u00e3o?<\/a><\/strong><\/em><br><em><strong><a href=\"#importancia-peti%C3%A7%C3%A3o\" class=\"rank-math-link\">A import\u00e2ncia da peti\u00e7\u00e3o<\/a><\/strong><\/em><br><em><strong><a class=\"rank-math-link\" href=\"#modelo-de-peti%C3%A7%C3%B5es\">Como organizar diversos modelos de peti\u00e7\u00f5es?<\/a><\/strong><\/em><\/h2><h2 class=\"wp-block-heading\">O que \u00e9 peti\u00e7\u00e3o?<\/h2><p>No \u00e2mbito jur\u00eddico, a <strong>peti\u00e7\u00e3o \u00e9 um documento formal, <\/strong>atrav\u00e9s do qual o advogado ir\u00e1 expor as pretens\u00f5es de seu cliente ao juiz ou \u00f3rg\u00e3o jurisdicional competente, expondo os fatos e direitos que entender cab\u00edveis, solicitando uma solu\u00e7\u00e3o ao caso concreto.<\/p><p>Assim, a peti\u00e7\u00e3o \u00e9 um pedido, devidamente fundamentado na legisla\u00e7\u00e3o que, por sua vez, dever\u00e1 estar subsumida aos fatos que deram causa a esse pedido.<\/p><p><\/p><h2 class=\"wp-block-heading\"><a href=\"#direito\" class=\"rank-math-link\">O Direito de Peti\u00e7\u00e3o<\/a><\/h2><p>O <strong>direito de peticionar junto aos poderes p\u00fablicos,<\/strong> e em especial ao Poder Judici\u00e1rio nas causas competentes, decorre de previs\u00e3o constitucional.<\/p><p>Esta previs\u00e3o est\u00e1 contida no art. 5\u00ba, XXXIV da Constitui\u00e7\u00e3o Federal, que prev\u00ea que a todos s\u00e3o assegurados o direito de peti\u00e7\u00e3o aos Poderes P\u00fablicos em defesa de direitos ou contra ilegalidade ou abuso de poder.<\/p><p>Cabe ressaltar ainda, que o direito de peti\u00e7\u00e3o \u00e9 garantido independentemente do pagamento de taxas.<\/p><h2 class=\"wp-block-heading\"><a href=\"#tipos-de-peti%C3%A7%C3%A3o\" class=\"rank-math-link\">Quais os tipos que existem?<\/a><\/h2><p>A classifica\u00e7\u00e3o que apresentaremos aqui \u00e9 muito mais pr\u00e1tica do que de fato doutrin\u00e1ria ou jur\u00eddica.<\/p><p>No exerc\u00edcio da advocacia, independentemente do ramo de atua\u00e7\u00e3o, podemos perceber que existem tr\u00eas tipos b\u00e1sicos de peti\u00e7\u00e3o.<\/p><h3 class=\"wp-block-heading\">Confira os 3 tipos de peti\u00e7\u00e3o:<\/h3><h4 class=\"wp-block-heading\"><strong>Peti\u00e7\u00e3o inicial<\/strong><\/h4><p>Como o nome sugere, essa peti\u00e7\u00e3o \u00e9 a pe\u00e7a inaugural de um processo judicial. Ser\u00e1 o documento que ir\u00e1 instaurar o processo, levando ao Poder Judici\u00e1rio os fatos que constituem o direito. Exemplos de peti\u00e7\u00e3o inicial que podemos citar \u00e9 a A\u00e7\u00e3o.<\/p><p class=\"has-black-color has-text-color\"><strong>Rescis\u00f3ria e o Habeas Corpus<\/strong>. Saiba mais sobre a peti\u00e7\u00e3o inicial.<\/p><h4 class=\"wp-block-heading\"><strong>Peti\u00e7\u00e3o Intermedi\u00e1ria<\/strong><\/h4><p>S\u00e3o as peti\u00e7\u00f5es juntadas no decorrer do processo e s\u00e3o geralmente utilizadas para <strong>juntar algum documento ou prestar alguma informa\u00e7\u00e3o adicional <\/strong>solicitada pelo ju\u00edzo. Pode ser considerada, ainda, como peti\u00e7\u00e3o intermedi\u00e1ria as respostas juntadas pelo r\u00e9u. S\u00e3o exemplos deste tipo: a Peti\u00e7\u00e3o de Juntada de documentos, Contesta\u00e7\u00e3o e Contrarraz\u00f5es.<\/p><h4 class=\"wp-block-heading\"><strong>Peti\u00e7\u00e3o recursal (Recurso)<\/strong><\/h4><p>S\u00e3o aquelas que ir\u00e3o apresentar algum tipo de recurso, diante de uma decis\u00e3o ou senten\u00e7a no processo. Como exemplo, temos os Embargos de Declara\u00e7\u00e3o e o Recurso Especial.<\/p><p class=\"has-background-color-background-color has-background\">Voc\u00ea sabia que a plataforma ADVBOX oferece um recurso incr\u00edvel de Automatiza\u00e7\u00e3o de modelos de peti\u00e7\u00f5es? Entenda <a href=\"https:\/\/advbox.com.br\/blog\/como-automatizar-seus-modelos-de-peticoes\/\" class=\"rank-math-link\" target=\"_blank\">melhor neste artigo sobre como melhorar a sua produtividade no escrit\u00f3rio.<\/a><\/p><p>Ou acesse agora e gr\u00e1tis nosso manual b\u00e1sico de Taskscore sobre produtividade jur\u00eddica e saiba como aproveitar este recurso para as pr\u00f3ximas peti\u00e7\u00f5es:<\/p><h2 class=\"wp-block-heading\"><a class=\"rank-math-link\" href=\"#como-fazer-peti%C3%A7%C3%A3o\">Como fazer uma peti\u00e7\u00e3o?<\/a><\/h2><p>Conforme mencionamos logo no in\u00edcio, a peti\u00e7\u00e3o \u00e9 de suma import\u00e2ncia e redigi-la corretamente \u00e9 um dos requisitos para o sucesso no caso.<\/p><p>Inicialmente pode parecer complicado elaborar uma peti\u00e7\u00e3o, se atentando para tantos detalhes, tanto jur\u00eddicos como gramaticais. Contudo voc\u00ea ir\u00e1 ver que n\u00e3o \u00e9 imposs\u00edvel, e para lhe ajudar traremos dicas valiosas para voc\u00ea montar sua peti\u00e7\u00e3o.<\/p><h3 class=\"wp-block-heading\">Apresenta\u00e7\u00e3o da peti\u00e7\u00e3o<\/h3><p>O primeiro item a ser observado, quando se redige qualquer texto, mas principalmente uma peti\u00e7\u00e3o<strong>, \u00e9 a sua apar\u00eancia<\/strong>. Isso porque o primeiro ponto que algu\u00e9m &#8211; e nesse caso ser\u00e1 um juiz &#8211; analisa ao pegar um documento \u00e9 a est\u00e9tica e o aspecto visual que ele apresenta.<\/p><p>Portanto, cuide de todos os detalhes. Por exemplo, quando for digitar sua peti\u00e7\u00e3o, utilize uma <strong>fonte mais formal,<\/strong> utilizada para trabalhos acad\u00eamicos, por exemplo, Arial ou Times New Roman.<\/p><p>Al\u00e9m disso, preste aten\u00e7\u00e3o \u00e0 formata\u00e7\u00e3o dos par\u00e1grafos e do espa\u00e7amento entre linhas. Evite <strong>escrever par\u00e1grafos muito longos <\/strong>e utilize um bom espa\u00e7amento entre linhas (1,5) para a leitura n\u00e3o se tornar cansativa.<\/p><p>Tamb\u00e9m \u00e9 importante deixar um espa\u00e7o adequado entre o cabe\u00e7alho da peti\u00e7\u00e3o e o in\u00edcio do texto; muitos modelos de peti\u00e7\u00e3o j\u00e1 apresentam esse espa\u00e7amento.<\/p><h3 class=\"wp-block-heading\">Requisitos obrigat\u00f3rios<\/h3><p>A depender do tipo de peti\u00e7\u00e3o que voc\u00ea est\u00e1 redigindo, deve-se tomar muito cuidado quanto a quais os requisitos que ela demanda.<\/p><p>Por exemplo, se for uma peti\u00e7\u00e3o inicial de causa c\u00edvel, dever\u00e3o ser observados os requisitos do art. 319 do Novo C\u00f3digo de Processo Civil. Ou ent\u00e3o, se for um pedido de Habeas Corpus, dever\u00e3o ser seguidos os preceitos estabelecidos no art. 654, \u00a71\u00ba, do C\u00f3digo de Processo Penal.<\/p><p>De maneira geral, podemos dizer que a maioria das peti\u00e7\u00f5es ir\u00e1 requerer:<\/p><p>O nome do Ju\u00edzo a que se destina aquela peti\u00e7\u00e3o; O n\u00famero do processo judicial, caso n\u00e3o se trate de uma peti\u00e7\u00e3o inicial; o nome das partes e sua qualifica\u00e7\u00e3o; a narrativa dos fatos; os fundamentos jur\u00eddicos.<\/p><p>Portanto, atente-se para esses requisitos, que podem mudar de uma para outra peti\u00e7\u00e3o, a depender do tipo da mesma, ou ainda, a depender da \u00e1rea em que est\u00e1 se peticionando (c\u00edvel, penal, trabalhista, etc.).<\/p><h3 class=\"wp-block-heading\">Ser objetivo<\/h3><p>H\u00e1 alguns anos, ser um advogado prolixo e que <strong>desenvolvia suas peti\u00e7\u00f5es atrav\u00e9s de v\u00e1rias laudas<\/strong> com diversas teses, doutrinas e jurisprud\u00eancias, era comum e at\u00e9 bem visto pelo mundo jur\u00eddico.<\/p><p>Mas numa era em que o n\u00famero de processos judiciais aumenta exponencialmente a cada ano, fazer peti\u00e7\u00f5es com centenas de p\u00e1ginas &#8211; sem necessidade &#8211; n\u00e3o parece muito l\u00f3gico, n\u00e3o \u00e9?<\/p><p>Por isso, o quanto mais voc\u00ea puder ser conciso e objetivo em suas peti\u00e7\u00f5es, melhor! Explique com menos palavras, seja coerente em suas afirma\u00e7\u00f5es e evite repeti\u00e7\u00f5es sem necessidade.<\/p><h3 class=\"wp-block-heading\">Linguagem adequada<\/h3><p>Outro item b\u00e1sico e primordial na reda\u00e7\u00e3o de qualquer documento \u00e9 a observ\u00e2ncia da linguagem. Utilizar-se de <strong>recursos gramaticais adequados \u00e9 fundamental.<\/strong><\/p><p>Portanto, observe se voc\u00ea est\u00e1 utilizando o padr\u00e3o culto da l\u00edngua portuguesa, se est\u00e1 respeitando a concord\u00e2ncia nas senten\u00e7as e se n\u00e3o est\u00e1 utilizando palavras coloquiais, g\u00edrias ou abrevia\u00e7\u00f5es.<\/p><p>Obviamente que a pe\u00e7a em quest\u00e3o \u00e9 um documento t\u00e9cnico-jur\u00eddico. Portanto, h\u00e1 uma linguagem formal a ser observada e respeitada. Isso n\u00e3o quer dizer que o advogado dever\u00e1 encher sua pe\u00e7a de termos arcaicos e de dif\u00edcil compreens\u00e3o. At\u00e9 porque, isso iria de encontro ao que abordamos no item anterior quanto a ser objetivo!<\/p><h3 class=\"wp-block-heading\">Cita\u00e7\u00f5es<\/h3><p>A cita\u00e7\u00e3o de obras doutrin\u00e1rias e de entendimentos jurisprudenciais deve ser feita com parcim\u00f4nia!<\/p><p>Como j\u00e1 falamos anteriormente, tempos atr\u00e1s, era comum que as peti\u00e7\u00f5es fossem gigantescas, repletas de teses e de cita\u00e7\u00f5es. Era normal que os advogados colacionassem diversos julgados a fim de demonstrar o entendimento dos tribunais.<\/p><p>Hoje em dia, na era da informa\u00e7\u00e3o, n\u00e3o se faz mais necess\u00e1rio isso, obviamente. Mencionar alguns entendimentos e utilizar algumas jurisprud\u00eancias e doutrinas, de forma a dar mais consist\u00eancia ao que est\u00e1 se afirmando, \u00e9 natural! S\u00f3 tome cuidado com exageros.<\/p><p>Al\u00e9m disso, n\u00e3o h\u00e1 mais necessidade de se transcrever a letra seca da lei na peti\u00e7\u00e3o, a n\u00e3o ser que o contexto claramente o exija. \u00c9 muito mais v\u00e1lido discorrer sobre o caso concreto e apenas citar o artigo legal a que esse fato se subsume.<\/p><h2 class=\"wp-block-heading\"><strong><a href=\"#importancia-peti%C3%A7%C3%A3o\" class=\"rank-math-link\">Qual sua import\u00e2ncia de uma peti\u00e7\u00e3o<\/a><\/strong><\/h2><p>A peti\u00e7\u00e3o \u00e9, como mencionamos, o meio de comunica\u00e7\u00e3o entre o advogado e o juiz. Considerando que, se n\u00e3o todas, mas a maioria das peti\u00e7\u00f5es \u00e9 escrita, deve-se dar total aten\u00e7\u00e3o \u00e0 forma como se exp\u00f5e \u00e0s ideias no documento.<\/p><p>\u00c9 atrav\u00e9s dela que o magistrado poder\u00e1 deferir ou indeferir a solicita\u00e7\u00e3o feita pelo advogado, portanto, ter no\u00e7\u00e3o do que e como pedir \u00e9 fundamental para o \u00eaxito do procedimento &#8211; ou at\u00e9 da a\u00e7\u00e3o!<\/p><p>Ademais, \u00e9 atrav\u00e9s da peti\u00e7\u00e3o (inicial, intermedi\u00e1ria, se for o caso, ou recursal) que se dar\u00e1 o impulso ao processo. Destarte, al\u00e9m de uma excelente exposi\u00e7\u00e3o dos fatos e direitos do cliente, o advogado dever\u00e1 <strong>considerar ainda os prazos e demais requisitos para protocolar esta peti\u00e7\u00e3o<\/strong>!<\/p><h2 class=\"wp-block-heading\"><a href=\"#modelo-de-peti%C3%A7%C3%B5es\" class=\"rank-math-link\">Como organizar diversos modelos de peti\u00e7\u00f5es?<\/a><\/h2><p>Se voc\u00ea leu at\u00e9 aqui, deve ter percebido que al\u00e9m de v\u00e1rios tipos de peti\u00e7\u00f5es existentes. Assim, se observa que nas diversas \u00e1reas do Direito, h\u00e1 muitas coisas a serem observadas durante sua elabora\u00e7\u00e3o.<\/p><p>E diante de uma rotina atribulada de um escrit\u00f3rio, com diversos clientes, como manter-se atento aos modelos de peti\u00e7\u00f5es e organizar-se melhor quanto ao peticionamento? <strong><\/strong><\/p><p>Todo advogado sabe que n\u00e3o \u00e9 f\u00e1cil fazer um<span>\u00a0<\/span><strong>bom banco de modelos de peti\u00e7\u00f5es, que atenda as especificidades dos diferentes processos<span>\u00a0<\/span><\/strong>no dia a dia do trabalho jur\u00eddico.<\/p><div style=\"height:20px\" aria-hidden=\"true\" class=\"wp-block-spacer\"><\/div><p class=\"has-black-color has-background-color-background-color has-text-color has-background\"><a href=\"https:\/\/advbox.com.br\/blog\/assista-demonstracao-advbox\/\" class=\"rank-math-link\" target=\"_blank\">Assista ao v\u00eddeo demonstra\u00e7\u00e3o sobre o <strong>software jur\u00eddico Advbox <\/strong>e entenda todas as fun\u00e7\u00f5es que a ADVBOX oferece para os escrit\u00f3rios de advocacia.<\/a><\/p><div style=\"height:20px\" aria-hidden=\"true\" class=\"wp-block-spacer\"><\/div><p>Isso exige muito tempo gasto com a pesquisa de peti\u00e7\u00f5es, organiza\u00e7\u00e3o dos arquivos e tamb\u00e9m com a atualiza\u00e7\u00e3o das pe\u00e7as conforme mudan\u00e7as de jurisprud\u00eancia regional ou altera\u00e7\u00f5es em entendimentos de tribunais superiores.:<\/p><p>Por\u00e9m, com a plataforma certa para advocacia digital, \u00e9 poss\u00edvel economizar todo esse tempo gasto<strong>. Basta um \u00fanico membro da equipe atualizar ou alterar algum modelo de pe\u00e7a processual no sistema para atualizar para todos usu\u00e1rios da plataforma!<\/strong><\/p><p>Conhe\u00e7a agora nosso <a href=\"https:\/\/advbox.com.br\/\" class=\"rank-math-link\" target=\"_blank\">software jur\u00eddico Advbox <\/a>que pode auxiliar todo advogado em realizar a melhor gest\u00e3o do seu escrit\u00f3rio e organizar seus modelos de peti\u00e7\u00f5es.<\/p><p>Al\u00e9m de ser poss\u00edvel<span>\u00a0<\/span><strong>acelerar a produtividade do trabalho jur\u00eddico<\/strong><span>\u00a0<\/span>de maneira bem relevante e potencializar ainda mais o crescimento do seu escrit\u00f3rio com os v\u00e1rios outros recursos das ferramentas de advocacia digital.<span>\u00a0<\/span><\/p>\n","protected":false},"excerpt":{"rendered":"<p>Se pud\u00e9ssemos fazer uma analogia, poder\u00edamos dizer que o bisturi est\u00e1 para o m\u00e9dico, assim como a peti\u00e7\u00e3o est\u00e1 para o advogado, n\u00e3o \u00e9? A peti\u00e7\u00e3o \u00e9 um dos principais meios de atua\u00e7\u00e3o do advogado que trabalha com processos judiciais atualmente. E a sua import\u00e2ncia \u00e9 t\u00e3o grande, que conhec\u00ea-la [&hellip;]<\/p>\n","protected":false},"author":2,"featured_media":21613,"parent":0,"menu_order":0,"comment_status":"closed","ping_status":"closed","template":"","meta":{"_acf_changed":false,"om_disable_all_campaigns":false,"footnotes":""},"class_list":["post-12880","page","type-page","status-publish","has-post-thumbnail","hentry"],"acf":[],"yoast_head":"<!-- This site is optimized with the Yoast SEO plugin v26.9 - https:\/\/yoast.com\/product\/yoast-seo-wordpress\/ -->\n<title>Peti\u00e7\u00e3o: o que voc\u00ea precisa saber para elaborar com sucesso<\/title>\n<meta name=\"description\" content=\"O que \u00e9 peti\u00e7\u00e3o? Quais os tipos? Como fazer ? Veja as informa\u00e7\u00f5es principais que voc\u00ea n\u00e3o pode deixar de saber sobre peti\u00e7\u00e3o.\u00a0\" \/>\n<meta name=\"robots\" content=\"index, follow, max-snippet:-1, max-image-preview:large, max-video-preview:-1\" \/>\n<link rel=\"canonical\" href=\"https:\/\/advbox.com.br\/blog\/o-que-voce-precisa-saber-sobre-peticao\/\" \/>\n<meta property=\"og:locale\" content=\"pt_BR\" \/>\n<meta property=\"og:type\" content=\"article\" \/>\n<meta property=\"og:title\" content=\"Peti\u00e7\u00e3o: o que voc\u00ea precisa saber para elaborar com sucesso\" \/>\n<meta property=\"og:description\" content=\"O que \u00e9 peti\u00e7\u00e3o? Quais os tipos? Como fazer ? Veja as informa\u00e7\u00f5es principais que voc\u00ea n\u00e3o pode deixar de saber sobre peti\u00e7\u00e3o.\u00a0\" \/>\n<meta property=\"og:url\" content=\"https:\/\/advbox.com.br\/blog\/o-que-voce-precisa-saber-sobre-peticao\/\" \/>\n<meta property=\"og:site_name\" content=\"Software Jur\u00eddico Completo - ADVBOX\" \/>\n<meta property=\"article:publisher\" content=\"https:\/\/www.facebook.com\/advbox\/\" \/>\n<meta property=\"article:modified_time\" content=\"2025-11-12T19:45:21+00:00\" \/>\n<meta property=\"og:image\" content=\"https:\/\/advbox.com.br\/blog\/wp-content\/uploads\/2021\/01\/advbox-7.jpg\" \/>\n\t<meta property=\"og:image:width\" content=\"626\" \/>\n\t<meta property=\"og:image:height\" content=\"417\" \/>\n\t<meta property=\"og:image:type\" content=\"image\/jpeg\" \/>\n<meta name=\"twitter:card\" content=\"summary_large_image\" \/>\n<meta name=\"twitter:site\" content=\"@advbox2\" \/>\n<script type=\"application\/ld+json\" class=\"yoast-schema-graph\">{\"@context\":\"https:\/\/schema.org\",\"@graph\":[{\"@type\":\"WebPage\",\"@id\":\"https:\/\/advbox.com.br\/blog\/o-que-voce-precisa-saber-sobre-peticao\/\",\"url\":\"https:\/\/advbox.com.br\/blog\/o-que-voce-precisa-saber-sobre-peticao\/\",\"name\":\"Peti\u00e7\u00e3o: o que voc\u00ea precisa saber para elaborar com sucesso\",\"isPartOf\":{\"@id\":\"https:\/\/advbox.com.br\/blog\/#website\"},\"primaryImageOfPage\":{\"@id\":\"https:\/\/advbox.com.br\/blog\/o-que-voce-precisa-saber-sobre-peticao\/#primaryimage\"},\"image\":{\"@id\":\"https:\/\/advbox.com.br\/blog\/o-que-voce-precisa-saber-sobre-peticao\/#primaryimage\"},\"thumbnailUrl\":\"https:\/\/advbox.com.br\/blog\/wp-content\/uploads\/2021\/01\/advbox-7.jpg\",\"datePublished\":\"2019-05-28T12:51:49+00:00\",\"dateModified\":\"2025-11-12T19:45:21+00:00\",\"description\":\"O que \u00e9 peti\u00e7\u00e3o? Quais os tipos? Como fazer ? Veja as informa\u00e7\u00f5es principais que voc\u00ea n\u00e3o pode deixar de saber sobre peti\u00e7\u00e3o.\u00a0\",\"breadcrumb\":{\"@id\":\"https:\/\/advbox.com.br\/blog\/o-que-voce-precisa-saber-sobre-peticao\/#breadcrumb\"},\"inLanguage\":\"pt-BR\",\"potentialAction\":[{\"@type\":\"ReadAction\",\"target\":[\"https:\/\/advbox.com.br\/blog\/o-que-voce-precisa-saber-sobre-peticao\/\"]}]},{\"@type\":\"ImageObject\",\"inLanguage\":\"pt-BR\",\"@id\":\"https:\/\/advbox.com.br\/blog\/o-que-voce-precisa-saber-sobre-peticao\/#primaryimage\",\"url\":\"https:\/\/advbox.com.br\/blog\/wp-content\/uploads\/2021\/01\/advbox-7.jpg\",\"contentUrl\":\"https:\/\/advbox.com.br\/blog\/wp-content\/uploads\/2021\/01\/advbox-7.jpg\",\"width\":626,\"height\":417,\"caption\":\"O que voc\u00ea precisa saber sobre Peti\u00e7\u00e3o\"},{\"@type\":\"BreadcrumbList\",\"@id\":\"https:\/\/advbox.com.br\/blog\/o-que-voce-precisa-saber-sobre-peticao\/#breadcrumb\",\"itemListElement\":[{\"@type\":\"ListItem\",\"position\":1,\"name\":\"In\u00edcio\",\"item\":\"https:\/\/advbox.com.br\/blog\/\"},{\"@type\":\"ListItem\",\"position\":2,\"name\":\"Peti\u00e7\u00e3o: o que voc\u00ea precisa saber para elaborar com sucesso\"}]},{\"@type\":\"WebSite\",\"@id\":\"https:\/\/advbox.com.br\/blog\/#website\",\"url\":\"https:\/\/advbox.com.br\/blog\/\",\"name\":\"Software Jur\u00eddico Completo - ADVBOX\",\"description\":\"Plataforma para Advocacia Digital\",\"publisher\":{\"@id\":\"https:\/\/advbox.com.br\/blog\/#organization\"},\"potentialAction\":[{\"@type\":\"SearchAction\",\"target\":{\"@type\":\"EntryPoint\",\"urlTemplate\":\"https:\/\/advbox.com.br\/blog\/?s={search_term_string}\"},\"query-input\":{\"@type\":\"PropertyValueSpecification\",\"valueRequired\":true,\"valueName\":\"search_term_string\"}}],\"inLanguage\":\"pt-BR\"},{\"@type\":\"Organization\",\"@id\":\"https:\/\/advbox.com.br\/blog\/#organization\",\"name\":\"ADVBOX Blog - Software jur\u00eddico da advocacia digital\",\"url\":\"https:\/\/advbox.com.br\/blog\/\",\"logo\":{\"@type\":\"ImageObject\",\"inLanguage\":\"pt-BR\",\"@id\":\"https:\/\/advbox.com.br\/blog\/#\/schema\/logo\/image\/\",\"url\":\"https:\/\/advbox.com.br\/blog\/wp-content\/uploads\/2019\/12\/Como-aumentar-a-produtividade_.jpg\",\"contentUrl\":\"https:\/\/advbox.com.br\/blog\/wp-content\/uploads\/2019\/12\/Como-aumentar-a-produtividade_.jpg\",\"width\":320,\"height\":213,\"caption\":\"ADVBOX Blog - Software jur\u00eddico da advocacia digital\"},\"image\":{\"@id\":\"https:\/\/advbox.com.br\/blog\/#\/schema\/logo\/image\/\"},\"sameAs\":[\"https:\/\/www.facebook.com\/advbox\/\",\"https:\/\/x.com\/advbox2\"]}]}<\/script>\n<!-- \/ Yoast SEO plugin. -->","yoast_head_json":{"title":"Peti\u00e7\u00e3o: o que voc\u00ea precisa saber para elaborar com sucesso","description":"O que \u00e9 peti\u00e7\u00e3o? Quais os tipos? Como fazer ? Veja as informa\u00e7\u00f5es principais que voc\u00ea n\u00e3o pode deixar de saber sobre peti\u00e7\u00e3o.\u00a0","robots":{"index":"index","follow":"follow","max-snippet":"max-snippet:-1","max-image-preview":"max-image-preview:large","max-video-preview":"max-video-preview:-1"},"canonical":"https:\/\/advbox.com.br\/blog\/o-que-voce-precisa-saber-sobre-peticao\/","og_locale":"pt_BR","og_type":"article","og_title":"Peti\u00e7\u00e3o: o que voc\u00ea precisa saber para elaborar com sucesso","og_description":"O que \u00e9 peti\u00e7\u00e3o? Quais os tipos? Como fazer ? Veja as informa\u00e7\u00f5es principais que voc\u00ea n\u00e3o pode deixar de saber sobre peti\u00e7\u00e3o.\u00a0","og_url":"https:\/\/advbox.com.br\/blog\/o-que-voce-precisa-saber-sobre-peticao\/","og_site_name":"Software Jur\u00eddico Completo - ADVBOX","article_publisher":"https:\/\/www.facebook.com\/advbox\/","article_modified_time":"2025-11-12T19:45:21+00:00","og_image":[{"width":626,"height":417,"url":"https:\/\/advbox.com.br\/blog\/wp-content\/uploads\/2021\/01\/advbox-7.jpg","type":"image\/jpeg"}],"twitter_card":"summary_large_image","twitter_site":"@advbox2","schema":{"@context":"https:\/\/schema.org","@graph":[{"@type":"WebPage","@id":"https:\/\/advbox.com.br\/blog\/o-que-voce-precisa-saber-sobre-peticao\/","url":"https:\/\/advbox.com.br\/blog\/o-que-voce-precisa-saber-sobre-peticao\/","name":"Peti\u00e7\u00e3o: o que voc\u00ea precisa saber para elaborar com sucesso","isPartOf":{"@id":"https:\/\/advbox.com.br\/blog\/#website"},"primaryImageOfPage":{"@id":"https:\/\/advbox.com.br\/blog\/o-que-voce-precisa-saber-sobre-peticao\/#primaryimage"},"image":{"@id":"https:\/\/advbox.com.br\/blog\/o-que-voce-precisa-saber-sobre-peticao\/#primaryimage"},"thumbnailUrl":"https:\/\/advbox.com.br\/blog\/wp-content\/uploads\/2021\/01\/advbox-7.jpg","datePublished":"2019-05-28T12:51:49+00:00","dateModified":"2025-11-12T19:45:21+00:00","description":"O que \u00e9 peti\u00e7\u00e3o? Quais os tipos? Como fazer ? Veja as informa\u00e7\u00f5es principais que voc\u00ea n\u00e3o pode deixar de saber sobre peti\u00e7\u00e3o.\u00a0","breadcrumb":{"@id":"https:\/\/advbox.com.br\/blog\/o-que-voce-precisa-saber-sobre-peticao\/#breadcrumb"},"inLanguage":"pt-BR","potentialAction":[{"@type":"ReadAction","target":["https:\/\/advbox.com.br\/blog\/o-que-voce-precisa-saber-sobre-peticao\/"]}]},{"@type":"ImageObject","inLanguage":"pt-BR","@id":"https:\/\/advbox.com.br\/blog\/o-que-voce-precisa-saber-sobre-peticao\/#primaryimage","url":"https:\/\/advbox.com.br\/blog\/wp-content\/uploads\/2021\/01\/advbox-7.jpg","contentUrl":"https:\/\/advbox.com.br\/blog\/wp-content\/uploads\/2021\/01\/advbox-7.jpg","width":626,"height":417,"caption":"O que voc\u00ea precisa saber sobre Peti\u00e7\u00e3o"},{"@type":"BreadcrumbList","@id":"https:\/\/advbox.com.br\/blog\/o-que-voce-precisa-saber-sobre-peticao\/#breadcrumb","itemListElement":[{"@type":"ListItem","position":1,"name":"In\u00edcio","item":"https:\/\/advbox.com.br\/blog\/"},{"@type":"ListItem","position":2,"name":"Peti\u00e7\u00e3o: o que voc\u00ea precisa saber para elaborar com sucesso"}]},{"@type":"WebSite","@id":"https:\/\/advbox.com.br\/blog\/#website","url":"https:\/\/advbox.com.br\/blog\/","name":"Software Jur\u00eddico Completo - ADVBOX","description":"Plataforma para Advocacia Digital","publisher":{"@id":"https:\/\/advbox.com.br\/blog\/#organization"},"potentialAction":[{"@type":"SearchAction","target":{"@type":"EntryPoint","urlTemplate":"https:\/\/advbox.com.br\/blog\/?s={search_term_string}"},"query-input":{"@type":"PropertyValueSpecification","valueRequired":true,"valueName":"search_term_string"}}],"inLanguage":"pt-BR"},{"@type":"Organization","@id":"https:\/\/advbox.com.br\/blog\/#organization","name":"ADVBOX Blog - Software jur\u00eddico da advocacia digital","url":"https:\/\/advbox.com.br\/blog\/","logo":{"@type":"ImageObject","inLanguage":"pt-BR","@id":"https:\/\/advbox.com.br\/blog\/#\/schema\/logo\/image\/","url":"https:\/\/advbox.com.br\/blog\/wp-content\/uploads\/2019\/12\/Como-aumentar-a-produtividade_.jpg","contentUrl":"https:\/\/advbox.com.br\/blog\/wp-content\/uploads\/2019\/12\/Como-aumentar-a-produtividade_.jpg","width":320,"height":213,"caption":"ADVBOX Blog - Software jur\u00eddico da advocacia digital"},"image":{"@id":"https:\/\/advbox.com.br\/blog\/#\/schema\/logo\/image\/"},"sameAs":["https:\/\/www.facebook.com\/advbox\/","https:\/\/x.com\/advbox2"]}]}},"_links":{"self":[{"href":"https:\/\/advbox.com.br\/blog\/wp-json\/wp\/v2\/pages\/12880","targetHints":{"allow":["GET"]}}],"collection":[{"href":"https:\/\/advbox.com.br\/blog\/wp-json\/wp\/v2\/pages"}],"about":[{"href":"https:\/\/advbox.com.br\/blog\/wp-json\/wp\/v2\/types\/page"}],"author":[{"embeddable":true,"href":"https:\/\/advbox.com.br\/blog\/wp-json\/wp\/v2\/users\/2"}],"replies":[{"embeddable":true,"href":"https:\/\/advbox.com.br\/blog\/wp-json\/wp\/v2\/comments?post=12880"}],"version-history":[{"count":4,"href":"https:\/\/advbox.com.br\/blog\/wp-json\/wp\/v2\/pages\/12880\/revisions"}],"predecessor-version":[{"id":78952,"href":"https:\/\/advbox.com.br\/blog\/wp-json\/wp\/v2\/pages\/12880\/revisions\/78952"}],"wp:featuredmedia":[{"embeddable":true,"href":"https:\/\/advbox.com.br\/blog\/wp-json\/wp\/v2\/media\/21613"}],"wp:attachment":[{"href":"https:\/\/advbox.com.br\/blog\/wp-json\/wp\/v2\/media?parent=12880"}],"curies":[{"name":"wp","href":"https:\/\/api.w.org\/{rel}","templated":true}]}}