{"id":13084,"date":"2024-09-12T15:36:19","date_gmt":"2024-09-12T18:36:19","guid":{"rendered":"https:\/\/advbox.com.br\/blog\/?page_id=13084"},"modified":"2025-04-10T09:48:26","modified_gmt":"2025-04-10T12:48:26","slug":"modelo-de-contrato-de-compra-e-venda","status":"publish","type":"page","link":"https:\/\/advbox.com.br\/blog\/modelo-de-contrato-de-compra-e-venda\/","title":{"rendered":"Modelo de contrato de compra e venda de im\u00f3vel com sinal e parcelas"},"content":{"rendered":"\n<p class=\"has-text-align-center\"><strong><em>Quer descobrir como automatizar o preenchimento de todos os seus modelos de peti\u00e7\u00e3o e otimizar o tempo de toda sua equipe? <a href=\"https:\/\/advbox.com.br\/blog\/como-automatizar-seus-modelos-de-peticoes\" alt=\"Automatize o preenchimento das suas Peti\u00e7\u00f5es e otimize Tempo\" target=\"_blank\">Clique aqui<\/a><\/em><\/strong><\/p>\n\n\n\n<h1 class=\"wp-block-heading\"><strong>MODELO DE CONTRATO DE COMPRA E VENDA<\/strong><\/h1>\n\n\n\n<p class=\"has-text-align-center\"><span style=\"color: #000080;\"><strong>CONTRATO DE COMPROMISSO DE COMPRA E VENDA<\/strong><\/span><\/p>\n\n\n\n<p><span style=\"color: #000080;\"><strong><\/strong><\/span><\/p>\n\n\n\n<p><span><\/span><\/p>\n\n\n\n<p><span><strong>PARTES<\/strong><\/span><\/p>\n\n\n\n<p><span><\/span><span><strong>COMPROMITENTE(S) VENDEDOR(ES)<\/strong><\/span><span>.<\/span><span><strong>COMPROMISS\u00c1RIO(S) COMPRADOR(ES)<\/strong><\/span><span>, (Nome do Compromiss\u00e1rio), (Nacionalidade), (Profiss\u00e3o), (Estado Civil), (Documentos de Identifica\u00e7\u00e3o &#8211; Carteira de Identidade e C.I.C), residente e domiciliado na Rua (xxx), n.\u00ba (xxx), bairro (xxx), cidade (xxx), Cep. (xxx), no Estado (xxx), e sua esposa (Nome), (Nacionalidade), (Profiss\u00e3o), (Documentos de Identifica\u00e7\u00e3o &#8211; Carteira de Identidade e C.I.C); ambos capazes. <\/span><span><strong>CONTRATO DE COMPROMISSO DE COMPRA E VENDA<\/strong><\/span><span>, ficando desde j\u00e1 aceito, pelas cl\u00e1usulas abaixo descritas.<\/span><\/p>\n\n\n\n<p><span><strong>CL\u00c1USULA 1 &#8211; OBJETO DO CONTRATO<\/strong><\/span><\/p>\n\n\n\n<p><span><\/span><span><strong>OBJETO<\/strong><\/span><span>, o im\u00f3vel de propriedade do <\/span><span><strong>COMPROMITENTE<\/strong><\/span><span>, situado na Rua (xxx), bairro (xxx), cidade (xxx), Cep (xxx), no Estado (xxx); com (xxx) metros quadrados, divididos em (xxx) c\u00f4modos, completamente vazios, sob o Registro n.\u00ba (xxx), do Cart\u00f3rio do (xxx) Of\u00edcio de Registro de Im\u00f3veis, livre de \u00f4nus ou quaisquer d\u00edvidas e, em boas condi\u00e7\u00f5es de habitabilidade.<\/span><span>PAR\u00c1GRAFO PRIMEIRO<\/span><span>: <\/span><span><strong>DAS CONDI\u00c7\u00d5ES DO IM\u00d3VEL<\/strong><\/span><span>: O im\u00f3vel entregue na Data da assinatura deste contrato est\u00e1 pintado e com todos acess\u00f3rios em perfeito funcionamento, livre de qualquer v\u00edcio oculto ou aparente, assumindo o <\/span><span><strong>COMPROMISS\u00c1RIO<\/strong><\/span><span> todos os riscos que possam advir, inclusive os oriundos de senten\u00e7a judicial. <\/span><span>PAR\u00c1GRAFO SEGUNDO<\/span><span>: <\/span><span><strong>DA POSSE<\/strong><\/span><span>: Ap\u00f3s a assinatura do presente contrato, o <\/span><span><strong>COMPROMISS\u00c1RIO<\/strong><\/span><span> entrar\u00e1 imediatamente na posse do im\u00f3vel, ressalvando-se que o far\u00e1 em nome do <\/span><span><strong>COMPROMITENTE<\/strong><\/span><span> at\u00e9 o Registro junto ao Cart\u00f3rio de Registro de Im\u00f3veis do (xxx) Of\u00edcio.<\/span><span>PAR\u00c1GRAFO TERCEIRO<\/span><span>: <\/span><span><strong>DAS BENFEITORIAS<\/strong><\/span><span>: Facultar\u00e1 ao <\/span><span><strong>COMPROMISS\u00c1RIO<\/strong><\/span><span> realizar benfeitorias no im\u00f3vel, ressalvando-se que as mesmas incorporar\u00e3o ao mesmo. Sem que o <\/span><span><strong>COMPROMISS\u00c1RIO<\/strong><\/span><span> fa\u00e7a jus a qualquer esp\u00e9cie de indeniza\u00e7\u00e3o.<\/span><\/p>\n\n\n\n<p><span><strong>CL\u00c1USULA 2 &#8211; PRE\u00c7O E FORMA DE PAGAMENTO<\/strong><\/span><\/p>\n\n\n\n<p><span><\/span><span><strong>COMPROMISS\u00c1RIO<\/strong><\/span><span>, concorda em realizar o pagamento do pre\u00e7o total de R$ (xxx) (Valor Expresso), sendo que este valor ser\u00e1 dividido da seguinte forma: <\/span><span><strong>SINAL<\/strong><\/span><span> de R$ (xxx) (Valor Expresso), a ser efetuado em dinheiro, diretamente ao <\/span><span><strong>COMPROMITENTE<\/strong><\/span><span> no ato da assinatura do presente instrumento, que emitir\u00e1, de pronto, recibo assinado pelos mesmos e suas respectivas esposas, bem como por duas testemunhas, restando acordado que o sinal \u00e9 princ\u00edpio de pagamento, ficando a este vinculado. <\/span><span><strong>PARCELAS<\/strong><\/span><span>: o restante do valor, ou seja, o valor total diminu\u00eddo do sinal, ser\u00e1 pago em (xxx) parcelas, referentes \u00e0s duplicatas n.\u00ba (xxx) \u00e0 (xxx).<\/span><span>PAR\u00c1GRAFO PRIMEIRO<\/span><span>: <\/span><span><strong>DAS DUPLICATAS<\/strong><\/span><span>: As duplicatas, bem como a c\u00f3pia do recibo autenticada, oriunda do pagamento do sinal, fazem parte do presente instrumento, sendo que as primeiras ser\u00e3o devolvidas ao <\/span><span><strong>COMPROMISS\u00c1RIO<\/strong><\/span><span> no momento em que forem realizados os pagamentos.<\/span><span>PAR\u00c1GRAFO SEGUNDO<\/span><span>: <\/span><span><strong>PAGAMENTO E RECIBOS<\/strong><\/span><span>: Todos os pagamentos das duplicatas, ser\u00e3o feitos em dinheiro, diretamente ao <\/span><span><strong>COMPROMITENTE<\/strong><\/span><span> no seu endere\u00e7o residencial, ou ao seu representante legal (Nome, Identifica\u00e7\u00e3o e Endere\u00e7o). O pagamento ser\u00e1 acompanhado da emiss\u00e3o de recibo que discriminar\u00e1 todos os valores. <\/span><\/p>\n\n\n\n<p><span><strong>CL\u00c1USULA 3 &#8211; FALTA DE PAGAMENTO<\/strong><\/span><\/p>\n\n\n\n<p><span><\/span><span><strong>COMPROMITENTE<\/strong><\/span><span>, a faculdade de cobr\u00e1-las atrav\u00e9s de todos os meios admitidos em direito, independente de interpela\u00e7\u00e3o ou qualquer medida judicial ou extrajudicial pr\u00e9via.<\/span><span>PAR\u00c1GRAFO PRIMEIRO<\/span><span>: <\/span><span><strong>DA RESCIS\u00c3O<\/strong><\/span><span>: A inadimpl\u00eancia dos pagamentos por mais de tr\u00eas meses, acarretar\u00e1 de plano a rescis\u00e3o deste instrumento, independente de comunica\u00e7\u00e3o pr\u00e9via, sem direito a indeniza\u00e7\u00e3o alguma, salvo a restitui\u00e7\u00e3o do valor pago. J\u00e1 os acr\u00e9scimos, corre\u00e7\u00f5es e o valor dado a t\u00edtulo de sinal, ser\u00e3o revertidos em favor do<\/span><span><strong>COMPROMITENTE<\/strong><\/span><span>. <\/span><span>PAR\u00c1GRAFO SEGUNDO<\/span><span>: <\/span><span><strong>TOLER\u00c2NCIA<\/strong><\/span><span>: O <\/span><span><strong>COMPROMISS\u00c1RIO<\/strong><\/span><span> ter\u00e1 a toler\u00e2ncia de cinco dias \u00fateis contados a partir do vencimento, para realizar o pagamento das duplicatas, caso contr\u00e1rio gerar\u00e1 o direito mencionado no <\/span><span>caput<\/span><span> da presente cl\u00e1usula. O recebimento das parcelas em atraso configura mera liberalidade, ou seja, n\u00e3o tem o cond\u00e3o de modificar quaisquer cl\u00e1usulas ou de realizar nova\u00e7\u00e3o.<\/span><span>PAR\u00c1GRAFO TERCEIRO<\/span><span>: <\/span><span><strong>MULTA<\/strong><\/span><span>: Passado o prazo de toler\u00e2ncia, o <\/span><span><strong>COMPROMITENTE<\/strong><\/span><span> ter\u00e1 a faculdade de rescindir o contrato. Restar\u00e1 ao <\/span><span><strong>COMPROMISS\u00c1RIO<\/strong><\/span><span> em mora, contados a partir do 1\u00ba dia \u00fatil ap\u00f3s o prazo de toler\u00e2ncia, sendo-lhe cobrado juro de mora estipulado em 1% (um por cento) ao m\u00eas e multa no valor de R$ (xxx) (Valor Expresso). <\/span><\/p>\n\n\n\n<p><span><strong>CL\u00c1USULA 8 &#8211; TRANSFER\u00caNCIA DA PROPRIEDADE<\/strong><\/span><\/p>\n\n\n\n<p><span><\/span><span>PAR\u00c1GRAFO PRIMEIRO<\/span><span>: Estando conclu\u00edda a referida Escritura o <\/span><span><strong>COMPROMISS\u00c1RIO<\/strong><\/span><span> ter\u00e1 o prazo de 10 (dez) dias \u00fateis para registr\u00e1-la junto ao Cart\u00f3rio de Registro de Im\u00f3veis.<\/span><span>PAR\u00c1GRAFO SEGUNDO<\/span><span>Todas as despesas ligadas direta ou indiretamente \u00e0 exce\u00e7\u00e3o do contrato, bem como aquelas referentes \u00e0 transfer\u00eancia da propriedade, tais como escritura e registro, ficar\u00e3o sob responsabilidade do <\/span><span><strong>COMPROMISS\u00c1RIO<\/strong><\/span><span>, somando-se a estas, as despesas ligadas \u00e0 tradi\u00e7\u00e3o do im\u00f3vel. <\/span><span>PAR\u00c1GRAFO TERCEIRO<\/span><span>: <\/span><span><strong>CADASTROS MUNICIPAIS<\/strong><\/span><span>: Os cadastros municipais dever\u00e3o ser modificados ap\u00f3s o registro imobili\u00e1rio. <\/span><\/p>\n\n\n\n<p><span><strong>CL\u00c1USULA 5 &#8211; DISPOSI\u00c7\u00d5ES FINAIS<\/strong><\/span><\/p>\n\n\n\n<p><span><\/span><\/p>\n\n\n\n<p><span><\/span><\/p>\n\n\n\n<p><span><\/span><\/p>\n\n\n\n<p><span><\/span><\/p>\n\n\n\n<p><span><\/span><\/p>\n\n\n\n<p class=\"has-text-align-center\">Descubra como ampliar a sua carteira de clientes com MARKETING JUR\u00cdDICO DIGITAL e descubra todas as vantagens que o <a href=\"https:\/\/advbox.com.br\/blog\/escritorio-digital\" target=\"_blank\">ESCRIT\u00d3RIO DIGITAL<\/a> pode trazer para a sua advocacia garantindo a produtividade da sua equipe, melhorando os resultados e organiza\u00e7\u00e3o com o mais completo <a href=\"https:\/\/advbox.com.br\/blog\/software-juridico-ideal\" target=\"_blank\">SOFTWARE JUR\u00cdDICO<\/a> do mercado brasileiro.<\/p>\n\n\n\n<figure class=\"wp-block-image\"><a href=\"https:\/\/advbox.com.br\/blog\/como-automatizar-seus-modelos-de-peticoes\/\" target=\"_blank\"><img fetchpriority=\"high\" decoding=\"async\" width=\"1000\" height=\"276\" src=\"https:\/\/advbox.com.br\/blog\/wp-content\/uploads\/2019\/05\/automatize_a_produ\u00e7\u00e3o_de_suas_peti\u00e7\u00f5es.png\" alt=\"Automatize a Produ\u00e7\u00e3o de suas Peti\u00e7\u00f5es - Torne sua Advocacia ainda mais inteligente\" class=\"wp-image-11456\" srcset=\"https:\/\/advbox.com.br\/blog\/wp-content\/uploads\/2019\/05\/automatize_a_produ\u00e7\u00e3o_de_suas_peti\u00e7\u00f5es.png 1000w, https:\/\/advbox.com.br\/blog\/wp-content\/uploads\/2019\/05\/automatize_a_produ\u00e7\u00e3o_de_suas_peti\u00e7\u00f5es-300x83.png 300w, https:\/\/advbox.com.br\/blog\/wp-content\/uploads\/2019\/05\/automatize_a_produ\u00e7\u00e3o_de_suas_peti\u00e7\u00f5es-768x212.png 768w\" sizes=\"(max-width: 1000px) 100vw, 1000px\" \/><\/a><\/figure>\n\n\n\n<p class=\"has-text-align-center\"><\/p>\n","protected":false},"excerpt":{"rendered":"<p>Quer descobrir como automatizar o preenchimento de todos os seus modelos de peti\u00e7\u00e3o e otimizar o tempo de toda sua equipe? Clique aqui MODELO DE CONTRATO DE COMPRA E VENDA CONTRATO DE COMPROMISSO DE COMPRA E VENDA PARTES COMPROMITENTE(S) VENDEDOR(ES).COMPROMISS\u00c1RIO(S) COMPRADOR(ES), (Nome do Compromiss\u00e1rio), (Nacionalidade), (Profiss\u00e3o), (Estado Civil), (Documentos de [&hellip;]<\/p>\n","protected":false},"author":44,"featured_media":11456,"parent":0,"menu_order":0,"comment_status":"closed","ping_status":"closed","template":"","meta":{"_acf_changed":false,"om_disable_all_campaigns":false,"footnotes":""},"class_list":["post-13084","page","type-page","status-publish","has-post-thumbnail","hentry"],"acf":[],"yoast_head":"<!-- This site is optimized with the Yoast SEO plugin v26.9 - https:\/\/yoast.com\/product\/yoast-seo-wordpress\/ -->\n<title>Modelo de Contrato de Compra e Venda<\/title>\n<meta name=\"description\" content=\"Copie aqui sem restri\u00e7\u00f5es e baixe em word seu modelo de contrato de compra e venda\" \/>\n<meta name=\"robots\" content=\"index, follow, max-snippet:-1, max-image-preview:large, max-video-preview:-1\" \/>\n<link rel=\"canonical\" href=\"https:\/\/advbox.com.br\/blog\/modelo-de-contrato-de-compra-e-venda\/\" \/>\n<meta property=\"og:locale\" content=\"pt_BR\" \/>\n<meta property=\"og:type\" content=\"article\" \/>\n<meta property=\"og:title\" content=\"Modelo de Contrato de Compra e Venda\" \/>\n<meta property=\"og:description\" content=\"Copie aqui sem restri\u00e7\u00f5es e baixe em word seu modelo de contrato de compra e venda\" \/>\n<meta property=\"og:url\" content=\"https:\/\/advbox.com.br\/blog\/modelo-de-contrato-de-compra-e-venda\/\" \/>\n<meta property=\"og:site_name\" content=\"Software Jur\u00eddico Completo - ADVBOX\" \/>\n<meta property=\"article:publisher\" content=\"https:\/\/www.facebook.com\/advbox\/\" \/>\n<meta property=\"article:modified_time\" content=\"2025-04-10T12:48:26+00:00\" \/>\n<meta property=\"og:image\" content=\"https:\/\/advbox.com.br\/blog\/wp-content\/uploads\/2019\/05\/automatize_a_produ\u00e7\u00e3o_de_suas_peti\u00e7\u00f5es.png\" \/>\n\t<meta property=\"og:image:width\" content=\"1000\" \/>\n\t<meta property=\"og:image:height\" content=\"276\" \/>\n\t<meta property=\"og:image:type\" content=\"image\/png\" \/>\n<meta name=\"twitter:card\" content=\"summary_large_image\" \/>\n<meta name=\"twitter:site\" content=\"@advbox2\" \/>\n<script type=\"application\/ld+json\" class=\"yoast-schema-graph\">{\"@context\":\"https:\/\/schema.org\",\"@graph\":[{\"@type\":\"WebPage\",\"@id\":\"https:\/\/advbox.com.br\/blog\/modelo-de-contrato-de-compra-e-venda\/\",\"url\":\"https:\/\/advbox.com.br\/blog\/modelo-de-contrato-de-compra-e-venda\/\",\"name\":\"Modelo de Contrato de Compra e Venda\",\"isPartOf\":{\"@id\":\"https:\/\/advbox.com.br\/blog\/#website\"},\"primaryImageOfPage\":{\"@id\":\"https:\/\/advbox.com.br\/blog\/modelo-de-contrato-de-compra-e-venda\/#primaryimage\"},\"image\":{\"@id\":\"https:\/\/advbox.com.br\/blog\/modelo-de-contrato-de-compra-e-venda\/#primaryimage\"},\"thumbnailUrl\":\"https:\/\/advbox.com.br\/blog\/wp-content\/uploads\/2019\/05\/automatize_a_produ\u00e7\u00e3o_de_suas_peti\u00e7\u00f5es.png\",\"datePublished\":\"2024-09-12T18:36:19+00:00\",\"dateModified\":\"2025-04-10T12:48:26+00:00\",\"description\":\"Copie aqui sem restri\u00e7\u00f5es e baixe em word seu modelo de contrato de compra e venda\",\"breadcrumb\":{\"@id\":\"https:\/\/advbox.com.br\/blog\/modelo-de-contrato-de-compra-e-venda\/#breadcrumb\"},\"inLanguage\":\"pt-BR\",\"potentialAction\":[{\"@type\":\"ReadAction\",\"target\":[\"https:\/\/advbox.com.br\/blog\/modelo-de-contrato-de-compra-e-venda\/\"]}]},{\"@type\":\"ImageObject\",\"inLanguage\":\"pt-BR\",\"@id\":\"https:\/\/advbox.com.br\/blog\/modelo-de-contrato-de-compra-e-venda\/#primaryimage\",\"url\":\"https:\/\/advbox.com.br\/blog\/wp-content\/uploads\/2019\/05\/automatize_a_produ\u00e7\u00e3o_de_suas_peti\u00e7\u00f5es.png\",\"contentUrl\":\"https:\/\/advbox.com.br\/blog\/wp-content\/uploads\/2019\/05\/automatize_a_produ\u00e7\u00e3o_de_suas_peti\u00e7\u00f5es.png\",\"width\":1000,\"height\":276,\"caption\":\"automatiza\u00e7\u00e3o de peti\u00e7\u00f5es\"},{\"@type\":\"BreadcrumbList\",\"@id\":\"https:\/\/advbox.com.br\/blog\/modelo-de-contrato-de-compra-e-venda\/#breadcrumb\",\"itemListElement\":[{\"@type\":\"ListItem\",\"position\":1,\"name\":\"In\u00edcio\",\"item\":\"https:\/\/advbox.com.br\/blog\/\"},{\"@type\":\"ListItem\",\"position\":2,\"name\":\"Modelo de contrato de compra e venda de im\u00f3vel com sinal e parcelas\"}]},{\"@type\":\"WebSite\",\"@id\":\"https:\/\/advbox.com.br\/blog\/#website\",\"url\":\"https:\/\/advbox.com.br\/blog\/\",\"name\":\"Software Jur\u00eddico Completo - ADVBOX\",\"description\":\"Plataforma para Advocacia Digital\",\"publisher\":{\"@id\":\"https:\/\/advbox.com.br\/blog\/#organization\"},\"potentialAction\":[{\"@type\":\"SearchAction\",\"target\":{\"@type\":\"EntryPoint\",\"urlTemplate\":\"https:\/\/advbox.com.br\/blog\/?s={search_term_string}\"},\"query-input\":{\"@type\":\"PropertyValueSpecification\",\"valueRequired\":true,\"valueName\":\"search_term_string\"}}],\"inLanguage\":\"pt-BR\"},{\"@type\":\"Organization\",\"@id\":\"https:\/\/advbox.com.br\/blog\/#organization\",\"name\":\"ADVBOX Blog - Software jur\u00eddico da advocacia digital\",\"url\":\"https:\/\/advbox.com.br\/blog\/\",\"logo\":{\"@type\":\"ImageObject\",\"inLanguage\":\"pt-BR\",\"@id\":\"https:\/\/advbox.com.br\/blog\/#\/schema\/logo\/image\/\",\"url\":\"https:\/\/advbox.com.br\/blog\/wp-content\/uploads\/2019\/12\/Como-aumentar-a-produtividade_.jpg\",\"contentUrl\":\"https:\/\/advbox.com.br\/blog\/wp-content\/uploads\/2019\/12\/Como-aumentar-a-produtividade_.jpg\",\"width\":320,\"height\":213,\"caption\":\"ADVBOX Blog - Software jur\u00eddico da advocacia digital\"},\"image\":{\"@id\":\"https:\/\/advbox.com.br\/blog\/#\/schema\/logo\/image\/\"},\"sameAs\":[\"https:\/\/www.facebook.com\/advbox\/\",\"https:\/\/x.com\/advbox2\"]}]}<\/script>\n<!-- \/ Yoast SEO plugin. -->","yoast_head_json":{"title":"Modelo de Contrato de Compra e Venda","description":"Copie aqui sem restri\u00e7\u00f5es e baixe em word seu modelo de contrato de compra e venda","robots":{"index":"index","follow":"follow","max-snippet":"max-snippet:-1","max-image-preview":"max-image-preview:large","max-video-preview":"max-video-preview:-1"},"canonical":"https:\/\/advbox.com.br\/blog\/modelo-de-contrato-de-compra-e-venda\/","og_locale":"pt_BR","og_type":"article","og_title":"Modelo de Contrato de Compra e Venda","og_description":"Copie aqui sem restri\u00e7\u00f5es e baixe em word seu modelo de contrato de compra e venda","og_url":"https:\/\/advbox.com.br\/blog\/modelo-de-contrato-de-compra-e-venda\/","og_site_name":"Software Jur\u00eddico Completo - ADVBOX","article_publisher":"https:\/\/www.facebook.com\/advbox\/","article_modified_time":"2025-04-10T12:48:26+00:00","og_image":[{"width":1000,"height":276,"url":"https:\/\/advbox.com.br\/blog\/wp-content\/uploads\/2019\/05\/automatize_a_produ\u00e7\u00e3o_de_suas_peti\u00e7\u00f5es.png","type":"image\/png"}],"twitter_card":"summary_large_image","twitter_site":"@advbox2","schema":{"@context":"https:\/\/schema.org","@graph":[{"@type":"WebPage","@id":"https:\/\/advbox.com.br\/blog\/modelo-de-contrato-de-compra-e-venda\/","url":"https:\/\/advbox.com.br\/blog\/modelo-de-contrato-de-compra-e-venda\/","name":"Modelo de Contrato de Compra e Venda","isPartOf":{"@id":"https:\/\/advbox.com.br\/blog\/#website"},"primaryImageOfPage":{"@id":"https:\/\/advbox.com.br\/blog\/modelo-de-contrato-de-compra-e-venda\/#primaryimage"},"image":{"@id":"https:\/\/advbox.com.br\/blog\/modelo-de-contrato-de-compra-e-venda\/#primaryimage"},"thumbnailUrl":"https:\/\/advbox.com.br\/blog\/wp-content\/uploads\/2019\/05\/automatize_a_produ\u00e7\u00e3o_de_suas_peti\u00e7\u00f5es.png","datePublished":"2024-09-12T18:36:19+00:00","dateModified":"2025-04-10T12:48:26+00:00","description":"Copie aqui sem restri\u00e7\u00f5es e baixe em word seu modelo de contrato de compra e venda","breadcrumb":{"@id":"https:\/\/advbox.com.br\/blog\/modelo-de-contrato-de-compra-e-venda\/#breadcrumb"},"inLanguage":"pt-BR","potentialAction":[{"@type":"ReadAction","target":["https:\/\/advbox.com.br\/blog\/modelo-de-contrato-de-compra-e-venda\/"]}]},{"@type":"ImageObject","inLanguage":"pt-BR","@id":"https:\/\/advbox.com.br\/blog\/modelo-de-contrato-de-compra-e-venda\/#primaryimage","url":"https:\/\/advbox.com.br\/blog\/wp-content\/uploads\/2019\/05\/automatize_a_produ\u00e7\u00e3o_de_suas_peti\u00e7\u00f5es.png","contentUrl":"https:\/\/advbox.com.br\/blog\/wp-content\/uploads\/2019\/05\/automatize_a_produ\u00e7\u00e3o_de_suas_peti\u00e7\u00f5es.png","width":1000,"height":276,"caption":"automatiza\u00e7\u00e3o de peti\u00e7\u00f5es"},{"@type":"BreadcrumbList","@id":"https:\/\/advbox.com.br\/blog\/modelo-de-contrato-de-compra-e-venda\/#breadcrumb","itemListElement":[{"@type":"ListItem","position":1,"name":"In\u00edcio","item":"https:\/\/advbox.com.br\/blog\/"},{"@type":"ListItem","position":2,"name":"Modelo de contrato de compra e venda de im\u00f3vel com sinal e parcelas"}]},{"@type":"WebSite","@id":"https:\/\/advbox.com.br\/blog\/#website","url":"https:\/\/advbox.com.br\/blog\/","name":"Software Jur\u00eddico Completo - ADVBOX","description":"Plataforma para Advocacia Digital","publisher":{"@id":"https:\/\/advbox.com.br\/blog\/#organization"},"potentialAction":[{"@type":"SearchAction","target":{"@type":"EntryPoint","urlTemplate":"https:\/\/advbox.com.br\/blog\/?s={search_term_string}"},"query-input":{"@type":"PropertyValueSpecification","valueRequired":true,"valueName":"search_term_string"}}],"inLanguage":"pt-BR"},{"@type":"Organization","@id":"https:\/\/advbox.com.br\/blog\/#organization","name":"ADVBOX Blog - Software jur\u00eddico da advocacia digital","url":"https:\/\/advbox.com.br\/blog\/","logo":{"@type":"ImageObject","inLanguage":"pt-BR","@id":"https:\/\/advbox.com.br\/blog\/#\/schema\/logo\/image\/","url":"https:\/\/advbox.com.br\/blog\/wp-content\/uploads\/2019\/12\/Como-aumentar-a-produtividade_.jpg","contentUrl":"https:\/\/advbox.com.br\/blog\/wp-content\/uploads\/2019\/12\/Como-aumentar-a-produtividade_.jpg","width":320,"height":213,"caption":"ADVBOX Blog - Software jur\u00eddico da advocacia digital"},"image":{"@id":"https:\/\/advbox.com.br\/blog\/#\/schema\/logo\/image\/"},"sameAs":["https:\/\/www.facebook.com\/advbox\/","https:\/\/x.com\/advbox2"]}]}},"_links":{"self":[{"href":"https:\/\/advbox.com.br\/blog\/wp-json\/wp\/v2\/pages\/13084","targetHints":{"allow":["GET"]}}],"collection":[{"href":"https:\/\/advbox.com.br\/blog\/wp-json\/wp\/v2\/pages"}],"about":[{"href":"https:\/\/advbox.com.br\/blog\/wp-json\/wp\/v2\/types\/page"}],"author":[{"embeddable":true,"href":"https:\/\/advbox.com.br\/blog\/wp-json\/wp\/v2\/users\/44"}],"replies":[{"embeddable":true,"href":"https:\/\/advbox.com.br\/blog\/wp-json\/wp\/v2\/comments?post=13084"}],"version-history":[{"count":3,"href":"https:\/\/advbox.com.br\/blog\/wp-json\/wp\/v2\/pages\/13084\/revisions"}],"predecessor-version":[{"id":72947,"href":"https:\/\/advbox.com.br\/blog\/wp-json\/wp\/v2\/pages\/13084\/revisions\/72947"}],"wp:featuredmedia":[{"embeddable":true,"href":"https:\/\/advbox.com.br\/blog\/wp-json\/wp\/v2\/media\/11456"}],"wp:attachment":[{"href":"https:\/\/advbox.com.br\/blog\/wp-json\/wp\/v2\/media?parent=13084"}],"curies":[{"name":"wp","href":"https:\/\/api.w.org\/{rel}","templated":true}]}}