{"id":14314,"date":"2019-02-07T07:23:36","date_gmt":"2019-02-07T07:23:36","guid":{"rendered":"https:\/\/advbox.com.br\/blog\/?page_id=14314"},"modified":"2022-10-10T11:05:52","modified_gmt":"2022-10-10T14:05:52","slug":"modelo-de-proposta-de-aquisic%cc%a7a%cc%83o-de-imovel","status":"publish","type":"page","link":"https:\/\/advbox.com.br\/blog\/modelo-de-proposta-de-aquisic%cc%a7a%cc%83o-de-imovel\/","title":{"rendered":"MODELO DE PROPOSTA DE AQUISIC\u0327A\u0303O DE IMO\u0301VEL"},"content":{"rendered":"<p style=\"text-align: center;background:#eee;padding:10px\"><strong><em>Quer descobrir como automatizar o preenchimento de todos os seus modelos de peti\u00e7\u00e3o e otimizar o tempo de toda sua equipe? <a href=\"https:\/\/advbox.com.br\/blog\/como-automatizar-seus-modelos-de-peticoes\" alt=\"Automatize o preenchimento das suas Peti\u00e7\u00f5es e otimize Tempo\" target=\"_blank\">Clique aqui<\/a><\/em><\/strong><\/p>\n<p>&nbsp;<\/p>\n<h1><strong>MODELO DE PROPOSTA DE AQUISIC\u0327A\u0303O DE IMO\u0301VEL<\/h1>\n<p><\/strong><\/p>\n<p><span><strong>ILMO. SR. FULANO DE TAL<\/strong><\/span><\/p>\n<p><span><strong>REF.: PROPOSTA DE AQUISI\u00c7\u00c3O DE IM\u00d3VEL<\/strong><\/span><\/p>\n<p><span>Prezado Senhor:<\/span><\/p>\n<p><span>Conforme contato verbal estabelecido anteriormente, tem a presente a finalidade de formular proposta com vistas \u00e0 aquisi\u00e7\u00e3o do im\u00f3vel constitu\u00eddo pelo apartamento n\u00ba 000, localizado no 000\u00ba andar ou 000\u00ba pavimento do TAL, sitado \u00e0 rua TAL, n\u00ba 000, nesta Capital, do tipo 1, com a \u00e1rea constru\u00edda de uso exclusivo de 0000m2, \u00e1rea de uso comum de 0000m2, \u00e1rea de estacionamento comum coletivo de 0000m2, com direito a vaga de garagem n\u00ba 0000, localizado no subsolo, \u00e1rea correspondente ou global constru\u00edda de 0000m2, fra\u00e7\u00e3o ideal do solo e partes comuns de TAL, com indica\u00e7\u00e3o fiscal n\u00ba 0000, com as demais caracter\u00edsticas e confronta\u00e7\u00f5es constantes da matr\u00edcula n\u00ba 0000 da 000\u00aa Circunscri\u00e7\u00e3o do Registro de Im\u00f3veis desta Comarca.<\/span><\/p>\n<p><span>Constitui, ainda, objeto desta proposta a aquisi\u00e7\u00e3o de bens m\u00f3veis que guarnecem o referido apartamento, tais como: <\/span><\/p>\n<p><span style=\"color:#FF0000\"><strong>(ESPECIFICAR TODOS OS M\u00d3VEIS)<\/strong><\/span><\/p>\n<p><span>Para pagamento propomos o pre\u00e7o de R$ 000000 (REAIS) que, deduzido da quantia de R$ 000000 (REAIS), referente aos alugueres do per\u00edodo de TAL a TAL, perfaz o pre\u00e7o final de R$ 000000 (REAIS).<\/span><\/p>\n<p><span>O pagamento ser\u00e1 realizado da seguinte forma:<\/span><\/p>\n<p><span>a) R$ R$ 000000 (REAIS) atrav\u00e9s de dois cheques, um a ser emitido contra o Banco TAL e o outro contra o TAL, ambos at\u00e9 o dia TAL pr\u00f3ximo;<\/span><\/p>\n<p><span>b) R$ 000000 (REAIS) que ser\u00e3o sacados de conta vinculada ao FGTS, mediante pedido a ser feito no primeiro dia \u00fatil ap\u00f3s a aceita\u00e7\u00e3o da proposta;<\/span><\/p>\n<p><span>c) R$ 000000 (REAIS) divididos em 05 (cinco) parcelas mensais e sucessivas de R$ 000000 (REAIS), vencendo a primeira em TAL do corrente ano e as demais nos mesmos dias dos meses subseq\u00fcentes.<\/span><\/p>\n<p><span>Ademais, cumpre acrescentar que as quotas referentes ao condom\u00ednio, bem como as presta\u00e7\u00f5es do IPTU e de consumo de luz dever\u00e3o ser quitadas pelo vendedor enquanto permanecer no im\u00f3vel. A escritura p\u00fablica de compra e venda dever\u00e1 ser lavrada na Data em que forem pagos os valores constantes das al\u00edneas &#8220;a&#8221; e &#8220;c&#8221; acima.<\/span><\/p>\n<p><span>Por fim, gostar\u00edamos de esclarecer que estamos abertos para nova proposta.<\/span><\/p>\n<p><span>Atenciosamente,<\/span><\/p>\n<p><span>NOME COMPLETO \u2013 REQUERINTE<\/span><\/p>\n<p><span><strong>ASSINATURAS<\/strong><\/span><\/p>\n<p style=\"text-align: center;background:#eee;padding:10px\">Descubra como ampliar a sua carteira de clientes com MARKETING JUR\u00cdDICO DIGITAL e descubra todas as vantagens que o <a href=\"https:\/\/advbox.com.br\/blog\/escritorio-digital\" target=\"_blank\">ESCRIT\u00d3RIO DIGITAL<\/a> pode trazer para a sua advocacia garantindo a produtividade da sua equipe, melhorando os resultados e organiza\u00e7\u00e3o com o mais completo <a href=\"https:\/\/advbox.com.br\/blog\/software-juridico-ideal\" target=\"_blank\">SOFTWARE JUR\u00cdDICO<\/a> do mercado brasileiro.<\/p>\n<p style=\"text-align:center;\"><a href=\"https:\/\/advbox.com.br\/blog\/como-automatizar-seus-modelos-de-peticoes\/\" target=\"_blank\"><img fetchpriority=\"high\" decoding=\"async\" src=\"https:\/\/advbox.com.br\/blog\/wp-content\/uploads\/2019\/05\/automatize_a_produ\u00e7\u00e3o_de_suas_peti\u00e7\u00f5es.png\" alt=\"Automatize a Produ\u00e7\u00e3o de suas Peti\u00e7\u00f5es - Torne sua Advocacia ainda mais inteligente\" width=\"1000\" height=\"276\" class=\"alignnone wp-image-11456 size-full\" srcset=\"https:\/\/advbox.com.br\/blog\/wp-content\/uploads\/2019\/05\/automatize_a_produ\u00e7\u00e3o_de_suas_peti\u00e7\u00f5es.png 1000w, https:\/\/advbox.com.br\/blog\/wp-content\/uploads\/2019\/05\/automatize_a_produ\u00e7\u00e3o_de_suas_peti\u00e7\u00f5es-300x83.png 300w, https:\/\/advbox.com.br\/blog\/wp-content\/uploads\/2019\/05\/automatize_a_produ\u00e7\u00e3o_de_suas_peti\u00e7\u00f5es-768x212.png 768w\" sizes=\"(max-width: 1000px) 100vw, 1000px\" \/><\/a><\/p>\n","protected":false},"excerpt":{"rendered":"<p>Quer descobrir como automatizar o preenchimento de todos os seus modelos de peti\u00e7\u00e3o e otimizar o tempo de toda sua equipe? Clique aqui &nbsp; MODELO DE PROPOSTA DE AQUISIC\u0327A\u0303O DE IMO\u0301VEL ILMO. SR. FULANO DE TAL REF.: PROPOSTA DE AQUISI\u00c7\u00c3O DE IM\u00d3VEL Prezado Senhor: Conforme contato verbal estabelecido anteriormente, tem [&hellip;]<\/p>\n","protected":false},"author":44,"featured_media":11456,"parent":0,"menu_order":0,"comment_status":"closed","ping_status":"closed","template":"","meta":{"_acf_changed":false,"om_disable_all_campaigns":false,"footnotes":""},"class_list":["post-14314","page","type-page","status-publish","has-post-thumbnail","hentry"],"acf":[],"yoast_head":"<!-- This site is optimized with the Yoast SEO plugin v26.9 - https:\/\/yoast.com\/product\/yoast-seo-wordpress\/ -->\n<title>MODELO DE PROPOSTA DE AQUISIC\u0327A\u0303O DE IMO\u0301VEL - Software Jur\u00eddico Software Jur\u00eddico Completo - ADVBOX<\/title>\n<meta name=\"description\" content=\"Copie aqui sem restri\u00e7\u00f5es e baixe em word seu modelo de proposta de aquisic\u0327a\u0303o de imo\u0301vel\" \/>\n<meta name=\"robots\" content=\"index, follow, max-snippet:-1, max-image-preview:large, max-video-preview:-1\" \/>\n<link rel=\"canonical\" href=\"https:\/\/advbox.com.br\/blog\/modelo-de-proposta-de-aquisic\u0327a\u0303o-de-imovel\/\" \/>\n<meta property=\"og:locale\" content=\"pt_BR\" \/>\n<meta property=\"og:type\" content=\"article\" \/>\n<meta property=\"og:title\" content=\"MODELO DE PROPOSTA DE AQUISIC\u0327A\u0303O DE IMO\u0301VEL - Software Jur\u00eddico Software Jur\u00eddico Completo - ADVBOX\" \/>\n<meta property=\"og:description\" content=\"Copie aqui sem restri\u00e7\u00f5es e baixe em word seu modelo de proposta de aquisic\u0327a\u0303o de imo\u0301vel\" \/>\n<meta property=\"og:url\" content=\"https:\/\/advbox.com.br\/blog\/modelo-de-proposta-de-aquisic\u0327a\u0303o-de-imovel\/\" \/>\n<meta property=\"og:site_name\" content=\"Software Jur\u00eddico Completo - ADVBOX\" \/>\n<meta property=\"article:publisher\" content=\"https:\/\/www.facebook.com\/advbox\/\" \/>\n<meta property=\"article:modified_time\" content=\"2022-10-10T14:05:52+00:00\" \/>\n<meta property=\"og:image\" content=\"https:\/\/advbox.com.br\/blog\/wp-content\/uploads\/2019\/05\/automatize_a_produ\u00e7\u00e3o_de_suas_peti\u00e7\u00f5es.png\" \/>\n\t<meta property=\"og:image:width\" content=\"1000\" \/>\n\t<meta property=\"og:image:height\" content=\"276\" \/>\n\t<meta property=\"og:image:type\" content=\"image\/png\" \/>\n<meta name=\"twitter:card\" content=\"summary_large_image\" \/>\n<meta name=\"twitter:site\" content=\"@advbox2\" \/>\n<script type=\"application\/ld+json\" class=\"yoast-schema-graph\">{\"@context\":\"https:\/\/schema.org\",\"@graph\":[{\"@type\":\"WebPage\",\"@id\":\"https:\/\/advbox.com.br\/blog\/modelo-de-proposta-de-aquisic%cc%a7a%cc%83o-de-imovel\/\",\"url\":\"https:\/\/advbox.com.br\/blog\/modelo-de-proposta-de-aquisic%cc%a7a%cc%83o-de-imovel\/\",\"name\":\"MODELO DE PROPOSTA DE AQUISIC\u0327A\u0303O DE IMO\u0301VEL - Software Jur\u00eddico Software Jur\u00eddico Completo - ADVBOX\",\"isPartOf\":{\"@id\":\"https:\/\/advbox.com.br\/blog\/#website\"},\"primaryImageOfPage\":{\"@id\":\"https:\/\/advbox.com.br\/blog\/modelo-de-proposta-de-aquisic%cc%a7a%cc%83o-de-imovel\/#primaryimage\"},\"image\":{\"@id\":\"https:\/\/advbox.com.br\/blog\/modelo-de-proposta-de-aquisic%cc%a7a%cc%83o-de-imovel\/#primaryimage\"},\"thumbnailUrl\":\"https:\/\/advbox.com.br\/blog\/wp-content\/uploads\/2019\/05\/automatize_a_produ\u00e7\u00e3o_de_suas_peti\u00e7\u00f5es.png\",\"datePublished\":\"2019-02-07T07:23:36+00:00\",\"dateModified\":\"2022-10-10T14:05:52+00:00\",\"description\":\"Copie aqui sem restri\u00e7\u00f5es e baixe em word seu modelo de proposta de aquisic\u0327a\u0303o de imo\u0301vel\",\"breadcrumb\":{\"@id\":\"https:\/\/advbox.com.br\/blog\/modelo-de-proposta-de-aquisic%cc%a7a%cc%83o-de-imovel\/#breadcrumb\"},\"inLanguage\":\"pt-BR\",\"potentialAction\":[{\"@type\":\"ReadAction\",\"target\":[\"https:\/\/advbox.com.br\/blog\/modelo-de-proposta-de-aquisic%cc%a7a%cc%83o-de-imovel\/\"]}]},{\"@type\":\"ImageObject\",\"inLanguage\":\"pt-BR\",\"@id\":\"https:\/\/advbox.com.br\/blog\/modelo-de-proposta-de-aquisic%cc%a7a%cc%83o-de-imovel\/#primaryimage\",\"url\":\"https:\/\/advbox.com.br\/blog\/wp-content\/uploads\/2019\/05\/automatize_a_produ\u00e7\u00e3o_de_suas_peti\u00e7\u00f5es.png\",\"contentUrl\":\"https:\/\/advbox.com.br\/blog\/wp-content\/uploads\/2019\/05\/automatize_a_produ\u00e7\u00e3o_de_suas_peti\u00e7\u00f5es.png\",\"width\":1000,\"height\":276,\"caption\":\"automatiza\u00e7\u00e3o de peti\u00e7\u00f5es\"},{\"@type\":\"BreadcrumbList\",\"@id\":\"https:\/\/advbox.com.br\/blog\/modelo-de-proposta-de-aquisic%cc%a7a%cc%83o-de-imovel\/#breadcrumb\",\"itemListElement\":[{\"@type\":\"ListItem\",\"position\":1,\"name\":\"In\u00edcio\",\"item\":\"https:\/\/advbox.com.br\/blog\/\"},{\"@type\":\"ListItem\",\"position\":2,\"name\":\"MODELO DE PROPOSTA DE AQUISIC\u0327A\u0303O DE IMO\u0301VEL\"}]},{\"@type\":\"WebSite\",\"@id\":\"https:\/\/advbox.com.br\/blog\/#website\",\"url\":\"https:\/\/advbox.com.br\/blog\/\",\"name\":\"Software Jur\u00eddico Completo - ADVBOX\",\"description\":\"Plataforma para Advocacia Digital\",\"publisher\":{\"@id\":\"https:\/\/advbox.com.br\/blog\/#organization\"},\"potentialAction\":[{\"@type\":\"SearchAction\",\"target\":{\"@type\":\"EntryPoint\",\"urlTemplate\":\"https:\/\/advbox.com.br\/blog\/?s={search_term_string}\"},\"query-input\":{\"@type\":\"PropertyValueSpecification\",\"valueRequired\":true,\"valueName\":\"search_term_string\"}}],\"inLanguage\":\"pt-BR\"},{\"@type\":\"Organization\",\"@id\":\"https:\/\/advbox.com.br\/blog\/#organization\",\"name\":\"ADVBOX Blog - Software jur\u00eddico da advocacia digital\",\"url\":\"https:\/\/advbox.com.br\/blog\/\",\"logo\":{\"@type\":\"ImageObject\",\"inLanguage\":\"pt-BR\",\"@id\":\"https:\/\/advbox.com.br\/blog\/#\/schema\/logo\/image\/\",\"url\":\"https:\/\/advbox.com.br\/blog\/wp-content\/uploads\/2019\/12\/Como-aumentar-a-produtividade_.jpg\",\"contentUrl\":\"https:\/\/advbox.com.br\/blog\/wp-content\/uploads\/2019\/12\/Como-aumentar-a-produtividade_.jpg\",\"width\":320,\"height\":213,\"caption\":\"ADVBOX Blog - Software jur\u00eddico da advocacia digital\"},\"image\":{\"@id\":\"https:\/\/advbox.com.br\/blog\/#\/schema\/logo\/image\/\"},\"sameAs\":[\"https:\/\/www.facebook.com\/advbox\/\",\"https:\/\/x.com\/advbox2\"]}]}<\/script>\n<!-- \/ Yoast SEO plugin. -->","yoast_head_json":{"title":"MODELO DE PROPOSTA DE AQUISIC\u0327A\u0303O DE IMO\u0301VEL - Software Jur\u00eddico Software Jur\u00eddico Completo - ADVBOX","description":"Copie aqui sem restri\u00e7\u00f5es e baixe em word seu modelo de proposta de aquisic\u0327a\u0303o de imo\u0301vel","robots":{"index":"index","follow":"follow","max-snippet":"max-snippet:-1","max-image-preview":"max-image-preview:large","max-video-preview":"max-video-preview:-1"},"canonical":"https:\/\/advbox.com.br\/blog\/modelo-de-proposta-de-aquisic\u0327a\u0303o-de-imovel\/","og_locale":"pt_BR","og_type":"article","og_title":"MODELO DE PROPOSTA DE AQUISIC\u0327A\u0303O DE IMO\u0301VEL - Software Jur\u00eddico Software Jur\u00eddico Completo - ADVBOX","og_description":"Copie aqui sem restri\u00e7\u00f5es e baixe em word seu modelo de proposta de aquisic\u0327a\u0303o de imo\u0301vel","og_url":"https:\/\/advbox.com.br\/blog\/modelo-de-proposta-de-aquisic\u0327a\u0303o-de-imovel\/","og_site_name":"Software Jur\u00eddico Completo - ADVBOX","article_publisher":"https:\/\/www.facebook.com\/advbox\/","article_modified_time":"2022-10-10T14:05:52+00:00","og_image":[{"width":1000,"height":276,"url":"https:\/\/advbox.com.br\/blog\/wp-content\/uploads\/2019\/05\/automatize_a_produ\u00e7\u00e3o_de_suas_peti\u00e7\u00f5es.png","type":"image\/png"}],"twitter_card":"summary_large_image","twitter_site":"@advbox2","schema":{"@context":"https:\/\/schema.org","@graph":[{"@type":"WebPage","@id":"https:\/\/advbox.com.br\/blog\/modelo-de-proposta-de-aquisic%cc%a7a%cc%83o-de-imovel\/","url":"https:\/\/advbox.com.br\/blog\/modelo-de-proposta-de-aquisic%cc%a7a%cc%83o-de-imovel\/","name":"MODELO DE PROPOSTA DE AQUISIC\u0327A\u0303O DE IMO\u0301VEL - Software Jur\u00eddico Software Jur\u00eddico Completo - ADVBOX","isPartOf":{"@id":"https:\/\/advbox.com.br\/blog\/#website"},"primaryImageOfPage":{"@id":"https:\/\/advbox.com.br\/blog\/modelo-de-proposta-de-aquisic%cc%a7a%cc%83o-de-imovel\/#primaryimage"},"image":{"@id":"https:\/\/advbox.com.br\/blog\/modelo-de-proposta-de-aquisic%cc%a7a%cc%83o-de-imovel\/#primaryimage"},"thumbnailUrl":"https:\/\/advbox.com.br\/blog\/wp-content\/uploads\/2019\/05\/automatize_a_produ\u00e7\u00e3o_de_suas_peti\u00e7\u00f5es.png","datePublished":"2019-02-07T07:23:36+00:00","dateModified":"2022-10-10T14:05:52+00:00","description":"Copie aqui sem restri\u00e7\u00f5es e baixe em word seu modelo de proposta de aquisic\u0327a\u0303o de imo\u0301vel","breadcrumb":{"@id":"https:\/\/advbox.com.br\/blog\/modelo-de-proposta-de-aquisic%cc%a7a%cc%83o-de-imovel\/#breadcrumb"},"inLanguage":"pt-BR","potentialAction":[{"@type":"ReadAction","target":["https:\/\/advbox.com.br\/blog\/modelo-de-proposta-de-aquisic%cc%a7a%cc%83o-de-imovel\/"]}]},{"@type":"ImageObject","inLanguage":"pt-BR","@id":"https:\/\/advbox.com.br\/blog\/modelo-de-proposta-de-aquisic%cc%a7a%cc%83o-de-imovel\/#primaryimage","url":"https:\/\/advbox.com.br\/blog\/wp-content\/uploads\/2019\/05\/automatize_a_produ\u00e7\u00e3o_de_suas_peti\u00e7\u00f5es.png","contentUrl":"https:\/\/advbox.com.br\/blog\/wp-content\/uploads\/2019\/05\/automatize_a_produ\u00e7\u00e3o_de_suas_peti\u00e7\u00f5es.png","width":1000,"height":276,"caption":"automatiza\u00e7\u00e3o de peti\u00e7\u00f5es"},{"@type":"BreadcrumbList","@id":"https:\/\/advbox.com.br\/blog\/modelo-de-proposta-de-aquisic%cc%a7a%cc%83o-de-imovel\/#breadcrumb","itemListElement":[{"@type":"ListItem","position":1,"name":"In\u00edcio","item":"https:\/\/advbox.com.br\/blog\/"},{"@type":"ListItem","position":2,"name":"MODELO DE PROPOSTA DE AQUISIC\u0327A\u0303O DE IMO\u0301VEL"}]},{"@type":"WebSite","@id":"https:\/\/advbox.com.br\/blog\/#website","url":"https:\/\/advbox.com.br\/blog\/","name":"Software Jur\u00eddico Completo - ADVBOX","description":"Plataforma para Advocacia Digital","publisher":{"@id":"https:\/\/advbox.com.br\/blog\/#organization"},"potentialAction":[{"@type":"SearchAction","target":{"@type":"EntryPoint","urlTemplate":"https:\/\/advbox.com.br\/blog\/?s={search_term_string}"},"query-input":{"@type":"PropertyValueSpecification","valueRequired":true,"valueName":"search_term_string"}}],"inLanguage":"pt-BR"},{"@type":"Organization","@id":"https:\/\/advbox.com.br\/blog\/#organization","name":"ADVBOX Blog - Software jur\u00eddico da advocacia digital","url":"https:\/\/advbox.com.br\/blog\/","logo":{"@type":"ImageObject","inLanguage":"pt-BR","@id":"https:\/\/advbox.com.br\/blog\/#\/schema\/logo\/image\/","url":"https:\/\/advbox.com.br\/blog\/wp-content\/uploads\/2019\/12\/Como-aumentar-a-produtividade_.jpg","contentUrl":"https:\/\/advbox.com.br\/blog\/wp-content\/uploads\/2019\/12\/Como-aumentar-a-produtividade_.jpg","width":320,"height":213,"caption":"ADVBOX Blog - Software jur\u00eddico da advocacia digital"},"image":{"@id":"https:\/\/advbox.com.br\/blog\/#\/schema\/logo\/image\/"},"sameAs":["https:\/\/www.facebook.com\/advbox\/","https:\/\/x.com\/advbox2"]}]}},"_links":{"self":[{"href":"https:\/\/advbox.com.br\/blog\/wp-json\/wp\/v2\/pages\/14314","targetHints":{"allow":["GET"]}}],"collection":[{"href":"https:\/\/advbox.com.br\/blog\/wp-json\/wp\/v2\/pages"}],"about":[{"href":"https:\/\/advbox.com.br\/blog\/wp-json\/wp\/v2\/types\/page"}],"author":[{"embeddable":true,"href":"https:\/\/advbox.com.br\/blog\/wp-json\/wp\/v2\/users\/44"}],"replies":[{"embeddable":true,"href":"https:\/\/advbox.com.br\/blog\/wp-json\/wp\/v2\/comments?post=14314"}],"version-history":[{"count":2,"href":"https:\/\/advbox.com.br\/blog\/wp-json\/wp\/v2\/pages\/14314\/revisions"}],"predecessor-version":[{"id":46904,"href":"https:\/\/advbox.com.br\/blog\/wp-json\/wp\/v2\/pages\/14314\/revisions\/46904"}],"wp:featuredmedia":[{"embeddable":true,"href":"https:\/\/advbox.com.br\/blog\/wp-json\/wp\/v2\/media\/11456"}],"wp:attachment":[{"href":"https:\/\/advbox.com.br\/blog\/wp-json\/wp\/v2\/media?parent=14314"}],"curies":[{"name":"wp","href":"https:\/\/api.w.org\/{rel}","templated":true}]}}