{"id":14773,"date":"2019-06-04T08:47:49","date_gmt":"2019-06-04T11:47:49","guid":{"rendered":"https:\/\/advbox.com.br\/blog\/?page_id=14773"},"modified":"2025-11-12T10:39:49","modified_gmt":"2025-11-12T13:39:49","slug":"contestacao-no-processo-civil-entenda-mais-sobre","status":"publish","type":"page","link":"https:\/\/advbox.com.br\/blog\/contestacao-no-processo-civil-entenda-mais-sobre\/","title":{"rendered":"Contesta\u00e7\u00e3o no processo civil: entenda essa pe\u00e7a essencial"},"content":{"rendered":"<p>Um dos principais momentos para quem \u00e9 r\u00e9u em um processo \u00e9 a apresenta\u00e7\u00e3o da contesta\u00e7\u00e3o. Nesse momento, forma-se a lide processual, onde o r\u00e9u ir\u00e1 contrapor as acusa\u00e7\u00f5es que est\u00e3o sendo apontadas pelo autor.<\/p>\n<p><span>A contesta\u00e7\u00e3o \u00e9 a principal e a primeira forma de defesa do r\u00e9u durante uma demanda judicial.<span class=\"Apple-converted-space\">\u00a0 <\/span>\u00c9 nesse momento que a parte demandada tem a oportunidade de n\u00e3o apenas atacar os argumentos da parte da autora, mas tamb\u00e9m oferecer uma a\u00e7\u00e3o em face dela, atrav\u00e9s da chamada reconven\u00e7\u00e3o.<\/span><\/p>\n<p><span>Para o advogado \u00e9 muito importante que a pe\u00e7a da contesta\u00e7\u00e3o seja muito bem estudada e elaborada, pois nesse momento a principal tese de defesa de seu cliente ser\u00e1 elabora e embasada, com o uso da argumenta\u00e7\u00e3o estruturada, legisla\u00e7\u00e3o cab\u00edvel e tamb\u00e9m a demonstra\u00e7\u00e3o de provas de defesa. <\/span><span>\u00a0<\/span><\/p>\n<p>Diante da import\u00e2ncia dessa pe\u00e7a processual, a fim de que voc\u00ea saiba mais sobre a contesta\u00e7\u00e3o no processo civil, iremos abordar a partir de agora quest\u00f5es importantes sobre esse instituto.<\/p>\n<h6><em><strong>Neste artigo voc\u00ea ir\u00e1 ler sobre:<\/strong><\/em><br \/>\n<em><strong>Contesta\u00e7\u00e3o no novo CPC<\/strong><\/em><br \/>\n<em><strong>Quais os requisitos ?<\/strong><\/em><br \/>\n<em><strong>Como fazer uma contesta\u00e7\u00e3o?<\/strong><\/em><br \/>\n<em><strong>O que \u00e9 reconven\u00e7\u00e3o?<\/strong><\/em><br \/>\n<em><strong>Automatiza\u00e7\u00e3o de peti\u00e7\u00f5es da ADVBOX<\/strong><\/em><\/h6>\n<h3>O que \u00e9 contesta\u00e7\u00e3o?<\/h3>\n<p>Como mencionamos neste artigo aqui, uma demanda judicial inicia atrav\u00e9s da peti\u00e7\u00e3o inicial. O autor, ent\u00e3o, apresenta sua narrativa e o enquadramento jur\u00eddico a que acredita ter direito.<\/p>\n<p>A rela\u00e7\u00e3o processual, contudo, n\u00e3o est\u00e1 completa. Para que se estabele\u00e7a um equil\u00edbrio jurisdicional, o r\u00e9u deve ser chamado para compor a lide e defender-se.<\/p>\n<p>Assim, pode-se dizer que a defesa inicial do r\u00e9u \u00e9 exercida atrav\u00e9s de uma pe\u00e7a jur\u00eddica espec\u00edfica, chamada de contesta\u00e7\u00e3o.<\/p>\n<p>A contesta\u00e7\u00e3o est\u00e1 prevista no art. 336 do novo C\u00f3digo de Processo Civil. Mencionado artigo disp\u00f5e que, na contesta\u00e7\u00e3o, dever\u00e1 o r\u00e9u alegar toda a mat\u00e9ria a fim de defender-se, expondo as raz\u00f5es de fato e de direito para impugnar o pedido do autor. Ademais, dever\u00e1 o r\u00e9u mencionar na contesta\u00e7\u00e3o quais as provas que pretende produzir.<\/p>\n<p><span>Todo advogado sabe que o direito para ser compreendido deve ser bem argumentado. E o sucesso de uma demanda judicial depende muito desse processo construtivo. <\/span><span>A contesta\u00e7\u00e3o \u00e9 uma das formas de resposta do r\u00e9u no ordenamento jur\u00eddico, ou seja, \u00e9 o momento de realizar a sua defesa dentro de um processo.<\/span><\/p>\n<p><span>Essa importante pe\u00e7a \u00e9 a primeira inser\u00e7\u00e3o da resposta e, vontade da parte r\u00e9, na demanda, bem como se caracteriza pelo instrumento atrav\u00e9s do qual o r\u00e9u rebate os principais argumentos do autor da a\u00e7\u00e3o. Portanto, \u00e9 a hora \u00a0do r\u00e9u, atrav\u00e9s de seu advogado, manifestar-se sobre os<span class=\"Apple-converted-space\">\u00a0 <\/span>elementos de direito material e forma da a\u00e7\u00e3o.<\/span><\/p>\n<p><span>Na elabora\u00e7\u00e3o da pe\u00e7a tamb\u00e9m \u00e9 importante conhecer os <a href=\"https:\/\/advbox.com.br\/blog\/novo-codigo-de-processo-civil\/\" target=\"_blank\">requisitos legais do Novo CPC,<\/a> bem como desenvolver t\u00e9cnicas de argumenta\u00e7\u00e3o jur\u00eddica que certamente colaborar\u00e3o com o sucesso do processo.<\/span><\/p>\n<h2><span>Contesta\u00e7\u00e3o no Novo CPC<\/span><\/h2>\n<p><span>A contesta\u00e7\u00e3o, assim como outros procedimentos, foi objeto do Novo C\u00f3digo de Processo Civil, que trouxe consigo algumas altera\u00e7\u00f5es importante. Disp\u00f5e o art. 336, Novo CPC, o seguinte texto: <\/span><span><i>Art. 336. \u00a0Incumbe ao r\u00e9u alegar, na contesta\u00e7\u00e3o, toda a mat\u00e9ria de defesa, expondo as raz\u00f5es de fato e de direito com que impugna o pedido do autor e especificando as provas que pretende produzir.<\/i><\/span><span>Fica claro que a lei oferece ao r\u00e9u a oportunidade, nesse momento, de n\u00e3o apenas impugnar todos os pontos de pedido do autor, mas tamb\u00e9m apresentar as suas principais alega\u00e7\u00f5es de defesa.<\/span><span>O prazo para contesta\u00e7\u00e3o, conforme o art. 335 no Novo CPC, ser\u00e1 me regra de 15 dias. Observadas algumas peculiaridades para a contagem, sendo elas: <\/span><\/p>\n<ul>\n<li><span><\/span><span><span class=\"Apple-tab-span\"> <\/span>da cita\u00e7\u00e3o regular do r\u00e9u, nos moldes do art. 231,independentemente da forma, e inclusive se houver comparecimento espont\u00e2neo do r\u00e9u;<\/span><\/li>\n<li><span><\/span><span><span class=\"Apple-tab-span\"> <\/span>da audi\u00eancia de concilia\u00e7\u00e3o ou de media\u00e7\u00e3o\u00a0ou da \u00faltima sess\u00e3o de concilia\u00e7\u00e3o, quando qualquer parte n\u00e3o comparecer ou, comparecendo, n\u00e3o houver autocomposi\u00e7\u00e3o;<\/span><\/li>\n<li><span><\/span><span><span class=\"Apple-tab-span\"> <\/span>do protocolo do pedido de cancelamento da audi\u00eancia de concilia\u00e7\u00e3o ou de media\u00e7\u00e3o apresentado pelo r\u00e9u, quando ocorrer a hip\u00f3tese do\u00a0art. 334, \u00a7 4\u00ba, inciso I. No caso de litiscons\u00f3rcio passivo o prazo ser\u00e1 contado a partir da manifesta\u00e7\u00e3o de vontade pelo cancelamento da audi\u00eancia de cada um dos r\u00e9us.<\/span><\/li>\n<\/ul>\n<p><span>Vale lembrar que a ren\u00fancia ao direito de contestar implica em revelia, conforme o art. 344, Novo CPC, o que pode trazer muitos malef\u00edcios ao r\u00e9u. <\/span><\/p>\n<h3>Quais os requisitos ?<\/h3>\n<p>Inicialmente, devemos saber que a contesta\u00e7\u00e3o \u00e9 apresentada na forma escrita, salvo alguns casos como os de compet\u00eancia dos Juizados Especiais C\u00edveis.<\/p>\n<p>Essa pe\u00e7a dever\u00e1 ser protocolada no prazo de quinze dias \u00fateis, conforme disp\u00f5e o art. 335 do CPC\/15. Esse prazo pode come\u00e7ar a ser contado a partir das seguintes situa\u00e7\u00f5es:<\/p>\n<p>Da audi\u00eancia de concilia\u00e7\u00e3o ou de media\u00e7\u00e3o, ou da \u00faltima sess\u00e3o de concilia\u00e7\u00e3o, quando as partes n\u00e3o comparecerem ou se n\u00e3o houver autocomposi\u00e7\u00e3o;<br \/>\nDo protocolo do pedido de cancelamento da audi\u00eancia de concilia\u00e7\u00e3o ou de media\u00e7\u00e3o apresentado pelo r\u00e9u;<br \/>\nDa data de juntada aos autos do aviso de recebimento, quando a cita\u00e7\u00e3o for pelo correio;<br \/>\nDa data de juntada aos autos do mandado cumprido, quando a cita\u00e7\u00e3o for por oficial de justi\u00e7a;<br \/>\nDa data de ocorr\u00eancia da cita\u00e7\u00e3o, quando ela se der por ato do escriv\u00e3o ou do chefe de secretaria;<br \/>\nDo dia \u00fatil seguinte ao fim da dila\u00e7\u00e3o assinada pelo juiz, quando a cita\u00e7\u00e3o for por edital;<br \/>\nDo dia \u00fatil seguinte \u00e0 consulta ao teor da cita\u00e7\u00e3o ou ao t\u00e9rmino do prazo para que a consulta se d\u00ea, quando a cita\u00e7\u00e3o for eletr\u00f4nica;<br \/>\nDa data de juntada do comunicado de cumprimento da cita\u00e7\u00e3o por carta precat\u00f3ria, rogat\u00f3ria ou de ordem. N\u00e3o havendo o comunicado, da data de juntada da carta aos autos de origem devidamente cumprida.<\/p>\n<p>No que tange ao conte\u00fado de uma contesta\u00e7\u00e3o, ir\u00e1 variar de caso a caso. O r\u00e9u &#8211; e seu procurador, obviamente &#8211; dever\u00e3o avaliar as quest\u00f5es formais e de m\u00e9rito abordadas na inicial, para ent\u00e3o, fundamentarem a situa\u00e7\u00e3o em debate.<\/p>\n<h3>Como fazer uma contesta\u00e7\u00e3o?<\/h3>\n<p>Para elaborar a contesta\u00e7\u00e3o, deve-se ter em mente que, a parte argumentativa divide-se em duas partes.<\/p>\n<p>Inicialmente dever\u00e3o ser abordadas as quest\u00f5es preliminares ao m\u00e9rito. Em sequ\u00eancia, ent\u00e3o, dever\u00e3o ser tratadas as quest\u00f5es do m\u00e9rito em si.<\/p>\n<h4>Abordando as mat\u00e9rias preliminares<\/h4>\n<p>Conforme disp\u00f5e o art. 337 do CPC\/15, cabe ao r\u00e9u alegar, na contesta\u00e7\u00e3o, todas as mat\u00e9rias preliminares ao m\u00e9rito.<\/p>\n<p>E que situa\u00e7\u00f5es s\u00e3o estas que devem ser abordadas antes do m\u00e9rito em si? S\u00e3o situa\u00e7\u00f5es, majoritariamente, de ordem formal e que implicam na impossibilidade do conhecimento do m\u00e9rito.<\/p>\n<p>O art. 337 elenca diversas situa\u00e7\u00f5es, mas cabe ressaltar que o rol n\u00e3o \u00e9 taxativo. S\u00e3o elas:<\/p>\n<p>Inexist\u00eancia ou nulidade da cita\u00e7\u00e3o;<br \/>\nIncompet\u00eancia absoluta e relativa;<br \/>\nIncorre\u00e7\u00e3o do valor da causa;<br \/>\nIn\u00e9pcia da peti\u00e7\u00e3o inicial;<br \/>\nPeremp\u00e7\u00e3o;<br \/>\nLitispend\u00eancia;<br \/>\nCoisa julgada;<br \/>\nConex\u00e3o;<br \/>\nIncapacidade da parte, defeito de representa\u00e7\u00e3o ou falta de autoriza\u00e7\u00e3o;<br \/>\nConven\u00e7\u00e3o de arbitragem;<br \/>\nAus\u00eancia de legitimidade ou de interesse processual;<br \/>\nFalta de cau\u00e7\u00e3o ou de outra presta\u00e7\u00e3o que a lei exige como preliminar;<br \/>\nIndevida concess\u00e3o do benef\u00edcio de gratuidade de justi\u00e7a.<\/p>\n<p>Portanto, na ocorr\u00eancia das causas acima, ou ainda, na ocorr\u00eancia de outras causas que impe\u00e7am a an\u00e1lise do m\u00e9rito, estas dever\u00e3o ser abordadas na contesta\u00e7\u00e3o em um t\u00f3pico espec\u00edfico.<\/p>\n<p>Um ponto importante que deve ser ressaltado \u00e9 que, nos casos em que o r\u00e9u alegar ser parte ileg\u00edtima, o juiz facultar\u00e1 ao autor para que este altere a peti\u00e7\u00e3o inicial substituindo o r\u00e9u, em quinze dias \u00fateis.<\/p>\n<p>Nesse caso de ilegitimidade passiva, caber\u00e1 ao r\u00e9u indicar quem \u00e9 o sujeito passivo da rela\u00e7\u00e3o discutida, quando tiver conhecimento. Percebe-se, portanto, que trata-se de uma nova esp\u00e9cie de \u201cnomea\u00e7\u00e3o \u00e0 autoria\u201d trazida pelo novo C\u00f3digo de Processo Civil; lembrando que a nomea\u00e7\u00e3o \u00e0 autoria, de fato, n\u00e3o existe mais no processo civil ap\u00f3s o novo CPC.<\/p>\n<h4>Abordando o m\u00e9rito<\/h4>\n<p>Como mencionamos anteriormente, a quest\u00e3o do m\u00e9rito depender\u00e1 do caso concreto.<\/p>\n<p>Mas de forma geral, pode-se dizer que o r\u00e9u dever\u00e1 contrapor todas os argumentos trazidos pelo autor na inicial. Nesse sentido, prev\u00ea o art. 341 do CPC\/15 que, se o r\u00e9u n\u00e3o impugnar as alega\u00e7\u00f5es feitas pelo autor, estas ser\u00e3o consideradas verdadeiras, salvo se:<\/p>\n<p>N\u00e3o for admiss\u00edvel, a seu respeito, a confiss\u00e3o;<br \/>\nA peti\u00e7\u00e3o inicial n\u00e3o estiver acompanhada de instrumento que a lei considerar da subst\u00e2ncia do ato;<br \/>\nEstiverem em contradi\u00e7\u00e3o com a defesa, considerada em seu conjunto.<\/p>\n<p>O par\u00e1grafo \u00fanico do art. 341 ainda faz uma ressalva, mencionando que o \u00f4nus da da impugna\u00e7\u00e3o especificada dos fatos n\u00e3o se aplica ao defensor p\u00fablico, ao advogado dativo e ao curador especial.<\/p>\n<h3>O que \u00e9 a Reconven\u00e7\u00e3o?<\/h3>\n<p>O instituto da reconven\u00e7\u00e3o \u00e9 um pedido feito pelo r\u00e9u, apresentado no prazo da contesta\u00e7\u00e3o e est\u00e1 previsto no art. 343 do CPC\/15. Nesse pedido, o r\u00e9u ir\u00e1 formular uma pretens\u00e3o contra o autor do processo, ou contra terceiros, desde que nos fatos haja conex\u00e3o com a a\u00e7\u00e3o principal.<\/p>\n<p>Quando o r\u00e9u prop\u00f5e a reconven\u00e7\u00e3o, haver\u00e1 a intima\u00e7\u00e3o do autor para que este apresente resposta no prazo de quinze dias \u00fateis.<\/p>\n<p>Importante ressaltar que, a reconven\u00e7\u00e3o n\u00e3o depende da apresenta\u00e7\u00e3o da contesta\u00e7\u00e3o em si, podendo o r\u00e9u apresentar apenas a reconven\u00e7\u00e3o, conforme prev\u00ea o art. 343, \u00a7 6\u00ba do CPC\/15.<\/p>\n<h2><span>Automatiza\u00e7\u00e3o de peti\u00e7\u00f5es da ADVBOX <\/span><\/h2>\n<p><span>A ADVBOX \u00e9 pioneira na cria\u00e7\u00e3o de um sistema eficaz de gest\u00e3o do conhecimento em escrit\u00f3rios de advocacia e bibliotecas de peti\u00e7\u00f5es digitais. <\/span><span>Com o uso da ferramenta, o escrit\u00f3rio poder\u00e1 <a href=\"https:\/\/advbox.com.br\/blog\/como-automatizar-seus-modelos-de-peticoes\/\" target=\"_blank\">criar sua pr\u00f3pria base de peti\u00e7\u00f5es<\/a>, entre elas a contesta\u00e7\u00e3o, de forma r\u00e1pida e segura, tendo seus dados e informa\u00e7\u00f5es de clientes sempre protegidos. <\/span><span>Com o software de gest\u00e3o para o escrit\u00f3rio digital o profissional de direito poder\u00e1 acessar a plataforma de qualquer lugar, usando apenas sua conta pessoal. \u00c9 o instrumento perfeito para quem busca crescimento profissional, aliado \u00e0 melhor tecnologia do mercado. <\/span><span>Elaborar todas as pe\u00e7as de uma demanda \u00e9 um processo exaustivo e que retira tempo de outras atividades como cursos, capta\u00e7\u00e3o de novos clientes, audi\u00eancias e at\u00e9 estudos elaborados em mat\u00e9rias que demandem mais aten\u00e7\u00e3o. <\/span><span>Captar um modelo solto da internet tamb\u00e9m n\u00e3o \u00e9 a melhor op\u00e7\u00e3o, j\u00e1 que n\u00e3o existe nenhuma garantia de atualiza\u00e7\u00e3o legal ou ainda organiza\u00e7\u00e3o da mat\u00e9ria abordada. <\/span><span>Com a<span class=\"Apple-converted-space\">\u00a0 <\/span>ADVBOX o advogado poder\u00e1 contar com ferramentas de<span class=\"Apple-converted-space\">\u00a0 <\/span>gera\u00e7\u00e3o de<span class=\"Apple-converted-space\">\u00a0 <\/span>peti\u00e7\u00f5es em massa, bem como a atualiza\u00e7\u00e3o e melhorias em seus modelos de pe\u00e7as, garantindo nesse caso a melhor contesta\u00e7\u00e3o para o sucesso do cliente e dos pedidos demandados. <\/span><span>Fale com nossos consultores e revolucione o seu modo de advogar, contando um aliado de gest\u00e3o especialista em sucesso jur\u00eddico!<\/span><a href=\"https:\/\/advbox.com.br\/cadastro\/\" target=\"_blank\"><img fetchpriority=\"high\" decoding=\"async\" src=\"https:\/\/advbox.com.br\/blog\/wp-content\/uploads\/2019\/05\/automatize_a_produ%C3%A7%C3%A3o_de_suas_peti%C3%A7%C3%B5es.png\" alt=\"\" width=\"1000\" height=\"276\" class=\"aligncenter size-full wp-image-11456\"><\/a><\/p>\n","protected":false},"excerpt":{"rendered":"<p>Um dos principais momentos para quem \u00e9 r\u00e9u em um processo \u00e9 a apresenta\u00e7\u00e3o da contesta\u00e7\u00e3o. Nesse momento, forma-se a lide processual, onde o r\u00e9u ir\u00e1 contrapor as acusa\u00e7\u00f5es que est\u00e3o sendo apontadas pelo autor. A contesta\u00e7\u00e3o \u00e9 a principal e a primeira forma de defesa do r\u00e9u durante uma [&hellip;]<\/p>\n","protected":false},"author":2,"featured_media":29750,"parent":0,"menu_order":0,"comment_status":"closed","ping_status":"closed","template":"","meta":{"_acf_changed":false,"om_disable_all_campaigns":false,"footnotes":""},"class_list":["post-14773","page","type-page","status-publish","has-post-thumbnail","hentry"],"acf":[],"yoast_head":"<!-- This site is optimized with the Yoast SEO plugin v26.9 - https:\/\/yoast.com\/product\/yoast-seo-wordpress\/ -->\n<title>Contesta\u00e7\u00e3o no processo civil: entenda essa pe\u00e7a essencial<\/title>\n<meta name=\"description\" content=\"A contesta\u00e7\u00e3o \u00e9 um elemento jur\u00eddico processual important\u00edssimo e muito recorrente no trabalho do advogado. Conhe\u00e7a mais sobre e veja como fazer na pr\u00e1tica.\" \/>\n<meta name=\"robots\" content=\"index, follow, max-snippet:-1, max-image-preview:large, max-video-preview:-1\" \/>\n<link rel=\"canonical\" href=\"https:\/\/advbox.com.br\/blog\/contestacao-no-processo-civil-entenda-mais-sobre\/\" \/>\n<meta property=\"og:locale\" content=\"pt_BR\" \/>\n<meta property=\"og:type\" content=\"article\" \/>\n<meta property=\"og:title\" content=\"Contesta\u00e7\u00e3o no processo civil: entenda essa pe\u00e7a essencial\" \/>\n<meta property=\"og:description\" content=\"A contesta\u00e7\u00e3o \u00e9 um elemento jur\u00eddico processual important\u00edssimo e muito recorrente no trabalho do advogado. Conhe\u00e7a mais sobre e veja como fazer na pr\u00e1tica.\" \/>\n<meta property=\"og:url\" content=\"https:\/\/advbox.com.br\/blog\/contestacao-no-processo-civil-entenda-mais-sobre\/\" \/>\n<meta property=\"og:site_name\" content=\"Software Jur\u00eddico Completo - ADVBOX\" \/>\n<meta property=\"article:publisher\" content=\"https:\/\/www.facebook.com\/advbox\/\" \/>\n<meta property=\"article:modified_time\" content=\"2025-11-12T13:39:49+00:00\" \/>\n<meta property=\"og:image\" content=\"https:\/\/advbox.com.br\/blog\/wp-content\/uploads\/2021\/04\/peticao-advbox-14.jpg\" \/>\n\t<meta property=\"og:image:width\" content=\"626\" \/>\n\t<meta property=\"og:image:height\" content=\"417\" \/>\n\t<meta property=\"og:image:type\" content=\"image\/jpeg\" \/>\n<meta name=\"twitter:card\" content=\"summary_large_image\" \/>\n<meta name=\"twitter:site\" content=\"@advbox2\" \/>\n<script type=\"application\/ld+json\" class=\"yoast-schema-graph\">{\"@context\":\"https:\/\/schema.org\",\"@graph\":[{\"@type\":\"WebPage\",\"@id\":\"https:\/\/advbox.com.br\/blog\/contestacao-no-processo-civil-entenda-mais-sobre\/\",\"url\":\"https:\/\/advbox.com.br\/blog\/contestacao-no-processo-civil-entenda-mais-sobre\/\",\"name\":\"Contesta\u00e7\u00e3o no processo civil: entenda essa pe\u00e7a essencial\",\"isPartOf\":{\"@id\":\"https:\/\/advbox.com.br\/blog\/#website\"},\"primaryImageOfPage\":{\"@id\":\"https:\/\/advbox.com.br\/blog\/contestacao-no-processo-civil-entenda-mais-sobre\/#primaryimage\"},\"image\":{\"@id\":\"https:\/\/advbox.com.br\/blog\/contestacao-no-processo-civil-entenda-mais-sobre\/#primaryimage\"},\"thumbnailUrl\":\"https:\/\/advbox.com.br\/blog\/wp-content\/uploads\/2021\/04\/peticao-advbox-14.jpg\",\"datePublished\":\"2019-06-04T11:47:49+00:00\",\"dateModified\":\"2025-11-12T13:39:49+00:00\",\"description\":\"A contesta\u00e7\u00e3o \u00e9 um elemento jur\u00eddico processual important\u00edssimo e muito recorrente no trabalho do advogado. Conhe\u00e7a mais sobre e veja como fazer na pr\u00e1tica.\",\"breadcrumb\":{\"@id\":\"https:\/\/advbox.com.br\/blog\/contestacao-no-processo-civil-entenda-mais-sobre\/#breadcrumb\"},\"inLanguage\":\"pt-BR\",\"potentialAction\":[{\"@type\":\"ReadAction\",\"target\":[\"https:\/\/advbox.com.br\/blog\/contestacao-no-processo-civil-entenda-mais-sobre\/\"]}]},{\"@type\":\"ImageObject\",\"inLanguage\":\"pt-BR\",\"@id\":\"https:\/\/advbox.com.br\/blog\/contestacao-no-processo-civil-entenda-mais-sobre\/#primaryimage\",\"url\":\"https:\/\/advbox.com.br\/blog\/wp-content\/uploads\/2021\/04\/peticao-advbox-14.jpg\",\"contentUrl\":\"https:\/\/advbox.com.br\/blog\/wp-content\/uploads\/2021\/04\/peticao-advbox-14.jpg\",\"width\":626,\"height\":417,\"caption\":\"Metas de produtividade\"},{\"@type\":\"BreadcrumbList\",\"@id\":\"https:\/\/advbox.com.br\/blog\/contestacao-no-processo-civil-entenda-mais-sobre\/#breadcrumb\",\"itemListElement\":[{\"@type\":\"ListItem\",\"position\":1,\"name\":\"In\u00edcio\",\"item\":\"https:\/\/advbox.com.br\/blog\/\"},{\"@type\":\"ListItem\",\"position\":2,\"name\":\"Contesta\u00e7\u00e3o no processo civil: entenda essa pe\u00e7a essencial\"}]},{\"@type\":\"WebSite\",\"@id\":\"https:\/\/advbox.com.br\/blog\/#website\",\"url\":\"https:\/\/advbox.com.br\/blog\/\",\"name\":\"Software Jur\u00eddico Completo - ADVBOX\",\"description\":\"Plataforma para Advocacia Digital\",\"publisher\":{\"@id\":\"https:\/\/advbox.com.br\/blog\/#organization\"},\"potentialAction\":[{\"@type\":\"SearchAction\",\"target\":{\"@type\":\"EntryPoint\",\"urlTemplate\":\"https:\/\/advbox.com.br\/blog\/?s={search_term_string}\"},\"query-input\":{\"@type\":\"PropertyValueSpecification\",\"valueRequired\":true,\"valueName\":\"search_term_string\"}}],\"inLanguage\":\"pt-BR\"},{\"@type\":\"Organization\",\"@id\":\"https:\/\/advbox.com.br\/blog\/#organization\",\"name\":\"ADVBOX Blog - Software jur\u00eddico da advocacia digital\",\"url\":\"https:\/\/advbox.com.br\/blog\/\",\"logo\":{\"@type\":\"ImageObject\",\"inLanguage\":\"pt-BR\",\"@id\":\"https:\/\/advbox.com.br\/blog\/#\/schema\/logo\/image\/\",\"url\":\"https:\/\/advbox.com.br\/blog\/wp-content\/uploads\/2019\/12\/Como-aumentar-a-produtividade_.jpg\",\"contentUrl\":\"https:\/\/advbox.com.br\/blog\/wp-content\/uploads\/2019\/12\/Como-aumentar-a-produtividade_.jpg\",\"width\":320,\"height\":213,\"caption\":\"ADVBOX Blog - Software jur\u00eddico da advocacia digital\"},\"image\":{\"@id\":\"https:\/\/advbox.com.br\/blog\/#\/schema\/logo\/image\/\"},\"sameAs\":[\"https:\/\/www.facebook.com\/advbox\/\",\"https:\/\/x.com\/advbox2\"]}]}<\/script>\n<!-- \/ Yoast SEO plugin. -->","yoast_head_json":{"title":"Contesta\u00e7\u00e3o no processo civil: entenda essa pe\u00e7a essencial","description":"A contesta\u00e7\u00e3o \u00e9 um elemento jur\u00eddico processual important\u00edssimo e muito recorrente no trabalho do advogado. Conhe\u00e7a mais sobre e veja como fazer na pr\u00e1tica.","robots":{"index":"index","follow":"follow","max-snippet":"max-snippet:-1","max-image-preview":"max-image-preview:large","max-video-preview":"max-video-preview:-1"},"canonical":"https:\/\/advbox.com.br\/blog\/contestacao-no-processo-civil-entenda-mais-sobre\/","og_locale":"pt_BR","og_type":"article","og_title":"Contesta\u00e7\u00e3o no processo civil: entenda essa pe\u00e7a essencial","og_description":"A contesta\u00e7\u00e3o \u00e9 um elemento jur\u00eddico processual important\u00edssimo e muito recorrente no trabalho do advogado. Conhe\u00e7a mais sobre e veja como fazer na pr\u00e1tica.","og_url":"https:\/\/advbox.com.br\/blog\/contestacao-no-processo-civil-entenda-mais-sobre\/","og_site_name":"Software Jur\u00eddico Completo - ADVBOX","article_publisher":"https:\/\/www.facebook.com\/advbox\/","article_modified_time":"2025-11-12T13:39:49+00:00","og_image":[{"width":626,"height":417,"url":"https:\/\/advbox.com.br\/blog\/wp-content\/uploads\/2021\/04\/peticao-advbox-14.jpg","type":"image\/jpeg"}],"twitter_card":"summary_large_image","twitter_site":"@advbox2","schema":{"@context":"https:\/\/schema.org","@graph":[{"@type":"WebPage","@id":"https:\/\/advbox.com.br\/blog\/contestacao-no-processo-civil-entenda-mais-sobre\/","url":"https:\/\/advbox.com.br\/blog\/contestacao-no-processo-civil-entenda-mais-sobre\/","name":"Contesta\u00e7\u00e3o no processo civil: entenda essa pe\u00e7a essencial","isPartOf":{"@id":"https:\/\/advbox.com.br\/blog\/#website"},"primaryImageOfPage":{"@id":"https:\/\/advbox.com.br\/blog\/contestacao-no-processo-civil-entenda-mais-sobre\/#primaryimage"},"image":{"@id":"https:\/\/advbox.com.br\/blog\/contestacao-no-processo-civil-entenda-mais-sobre\/#primaryimage"},"thumbnailUrl":"https:\/\/advbox.com.br\/blog\/wp-content\/uploads\/2021\/04\/peticao-advbox-14.jpg","datePublished":"2019-06-04T11:47:49+00:00","dateModified":"2025-11-12T13:39:49+00:00","description":"A contesta\u00e7\u00e3o \u00e9 um elemento jur\u00eddico processual important\u00edssimo e muito recorrente no trabalho do advogado. Conhe\u00e7a mais sobre e veja como fazer na pr\u00e1tica.","breadcrumb":{"@id":"https:\/\/advbox.com.br\/blog\/contestacao-no-processo-civil-entenda-mais-sobre\/#breadcrumb"},"inLanguage":"pt-BR","potentialAction":[{"@type":"ReadAction","target":["https:\/\/advbox.com.br\/blog\/contestacao-no-processo-civil-entenda-mais-sobre\/"]}]},{"@type":"ImageObject","inLanguage":"pt-BR","@id":"https:\/\/advbox.com.br\/blog\/contestacao-no-processo-civil-entenda-mais-sobre\/#primaryimage","url":"https:\/\/advbox.com.br\/blog\/wp-content\/uploads\/2021\/04\/peticao-advbox-14.jpg","contentUrl":"https:\/\/advbox.com.br\/blog\/wp-content\/uploads\/2021\/04\/peticao-advbox-14.jpg","width":626,"height":417,"caption":"Metas de produtividade"},{"@type":"BreadcrumbList","@id":"https:\/\/advbox.com.br\/blog\/contestacao-no-processo-civil-entenda-mais-sobre\/#breadcrumb","itemListElement":[{"@type":"ListItem","position":1,"name":"In\u00edcio","item":"https:\/\/advbox.com.br\/blog\/"},{"@type":"ListItem","position":2,"name":"Contesta\u00e7\u00e3o no processo civil: entenda essa pe\u00e7a essencial"}]},{"@type":"WebSite","@id":"https:\/\/advbox.com.br\/blog\/#website","url":"https:\/\/advbox.com.br\/blog\/","name":"Software Jur\u00eddico Completo - ADVBOX","description":"Plataforma para Advocacia Digital","publisher":{"@id":"https:\/\/advbox.com.br\/blog\/#organization"},"potentialAction":[{"@type":"SearchAction","target":{"@type":"EntryPoint","urlTemplate":"https:\/\/advbox.com.br\/blog\/?s={search_term_string}"},"query-input":{"@type":"PropertyValueSpecification","valueRequired":true,"valueName":"search_term_string"}}],"inLanguage":"pt-BR"},{"@type":"Organization","@id":"https:\/\/advbox.com.br\/blog\/#organization","name":"ADVBOX Blog - Software jur\u00eddico da advocacia digital","url":"https:\/\/advbox.com.br\/blog\/","logo":{"@type":"ImageObject","inLanguage":"pt-BR","@id":"https:\/\/advbox.com.br\/blog\/#\/schema\/logo\/image\/","url":"https:\/\/advbox.com.br\/blog\/wp-content\/uploads\/2019\/12\/Como-aumentar-a-produtividade_.jpg","contentUrl":"https:\/\/advbox.com.br\/blog\/wp-content\/uploads\/2019\/12\/Como-aumentar-a-produtividade_.jpg","width":320,"height":213,"caption":"ADVBOX Blog - Software jur\u00eddico da advocacia digital"},"image":{"@id":"https:\/\/advbox.com.br\/blog\/#\/schema\/logo\/image\/"},"sameAs":["https:\/\/www.facebook.com\/advbox\/","https:\/\/x.com\/advbox2"]}]}},"_links":{"self":[{"href":"https:\/\/advbox.com.br\/blog\/wp-json\/wp\/v2\/pages\/14773","targetHints":{"allow":["GET"]}}],"collection":[{"href":"https:\/\/advbox.com.br\/blog\/wp-json\/wp\/v2\/pages"}],"about":[{"href":"https:\/\/advbox.com.br\/blog\/wp-json\/wp\/v2\/types\/page"}],"author":[{"embeddable":true,"href":"https:\/\/advbox.com.br\/blog\/wp-json\/wp\/v2\/users\/2"}],"replies":[{"embeddable":true,"href":"https:\/\/advbox.com.br\/blog\/wp-json\/wp\/v2\/comments?post=14773"}],"version-history":[{"count":2,"href":"https:\/\/advbox.com.br\/blog\/wp-json\/wp\/v2\/pages\/14773\/revisions"}],"predecessor-version":[{"id":78888,"href":"https:\/\/advbox.com.br\/blog\/wp-json\/wp\/v2\/pages\/14773\/revisions\/78888"}],"wp:featuredmedia":[{"embeddable":true,"href":"https:\/\/advbox.com.br\/blog\/wp-json\/wp\/v2\/media\/29750"}],"wp:attachment":[{"href":"https:\/\/advbox.com.br\/blog\/wp-json\/wp\/v2\/media?parent=14773"}],"curies":[{"name":"wp","href":"https:\/\/api.w.org\/{rel}","templated":true}]}}