{"id":18966,"date":"2020-09-02T23:16:02","date_gmt":"2020-09-03T02:16:02","guid":{"rendered":"https:\/\/advbox.com.br\/blog\/?page_id=18966"},"modified":"2024-08-22T14:11:16","modified_gmt":"2024-08-22T17:11:16","slug":"software-juridico-2020","status":"publish","type":"page","link":"https:\/\/advbox.com.br\/blog\/software-juridico-2020\/","title":{"rendered":"Intelijur | Software jur\u00eddico mais utilizado no Brasil em 2020"},"content":{"rendered":"<p>A <a href=\"https:\/\/www.intelijur.com.br\/\" target=\"_blank\">Intelijur<\/a> junto com <span>FDJUR, realizaram uma pesquisa jur\u00eddica com escrit\u00f3rios\/advogados com objetivo de saber as vantagens\/utiliza\u00e7\u00e3o de software jur\u00eddico.&nbsp;<\/span><\/p>\n<h3>A ADVBOX com apenas 2 anos de mercado se encontrou em 3\u00ba lugar do software jur\u00eddico mais utilizado no pa\u00eds.<\/h3>\n<p>Isso \u00e9 gratificante para toda a equipe que se empenha diariamente para auxiliar escrit\u00f3rios a ter uma melhor <a href=\"https:\/\/advbox.com.br\/blog\/alta-produtividade-na-advocacia\/\" target=\"_blank\">Taskscore: Alta produtividade na advocacia<\/a><\/p>\n<p>Agradecemos a todos os advogados que dispuseram tempo para participar dessa pesquisa e votaram na ADVBOX.<\/p>\n<p>Os dados apresentados a seguir s\u00e3o exclusivos do site INTELIJUR.<\/p>\n<h4>Foram 1250 participantes<br \/>\n1111 respostas completas<\/h4>\n<p>PERGUNTA<\/p>\n<div id=\"attachment_18967\" style=\"width: 1260px\" class=\"wp-caption alignnone\"><img fetchpriority=\"high\" decoding=\"async\" aria-describedby=\"caption-attachment-18967\" src=\"https:\/\/advbox.com.br\/blog\/wp-content\/uploads\/2020\/09\/Screenshot_2.jpg\" alt=\"captura do resultado da pesquisa Intelijur\" width=\"1250\" height=\"568\" class=\"wp-image-18967 size-full\" srcset=\"https:\/\/advbox.com.br\/blog\/wp-content\/uploads\/2020\/09\/Screenshot_2.jpg 1024w, https:\/\/advbox.com.br\/blog\/wp-content\/uploads\/2020\/09\/Screenshot_2-300x136.jpg 300w, https:\/\/advbox.com.br\/blog\/wp-content\/uploads\/2020\/09\/Screenshot_2-768x349.jpg 768w\" sizes=\"(max-width: 1250px) 100vw, 1250px\" \/><p id=\"caption-attachment-18967\" class=\"wp-caption-text\">captura do resultado da pesquisa Intelijur<\/p><\/div>\n<p>PERGUNTA<\/p>\n<div id=\"attachment_18968\" style=\"width: 754px\" class=\"wp-caption alignnone\"><img decoding=\"async\" aria-describedby=\"caption-attachment-18968\" src=\"https:\/\/advbox.com.br\/blog\/wp-content\/uploads\/2020\/09\/Screenshot_3.jpg\" alt=\"captura do resultado da pesquisa Intelijur\" width=\"744\" height=\"334\" class=\"wp-image-18968\" srcset=\"https:\/\/advbox.com.br\/blog\/wp-content\/uploads\/2020\/09\/Screenshot_3.jpg 1024w, https:\/\/advbox.com.br\/blog\/wp-content\/uploads\/2020\/09\/Screenshot_3-300x135.jpg 300w, https:\/\/advbox.com.br\/blog\/wp-content\/uploads\/2020\/09\/Screenshot_3-768x345.jpg 768w\" sizes=\"(max-width: 744px) 100vw, 744px\" loading=\"lazy\" \/><p id=\"caption-attachment-18968\" class=\"wp-caption-text\">captura do resultado da pesquisa Intelijur<\/p><\/div>\n<p>Confira a pesquisa em &gt; ;<\/p>\n<p>&nbsp;<\/p>\n","protected":false},"excerpt":{"rendered":"<p>A Intelijur junto com FDJUR, realizaram uma pesquisa jur\u00eddica com escrit\u00f3rios\/advogados com objetivo de saber as vantagens\/utiliza\u00e7\u00e3o de software jur\u00eddico.&nbsp; A ADVBOX com apenas 2 anos de mercado se encontrou em 3\u00ba lugar do software jur\u00eddico mais utilizado no pa\u00eds. Isso \u00e9 gratificante para toda a equipe que se empenha [&hellip;]<\/p>\n","protected":false},"author":44,"featured_media":18972,"parent":0,"menu_order":0,"comment_status":"closed","ping_status":"closed","template":"","meta":{"_acf_changed":false,"om_disable_all_campaigns":false,"footnotes":""},"class_list":["post-18966","page","type-page","status-publish","has-post-thumbnail","hentry"],"acf":[],"yoast_head":"<!-- This site is optimized with the Yoast SEO plugin v26.9 - https:\/\/yoast.com\/product\/yoast-seo-wordpress\/ -->\n<title>Intelijur | Software jur\u00eddico mais utilizado no Brasil em 2020<\/title>\n<meta name=\"description\" content=\"A Intelijur junto com FDJUR, realizaram uma pesquisa jur\u00eddica com escrit\u00f3rios\/advogados com objetivo de saber as vantagens\/utiliza\u00e7\u00e3o de software jur\u00eddico\" \/>\n<meta name=\"robots\" content=\"index, follow, max-snippet:-1, max-image-preview:large, max-video-preview:-1\" \/>\n<link rel=\"canonical\" href=\"https:\/\/advbox.com.br\/blog\/software-juridico-2020\/\" \/>\n<meta property=\"og:locale\" content=\"pt_BR\" \/>\n<meta property=\"og:type\" content=\"article\" \/>\n<meta property=\"og:title\" content=\"Intelijur | Software jur\u00eddico mais utilizado no Brasil em 2020\" \/>\n<meta property=\"og:description\" content=\"A Intelijur junto com FDJUR, realizaram uma pesquisa jur\u00eddica com escrit\u00f3rios\/advogados com objetivo de saber as vantagens\/utiliza\u00e7\u00e3o de software jur\u00eddico\" \/>\n<meta property=\"og:url\" content=\"https:\/\/advbox.com.br\/blog\/software-juridico-2020\/\" \/>\n<meta property=\"og:site_name\" content=\"Software Jur\u00eddico Completo - ADVBOX\" \/>\n<meta property=\"article:publisher\" content=\"https:\/\/www.facebook.com\/advbox\/\" \/>\n<meta property=\"article:modified_time\" content=\"2024-08-22T17:11:16+00:00\" \/>\n<meta property=\"og:image\" content=\"https:\/\/advbox.com.br\/blog\/wp-content\/uploads\/2020\/09\/logo-scaled.jpg\" \/>\n\t<meta property=\"og:image:width\" content=\"918\" \/>\n\t<meta property=\"og:image:height\" content=\"1024\" \/>\n\t<meta property=\"og:image:type\" content=\"image\/jpeg\" \/>\n<meta name=\"twitter:card\" content=\"summary_large_image\" \/>\n<meta name=\"twitter:site\" content=\"@advbox2\" \/>\n<script type=\"application\/ld+json\" class=\"yoast-schema-graph\">{\"@context\":\"https:\/\/schema.org\",\"@graph\":[{\"@type\":\"WebPage\",\"@id\":\"https:\/\/advbox.com.br\/blog\/software-juridico-2020\/\",\"url\":\"https:\/\/advbox.com.br\/blog\/software-juridico-2020\/\",\"name\":\"Intelijur | Software jur\u00eddico mais utilizado no Brasil em 2020\",\"isPartOf\":{\"@id\":\"https:\/\/advbox.com.br\/blog\/#website\"},\"primaryImageOfPage\":{\"@id\":\"https:\/\/advbox.com.br\/blog\/software-juridico-2020\/#primaryimage\"},\"image\":{\"@id\":\"https:\/\/advbox.com.br\/blog\/software-juridico-2020\/#primaryimage\"},\"thumbnailUrl\":\"https:\/\/advbox.com.br\/blog\/wp-content\/uploads\/2020\/09\/logo-scaled.jpg\",\"datePublished\":\"2020-09-03T02:16:02+00:00\",\"dateModified\":\"2024-08-22T17:11:16+00:00\",\"description\":\"A Intelijur junto com FDJUR, realizaram uma pesquisa jur\u00eddica com escrit\u00f3rios\/advogados com objetivo de saber as vantagens\/utiliza\u00e7\u00e3o de software jur\u00eddico\",\"breadcrumb\":{\"@id\":\"https:\/\/advbox.com.br\/blog\/software-juridico-2020\/#breadcrumb\"},\"inLanguage\":\"pt-BR\",\"potentialAction\":[{\"@type\":\"ReadAction\",\"target\":[\"https:\/\/advbox.com.br\/blog\/software-juridico-2020\/\"]}]},{\"@type\":\"ImageObject\",\"inLanguage\":\"pt-BR\",\"@id\":\"https:\/\/advbox.com.br\/blog\/software-juridico-2020\/#primaryimage\",\"url\":\"https:\/\/advbox.com.br\/blog\/wp-content\/uploads\/2020\/09\/logo-scaled.jpg\",\"contentUrl\":\"https:\/\/advbox.com.br\/blog\/wp-content\/uploads\/2020\/09\/logo-scaled.jpg\",\"width\":918,\"height\":1024},{\"@type\":\"BreadcrumbList\",\"@id\":\"https:\/\/advbox.com.br\/blog\/software-juridico-2020\/#breadcrumb\",\"itemListElement\":[{\"@type\":\"ListItem\",\"position\":1,\"name\":\"In\u00edcio\",\"item\":\"https:\/\/advbox.com.br\/blog\/\"},{\"@type\":\"ListItem\",\"position\":2,\"name\":\"Intelijur | Software jur\u00eddico mais utilizado no Brasil em 2020\"}]},{\"@type\":\"WebSite\",\"@id\":\"https:\/\/advbox.com.br\/blog\/#website\",\"url\":\"https:\/\/advbox.com.br\/blog\/\",\"name\":\"Software Jur\u00eddico Completo - ADVBOX\",\"description\":\"Plataforma para Advocacia Digital\",\"publisher\":{\"@id\":\"https:\/\/advbox.com.br\/blog\/#organization\"},\"potentialAction\":[{\"@type\":\"SearchAction\",\"target\":{\"@type\":\"EntryPoint\",\"urlTemplate\":\"https:\/\/advbox.com.br\/blog\/?s={search_term_string}\"},\"query-input\":{\"@type\":\"PropertyValueSpecification\",\"valueRequired\":true,\"valueName\":\"search_term_string\"}}],\"inLanguage\":\"pt-BR\"},{\"@type\":\"Organization\",\"@id\":\"https:\/\/advbox.com.br\/blog\/#organization\",\"name\":\"ADVBOX Blog - Software jur\u00eddico da advocacia digital\",\"url\":\"https:\/\/advbox.com.br\/blog\/\",\"logo\":{\"@type\":\"ImageObject\",\"inLanguage\":\"pt-BR\",\"@id\":\"https:\/\/advbox.com.br\/blog\/#\/schema\/logo\/image\/\",\"url\":\"https:\/\/advbox.com.br\/blog\/wp-content\/uploads\/2019\/12\/Como-aumentar-a-produtividade_.jpg\",\"contentUrl\":\"https:\/\/advbox.com.br\/blog\/wp-content\/uploads\/2019\/12\/Como-aumentar-a-produtividade_.jpg\",\"width\":320,\"height\":213,\"caption\":\"ADVBOX Blog - Software jur\u00eddico da advocacia digital\"},\"image\":{\"@id\":\"https:\/\/advbox.com.br\/blog\/#\/schema\/logo\/image\/\"},\"sameAs\":[\"https:\/\/www.facebook.com\/advbox\/\",\"https:\/\/x.com\/advbox2\"]}]}<\/script>\n<!-- \/ Yoast SEO plugin. -->","yoast_head_json":{"title":"Intelijur | Software jur\u00eddico mais utilizado no Brasil em 2020","description":"A Intelijur junto com FDJUR, realizaram uma pesquisa jur\u00eddica com escrit\u00f3rios\/advogados com objetivo de saber as vantagens\/utiliza\u00e7\u00e3o de software jur\u00eddico","robots":{"index":"index","follow":"follow","max-snippet":"max-snippet:-1","max-image-preview":"max-image-preview:large","max-video-preview":"max-video-preview:-1"},"canonical":"https:\/\/advbox.com.br\/blog\/software-juridico-2020\/","og_locale":"pt_BR","og_type":"article","og_title":"Intelijur | Software jur\u00eddico mais utilizado no Brasil em 2020","og_description":"A Intelijur junto com FDJUR, realizaram uma pesquisa jur\u00eddica com escrit\u00f3rios\/advogados com objetivo de saber as vantagens\/utiliza\u00e7\u00e3o de software jur\u00eddico","og_url":"https:\/\/advbox.com.br\/blog\/software-juridico-2020\/","og_site_name":"Software Jur\u00eddico Completo - ADVBOX","article_publisher":"https:\/\/www.facebook.com\/advbox\/","article_modified_time":"2024-08-22T17:11:16+00:00","og_image":[{"width":918,"height":1024,"url":"https:\/\/advbox.com.br\/blog\/wp-content\/uploads\/2020\/09\/logo-scaled.jpg","type":"image\/jpeg"}],"twitter_card":"summary_large_image","twitter_site":"@advbox2","schema":{"@context":"https:\/\/schema.org","@graph":[{"@type":"WebPage","@id":"https:\/\/advbox.com.br\/blog\/software-juridico-2020\/","url":"https:\/\/advbox.com.br\/blog\/software-juridico-2020\/","name":"Intelijur | Software jur\u00eddico mais utilizado no Brasil em 2020","isPartOf":{"@id":"https:\/\/advbox.com.br\/blog\/#website"},"primaryImageOfPage":{"@id":"https:\/\/advbox.com.br\/blog\/software-juridico-2020\/#primaryimage"},"image":{"@id":"https:\/\/advbox.com.br\/blog\/software-juridico-2020\/#primaryimage"},"thumbnailUrl":"https:\/\/advbox.com.br\/blog\/wp-content\/uploads\/2020\/09\/logo-scaled.jpg","datePublished":"2020-09-03T02:16:02+00:00","dateModified":"2024-08-22T17:11:16+00:00","description":"A Intelijur junto com FDJUR, realizaram uma pesquisa jur\u00eddica com escrit\u00f3rios\/advogados com objetivo de saber as vantagens\/utiliza\u00e7\u00e3o de software jur\u00eddico","breadcrumb":{"@id":"https:\/\/advbox.com.br\/blog\/software-juridico-2020\/#breadcrumb"},"inLanguage":"pt-BR","potentialAction":[{"@type":"ReadAction","target":["https:\/\/advbox.com.br\/blog\/software-juridico-2020\/"]}]},{"@type":"ImageObject","inLanguage":"pt-BR","@id":"https:\/\/advbox.com.br\/blog\/software-juridico-2020\/#primaryimage","url":"https:\/\/advbox.com.br\/blog\/wp-content\/uploads\/2020\/09\/logo-scaled.jpg","contentUrl":"https:\/\/advbox.com.br\/blog\/wp-content\/uploads\/2020\/09\/logo-scaled.jpg","width":918,"height":1024},{"@type":"BreadcrumbList","@id":"https:\/\/advbox.com.br\/blog\/software-juridico-2020\/#breadcrumb","itemListElement":[{"@type":"ListItem","position":1,"name":"In\u00edcio","item":"https:\/\/advbox.com.br\/blog\/"},{"@type":"ListItem","position":2,"name":"Intelijur | Software jur\u00eddico mais utilizado no Brasil em 2020"}]},{"@type":"WebSite","@id":"https:\/\/advbox.com.br\/blog\/#website","url":"https:\/\/advbox.com.br\/blog\/","name":"Software Jur\u00eddico Completo - ADVBOX","description":"Plataforma para Advocacia Digital","publisher":{"@id":"https:\/\/advbox.com.br\/blog\/#organization"},"potentialAction":[{"@type":"SearchAction","target":{"@type":"EntryPoint","urlTemplate":"https:\/\/advbox.com.br\/blog\/?s={search_term_string}"},"query-input":{"@type":"PropertyValueSpecification","valueRequired":true,"valueName":"search_term_string"}}],"inLanguage":"pt-BR"},{"@type":"Organization","@id":"https:\/\/advbox.com.br\/blog\/#organization","name":"ADVBOX Blog - Software jur\u00eddico da advocacia digital","url":"https:\/\/advbox.com.br\/blog\/","logo":{"@type":"ImageObject","inLanguage":"pt-BR","@id":"https:\/\/advbox.com.br\/blog\/#\/schema\/logo\/image\/","url":"https:\/\/advbox.com.br\/blog\/wp-content\/uploads\/2019\/12\/Como-aumentar-a-produtividade_.jpg","contentUrl":"https:\/\/advbox.com.br\/blog\/wp-content\/uploads\/2019\/12\/Como-aumentar-a-produtividade_.jpg","width":320,"height":213,"caption":"ADVBOX Blog - Software jur\u00eddico da advocacia digital"},"image":{"@id":"https:\/\/advbox.com.br\/blog\/#\/schema\/logo\/image\/"},"sameAs":["https:\/\/www.facebook.com\/advbox\/","https:\/\/x.com\/advbox2"]}]}},"_links":{"self":[{"href":"https:\/\/advbox.com.br\/blog\/wp-json\/wp\/v2\/pages\/18966","targetHints":{"allow":["GET"]}}],"collection":[{"href":"https:\/\/advbox.com.br\/blog\/wp-json\/wp\/v2\/pages"}],"about":[{"href":"https:\/\/advbox.com.br\/blog\/wp-json\/wp\/v2\/types\/page"}],"author":[{"embeddable":true,"href":"https:\/\/advbox.com.br\/blog\/wp-json\/wp\/v2\/users\/44"}],"replies":[{"embeddable":true,"href":"https:\/\/advbox.com.br\/blog\/wp-json\/wp\/v2\/comments?post=18966"}],"version-history":[{"count":3,"href":"https:\/\/advbox.com.br\/blog\/wp-json\/wp\/v2\/pages\/18966\/revisions"}],"predecessor-version":[{"id":39962,"href":"https:\/\/advbox.com.br\/blog\/wp-json\/wp\/v2\/pages\/18966\/revisions\/39962"}],"wp:featuredmedia":[{"embeddable":true,"href":"https:\/\/advbox.com.br\/blog\/wp-json\/wp\/v2\/media\/18972"}],"wp:attachment":[{"href":"https:\/\/advbox.com.br\/blog\/wp-json\/wp\/v2\/media?parent=18966"}],"curies":[{"name":"wp","href":"https:\/\/api.w.org\/{rel}","templated":true}]}}