{"id":2189,"date":"2018-05-09T16:23:12","date_gmt":"2018-05-09T19:23:12","guid":{"rendered":"http:\/\/advbox.com.br\/blog\/?page_id=2189"},"modified":"2024-09-10T14:31:08","modified_gmt":"2024-09-10T17:31:08","slug":"aguarda-decisao-do-orgao-fase-administrativa","status":"publish","type":"page","link":"https:\/\/advbox.com.br\/blog\/aguarda-decisao-do-orgao-fase-administrativa\/","title":{"rendered":"FASE ADMINISTRATIVA &#8211; AGUARDA DECIS\u00c3O DO \u00d3RG\u00c3O"},"content":{"rendered":"<div id=\"formulario-01-62524c132c70781fcd10\">\n<p style=\"font-weight: 400;\">Ap\u00f3s algum tempo, o processo est\u00e1 conclu\u00eddo para poder ser tomada uma decis\u00e3o pelo servidor p\u00fablico capacitado e competente para resolver o caso.<\/p>\n<p style=\"font-weight: 400;\">As pessoas em geral ficam muito tempo aguardando a decis\u00e3o dos processos administrativos pelos servidores habilitados.<\/p>\n<p style=\"font-weight: 400;\">Na fase administrativa, n\u00e3o h\u00e1 o que o advogado possa fazer para apressar o processo. Na maioria das vezes uma reclama\u00e7\u00e3o pela demora pode inclusive fazer com que a a\u00e7\u00e3o venha a demorar mais tempo ainda.<\/p>\n<\/div>\n<p><script type=\"text\/javascript\" src=\"https:\/\/d335luupugsy2.cloudfront.net\/js\/rdstation-forms\/stable\/rdstation-forms.min.js\"><\/script><br \/>\n<script type=\"text\/javascript\"><br \/>\n  new RDStationForms('formulario-01-62524c132c70781fcd10-html', 'UA-114923018-1').createForm();<br \/>\n<\/script><\/p>\n","protected":false},"excerpt":{"rendered":"<p>Ap\u00f3s algum tempo, o processo est\u00e1 conclu\u00eddo para poder ser tomada uma decis\u00e3o pelo servidor p\u00fablico capacitado e competente para resolver o caso. As pessoas em geral ficam muito tempo aguardando a decis\u00e3o dos processos administrativos pelos servidores habilitados. Na fase administrativa, n\u00e3o h\u00e1 o que o advogado possa fazer [&hellip;]<\/p>\n","protected":false},"author":44,"featured_media":34967,"parent":0,"menu_order":0,"comment_status":"closed","ping_status":"closed","template":"","meta":{"_acf_changed":false,"om_disable_all_campaigns":false,"footnotes":""},"class_list":["post-2189","page","type-page","status-publish","has-post-thumbnail","hentry"],"acf":[],"yoast_head":"<!-- This site is optimized with the Yoast SEO plugin v26.9 - https:\/\/yoast.com\/product\/yoast-seo-wordpress\/ -->\n<title>Fase Administrativa - Aguarda Decis\u00e3o do \u00d3rg\u00e3o<\/title>\n<meta name=\"description\" content=\"FASE ADMINISTRATIVA - AGUARDA DECIS\u00c3O DO \u00d3RG\u00c3O - Peti\u00e7\u00f5es, Artigos jur\u00eddicos, jurisprud\u00eancias no site da ADVBOX.\" \/>\n<meta name=\"robots\" content=\"index, follow, max-snippet:-1, max-image-preview:large, max-video-preview:-1\" \/>\n<link rel=\"canonical\" href=\"https:\/\/advbox.com.br\/blog\/aguarda-decisao-do-orgao-fase-administrativa\/\" \/>\n<meta property=\"og:locale\" content=\"pt_BR\" \/>\n<meta property=\"og:type\" content=\"article\" \/>\n<meta property=\"og:title\" content=\"Fase Administrativa - Aguarda Decis\u00e3o do \u00d3rg\u00e3o\" \/>\n<meta property=\"og:description\" content=\"FASE ADMINISTRATIVA - AGUARDA DECIS\u00c3O DO \u00d3RG\u00c3O - Peti\u00e7\u00f5es, Artigos jur\u00eddicos, jurisprud\u00eancias no site da ADVBOX.\" \/>\n<meta property=\"og:url\" content=\"https:\/\/advbox.com.br\/blog\/aguarda-decisao-do-orgao-fase-administrativa\/\" \/>\n<meta property=\"og:site_name\" content=\"Software Jur\u00eddico Completo - ADVBOX\" \/>\n<meta property=\"article:publisher\" content=\"https:\/\/www.facebook.com\/advbox\/\" \/>\n<meta property=\"article:modified_time\" content=\"2024-09-10T17:31:08+00:00\" \/>\n<meta property=\"og:image\" content=\"https:\/\/advbox.com.br\/blog\/wp-content\/uploads\/2021\/07\/comercial-do-escritorio.jpg\" \/>\n\t<meta property=\"og:image:width\" content=\"640\" \/>\n\t<meta property=\"og:image:height\" content=\"426\" \/>\n\t<meta property=\"og:image:type\" content=\"image\/jpeg\" \/>\n<meta name=\"twitter:card\" content=\"summary_large_image\" \/>\n<meta name=\"twitter:site\" content=\"@advbox2\" \/>\n<script type=\"application\/ld+json\" class=\"yoast-schema-graph\">{\"@context\":\"https:\/\/schema.org\",\"@graph\":[{\"@type\":\"WebPage\",\"@id\":\"https:\/\/advbox.com.br\/blog\/aguarda-decisao-do-orgao-fase-administrativa\/\",\"url\":\"https:\/\/advbox.com.br\/blog\/aguarda-decisao-do-orgao-fase-administrativa\/\",\"name\":\"Fase Administrativa - Aguarda Decis\u00e3o do \u00d3rg\u00e3o\",\"isPartOf\":{\"@id\":\"https:\/\/advbox.com.br\/blog\/#website\"},\"primaryImageOfPage\":{\"@id\":\"https:\/\/advbox.com.br\/blog\/aguarda-decisao-do-orgao-fase-administrativa\/#primaryimage\"},\"image\":{\"@id\":\"https:\/\/advbox.com.br\/blog\/aguarda-decisao-do-orgao-fase-administrativa\/#primaryimage\"},\"thumbnailUrl\":\"https:\/\/advbox.com.br\/blog\/wp-content\/uploads\/2021\/07\/comercial-do-escritorio.jpg\",\"datePublished\":\"2018-05-09T19:23:12+00:00\",\"dateModified\":\"2024-09-10T17:31:08+00:00\",\"description\":\"FASE ADMINISTRATIVA - AGUARDA DECIS\u00c3O DO \u00d3RG\u00c3O - Peti\u00e7\u00f5es, Artigos jur\u00eddicos, jurisprud\u00eancias no site da ADVBOX.\",\"breadcrumb\":{\"@id\":\"https:\/\/advbox.com.br\/blog\/aguarda-decisao-do-orgao-fase-administrativa\/#breadcrumb\"},\"inLanguage\":\"pt-BR\",\"potentialAction\":[{\"@type\":\"ReadAction\",\"target\":[\"https:\/\/advbox.com.br\/blog\/aguarda-decisao-do-orgao-fase-administrativa\/\"]}]},{\"@type\":\"ImageObject\",\"inLanguage\":\"pt-BR\",\"@id\":\"https:\/\/advbox.com.br\/blog\/aguarda-decisao-do-orgao-fase-administrativa\/#primaryimage\",\"url\":\"https:\/\/advbox.com.br\/blog\/wp-content\/uploads\/2021\/07\/comercial-do-escritorio.jpg\",\"contentUrl\":\"https:\/\/advbox.com.br\/blog\/wp-content\/uploads\/2021\/07\/comercial-do-escritorio.jpg\",\"width\":640,\"height\":426,\"caption\":\"comercial-do-escritorio\"},{\"@type\":\"BreadcrumbList\",\"@id\":\"https:\/\/advbox.com.br\/blog\/aguarda-decisao-do-orgao-fase-administrativa\/#breadcrumb\",\"itemListElement\":[{\"@type\":\"ListItem\",\"position\":1,\"name\":\"In\u00edcio\",\"item\":\"https:\/\/advbox.com.br\/blog\/\"},{\"@type\":\"ListItem\",\"position\":2,\"name\":\"FASE ADMINISTRATIVA &#8211; AGUARDA DECIS\u00c3O DO \u00d3RG\u00c3O\"}]},{\"@type\":\"WebSite\",\"@id\":\"https:\/\/advbox.com.br\/blog\/#website\",\"url\":\"https:\/\/advbox.com.br\/blog\/\",\"name\":\"Software Jur\u00eddico Completo - ADVBOX\",\"description\":\"Plataforma para Advocacia Digital\",\"publisher\":{\"@id\":\"https:\/\/advbox.com.br\/blog\/#organization\"},\"potentialAction\":[{\"@type\":\"SearchAction\",\"target\":{\"@type\":\"EntryPoint\",\"urlTemplate\":\"https:\/\/advbox.com.br\/blog\/?s={search_term_string}\"},\"query-input\":{\"@type\":\"PropertyValueSpecification\",\"valueRequired\":true,\"valueName\":\"search_term_string\"}}],\"inLanguage\":\"pt-BR\"},{\"@type\":\"Organization\",\"@id\":\"https:\/\/advbox.com.br\/blog\/#organization\",\"name\":\"ADVBOX Blog - Software jur\u00eddico da advocacia digital\",\"url\":\"https:\/\/advbox.com.br\/blog\/\",\"logo\":{\"@type\":\"ImageObject\",\"inLanguage\":\"pt-BR\",\"@id\":\"https:\/\/advbox.com.br\/blog\/#\/schema\/logo\/image\/\",\"url\":\"https:\/\/advbox.com.br\/blog\/wp-content\/uploads\/2019\/12\/Como-aumentar-a-produtividade_.jpg\",\"contentUrl\":\"https:\/\/advbox.com.br\/blog\/wp-content\/uploads\/2019\/12\/Como-aumentar-a-produtividade_.jpg\",\"width\":320,\"height\":213,\"caption\":\"ADVBOX Blog - Software jur\u00eddico da advocacia digital\"},\"image\":{\"@id\":\"https:\/\/advbox.com.br\/blog\/#\/schema\/logo\/image\/\"},\"sameAs\":[\"https:\/\/www.facebook.com\/advbox\/\",\"https:\/\/x.com\/advbox2\"]}]}<\/script>\n<!-- \/ Yoast SEO plugin. -->","yoast_head_json":{"title":"Fase Administrativa - Aguarda Decis\u00e3o do \u00d3rg\u00e3o","description":"FASE ADMINISTRATIVA - AGUARDA DECIS\u00c3O DO \u00d3RG\u00c3O - Peti\u00e7\u00f5es, Artigos jur\u00eddicos, jurisprud\u00eancias no site da ADVBOX.","robots":{"index":"index","follow":"follow","max-snippet":"max-snippet:-1","max-image-preview":"max-image-preview:large","max-video-preview":"max-video-preview:-1"},"canonical":"https:\/\/advbox.com.br\/blog\/aguarda-decisao-do-orgao-fase-administrativa\/","og_locale":"pt_BR","og_type":"article","og_title":"Fase Administrativa - Aguarda Decis\u00e3o do \u00d3rg\u00e3o","og_description":"FASE ADMINISTRATIVA - AGUARDA DECIS\u00c3O DO \u00d3RG\u00c3O - Peti\u00e7\u00f5es, Artigos jur\u00eddicos, jurisprud\u00eancias no site da ADVBOX.","og_url":"https:\/\/advbox.com.br\/blog\/aguarda-decisao-do-orgao-fase-administrativa\/","og_site_name":"Software Jur\u00eddico Completo - ADVBOX","article_publisher":"https:\/\/www.facebook.com\/advbox\/","article_modified_time":"2024-09-10T17:31:08+00:00","og_image":[{"width":640,"height":426,"url":"https:\/\/advbox.com.br\/blog\/wp-content\/uploads\/2021\/07\/comercial-do-escritorio.jpg","type":"image\/jpeg"}],"twitter_card":"summary_large_image","twitter_site":"@advbox2","schema":{"@context":"https:\/\/schema.org","@graph":[{"@type":"WebPage","@id":"https:\/\/advbox.com.br\/blog\/aguarda-decisao-do-orgao-fase-administrativa\/","url":"https:\/\/advbox.com.br\/blog\/aguarda-decisao-do-orgao-fase-administrativa\/","name":"Fase Administrativa - Aguarda Decis\u00e3o do \u00d3rg\u00e3o","isPartOf":{"@id":"https:\/\/advbox.com.br\/blog\/#website"},"primaryImageOfPage":{"@id":"https:\/\/advbox.com.br\/blog\/aguarda-decisao-do-orgao-fase-administrativa\/#primaryimage"},"image":{"@id":"https:\/\/advbox.com.br\/blog\/aguarda-decisao-do-orgao-fase-administrativa\/#primaryimage"},"thumbnailUrl":"https:\/\/advbox.com.br\/blog\/wp-content\/uploads\/2021\/07\/comercial-do-escritorio.jpg","datePublished":"2018-05-09T19:23:12+00:00","dateModified":"2024-09-10T17:31:08+00:00","description":"FASE ADMINISTRATIVA - AGUARDA DECIS\u00c3O DO \u00d3RG\u00c3O - Peti\u00e7\u00f5es, Artigos jur\u00eddicos, jurisprud\u00eancias no site da ADVBOX.","breadcrumb":{"@id":"https:\/\/advbox.com.br\/blog\/aguarda-decisao-do-orgao-fase-administrativa\/#breadcrumb"},"inLanguage":"pt-BR","potentialAction":[{"@type":"ReadAction","target":["https:\/\/advbox.com.br\/blog\/aguarda-decisao-do-orgao-fase-administrativa\/"]}]},{"@type":"ImageObject","inLanguage":"pt-BR","@id":"https:\/\/advbox.com.br\/blog\/aguarda-decisao-do-orgao-fase-administrativa\/#primaryimage","url":"https:\/\/advbox.com.br\/blog\/wp-content\/uploads\/2021\/07\/comercial-do-escritorio.jpg","contentUrl":"https:\/\/advbox.com.br\/blog\/wp-content\/uploads\/2021\/07\/comercial-do-escritorio.jpg","width":640,"height":426,"caption":"comercial-do-escritorio"},{"@type":"BreadcrumbList","@id":"https:\/\/advbox.com.br\/blog\/aguarda-decisao-do-orgao-fase-administrativa\/#breadcrumb","itemListElement":[{"@type":"ListItem","position":1,"name":"In\u00edcio","item":"https:\/\/advbox.com.br\/blog\/"},{"@type":"ListItem","position":2,"name":"FASE ADMINISTRATIVA &#8211; AGUARDA DECIS\u00c3O DO \u00d3RG\u00c3O"}]},{"@type":"WebSite","@id":"https:\/\/advbox.com.br\/blog\/#website","url":"https:\/\/advbox.com.br\/blog\/","name":"Software Jur\u00eddico Completo - ADVBOX","description":"Plataforma para Advocacia Digital","publisher":{"@id":"https:\/\/advbox.com.br\/blog\/#organization"},"potentialAction":[{"@type":"SearchAction","target":{"@type":"EntryPoint","urlTemplate":"https:\/\/advbox.com.br\/blog\/?s={search_term_string}"},"query-input":{"@type":"PropertyValueSpecification","valueRequired":true,"valueName":"search_term_string"}}],"inLanguage":"pt-BR"},{"@type":"Organization","@id":"https:\/\/advbox.com.br\/blog\/#organization","name":"ADVBOX Blog - Software jur\u00eddico da advocacia digital","url":"https:\/\/advbox.com.br\/blog\/","logo":{"@type":"ImageObject","inLanguage":"pt-BR","@id":"https:\/\/advbox.com.br\/blog\/#\/schema\/logo\/image\/","url":"https:\/\/advbox.com.br\/blog\/wp-content\/uploads\/2019\/12\/Como-aumentar-a-produtividade_.jpg","contentUrl":"https:\/\/advbox.com.br\/blog\/wp-content\/uploads\/2019\/12\/Como-aumentar-a-produtividade_.jpg","width":320,"height":213,"caption":"ADVBOX Blog - Software jur\u00eddico da advocacia digital"},"image":{"@id":"https:\/\/advbox.com.br\/blog\/#\/schema\/logo\/image\/"},"sameAs":["https:\/\/www.facebook.com\/advbox\/","https:\/\/x.com\/advbox2"]}]}},"_links":{"self":[{"href":"https:\/\/advbox.com.br\/blog\/wp-json\/wp\/v2\/pages\/2189","targetHints":{"allow":["GET"]}}],"collection":[{"href":"https:\/\/advbox.com.br\/blog\/wp-json\/wp\/v2\/pages"}],"about":[{"href":"https:\/\/advbox.com.br\/blog\/wp-json\/wp\/v2\/types\/page"}],"author":[{"embeddable":true,"href":"https:\/\/advbox.com.br\/blog\/wp-json\/wp\/v2\/users\/44"}],"replies":[{"embeddable":true,"href":"https:\/\/advbox.com.br\/blog\/wp-json\/wp\/v2\/comments?post=2189"}],"version-history":[{"count":1,"href":"https:\/\/advbox.com.br\/blog\/wp-json\/wp\/v2\/pages\/2189\/revisions"}],"predecessor-version":[{"id":37510,"href":"https:\/\/advbox.com.br\/blog\/wp-json\/wp\/v2\/pages\/2189\/revisions\/37510"}],"wp:featuredmedia":[{"embeddable":true,"href":"https:\/\/advbox.com.br\/blog\/wp-json\/wp\/v2\/media\/34967"}],"wp:attachment":[{"href":"https:\/\/advbox.com.br\/blog\/wp-json\/wp\/v2\/media?parent=2189"}],"curies":[{"name":"wp","href":"https:\/\/api.w.org\/{rel}","templated":true}]}}