{"id":2200,"date":"2018-05-09T16:36:42","date_gmt":"2018-05-09T19:36:42","guid":{"rendered":"http:\/\/advbox.com.br\/blog\/?page_id=2200"},"modified":"2021-09-29T14:17:45","modified_gmt":"2021-09-29T17:17:45","slug":"elaboracao-de-peticao-inicial-fase-judicial","status":"publish","type":"page","link":"https:\/\/advbox.com.br\/blog\/elaboracao-de-peticao-inicial-fase-judicial\/","title":{"rendered":"FASE JUDICIAL &#8211; ELABORA\u00c7\u00c3O DE PETI\u00c7\u00c3O INICIAL"},"content":{"rendered":"<div id=\"formulario-01-62524c132c70781fcd10\">\n<p style=\"font-weight: 400;\">Esta \u00e9 uma das principais etapas do processo, quando o advogado analisa a documenta\u00e7\u00e3o e cria uma tese em favor de seu cliente, para escrever a peti\u00e7\u00e3o inicial.<\/p>\n<p style=\"font-weight: 400;\">Quando se decide ingressar com a a\u00e7\u00e3o, em geral o cliente quer que o advogado entre logo, mas isso \u00e9 a pior coisa que pode se exigir de um advogado.<\/p>\n<p style=\"font-weight: 400;\">Ingressar com a a\u00e7\u00e3o sem se calcar de todas as possibilidades \u00e9 algo ruim para as pessoas, e deve ser evitada a press\u00e3o no advogado neste momento.<\/p>\n<p style=\"font-weight: 400;\">A elabora\u00e7\u00e3o da peti\u00e7\u00e3o inicial pode levar um ou at\u00e9 mais meses, contribua com seu advogado nesta fase, n\u00e3o critique ou apresse ele.<\/p>\n<\/div>\n<p><script type=\"text\/javascript\" src=\"https:\/\/d335luupugsy2.cloudfront.net\/js\/rdstation-forms\/stable\/rdstation-forms.min.js\"><\/script><br \/>\n<script type=\"text\/javascript\"><br \/>\n  new RDStationForms('formulario-01-62524c132c70781fcd10-html', 'UA-114923018-1').createForm();<br \/>\n<\/script><\/p>\n","protected":false},"excerpt":{"rendered":"<p>Esta \u00e9 uma das principais etapas do processo, quando o advogado analisa a documenta\u00e7\u00e3o e cria uma tese em favor de seu cliente, para escrever a peti\u00e7\u00e3o inicial. Quando se decide ingressar com a a\u00e7\u00e3o, em geral o cliente quer que o advogado entre logo, mas isso \u00e9 a pior [&hellip;]<\/p>\n","protected":false},"author":44,"featured_media":0,"parent":0,"menu_order":0,"comment_status":"closed","ping_status":"closed","template":"","meta":{"_acf_changed":false,"om_disable_all_campaigns":false,"footnotes":""},"class_list":["post-2200","page","type-page","status-publish","hentry"],"acf":[],"yoast_head":"<!-- This site is optimized with the Yoast SEO plugin v26.9 - https:\/\/yoast.com\/product\/yoast-seo-wordpress\/ -->\n<title>FASE JUDICIAL - ELABORA\u00c7\u00c3O DE PETI\u00c7\u00c3O INICIAL - Software Jur\u00eddico Software Jur\u00eddico Completo - ADVBOX<\/title>\n<meta name=\"description\" content=\"FASE JUDICIAL - ELABORA\u00c7\u00c3O DE PETI\u00c7\u00c3O INICIAL - Peti\u00e7\u00f5es, Artigos jur\u00eddicos, jurisprud\u00eancias no site da ADVBOX.\" \/>\n<meta name=\"robots\" content=\"index, follow, max-snippet:-1, max-image-preview:large, max-video-preview:-1\" \/>\n<link rel=\"canonical\" href=\"https:\/\/advbox.com.br\/blog\/elaboracao-de-peticao-inicial-fase-judicial\/\" \/>\n<meta property=\"og:locale\" content=\"pt_BR\" \/>\n<meta property=\"og:type\" content=\"article\" \/>\n<meta property=\"og:title\" content=\"FASE JUDICIAL - ELABORA\u00c7\u00c3O DE PETI\u00c7\u00c3O INICIAL - Software Jur\u00eddico Software Jur\u00eddico Completo - ADVBOX\" \/>\n<meta property=\"og:description\" content=\"FASE JUDICIAL - ELABORA\u00c7\u00c3O DE PETI\u00c7\u00c3O INICIAL - Peti\u00e7\u00f5es, Artigos jur\u00eddicos, jurisprud\u00eancias no site da ADVBOX.\" \/>\n<meta property=\"og:url\" content=\"https:\/\/advbox.com.br\/blog\/elaboracao-de-peticao-inicial-fase-judicial\/\" \/>\n<meta property=\"og:site_name\" content=\"Software Jur\u00eddico Completo - ADVBOX\" \/>\n<meta property=\"article:publisher\" content=\"https:\/\/www.facebook.com\/advbox\/\" \/>\n<meta property=\"article:modified_time\" content=\"2021-09-29T17:17:45+00:00\" \/>\n<meta name=\"twitter:card\" content=\"summary_large_image\" \/>\n<meta name=\"twitter:site\" content=\"@advbox2\" \/>\n<script type=\"application\/ld+json\" class=\"yoast-schema-graph\">{\"@context\":\"https:\/\/schema.org\",\"@graph\":[{\"@type\":\"WebPage\",\"@id\":\"https:\/\/advbox.com.br\/blog\/elaboracao-de-peticao-inicial-fase-judicial\/\",\"url\":\"https:\/\/advbox.com.br\/blog\/elaboracao-de-peticao-inicial-fase-judicial\/\",\"name\":\"FASE JUDICIAL - ELABORA\u00c7\u00c3O DE PETI\u00c7\u00c3O INICIAL - Software Jur\u00eddico Software Jur\u00eddico Completo - ADVBOX\",\"isPartOf\":{\"@id\":\"https:\/\/advbox.com.br\/blog\/#website\"},\"datePublished\":\"2018-05-09T19:36:42+00:00\",\"dateModified\":\"2021-09-29T17:17:45+00:00\",\"description\":\"FASE JUDICIAL - ELABORA\u00c7\u00c3O DE PETI\u00c7\u00c3O INICIAL - Peti\u00e7\u00f5es, Artigos jur\u00eddicos, jurisprud\u00eancias no site da ADVBOX.\",\"breadcrumb\":{\"@id\":\"https:\/\/advbox.com.br\/blog\/elaboracao-de-peticao-inicial-fase-judicial\/#breadcrumb\"},\"inLanguage\":\"pt-BR\",\"potentialAction\":[{\"@type\":\"ReadAction\",\"target\":[\"https:\/\/advbox.com.br\/blog\/elaboracao-de-peticao-inicial-fase-judicial\/\"]}]},{\"@type\":\"BreadcrumbList\",\"@id\":\"https:\/\/advbox.com.br\/blog\/elaboracao-de-peticao-inicial-fase-judicial\/#breadcrumb\",\"itemListElement\":[{\"@type\":\"ListItem\",\"position\":1,\"name\":\"In\u00edcio\",\"item\":\"https:\/\/advbox.com.br\/blog\/\"},{\"@type\":\"ListItem\",\"position\":2,\"name\":\"FASE JUDICIAL &#8211; ELABORA\u00c7\u00c3O DE PETI\u00c7\u00c3O INICIAL\"}]},{\"@type\":\"WebSite\",\"@id\":\"https:\/\/advbox.com.br\/blog\/#website\",\"url\":\"https:\/\/advbox.com.br\/blog\/\",\"name\":\"Software Jur\u00eddico Completo - ADVBOX\",\"description\":\"Plataforma para Advocacia Digital\",\"publisher\":{\"@id\":\"https:\/\/advbox.com.br\/blog\/#organization\"},\"potentialAction\":[{\"@type\":\"SearchAction\",\"target\":{\"@type\":\"EntryPoint\",\"urlTemplate\":\"https:\/\/advbox.com.br\/blog\/?s={search_term_string}\"},\"query-input\":{\"@type\":\"PropertyValueSpecification\",\"valueRequired\":true,\"valueName\":\"search_term_string\"}}],\"inLanguage\":\"pt-BR\"},{\"@type\":\"Organization\",\"@id\":\"https:\/\/advbox.com.br\/blog\/#organization\",\"name\":\"ADVBOX Blog - Software jur\u00eddico da advocacia digital\",\"url\":\"https:\/\/advbox.com.br\/blog\/\",\"logo\":{\"@type\":\"ImageObject\",\"inLanguage\":\"pt-BR\",\"@id\":\"https:\/\/advbox.com.br\/blog\/#\/schema\/logo\/image\/\",\"url\":\"https:\/\/advbox.com.br\/blog\/wp-content\/uploads\/2019\/12\/Como-aumentar-a-produtividade_.jpg\",\"contentUrl\":\"https:\/\/advbox.com.br\/blog\/wp-content\/uploads\/2019\/12\/Como-aumentar-a-produtividade_.jpg\",\"width\":320,\"height\":213,\"caption\":\"ADVBOX Blog - Software jur\u00eddico da advocacia digital\"},\"image\":{\"@id\":\"https:\/\/advbox.com.br\/blog\/#\/schema\/logo\/image\/\"},\"sameAs\":[\"https:\/\/www.facebook.com\/advbox\/\",\"https:\/\/x.com\/advbox2\"]}]}<\/script>\n<!-- \/ Yoast SEO plugin. -->","yoast_head_json":{"title":"FASE JUDICIAL - ELABORA\u00c7\u00c3O DE PETI\u00c7\u00c3O INICIAL - Software Jur\u00eddico Software Jur\u00eddico Completo - ADVBOX","description":"FASE JUDICIAL - ELABORA\u00c7\u00c3O DE PETI\u00c7\u00c3O INICIAL - Peti\u00e7\u00f5es, Artigos jur\u00eddicos, jurisprud\u00eancias no site da ADVBOX.","robots":{"index":"index","follow":"follow","max-snippet":"max-snippet:-1","max-image-preview":"max-image-preview:large","max-video-preview":"max-video-preview:-1"},"canonical":"https:\/\/advbox.com.br\/blog\/elaboracao-de-peticao-inicial-fase-judicial\/","og_locale":"pt_BR","og_type":"article","og_title":"FASE JUDICIAL - ELABORA\u00c7\u00c3O DE PETI\u00c7\u00c3O INICIAL - Software Jur\u00eddico Software Jur\u00eddico Completo - ADVBOX","og_description":"FASE JUDICIAL - ELABORA\u00c7\u00c3O DE PETI\u00c7\u00c3O INICIAL - Peti\u00e7\u00f5es, Artigos jur\u00eddicos, jurisprud\u00eancias no site da ADVBOX.","og_url":"https:\/\/advbox.com.br\/blog\/elaboracao-de-peticao-inicial-fase-judicial\/","og_site_name":"Software Jur\u00eddico Completo - ADVBOX","article_publisher":"https:\/\/www.facebook.com\/advbox\/","article_modified_time":"2021-09-29T17:17:45+00:00","twitter_card":"summary_large_image","twitter_site":"@advbox2","schema":{"@context":"https:\/\/schema.org","@graph":[{"@type":"WebPage","@id":"https:\/\/advbox.com.br\/blog\/elaboracao-de-peticao-inicial-fase-judicial\/","url":"https:\/\/advbox.com.br\/blog\/elaboracao-de-peticao-inicial-fase-judicial\/","name":"FASE JUDICIAL - ELABORA\u00c7\u00c3O DE PETI\u00c7\u00c3O INICIAL - Software Jur\u00eddico Software Jur\u00eddico Completo - ADVBOX","isPartOf":{"@id":"https:\/\/advbox.com.br\/blog\/#website"},"datePublished":"2018-05-09T19:36:42+00:00","dateModified":"2021-09-29T17:17:45+00:00","description":"FASE JUDICIAL - ELABORA\u00c7\u00c3O DE PETI\u00c7\u00c3O INICIAL - Peti\u00e7\u00f5es, Artigos jur\u00eddicos, jurisprud\u00eancias no site da ADVBOX.","breadcrumb":{"@id":"https:\/\/advbox.com.br\/blog\/elaboracao-de-peticao-inicial-fase-judicial\/#breadcrumb"},"inLanguage":"pt-BR","potentialAction":[{"@type":"ReadAction","target":["https:\/\/advbox.com.br\/blog\/elaboracao-de-peticao-inicial-fase-judicial\/"]}]},{"@type":"BreadcrumbList","@id":"https:\/\/advbox.com.br\/blog\/elaboracao-de-peticao-inicial-fase-judicial\/#breadcrumb","itemListElement":[{"@type":"ListItem","position":1,"name":"In\u00edcio","item":"https:\/\/advbox.com.br\/blog\/"},{"@type":"ListItem","position":2,"name":"FASE JUDICIAL &#8211; ELABORA\u00c7\u00c3O DE PETI\u00c7\u00c3O INICIAL"}]},{"@type":"WebSite","@id":"https:\/\/advbox.com.br\/blog\/#website","url":"https:\/\/advbox.com.br\/blog\/","name":"Software Jur\u00eddico Completo - ADVBOX","description":"Plataforma para Advocacia Digital","publisher":{"@id":"https:\/\/advbox.com.br\/blog\/#organization"},"potentialAction":[{"@type":"SearchAction","target":{"@type":"EntryPoint","urlTemplate":"https:\/\/advbox.com.br\/blog\/?s={search_term_string}"},"query-input":{"@type":"PropertyValueSpecification","valueRequired":true,"valueName":"search_term_string"}}],"inLanguage":"pt-BR"},{"@type":"Organization","@id":"https:\/\/advbox.com.br\/blog\/#organization","name":"ADVBOX Blog - Software jur\u00eddico da advocacia digital","url":"https:\/\/advbox.com.br\/blog\/","logo":{"@type":"ImageObject","inLanguage":"pt-BR","@id":"https:\/\/advbox.com.br\/blog\/#\/schema\/logo\/image\/","url":"https:\/\/advbox.com.br\/blog\/wp-content\/uploads\/2019\/12\/Como-aumentar-a-produtividade_.jpg","contentUrl":"https:\/\/advbox.com.br\/blog\/wp-content\/uploads\/2019\/12\/Como-aumentar-a-produtividade_.jpg","width":320,"height":213,"caption":"ADVBOX Blog - Software jur\u00eddico da advocacia digital"},"image":{"@id":"https:\/\/advbox.com.br\/blog\/#\/schema\/logo\/image\/"},"sameAs":["https:\/\/www.facebook.com\/advbox\/","https:\/\/x.com\/advbox2"]}]}},"_links":{"self":[{"href":"https:\/\/advbox.com.br\/blog\/wp-json\/wp\/v2\/pages\/2200","targetHints":{"allow":["GET"]}}],"collection":[{"href":"https:\/\/advbox.com.br\/blog\/wp-json\/wp\/v2\/pages"}],"about":[{"href":"https:\/\/advbox.com.br\/blog\/wp-json\/wp\/v2\/types\/page"}],"author":[{"embeddable":true,"href":"https:\/\/advbox.com.br\/blog\/wp-json\/wp\/v2\/users\/44"}],"replies":[{"embeddable":true,"href":"https:\/\/advbox.com.br\/blog\/wp-json\/wp\/v2\/comments?post=2200"}],"version-history":[{"count":1,"href":"https:\/\/advbox.com.br\/blog\/wp-json\/wp\/v2\/pages\/2200\/revisions"}],"predecessor-version":[{"id":37519,"href":"https:\/\/advbox.com.br\/blog\/wp-json\/wp\/v2\/pages\/2200\/revisions\/37519"}],"wp:attachment":[{"href":"https:\/\/advbox.com.br\/blog\/wp-json\/wp\/v2\/media?parent=2200"}],"curies":[{"name":"wp","href":"https:\/\/api.w.org\/{rel}","templated":true}]}}