{"id":22707,"date":"2021-01-29T20:00:15","date_gmt":"2021-01-29T22:00:15","guid":{"rendered":"https:\/\/advbox.com.br\/blog\/?page_id=22707"},"modified":"2025-11-12T10:50:39","modified_gmt":"2025-11-12T13:50:39","slug":"criminal-artigo-109-do-codigo-penal-extincao-de-punibilidade","status":"publish","type":"page","link":"https:\/\/advbox.com.br\/blog\/criminal-artigo-109-do-codigo-penal-extincao-de-punibilidade\/","title":{"rendered":"Entenda o Art.\u202f109 do C\u00f3digo Penal: prescri\u00e7\u00e3o previa e extin\u00e7\u00e3o da punibilidade"},"content":{"rendered":"<p>Artigo 109 do c\u00f3digo penal &#8211; Extin\u00e7\u00e3o de punibilidade, ART. 109, IV C\/C 110 CP acesse logo abaixo o modelo. E aproveite para conhecer como <strong><a href=\"https:\/\/advbox.com.br\/blog\/como-automatizar-seus-modelos-de-peticoes\/\" class=\"rank-math-link\" target=\"_blank\">manter seu banco de modelos de peti\u00e7\u00f5es atualizado<\/a><\/strong> e organizado.<\/p><p>Com a <a href=\"https:\/\/advbox.com.br\/cadastro\/\" target=\"_blank\"><strong>plataforma certa para advocacia digita<\/strong>l<\/a> voc\u00ea consegue aproveitar ao m\u00e1ximo todos os recursos dispon\u00edveis para seu escrit\u00f3rio, como por exemplo o <a href=\"https:\/\/advbox.com.br\/blog\/o-que-e-crm-aumentar-clientes\/\" target=\"_blank\"><strong>uso de CRM<\/strong><\/a><strong>,<\/strong> que vai otimizar tempo e aumentar seus ganhos.<\/p><p class=\"has-background-color-background-color has-background\">E com apenas um \u00fanico membro da equipe pode atualizar ou alterar todos os modelos de pe\u00e7as processuais no sistema para todos usu\u00e1rios da plataforma.<\/p><p>Baixe nosso ebook e melhore os resultados do seu escrit\u00f3rio utilizando os diversos recursos dispon\u00edveis no software jur\u00eddico ADVBOX.<\/p><h2 class=\"wp-block-heading\">Artigo 109 do c\u00f3digo penal<\/h2><h3 class=\"wp-block-heading\"><strong>Extin\u00e7\u00e3o de punibilidade, ART. 109, IV C\/C 110 CP<\/strong><\/h3><p><strong>EXCELENT\u00cdSSIMO SENHOR JUIZ-1 \u2013 10\u00aa VARA CRIMINAL DE GOI\u00c2NIA \u2013 CAPITAL DO ESTADO DE GOI\u00c1S<\/strong><\/p><p><strong>Protocolo n\u00ba 000500000000251<\/strong><\/p><p>Autos: 167\/0006<\/p><p>Requerentes:<\/p><p>A R da S<\/p><p>E R da S<\/p><p>Requerem: Extin\u00e7\u00e3o de punibilidade<strong><em> <\/em><\/strong>pela prescri\u00e7\u00e3o, arts. 10000, IV c\/c art. 110\u00a0 C\u00f3digo Penal.<\/p><p>Merit\u00edssimo Juiz,<\/p><p>A R da Silva, e<\/p><p>E R da Silva, j\u00e1 qualificados nos autos epigrafado, via dos advogados que esta subscreve (m.j.), comparecem \u00e0 \u00ednclita presen\u00e7a de Vossa Excel\u00eancia para com fulcro nos artigos 107 c\/c 10000, IV e 110, todos do C\u00f3digo Penal, requererem a extin\u00e7\u00e3o de punibilidade, pelo que exp\u00f5em:<\/p><p>O requerentes foram condenados como incursos no art. 171, Caput, do C\u00f3digo Penal, \u00e0 pena de 3 anos e 4 meses de reclus\u00e3o e multa, substitu\u00edda em restritivas de direitos, consistente em presta\u00e7\u00e3o de servi\u00e7o \u00e0 comunidade, fls. 323\/334.<\/p><p>Ocorre que a den\u00fancia foi recebida, em 13.11.0006.<\/p><p>A senten\u00e7a, prolatada em 01.07.04.<\/p><p>Interposto recurso apelat\u00f3rio, este foi improvido, com o tr\u00e2nsito em julgado, ocorrendo, em 08.03.06. \u2013 Verifica-se, pois, que, da data do recebimento da den\u00fancia ao tr\u00e2nsito em julgado do ac\u00f3rd\u00e3o, transcorreu o lapso temporal de mais de 8 (oito) anos.<\/p><p>Tendo que a pena aplicada, in concreto, n\u00e3o foi superior a 4 (quatro) anos, tem-se que, em favor dos requerentes, operou a extin\u00e7\u00e3o da punibilidade, conforme artigos 107 c\/c 10000, inciso IV e 110, todos do C\u00f3digo Penal.<\/p><p>Assim, esperam que vossa Excel\u00eancia defira o pedido, com esteio no art. 61, do C\u00f3digo de Processo Penal.<\/p><p>Goi\u00e2nia, 2000 de maio de 2006.<\/p><p>NOME DO ADVOGADO<\/p><p><\/p>\n","protected":false},"excerpt":{"rendered":"<p>Artigo 109 do c\u00f3digo penal &#8211; Extin\u00e7\u00e3o de punibilidade, ART. 109, IV C\/C 110 CP acesse logo abaixo o modelo. E aproveite para conhecer como manter seu banco de modelos de peti\u00e7\u00f5es atualizado e organizado. Com a plataforma certa para advocacia digital voc\u00ea consegue aproveitar ao m\u00e1ximo todos os recursos [&hellip;]<\/p>\n","protected":false},"author":2,"featured_media":21817,"parent":0,"menu_order":0,"comment_status":"closed","ping_status":"closed","template":"","meta":{"_acf_changed":false,"om_disable_all_campaigns":false,"footnotes":""},"class_list":["post-22707","page","type-page","status-publish","has-post-thumbnail","hentry"],"acf":[],"yoast_head":"<!-- This site is optimized with the Yoast SEO plugin v26.9 - https:\/\/yoast.com\/product\/yoast-seo-wordpress\/ -->\n<title>Entenda o Art.\u202f109 do C\u00f3digo Penal: prescri\u00e7\u00e3o previa e extin\u00e7\u00e3o da punibilidade<\/title>\n<meta name=\"description\" content=\"Entenda o Art.\u202f109 do C\u00f3digo Penal: prescri\u00e7\u00e3o previa e extin\u00e7\u00e3o da punibilidade - Peti\u00e7\u00f5es, Artigos jur\u00eddicos, jurisprud\u00eancias no site da ADVBOX.\" \/>\n<meta name=\"robots\" content=\"index, follow, max-snippet:-1, max-image-preview:large, max-video-preview:-1\" \/>\n<link rel=\"canonical\" href=\"https:\/\/advbox.com.br\/blog\/criminal-artigo-109-do-codigo-penal-extincao-de-punibilidade\/\" \/>\n<meta property=\"og:locale\" content=\"pt_BR\" \/>\n<meta property=\"og:type\" content=\"article\" \/>\n<meta property=\"og:title\" content=\"Entenda o Art.\u202f109 do C\u00f3digo Penal: prescri\u00e7\u00e3o previa e extin\u00e7\u00e3o da punibilidade\" \/>\n<meta property=\"og:description\" content=\"Entenda o Art.\u202f109 do C\u00f3digo Penal: prescri\u00e7\u00e3o previa e extin\u00e7\u00e3o da punibilidade - Peti\u00e7\u00f5es, Artigos jur\u00eddicos, jurisprud\u00eancias no site da ADVBOX.\" \/>\n<meta property=\"og:url\" content=\"https:\/\/advbox.com.br\/blog\/criminal-artigo-109-do-codigo-penal-extincao-de-punibilidade\/\" \/>\n<meta property=\"og:site_name\" content=\"Software Jur\u00eddico Completo - ADVBOX\" \/>\n<meta property=\"article:publisher\" content=\"https:\/\/www.facebook.com\/advbox\/\" \/>\n<meta property=\"article:modified_time\" content=\"2025-11-12T13:50:39+00:00\" \/>\n<meta property=\"og:image\" content=\"https:\/\/advbox.com.br\/blog\/wp-content\/uploads\/2019\/09\/iStock-1132254426-scaled.jpg\" \/>\n\t<meta property=\"og:image:width\" content=\"1024\" \/>\n\t<meta property=\"og:image:height\" content=\"684\" \/>\n\t<meta property=\"og:image:type\" content=\"image\/jpeg\" \/>\n<meta name=\"twitter:card\" content=\"summary_large_image\" \/>\n<meta name=\"twitter:site\" content=\"@advbox2\" \/>\n<script type=\"application\/ld+json\" class=\"yoast-schema-graph\">{\"@context\":\"https:\/\/schema.org\",\"@graph\":[{\"@type\":\"WebPage\",\"@id\":\"https:\/\/advbox.com.br\/blog\/criminal-artigo-109-do-codigo-penal-extincao-de-punibilidade\/\",\"url\":\"https:\/\/advbox.com.br\/blog\/criminal-artigo-109-do-codigo-penal-extincao-de-punibilidade\/\",\"name\":\"Entenda o Art.\u202f109 do C\u00f3digo Penal: prescri\u00e7\u00e3o previa e extin\u00e7\u00e3o da punibilidade\",\"isPartOf\":{\"@id\":\"https:\/\/advbox.com.br\/blog\/#website\"},\"primaryImageOfPage\":{\"@id\":\"https:\/\/advbox.com.br\/blog\/criminal-artigo-109-do-codigo-penal-extincao-de-punibilidade\/#primaryimage\"},\"image\":{\"@id\":\"https:\/\/advbox.com.br\/blog\/criminal-artigo-109-do-codigo-penal-extincao-de-punibilidade\/#primaryimage\"},\"thumbnailUrl\":\"https:\/\/advbox.com.br\/blog\/wp-content\/uploads\/2019\/09\/iStock-1132254426-scaled.jpg\",\"datePublished\":\"2021-01-29T22:00:15+00:00\",\"dateModified\":\"2025-11-12T13:50:39+00:00\",\"description\":\"Entenda o Art.\u202f109 do C\u00f3digo Penal: prescri\u00e7\u00e3o previa e extin\u00e7\u00e3o da punibilidade - Peti\u00e7\u00f5es, Artigos jur\u00eddicos, jurisprud\u00eancias no site da ADVBOX.\",\"breadcrumb\":{\"@id\":\"https:\/\/advbox.com.br\/blog\/criminal-artigo-109-do-codigo-penal-extincao-de-punibilidade\/#breadcrumb\"},\"inLanguage\":\"pt-BR\",\"potentialAction\":[{\"@type\":\"ReadAction\",\"target\":[\"https:\/\/advbox.com.br\/blog\/criminal-artigo-109-do-codigo-penal-extincao-de-punibilidade\/\"]}]},{\"@type\":\"ImageObject\",\"inLanguage\":\"pt-BR\",\"@id\":\"https:\/\/advbox.com.br\/blog\/criminal-artigo-109-do-codigo-penal-extincao-de-punibilidade\/#primaryimage\",\"url\":\"https:\/\/advbox.com.br\/blog\/wp-content\/uploads\/2019\/09\/iStock-1132254426-scaled.jpg\",\"contentUrl\":\"https:\/\/advbox.com.br\/blog\/wp-content\/uploads\/2019\/09\/iStock-1132254426-scaled.jpg\",\"width\":1024,\"height\":684,\"caption\":\"Advocacia em rede\"},{\"@type\":\"BreadcrumbList\",\"@id\":\"https:\/\/advbox.com.br\/blog\/criminal-artigo-109-do-codigo-penal-extincao-de-punibilidade\/#breadcrumb\",\"itemListElement\":[{\"@type\":\"ListItem\",\"position\":1,\"name\":\"In\u00edcio\",\"item\":\"https:\/\/advbox.com.br\/blog\/\"},{\"@type\":\"ListItem\",\"position\":2,\"name\":\"Entenda o Art.\u202f109 do C\u00f3digo Penal: prescri\u00e7\u00e3o previa e extin\u00e7\u00e3o da punibilidade\"}]},{\"@type\":\"WebSite\",\"@id\":\"https:\/\/advbox.com.br\/blog\/#website\",\"url\":\"https:\/\/advbox.com.br\/blog\/\",\"name\":\"Software Jur\u00eddico Completo - ADVBOX\",\"description\":\"Plataforma para Advocacia Digital\",\"publisher\":{\"@id\":\"https:\/\/advbox.com.br\/blog\/#organization\"},\"potentialAction\":[{\"@type\":\"SearchAction\",\"target\":{\"@type\":\"EntryPoint\",\"urlTemplate\":\"https:\/\/advbox.com.br\/blog\/?s={search_term_string}\"},\"query-input\":{\"@type\":\"PropertyValueSpecification\",\"valueRequired\":true,\"valueName\":\"search_term_string\"}}],\"inLanguage\":\"pt-BR\"},{\"@type\":\"Organization\",\"@id\":\"https:\/\/advbox.com.br\/blog\/#organization\",\"name\":\"ADVBOX Blog - Software jur\u00eddico da advocacia digital\",\"url\":\"https:\/\/advbox.com.br\/blog\/\",\"logo\":{\"@type\":\"ImageObject\",\"inLanguage\":\"pt-BR\",\"@id\":\"https:\/\/advbox.com.br\/blog\/#\/schema\/logo\/image\/\",\"url\":\"https:\/\/advbox.com.br\/blog\/wp-content\/uploads\/2019\/12\/Como-aumentar-a-produtividade_.jpg\",\"contentUrl\":\"https:\/\/advbox.com.br\/blog\/wp-content\/uploads\/2019\/12\/Como-aumentar-a-produtividade_.jpg\",\"width\":320,\"height\":213,\"caption\":\"ADVBOX Blog - Software jur\u00eddico da advocacia digital\"},\"image\":{\"@id\":\"https:\/\/advbox.com.br\/blog\/#\/schema\/logo\/image\/\"},\"sameAs\":[\"https:\/\/www.facebook.com\/advbox\/\",\"https:\/\/x.com\/advbox2\"]}]}<\/script>\n<!-- \/ Yoast SEO plugin. -->","yoast_head_json":{"title":"Entenda o Art.\u202f109 do C\u00f3digo Penal: prescri\u00e7\u00e3o previa e extin\u00e7\u00e3o da punibilidade","description":"Entenda o Art.\u202f109 do C\u00f3digo Penal: prescri\u00e7\u00e3o previa e extin\u00e7\u00e3o da punibilidade - Peti\u00e7\u00f5es, Artigos jur\u00eddicos, jurisprud\u00eancias no site da ADVBOX.","robots":{"index":"index","follow":"follow","max-snippet":"max-snippet:-1","max-image-preview":"max-image-preview:large","max-video-preview":"max-video-preview:-1"},"canonical":"https:\/\/advbox.com.br\/blog\/criminal-artigo-109-do-codigo-penal-extincao-de-punibilidade\/","og_locale":"pt_BR","og_type":"article","og_title":"Entenda o Art.\u202f109 do C\u00f3digo Penal: prescri\u00e7\u00e3o previa e extin\u00e7\u00e3o da punibilidade","og_description":"Entenda o Art.\u202f109 do C\u00f3digo Penal: prescri\u00e7\u00e3o previa e extin\u00e7\u00e3o da punibilidade - Peti\u00e7\u00f5es, Artigos jur\u00eddicos, jurisprud\u00eancias no site da ADVBOX.","og_url":"https:\/\/advbox.com.br\/blog\/criminal-artigo-109-do-codigo-penal-extincao-de-punibilidade\/","og_site_name":"Software Jur\u00eddico Completo - ADVBOX","article_publisher":"https:\/\/www.facebook.com\/advbox\/","article_modified_time":"2025-11-12T13:50:39+00:00","og_image":[{"width":1024,"height":684,"url":"https:\/\/advbox.com.br\/blog\/wp-content\/uploads\/2019\/09\/iStock-1132254426-scaled.jpg","type":"image\/jpeg"}],"twitter_card":"summary_large_image","twitter_site":"@advbox2","schema":{"@context":"https:\/\/schema.org","@graph":[{"@type":"WebPage","@id":"https:\/\/advbox.com.br\/blog\/criminal-artigo-109-do-codigo-penal-extincao-de-punibilidade\/","url":"https:\/\/advbox.com.br\/blog\/criminal-artigo-109-do-codigo-penal-extincao-de-punibilidade\/","name":"Entenda o Art.\u202f109 do C\u00f3digo Penal: prescri\u00e7\u00e3o previa e extin\u00e7\u00e3o da punibilidade","isPartOf":{"@id":"https:\/\/advbox.com.br\/blog\/#website"},"primaryImageOfPage":{"@id":"https:\/\/advbox.com.br\/blog\/criminal-artigo-109-do-codigo-penal-extincao-de-punibilidade\/#primaryimage"},"image":{"@id":"https:\/\/advbox.com.br\/blog\/criminal-artigo-109-do-codigo-penal-extincao-de-punibilidade\/#primaryimage"},"thumbnailUrl":"https:\/\/advbox.com.br\/blog\/wp-content\/uploads\/2019\/09\/iStock-1132254426-scaled.jpg","datePublished":"2021-01-29T22:00:15+00:00","dateModified":"2025-11-12T13:50:39+00:00","description":"Entenda o Art.\u202f109 do C\u00f3digo Penal: prescri\u00e7\u00e3o previa e extin\u00e7\u00e3o da punibilidade - Peti\u00e7\u00f5es, Artigos jur\u00eddicos, jurisprud\u00eancias no site da ADVBOX.","breadcrumb":{"@id":"https:\/\/advbox.com.br\/blog\/criminal-artigo-109-do-codigo-penal-extincao-de-punibilidade\/#breadcrumb"},"inLanguage":"pt-BR","potentialAction":[{"@type":"ReadAction","target":["https:\/\/advbox.com.br\/blog\/criminal-artigo-109-do-codigo-penal-extincao-de-punibilidade\/"]}]},{"@type":"ImageObject","inLanguage":"pt-BR","@id":"https:\/\/advbox.com.br\/blog\/criminal-artigo-109-do-codigo-penal-extincao-de-punibilidade\/#primaryimage","url":"https:\/\/advbox.com.br\/blog\/wp-content\/uploads\/2019\/09\/iStock-1132254426-scaled.jpg","contentUrl":"https:\/\/advbox.com.br\/blog\/wp-content\/uploads\/2019\/09\/iStock-1132254426-scaled.jpg","width":1024,"height":684,"caption":"Advocacia em rede"},{"@type":"BreadcrumbList","@id":"https:\/\/advbox.com.br\/blog\/criminal-artigo-109-do-codigo-penal-extincao-de-punibilidade\/#breadcrumb","itemListElement":[{"@type":"ListItem","position":1,"name":"In\u00edcio","item":"https:\/\/advbox.com.br\/blog\/"},{"@type":"ListItem","position":2,"name":"Entenda o Art.\u202f109 do C\u00f3digo Penal: prescri\u00e7\u00e3o previa e extin\u00e7\u00e3o da punibilidade"}]},{"@type":"WebSite","@id":"https:\/\/advbox.com.br\/blog\/#website","url":"https:\/\/advbox.com.br\/blog\/","name":"Software Jur\u00eddico Completo - ADVBOX","description":"Plataforma para Advocacia Digital","publisher":{"@id":"https:\/\/advbox.com.br\/blog\/#organization"},"potentialAction":[{"@type":"SearchAction","target":{"@type":"EntryPoint","urlTemplate":"https:\/\/advbox.com.br\/blog\/?s={search_term_string}"},"query-input":{"@type":"PropertyValueSpecification","valueRequired":true,"valueName":"search_term_string"}}],"inLanguage":"pt-BR"},{"@type":"Organization","@id":"https:\/\/advbox.com.br\/blog\/#organization","name":"ADVBOX Blog - Software jur\u00eddico da advocacia digital","url":"https:\/\/advbox.com.br\/blog\/","logo":{"@type":"ImageObject","inLanguage":"pt-BR","@id":"https:\/\/advbox.com.br\/blog\/#\/schema\/logo\/image\/","url":"https:\/\/advbox.com.br\/blog\/wp-content\/uploads\/2019\/12\/Como-aumentar-a-produtividade_.jpg","contentUrl":"https:\/\/advbox.com.br\/blog\/wp-content\/uploads\/2019\/12\/Como-aumentar-a-produtividade_.jpg","width":320,"height":213,"caption":"ADVBOX Blog - Software jur\u00eddico da advocacia digital"},"image":{"@id":"https:\/\/advbox.com.br\/blog\/#\/schema\/logo\/image\/"},"sameAs":["https:\/\/www.facebook.com\/advbox\/","https:\/\/x.com\/advbox2"]}]}},"_links":{"self":[{"href":"https:\/\/advbox.com.br\/blog\/wp-json\/wp\/v2\/pages\/22707","targetHints":{"allow":["GET"]}}],"collection":[{"href":"https:\/\/advbox.com.br\/blog\/wp-json\/wp\/v2\/pages"}],"about":[{"href":"https:\/\/advbox.com.br\/blog\/wp-json\/wp\/v2\/types\/page"}],"author":[{"embeddable":true,"href":"https:\/\/advbox.com.br\/blog\/wp-json\/wp\/v2\/users\/2"}],"replies":[{"embeddable":true,"href":"https:\/\/advbox.com.br\/blog\/wp-json\/wp\/v2\/comments?post=22707"}],"version-history":[{"count":3,"href":"https:\/\/advbox.com.br\/blog\/wp-json\/wp\/v2\/pages\/22707\/revisions"}],"predecessor-version":[{"id":78893,"href":"https:\/\/advbox.com.br\/blog\/wp-json\/wp\/v2\/pages\/22707\/revisions\/78893"}],"wp:featuredmedia":[{"embeddable":true,"href":"https:\/\/advbox.com.br\/blog\/wp-json\/wp\/v2\/media\/21817"}],"wp:attachment":[{"href":"https:\/\/advbox.com.br\/blog\/wp-json\/wp\/v2\/media?parent=22707"}],"curies":[{"name":"wp","href":"https:\/\/api.w.org\/{rel}","templated":true}]}}