{"id":23304,"date":"2021-02-07T18:02:07","date_gmt":"2021-02-07T20:02:07","guid":{"rendered":"https:\/\/advbox.com.br\/blog\/?page_id=23304"},"modified":"2024-10-28T10:57:13","modified_gmt":"2024-10-28T13:57:13","slug":"empresarial-acao-monitoria-prazo","status":"publish","type":"page","link":"https:\/\/advbox.com.br\/blog\/empresarial-acao-monitoria-prazo\/","title":{"rendered":"A\u00e7\u00e3o monit\u00f3ria prazo"},"content":{"rendered":"<p>Acesse abaixo informa\u00e7\u00f5es sobre prazos para a a\u00e7\u00e3o monit\u00f3ria. E aproveite para conhecer a <a href=\"https:\/\/advbox.com.br\/cadastro\/\" target=\"_blank\">ferramenta <\/a>certa para <strong><a href=\"https:\/\/advbox.com.br\/blog\/assista-demonstracao-advbox\/\" target=\"_blank\">advocacia digital<\/a>.<\/strong><\/p><p>Com ela<strong> <\/strong>voc\u00ea consegue aproveitar ao m\u00e1ximo todos os recursos dispon\u00edveis para seu escrit\u00f3rio, como por exemplo o <a href=\"https:\/\/advbox.com.br\/blog\/o-que-e-crm-aumentar-clientes\/\" target=\"_blank\"><strong>uso de CRM<\/strong><\/a>,<a href=\"https:\/\/advbox.com.br\/blog\/controladoria-juridica\/\" target=\"_blank\"> <strong>controladoria jur\u00eddica<\/strong><\/a>, otimizar seu tempo e ainda melhorar os resultados do seu escrit\u00f3rio atrav\u00e9s do home office.<\/p><figure class=\"wp-block-image size-large is-resized is-style-default\"><a href=\"https:\/\/advbox.com.br\/\" target=\"_blank\" rel=\"advbox noopener noreferrer\" target=\"_blank\"><img fetchpriority=\"high\" decoding=\"async\" src=\"https:\/\/advbox.com.br\/blog\/wp-content\/uploads\/2021\/02\/INTEGRADO-EPROC-PROJUDI-1024x628.png\" alt=\"intima\u00e7\u00f5es eproc\" class=\"wp-image-22809\" style=\"width:580px;height:355px\" width=\"580\" height=\"355\" srcset=\"https:\/\/advbox.com.br\/blog\/wp-content\/uploads\/2021\/02\/INTEGRADO-EPROC-PROJUDI.png 1024w, https:\/\/advbox.com.br\/blog\/wp-content\/uploads\/2021\/02\/INTEGRADO-EPROC-PROJUDI-500x306.png 500w, https:\/\/advbox.com.br\/blog\/wp-content\/uploads\/2021\/02\/INTEGRADO-EPROC-PROJUDI-768x471.png 768w\" sizes=\"(max-width: 580px) 100vw, 580px\" \/><\/a><\/figure><h2 class=\"wp-block-heading\">Sobre a a<strong>\u00e7\u00e3o monit\u00f3ria prazo<\/strong><\/h2><p>Na a\u00e7\u00e3o monit\u00f3ria, o prazo para que o autor entre com uma a\u00e7\u00e3o \u00e9 de <strong>cinco anos.<\/strong><\/p><p>Aplica-se o par\u00e1grafo 5\u00ba, <strong>inciso I do artigo 206 do Novo CPC.<\/strong><\/p><div style=\"height:100px\" aria-hidden=\"true\" class=\"wp-block-spacer\"><\/div>\n","protected":false},"excerpt":{"rendered":"<p>Acesse abaixo informa\u00e7\u00f5es sobre prazos para a a\u00e7\u00e3o monit\u00f3ria. E aproveite para conhecer a ferramenta certa para advocacia digital. Com ela voc\u00ea consegue aproveitar ao m\u00e1ximo todos os recursos dispon\u00edveis para seu escrit\u00f3rio, como por exemplo o uso de CRM, controladoria jur\u00eddica, otimizar seu tempo e ainda melhorar os resultados [&hellip;]<\/p>\n","protected":false},"author":2,"featured_media":22302,"parent":0,"menu_order":0,"comment_status":"closed","ping_status":"closed","template":"","meta":{"_acf_changed":false,"om_disable_all_campaigns":false,"footnotes":""},"class_list":["post-23304","page","type-page","status-publish","has-post-thumbnail","hentry"],"acf":[],"yoast_head":"<!-- This site is optimized with the Yoast SEO plugin v26.9 - https:\/\/yoast.com\/product\/yoast-seo-wordpress\/ -->\n<title>A\u00e7\u00e3o monit\u00f3ria prazo<\/title>\n<meta name=\"description\" content=\"A\u00e7\u00e3o monit\u00f3ria prazo - Peti\u00e7\u00f5es, Artigos jur\u00eddicos, jurisprud\u00eancias no site da ADVBOX.\" \/>\n<meta name=\"robots\" content=\"index, follow, max-snippet:-1, max-image-preview:large, max-video-preview:-1\" \/>\n<link rel=\"canonical\" href=\"https:\/\/advbox.com.br\/blog\/empresarial-acao-monitoria-prazo\/\" \/>\n<meta property=\"og:locale\" content=\"pt_BR\" \/>\n<meta property=\"og:type\" content=\"article\" \/>\n<meta property=\"og:title\" content=\"A\u00e7\u00e3o monit\u00f3ria prazo\" \/>\n<meta property=\"og:description\" content=\"A\u00e7\u00e3o monit\u00f3ria prazo - Peti\u00e7\u00f5es, Artigos jur\u00eddicos, jurisprud\u00eancias no site da ADVBOX.\" \/>\n<meta property=\"og:url\" content=\"https:\/\/advbox.com.br\/blog\/empresarial-acao-monitoria-prazo\/\" \/>\n<meta property=\"og:site_name\" content=\"Software Jur\u00eddico Completo - ADVBOX\" \/>\n<meta property=\"article:publisher\" content=\"https:\/\/www.facebook.com\/advbox\/\" \/>\n<meta property=\"article:modified_time\" content=\"2024-10-28T13:57:13+00:00\" \/>\n<meta property=\"og:image\" content=\"https:\/\/advbox.com.br\/blog\/wp-content\/uploads\/2019\/11\/iStock-1139941195-scaled-1-scaled.jpg\" \/>\n\t<meta property=\"og:image:width\" content=\"1024\" \/>\n\t<meta property=\"og:image:height\" content=\"683\" \/>\n\t<meta property=\"og:image:type\" content=\"image\/jpeg\" \/>\n<meta name=\"twitter:card\" content=\"summary_large_image\" \/>\n<meta name=\"twitter:site\" content=\"@advbox2\" \/>\n<script type=\"application\/ld+json\" class=\"yoast-schema-graph\">{\"@context\":\"https:\/\/schema.org\",\"@graph\":[{\"@type\":\"WebPage\",\"@id\":\"https:\/\/advbox.com.br\/blog\/empresarial-acao-monitoria-prazo\/\",\"url\":\"https:\/\/advbox.com.br\/blog\/empresarial-acao-monitoria-prazo\/\",\"name\":\"A\u00e7\u00e3o monit\u00f3ria prazo\",\"isPartOf\":{\"@id\":\"https:\/\/advbox.com.br\/blog\/#website\"},\"primaryImageOfPage\":{\"@id\":\"https:\/\/advbox.com.br\/blog\/empresarial-acao-monitoria-prazo\/#primaryimage\"},\"image\":{\"@id\":\"https:\/\/advbox.com.br\/blog\/empresarial-acao-monitoria-prazo\/#primaryimage\"},\"thumbnailUrl\":\"https:\/\/advbox.com.br\/blog\/wp-content\/uploads\/2019\/11\/iStock-1139941195-scaled-1-scaled.jpg\",\"datePublished\":\"2021-02-07T20:02:07+00:00\",\"dateModified\":\"2024-10-28T13:57:13+00:00\",\"description\":\"A\u00e7\u00e3o monit\u00f3ria prazo - Peti\u00e7\u00f5es, Artigos jur\u00eddicos, jurisprud\u00eancias no site da ADVBOX.\",\"breadcrumb\":{\"@id\":\"https:\/\/advbox.com.br\/blog\/empresarial-acao-monitoria-prazo\/#breadcrumb\"},\"inLanguage\":\"pt-BR\",\"potentialAction\":[{\"@type\":\"ReadAction\",\"target\":[\"https:\/\/advbox.com.br\/blog\/empresarial-acao-monitoria-prazo\/\"]}]},{\"@type\":\"ImageObject\",\"inLanguage\":\"pt-BR\",\"@id\":\"https:\/\/advbox.com.br\/blog\/empresarial-acao-monitoria-prazo\/#primaryimage\",\"url\":\"https:\/\/advbox.com.br\/blog\/wp-content\/uploads\/2019\/11\/iStock-1139941195-scaled-1-scaled.jpg\",\"contentUrl\":\"https:\/\/advbox.com.br\/blog\/wp-content\/uploads\/2019\/11\/iStock-1139941195-scaled-1-scaled.jpg\",\"width\":1024,\"height\":683,\"caption\":\"Artigos jur\u00eddicos\"},{\"@type\":\"BreadcrumbList\",\"@id\":\"https:\/\/advbox.com.br\/blog\/empresarial-acao-monitoria-prazo\/#breadcrumb\",\"itemListElement\":[{\"@type\":\"ListItem\",\"position\":1,\"name\":\"In\u00edcio\",\"item\":\"https:\/\/advbox.com.br\/blog\/\"},{\"@type\":\"ListItem\",\"position\":2,\"name\":\"A\u00e7\u00e3o monit\u00f3ria prazo\"}]},{\"@type\":\"WebSite\",\"@id\":\"https:\/\/advbox.com.br\/blog\/#website\",\"url\":\"https:\/\/advbox.com.br\/blog\/\",\"name\":\"Software Jur\u00eddico Completo - ADVBOX\",\"description\":\"Plataforma para Advocacia Digital\",\"publisher\":{\"@id\":\"https:\/\/advbox.com.br\/blog\/#organization\"},\"potentialAction\":[{\"@type\":\"SearchAction\",\"target\":{\"@type\":\"EntryPoint\",\"urlTemplate\":\"https:\/\/advbox.com.br\/blog\/?s={search_term_string}\"},\"query-input\":{\"@type\":\"PropertyValueSpecification\",\"valueRequired\":true,\"valueName\":\"search_term_string\"}}],\"inLanguage\":\"pt-BR\"},{\"@type\":\"Organization\",\"@id\":\"https:\/\/advbox.com.br\/blog\/#organization\",\"name\":\"ADVBOX Blog - Software jur\u00eddico da advocacia digital\",\"url\":\"https:\/\/advbox.com.br\/blog\/\",\"logo\":{\"@type\":\"ImageObject\",\"inLanguage\":\"pt-BR\",\"@id\":\"https:\/\/advbox.com.br\/blog\/#\/schema\/logo\/image\/\",\"url\":\"https:\/\/advbox.com.br\/blog\/wp-content\/uploads\/2019\/12\/Como-aumentar-a-produtividade_.jpg\",\"contentUrl\":\"https:\/\/advbox.com.br\/blog\/wp-content\/uploads\/2019\/12\/Como-aumentar-a-produtividade_.jpg\",\"width\":320,\"height\":213,\"caption\":\"ADVBOX Blog - Software jur\u00eddico da advocacia digital\"},\"image\":{\"@id\":\"https:\/\/advbox.com.br\/blog\/#\/schema\/logo\/image\/\"},\"sameAs\":[\"https:\/\/www.facebook.com\/advbox\/\",\"https:\/\/x.com\/advbox2\"]}]}<\/script>\n<!-- \/ Yoast SEO plugin. -->","yoast_head_json":{"title":"A\u00e7\u00e3o monit\u00f3ria prazo","description":"A\u00e7\u00e3o monit\u00f3ria prazo - Peti\u00e7\u00f5es, Artigos jur\u00eddicos, jurisprud\u00eancias no site da ADVBOX.","robots":{"index":"index","follow":"follow","max-snippet":"max-snippet:-1","max-image-preview":"max-image-preview:large","max-video-preview":"max-video-preview:-1"},"canonical":"https:\/\/advbox.com.br\/blog\/empresarial-acao-monitoria-prazo\/","og_locale":"pt_BR","og_type":"article","og_title":"A\u00e7\u00e3o monit\u00f3ria prazo","og_description":"A\u00e7\u00e3o monit\u00f3ria prazo - Peti\u00e7\u00f5es, Artigos jur\u00eddicos, jurisprud\u00eancias no site da ADVBOX.","og_url":"https:\/\/advbox.com.br\/blog\/empresarial-acao-monitoria-prazo\/","og_site_name":"Software Jur\u00eddico Completo - ADVBOX","article_publisher":"https:\/\/www.facebook.com\/advbox\/","article_modified_time":"2024-10-28T13:57:13+00:00","og_image":[{"width":1024,"height":683,"url":"https:\/\/advbox.com.br\/blog\/wp-content\/uploads\/2019\/11\/iStock-1139941195-scaled-1-scaled.jpg","type":"image\/jpeg"}],"twitter_card":"summary_large_image","twitter_site":"@advbox2","schema":{"@context":"https:\/\/schema.org","@graph":[{"@type":"WebPage","@id":"https:\/\/advbox.com.br\/blog\/empresarial-acao-monitoria-prazo\/","url":"https:\/\/advbox.com.br\/blog\/empresarial-acao-monitoria-prazo\/","name":"A\u00e7\u00e3o monit\u00f3ria prazo","isPartOf":{"@id":"https:\/\/advbox.com.br\/blog\/#website"},"primaryImageOfPage":{"@id":"https:\/\/advbox.com.br\/blog\/empresarial-acao-monitoria-prazo\/#primaryimage"},"image":{"@id":"https:\/\/advbox.com.br\/blog\/empresarial-acao-monitoria-prazo\/#primaryimage"},"thumbnailUrl":"https:\/\/advbox.com.br\/blog\/wp-content\/uploads\/2019\/11\/iStock-1139941195-scaled-1-scaled.jpg","datePublished":"2021-02-07T20:02:07+00:00","dateModified":"2024-10-28T13:57:13+00:00","description":"A\u00e7\u00e3o monit\u00f3ria prazo - Peti\u00e7\u00f5es, Artigos jur\u00eddicos, jurisprud\u00eancias no site da ADVBOX.","breadcrumb":{"@id":"https:\/\/advbox.com.br\/blog\/empresarial-acao-monitoria-prazo\/#breadcrumb"},"inLanguage":"pt-BR","potentialAction":[{"@type":"ReadAction","target":["https:\/\/advbox.com.br\/blog\/empresarial-acao-monitoria-prazo\/"]}]},{"@type":"ImageObject","inLanguage":"pt-BR","@id":"https:\/\/advbox.com.br\/blog\/empresarial-acao-monitoria-prazo\/#primaryimage","url":"https:\/\/advbox.com.br\/blog\/wp-content\/uploads\/2019\/11\/iStock-1139941195-scaled-1-scaled.jpg","contentUrl":"https:\/\/advbox.com.br\/blog\/wp-content\/uploads\/2019\/11\/iStock-1139941195-scaled-1-scaled.jpg","width":1024,"height":683,"caption":"Artigos jur\u00eddicos"},{"@type":"BreadcrumbList","@id":"https:\/\/advbox.com.br\/blog\/empresarial-acao-monitoria-prazo\/#breadcrumb","itemListElement":[{"@type":"ListItem","position":1,"name":"In\u00edcio","item":"https:\/\/advbox.com.br\/blog\/"},{"@type":"ListItem","position":2,"name":"A\u00e7\u00e3o monit\u00f3ria prazo"}]},{"@type":"WebSite","@id":"https:\/\/advbox.com.br\/blog\/#website","url":"https:\/\/advbox.com.br\/blog\/","name":"Software Jur\u00eddico Completo - ADVBOX","description":"Plataforma para Advocacia Digital","publisher":{"@id":"https:\/\/advbox.com.br\/blog\/#organization"},"potentialAction":[{"@type":"SearchAction","target":{"@type":"EntryPoint","urlTemplate":"https:\/\/advbox.com.br\/blog\/?s={search_term_string}"},"query-input":{"@type":"PropertyValueSpecification","valueRequired":true,"valueName":"search_term_string"}}],"inLanguage":"pt-BR"},{"@type":"Organization","@id":"https:\/\/advbox.com.br\/blog\/#organization","name":"ADVBOX Blog - Software jur\u00eddico da advocacia digital","url":"https:\/\/advbox.com.br\/blog\/","logo":{"@type":"ImageObject","inLanguage":"pt-BR","@id":"https:\/\/advbox.com.br\/blog\/#\/schema\/logo\/image\/","url":"https:\/\/advbox.com.br\/blog\/wp-content\/uploads\/2019\/12\/Como-aumentar-a-produtividade_.jpg","contentUrl":"https:\/\/advbox.com.br\/blog\/wp-content\/uploads\/2019\/12\/Como-aumentar-a-produtividade_.jpg","width":320,"height":213,"caption":"ADVBOX Blog - Software jur\u00eddico da advocacia digital"},"image":{"@id":"https:\/\/advbox.com.br\/blog\/#\/schema\/logo\/image\/"},"sameAs":["https:\/\/www.facebook.com\/advbox\/","https:\/\/x.com\/advbox2"]}]}},"_links":{"self":[{"href":"https:\/\/advbox.com.br\/blog\/wp-json\/wp\/v2\/pages\/23304","targetHints":{"allow":["GET"]}}],"collection":[{"href":"https:\/\/advbox.com.br\/blog\/wp-json\/wp\/v2\/pages"}],"about":[{"href":"https:\/\/advbox.com.br\/blog\/wp-json\/wp\/v2\/types\/page"}],"author":[{"embeddable":true,"href":"https:\/\/advbox.com.br\/blog\/wp-json\/wp\/v2\/users\/2"}],"replies":[{"embeddable":true,"href":"https:\/\/advbox.com.br\/blog\/wp-json\/wp\/v2\/comments?post=23304"}],"version-history":[{"count":2,"href":"https:\/\/advbox.com.br\/blog\/wp-json\/wp\/v2\/pages\/23304\/revisions"}],"predecessor-version":[{"id":68421,"href":"https:\/\/advbox.com.br\/blog\/wp-json\/wp\/v2\/pages\/23304\/revisions\/68421"}],"wp:featuredmedia":[{"embeddable":true,"href":"https:\/\/advbox.com.br\/blog\/wp-json\/wp\/v2\/media\/22302"}],"wp:attachment":[{"href":"https:\/\/advbox.com.br\/blog\/wp-json\/wp\/v2\/media?parent=23304"}],"curies":[{"name":"wp","href":"https:\/\/api.w.org\/{rel}","templated":true}]}}