{"id":23548,"date":"2024-07-31T11:11:59","date_gmt":"2024-07-31T14:11:59","guid":{"rendered":"https:\/\/advbox.com.br\/blog\/?page_id=23548"},"modified":"2026-04-16T09:07:15","modified_gmt":"2026-04-16T12:07:15","slug":"familia-pensao-alimenticia","status":"publish","type":"page","link":"https:\/\/advbox.com.br\/blog\/familia-pensao-alimenticia\/","title":{"rendered":"Modelo de a\u00e7\u00e3o de execu\u00e7\u00e3o de pens\u00e3o aliment\u00edcia"},"content":{"rendered":"\n<p>Baixe o modelo de a\u00e7\u00e3o de execu\u00e7\u00e3o pens\u00e3o aliment\u00edcia e aproveite para conhecer a ferramenta ideal mant\u00e9m seu <a href=\"https:\/\/advbox.com.br\/blog\/como-automatizar-seus-modelos-de-peticoes\/\" class=\"rank-math-link\" target=\"_blank\"><strong>banco de peti\u00e7\u00f5es atualizado<\/strong><\/a> e organizado.<\/p>\n\n\n\n<p>O <a href=\"https:\/\/advbox.com.br\/blog\/home-office-na-advocacia-advbox\/\" class=\"rank-math-link\" target=\"_blank\"><strong>modelo home office produtivo na advocacia<\/strong><\/a> \u00e9 poss\u00edvel com os benef\u00edcios que o <a href=\"https:\/\/advbox.com.br\/cadastro\/\" target=\"_blank\"><strong>software jur\u00eddico<\/strong><\/a> oferece para o seu escrit\u00f3rio.<\/p>\n\n\n\n<p>Acesse agora o eBook sobre controladoria jur\u00eddica digital e melhore os resultados do seu escrit\u00f3rio.<\/p>\n\n\n\n\n\n<h2 class=\"wp-block-heading has-medium-font-size\">A\u00e7\u00e3o de execu\u00e7\u00e3o de pens\u00e3o aliment\u00edcia<\/h2>\n\n\n\n<p><strong>EXCELENT\u00cdSSIMO SENHOR DOUTOR JUIZ DE DIREITO DA MM. &#8230;.\u00aa VARA&nbsp;<\/strong><\/p>\n\n\n\n<p><strong>PROCESSO N\u00ba<\/strong><strong> <\/strong><strong>&#8230;. (ALIMENTOS)<\/strong><\/p>\n\n\n\n<p>&#8230;. (nome completo), menor representado legalmente por sua genitora, Sra. &#8230;. (nome completo), ambos j\u00e1 devidamente qualificados nos autos do processo em ep\u00edgrafe, na <strong>A\u00c7\u00c3O DE ALIMENTOS<\/strong>, que move em face de &#8230;. (nome completo), por seu Advogado que esta subscreve, vem, respeitosamente, \u00e0 honrosa presen\u00e7a de Vossa Excel\u00eancia propor a presente <strong>A\u00c7\u00c3O DE EXECU\u00c7\u00c3O DE PRESTA\u00c7\u00c3O ALIMENT\u00cdCIA <\/strong>pelos motivos que abaixo passa a expor:&nbsp;<\/p>\n\n\n\n<p>Por respeit\u00e1vel senten\u00e7a homologada em &#8230;. (dia, m\u00eas e ano), perante esse d. ju\u00edzo, foi determinado o pagamento de presta\u00e7\u00e3o aliment\u00edcia ao Requerente no valor de R$ &#8230;. (valor por extenso) mensais, a partir do m\u00eas de &#8230;., fls. &#8230;. (doc).<\/p>\n\n\n\n<p>Ocorre que, at\u00e9 o presente momento, o Requerido n\u00e3o efetuou nenhum pagamento, mesmo tendo a genitora do infante lhe procurado para resolver o impasse. N\u00e3o restou outra alternativa sen\u00e3o recorrer ao Judici\u00e1rio.<\/p>\n\n\n\n<p>Na data da efetiva elabora\u00e7\u00e3o da planilha do d\u00e9bito, cuja execu\u00e7\u00e3o dever\u00e1 seguir o rito processual dos artigos 732 a 735 do C\u00f3digo de Processo Civil, o Executado \u00e9 devedor de R$ &#8230;. (valor por extenso), conforme c\u00e1lculo discriminativo com planilha em anexo (doc. &#8230;.).<\/p>\n\n\n\n<p>Assim, diante do exposto, requer a Vossa Excel\u00eancia determinar a cita\u00e7\u00e3o do Executado no endere\u00e7o j\u00e1 declinado e nesta oportunidade reiterado, qual seja: &#8230;. (endere\u00e7o completo: rua (av.) &#8230;., n\u00ba &#8230;. , complemento &#8230;., bairro &#8230;., cidade &#8230;., CEP &#8230;., UF &#8230;., para que efetue o pagamento do d\u00e9bito apresentado, ou justifique a impossibilidade de faz\u00ea-lo no prazo de 3 (tr\u00eas) dias, sob pena de lhe ser decretada a pris\u00e3o, tudo em conformidade com o \u00a71o do artigo 733 do C\u00f3digo de Processo Civil.<\/p>\n\n\n\n<p>Requer provar o alegado por todos os meios de provas em direito admitidos, especialmente pelo depoimento pessoal do Executado, juntada de documentos, oitiva de testemunhas, per\u00edcias e demais que se fizer necess\u00e1rio.<\/p>\n\n\n\n<p>Requer ao final que a presente seja julgada PROCEDENTE, condenando-se o Executado ao pagamento das presta\u00e7\u00f5es aliment\u00edcias vencidas, assim como a inclus\u00e3o das vincendas \u00e0 data da cita\u00e7\u00e3o, e a condena\u00e7\u00e3o nas comina\u00e7\u00f5es de estilo.<\/p>\n\n\n\n<p>\u00c0 presente d\u00e1-se o valor de R$ &#8230;. (valor por extenso) para todos os efeitos legais.<\/p>\n\n\n\n<p>Nestes termos,<\/p>\n\n\n\n<p>Pede Deferimento.<\/p>\n\n\n\n<p>&#8230;&#8230;&#8230;&#8230;&#8230;., &#8230;&#8230; de &#8230;&#8230;&#8230;&#8230;&#8230; de &#8230;&#8230;&#8230;..<\/p>\n\n\n\n<p>(local e data)<\/p>\n\n\n\n<p>&#8230;&#8230;&#8230;&#8230;&#8230;&#8230;&#8230;&#8230;&#8230;&#8230;&#8230;..<\/p>\n\n\n\n<p>Advogado (nome)<\/p>\n\n\n\n<p>OAB <strong>no <\/strong>&#8230;&#8230;&#8230;&#8230;&#8230;&#8230;.<\/p>\n\n\n\n\n","protected":false},"excerpt":{"rendered":"<p>Baixe o modelo de a\u00e7\u00e3o de execu\u00e7\u00e3o pens\u00e3o aliment\u00edcia e aproveite para conhecer a ferramenta ideal mant\u00e9m seu banco de peti\u00e7\u00f5es atualizado e organizado. O modelo home office produtivo na advocacia \u00e9 poss\u00edvel com os benef\u00edcios que o software jur\u00eddico oferece para o seu escrit\u00f3rio. Acesse agora o eBook sobre [&hellip;]<\/p>\n","protected":false},"author":2,"featured_media":23655,"parent":0,"menu_order":0,"comment_status":"closed","ping_status":"closed","template":"","meta":{"_acf_changed":false,"om_disable_all_campaigns":false,"footnotes":""},"class_list":["post-23548","page","type-page","status-publish","has-post-thumbnail","hentry"],"acf":[],"yoast_head":"<!-- This site is optimized with the Yoast SEO plugin v26.9 - https:\/\/yoast.com\/product\/yoast-seo-wordpress\/ -->\n<title>Modelo de a\u00e7\u00e3o de execu\u00e7\u00e3o de pens\u00e3o aliment\u00edcia<\/title>\n<meta name=\"description\" content=\"Modelo de a\u00e7\u00e3o de execu\u00e7\u00e3o de pens\u00e3o aliment\u00edcia - Peti\u00e7\u00f5es, Artigos jur\u00eddicos, jurisprud\u00eancias no site da ADVBOX.\" \/>\n<meta name=\"robots\" content=\"index, follow, max-snippet:-1, max-image-preview:large, max-video-preview:-1\" \/>\n<link rel=\"canonical\" href=\"https:\/\/advbox.com.br\/blog\/familia-pensao-alimenticia\/\" \/>\n<meta property=\"og:locale\" content=\"pt_BR\" \/>\n<meta property=\"og:type\" content=\"article\" \/>\n<meta property=\"og:title\" content=\"Modelo de a\u00e7\u00e3o de execu\u00e7\u00e3o de pens\u00e3o aliment\u00edcia\" \/>\n<meta property=\"og:description\" content=\"Modelo de a\u00e7\u00e3o de execu\u00e7\u00e3o de pens\u00e3o aliment\u00edcia - Peti\u00e7\u00f5es, Artigos jur\u00eddicos, jurisprud\u00eancias no site da ADVBOX.\" \/>\n<meta property=\"og:url\" content=\"https:\/\/advbox.com.br\/blog\/familia-pensao-alimenticia\/\" \/>\n<meta property=\"og:site_name\" content=\"Software Jur\u00eddico Completo - ADVBOX\" \/>\n<meta property=\"article:publisher\" content=\"https:\/\/www.facebook.com\/advbox\/\" \/>\n<meta property=\"article:modified_time\" content=\"2026-04-16T12:07:15+00:00\" \/>\n<meta property=\"og:image\" content=\"https:\/\/advbox.com.br\/blog\/wp-content\/uploads\/2021\/02\/peticoes-16.jpg\" \/>\n\t<meta property=\"og:image:width\" content=\"626\" \/>\n\t<meta property=\"og:image:height\" content=\"417\" \/>\n\t<meta property=\"og:image:type\" content=\"image\/jpeg\" \/>\n<meta name=\"twitter:card\" content=\"summary_large_image\" \/>\n<meta name=\"twitter:site\" content=\"@advbox2\" \/>\n<script type=\"application\/ld+json\" class=\"yoast-schema-graph\">{\"@context\":\"https:\/\/schema.org\",\"@graph\":[{\"@type\":\"WebPage\",\"@id\":\"https:\/\/advbox.com.br\/blog\/familia-pensao-alimenticia\/\",\"url\":\"https:\/\/advbox.com.br\/blog\/familia-pensao-alimenticia\/\",\"name\":\"Modelo de a\u00e7\u00e3o de execu\u00e7\u00e3o de pens\u00e3o aliment\u00edcia\",\"isPartOf\":{\"@id\":\"https:\/\/advbox.com.br\/blog\/#website\"},\"primaryImageOfPage\":{\"@id\":\"https:\/\/advbox.com.br\/blog\/familia-pensao-alimenticia\/#primaryimage\"},\"image\":{\"@id\":\"https:\/\/advbox.com.br\/blog\/familia-pensao-alimenticia\/#primaryimage\"},\"thumbnailUrl\":\"https:\/\/advbox.com.br\/blog\/wp-content\/uploads\/2021\/02\/peticoes-16.jpg\",\"datePublished\":\"2024-07-31T14:11:59+00:00\",\"dateModified\":\"2026-04-16T12:07:15+00:00\",\"description\":\"Modelo de a\u00e7\u00e3o de execu\u00e7\u00e3o de pens\u00e3o aliment\u00edcia - Peti\u00e7\u00f5es, Artigos jur\u00eddicos, jurisprud\u00eancias no site da ADVBOX.\",\"breadcrumb\":{\"@id\":\"https:\/\/advbox.com.br\/blog\/familia-pensao-alimenticia\/#breadcrumb\"},\"inLanguage\":\"pt-BR\",\"potentialAction\":[{\"@type\":\"ReadAction\",\"target\":[\"https:\/\/advbox.com.br\/blog\/familia-pensao-alimenticia\/\"]}]},{\"@type\":\"ImageObject\",\"inLanguage\":\"pt-BR\",\"@id\":\"https:\/\/advbox.com.br\/blog\/familia-pensao-alimenticia\/#primaryimage\",\"url\":\"https:\/\/advbox.com.br\/blog\/wp-content\/uploads\/2021\/02\/peticoes-16.jpg\",\"contentUrl\":\"https:\/\/advbox.com.br\/blog\/wp-content\/uploads\/2021\/02\/peticoes-16.jpg\",\"width\":626,\"height\":417,\"caption\":\"advogado associado\"},{\"@type\":\"BreadcrumbList\",\"@id\":\"https:\/\/advbox.com.br\/blog\/familia-pensao-alimenticia\/#breadcrumb\",\"itemListElement\":[{\"@type\":\"ListItem\",\"position\":1,\"name\":\"In\u00edcio\",\"item\":\"https:\/\/advbox.com.br\/blog\/\"},{\"@type\":\"ListItem\",\"position\":2,\"name\":\"Modelo de a\u00e7\u00e3o de execu\u00e7\u00e3o de pens\u00e3o aliment\u00edcia\"}]},{\"@type\":\"WebSite\",\"@id\":\"https:\/\/advbox.com.br\/blog\/#website\",\"url\":\"https:\/\/advbox.com.br\/blog\/\",\"name\":\"Software Jur\u00eddico Completo - ADVBOX\",\"description\":\"Plataforma para Advocacia Digital\",\"publisher\":{\"@id\":\"https:\/\/advbox.com.br\/blog\/#organization\"},\"potentialAction\":[{\"@type\":\"SearchAction\",\"target\":{\"@type\":\"EntryPoint\",\"urlTemplate\":\"https:\/\/advbox.com.br\/blog\/?s={search_term_string}\"},\"query-input\":{\"@type\":\"PropertyValueSpecification\",\"valueRequired\":true,\"valueName\":\"search_term_string\"}}],\"inLanguage\":\"pt-BR\"},{\"@type\":\"Organization\",\"@id\":\"https:\/\/advbox.com.br\/blog\/#organization\",\"name\":\"ADVBOX Blog - Software jur\u00eddico da advocacia digital\",\"url\":\"https:\/\/advbox.com.br\/blog\/\",\"logo\":{\"@type\":\"ImageObject\",\"inLanguage\":\"pt-BR\",\"@id\":\"https:\/\/advbox.com.br\/blog\/#\/schema\/logo\/image\/\",\"url\":\"https:\/\/advbox.com.br\/blog\/wp-content\/uploads\/2019\/12\/Como-aumentar-a-produtividade_.jpg\",\"contentUrl\":\"https:\/\/advbox.com.br\/blog\/wp-content\/uploads\/2019\/12\/Como-aumentar-a-produtividade_.jpg\",\"width\":320,\"height\":213,\"caption\":\"ADVBOX Blog - Software jur\u00eddico da advocacia digital\"},\"image\":{\"@id\":\"https:\/\/advbox.com.br\/blog\/#\/schema\/logo\/image\/\"},\"sameAs\":[\"https:\/\/www.facebook.com\/advbox\/\",\"https:\/\/x.com\/advbox2\"]}]}<\/script>\n<!-- \/ Yoast SEO plugin. -->","yoast_head_json":{"title":"Modelo de a\u00e7\u00e3o de execu\u00e7\u00e3o de pens\u00e3o aliment\u00edcia","description":"Modelo de a\u00e7\u00e3o de execu\u00e7\u00e3o de pens\u00e3o aliment\u00edcia - Peti\u00e7\u00f5es, Artigos jur\u00eddicos, jurisprud\u00eancias no site da ADVBOX.","robots":{"index":"index","follow":"follow","max-snippet":"max-snippet:-1","max-image-preview":"max-image-preview:large","max-video-preview":"max-video-preview:-1"},"canonical":"https:\/\/advbox.com.br\/blog\/familia-pensao-alimenticia\/","og_locale":"pt_BR","og_type":"article","og_title":"Modelo de a\u00e7\u00e3o de execu\u00e7\u00e3o de pens\u00e3o aliment\u00edcia","og_description":"Modelo de a\u00e7\u00e3o de execu\u00e7\u00e3o de pens\u00e3o aliment\u00edcia - Peti\u00e7\u00f5es, Artigos jur\u00eddicos, jurisprud\u00eancias no site da ADVBOX.","og_url":"https:\/\/advbox.com.br\/blog\/familia-pensao-alimenticia\/","og_site_name":"Software Jur\u00eddico Completo - ADVBOX","article_publisher":"https:\/\/www.facebook.com\/advbox\/","article_modified_time":"2026-04-16T12:07:15+00:00","og_image":[{"width":626,"height":417,"url":"https:\/\/advbox.com.br\/blog\/wp-content\/uploads\/2021\/02\/peticoes-16.jpg","type":"image\/jpeg"}],"twitter_card":"summary_large_image","twitter_site":"@advbox2","schema":{"@context":"https:\/\/schema.org","@graph":[{"@type":"WebPage","@id":"https:\/\/advbox.com.br\/blog\/familia-pensao-alimenticia\/","url":"https:\/\/advbox.com.br\/blog\/familia-pensao-alimenticia\/","name":"Modelo de a\u00e7\u00e3o de execu\u00e7\u00e3o de pens\u00e3o aliment\u00edcia","isPartOf":{"@id":"https:\/\/advbox.com.br\/blog\/#website"},"primaryImageOfPage":{"@id":"https:\/\/advbox.com.br\/blog\/familia-pensao-alimenticia\/#primaryimage"},"image":{"@id":"https:\/\/advbox.com.br\/blog\/familia-pensao-alimenticia\/#primaryimage"},"thumbnailUrl":"https:\/\/advbox.com.br\/blog\/wp-content\/uploads\/2021\/02\/peticoes-16.jpg","datePublished":"2024-07-31T14:11:59+00:00","dateModified":"2026-04-16T12:07:15+00:00","description":"Modelo de a\u00e7\u00e3o de execu\u00e7\u00e3o de pens\u00e3o aliment\u00edcia - Peti\u00e7\u00f5es, Artigos jur\u00eddicos, jurisprud\u00eancias no site da ADVBOX.","breadcrumb":{"@id":"https:\/\/advbox.com.br\/blog\/familia-pensao-alimenticia\/#breadcrumb"},"inLanguage":"pt-BR","potentialAction":[{"@type":"ReadAction","target":["https:\/\/advbox.com.br\/blog\/familia-pensao-alimenticia\/"]}]},{"@type":"ImageObject","inLanguage":"pt-BR","@id":"https:\/\/advbox.com.br\/blog\/familia-pensao-alimenticia\/#primaryimage","url":"https:\/\/advbox.com.br\/blog\/wp-content\/uploads\/2021\/02\/peticoes-16.jpg","contentUrl":"https:\/\/advbox.com.br\/blog\/wp-content\/uploads\/2021\/02\/peticoes-16.jpg","width":626,"height":417,"caption":"advogado associado"},{"@type":"BreadcrumbList","@id":"https:\/\/advbox.com.br\/blog\/familia-pensao-alimenticia\/#breadcrumb","itemListElement":[{"@type":"ListItem","position":1,"name":"In\u00edcio","item":"https:\/\/advbox.com.br\/blog\/"},{"@type":"ListItem","position":2,"name":"Modelo de a\u00e7\u00e3o de execu\u00e7\u00e3o de pens\u00e3o aliment\u00edcia"}]},{"@type":"WebSite","@id":"https:\/\/advbox.com.br\/blog\/#website","url":"https:\/\/advbox.com.br\/blog\/","name":"Software Jur\u00eddico Completo - ADVBOX","description":"Plataforma para Advocacia Digital","publisher":{"@id":"https:\/\/advbox.com.br\/blog\/#organization"},"potentialAction":[{"@type":"SearchAction","target":{"@type":"EntryPoint","urlTemplate":"https:\/\/advbox.com.br\/blog\/?s={search_term_string}"},"query-input":{"@type":"PropertyValueSpecification","valueRequired":true,"valueName":"search_term_string"}}],"inLanguage":"pt-BR"},{"@type":"Organization","@id":"https:\/\/advbox.com.br\/blog\/#organization","name":"ADVBOX Blog - Software jur\u00eddico da advocacia digital","url":"https:\/\/advbox.com.br\/blog\/","logo":{"@type":"ImageObject","inLanguage":"pt-BR","@id":"https:\/\/advbox.com.br\/blog\/#\/schema\/logo\/image\/","url":"https:\/\/advbox.com.br\/blog\/wp-content\/uploads\/2019\/12\/Como-aumentar-a-produtividade_.jpg","contentUrl":"https:\/\/advbox.com.br\/blog\/wp-content\/uploads\/2019\/12\/Como-aumentar-a-produtividade_.jpg","width":320,"height":213,"caption":"ADVBOX Blog - Software jur\u00eddico da advocacia digital"},"image":{"@id":"https:\/\/advbox.com.br\/blog\/#\/schema\/logo\/image\/"},"sameAs":["https:\/\/www.facebook.com\/advbox\/","https:\/\/x.com\/advbox2"]}]}},"_links":{"self":[{"href":"https:\/\/advbox.com.br\/blog\/wp-json\/wp\/v2\/pages\/23548","targetHints":{"allow":["GET"]}}],"collection":[{"href":"https:\/\/advbox.com.br\/blog\/wp-json\/wp\/v2\/pages"}],"about":[{"href":"https:\/\/advbox.com.br\/blog\/wp-json\/wp\/v2\/types\/page"}],"author":[{"embeddable":true,"href":"https:\/\/advbox.com.br\/blog\/wp-json\/wp\/v2\/users\/2"}],"replies":[{"embeddable":true,"href":"https:\/\/advbox.com.br\/blog\/wp-json\/wp\/v2\/comments?post=23548"}],"version-history":[{"count":6,"href":"https:\/\/advbox.com.br\/blog\/wp-json\/wp\/v2\/pages\/23548\/revisions"}],"predecessor-version":[{"id":83117,"href":"https:\/\/advbox.com.br\/blog\/wp-json\/wp\/v2\/pages\/23548\/revisions\/83117"}],"wp:featuredmedia":[{"embeddable":true,"href":"https:\/\/advbox.com.br\/blog\/wp-json\/wp\/v2\/media\/23655"}],"wp:attachment":[{"href":"https:\/\/advbox.com.br\/blog\/wp-json\/wp\/v2\/media?parent=23548"}],"curies":[{"name":"wp","href":"https:\/\/api.w.org\/{rel}","templated":true}]}}