{"id":23549,"date":"2021-02-14T12:33:55","date_gmt":"2021-02-14T14:33:55","guid":{"rendered":"https:\/\/advbox.com.br\/blog\/?page_id=23549"},"modified":"2024-12-28T10:42:39","modified_gmt":"2024-12-28T13:42:39","slug":"familia-divorcio-extrajudicial","status":"publish","type":"page","link":"https:\/\/advbox.com.br\/blog\/familia-divorcio-extrajudicial\/","title":{"rendered":"Modelo de div\u00f3rcio extrajudicial"},"content":{"rendered":"<p>Baixe o modelo de div\u00f3rcio extrajudicial &#8211; escritura p\u00fablica de div\u00f3rcio direto consensual e\u00a0partilha de bens, e saiba como todo bom advogado consegue manter seu<a href=\"https:\/\/advbox.com.br\/blog\/como-automatizar-seus-modelos-de-peticoes\/\" target=\"_blank\"> <strong>banco de modelos de peti\u00e7\u00f5es<\/strong><\/a> organizado, de forma que atenda todas as especificidades dos diferentes processos no dia a dia do trabalho jur\u00eddico.<\/p><p>Para voc\u00ea n\u00e3o ficar de fora dessa<a href=\"https:\/\/advbox.com.br\/blog\/controladoria-juridica\/\" target=\"_blank\"><strong> tend\u00eancia altamente lucrativa para a advocacia atual,<\/strong><\/a><strong> <\/strong>separei esse ebook que ir\u00e1 ajudar a entender todos os recursos dispon\u00edveis para seu escrit\u00f3rio.<\/p><h2 class=\"wp-block-heading has-medium-font-size\">Modelo de div\u00f3rcio extrajudicial<\/h2><h3 class=\"wp-block-heading has-medium-font-size\">Escritura p\u00fablica de div\u00f3rcio direto consensual e\u00a0partilha de bens<br><\/h3><p>A &#8230;&#8230;&#8230;&#8230;&#8230;.. de &#8230;&#8230;&#8230;&#8230;&#8230;.. do ano dois mil e\u00a0<\/p><p>&#8230;&#8230;&#8230;&#8230;&#8230;.. (..\/..\/200..), no Munic\u00edpio e Comarca de\u00a0<\/p><p>&#8230;&#8230;&#8230;&#8230;&#8230;.., Estado de &#8230;&#8230;&#8230;&#8230;, Rep\u00fablica Federativa do\u00a0<\/p><p>Brasil, neste &#8230;&#8230;&#8230;&#8230;&#8230;.. Tabelionato de Notas, sitiado na\u00a0<\/p><p>rua\u00a0 &#8230;&#8230;&#8230;&#8230;&#8230;.., CEP &#8230;&#8230;&#8230;&#8230;&#8230;.., telefone (&#8230;.)\u00a0<\/p><p>&#8230;&#8230;&#8230;&#8230;&#8230;.., &#8230;&#8230;&#8230;&#8230;&#8230;.. (e-Mail e endere\u00e7o eletr\u00f4nico),\u00a0<\/p><p>perante mim, Tabeli\u00e3o, comparecem como outorgantes e\u00a0<\/p><p>reciprocamente outorgados, doravante denominados\u00a0<\/p><p>simplesmente outorgantes: 1) TIR\u00c7O, (qualifica\u00e7\u00e3o\u00a0<\/p><p>completa &#8211; art. 215, \u00a7 1\u00ba, III, CC); e 2) T\u00c9RCIA,\u00a0<\/p><p>(qualifica\u00e7\u00e3o completa\u00a0 art. 215, \u00a7 1\u00ba, III, CC); e como\u00a0<\/p><p>interveniente, que assiste a toda a lavratura do ato: Dr.\u00a0<\/p><p>TASSIO THOMAS, (qualifica\u00e7\u00e3o completa &#8211; art. 215, \u00a7\u00a0<\/p><p>1\u00ba, III, CC). Reconhe\u00e7o-lhes a identidade e a capacidade\u00a0<\/p><p>jur\u00eddica para este ato. As partes declaram, sob as penas\u00a0<\/p><p>da lei: 1) que celebraram matrim\u00f4nio em &#8230;&#8230;&#8230;&#8230;&#8230;.., sob\u00a0<\/p><p>o regime de &#8230;&#8230;&#8230;&#8230;&#8230;.., conforme Certid\u00e3o de\u00a0<\/p><p>Casamento expedida em &#8230;&#8230;&#8230;&#8230;&#8230;.., pelo Servi\u00e7o de\u00a0<\/p><p>Registro Civil das Pessoas Naturais &#8230;&#8230;&#8230;&#8230;&#8230;.., extra\u00edda\u00a0<\/p><p>do livro &#8230;&#8230;&#8230;&#8230;&#8230;..; 2) que nada obstante a tentativa de\u00a0<\/p><p>reconcilia\u00e7\u00e3o proposta pelo tabeli\u00e3o, que lhes esclarece\u00a0<\/p><p>das conseq\u00fc\u00eancias desta manifesta\u00e7\u00e3o de vontade,\u00a0<\/p><p>livremente e sem hesita\u00e7\u00f5es, permanecem no prop\u00f3sito\u00a0<\/p><p>de se divorciarem consensualmente, e por meio desta\u00a0<\/p><p>escritura p\u00fablica fazem-na da seguinte forma: 2.1 &#8211; DA\u00a0<\/p><p>INEXIST\u00caNCIA DE FILHOS MENORES OU\u00a0<\/p><p>INCAPAZES: os outorgantes declaram que n\u00e3o possuem\u00a0<\/p><p>filhos menores ou incapazes; 2.2 &#8211; DA DISSOLU\u00c7\u00c3O\u00a0<\/p><p>DO V\u00cdNCULO MATRIMONIAL: resolvem\u00a0<\/p><p>divorciar-se, visto j\u00e1 haver transcorrido mais de 2 (dois)\u00a0<\/p><p>anos de separa\u00e7\u00e3o de fato, sem reconcilia\u00e7\u00e3o,\u00a0<\/p><p>preservando-se, contudo, os interesses de cada um; 2.3 &#8211;\u00a0<\/p><p>DOS EFEITOS DESTE DIV\u00d3RCIO: assim, passam os\u00a0<\/p><p>outorgantes a ter o estado civil de divorciados, cessando\u00a0<\/p><p>todos os deveres e direitos do casamento; 2.4 &#8211; DA\u00a0<\/p><p>PENS\u00c3O ALIMENT\u00cdCIA: os outorgantes dispensam\u00a0<\/p><p>mutuamente a pens\u00e3o aliment\u00edcia, podendo vir a\u00a0<\/p><p>requer\u00ea-la a qualquer tempo, dentro dos crit\u00e9rios de\u00a0<\/p><p>necessidade do(a) alimentado(a) e possibilidade do(a)\u00a0<\/p><p>alimentante; 2.5 &#8211; DO NOME DOS C\u00d4NJUGES: em\u00a0<\/p><p>virtude da separa\u00e7\u00e3o consensual, a mulher voltar\u00e1 a usar\u00a0<\/p><p>o nome de solteira, isto \u00e9, &#8230;&#8230;&#8230;&#8230;&#8230;..; 2.6 &#8211; DOS BENS:\u00a0<\/p><p>os outorgantes declaram que existem os seguintes bens a\u00a0<\/p><p>serem partilhados, livre de \u00f4nus reais, a\u00e7\u00f5es reais e\u00a0<\/p><p>pessoais reipersecut\u00f3rias, bem como d\u00e9bitos\u00a0<\/p><p>condominiais e d\u00edvidas em geral, inclusive relativas a\u00a0<\/p><p>tributos: 2.6.1: &#8230;&#8230;&#8230;&#8230;&#8230;. (descrever completamente o\u00a0<\/p><p>im\u00f3vel, seguindo a sua matr\u00edcula). Avaliado por\u00a0<\/p><p>R$&#8230;&#8230;&#8230;&#8230;&#8230;., identificado na SRF sob o c\u00f3digo n.\u00a0<\/p><p>&#8230;&#8230;&#8230;&#8230;&#8230;. e no INCRA sob o c\u00f3digo n. &#8230;&#8230;&#8230;&#8230;&#8230;. (no\u00a0<\/p><p>caso de im\u00f3vel rural), OU cadastrado na Prefeitura\u00a0<\/p><p>Municipal de &#8230;&#8230;&#8230;&#8230;&#8230;. sob o n. &#8230;&#8230;&#8230;&#8230;&#8230;. (no caso de\u00a0<\/p><p>im\u00f3vel urbano). 2.6.2: &#8230;&#8230;&#8230;&#8230;&#8230;. (descrever\u00a0<\/p><p>completamente o im\u00f3vel, seguindo a sua matr\u00edcula).\u00a0<\/p><p>Avaliado por R$&#8230;&#8230;&#8230;&#8230;&#8230;., identificado na SRF sob o\u00a0<\/p><p>c\u00f3digo n. &#8230;&#8230;&#8230;&#8230;&#8230;. e no INCRA sob o c\u00f3digo n.\u00a0<\/p><p>&#8230;&#8230;&#8230;&#8230;&#8230;. (no caso de im\u00f3vel rural), OU cadastrado na\u00a0<\/p><p>Prefeitura Municipal de &#8230;&#8230;&#8230;&#8230;&#8230;. sob o n. &#8230;&#8230;&#8230;&#8230;&#8230;.\u00a0<\/p><p>(no caso de im\u00f3vel urbano). 2.7 &#8211; DA PARTILHA DOS\u00a0<\/p><p>BENS: os outorgantes acordam a partilha dos bens da\u00a0<\/p><p>seguinte forma, dando-se mutuamente plena e irrevog\u00e1vel\u00a0<\/p><p>quita\u00e7\u00e3o: 2.7.1: CABER\u00c1 A TIR\u00c7O os bens a seguir,\u00a0<\/p><p>cujo pagamento totaliza R$&#8230;&#8230;&#8230;&#8230;&#8230;&#8230;&#8230;: 2.7.1.1:\u00a0<\/p><p>&#8230;&#8230;&#8230;&#8230;&#8230;. (descrever completamente o im\u00f3vel, seguindo\u00a0<\/p><p>a sua matr\u00edcula). Avaliado por R$&#8230;&#8230;&#8230;&#8230;&#8230;., identificado\u00a0<\/p><p>na SRF sob o c\u00f3digo n. &#8230;&#8230;&#8230;&#8230;&#8230;. e no INCRA sob o\u00a0<\/p><p>c\u00f3digo n. &#8230;&#8230;&#8230;&#8230;&#8230;. (no caso de im\u00f3vel rural), OU\u00a0<\/p><p>cadastrado na Prefeitura Municipal de &#8230;&#8230;&#8230;&#8230;&#8230;. sob o\u00a0<\/p><p>n. &#8230;&#8230;&#8230;&#8230;&#8230;. (no caso de im\u00f3vel urbano). 2.7.1.2:\u00a0<\/p><p>&#8230;&#8230;&#8230;&#8230;&#8230;. (descrever completamente o im\u00f3vel, seguindo\u00a0<\/p><p>a sua matr\u00edcula). Avaliado por R$&#8230;&#8230;&#8230;&#8230;&#8230;., identificado\u00a0<\/p><p>na SRF sob o c\u00f3digo n. &#8230;&#8230;&#8230;&#8230;&#8230;. e no INCRA sob o\u00a0<\/p><p>c\u00f3digo n. &#8230;&#8230;&#8230;&#8230;&#8230;. (no caso de im\u00f3vel rural), OU\u00a0<\/p><p>cadastrado na Prefeitura Municipal de &#8230;&#8230;&#8230;&#8230;&#8230;. sob o\u00a0<\/p><p>n. &#8230;&#8230;&#8230;&#8230;&#8230;. (no caso de im\u00f3vel urbano). 2.7.2:\u00a0<\/p><p>CABER\u00c1 A &#8230;&#8230;&#8230;&#8230;&#8230;&#8230;&#8230;. os bens a seguir, cujo\u00a0<\/p><p>pagamento totaliza R$&#8230;&#8230;&#8230;&#8230;&#8230;&#8230;&#8230;: 2.7.2.1: &#8230;&#8230;&#8230;&#8230;&#8230;.\u00a0<\/p><p>(descrever completamente o im\u00f3vel, seguindo a sua\u00a0<\/p><p>matr\u00edcula). Avaliado por R$&#8230;&#8230;&#8230;&#8230;&#8230;., identificado na\u00a0<\/p><p>SRF sob o c\u00f3digo n. &#8230;&#8230;&#8230;&#8230;&#8230;. e no INCRA sob o\u00a0<\/p><p>c\u00f3digo n. &#8230;&#8230;&#8230;&#8230;&#8230;. (no caso de im\u00f3vel rural), OU\u00a0<\/p><p>cadastrado na Prefeitura Municipal de &#8230;&#8230;&#8230;&#8230;&#8230;. sob o\u00a0<\/p><p>n. &#8230;&#8230;&#8230;&#8230;&#8230;. (no caso de im\u00f3vel urbano). 2.7.2.2:\u00a0<\/p><p>&#8230;&#8230;&#8230;&#8230;&#8230;. (descrever completamente o im\u00f3vel, seguindo\u00a0<\/p><p>a sua matr\u00edcula). Avaliado por R$&#8230;&#8230;&#8230;&#8230;&#8230;., identificado\u00a0<\/p><p>na SRF sob o c\u00f3digo n. &#8230;&#8230;&#8230;&#8230;&#8230;. e no INCRA sob o\u00a0<\/p><p>c\u00f3digo n. &#8230;&#8230;&#8230;&#8230;&#8230;. (no caso de im\u00f3vel rural), OU\u00a0<\/p><p>cadastrado na Prefeitura Municipal de &#8230;&#8230;&#8230;&#8230;&#8230;. sob o\u00a0<\/p><p>n. &#8230;&#8230;&#8230;&#8230;&#8230;. (no caso de im\u00f3vel urbano). Conclu\u00edda a\u00a0<\/p><p>partilha e n\u00e3o tendo oposi\u00e7\u00e3o alguma a fazerem, d\u00e3o-na\u00a0<\/p><p>por boa, firme, valiosa e empossados nos seus\u00a0<\/p><p>respectivos quinh\u00f5es, devendo respeitar as servid\u00f5es\u00a0<\/p><p>acaso existentes. Apresentados os seguintes documentos,\u00a0<\/p><p>que ficam arquivados: 1) Imposto de Transmiss\u00e3o de\u00a0<\/p><p>Bens Im\u00f3veis (2% sobre R$&#8230;&#8230;&#8230;&#8230;&#8230;.), recolhido na\u00a0<\/p><p>quantia de R$&#8230;&#8230;&#8230;&#8230;&#8230;., atrav\u00e9s da Guia de\u00a0<\/p><p>Arrecada\u00e7\u00e3o Municipal, autenticada mecanicamente sob\u00a0<\/p><p>o n. &#8230;&#8230;&#8230;&#8230;&#8230;., em ..\/&#8230;&#8230;&#8230;&#8230;&#8230;.\/2007, pelo &#8230;&#8230;&#8230;&#8230;&#8230;.;\u00a0<\/p><p>(no caso de diferen\u00e7a de quinh\u00f5es em virtude de ato\u00a0<\/p><p>oneroso), OU Declara\u00e7\u00e3o de Bens e Direitos, com\u00a0<\/p><p>homologa\u00e7\u00e3o do pagamento do ITCD, no valor de\u00a0<\/p><p>R$&#8230;&#8230;&#8230;&#8230;&#8230;., atrav\u00e9s do Documento de Arrecada\u00e7\u00e3o\u00a0<\/p><p>Estadual (DAE), autenticado mecanicamente pela ag\u00eancia\u00a0<\/p><p>local do &#8230;&#8230;&#8230;&#8230;&#8230;., em ..\/&#8230;&#8230;&#8230;&#8230;&#8230;.\/2007, sob o n.\u00a0<\/p><p>&#8230;&#8230;&#8230;&#8230;&#8230;., referente \u00e0 liberalidade, subscrita pelo Chefe\u00a0<\/p><p>da Administra\u00e7\u00e3o Fazend\u00e1ria local, Sr. &#8230;&#8230;&#8230;&#8230;&#8230;&#8230;,\u00a0<\/p><p>datada de ..\/&#8230;&#8230;&#8230;&#8230;&#8230;.\/2007 (no caso de liberalidades);\u00a0<\/p><p>2) certid\u00e3o negativa municipal, datada de\u00a0<\/p><p>..\/&#8230;&#8230;&#8230;&#8230;&#8230;.\/2007; 3) certid\u00e3o descritiva da matr\u00edcula\u00a0<\/p><p>&#8230;&#8230;&#8230;&#8230;&#8230;., em que consta o seguinte: (copiar a certid\u00e3o\u00a0<\/p><p>do Servi\u00e7o de Registro Imobili\u00e1rio, no que se refere \u00e0\u00a0<\/p><p>negativa de \u00f4nus reais, a\u00e7\u00f5es reais e pessoais\u00a0<\/p><p>reipersecut\u00f3rias); 4) CCIR, emitido pelo INCRA,\u00a0<\/p><p>referente ao exerc\u00edcio 2003\/2012\/2012, quitado, do qual\u00a0<\/p><p>se extraem os seguintes elementos previstos na Lei 4.00047,\u00a0<\/p><p>de 06\/abril\/100066, art. 22, \u00a7 6\u00ba, I a V e Instru\u00e7\u00e3o\u00a0<\/p><p>Normativa do INCRA n. 26, de 28\/novembro\/2012,\u00a0<\/p><p>anexo I, item 5: nome do im\u00f3vel: &#8230;&#8230;&#8230;&#8230;&#8230;.; c\u00f3digo:\u00a0<\/p><p>&#8230;&#8230;&#8230;&#8230;&#8230;.; localiza\u00e7\u00e3o: &#8230;&#8230;&#8230;&#8230;&#8230;.; munic\u00edpio sede do\u00a0<\/p><p>im\u00f3vel: &#8230;&#8230;&#8230;&#8230;&#8230;.: UF: &#8230;&#8230;&#8230;&#8230;&#8230;.; FMP (ha):\u00a0<\/p><p>&#8230;&#8230;&#8230;&#8230;&#8230;.; nome do detentor: &#8230;&#8230;&#8230;&#8230;&#8230;.; nacionalidade:\u00a0<\/p><p>brasileira; n\u00ba certifica\u00e7\u00e3o planta\/memorial: (em branco); 5)\u00a0<\/p><p>comprovante de quita\u00e7\u00e3o do ITR, exerc\u00edcio de 2006; e\u00a0<\/p><p>6) Certid\u00e3o Negativa de D\u00e9bitos de Im\u00f3vel Rural,\u00a0<\/p><p>capturada, via Internet, no endere\u00e7o eletr\u00f4nico da\u00a0<\/p><p>Secretaria da Receita Federal, emitida \u00e0s &#8230;&#8230;&#8230;&#8230;&#8230;.\u00a0<\/p><p>horas do dia ..\/&#8230;&#8230;&#8230;&#8230;&#8230;.\/2007, v\u00e1lida at\u00e9\u00a0<\/p><p>..\/&#8230;&#8230;&#8230;&#8230;&#8230;.\/2007, c\u00f3digo de controle &#8230;&#8230;&#8230;&#8230;&#8230;., onde\u00a0<\/p><p>consta que a &#8230;&#8230;&#8230;&#8230;&#8230;., com \u00e1rea de &#8230;&#8230;&#8230;&#8230;&#8230;.ha, est\u00e1\u00a0<\/p><p>identificada na Secretaria da Receita Federal sob o n.\u00a0<\/p><p>&#8230;&#8230;&#8230;&#8230;&#8230;.. O INTERVENIENTE, acima identificado, na\u00a0<\/p><p>posi\u00e7\u00e3o de advogado comum das partes, declara que\u00a0<\/p><p>prestou assist\u00eancia jur\u00eddica aos outorgantes e\u00a0<\/p><p>acompanhou a lavratura desta escritura, inclusive\u00a0<\/p><p>assistindo a proposta de reconcilia\u00e7\u00e3o, que fora recusada,\u00a0<\/p><p>ouvindo deles a declara\u00e7\u00e3o de estarem convictos quanto\u00a0<\/p><p>a este div\u00f3rcio e \u00e0 partilha dos bens, conferindo-a\u00a0<\/p><p>inclusive no tocante aos seus valores. Finalmente, os\u00a0<\/p><p>outorgantes declaram, sob as penas da lei: 1) que todas\u00a0<\/p><p>as declara\u00e7\u00f5es prestadas nesta escritura s\u00e3o verdadeiras;\u00a0<\/p><p>2) que n\u00e3o se enquadram nas restri\u00e7\u00f5es da Lei 8.212\/0001,\u00a0<\/p><p>estando dispensados de apresentar certid\u00f5es negativas do\u00a0<\/p><p>INSS e da Secretaria da Receita Federal; 3) que\u00a0<\/p><p>requerem ao(\u00e0) Oficial(a) do Servi\u00e7o de Registro Civil\u00a0<\/p><p>das Pessoas Naturais e ao(\u00e0) Oficial(a) do Servi\u00e7o de\u00a0<\/p><p>Registro Imobili\u00e1rio competentes a pr\u00e1tica de todos os\u00a0<\/p><p>atos registrais em sentido amplo; e 4) que aceitam esta\u00a0<\/p><p>escritura em todos os seus termos. As exig\u00eancias legais e\u00a0<\/p><p>fiscais inerentes \u00e0 legitimidade do ato foram cumpridas. E\u00a0<\/p><p>por ser essa a vontade das partes, lavro esta escritura\u00a0<\/p><p>que, depois de lida, outorgam e assinam, tudo perante\u00a0<\/p><p>mim, &#8230;&#8230;&#8230;&#8230;..(&#8230;&#8230;&#8230;&#8230;.), tabeli\u00e3o, que redijo, subscrevo,\u00a0<\/p><p>dou f\u00e9 e assino, em p\u00fablico e raso.<\/p><p>\u00a0\u00a0\u00a0\u00a0\u00a0\u00a0\u00a0\u00a0\u00a0\u00a0\u00a0\u00a0Em test\u00ba da verdade.<\/p><p>\u00a0\u00a0\u00a0\u00a0\u00a0\u00a0\u00a0\u00a0\u00a0\u00a0\u00a0\u00a0\u00a0&#8230;&#8230;&#8230;&#8230;&#8230;&#8230;&#8230;&#8230;&#8230;&#8230;&#8230;&#8230;&#8230;&#8230;&#8230;&#8230;&#8230;&#8230;&#8230;&#8230;&#8230;&#8230;&#8230;.<\/p><p>\u00a0\u00a0\u00a0\u00a0\u00a0\u00a0\u00a0\u00a0\u00a0\u00a0\u00a0\u00a0Outorgante 1<\/p><p>\u00a0\u00a0\u00a0\u00a0\u00a0\u00a0\u00a0\u00a0\u00a0\u00a0\u00a0\u00a0\u00a0&#8230;&#8230;&#8230;&#8230;&#8230;&#8230;&#8230;&#8230;&#8230;&#8230;&#8230;&#8230;&#8230;&#8230;&#8230;&#8230;&#8230;&#8230;&#8230;&#8230;&#8230;&#8230;&#8230;.<\/p><p>\u00a0\u00a0\u00a0\u00a0\u00a0\u00a0\u00a0\u00a0\u00a0\u00a0\u00a0\u00a0Outorgante 2<\/p><p>\u00a0\u00a0\u00a0\u00a0\u00a0\u00a0\u00a0\u00a0\u00a0\u00a0\u00a0\u00a0\u00a0&#8230;&#8230;&#8230;&#8230;&#8230;&#8230;&#8230;&#8230;&#8230;&#8230;&#8230;&#8230;&#8230;&#8230;&#8230;&#8230;&#8230;&#8230;&#8230;&#8230;&#8230;&#8230;&#8230;.<\/p><p>\u00a0\u00a0\u00a0\u00a0\u00a0\u00a0\u00a0\u00a0\u00a0\u00a0\u00a0\u00a0Advogado<\/p><p>\u00a0\u00a0\u00a0\u00a0\u00a0\u00a0\u00a0\u00a0\u00a0\u00a0\u00a0\u00a0\u00a0&#8230;&#8230;&#8230;&#8230;&#8230;&#8230;&#8230;&#8230;&#8230;&#8230;&#8230;&#8230;&#8230;&#8230;&#8230;&#8230;&#8230;&#8230;&#8230;&#8230;&#8230;&#8230;&#8230;.<\/p><p>\u00a0\u00a0\u00a0\u00a0\u00a0\u00a0\u00a0\u00a0\u00a0\u00a0\u00a0\u00a0Tabeli\u00e3o<\/p>\n","protected":false},"excerpt":{"rendered":"<p>Baixe o modelo de div\u00f3rcio extrajudicial &#8211; escritura p\u00fablica de div\u00f3rcio direto consensual e\u00a0partilha de bens, e saiba como todo bom advogado consegue manter seu banco de modelos de peti\u00e7\u00f5es organizado, de forma que atenda todas as especificidades dos diferentes processos no dia a dia do trabalho jur\u00eddico. Para voc\u00ea [&hellip;]<\/p>\n","protected":false},"author":2,"featured_media":23656,"parent":0,"menu_order":0,"comment_status":"closed","ping_status":"closed","template":"","meta":{"_acf_changed":false,"om_disable_all_campaigns":false,"footnotes":""},"class_list":["post-23549","page","type-page","status-publish","has-post-thumbnail","hentry"],"acf":[],"yoast_head":"<!-- This site is optimized with the Yoast SEO plugin v26.9 - https:\/\/yoast.com\/product\/yoast-seo-wordpress\/ -->\n<title>Modelo de div\u00f3rcio extrajudicial | Agilize seus processos<\/title>\n<meta name=\"description\" content=\"Disponibilizamos para voc\u00ea um Modelo de div\u00f3rcio extrajudicial. ADVBOX\" \/>\n<meta name=\"robots\" content=\"index, follow, max-snippet:-1, max-image-preview:large, max-video-preview:-1\" \/>\n<link rel=\"canonical\" href=\"https:\/\/advbox.com.br\/blog\/familia-divorcio-extrajudicial\/\" \/>\n<meta property=\"og:locale\" content=\"pt_BR\" \/>\n<meta property=\"og:type\" content=\"article\" \/>\n<meta property=\"og:title\" content=\"Modelo de div\u00f3rcio extrajudicial | Agilize seus processos\" \/>\n<meta property=\"og:description\" content=\"Disponibilizamos para voc\u00ea um Modelo de div\u00f3rcio extrajudicial. ADVBOX\" \/>\n<meta property=\"og:url\" content=\"https:\/\/advbox.com.br\/blog\/familia-divorcio-extrajudicial\/\" \/>\n<meta property=\"og:site_name\" content=\"Software Jur\u00eddico Completo - ADVBOX\" \/>\n<meta property=\"article:publisher\" content=\"https:\/\/www.facebook.com\/advbox\/\" \/>\n<meta property=\"article:modified_time\" content=\"2024-12-28T13:42:39+00:00\" \/>\n<meta property=\"og:image\" content=\"https:\/\/advbox.com.br\/blog\/wp-content\/uploads\/2021\/02\/peticoes-17.jpg\" \/>\n\t<meta property=\"og:image:width\" content=\"626\" \/>\n\t<meta property=\"og:image:height\" content=\"417\" \/>\n\t<meta property=\"og:image:type\" content=\"image\/jpeg\" \/>\n<meta name=\"twitter:card\" content=\"summary_large_image\" \/>\n<meta name=\"twitter:site\" content=\"@advbox2\" \/>\n<script type=\"application\/ld+json\" class=\"yoast-schema-graph\">{\"@context\":\"https:\/\/schema.org\",\"@graph\":[{\"@type\":\"WebPage\",\"@id\":\"https:\/\/advbox.com.br\/blog\/familia-divorcio-extrajudicial\/\",\"url\":\"https:\/\/advbox.com.br\/blog\/familia-divorcio-extrajudicial\/\",\"name\":\"Modelo de div\u00f3rcio extrajudicial | Agilize seus processos\",\"isPartOf\":{\"@id\":\"https:\/\/advbox.com.br\/blog\/#website\"},\"primaryImageOfPage\":{\"@id\":\"https:\/\/advbox.com.br\/blog\/familia-divorcio-extrajudicial\/#primaryimage\"},\"image\":{\"@id\":\"https:\/\/advbox.com.br\/blog\/familia-divorcio-extrajudicial\/#primaryimage\"},\"thumbnailUrl\":\"https:\/\/advbox.com.br\/blog\/wp-content\/uploads\/2021\/02\/peticoes-17.jpg\",\"datePublished\":\"2021-02-14T14:33:55+00:00\",\"dateModified\":\"2024-12-28T13:42:39+00:00\",\"description\":\"Disponibilizamos para voc\u00ea um Modelo de div\u00f3rcio extrajudicial. ADVBOX\",\"breadcrumb\":{\"@id\":\"https:\/\/advbox.com.br\/blog\/familia-divorcio-extrajudicial\/#breadcrumb\"},\"inLanguage\":\"pt-BR\",\"potentialAction\":[{\"@type\":\"ReadAction\",\"target\":[\"https:\/\/advbox.com.br\/blog\/familia-divorcio-extrajudicial\/\"]}]},{\"@type\":\"ImageObject\",\"inLanguage\":\"pt-BR\",\"@id\":\"https:\/\/advbox.com.br\/blog\/familia-divorcio-extrajudicial\/#primaryimage\",\"url\":\"https:\/\/advbox.com.br\/blog\/wp-content\/uploads\/2021\/02\/peticoes-17.jpg\",\"contentUrl\":\"https:\/\/advbox.com.br\/blog\/wp-content\/uploads\/2021\/02\/peticoes-17.jpg\",\"width\":626,\"height\":417,\"caption\":\"honor\u00e1rios advocat\u00edcios\"},{\"@type\":\"BreadcrumbList\",\"@id\":\"https:\/\/advbox.com.br\/blog\/familia-divorcio-extrajudicial\/#breadcrumb\",\"itemListElement\":[{\"@type\":\"ListItem\",\"position\":1,\"name\":\"In\u00edcio\",\"item\":\"https:\/\/advbox.com.br\/blog\/\"},{\"@type\":\"ListItem\",\"position\":2,\"name\":\"Modelo de div\u00f3rcio extrajudicial\"}]},{\"@type\":\"WebSite\",\"@id\":\"https:\/\/advbox.com.br\/blog\/#website\",\"url\":\"https:\/\/advbox.com.br\/blog\/\",\"name\":\"Software Jur\u00eddico Completo - ADVBOX\",\"description\":\"Plataforma para Advocacia Digital\",\"publisher\":{\"@id\":\"https:\/\/advbox.com.br\/blog\/#organization\"},\"potentialAction\":[{\"@type\":\"SearchAction\",\"target\":{\"@type\":\"EntryPoint\",\"urlTemplate\":\"https:\/\/advbox.com.br\/blog\/?s={search_term_string}\"},\"query-input\":{\"@type\":\"PropertyValueSpecification\",\"valueRequired\":true,\"valueName\":\"search_term_string\"}}],\"inLanguage\":\"pt-BR\"},{\"@type\":\"Organization\",\"@id\":\"https:\/\/advbox.com.br\/blog\/#organization\",\"name\":\"ADVBOX Blog - Software jur\u00eddico da advocacia digital\",\"url\":\"https:\/\/advbox.com.br\/blog\/\",\"logo\":{\"@type\":\"ImageObject\",\"inLanguage\":\"pt-BR\",\"@id\":\"https:\/\/advbox.com.br\/blog\/#\/schema\/logo\/image\/\",\"url\":\"https:\/\/advbox.com.br\/blog\/wp-content\/uploads\/2019\/12\/Como-aumentar-a-produtividade_.jpg\",\"contentUrl\":\"https:\/\/advbox.com.br\/blog\/wp-content\/uploads\/2019\/12\/Como-aumentar-a-produtividade_.jpg\",\"width\":320,\"height\":213,\"caption\":\"ADVBOX Blog - Software jur\u00eddico da advocacia digital\"},\"image\":{\"@id\":\"https:\/\/advbox.com.br\/blog\/#\/schema\/logo\/image\/\"},\"sameAs\":[\"https:\/\/www.facebook.com\/advbox\/\",\"https:\/\/x.com\/advbox2\"]}]}<\/script>\n<!-- \/ Yoast SEO plugin. -->","yoast_head_json":{"title":"Modelo de div\u00f3rcio extrajudicial | Agilize seus processos","description":"Disponibilizamos para voc\u00ea um Modelo de div\u00f3rcio extrajudicial. ADVBOX","robots":{"index":"index","follow":"follow","max-snippet":"max-snippet:-1","max-image-preview":"max-image-preview:large","max-video-preview":"max-video-preview:-1"},"canonical":"https:\/\/advbox.com.br\/blog\/familia-divorcio-extrajudicial\/","og_locale":"pt_BR","og_type":"article","og_title":"Modelo de div\u00f3rcio extrajudicial | Agilize seus processos","og_description":"Disponibilizamos para voc\u00ea um Modelo de div\u00f3rcio extrajudicial. ADVBOX","og_url":"https:\/\/advbox.com.br\/blog\/familia-divorcio-extrajudicial\/","og_site_name":"Software Jur\u00eddico Completo - ADVBOX","article_publisher":"https:\/\/www.facebook.com\/advbox\/","article_modified_time":"2024-12-28T13:42:39+00:00","og_image":[{"width":626,"height":417,"url":"https:\/\/advbox.com.br\/blog\/wp-content\/uploads\/2021\/02\/peticoes-17.jpg","type":"image\/jpeg"}],"twitter_card":"summary_large_image","twitter_site":"@advbox2","schema":{"@context":"https:\/\/schema.org","@graph":[{"@type":"WebPage","@id":"https:\/\/advbox.com.br\/blog\/familia-divorcio-extrajudicial\/","url":"https:\/\/advbox.com.br\/blog\/familia-divorcio-extrajudicial\/","name":"Modelo de div\u00f3rcio extrajudicial | Agilize seus processos","isPartOf":{"@id":"https:\/\/advbox.com.br\/blog\/#website"},"primaryImageOfPage":{"@id":"https:\/\/advbox.com.br\/blog\/familia-divorcio-extrajudicial\/#primaryimage"},"image":{"@id":"https:\/\/advbox.com.br\/blog\/familia-divorcio-extrajudicial\/#primaryimage"},"thumbnailUrl":"https:\/\/advbox.com.br\/blog\/wp-content\/uploads\/2021\/02\/peticoes-17.jpg","datePublished":"2021-02-14T14:33:55+00:00","dateModified":"2024-12-28T13:42:39+00:00","description":"Disponibilizamos para voc\u00ea um Modelo de div\u00f3rcio extrajudicial. ADVBOX","breadcrumb":{"@id":"https:\/\/advbox.com.br\/blog\/familia-divorcio-extrajudicial\/#breadcrumb"},"inLanguage":"pt-BR","potentialAction":[{"@type":"ReadAction","target":["https:\/\/advbox.com.br\/blog\/familia-divorcio-extrajudicial\/"]}]},{"@type":"ImageObject","inLanguage":"pt-BR","@id":"https:\/\/advbox.com.br\/blog\/familia-divorcio-extrajudicial\/#primaryimage","url":"https:\/\/advbox.com.br\/blog\/wp-content\/uploads\/2021\/02\/peticoes-17.jpg","contentUrl":"https:\/\/advbox.com.br\/blog\/wp-content\/uploads\/2021\/02\/peticoes-17.jpg","width":626,"height":417,"caption":"honor\u00e1rios advocat\u00edcios"},{"@type":"BreadcrumbList","@id":"https:\/\/advbox.com.br\/blog\/familia-divorcio-extrajudicial\/#breadcrumb","itemListElement":[{"@type":"ListItem","position":1,"name":"In\u00edcio","item":"https:\/\/advbox.com.br\/blog\/"},{"@type":"ListItem","position":2,"name":"Modelo de div\u00f3rcio extrajudicial"}]},{"@type":"WebSite","@id":"https:\/\/advbox.com.br\/blog\/#website","url":"https:\/\/advbox.com.br\/blog\/","name":"Software Jur\u00eddico Completo - ADVBOX","description":"Plataforma para Advocacia Digital","publisher":{"@id":"https:\/\/advbox.com.br\/blog\/#organization"},"potentialAction":[{"@type":"SearchAction","target":{"@type":"EntryPoint","urlTemplate":"https:\/\/advbox.com.br\/blog\/?s={search_term_string}"},"query-input":{"@type":"PropertyValueSpecification","valueRequired":true,"valueName":"search_term_string"}}],"inLanguage":"pt-BR"},{"@type":"Organization","@id":"https:\/\/advbox.com.br\/blog\/#organization","name":"ADVBOX Blog - Software jur\u00eddico da advocacia digital","url":"https:\/\/advbox.com.br\/blog\/","logo":{"@type":"ImageObject","inLanguage":"pt-BR","@id":"https:\/\/advbox.com.br\/blog\/#\/schema\/logo\/image\/","url":"https:\/\/advbox.com.br\/blog\/wp-content\/uploads\/2019\/12\/Como-aumentar-a-produtividade_.jpg","contentUrl":"https:\/\/advbox.com.br\/blog\/wp-content\/uploads\/2019\/12\/Como-aumentar-a-produtividade_.jpg","width":320,"height":213,"caption":"ADVBOX Blog - Software jur\u00eddico da advocacia digital"},"image":{"@id":"https:\/\/advbox.com.br\/blog\/#\/schema\/logo\/image\/"},"sameAs":["https:\/\/www.facebook.com\/advbox\/","https:\/\/x.com\/advbox2"]}]}},"_links":{"self":[{"href":"https:\/\/advbox.com.br\/blog\/wp-json\/wp\/v2\/pages\/23549","targetHints":{"allow":["GET"]}}],"collection":[{"href":"https:\/\/advbox.com.br\/blog\/wp-json\/wp\/v2\/pages"}],"about":[{"href":"https:\/\/advbox.com.br\/blog\/wp-json\/wp\/v2\/types\/page"}],"author":[{"embeddable":true,"href":"https:\/\/advbox.com.br\/blog\/wp-json\/wp\/v2\/users\/2"}],"replies":[{"embeddable":true,"href":"https:\/\/advbox.com.br\/blog\/wp-json\/wp\/v2\/comments?post=23549"}],"version-history":[{"count":7,"href":"https:\/\/advbox.com.br\/blog\/wp-json\/wp\/v2\/pages\/23549\/revisions"}],"predecessor-version":[{"id":70375,"href":"https:\/\/advbox.com.br\/blog\/wp-json\/wp\/v2\/pages\/23549\/revisions\/70375"}],"wp:featuredmedia":[{"embeddable":true,"href":"https:\/\/advbox.com.br\/blog\/wp-json\/wp\/v2\/media\/23656"}],"wp:attachment":[{"href":"https:\/\/advbox.com.br\/blog\/wp-json\/wp\/v2\/media?parent=23549"}],"curies":[{"name":"wp","href":"https:\/\/api.w.org\/{rel}","templated":true}]}}