{"id":23565,"date":"2021-02-14T15:46:22","date_gmt":"2021-02-14T17:46:22","guid":{"rendered":"https:\/\/advbox.com.br\/blog\/?page_id=23565"},"modified":"2024-10-15T09:47:46","modified_gmt":"2024-10-15T12:47:46","slug":"familia-divorcio-litigioso-novo-cpc","status":"publish","type":"page","link":"https:\/\/advbox.com.br\/blog\/familia-divorcio-litigioso-novo-cpc\/","title":{"rendered":"Div\u00f3rcio litigioso novo CPC"},"content":{"rendered":"<p>Confira abaixo o Div\u00f3rcio litigioso &#8211; revelia &#8211; r\u00e9plica novo CPC, e aproveite para conhecer a forma r\u00e1pida e \u00e1gil de manter seu <a href=\"https:\/\/advbox.com.br\/blog\/como-automatizar-seus-modelos-de-peticoes\/\" target=\"_blank\"><strong>banco de modelos de peti\u00e7\u00f5es <\/strong><\/a>atualizado.<\/p><p>Com a<a href=\"https:\/\/advbox.com.br\/blog\/assista-demonstracao-advbox\/\" target=\"_blank\"><strong> plataforma certa para advocacia digital<\/strong><\/a> voc\u00ea consegue aproveitar ao m\u00e1ximo todos os recursos dispon\u00edveis para seu escrit\u00f3rio, como por exemplo o <a href=\"https:\/\/advbox.com.br\/blog\/o-que-e-crm-aumentar-clientes\/\" target=\"_blank\"><strong>uso de CRM<\/strong><\/a><strong>,<\/strong> que vai otimizar tempo e aumentar seus ganhos.<\/p><p class=\"has-black-color has-background-color-background-color has-text-color has-background\">E com apenas um \u00fanico membro da equipe pode atualizar ou alterar todos os modelos de pe\u00e7as processuais no sistema para todos os usu\u00e1rios da plataforma.<\/p><p>Baixe nosso ebook e melhore os resultados do seu escrit\u00f3rio utilizando todos os recursos dispon\u00edveis com <a href=\"https:\/\/advbox.com.br\/blog\/software-para-advogados-2\/\" target=\"_blank\"><strong>software jur\u00eddico ADVBOX.<\/strong><\/a><\/p><h2 class=\"wp-block-heading\">Div\u00f3rcio litigioso &#8211; revelia &#8211; r\u00e9plica novo CPC <\/h2><p>Excelent\u00edssimo Senhor Doutor Juiz de Direito da n\u00ba Vara de Fam\u00edlia e Sucess\u00f5es da Comarca de\u00a0 _________________<\/p><p>(espa\u00e7o de 10 linhas)<\/p><p>Autos do Processo n\u00ba<\/p><p>(espa\u00e7o de 10 linhas)<\/p><p>Nome completo do Requerente, j\u00e1 devidamente quali? Cado nos autos de n\u00b0 em ep\u00edgrafe, que move em face de Nome completo do Requerido, por seu advogado signat\u00e1rio, vem, respeitosamente, perante Vossa Excel\u00eancia apresentar R\u00c9PLICA \u00c0 CONTESTA\u00c7\u00c3O de fis. N\u00ba, nos seguintes termos:<\/p><p>Inicialmente, \u00e9 de se decretar a revelia do Requerido, vez que sua resposta foi apresentada fora do prazo. Denota-se que a juntada da carta precat\u00f3ria se deu aos dia, m\u00eas e ano, conforme certid\u00e3o de fis. N\u00ba. Com efeito, o prazo simples de defesa se expirou aos dia, m\u00eas e ano.<\/p><p>A Contesta\u00e7\u00e3o, por sua vez, foi apresentada aos dia, m\u00eas e ano, onde n\u00e3o foram suscitadas mat\u00e9rias preliminares.<\/p><p>Quanto ao m\u00e9rito, os fatos narrados ser\u00e3o oportunamente refutados no decorrer da instru\u00e7\u00e3o probat\u00f3ria, sendo o caso.<\/p><p>Pelo exposto, requer-se a decreta\u00e7\u00e3o da revelia, desentranhando-se a contesta\u00e7\u00e3o e os documentos que a acompanharam, restituindo-se ao signat\u00e1rio.<\/p><p>Contudo, pela natureza do direito, a revelia n\u00e3o vem acompanhada do efeito do art. 344 do C\u00f3digo de Processo Civil, raz\u00e3o pela qual requer-se o prosseguimento da a\u00e7\u00e3o, saneando-se o feito, e desde logo, designando-se audi\u00eancia de instru\u00e7\u00e3o e julgamento para a inquiri\u00e7\u00e3o das testemunhas arroladas e colheita de depoimento pessoal do Requerido.<\/p><p>Nestes termos,<\/p><p>Pede deferimento.<\/p><p>[Local] [data]<\/p><p>__________________________________<\/p><p>[Nome Advogado] &#8211; [OAB] [UF].<\/p>\n","protected":false},"excerpt":{"rendered":"<p>Confira abaixo o Div\u00f3rcio litigioso &#8211; revelia &#8211; r\u00e9plica novo CPC, e aproveite para conhecer a forma r\u00e1pida e \u00e1gil de manter seu banco de modelos de peti\u00e7\u00f5es atualizado. Com a plataforma certa para advocacia digital voc\u00ea consegue aproveitar ao m\u00e1ximo todos os recursos dispon\u00edveis para seu escrit\u00f3rio, como por [&hellip;]<\/p>\n","protected":false},"author":2,"featured_media":23649,"parent":0,"menu_order":0,"comment_status":"closed","ping_status":"closed","template":"","meta":{"_acf_changed":false,"om_disable_all_campaigns":false,"footnotes":""},"class_list":["post-23565","page","type-page","status-publish","has-post-thumbnail","hentry"],"acf":[],"yoast_head":"<!-- This site is optimized with the Yoast SEO plugin v26.9 - https:\/\/yoast.com\/product\/yoast-seo-wordpress\/ -->\n<title>Div\u00f3rcio litigioso novo CPC<\/title>\n<meta name=\"description\" content=\"Div\u00f3rcio litigioso novo CPC - Peti\u00e7\u00f5es, Artigos jur\u00eddicos, jurisprud\u00eancias no site da ADVBOX.\" \/>\n<meta name=\"robots\" content=\"index, follow, max-snippet:-1, max-image-preview:large, max-video-preview:-1\" \/>\n<link rel=\"canonical\" href=\"https:\/\/advbox.com.br\/blog\/familia-divorcio-litigioso-novo-cpc\/\" \/>\n<meta property=\"og:locale\" content=\"pt_BR\" \/>\n<meta property=\"og:type\" content=\"article\" \/>\n<meta property=\"og:title\" content=\"Div\u00f3rcio litigioso novo CPC\" \/>\n<meta property=\"og:description\" content=\"Div\u00f3rcio litigioso novo CPC - Peti\u00e7\u00f5es, Artigos jur\u00eddicos, jurisprud\u00eancias no site da ADVBOX.\" \/>\n<meta property=\"og:url\" content=\"https:\/\/advbox.com.br\/blog\/familia-divorcio-litigioso-novo-cpc\/\" \/>\n<meta property=\"og:site_name\" content=\"Software Jur\u00eddico Completo - ADVBOX\" \/>\n<meta property=\"article:publisher\" content=\"https:\/\/www.facebook.com\/advbox\/\" \/>\n<meta property=\"article:modified_time\" content=\"2024-10-15T12:47:46+00:00\" \/>\n<meta property=\"og:image\" content=\"https:\/\/advbox.com.br\/blog\/wp-content\/uploads\/2021\/02\/peticoes-10.jpg\" \/>\n\t<meta property=\"og:image:width\" content=\"626\" \/>\n\t<meta property=\"og:image:height\" content=\"417\" \/>\n\t<meta property=\"og:image:type\" content=\"image\/jpeg\" \/>\n<meta name=\"twitter:card\" content=\"summary_large_image\" \/>\n<meta name=\"twitter:site\" content=\"@advbox2\" \/>\n<script type=\"application\/ld+json\" class=\"yoast-schema-graph\">{\"@context\":\"https:\/\/schema.org\",\"@graph\":[{\"@type\":\"WebPage\",\"@id\":\"https:\/\/advbox.com.br\/blog\/familia-divorcio-litigioso-novo-cpc\/\",\"url\":\"https:\/\/advbox.com.br\/blog\/familia-divorcio-litigioso-novo-cpc\/\",\"name\":\"Div\u00f3rcio litigioso novo CPC\",\"isPartOf\":{\"@id\":\"https:\/\/advbox.com.br\/blog\/#website\"},\"primaryImageOfPage\":{\"@id\":\"https:\/\/advbox.com.br\/blog\/familia-divorcio-litigioso-novo-cpc\/#primaryimage\"},\"image\":{\"@id\":\"https:\/\/advbox.com.br\/blog\/familia-divorcio-litigioso-novo-cpc\/#primaryimage\"},\"thumbnailUrl\":\"https:\/\/advbox.com.br\/blog\/wp-content\/uploads\/2021\/02\/peticoes-10.jpg\",\"datePublished\":\"2021-02-14T17:46:22+00:00\",\"dateModified\":\"2024-10-15T12:47:46+00:00\",\"description\":\"Div\u00f3rcio litigioso novo CPC - Peti\u00e7\u00f5es, Artigos jur\u00eddicos, jurisprud\u00eancias no site da ADVBOX.\",\"breadcrumb\":{\"@id\":\"https:\/\/advbox.com.br\/blog\/familia-divorcio-litigioso-novo-cpc\/#breadcrumb\"},\"inLanguage\":\"pt-BR\",\"potentialAction\":[{\"@type\":\"ReadAction\",\"target\":[\"https:\/\/advbox.com.br\/blog\/familia-divorcio-litigioso-novo-cpc\/\"]}]},{\"@type\":\"ImageObject\",\"inLanguage\":\"pt-BR\",\"@id\":\"https:\/\/advbox.com.br\/blog\/familia-divorcio-litigioso-novo-cpc\/#primaryimage\",\"url\":\"https:\/\/advbox.com.br\/blog\/wp-content\/uploads\/2021\/02\/peticoes-10.jpg\",\"contentUrl\":\"https:\/\/advbox.com.br\/blog\/wp-content\/uploads\/2021\/02\/peticoes-10.jpg\",\"width\":626,\"height\":417,\"caption\":\"peti\u00e7\u00f5es advbox\"},{\"@type\":\"BreadcrumbList\",\"@id\":\"https:\/\/advbox.com.br\/blog\/familia-divorcio-litigioso-novo-cpc\/#breadcrumb\",\"itemListElement\":[{\"@type\":\"ListItem\",\"position\":1,\"name\":\"In\u00edcio\",\"item\":\"https:\/\/advbox.com.br\/blog\/\"},{\"@type\":\"ListItem\",\"position\":2,\"name\":\"Div\u00f3rcio litigioso novo CPC\"}]},{\"@type\":\"WebSite\",\"@id\":\"https:\/\/advbox.com.br\/blog\/#website\",\"url\":\"https:\/\/advbox.com.br\/blog\/\",\"name\":\"Software Jur\u00eddico Completo - ADVBOX\",\"description\":\"Plataforma para Advocacia Digital\",\"publisher\":{\"@id\":\"https:\/\/advbox.com.br\/blog\/#organization\"},\"potentialAction\":[{\"@type\":\"SearchAction\",\"target\":{\"@type\":\"EntryPoint\",\"urlTemplate\":\"https:\/\/advbox.com.br\/blog\/?s={search_term_string}\"},\"query-input\":{\"@type\":\"PropertyValueSpecification\",\"valueRequired\":true,\"valueName\":\"search_term_string\"}}],\"inLanguage\":\"pt-BR\"},{\"@type\":\"Organization\",\"@id\":\"https:\/\/advbox.com.br\/blog\/#organization\",\"name\":\"ADVBOX Blog - Software jur\u00eddico da advocacia digital\",\"url\":\"https:\/\/advbox.com.br\/blog\/\",\"logo\":{\"@type\":\"ImageObject\",\"inLanguage\":\"pt-BR\",\"@id\":\"https:\/\/advbox.com.br\/blog\/#\/schema\/logo\/image\/\",\"url\":\"https:\/\/advbox.com.br\/blog\/wp-content\/uploads\/2019\/12\/Como-aumentar-a-produtividade_.jpg\",\"contentUrl\":\"https:\/\/advbox.com.br\/blog\/wp-content\/uploads\/2019\/12\/Como-aumentar-a-produtividade_.jpg\",\"width\":320,\"height\":213,\"caption\":\"ADVBOX Blog - Software jur\u00eddico da advocacia digital\"},\"image\":{\"@id\":\"https:\/\/advbox.com.br\/blog\/#\/schema\/logo\/image\/\"},\"sameAs\":[\"https:\/\/www.facebook.com\/advbox\/\",\"https:\/\/x.com\/advbox2\"]}]}<\/script>\n<!-- \/ Yoast SEO plugin. -->","yoast_head_json":{"title":"Div\u00f3rcio litigioso novo CPC","description":"Div\u00f3rcio litigioso novo CPC - Peti\u00e7\u00f5es, Artigos jur\u00eddicos, jurisprud\u00eancias no site da ADVBOX.","robots":{"index":"index","follow":"follow","max-snippet":"max-snippet:-1","max-image-preview":"max-image-preview:large","max-video-preview":"max-video-preview:-1"},"canonical":"https:\/\/advbox.com.br\/blog\/familia-divorcio-litigioso-novo-cpc\/","og_locale":"pt_BR","og_type":"article","og_title":"Div\u00f3rcio litigioso novo CPC","og_description":"Div\u00f3rcio litigioso novo CPC - Peti\u00e7\u00f5es, Artigos jur\u00eddicos, jurisprud\u00eancias no site da ADVBOX.","og_url":"https:\/\/advbox.com.br\/blog\/familia-divorcio-litigioso-novo-cpc\/","og_site_name":"Software Jur\u00eddico Completo - ADVBOX","article_publisher":"https:\/\/www.facebook.com\/advbox\/","article_modified_time":"2024-10-15T12:47:46+00:00","og_image":[{"width":626,"height":417,"url":"https:\/\/advbox.com.br\/blog\/wp-content\/uploads\/2021\/02\/peticoes-10.jpg","type":"image\/jpeg"}],"twitter_card":"summary_large_image","twitter_site":"@advbox2","schema":{"@context":"https:\/\/schema.org","@graph":[{"@type":"WebPage","@id":"https:\/\/advbox.com.br\/blog\/familia-divorcio-litigioso-novo-cpc\/","url":"https:\/\/advbox.com.br\/blog\/familia-divorcio-litigioso-novo-cpc\/","name":"Div\u00f3rcio litigioso novo CPC","isPartOf":{"@id":"https:\/\/advbox.com.br\/blog\/#website"},"primaryImageOfPage":{"@id":"https:\/\/advbox.com.br\/blog\/familia-divorcio-litigioso-novo-cpc\/#primaryimage"},"image":{"@id":"https:\/\/advbox.com.br\/blog\/familia-divorcio-litigioso-novo-cpc\/#primaryimage"},"thumbnailUrl":"https:\/\/advbox.com.br\/blog\/wp-content\/uploads\/2021\/02\/peticoes-10.jpg","datePublished":"2021-02-14T17:46:22+00:00","dateModified":"2024-10-15T12:47:46+00:00","description":"Div\u00f3rcio litigioso novo CPC - Peti\u00e7\u00f5es, Artigos jur\u00eddicos, jurisprud\u00eancias no site da ADVBOX.","breadcrumb":{"@id":"https:\/\/advbox.com.br\/blog\/familia-divorcio-litigioso-novo-cpc\/#breadcrumb"},"inLanguage":"pt-BR","potentialAction":[{"@type":"ReadAction","target":["https:\/\/advbox.com.br\/blog\/familia-divorcio-litigioso-novo-cpc\/"]}]},{"@type":"ImageObject","inLanguage":"pt-BR","@id":"https:\/\/advbox.com.br\/blog\/familia-divorcio-litigioso-novo-cpc\/#primaryimage","url":"https:\/\/advbox.com.br\/blog\/wp-content\/uploads\/2021\/02\/peticoes-10.jpg","contentUrl":"https:\/\/advbox.com.br\/blog\/wp-content\/uploads\/2021\/02\/peticoes-10.jpg","width":626,"height":417,"caption":"peti\u00e7\u00f5es advbox"},{"@type":"BreadcrumbList","@id":"https:\/\/advbox.com.br\/blog\/familia-divorcio-litigioso-novo-cpc\/#breadcrumb","itemListElement":[{"@type":"ListItem","position":1,"name":"In\u00edcio","item":"https:\/\/advbox.com.br\/blog\/"},{"@type":"ListItem","position":2,"name":"Div\u00f3rcio litigioso novo CPC"}]},{"@type":"WebSite","@id":"https:\/\/advbox.com.br\/blog\/#website","url":"https:\/\/advbox.com.br\/blog\/","name":"Software Jur\u00eddico Completo - ADVBOX","description":"Plataforma para Advocacia Digital","publisher":{"@id":"https:\/\/advbox.com.br\/blog\/#organization"},"potentialAction":[{"@type":"SearchAction","target":{"@type":"EntryPoint","urlTemplate":"https:\/\/advbox.com.br\/blog\/?s={search_term_string}"},"query-input":{"@type":"PropertyValueSpecification","valueRequired":true,"valueName":"search_term_string"}}],"inLanguage":"pt-BR"},{"@type":"Organization","@id":"https:\/\/advbox.com.br\/blog\/#organization","name":"ADVBOX Blog - Software jur\u00eddico da advocacia digital","url":"https:\/\/advbox.com.br\/blog\/","logo":{"@type":"ImageObject","inLanguage":"pt-BR","@id":"https:\/\/advbox.com.br\/blog\/#\/schema\/logo\/image\/","url":"https:\/\/advbox.com.br\/blog\/wp-content\/uploads\/2019\/12\/Como-aumentar-a-produtividade_.jpg","contentUrl":"https:\/\/advbox.com.br\/blog\/wp-content\/uploads\/2019\/12\/Como-aumentar-a-produtividade_.jpg","width":320,"height":213,"caption":"ADVBOX Blog - Software jur\u00eddico da advocacia digital"},"image":{"@id":"https:\/\/advbox.com.br\/blog\/#\/schema\/logo\/image\/"},"sameAs":["https:\/\/www.facebook.com\/advbox\/","https:\/\/x.com\/advbox2"]}]}},"_links":{"self":[{"href":"https:\/\/advbox.com.br\/blog\/wp-json\/wp\/v2\/pages\/23565","targetHints":{"allow":["GET"]}}],"collection":[{"href":"https:\/\/advbox.com.br\/blog\/wp-json\/wp\/v2\/pages"}],"about":[{"href":"https:\/\/advbox.com.br\/blog\/wp-json\/wp\/v2\/types\/page"}],"author":[{"embeddable":true,"href":"https:\/\/advbox.com.br\/blog\/wp-json\/wp\/v2\/users\/2"}],"replies":[{"embeddable":true,"href":"https:\/\/advbox.com.br\/blog\/wp-json\/wp\/v2\/comments?post=23565"}],"version-history":[{"count":4,"href":"https:\/\/advbox.com.br\/blog\/wp-json\/wp\/v2\/pages\/23565\/revisions"}],"predecessor-version":[{"id":67929,"href":"https:\/\/advbox.com.br\/blog\/wp-json\/wp\/v2\/pages\/23565\/revisions\/67929"}],"wp:featuredmedia":[{"embeddable":true,"href":"https:\/\/advbox.com.br\/blog\/wp-json\/wp\/v2\/media\/23649"}],"wp:attachment":[{"href":"https:\/\/advbox.com.br\/blog\/wp-json\/wp\/v2\/media?parent=23565"}],"curies":[{"name":"wp","href":"https:\/\/api.w.org\/{rel}","templated":true}]}}