{"id":23572,"date":"2021-02-14T16:10:23","date_gmt":"2021-02-14T18:10:23","guid":{"rendered":"https:\/\/advbox.com.br\/blog\/?page_id=23572"},"modified":"2024-10-11T14:55:22","modified_gmt":"2024-10-11T17:55:22","slug":"familia-valores-de-pensao-alimenticia","status":"publish","type":"page","link":"https:\/\/advbox.com.br\/blog\/familia-valores-de-pensao-alimenticia\/","title":{"rendered":"Valores de pens\u00e3o aliment\u00edcia"},"content":{"rendered":"<p>Acesse o modelo de valores de pens\u00e3o aliment\u00edcia, execu\u00e7\u00e3o de alimentos &#8211; pris\u00e3o civil &#8211; cumprimento de senten\u00e7a &#8211; ART. 528 &#8211; novo CPC. <\/p><p>Escolha a<a href=\"https:\/\/advbox.com.br\/blog\/assista-demonstracao-advbox\/\" class=\"rank-math-link\" target=\"_blank\"> <strong>plataforma certa para advocacia digital<\/strong><\/a>, e aproveite ao m\u00e1ximo todos os recursos dispon\u00edveis para o seu escrit\u00f3rio, como, por exemplo,<a href=\"https:\/\/advbox.com.br\/blog\/o-que-e-crm-aumentar-clientes\/\" class=\"rank-math-link\" target=\"_blank\"> <strong>garantir qualidade<\/strong><\/a>, rapidez e efic\u00e1cia \u00e0s etapas do servi\u00e7o jur\u00eddico, melhorar os resultados do escrit\u00f3rio.<\/p><h2 class=\"wp-block-heading\">Modelo de valores de pens\u00e3o aliment\u00edcia<\/h2><h3 class=\"wp-block-heading\">Execu\u00e7\u00e3o de alimentos &#8211; pris\u00e3o civil &#8211; cumprimento de senten\u00e7a &#8211; ART. 528 &#8211; novo CPC<\/h3><p>EXCELENT\u00cdSSIMO SENHOR DOUTOR JUIZ DE DIREITO DA VARA DE FAM\u00cdLIA DA COMARCA _______<\/p><p>Pular 10 linhas<\/p><p>____________, brasileiro, menor imp\u00fabere, neste ato representado por sua m\u00e3e ____________, brasileira, divorciada, ____________, RG n\u00ba ____________, CPF n\u00ba ____________, residente e domiciliada \u00e0 Rua ____________, ____, CEP ______-___, ____________, ___, por seu procurador ao fim assinado, nos termos do incluso instrumento de mandato (Doc. 1), o qual recebe intima\u00e7\u00f5es \u00e0 Rua ____________, ____, s. ___, CEP ______-___, Fone\/Fax ____________, ____________, ___, vem, respeitosamente \u00e0 presen\u00e7a de V. Ex\u00aa, propor:<\/p><p>CUMPRIMENTO DE SENTEN\u00c7A NA A\u00c7\u00c3O DE ALIMENTOS, com fulcro nos arts. 528 e ss. Do CPC\/2015, contra:<\/p><p>\u00a0____________, brasileiro, divorciado, ____________, RG n\u00ba ____________, CPF n\u00ba ____________, residente e domiciliado \u00e0 Av. ____________, ____, CEP ______-___, , ____________, ___, de acordo com os fatos e fundamentos jur\u00eddicos que a seguir passa a expor:<\/p><p>DOS FATOS<\/p><p>Em audi\u00eancia de concilia\u00e7\u00e3o realizada na data de __\/__\/____ (processo n\u00ba ____________, A\u00e7\u00e3o de Alimentos, em tr\u00e2mite perante este MM. Ju\u00edzo), foi homologado acordo pelo qual o executado pagaria, a t\u00edtulo de pens\u00e3o aliment\u00edcia, a import\u00e2ncia correspondente a 30% de seus rendimentos, a ser descontada em sua folha de pagamento.<\/p><p>O valor relativo \u00e0 pens\u00e3o foi recebido por ______ meses. Por\u00e9m, a partir do m\u00eas de ____________ de ______, os exequentes n\u00e3o receberam mais as presta\u00e7\u00f5es devidas.\u00a0<\/p><p>O inadimplemento adveio do fato do executado ter se aposentado pela empresa ____________, na qual trabalhava h\u00e1 muitos anos, e cujo valor era descontado direto em sua folha de pagamento. Nessa condi\u00e7\u00e3o, apesar de passar a receber proventos de duas fontes, vale dizer, da Funda\u00e7\u00e3o da referida empresa, para a qual passou a laborar, e tamb\u00e9m do INSS, deixou de contribuir com a pens\u00e3o aliment\u00edcia.<\/p><p>Esgotadas todas as tentativas para receber o que lhe \u00e9 devido, n\u00e3o restou outra alternativa para o alimentando sen\u00e3o promover a presente execu\u00e7\u00e3o for\u00e7ada contra o alimentante.<\/p><p>Como as parcelas importavam em desconto de 30% do sal\u00e1rio do executado, requer-se a intima\u00e7\u00e3o da empresa ____________, por interm\u00e9dio de sua Funda\u00e7\u00e3o (\u00f3rg\u00e3o que passou a remuner\u00e1-lo ap\u00f3s sua aposentadoria), para que informe qual o valor recebido pelo executado em cada m\u00eas, a partir de ____________ de ______ at\u00e9 o corrente m\u00eas.<\/p><h3 class=\"wp-block-heading\">DO PEDIDO<\/h3><p>Diante do exposto, requer:<\/p><p>a) a intima\u00e7\u00e3o da empresa ____________, por interm\u00e9dio de sua Funda\u00e7\u00e3o, na Comarca de ____________, para que informe qual o valor percebido pelo executado em cada m\u00eas, a partir de ____________ de ____ at\u00e9 o corrente m\u00eas;<\/p><p>b) a cita\u00e7\u00e3o do Executado, no endere\u00e7o declinado, para que pague a import\u00e2ncia a ser discriminada ap\u00f3s a resposta da Funda\u00e7\u00e3o da empresa ___________, ou justifique a impossibilidade de faz\u00ea-lo;<\/p><p>c) seja decretada a pris\u00e3o civil do devedor caso n\u00e3o pague, ou n\u00e3o se escuse no prazo legal, de acordo com os valores relativos aos \u00faltimos tr\u00eas meses;<\/p><p>d) a produ\u00e7\u00e3o de todas as provas admitidas em direito;<\/p><p>Nestes termos,<\/p><p>Pede deferimento.<\/p><p>[Local] [data]<\/p><p>__________________________________<\/p><p>[Nome Advogado] &#8211; [OAB] [UF].<\/p><p><\/p>\n","protected":false},"excerpt":{"rendered":"<p>Acesse o modelo de valores de pens\u00e3o aliment\u00edcia, execu\u00e7\u00e3o de alimentos &#8211; pris\u00e3o civil &#8211; cumprimento de senten\u00e7a &#8211; ART. 528 &#8211; novo CPC. Escolha a plataforma certa para advocacia digital, e aproveite ao m\u00e1ximo todos os recursos dispon\u00edveis para o seu escrit\u00f3rio, como, por exemplo, garantir qualidade, rapidez e [&hellip;]<\/p>\n","protected":false},"author":2,"featured_media":23651,"parent":0,"menu_order":0,"comment_status":"closed","ping_status":"closed","template":"","meta":{"_acf_changed":false,"om_disable_all_campaigns":false,"footnotes":""},"class_list":["post-23572","page","type-page","status-publish","has-post-thumbnail","hentry"],"acf":[],"yoast_head":"<!-- This site is optimized with the Yoast SEO plugin v26.9 - https:\/\/yoast.com\/product\/yoast-seo-wordpress\/ -->\n<title>Valores de pens\u00e3o aliment\u00edcia<\/title>\n<meta name=\"description\" content=\"Valores de pens\u00e3o aliment\u00edcia - Peti\u00e7\u00f5es, Artigos jur\u00eddicos, jurisprud\u00eancias no site da ADVBOX.\" \/>\n<meta name=\"robots\" content=\"index, follow, max-snippet:-1, max-image-preview:large, max-video-preview:-1\" \/>\n<link rel=\"canonical\" href=\"https:\/\/advbox.com.br\/blog\/familia-valores-de-pensao-alimenticia\/\" \/>\n<meta property=\"og:locale\" content=\"pt_BR\" \/>\n<meta property=\"og:type\" content=\"article\" \/>\n<meta property=\"og:title\" content=\"Valores de pens\u00e3o aliment\u00edcia\" \/>\n<meta property=\"og:description\" content=\"Valores de pens\u00e3o aliment\u00edcia - Peti\u00e7\u00f5es, Artigos jur\u00eddicos, jurisprud\u00eancias no site da ADVBOX.\" \/>\n<meta property=\"og:url\" content=\"https:\/\/advbox.com.br\/blog\/familia-valores-de-pensao-alimenticia\/\" \/>\n<meta property=\"og:site_name\" content=\"Software Jur\u00eddico Completo - ADVBOX\" \/>\n<meta property=\"article:publisher\" content=\"https:\/\/www.facebook.com\/advbox\/\" \/>\n<meta property=\"article:modified_time\" content=\"2024-10-11T17:55:22+00:00\" \/>\n<meta property=\"og:image\" content=\"https:\/\/advbox.com.br\/blog\/wp-content\/uploads\/2021\/02\/peticoes-12.jpg\" \/>\n\t<meta property=\"og:image:width\" content=\"626\" \/>\n\t<meta property=\"og:image:height\" content=\"411\" \/>\n\t<meta property=\"og:image:type\" content=\"image\/jpeg\" \/>\n<meta name=\"twitter:card\" content=\"summary_large_image\" \/>\n<meta name=\"twitter:site\" content=\"@advbox2\" \/>\n<script type=\"application\/ld+json\" class=\"yoast-schema-graph\">{\"@context\":\"https:\/\/schema.org\",\"@graph\":[{\"@type\":\"WebPage\",\"@id\":\"https:\/\/advbox.com.br\/blog\/familia-valores-de-pensao-alimenticia\/\",\"url\":\"https:\/\/advbox.com.br\/blog\/familia-valores-de-pensao-alimenticia\/\",\"name\":\"Valores de pens\u00e3o aliment\u00edcia\",\"isPartOf\":{\"@id\":\"https:\/\/advbox.com.br\/blog\/#website\"},\"primaryImageOfPage\":{\"@id\":\"https:\/\/advbox.com.br\/blog\/familia-valores-de-pensao-alimenticia\/#primaryimage\"},\"image\":{\"@id\":\"https:\/\/advbox.com.br\/blog\/familia-valores-de-pensao-alimenticia\/#primaryimage\"},\"thumbnailUrl\":\"https:\/\/advbox.com.br\/blog\/wp-content\/uploads\/2021\/02\/peticoes-12.jpg\",\"datePublished\":\"2021-02-14T18:10:23+00:00\",\"dateModified\":\"2024-10-11T17:55:22+00:00\",\"description\":\"Valores de pens\u00e3o aliment\u00edcia - Peti\u00e7\u00f5es, Artigos jur\u00eddicos, jurisprud\u00eancias no site da ADVBOX.\",\"breadcrumb\":{\"@id\":\"https:\/\/advbox.com.br\/blog\/familia-valores-de-pensao-alimenticia\/#breadcrumb\"},\"inLanguage\":\"pt-BR\",\"potentialAction\":[{\"@type\":\"ReadAction\",\"target\":[\"https:\/\/advbox.com.br\/blog\/familia-valores-de-pensao-alimenticia\/\"]}]},{\"@type\":\"ImageObject\",\"inLanguage\":\"pt-BR\",\"@id\":\"https:\/\/advbox.com.br\/blog\/familia-valores-de-pensao-alimenticia\/#primaryimage\",\"url\":\"https:\/\/advbox.com.br\/blog\/wp-content\/uploads\/2021\/02\/peticoes-12.jpg\",\"contentUrl\":\"https:\/\/advbox.com.br\/blog\/wp-content\/uploads\/2021\/02\/peticoes-12.jpg\",\"width\":626,\"height\":411,\"caption\":\"peti\u00e7\u00f5es\"},{\"@type\":\"BreadcrumbList\",\"@id\":\"https:\/\/advbox.com.br\/blog\/familia-valores-de-pensao-alimenticia\/#breadcrumb\",\"itemListElement\":[{\"@type\":\"ListItem\",\"position\":1,\"name\":\"In\u00edcio\",\"item\":\"https:\/\/advbox.com.br\/blog\/\"},{\"@type\":\"ListItem\",\"position\":2,\"name\":\"Valores de pens\u00e3o aliment\u00edcia\"}]},{\"@type\":\"WebSite\",\"@id\":\"https:\/\/advbox.com.br\/blog\/#website\",\"url\":\"https:\/\/advbox.com.br\/blog\/\",\"name\":\"Software Jur\u00eddico Completo - ADVBOX\",\"description\":\"Plataforma para Advocacia Digital\",\"publisher\":{\"@id\":\"https:\/\/advbox.com.br\/blog\/#organization\"},\"potentialAction\":[{\"@type\":\"SearchAction\",\"target\":{\"@type\":\"EntryPoint\",\"urlTemplate\":\"https:\/\/advbox.com.br\/blog\/?s={search_term_string}\"},\"query-input\":{\"@type\":\"PropertyValueSpecification\",\"valueRequired\":true,\"valueName\":\"search_term_string\"}}],\"inLanguage\":\"pt-BR\"},{\"@type\":\"Organization\",\"@id\":\"https:\/\/advbox.com.br\/blog\/#organization\",\"name\":\"ADVBOX Blog - Software jur\u00eddico da advocacia digital\",\"url\":\"https:\/\/advbox.com.br\/blog\/\",\"logo\":{\"@type\":\"ImageObject\",\"inLanguage\":\"pt-BR\",\"@id\":\"https:\/\/advbox.com.br\/blog\/#\/schema\/logo\/image\/\",\"url\":\"https:\/\/advbox.com.br\/blog\/wp-content\/uploads\/2019\/12\/Como-aumentar-a-produtividade_.jpg\",\"contentUrl\":\"https:\/\/advbox.com.br\/blog\/wp-content\/uploads\/2019\/12\/Como-aumentar-a-produtividade_.jpg\",\"width\":320,\"height\":213,\"caption\":\"ADVBOX Blog - Software jur\u00eddico da advocacia digital\"},\"image\":{\"@id\":\"https:\/\/advbox.com.br\/blog\/#\/schema\/logo\/image\/\"},\"sameAs\":[\"https:\/\/www.facebook.com\/advbox\/\",\"https:\/\/x.com\/advbox2\"]}]}<\/script>\n<!-- \/ Yoast SEO plugin. -->","yoast_head_json":{"title":"Valores de pens\u00e3o aliment\u00edcia","description":"Valores de pens\u00e3o aliment\u00edcia - Peti\u00e7\u00f5es, Artigos jur\u00eddicos, jurisprud\u00eancias no site da ADVBOX.","robots":{"index":"index","follow":"follow","max-snippet":"max-snippet:-1","max-image-preview":"max-image-preview:large","max-video-preview":"max-video-preview:-1"},"canonical":"https:\/\/advbox.com.br\/blog\/familia-valores-de-pensao-alimenticia\/","og_locale":"pt_BR","og_type":"article","og_title":"Valores de pens\u00e3o aliment\u00edcia","og_description":"Valores de pens\u00e3o aliment\u00edcia - Peti\u00e7\u00f5es, Artigos jur\u00eddicos, jurisprud\u00eancias no site da ADVBOX.","og_url":"https:\/\/advbox.com.br\/blog\/familia-valores-de-pensao-alimenticia\/","og_site_name":"Software Jur\u00eddico Completo - ADVBOX","article_publisher":"https:\/\/www.facebook.com\/advbox\/","article_modified_time":"2024-10-11T17:55:22+00:00","og_image":[{"width":626,"height":411,"url":"https:\/\/advbox.com.br\/blog\/wp-content\/uploads\/2021\/02\/peticoes-12.jpg","type":"image\/jpeg"}],"twitter_card":"summary_large_image","twitter_site":"@advbox2","schema":{"@context":"https:\/\/schema.org","@graph":[{"@type":"WebPage","@id":"https:\/\/advbox.com.br\/blog\/familia-valores-de-pensao-alimenticia\/","url":"https:\/\/advbox.com.br\/blog\/familia-valores-de-pensao-alimenticia\/","name":"Valores de pens\u00e3o aliment\u00edcia","isPartOf":{"@id":"https:\/\/advbox.com.br\/blog\/#website"},"primaryImageOfPage":{"@id":"https:\/\/advbox.com.br\/blog\/familia-valores-de-pensao-alimenticia\/#primaryimage"},"image":{"@id":"https:\/\/advbox.com.br\/blog\/familia-valores-de-pensao-alimenticia\/#primaryimage"},"thumbnailUrl":"https:\/\/advbox.com.br\/blog\/wp-content\/uploads\/2021\/02\/peticoes-12.jpg","datePublished":"2021-02-14T18:10:23+00:00","dateModified":"2024-10-11T17:55:22+00:00","description":"Valores de pens\u00e3o aliment\u00edcia - Peti\u00e7\u00f5es, Artigos jur\u00eddicos, jurisprud\u00eancias no site da ADVBOX.","breadcrumb":{"@id":"https:\/\/advbox.com.br\/blog\/familia-valores-de-pensao-alimenticia\/#breadcrumb"},"inLanguage":"pt-BR","potentialAction":[{"@type":"ReadAction","target":["https:\/\/advbox.com.br\/blog\/familia-valores-de-pensao-alimenticia\/"]}]},{"@type":"ImageObject","inLanguage":"pt-BR","@id":"https:\/\/advbox.com.br\/blog\/familia-valores-de-pensao-alimenticia\/#primaryimage","url":"https:\/\/advbox.com.br\/blog\/wp-content\/uploads\/2021\/02\/peticoes-12.jpg","contentUrl":"https:\/\/advbox.com.br\/blog\/wp-content\/uploads\/2021\/02\/peticoes-12.jpg","width":626,"height":411,"caption":"peti\u00e7\u00f5es"},{"@type":"BreadcrumbList","@id":"https:\/\/advbox.com.br\/blog\/familia-valores-de-pensao-alimenticia\/#breadcrumb","itemListElement":[{"@type":"ListItem","position":1,"name":"In\u00edcio","item":"https:\/\/advbox.com.br\/blog\/"},{"@type":"ListItem","position":2,"name":"Valores de pens\u00e3o aliment\u00edcia"}]},{"@type":"WebSite","@id":"https:\/\/advbox.com.br\/blog\/#website","url":"https:\/\/advbox.com.br\/blog\/","name":"Software Jur\u00eddico Completo - ADVBOX","description":"Plataforma para Advocacia Digital","publisher":{"@id":"https:\/\/advbox.com.br\/blog\/#organization"},"potentialAction":[{"@type":"SearchAction","target":{"@type":"EntryPoint","urlTemplate":"https:\/\/advbox.com.br\/blog\/?s={search_term_string}"},"query-input":{"@type":"PropertyValueSpecification","valueRequired":true,"valueName":"search_term_string"}}],"inLanguage":"pt-BR"},{"@type":"Organization","@id":"https:\/\/advbox.com.br\/blog\/#organization","name":"ADVBOX Blog - Software jur\u00eddico da advocacia digital","url":"https:\/\/advbox.com.br\/blog\/","logo":{"@type":"ImageObject","inLanguage":"pt-BR","@id":"https:\/\/advbox.com.br\/blog\/#\/schema\/logo\/image\/","url":"https:\/\/advbox.com.br\/blog\/wp-content\/uploads\/2019\/12\/Como-aumentar-a-produtividade_.jpg","contentUrl":"https:\/\/advbox.com.br\/blog\/wp-content\/uploads\/2019\/12\/Como-aumentar-a-produtividade_.jpg","width":320,"height":213,"caption":"ADVBOX Blog - Software jur\u00eddico da advocacia digital"},"image":{"@id":"https:\/\/advbox.com.br\/blog\/#\/schema\/logo\/image\/"},"sameAs":["https:\/\/www.facebook.com\/advbox\/","https:\/\/x.com\/advbox2"]}]}},"_links":{"self":[{"href":"https:\/\/advbox.com.br\/blog\/wp-json\/wp\/v2\/pages\/23572","targetHints":{"allow":["GET"]}}],"collection":[{"href":"https:\/\/advbox.com.br\/blog\/wp-json\/wp\/v2\/pages"}],"about":[{"href":"https:\/\/advbox.com.br\/blog\/wp-json\/wp\/v2\/types\/page"}],"author":[{"embeddable":true,"href":"https:\/\/advbox.com.br\/blog\/wp-json\/wp\/v2\/users\/2"}],"replies":[{"embeddable":true,"href":"https:\/\/advbox.com.br\/blog\/wp-json\/wp\/v2\/comments?post=23572"}],"version-history":[{"count":4,"href":"https:\/\/advbox.com.br\/blog\/wp-json\/wp\/v2\/pages\/23572\/revisions"}],"predecessor-version":[{"id":67723,"href":"https:\/\/advbox.com.br\/blog\/wp-json\/wp\/v2\/pages\/23572\/revisions\/67723"}],"wp:featuredmedia":[{"embeddable":true,"href":"https:\/\/advbox.com.br\/blog\/wp-json\/wp\/v2\/media\/23651"}],"wp:attachment":[{"href":"https:\/\/advbox.com.br\/blog\/wp-json\/wp\/v2\/media?parent=23572"}],"curies":[{"name":"wp","href":"https:\/\/api.w.org\/{rel}","templated":true}]}}