{"id":23921,"date":"2021-02-18T23:30:02","date_gmt":"2021-02-19T01:30:02","guid":{"rendered":"https:\/\/advbox.com.br\/blog\/?page_id=23921"},"modified":"2024-10-11T14:59:48","modified_gmt":"2024-10-11T17:59:48","slug":"imobiliario-contrato-de-locacao-de-imovel","status":"publish","type":"page","link":"https:\/\/advbox.com.br\/blog\/imobiliario-contrato-de-locacao-de-imovel\/","title":{"rendered":"Contrato de loca\u00e7\u00e3o de im\u00f3vel"},"content":{"rendered":"\n<p>Baixe o modelo de contrato de loca\u00e7\u00e3o de im\u00f3vel com garantia de cau\u00e7\u00e3o, e saiba como todo bom advogado consegue manter seu<a href=\"https:\/\/advbox.com.br\/blog\/como-automatizar-seus-modelos-de-peticoes\/\" target=\"_blank\"> <strong>banco de modelos de peti\u00e7\u00f5es<\/strong><\/a> organizado, de forma que atenda todas as especificidades dos diferentes processos no dia a dia do trabalho jur\u00eddico.<\/p>\n\n\n\n<p>Para voc\u00ea n\u00e3o ficar de fora dessa<a href=\"https:\/\/advbox.com.br\/blog\/controladoria-juridica\/\" target=\"_blank\"><strong> tend\u00eancia altamente lucrativa para a advocacia atual,<\/strong><\/a><strong> <\/strong>separei esse ebook que ir\u00e1 ajudar a entender todos os recursos dispon\u00edveis para seu escrit\u00f3rio.<\/p>\n\n\n\n\n\n<h2 class=\"wp-block-heading\">Contrato de loca\u00e7\u00e3o de imoveis (Com garantia de cau\u00e7\u00e3o)&nbsp;<\/h2>\n\n\n\n<figure class=\"wp-block-table is-style-stripes\"><table><tbody><tr><td><\/td><td>&nbsp;<\/td><td>&nbsp;<\/td><\/tr><tr><td>&nbsp;<\/td><td>&nbsp;QUADRO RESUMO: DE ELEMENTOS VARI\u00c1VEISITEM 1 : LOCADOR(A)(S)<br>Nome:<br>Nacionalidade:<br>Estado Civil:<br>Profiss\u00e3o:<br>RG: n.\u00ba&#8230;&#8230;&#8230;&#8230;&#8230;&#8230;&#8230;&#8230;&#8230;&#8230;&#8230;&#8230;&#8230;. CPF\/MF n.\u00ba<br>Endere\u00e7o:ITEM 2: LOCAT\u00c1RIO (A)(S)<br>Nome:<br>Nacionalidade:<br>Estado Civil:<br>Profiss\u00e3o:<br>RG: n.\u00ba CPF n.\u00ba<br>Endere\u00e7o:-AITEM 3: DA GARANTIA LOCAT\u00cdCIA: Cau\u00e7\u00e3o de Im\u00f3vel &#8211; art. 38, \u00a7 1.\u00ba da Lei 8.285\/91 &#8211; (Cl\u00e1usula 16)CAUCIONANTES:<br>Nome: 1 &#8211;<br>Nacionalidade:<br>Estado Civil:<br>Profiss\u00e3o:<br>RG: n.\u00ba CPF n.\u00baNome: 2 &#8211;<br>Nacionalidade:<br>Profiss\u00e3o:<br>RG: n.\u00ba CPF n.\u00ba<br>Endere\u00e7o:ITEM 8: IM\u00d3VEL<br>Localiza\u00e7\u00e3o:<br>Descri\u00e7\u00e3o:<br>Destina\u00e7\u00e3o:ITEM 5: DURA\u00c7\u00c3O DO CONTRATO<br>Prazo:<br>In\u00edcio:<br>T\u00e9rmino:ITEM 6: VALORES:<br>Aluguel mensal: R$&#8230;&#8230;&#8230;&#8230;&#8230;&#8230;.mais condom\u00ednio e rateio de seguro, \u00e1gua, luz, IPTU e manuten\u00e7\u00e3o.<br>Periodicidade de reajuste:<br>\u00cdndice de corre\u00e7\u00e3o:ITEM 7: PAGAMENTO<br>Data: at\u00e9 o dia&#8230;&#8230;&#8230;&#8230;.<br>Modo:&nbsp;<br>I -PARTES CONTRATANTES:&nbsp;Por este instrumento particular, de um lado, como LOCADOR(A) qualificado no item 1 do quadro resumo acima e que faz parte integrante do presente contrato e de outro lado, como LOCAT\u00c1RIO (A) (S) qualificada no Item 2 do quadro resumo, t\u00eam entre si, por justo e combinado, o presente contrato de loca\u00e7\u00e3o, mediante as cl\u00e1usulas e condi\u00e7\u00f5es seguintes:II &#8211; IM\u00d3VEL LOCADO: O(A) LOCADOR(A) \u00e9 Senhor e leg\u00edtimo possuidor do im\u00f3vel cuja descri\u00e7\u00e3o e localiza\u00e7\u00e3o \u00e9 definida no item 8 do quadro resumo.III &#8211; CL\u00c1USULAS CONTRATUAIS:&nbsp;<br>CAP\u00cdTULO PRIMEIRO &#8211; DO ALUGUEL, ENCARGOS E SEUS PAGAMENTOS:&nbsp;CL\u00c1USULA 1.\u00aa &#8211; Por este instrumento particular e na melhor forma de direito o LOCADOR(A), loca, como de fato locado tem ao (\u00e0) (s) LOCAT\u00c1RIO (A) (S) esse im\u00f3vel, pelo prazo, in\u00edcio e t\u00e9rmino definidos no item 5 do quadro resumo.CL\u00c1USULA 2.\u00aa &#8211; O valor do aluguel e encargos do im\u00f3vel ora locado \u00e9 aquele definido no item 6 do quadro resumo.Par\u00e1grafo 1.\u00ba &#8211; O aluguel dever\u00e1 ser pago a quem o LOCADOR(A), indicar, ou mediante dep\u00f3sito em conta corrente banc\u00e1ria, conforme disposto no item 7 do quadro resumo, at\u00e9 o dia ali referido.&nbsp;Par\u00e1grafo 2.\u00ba &#8211; O valor do aluguel ser\u00e1 corrigido monetariamente. O \u00edndice de corre\u00e7\u00e3o e a periodicidade dos reajustes est\u00e3o definidos no item 6 do quadro resumo.Par\u00e1grafo 3.\u00ba &#8211; Na hip\u00f3tese de congelamento geral de pre\u00e7os, que inclua o dos alugu\u00e9is, t\u00e3o logo termine o referido congelamento, o (a) (s) LOCAT\u00c1RIO (A) (S) compromete(m)-se a atualizar o valor locat\u00edcio, de acordo com o \u00edndice que vinha sendo utilizado \u00e0 \u00e9poca do congelamento.CL\u00c1USULA 3.\u00aa- A falta de pagamento do aluguel mensal e dos encargos previstos no item 6 deste contrato, dentro das Datas fixadas, acarretar\u00e1 a aplica\u00e7\u00e3o de uma multa morat\u00f3ria equivalente a 10% (dez por cento) sobre o valor do d\u00e9bito devidamente atualizado desde a Data do vencimento, pela varia\u00e7\u00e3o do \u00edndice mencionado no item 6 do quadro resumo.Par\u00e1grafo \u00fanico &#8211; Sobre o d\u00e9bito atualizado, referido no par\u00e1grafo anterior, proveniente de atraso no pagamento de alugu\u00e9is e encargos, incidir\u00e3o:&nbsp;a) Juros de mora de acordo com a taxa SELIC do Banco Central, segundo a taxa que estiver em vigor para a mora do pagamento de impostos \u00e0 Fazenda Nacional, conforme disp\u00f5e o art. 806 do C\u00f3digo Civil; no caso de ser revogada esta disposi\u00e7\u00e3o, ser\u00e3o cobrados os juros de mora de 1% (um por cento) ao m\u00eas.&nbsp;b) &#8211; corre\u00e7\u00e3o monet\u00e1ria.&nbsp;d) Em qualquer procedimento judicial a que o (a) (s) LOCAT\u00c1RIO (A) (S) der causa, correr\u00e3o por sua conta, al\u00e9m do principal, todas as custas e despesas oriundas dessa medida, al\u00e9m dos honor\u00e1rios de advogados \u00e0 raz\u00e3o de 20% (vinte por cento); esta porcentagem de honor\u00e1rios ser\u00e1 reduzida para 10% (dez por cento) se os valores reclamados forem liquidados extrajudicialmente no escrit\u00f3rio da Administradora ou de seus mandat\u00e1rios, conforme autoriza\u00e7\u00e3o insculpida no art. 389 e 395 do C\u00f3digo Civil.&nbsp;CAP\u00cdTULO SEGUNDO &#8211; DO DESTINO DO IM\u00d3VEL E SUA CONSERVA\u00c7\u00c3O:&nbsp;CL\u00c1USULA 8.\u00aa- A presente loca\u00e7\u00e3o destina-se a LOCA\u00c7\u00c3O N\u00c3O RESIDENCIAL ou (RESIDENCIAL) constituindo grave infra\u00e7\u00e3o legal e contratual o seu desvirtuamento, bem como a mudan\u00e7a do ramo de neg\u00f3cio e\/ ou a destina\u00e7\u00e3o da loca\u00e7\u00e3o.CL\u00c1USULA 5.\u00aa &#8211; O (A) (S) LOCAT\u00c1RIO (A) (S) declara haver vistoriado o im\u00f3vel, recebendo-o, neste ato, em perfeito estado de conserva\u00e7\u00e3o, funcionamento e limpeza, no estado em que se encontra, em especial as instala\u00e7\u00f5es el\u00e9tricas, hidr\u00e1ulicas e sanit\u00e1rias.&nbsp;CL\u00c1USULA 6.\u00aa &#8211; Fica o(a) LOCADOR(A), por si ou por seus prepostos, autorizado a vistoriar o im\u00f3vel sempre que achar conveniente, dentro do hor\u00e1rio normal de funcionamento dos neg\u00f3cios do(a)(s) LOCAT\u00c1RIO (A) (S), bem como a exib\u00ed-lo a interessados, no caso de querer vend\u00ea-lo, respeitado o direito de prefer\u00eancia de lei.&nbsp;CL\u00c1USULA 7.\u00aa &#8211; Se o(a) LOCADOR(A), pela vistoria que fizer no im\u00f3vel, encontrar qualquer defeito ou estrago no mesmo, poder\u00e1 intimar o (a) (s) LOCAT\u00c1RIO (A) (S) para que execute(m) os reparos necess\u00e1rios dentro de dez dias, sob pena de mandar execut\u00e1-los, sendo que, se o (a) (s) LOCAT\u00c1RIO (A) (S) n\u00e3o proceder(em), em quarenta e oito horas, ao reembolso das despesas efetuadas, ser\u00e1 aXXXXXXXXXXXXada a cab\u00edvel a\u00e7\u00e3o de despejo por falta de pagamento.&nbsp;CL\u00c1USULA 8.\u00aa &#8211; O (A) (S) LOCAT\u00c1RIO (A) (S) poder\u00e1(\u00e3o) introduzir benfeitorias no im\u00f3vel relacionada com o seu ramo de atividade, desde que observadas as exig\u00eancias das autoridades competentes e a legisla\u00e7\u00e3o em vigor, arcando com todos os impostos, taxas, contribui\u00e7\u00f5es previdenci\u00e1rias e demais despesas correlatas, devidas pela reforma ou benfeitorias introduzidas.Par\u00e1grafo \u00fanico &#8211; Todas as reformas, benfeitorias ou constru\u00e7\u00f5es introduzidas no im\u00f3vel locado ficar\u00e3o integradas no im\u00f3vel, sejam elas necess\u00e1rias, \u00fateis ou voluptu\u00e1rias, sem que tenha o (a) (s) LOCAT\u00c1RIO (A) (S) qualquer direito a reten\u00e7\u00e3o, restitui\u00e7\u00e3o, indeniza\u00e7\u00e3o, devolu\u00e7\u00e3o ou pagamento.CAP\u00cdTULO TERCEIRO &#8211; DA CESS\u00c3O, RESCIS\u00c3O, RESOLU\u00c7\u00c3O OU RESILI\u00c7\u00c3O DESTE CONTRATOCL\u00c1USULA 9.\u00aa &#8211; A presente loca\u00e7\u00e3o n\u00e3o poder\u00e1 ser cedida ou transferida a terceiros, no todo ou em parte, inadmitindo-se a subloca\u00e7\u00e3o, a cess\u00e3o ou o empr\u00e9stimo de qualquer espa\u00e7o, \u00e1rea ou depend\u00eancia do im\u00f3vel, sem o expresso consentimento do(a) LOCADOR(A).&nbsp;CL\u00c1USULA 10- A parte que infringir qualquer das cl\u00e1usulas deste contrato incorrer\u00e1 em multa desde j\u00e1 estipulada em valor equivalente a tr\u00eas alugu\u00e9is vigentes na \u00e9poca da infra\u00e7\u00e3o, ressalvada \u00e0 parte inocente o direito de, simultaneamente, poder considerar rescindida a loca\u00e7\u00e3o, independentemente de quaisquer formalidades judiciais ou extrajudiciais.&nbsp;CL\u00c1USULA 11 &#8211; Rescindir-se-\u00e1 a presente loca\u00e7\u00e3o, de pleno direito,se o im\u00f3vel vier a sofrer dano estrutural que exija a desocupa\u00e7\u00e3o, por imposi\u00e7\u00e3o do Poder P\u00fablico, sem qualquer direito do(a)(s) LOCAT\u00c1RIO (A) (S) \u00e0 indeniza\u00e7\u00e3o.CL\u00c1USULA 12 &#8211; Quando da desocupa\u00e7\u00e3o do im\u00f3vel, o ato dever\u00e1 ser comunicado por escrito, sob pena de responder a LOCAT\u00c1RIA pelos valores locativos referentes ao per\u00edodo decorrido at\u00e9 o dia em que o im\u00f3vel chegue \u00e0 efetiva disponibilidade f\u00edsica do(a) LOCADOR(A), sendo que a entrega das chaves dever\u00e1 ser precedida da imprescind\u00edvel vistoria e acompanhada de documentos comprobat\u00f3rios da quita\u00e7\u00e3o das contas incidentes sobre o im\u00f3vel.&nbsp;Par\u00e1grafo \u00fanico &#8211; Se a desocupa\u00e7\u00e3o ocorrer em per\u00edodo de prorroga\u00e7\u00e3o por tempo indeterminado,a LOCAT\u00c1RIA dever\u00e1 cientificar por escrito o (a) LOCADOR(A), com anteced\u00eancia de trinta dias, sob pena de incidir na responsabilidade de pagar mais um m\u00eas de aluguel, consoante disp\u00f5e a lei.&nbsp;CL\u00c1USULA 13 &#8211; Se o im\u00f3vel vier a ser devolvido com danos, o (a) (s) LOCAT\u00c1RIO (A) (S) responder\u00e3o pelas despesas efetuadas para reconduzir o im\u00f3vel ao estado em que se encontrava no in\u00edcio da loca\u00e7\u00e3o.Par\u00e1grafo \u00fanico &#8211; O (A) (S) LOCAT\u00c1RIO (A) (S) responder\u00e1 (\u00e3o) ainda pelo valor do aluguel correspondente ao tempo de dura\u00e7\u00e3o da indisponibilidade do uso do im\u00f3vel decorrente da coleta de pre\u00e7os e da realiza\u00e7\u00e3o das obras de pintura e repara\u00e7\u00e3o.CL\u00c1USULA 18 &#8211; Nenhuma intima\u00e7\u00e3o dos Poderes p\u00fablicos ser\u00e1 motivo para que o (a) (s) LOCAT\u00c1RIO (A) (S) denuncie este contrato, salvo pr\u00e9via vistoria judicial que comprove estar o im\u00f3vel amea\u00e7ado de ru\u00edna ou perigo iminente.&nbsp;CL\u00c1USULA 15 &#8211; No caso de desapropria\u00e7\u00e3o do im\u00f3vel objeto do presente contrato, ficar\u00e3o o (a) LOCADOR(A), seus administradores e procuradores exonerados de toda e qualquer responsabilidade decorrente do mesmo, ressalvada ao (\u00e0) (s) LOCAT\u00c1RIO (A) (S), evidentemente, a faculdade de agir t\u00e3o somente contra o poder expropriante.&nbsp;CL\u00c1USULA 16 &#8211; Como garantia bastante da loca\u00e7\u00e3o, as partes elegem nos termos do art. 38, \u00a7 1.\u00ba \u201cin fine\u201d da Lei 8.285\/91 a cau\u00e7\u00e3o de um im\u00f3vel (descri\u00e7\u00e3o&#8230;&#8230;&#8230;&#8230;&#8230;&#8230;&#8230;&#8230;&#8230;&#8230;&#8230;&#8230;&#8230;&#8230;&#8230;.) Registrado no Cart\u00f3rio de Im\u00f3veis&#8230;&#8230;&#8230; im\u00f3vel este situado \u00e0 &#8230;&#8230;&#8230;&#8230;&#8230;&#8230;&#8230;&#8230;&#8230;&#8230;&#8230;&#8230;&#8230;&#8230;&#8230;&#8230;&#8230;.- pertencente a fulano de tal&#8230;&#8230;&#8230;&#8230;.. e fulana de tal,&#8230;&#8230;&#8230;&#8230;&#8230;. abaixo assinados e qualificados no item 3 do Quadro Resumo, os quais d\u00e3o o im\u00f3vel acima descrito para garantir as obriga\u00e7\u00f5es do presente contrato.Obs: A cau\u00e7\u00e3o pode ser dada pelo pr\u00f3prio locat\u00e1rio ou por terceiro.CAP\u00cdTULO SEXTO &#8211; DISPOSI\u00c7\u00d5ES FINAIS:CL\u00c1USULA 17 &#8211; Consoante disp\u00f5e o inciso IV do artigo 58 da Lei 8.285, de 18.10.91, ficam autorizadas pela LOCAT\u00c1RIA as cita\u00e7\u00f5es, intima\u00e7\u00f5es ou notifica\u00e7\u00f5es mediante correspond\u00eancia, com aviso de recebimento.&nbsp;Par\u00e1grafo \u00fanico &#8211; Ainda nos termos da referida norma, caso o (a) (s) LOCAT\u00c1RIO (A) (S) seja pessoa juridica, ficam autorizadas as cita\u00e7\u00f5es, intima\u00e7\u00f5es ou notifica\u00e7\u00f5es por meio de fac-simile, e-mail, ou telex.&nbsp;CL\u00c1USULA 18 &#8211; No prazo de 15 (quinze) dias \u00fateis a contar da Data da assinatura deste contrato, o (a) (s) LOCAT\u00c1RIO (A) (S) dever\u00e1 acusar, por escrito e sob protocolo, quaisquer defeitos n\u00e3o relacionados no termo de vistoria para a entrega inicial das chaves ao inquilino.&nbsp;Par\u00e1grafo \u00fanico: Fica, assim, expressamente ajustado que ser\u00e3o indenizados pelo (a) (s) LOCAT\u00c1RIO (A) (S) os eventuais danos existentes por ocasi\u00e3o da entrega das chaves que n\u00e3o constarem do referido termo de vistoria.CL\u00c1USULA 19 &#8211; As partes autorizam, desde j\u00e1, a averba\u00e7\u00e3o da cau\u00e7\u00e3o, constante da cl\u00e1usula 16, determinada pelo art. 38, \u00a7 1.\u00ba da Lei 8.285\/91, bem como de outras averba\u00e7\u00f5es e registros que se fizerem necess\u00e1rias.&nbsp;CL\u00c1USULA 20 &#8211; Fica eleito o Foro da comarca de &#8230;&#8230;&#8230;&#8230;&#8230;&#8230;.., para nele serem dirimidas quaisquer d\u00favidas e para a propositura de quaisquer a\u00e7\u00f5es oriundas do presente contrato.E por estarem assim justos e contratados, as partes assinam e rubricam o presente contrato, em tr\u00eas vias de igual teor e forma, na presen\u00e7a das testemunhas abaixo arroladas.&nbsp;LOCAL\/Data<br>LOCADOR(A) :&#8230;&#8230;&#8230;&#8230;&#8230;&#8230;&#8230;&#8230;&#8230;&#8230;&#8230;&#8230;&#8230;&#8230;&#8230;&#8230;&#8230;&#8230;&#8230;&#8230;&#8230;&#8230;&#8230;&#8230;&#8230;&#8230;&#8230;.<br>LOCAT\u00c1RIO(A) :&#8230;&#8230;&#8230;&#8230;&#8230;&#8230;&#8230;&#8230;&#8230;&#8230;&#8230;&#8230;&#8230;&#8230;&#8230;&#8230;&#8230;&#8230;&#8230;&#8230;&#8230;&#8230;&#8230;&#8230;&#8230;&#8230;.<br>CAUCIONANTES: &#8230;&#8230;&#8230;&#8230;&#8230;&#8230;&#8230;&#8230;&#8230;&#8230;&#8230;&#8230;&#8230;&#8230;&#8230;&#8230;&#8230;&#8230;&#8230;&#8230;&#8230;&#8230;&#8230;&#8230;&#8230;&#8230;<br>&#8230;&#8230;&#8230;&#8230;&#8230;&#8230;&#8230;&#8230;&#8230;&#8230;&#8230;&#8230;&#8230;&#8230;&#8230;&#8230;&#8230;&#8230;&#8230;&#8230;&#8230;&#8230;&#8230;&#8230;&#8230;&#8230;<br>TESTEMUNHAS:&nbsp;<br>1 &#8211; &#8230;&#8230;&#8230;&#8230;&#8230;&#8230;&#8230;&#8230;&#8230;&#8230;&#8230;&#8230;&#8230;&#8230;&#8230;&#8230;&#8230;&#8230;&#8230;&#8230;&#8230;&#8230;&#8230;&#8230;&#8230;&#8230;&#8230;&#8230;2 &#8211; &#8230;&#8230;&#8230;&#8230;&#8230;&#8230;&#8230;&#8230;&#8230;&#8230;&#8230;&#8230;&#8230;&#8230;&#8230;&#8230;&#8230;&#8230;&#8230;&#8230;&#8230;&#8230;&#8230;&#8230;&#8230;&#8230;&#8230;.&nbsp;&nbsp;<\/td><td><\/td><\/tr><\/tbody><\/table><\/figure>\n\n\n\n\n","protected":false},"excerpt":{"rendered":"<p>Baixe o modelo de contrato de loca\u00e7\u00e3o de im\u00f3vel com garantia de cau\u00e7\u00e3o, e saiba como todo bom advogado consegue manter seu banco de modelos de peti\u00e7\u00f5es organizado, de forma que atenda todas as especificidades dos diferentes processos no dia a dia do trabalho jur\u00eddico. Para voc\u00ea n\u00e3o ficar de [&hellip;]<\/p>\n","protected":false},"author":2,"featured_media":23657,"parent":0,"menu_order":0,"comment_status":"closed","ping_status":"closed","template":"","meta":{"_acf_changed":false,"om_disable_all_campaigns":false,"footnotes":""},"class_list":["post-23921","page","type-page","status-publish","has-post-thumbnail","hentry"],"acf":[],"yoast_head":"<!-- This site is optimized with the Yoast SEO plugin v26.9 - https:\/\/yoast.com\/product\/yoast-seo-wordpress\/ -->\n<title>Contrato de loca\u00e7\u00e3o de im\u00f3vel<\/title>\n<meta name=\"description\" content=\"Contrato de loca\u00e7\u00e3o de im\u00f3vel - Peti\u00e7\u00f5es, Artigos jur\u00eddicos, jurisprud\u00eancias no site da ADVBOX.\" \/>\n<meta name=\"robots\" content=\"index, follow, max-snippet:-1, max-image-preview:large, max-video-preview:-1\" \/>\n<link rel=\"canonical\" href=\"https:\/\/advbox.com.br\/blog\/imobiliario-contrato-de-locacao-de-imovel\/\" \/>\n<meta property=\"og:locale\" content=\"pt_BR\" \/>\n<meta property=\"og:type\" content=\"article\" \/>\n<meta property=\"og:title\" content=\"Contrato de loca\u00e7\u00e3o de im\u00f3vel\" \/>\n<meta property=\"og:description\" content=\"Contrato de loca\u00e7\u00e3o de im\u00f3vel - Peti\u00e7\u00f5es, Artigos jur\u00eddicos, jurisprud\u00eancias no site da ADVBOX.\" \/>\n<meta property=\"og:url\" content=\"https:\/\/advbox.com.br\/blog\/imobiliario-contrato-de-locacao-de-imovel\/\" \/>\n<meta property=\"og:site_name\" content=\"Software Jur\u00eddico Completo - ADVBOX\" \/>\n<meta property=\"article:publisher\" content=\"https:\/\/www.facebook.com\/advbox\/\" \/>\n<meta property=\"article:modified_time\" content=\"2024-10-11T17:59:48+00:00\" \/>\n<meta property=\"og:image\" content=\"https:\/\/advbox.com.br\/blog\/wp-content\/uploads\/2021\/02\/peticoes-18.jpg\" \/>\n\t<meta property=\"og:image:width\" content=\"626\" \/>\n\t<meta property=\"og:image:height\" content=\"417\" \/>\n\t<meta property=\"og:image:type\" content=\"image\/jpeg\" \/>\n<meta name=\"twitter:card\" content=\"summary_large_image\" \/>\n<meta name=\"twitter:site\" content=\"@advbox2\" \/>\n<script type=\"application\/ld+json\" class=\"yoast-schema-graph\">{\"@context\":\"https:\/\/schema.org\",\"@graph\":[{\"@type\":\"WebPage\",\"@id\":\"https:\/\/advbox.com.br\/blog\/imobiliario-contrato-de-locacao-de-imovel\/\",\"url\":\"https:\/\/advbox.com.br\/blog\/imobiliario-contrato-de-locacao-de-imovel\/\",\"name\":\"Contrato de loca\u00e7\u00e3o de im\u00f3vel\",\"isPartOf\":{\"@id\":\"https:\/\/advbox.com.br\/blog\/#website\"},\"primaryImageOfPage\":{\"@id\":\"https:\/\/advbox.com.br\/blog\/imobiliario-contrato-de-locacao-de-imovel\/#primaryimage\"},\"image\":{\"@id\":\"https:\/\/advbox.com.br\/blog\/imobiliario-contrato-de-locacao-de-imovel\/#primaryimage\"},\"thumbnailUrl\":\"https:\/\/advbox.com.br\/blog\/wp-content\/uploads\/2021\/02\/peticoes-18.jpg\",\"datePublished\":\"2021-02-19T01:30:02+00:00\",\"dateModified\":\"2024-10-11T17:59:48+00:00\",\"description\":\"Contrato de loca\u00e7\u00e3o de im\u00f3vel - Peti\u00e7\u00f5es, Artigos jur\u00eddicos, jurisprud\u00eancias no site da ADVBOX.\",\"breadcrumb\":{\"@id\":\"https:\/\/advbox.com.br\/blog\/imobiliario-contrato-de-locacao-de-imovel\/#breadcrumb\"},\"inLanguage\":\"pt-BR\",\"potentialAction\":[{\"@type\":\"ReadAction\",\"target\":[\"https:\/\/advbox.com.br\/blog\/imobiliario-contrato-de-locacao-de-imovel\/\"]}]},{\"@type\":\"ImageObject\",\"inLanguage\":\"pt-BR\",\"@id\":\"https:\/\/advbox.com.br\/blog\/imobiliario-contrato-de-locacao-de-imovel\/#primaryimage\",\"url\":\"https:\/\/advbox.com.br\/blog\/wp-content\/uploads\/2021\/02\/peticoes-18.jpg\",\"contentUrl\":\"https:\/\/advbox.com.br\/blog\/wp-content\/uploads\/2021\/02\/peticoes-18.jpg\",\"width\":626,\"height\":417,\"caption\":\"peti\u00e7\u00f5es advbox\"},{\"@type\":\"BreadcrumbList\",\"@id\":\"https:\/\/advbox.com.br\/blog\/imobiliario-contrato-de-locacao-de-imovel\/#breadcrumb\",\"itemListElement\":[{\"@type\":\"ListItem\",\"position\":1,\"name\":\"In\u00edcio\",\"item\":\"https:\/\/advbox.com.br\/blog\/\"},{\"@type\":\"ListItem\",\"position\":2,\"name\":\"Contrato de loca\u00e7\u00e3o de im\u00f3vel\"}]},{\"@type\":\"WebSite\",\"@id\":\"https:\/\/advbox.com.br\/blog\/#website\",\"url\":\"https:\/\/advbox.com.br\/blog\/\",\"name\":\"Software Jur\u00eddico Completo - ADVBOX\",\"description\":\"Plataforma para Advocacia Digital\",\"publisher\":{\"@id\":\"https:\/\/advbox.com.br\/blog\/#organization\"},\"potentialAction\":[{\"@type\":\"SearchAction\",\"target\":{\"@type\":\"EntryPoint\",\"urlTemplate\":\"https:\/\/advbox.com.br\/blog\/?s={search_term_string}\"},\"query-input\":{\"@type\":\"PropertyValueSpecification\",\"valueRequired\":true,\"valueName\":\"search_term_string\"}}],\"inLanguage\":\"pt-BR\"},{\"@type\":\"Organization\",\"@id\":\"https:\/\/advbox.com.br\/blog\/#organization\",\"name\":\"ADVBOX Blog - Software jur\u00eddico da advocacia digital\",\"url\":\"https:\/\/advbox.com.br\/blog\/\",\"logo\":{\"@type\":\"ImageObject\",\"inLanguage\":\"pt-BR\",\"@id\":\"https:\/\/advbox.com.br\/blog\/#\/schema\/logo\/image\/\",\"url\":\"https:\/\/advbox.com.br\/blog\/wp-content\/uploads\/2019\/12\/Como-aumentar-a-produtividade_.jpg\",\"contentUrl\":\"https:\/\/advbox.com.br\/blog\/wp-content\/uploads\/2019\/12\/Como-aumentar-a-produtividade_.jpg\",\"width\":320,\"height\":213,\"caption\":\"ADVBOX Blog - Software jur\u00eddico da advocacia digital\"},\"image\":{\"@id\":\"https:\/\/advbox.com.br\/blog\/#\/schema\/logo\/image\/\"},\"sameAs\":[\"https:\/\/www.facebook.com\/advbox\/\",\"https:\/\/x.com\/advbox2\"]}]}<\/script>\n<!-- \/ Yoast SEO plugin. -->","yoast_head_json":{"title":"Contrato de loca\u00e7\u00e3o de im\u00f3vel","description":"Contrato de loca\u00e7\u00e3o de im\u00f3vel - Peti\u00e7\u00f5es, Artigos jur\u00eddicos, jurisprud\u00eancias no site da ADVBOX.","robots":{"index":"index","follow":"follow","max-snippet":"max-snippet:-1","max-image-preview":"max-image-preview:large","max-video-preview":"max-video-preview:-1"},"canonical":"https:\/\/advbox.com.br\/blog\/imobiliario-contrato-de-locacao-de-imovel\/","og_locale":"pt_BR","og_type":"article","og_title":"Contrato de loca\u00e7\u00e3o de im\u00f3vel","og_description":"Contrato de loca\u00e7\u00e3o de im\u00f3vel - Peti\u00e7\u00f5es, Artigos jur\u00eddicos, jurisprud\u00eancias no site da ADVBOX.","og_url":"https:\/\/advbox.com.br\/blog\/imobiliario-contrato-de-locacao-de-imovel\/","og_site_name":"Software Jur\u00eddico Completo - ADVBOX","article_publisher":"https:\/\/www.facebook.com\/advbox\/","article_modified_time":"2024-10-11T17:59:48+00:00","og_image":[{"width":626,"height":417,"url":"https:\/\/advbox.com.br\/blog\/wp-content\/uploads\/2021\/02\/peticoes-18.jpg","type":"image\/jpeg"}],"twitter_card":"summary_large_image","twitter_site":"@advbox2","schema":{"@context":"https:\/\/schema.org","@graph":[{"@type":"WebPage","@id":"https:\/\/advbox.com.br\/blog\/imobiliario-contrato-de-locacao-de-imovel\/","url":"https:\/\/advbox.com.br\/blog\/imobiliario-contrato-de-locacao-de-imovel\/","name":"Contrato de loca\u00e7\u00e3o de im\u00f3vel","isPartOf":{"@id":"https:\/\/advbox.com.br\/blog\/#website"},"primaryImageOfPage":{"@id":"https:\/\/advbox.com.br\/blog\/imobiliario-contrato-de-locacao-de-imovel\/#primaryimage"},"image":{"@id":"https:\/\/advbox.com.br\/blog\/imobiliario-contrato-de-locacao-de-imovel\/#primaryimage"},"thumbnailUrl":"https:\/\/advbox.com.br\/blog\/wp-content\/uploads\/2021\/02\/peticoes-18.jpg","datePublished":"2021-02-19T01:30:02+00:00","dateModified":"2024-10-11T17:59:48+00:00","description":"Contrato de loca\u00e7\u00e3o de im\u00f3vel - Peti\u00e7\u00f5es, Artigos jur\u00eddicos, jurisprud\u00eancias no site da ADVBOX.","breadcrumb":{"@id":"https:\/\/advbox.com.br\/blog\/imobiliario-contrato-de-locacao-de-imovel\/#breadcrumb"},"inLanguage":"pt-BR","potentialAction":[{"@type":"ReadAction","target":["https:\/\/advbox.com.br\/blog\/imobiliario-contrato-de-locacao-de-imovel\/"]}]},{"@type":"ImageObject","inLanguage":"pt-BR","@id":"https:\/\/advbox.com.br\/blog\/imobiliario-contrato-de-locacao-de-imovel\/#primaryimage","url":"https:\/\/advbox.com.br\/blog\/wp-content\/uploads\/2021\/02\/peticoes-18.jpg","contentUrl":"https:\/\/advbox.com.br\/blog\/wp-content\/uploads\/2021\/02\/peticoes-18.jpg","width":626,"height":417,"caption":"peti\u00e7\u00f5es advbox"},{"@type":"BreadcrumbList","@id":"https:\/\/advbox.com.br\/blog\/imobiliario-contrato-de-locacao-de-imovel\/#breadcrumb","itemListElement":[{"@type":"ListItem","position":1,"name":"In\u00edcio","item":"https:\/\/advbox.com.br\/blog\/"},{"@type":"ListItem","position":2,"name":"Contrato de loca\u00e7\u00e3o de im\u00f3vel"}]},{"@type":"WebSite","@id":"https:\/\/advbox.com.br\/blog\/#website","url":"https:\/\/advbox.com.br\/blog\/","name":"Software Jur\u00eddico Completo - ADVBOX","description":"Plataforma para Advocacia Digital","publisher":{"@id":"https:\/\/advbox.com.br\/blog\/#organization"},"potentialAction":[{"@type":"SearchAction","target":{"@type":"EntryPoint","urlTemplate":"https:\/\/advbox.com.br\/blog\/?s={search_term_string}"},"query-input":{"@type":"PropertyValueSpecification","valueRequired":true,"valueName":"search_term_string"}}],"inLanguage":"pt-BR"},{"@type":"Organization","@id":"https:\/\/advbox.com.br\/blog\/#organization","name":"ADVBOX Blog - Software jur\u00eddico da advocacia digital","url":"https:\/\/advbox.com.br\/blog\/","logo":{"@type":"ImageObject","inLanguage":"pt-BR","@id":"https:\/\/advbox.com.br\/blog\/#\/schema\/logo\/image\/","url":"https:\/\/advbox.com.br\/blog\/wp-content\/uploads\/2019\/12\/Como-aumentar-a-produtividade_.jpg","contentUrl":"https:\/\/advbox.com.br\/blog\/wp-content\/uploads\/2019\/12\/Como-aumentar-a-produtividade_.jpg","width":320,"height":213,"caption":"ADVBOX Blog - Software jur\u00eddico da advocacia digital"},"image":{"@id":"https:\/\/advbox.com.br\/blog\/#\/schema\/logo\/image\/"},"sameAs":["https:\/\/www.facebook.com\/advbox\/","https:\/\/x.com\/advbox2"]}]}},"_links":{"self":[{"href":"https:\/\/advbox.com.br\/blog\/wp-json\/wp\/v2\/pages\/23921","targetHints":{"allow":["GET"]}}],"collection":[{"href":"https:\/\/advbox.com.br\/blog\/wp-json\/wp\/v2\/pages"}],"about":[{"href":"https:\/\/advbox.com.br\/blog\/wp-json\/wp\/v2\/types\/page"}],"author":[{"embeddable":true,"href":"https:\/\/advbox.com.br\/blog\/wp-json\/wp\/v2\/users\/2"}],"replies":[{"embeddable":true,"href":"https:\/\/advbox.com.br\/blog\/wp-json\/wp\/v2\/comments?post=23921"}],"version-history":[{"count":5,"href":"https:\/\/advbox.com.br\/blog\/wp-json\/wp\/v2\/pages\/23921\/revisions"}],"predecessor-version":[{"id":67729,"href":"https:\/\/advbox.com.br\/blog\/wp-json\/wp\/v2\/pages\/23921\/revisions\/67729"}],"wp:featuredmedia":[{"embeddable":true,"href":"https:\/\/advbox.com.br\/blog\/wp-json\/wp\/v2\/media\/23657"}],"wp:attachment":[{"href":"https:\/\/advbox.com.br\/blog\/wp-json\/wp\/v2\/media?parent=23921"}],"curies":[{"name":"wp","href":"https:\/\/api.w.org\/{rel}","templated":true}]}}