{"id":24165,"date":"2021-02-20T13:33:41","date_gmt":"2021-02-20T15:33:41","guid":{"rendered":"https:\/\/advbox.com.br\/blog\/?page_id=24165"},"modified":"2024-10-21T10:48:27","modified_gmt":"2024-10-21T13:48:27","slug":"imobiliario-usucapiao-especial-urbano","status":"publish","type":"page","link":"https:\/\/advbox.com.br\/blog\/imobiliario-usucapiao-especial-urbano\/","title":{"rendered":"Usucapi\u00e3o especial urbano"},"content":{"rendered":"\n<p>Todo advogado sabe que n\u00e3o \u00e9 f\u00e1cil manter um <strong><a href=\"https:\/\/advbox.com.br\/blog\/como-organizar-seus-processos-e-banco-de-peticoes-na-advbox-com-hashtags\/\" class=\"rank-math-link\" target=\"_blank\">banco de modelos de peti\u00e7\u00f5es atualizado<\/a><\/strong>, que atenda as especificidades dos diferentes processos no dia a dia do trabalho jur\u00eddico. Acesse o modelo de peti\u00e7\u00e3o usucapi\u00e3o especial e urbano dispon\u00edvel logo abaixo!<\/p>\n\n\n\n\n\n<h2 class=\"wp-block-heading\">A\u00e7\u00e3o de usucapi\u00e3o <\/h2>\n\n\n\n<p>Exmo. Sr. Dr. Juiz de Direito da Vara C\u00edvel<\/p>\n\n\n\n<p>Comarca de &#8230;&#8230;&#8230;..<\/p>\n\n\n\n<p>&#8230;&#8230;.(nome)&#8230;., &#8230;. (qualifica\u00e7\u00e3o e resid\u00eancia).., por seu advogado infra-assinado vem, respeitosamente, perante Vossa Excel\u00eancia para, com fundamentos nos arts. 941 a 945, do C\u00f3digo de Processo Civil, e art. 550 do C\u00f3digo Civil, requerer a presente a\u00e7\u00e3o de usucapi\u00e3o, do im\u00f3vel urbano, pelos seguintes fatos e fundamentos:<\/p>\n\n\n\n<p>1. O im\u00f3vel usucapiendo localiza-se na&#8230;., sendo composto de pr\u00e9dio e respectivo terreno que mede &#8230;.e que no Registro de im\u00f3veis figura em nome de &#8230;&#8230;&#8230;.., residente na Rua&#8230;&#8230;&#8230;&#8230;<\/p>\n\n\n\n<p>2. Aludido im\u00f3vel confronta do lado direito com&#8230;., residente na&#8230;., do lado esquerdo, com &#8230;..residente na &#8230;. e, nos fundos, com&#8230;.. residente na &#8230;., achando-se transcrito no Registro de im\u00f3veis, sob n\u00b0 &#8230;., Livro &#8230;., fls. &#8230;., em nome de &#8230;., residente em local ignorado (ou se for o caso, n\u00e3o se achando transcrito no Registro de Im\u00f3veis, conforme prova a certid\u00e3o negativa anexa).<\/p>\n\n\n\n<p>3. O Requerente h\u00e1 mais de 20 anos vem possuindo, mansa e pacificamente, sem interrup\u00e7\u00e3o, nem oposi\u00e7\u00e3o, o im\u00f3vel acima caracterizado e, n\u00e3o tendo t\u00edtulo de dom\u00ednio, quer obt\u00ea-lo, por via desta a\u00e7\u00e3o, nos termos do art. 550, do C\u00f3digo Civil.<\/p>\n\n\n\n<p>Em face do exposto e juntando a planta do im\u00f3vel, requer:<\/p>\n\n\n\n<p>a) a cita\u00e7\u00e3o de &#8230;&#8230;.., em nome do qual encontra-se registrado o im\u00f3vel usucapiendo, bem como dos confinantes e, por edital, dos eventuais interessados, observado quanto ao prazo o disposto no inciso IV do art.232;<\/p>\n\n\n\n<p>b) a intima\u00e7\u00e3o, por via postal, dos representantes da Fazenda P\u00fablica da Uni\u00e3o, do Estado e do Munic\u00edpio, para que manifestem interesse na causa;&nbsp;<\/p>\n\n\n\n<p>c) a intima\u00e7\u00e3o do representante do Minist\u00e9rio P\u00fablico, para intervir em todos os atos do processo;<\/p>\n\n\n\n<p>d) a proced\u00eancia da demanda, para o fim de ser declarado, por senten\u00e7a, o dom\u00ednio do Requerente sobre a \u00e1rea usucapienda, com a condena\u00e7\u00e3o da parte que vier a contestar a a\u00e7\u00e3o no pagamento das custas judiciais e honor\u00e1rios advocat\u00edcios&nbsp;<\/p>\n\n\n\n<p>Para os efeitos legais e fiscais, d\u00e1-se \u00e0 presente o valor de R$ &#8230;.<\/p>\n\n\n\n<p>Termos em que<\/p>\n\n\n\n<p>E. Deferimento.<\/p>\n\n\n\n<p>&#8230;&#8230;&#8230;&#8230;., &#8230;..de &#8230;&#8230;&#8230;&#8230;&#8230; de 19&#8230;&#8230;..<\/p>\n\n\n\n<p>Assinatura do(a) advogado(a)<\/p>\n\n\n\n<p>_________________<\/p>\n\n\n\n<p>N.B. &#8211; 1) Aconselha-se fazer uma peti\u00e7\u00e3o sucinta, a fim de evitar vultosas despesas com a publica\u00e7\u00e3o dos editais; 2) Id\u00eantica peti\u00e7\u00e3o poder\u00e1 ser feita para o usucapi\u00e3o de coisas m\u00f3veis, com as devidas adapta\u00e7\u00f5es.<\/p>\n\n\n\n\n","protected":false},"excerpt":{"rendered":"<p>Todo advogado sabe que n\u00e3o \u00e9 f\u00e1cil manter um banco de modelos de peti\u00e7\u00f5es atualizado, que atenda as especificidades dos diferentes processos no dia a dia do trabalho jur\u00eddico. Acesse o modelo de peti\u00e7\u00e3o usucapi\u00e3o especial e urbano dispon\u00edvel logo abaixo! A\u00e7\u00e3o de usucapi\u00e3o Exmo. Sr. Dr. Juiz de Direito [&hellip;]<\/p>\n","protected":false},"author":2,"featured_media":23655,"parent":0,"menu_order":0,"comment_status":"closed","ping_status":"closed","template":"","meta":{"_acf_changed":false,"om_disable_all_campaigns":false,"footnotes":""},"class_list":["post-24165","page","type-page","status-publish","has-post-thumbnail","hentry"],"acf":[],"yoast_head":"<!-- This site is optimized with the Yoast SEO plugin v26.9 - https:\/\/yoast.com\/product\/yoast-seo-wordpress\/ -->\n<title>Usucapi\u00e3o especial urbano<\/title>\n<meta name=\"description\" content=\"Usucapi\u00e3o especial urbano - Peti\u00e7\u00f5es, Artigos jur\u00eddicos, jurisprud\u00eancias no site da ADVBOX.\" \/>\n<meta name=\"robots\" content=\"index, follow, max-snippet:-1, max-image-preview:large, max-video-preview:-1\" \/>\n<link rel=\"canonical\" href=\"https:\/\/advbox.com.br\/blog\/imobiliario-usucapiao-especial-urbano\/\" \/>\n<meta property=\"og:locale\" content=\"pt_BR\" \/>\n<meta property=\"og:type\" content=\"article\" \/>\n<meta property=\"og:title\" content=\"Usucapi\u00e3o especial urbano\" \/>\n<meta property=\"og:description\" content=\"Usucapi\u00e3o especial urbano - Peti\u00e7\u00f5es, Artigos jur\u00eddicos, jurisprud\u00eancias no site da ADVBOX.\" \/>\n<meta property=\"og:url\" content=\"https:\/\/advbox.com.br\/blog\/imobiliario-usucapiao-especial-urbano\/\" \/>\n<meta property=\"og:site_name\" content=\"Software Jur\u00eddico Completo - ADVBOX\" \/>\n<meta property=\"article:publisher\" content=\"https:\/\/www.facebook.com\/advbox\/\" \/>\n<meta property=\"article:modified_time\" content=\"2024-10-21T13:48:27+00:00\" \/>\n<meta property=\"og:image\" content=\"https:\/\/advbox.com.br\/blog\/wp-content\/uploads\/2021\/02\/peticoes-16.jpg\" \/>\n\t<meta property=\"og:image:width\" content=\"626\" \/>\n\t<meta property=\"og:image:height\" content=\"417\" \/>\n\t<meta property=\"og:image:type\" content=\"image\/jpeg\" \/>\n<meta name=\"twitter:card\" content=\"summary_large_image\" \/>\n<meta name=\"twitter:site\" content=\"@advbox2\" \/>\n<script type=\"application\/ld+json\" class=\"yoast-schema-graph\">{\"@context\":\"https:\/\/schema.org\",\"@graph\":[{\"@type\":\"WebPage\",\"@id\":\"https:\/\/advbox.com.br\/blog\/imobiliario-usucapiao-especial-urbano\/\",\"url\":\"https:\/\/advbox.com.br\/blog\/imobiliario-usucapiao-especial-urbano\/\",\"name\":\"Usucapi\u00e3o especial urbano\",\"isPartOf\":{\"@id\":\"https:\/\/advbox.com.br\/blog\/#website\"},\"primaryImageOfPage\":{\"@id\":\"https:\/\/advbox.com.br\/blog\/imobiliario-usucapiao-especial-urbano\/#primaryimage\"},\"image\":{\"@id\":\"https:\/\/advbox.com.br\/blog\/imobiliario-usucapiao-especial-urbano\/#primaryimage\"},\"thumbnailUrl\":\"https:\/\/advbox.com.br\/blog\/wp-content\/uploads\/2021\/02\/peticoes-16.jpg\",\"datePublished\":\"2021-02-20T15:33:41+00:00\",\"dateModified\":\"2024-10-21T13:48:27+00:00\",\"description\":\"Usucapi\u00e3o especial urbano - Peti\u00e7\u00f5es, Artigos jur\u00eddicos, jurisprud\u00eancias no site da ADVBOX.\",\"breadcrumb\":{\"@id\":\"https:\/\/advbox.com.br\/blog\/imobiliario-usucapiao-especial-urbano\/#breadcrumb\"},\"inLanguage\":\"pt-BR\",\"potentialAction\":[{\"@type\":\"ReadAction\",\"target\":[\"https:\/\/advbox.com.br\/blog\/imobiliario-usucapiao-especial-urbano\/\"]}]},{\"@type\":\"ImageObject\",\"inLanguage\":\"pt-BR\",\"@id\":\"https:\/\/advbox.com.br\/blog\/imobiliario-usucapiao-especial-urbano\/#primaryimage\",\"url\":\"https:\/\/advbox.com.br\/blog\/wp-content\/uploads\/2021\/02\/peticoes-16.jpg\",\"contentUrl\":\"https:\/\/advbox.com.br\/blog\/wp-content\/uploads\/2021\/02\/peticoes-16.jpg\",\"width\":626,\"height\":417,\"caption\":\"advogado associado\"},{\"@type\":\"BreadcrumbList\",\"@id\":\"https:\/\/advbox.com.br\/blog\/imobiliario-usucapiao-especial-urbano\/#breadcrumb\",\"itemListElement\":[{\"@type\":\"ListItem\",\"position\":1,\"name\":\"In\u00edcio\",\"item\":\"https:\/\/advbox.com.br\/blog\/\"},{\"@type\":\"ListItem\",\"position\":2,\"name\":\"Usucapi\u00e3o especial urbano\"}]},{\"@type\":\"WebSite\",\"@id\":\"https:\/\/advbox.com.br\/blog\/#website\",\"url\":\"https:\/\/advbox.com.br\/blog\/\",\"name\":\"Software Jur\u00eddico Completo - ADVBOX\",\"description\":\"Plataforma para Advocacia Digital\",\"publisher\":{\"@id\":\"https:\/\/advbox.com.br\/blog\/#organization\"},\"potentialAction\":[{\"@type\":\"SearchAction\",\"target\":{\"@type\":\"EntryPoint\",\"urlTemplate\":\"https:\/\/advbox.com.br\/blog\/?s={search_term_string}\"},\"query-input\":{\"@type\":\"PropertyValueSpecification\",\"valueRequired\":true,\"valueName\":\"search_term_string\"}}],\"inLanguage\":\"pt-BR\"},{\"@type\":\"Organization\",\"@id\":\"https:\/\/advbox.com.br\/blog\/#organization\",\"name\":\"ADVBOX Blog - Software jur\u00eddico da advocacia digital\",\"url\":\"https:\/\/advbox.com.br\/blog\/\",\"logo\":{\"@type\":\"ImageObject\",\"inLanguage\":\"pt-BR\",\"@id\":\"https:\/\/advbox.com.br\/blog\/#\/schema\/logo\/image\/\",\"url\":\"https:\/\/advbox.com.br\/blog\/wp-content\/uploads\/2019\/12\/Como-aumentar-a-produtividade_.jpg\",\"contentUrl\":\"https:\/\/advbox.com.br\/blog\/wp-content\/uploads\/2019\/12\/Como-aumentar-a-produtividade_.jpg\",\"width\":320,\"height\":213,\"caption\":\"ADVBOX Blog - Software jur\u00eddico da advocacia digital\"},\"image\":{\"@id\":\"https:\/\/advbox.com.br\/blog\/#\/schema\/logo\/image\/\"},\"sameAs\":[\"https:\/\/www.facebook.com\/advbox\/\",\"https:\/\/x.com\/advbox2\"]}]}<\/script>\n<!-- \/ Yoast SEO plugin. -->","yoast_head_json":{"title":"Usucapi\u00e3o especial urbano","description":"Usucapi\u00e3o especial urbano - Peti\u00e7\u00f5es, Artigos jur\u00eddicos, jurisprud\u00eancias no site da ADVBOX.","robots":{"index":"index","follow":"follow","max-snippet":"max-snippet:-1","max-image-preview":"max-image-preview:large","max-video-preview":"max-video-preview:-1"},"canonical":"https:\/\/advbox.com.br\/blog\/imobiliario-usucapiao-especial-urbano\/","og_locale":"pt_BR","og_type":"article","og_title":"Usucapi\u00e3o especial urbano","og_description":"Usucapi\u00e3o especial urbano - Peti\u00e7\u00f5es, Artigos jur\u00eddicos, jurisprud\u00eancias no site da ADVBOX.","og_url":"https:\/\/advbox.com.br\/blog\/imobiliario-usucapiao-especial-urbano\/","og_site_name":"Software Jur\u00eddico Completo - ADVBOX","article_publisher":"https:\/\/www.facebook.com\/advbox\/","article_modified_time":"2024-10-21T13:48:27+00:00","og_image":[{"width":626,"height":417,"url":"https:\/\/advbox.com.br\/blog\/wp-content\/uploads\/2021\/02\/peticoes-16.jpg","type":"image\/jpeg"}],"twitter_card":"summary_large_image","twitter_site":"@advbox2","schema":{"@context":"https:\/\/schema.org","@graph":[{"@type":"WebPage","@id":"https:\/\/advbox.com.br\/blog\/imobiliario-usucapiao-especial-urbano\/","url":"https:\/\/advbox.com.br\/blog\/imobiliario-usucapiao-especial-urbano\/","name":"Usucapi\u00e3o especial urbano","isPartOf":{"@id":"https:\/\/advbox.com.br\/blog\/#website"},"primaryImageOfPage":{"@id":"https:\/\/advbox.com.br\/blog\/imobiliario-usucapiao-especial-urbano\/#primaryimage"},"image":{"@id":"https:\/\/advbox.com.br\/blog\/imobiliario-usucapiao-especial-urbano\/#primaryimage"},"thumbnailUrl":"https:\/\/advbox.com.br\/blog\/wp-content\/uploads\/2021\/02\/peticoes-16.jpg","datePublished":"2021-02-20T15:33:41+00:00","dateModified":"2024-10-21T13:48:27+00:00","description":"Usucapi\u00e3o especial urbano - Peti\u00e7\u00f5es, Artigos jur\u00eddicos, jurisprud\u00eancias no site da ADVBOX.","breadcrumb":{"@id":"https:\/\/advbox.com.br\/blog\/imobiliario-usucapiao-especial-urbano\/#breadcrumb"},"inLanguage":"pt-BR","potentialAction":[{"@type":"ReadAction","target":["https:\/\/advbox.com.br\/blog\/imobiliario-usucapiao-especial-urbano\/"]}]},{"@type":"ImageObject","inLanguage":"pt-BR","@id":"https:\/\/advbox.com.br\/blog\/imobiliario-usucapiao-especial-urbano\/#primaryimage","url":"https:\/\/advbox.com.br\/blog\/wp-content\/uploads\/2021\/02\/peticoes-16.jpg","contentUrl":"https:\/\/advbox.com.br\/blog\/wp-content\/uploads\/2021\/02\/peticoes-16.jpg","width":626,"height":417,"caption":"advogado associado"},{"@type":"BreadcrumbList","@id":"https:\/\/advbox.com.br\/blog\/imobiliario-usucapiao-especial-urbano\/#breadcrumb","itemListElement":[{"@type":"ListItem","position":1,"name":"In\u00edcio","item":"https:\/\/advbox.com.br\/blog\/"},{"@type":"ListItem","position":2,"name":"Usucapi\u00e3o especial urbano"}]},{"@type":"WebSite","@id":"https:\/\/advbox.com.br\/blog\/#website","url":"https:\/\/advbox.com.br\/blog\/","name":"Software Jur\u00eddico Completo - ADVBOX","description":"Plataforma para Advocacia Digital","publisher":{"@id":"https:\/\/advbox.com.br\/blog\/#organization"},"potentialAction":[{"@type":"SearchAction","target":{"@type":"EntryPoint","urlTemplate":"https:\/\/advbox.com.br\/blog\/?s={search_term_string}"},"query-input":{"@type":"PropertyValueSpecification","valueRequired":true,"valueName":"search_term_string"}}],"inLanguage":"pt-BR"},{"@type":"Organization","@id":"https:\/\/advbox.com.br\/blog\/#organization","name":"ADVBOX Blog - Software jur\u00eddico da advocacia digital","url":"https:\/\/advbox.com.br\/blog\/","logo":{"@type":"ImageObject","inLanguage":"pt-BR","@id":"https:\/\/advbox.com.br\/blog\/#\/schema\/logo\/image\/","url":"https:\/\/advbox.com.br\/blog\/wp-content\/uploads\/2019\/12\/Como-aumentar-a-produtividade_.jpg","contentUrl":"https:\/\/advbox.com.br\/blog\/wp-content\/uploads\/2019\/12\/Como-aumentar-a-produtividade_.jpg","width":320,"height":213,"caption":"ADVBOX Blog - Software jur\u00eddico da advocacia digital"},"image":{"@id":"https:\/\/advbox.com.br\/blog\/#\/schema\/logo\/image\/"},"sameAs":["https:\/\/www.facebook.com\/advbox\/","https:\/\/x.com\/advbox2"]}]}},"_links":{"self":[{"href":"https:\/\/advbox.com.br\/blog\/wp-json\/wp\/v2\/pages\/24165","targetHints":{"allow":["GET"]}}],"collection":[{"href":"https:\/\/advbox.com.br\/blog\/wp-json\/wp\/v2\/pages"}],"about":[{"href":"https:\/\/advbox.com.br\/blog\/wp-json\/wp\/v2\/types\/page"}],"author":[{"embeddable":true,"href":"https:\/\/advbox.com.br\/blog\/wp-json\/wp\/v2\/users\/2"}],"replies":[{"embeddable":true,"href":"https:\/\/advbox.com.br\/blog\/wp-json\/wp\/v2\/comments?post=24165"}],"version-history":[{"count":4,"href":"https:\/\/advbox.com.br\/blog\/wp-json\/wp\/v2\/pages\/24165\/revisions"}],"predecessor-version":[{"id":68173,"href":"https:\/\/advbox.com.br\/blog\/wp-json\/wp\/v2\/pages\/24165\/revisions\/68173"}],"wp:featuredmedia":[{"embeddable":true,"href":"https:\/\/advbox.com.br\/blog\/wp-json\/wp\/v2\/media\/23655"}],"wp:attachment":[{"href":"https:\/\/advbox.com.br\/blog\/wp-json\/wp\/v2\/media?parent=24165"}],"curies":[{"name":"wp","href":"https:\/\/api.w.org\/{rel}","templated":true}]}}