{"id":24274,"date":"2021-02-22T21:39:20","date_gmt":"2021-02-23T00:39:20","guid":{"rendered":"https:\/\/advbox.com.br\/blog\/?page_id=24274"},"modified":"2024-11-22T15:05:00","modified_gmt":"2024-11-22T18:05:00","slug":"familia-execucao-de-alimentos","status":"publish","type":"page","link":"https:\/\/advbox.com.br\/blog\/familia-execucao-de-alimentos\/","title":{"rendered":"Modelo de execu\u00e7\u00e3o de alimentos com pris\u00e3o"},"content":{"rendered":"\n<p>Voc\u00ea j\u00e1 parou para calcular o tempo que a sua equipe gasta diariamente elaborando peti\u00e7\u00f5es que poderiam ser feitas de forma muito mais r\u00e1pida com o aux\u00edlio de um bom <a href=\"https:\/\/advbox.com.br\/blog\/software-para-advogados-2\/\" target=\"_blank\"><strong>software jur\u00eddico<\/strong><\/a>?<\/p>\n\n\n\n<p>Isso certamente te daria mais tempo para captar mais clientes, estudar mais casos, se atualizar, isso sem contar o merecido descanso!<\/p>\n\n\n\n<p><strong>Acesse o modelo  de execu\u00e7\u00e3o de alimentos &#8211; pris\u00e3o civil cumprimento de senten\u00e7a &#8211; ART. 528 &#8211; novo CPC<\/strong> e saiba como todo bom advogado consegue manter seu <a href=\"https:\/\/advbox.com.br\/blog\/como-automatizar-seus-modelos-de-peticoes\/\" target=\"_blank\"><strong>banco de modelos de peti\u00e7\u00f5es<\/strong>,<\/a> organizado e que consiga atender todas as especificidades dos diferentes processos no dia a dia do trabalho jur\u00eddico.<\/p>\n\n\n\n<p>Reunimos tudo o que voc\u00ea precisa para garantir o crescimento de um escrit\u00f3rio de advocacia. Baixe agora seu ebook!<\/p>\n\n\n\n\n\n<h2 class=\"wp-block-heading\"><strong>Execu\u00e7\u00e3o de alimentos &#8211; pris\u00e3o civil cumprimento de senten\u00e7a &#8211; ART. 528 &#8211; novo CPC<\/strong><\/h2>\n\n\n\n<p>EXCELENT\u00cdSSIMO SENHOR DOUTOR JUIZ DE DIREITO DA VARA DE FAM\u00cdLIA DA COMARCA _______<\/p>\n\n\n\n<p>Pular 10 linhas<\/p>\n\n\n\n<p>____________, brasileiro, menor imp\u00fabere, neste ato representado por sua m\u00e3e ____________, brasileira, divorciada, ____________, RG n\u00ba ____________, CPF n\u00ba ____________, residente e domiciliada \u00e0 Rua ____________, ____, CEP ______-___, ____________, ___, por seu procurador ao fim assinado, nos termos do incluso instrumento de mandato (Doc. 1), o qual recebe intima\u00e7\u00f5es \u00e0 Rua ____________, ____, s. ___, CEP ______-___, Fone\/Fax ____________, ____________, ___, vem, respeitosamente \u00e0 presen\u00e7a de V. Ex\u00aa, propor:<\/p>\n\n\n\n<p>CUMPRIMENTO DE SENTEN\u00c7A NA A\u00c7\u00c3O DE ALIMENTOS, com fulcro nos arts. 528 e ss. Do CPC\/2015, contra:<\/p>\n\n\n\n<p>&nbsp;____________, brasileiro, divorciado, ____________, RG n\u00ba ____________, CPF n\u00ba ____________, residente e domiciliado \u00e0 Av. ____________, ____, CEP ______-___, , ____________, ___, de acordo com os fatos e fundamentos jur\u00eddicos que a seguir passa a expor:<\/p>\n\n\n\n<h3 class=\"wp-block-heading\">DOS FATOS<\/h3>\n\n\n\n<p>Em audi\u00eancia de concilia\u00e7\u00e3o realizada na data de __\/__\/____ (processo n\u00ba ____________, A\u00e7\u00e3o de Alimentos, em tr\u00e2mite perante este MM. Ju\u00edzo), foi homologado acordo pelo qual o executado pagaria, a t\u00edtulo de pens\u00e3o aliment\u00edcia, a import\u00e2ncia correspondente a 30% de seus rendimentos, a ser descontada em sua folha de pagamento.<\/p>\n\n\n\n<p>O valor relativo \u00e0 pens\u00e3o foi recebido por ______ meses. Por\u00e9m, a partir do m\u00eas de ____________ de ______, os exequentes n\u00e3o receberam mais as presta\u00e7\u00f5es devidas.&nbsp;<\/p>\n\n\n\n<p>O inadimplemento adveio do fato do executado ter se aposentado pela empresa ____________, na qual trabalhava h\u00e1 muitos anos, e cujo valor era descontado direto em sua folha de pagamento. Nessa condi\u00e7\u00e3o, apesar de passar a receber proventos de duas fontes, vale dizer, da Funda\u00e7\u00e3o da referida empresa, para a qual passou a laborar, e tamb\u00e9m do INSS, deixou de contribuir com a pens\u00e3o aliment\u00edcia.<\/p>\n\n\n\n<p>Esgotadas todas as tentativas para receber o que lhe \u00e9 devido, n\u00e3o restou outra alternativa para o alimentando sen\u00e3o promover a presente execu\u00e7\u00e3o for\u00e7ada contra o alimentante.<\/p>\n\n\n\n<p>Como as parcelas importavam em desconto de 30% do sal\u00e1rio do executado, requer-se a intima\u00e7\u00e3o da empresa ____________, por interm\u00e9dio de sua Funda\u00e7\u00e3o (\u00f3rg\u00e3o que passou a remuner\u00e1-lo ap\u00f3s sua aposentadoria), para que informe qual o valor recebido pelo executado em cada m\u00eas, a partir de ____________ de ______ at\u00e9 o corrente m\u00eas.<\/p>\n\n\n\n<h3 class=\"wp-block-heading\">DO PEDIDO<\/h3>\n\n\n\n<p>Diante do exposto, requer:<\/p>\n\n\n\n<p>a) a intima\u00e7\u00e3o da empresa ____________, por interm\u00e9dio de sua Funda\u00e7\u00e3o, na Comarca de ____________, para que informe qual o valor percebido pelo executado em cada m\u00eas, a partir de ____________ de ____ at\u00e9 o corrente m\u00eas;<\/p>\n\n\n\n<p>b) a cita\u00e7\u00e3o do Executado, no endere\u00e7o declinado, para que pague a import\u00e2ncia a ser discriminada ap\u00f3s a resposta da Funda\u00e7\u00e3o da empresa ___________, ou justifique a impossibilidade de faz\u00ea-lo;<\/p>\n\n\n\n<p>c) seja decretada a pris\u00e3o civil do devedor caso n\u00e3o pague, ou n\u00e3o se escuse no prazo legal, de acordo com os valores relativos aos \u00faltimos tr\u00eas meses;<\/p>\n\n\n\n<p>d) a produ\u00e7\u00e3o de todas as provas admitidas em direito;<\/p>\n\n\n\n<p>Nestes termos,<\/p>\n\n\n\n<p>Pede deferimento.<\/p>\n\n\n\n<p>[Local] [data]<\/p>\n\n\n\n<p>__________________________________<\/p>\n\n\n\n<p>[Nome Advogado] &#8211; [OAB] [UF].<\/p>\n\n\n\n<figure class=\"wp-block-image size-full\"><a href=\"https:\/\/advbox.com.br\/blog\/como-automatizar-seus-modelos-de-peticoes\/\" target=\"_blank\"><img fetchpriority=\"high\" decoding=\"async\" width=\"1000\" height=\"276\" src=\"https:\/\/advbox.com.br\/blog\/wp-content\/uploads\/2019\/05\/automatize_a_produ\u00e7\u00e3o_de_suas_peti\u00e7\u00f5es.png\" alt=\"automatiza\u00e7\u00e3o de peti\u00e7\u00f5es\" class=\"wp-image-11456\" srcset=\"https:\/\/advbox.com.br\/blog\/wp-content\/uploads\/2019\/05\/automatize_a_produ\u00e7\u00e3o_de_suas_peti\u00e7\u00f5es.png 1000w, https:\/\/advbox.com.br\/blog\/wp-content\/uploads\/2019\/05\/automatize_a_produ\u00e7\u00e3o_de_suas_peti\u00e7\u00f5es-300x83.png 300w, https:\/\/advbox.com.br\/blog\/wp-content\/uploads\/2019\/05\/automatize_a_produ\u00e7\u00e3o_de_suas_peti\u00e7\u00f5es-768x212.png 768w\" sizes=\"(max-width: 1000px) 100vw, 1000px\" \/><\/a><\/figure>\n","protected":false},"excerpt":{"rendered":"<p>Voc\u00ea j\u00e1 parou para calcular o tempo que a sua equipe gasta diariamente elaborando peti\u00e7\u00f5es que poderiam ser feitas de forma muito mais r\u00e1pida com o aux\u00edlio de um bom software jur\u00eddico? Isso certamente te daria mais tempo para captar mais clientes, estudar mais casos, se atualizar, isso sem contar [&hellip;]<\/p>\n","protected":false},"author":2,"featured_media":23656,"parent":0,"menu_order":0,"comment_status":"closed","ping_status":"closed","template":"","meta":{"_acf_changed":false,"om_disable_all_campaigns":false,"footnotes":""},"class_list":["post-24274","page","type-page","status-publish","has-post-thumbnail","hentry"],"acf":[],"yoast_head":"<!-- This site is optimized with the Yoast SEO plugin v26.9 - https:\/\/yoast.com\/product\/yoast-seo-wordpress\/ -->\n<title>Modelo de execu\u00e7\u00e3o de alimentos com pris\u00e3o | ADVBOX<\/title>\n<meta name=\"description\" content=\"Disponibilizamos para voc\u00ea um modelo de execu\u00e7\u00e3o de alimentos com pris\u00e3o. ADVBOX\" \/>\n<meta name=\"robots\" content=\"index, follow, max-snippet:-1, max-image-preview:large, max-video-preview:-1\" \/>\n<link rel=\"canonical\" href=\"https:\/\/advbox.com.br\/blog\/familia-execucao-de-alimentos\/\" \/>\n<meta property=\"og:locale\" content=\"pt_BR\" \/>\n<meta property=\"og:type\" content=\"article\" \/>\n<meta property=\"og:title\" content=\"Modelo de execu\u00e7\u00e3o de alimentos com pris\u00e3o | ADVBOX\" \/>\n<meta property=\"og:description\" content=\"Disponibilizamos para voc\u00ea um modelo de execu\u00e7\u00e3o de alimentos com pris\u00e3o. ADVBOX\" \/>\n<meta property=\"og:url\" content=\"https:\/\/advbox.com.br\/blog\/familia-execucao-de-alimentos\/\" \/>\n<meta property=\"og:site_name\" content=\"Software Jur\u00eddico Completo - ADVBOX\" \/>\n<meta property=\"article:publisher\" content=\"https:\/\/www.facebook.com\/advbox\/\" \/>\n<meta property=\"article:modified_time\" content=\"2024-11-22T18:05:00+00:00\" \/>\n<meta property=\"og:image\" content=\"https:\/\/advbox.com.br\/blog\/wp-content\/uploads\/2021\/02\/peticoes-17.jpg\" \/>\n\t<meta property=\"og:image:width\" content=\"626\" \/>\n\t<meta property=\"og:image:height\" content=\"417\" \/>\n\t<meta property=\"og:image:type\" content=\"image\/jpeg\" \/>\n<meta name=\"twitter:card\" content=\"summary_large_image\" \/>\n<meta name=\"twitter:site\" content=\"@advbox2\" \/>\n<script type=\"application\/ld+json\" class=\"yoast-schema-graph\">{\"@context\":\"https:\/\/schema.org\",\"@graph\":[{\"@type\":\"WebPage\",\"@id\":\"https:\/\/advbox.com.br\/blog\/familia-execucao-de-alimentos\/\",\"url\":\"https:\/\/advbox.com.br\/blog\/familia-execucao-de-alimentos\/\",\"name\":\"Modelo de execu\u00e7\u00e3o de alimentos com pris\u00e3o | ADVBOX\",\"isPartOf\":{\"@id\":\"https:\/\/advbox.com.br\/blog\/#website\"},\"primaryImageOfPage\":{\"@id\":\"https:\/\/advbox.com.br\/blog\/familia-execucao-de-alimentos\/#primaryimage\"},\"image\":{\"@id\":\"https:\/\/advbox.com.br\/blog\/familia-execucao-de-alimentos\/#primaryimage\"},\"thumbnailUrl\":\"https:\/\/advbox.com.br\/blog\/wp-content\/uploads\/2021\/02\/peticoes-17.jpg\",\"datePublished\":\"2021-02-23T00:39:20+00:00\",\"dateModified\":\"2024-11-22T18:05:00+00:00\",\"description\":\"Disponibilizamos para voc\u00ea um modelo de execu\u00e7\u00e3o de alimentos com pris\u00e3o. ADVBOX\",\"breadcrumb\":{\"@id\":\"https:\/\/advbox.com.br\/blog\/familia-execucao-de-alimentos\/#breadcrumb\"},\"inLanguage\":\"pt-BR\",\"potentialAction\":[{\"@type\":\"ReadAction\",\"target\":[\"https:\/\/advbox.com.br\/blog\/familia-execucao-de-alimentos\/\"]}]},{\"@type\":\"ImageObject\",\"inLanguage\":\"pt-BR\",\"@id\":\"https:\/\/advbox.com.br\/blog\/familia-execucao-de-alimentos\/#primaryimage\",\"url\":\"https:\/\/advbox.com.br\/blog\/wp-content\/uploads\/2021\/02\/peticoes-17.jpg\",\"contentUrl\":\"https:\/\/advbox.com.br\/blog\/wp-content\/uploads\/2021\/02\/peticoes-17.jpg\",\"width\":626,\"height\":417,\"caption\":\"honor\u00e1rios advocat\u00edcios\"},{\"@type\":\"BreadcrumbList\",\"@id\":\"https:\/\/advbox.com.br\/blog\/familia-execucao-de-alimentos\/#breadcrumb\",\"itemListElement\":[{\"@type\":\"ListItem\",\"position\":1,\"name\":\"In\u00edcio\",\"item\":\"https:\/\/advbox.com.br\/blog\/\"},{\"@type\":\"ListItem\",\"position\":2,\"name\":\"Modelo de execu\u00e7\u00e3o de alimentos com pris\u00e3o\"}]},{\"@type\":\"WebSite\",\"@id\":\"https:\/\/advbox.com.br\/blog\/#website\",\"url\":\"https:\/\/advbox.com.br\/blog\/\",\"name\":\"Software Jur\u00eddico Completo - ADVBOX\",\"description\":\"Plataforma para Advocacia Digital\",\"publisher\":{\"@id\":\"https:\/\/advbox.com.br\/blog\/#organization\"},\"potentialAction\":[{\"@type\":\"SearchAction\",\"target\":{\"@type\":\"EntryPoint\",\"urlTemplate\":\"https:\/\/advbox.com.br\/blog\/?s={search_term_string}\"},\"query-input\":{\"@type\":\"PropertyValueSpecification\",\"valueRequired\":true,\"valueName\":\"search_term_string\"}}],\"inLanguage\":\"pt-BR\"},{\"@type\":\"Organization\",\"@id\":\"https:\/\/advbox.com.br\/blog\/#organization\",\"name\":\"ADVBOX Blog - Software jur\u00eddico da advocacia digital\",\"url\":\"https:\/\/advbox.com.br\/blog\/\",\"logo\":{\"@type\":\"ImageObject\",\"inLanguage\":\"pt-BR\",\"@id\":\"https:\/\/advbox.com.br\/blog\/#\/schema\/logo\/image\/\",\"url\":\"https:\/\/advbox.com.br\/blog\/wp-content\/uploads\/2019\/12\/Como-aumentar-a-produtividade_.jpg\",\"contentUrl\":\"https:\/\/advbox.com.br\/blog\/wp-content\/uploads\/2019\/12\/Como-aumentar-a-produtividade_.jpg\",\"width\":320,\"height\":213,\"caption\":\"ADVBOX Blog - Software jur\u00eddico da advocacia digital\"},\"image\":{\"@id\":\"https:\/\/advbox.com.br\/blog\/#\/schema\/logo\/image\/\"},\"sameAs\":[\"https:\/\/www.facebook.com\/advbox\/\",\"https:\/\/x.com\/advbox2\"]}]}<\/script>\n<!-- \/ Yoast SEO plugin. -->","yoast_head_json":{"title":"Modelo de execu\u00e7\u00e3o de alimentos com pris\u00e3o | ADVBOX","description":"Disponibilizamos para voc\u00ea um modelo de execu\u00e7\u00e3o de alimentos com pris\u00e3o. ADVBOX","robots":{"index":"index","follow":"follow","max-snippet":"max-snippet:-1","max-image-preview":"max-image-preview:large","max-video-preview":"max-video-preview:-1"},"canonical":"https:\/\/advbox.com.br\/blog\/familia-execucao-de-alimentos\/","og_locale":"pt_BR","og_type":"article","og_title":"Modelo de execu\u00e7\u00e3o de alimentos com pris\u00e3o | ADVBOX","og_description":"Disponibilizamos para voc\u00ea um modelo de execu\u00e7\u00e3o de alimentos com pris\u00e3o. ADVBOX","og_url":"https:\/\/advbox.com.br\/blog\/familia-execucao-de-alimentos\/","og_site_name":"Software Jur\u00eddico Completo - ADVBOX","article_publisher":"https:\/\/www.facebook.com\/advbox\/","article_modified_time":"2024-11-22T18:05:00+00:00","og_image":[{"width":626,"height":417,"url":"https:\/\/advbox.com.br\/blog\/wp-content\/uploads\/2021\/02\/peticoes-17.jpg","type":"image\/jpeg"}],"twitter_card":"summary_large_image","twitter_site":"@advbox2","schema":{"@context":"https:\/\/schema.org","@graph":[{"@type":"WebPage","@id":"https:\/\/advbox.com.br\/blog\/familia-execucao-de-alimentos\/","url":"https:\/\/advbox.com.br\/blog\/familia-execucao-de-alimentos\/","name":"Modelo de execu\u00e7\u00e3o de alimentos com pris\u00e3o | ADVBOX","isPartOf":{"@id":"https:\/\/advbox.com.br\/blog\/#website"},"primaryImageOfPage":{"@id":"https:\/\/advbox.com.br\/blog\/familia-execucao-de-alimentos\/#primaryimage"},"image":{"@id":"https:\/\/advbox.com.br\/blog\/familia-execucao-de-alimentos\/#primaryimage"},"thumbnailUrl":"https:\/\/advbox.com.br\/blog\/wp-content\/uploads\/2021\/02\/peticoes-17.jpg","datePublished":"2021-02-23T00:39:20+00:00","dateModified":"2024-11-22T18:05:00+00:00","description":"Disponibilizamos para voc\u00ea um modelo de execu\u00e7\u00e3o de alimentos com pris\u00e3o. ADVBOX","breadcrumb":{"@id":"https:\/\/advbox.com.br\/blog\/familia-execucao-de-alimentos\/#breadcrumb"},"inLanguage":"pt-BR","potentialAction":[{"@type":"ReadAction","target":["https:\/\/advbox.com.br\/blog\/familia-execucao-de-alimentos\/"]}]},{"@type":"ImageObject","inLanguage":"pt-BR","@id":"https:\/\/advbox.com.br\/blog\/familia-execucao-de-alimentos\/#primaryimage","url":"https:\/\/advbox.com.br\/blog\/wp-content\/uploads\/2021\/02\/peticoes-17.jpg","contentUrl":"https:\/\/advbox.com.br\/blog\/wp-content\/uploads\/2021\/02\/peticoes-17.jpg","width":626,"height":417,"caption":"honor\u00e1rios advocat\u00edcios"},{"@type":"BreadcrumbList","@id":"https:\/\/advbox.com.br\/blog\/familia-execucao-de-alimentos\/#breadcrumb","itemListElement":[{"@type":"ListItem","position":1,"name":"In\u00edcio","item":"https:\/\/advbox.com.br\/blog\/"},{"@type":"ListItem","position":2,"name":"Modelo de execu\u00e7\u00e3o de alimentos com pris\u00e3o"}]},{"@type":"WebSite","@id":"https:\/\/advbox.com.br\/blog\/#website","url":"https:\/\/advbox.com.br\/blog\/","name":"Software Jur\u00eddico Completo - ADVBOX","description":"Plataforma para Advocacia Digital","publisher":{"@id":"https:\/\/advbox.com.br\/blog\/#organization"},"potentialAction":[{"@type":"SearchAction","target":{"@type":"EntryPoint","urlTemplate":"https:\/\/advbox.com.br\/blog\/?s={search_term_string}"},"query-input":{"@type":"PropertyValueSpecification","valueRequired":true,"valueName":"search_term_string"}}],"inLanguage":"pt-BR"},{"@type":"Organization","@id":"https:\/\/advbox.com.br\/blog\/#organization","name":"ADVBOX Blog - Software jur\u00eddico da advocacia digital","url":"https:\/\/advbox.com.br\/blog\/","logo":{"@type":"ImageObject","inLanguage":"pt-BR","@id":"https:\/\/advbox.com.br\/blog\/#\/schema\/logo\/image\/","url":"https:\/\/advbox.com.br\/blog\/wp-content\/uploads\/2019\/12\/Como-aumentar-a-produtividade_.jpg","contentUrl":"https:\/\/advbox.com.br\/blog\/wp-content\/uploads\/2019\/12\/Como-aumentar-a-produtividade_.jpg","width":320,"height":213,"caption":"ADVBOX Blog - Software jur\u00eddico da advocacia digital"},"image":{"@id":"https:\/\/advbox.com.br\/blog\/#\/schema\/logo\/image\/"},"sameAs":["https:\/\/www.facebook.com\/advbox\/","https:\/\/x.com\/advbox2"]}]}},"_links":{"self":[{"href":"https:\/\/advbox.com.br\/blog\/wp-json\/wp\/v2\/pages\/24274","targetHints":{"allow":["GET"]}}],"collection":[{"href":"https:\/\/advbox.com.br\/blog\/wp-json\/wp\/v2\/pages"}],"about":[{"href":"https:\/\/advbox.com.br\/blog\/wp-json\/wp\/v2\/types\/page"}],"author":[{"embeddable":true,"href":"https:\/\/advbox.com.br\/blog\/wp-json\/wp\/v2\/users\/2"}],"replies":[{"embeddable":true,"href":"https:\/\/advbox.com.br\/blog\/wp-json\/wp\/v2\/comments?post=24274"}],"version-history":[{"count":6,"href":"https:\/\/advbox.com.br\/blog\/wp-json\/wp\/v2\/pages\/24274\/revisions"}],"predecessor-version":[{"id":69689,"href":"https:\/\/advbox.com.br\/blog\/wp-json\/wp\/v2\/pages\/24274\/revisions\/69689"}],"wp:featuredmedia":[{"embeddable":true,"href":"https:\/\/advbox.com.br\/blog\/wp-json\/wp\/v2\/media\/23656"}],"wp:attachment":[{"href":"https:\/\/advbox.com.br\/blog\/wp-json\/wp\/v2\/media?parent=24274"}],"curies":[{"name":"wp","href":"https:\/\/api.w.org\/{rel}","templated":true}]}}