{"id":25371,"date":"2021-03-14T00:57:06","date_gmt":"2021-03-14T03:57:06","guid":{"rendered":"https:\/\/advbox.com.br\/blog\/?page_id=25371"},"modified":"2024-10-11T17:09:28","modified_gmt":"2024-10-11T20:09:28","slug":"sumula-vinculante-16-do-stf","status":"publish","type":"page","link":"https:\/\/advbox.com.br\/blog\/sumula-vinculante-16-do-stf\/","title":{"rendered":"S\u00famula vinculante 16 do STF"},"content":{"rendered":"<h4 class=\"wp-block-heading\">Enunciado da S\u00famula Vinculante n\u00ba 16<\/h4><p>Os artigos 7\u00ba, IV, e 39, \u00a7 3\u00ba (reda\u00e7\u00e3o da EC 19\/98), da Constitui\u00e7\u00e3o, referem-se ao total da remunera\u00e7\u00e3o percebida pelo servidor p\u00fablico.<\/p><h4 class=\"wp-block-heading\">Data de Aprova\u00e7\u00e3o<\/h4><p>Sess\u00e3o Plen\u00e1ria de 25\/06\/2009<\/p><h4 class=\"wp-block-heading\">Fonte de publica\u00e7\u00e3o<\/h4><p>DJe n\u00ba 121 de 01\/07\/2009, p. 1. DOU de 01\/07\/2009, p. 1.<\/p><h4 class=\"wp-block-heading\">Refer\u00eancia Legislativa<\/h4><p>Constitui\u00e7\u00e3o Federal de 1988, art. 7\u00ba, IV; art. 39, \u00a7 2\u00ba (reda\u00e7\u00e3o anterior \u00e0 Emenda Constitucional n\u00ba 19\/1998); e art. 39, \u00a7 3\u00ba (reda\u00e7\u00e3o dada pela Emenda Constitucional n\u00ba 19\/1998). Emenda Constitucional n\u00ba 19\/1998.<\/p><h4 class=\"wp-block-heading\">Observa\u00e7\u00e3o<\/h4><p>Veja PSV 8 (DJe n\u00ba 213 de 13\/11\/2009), que aprovou a S\u00famula Vinculante 16.<\/p><h4 class=\"wp-block-heading\">Precedentes<\/h4><p>RE 582019 QO-RG Publica\u00e7\u00e3o: DJe n\u00ba 30 de 13\/02\/2009 AI 601522 AgR Publica\u00e7\u00e3o: DJe n\u00ba 121 de 11\/10\/2007 AI 492967 AgR Publica\u00e7\u00e3o: DJ de 08\/04\/2005 RE 265129 Publica\u00e7\u00e3o: DJ de 14\/11\/2002 RE 197072 Publica\u00e7\u00e3o: DJ de 08\/06\/2001 RE 199098 Publica\u00e7\u00e3o: DJ de 18\/05\/2001<\/p>\n<h2 class=\"wp-block-heading\">Saiba mais sobre S\u00famulas Vinculantes<\/h2>\n\n\n\n<p><a class=\"rank-math-link\" href=\"https:\/\/advbox.com.br\/blog\/o-que-e-uma-sumula-vinculante\/\" target=\"_blank\"><strong>O que \u00e9 uma s\u00famula vinculante?<\/strong><\/a><\/p>\n\n\n\n<p><a href=\"https:\/\/advbox.com.br\/blog\/vinculados-pela-sumula-vinculante\/\" class=\"rank-math-link\" target=\"_blank\"><strong>Quem s\u00e3o aqueles vinculados pela s\u00famula vinculante?<\/strong><\/a><\/p>\n\n\n\n<p><a class=\"rank-math-link\" href=\"https:\/\/advbox.com.br\/blog\/relacao-das-sumulas-vinculantes\/\" target=\"_blank\"><strong>Quantas s\u00famulas vinculantes t\u00eam o STF?<\/strong><\/a><\/p>\n<figure class=\"wp-block-image size-large\"><a href=\"https:\/\/advbox.com.br\/\" target=\"_blank\"><img fetchpriority=\"high\" decoding=\"async\" width=\"1024\" height=\"309\" src=\"https:\/\/advbox.com.br\/blog\/wp-content\/uploads\/2018\/08\/cta-nova-trial-1024x309.png\" alt=\"\" class=\"wp-image-15975\" srcset=\"https:\/\/advbox.com.br\/blog\/wp-content\/uploads\/2018\/08\/cta-nova-trial.png 1024w, https:\/\/advbox.com.br\/blog\/wp-content\/uploads\/2018\/08\/cta-nova-trial-300x91.png 300w, https:\/\/advbox.com.br\/blog\/wp-content\/uploads\/2018\/08\/cta-nova-trial-768x232.png 768w\" sizes=\"(max-width: 1024px) 100vw, 1024px\" \/><\/a><\/figure>\n","protected":false},"excerpt":{"rendered":"<p>Enunciado da S\u00famula Vinculante n\u00ba 16 Os artigos 7\u00ba, IV, e 39, \u00a7 3\u00ba (reda\u00e7\u00e3o da EC 19\/98), da Constitui\u00e7\u00e3o, referem-se ao total da remunera\u00e7\u00e3o percebida pelo servidor p\u00fablico. Data de Aprova\u00e7\u00e3o Sess\u00e3o Plen\u00e1ria de 25\/06\/2009 Fonte de publica\u00e7\u00e3o DJe n\u00ba 121 de 01\/07\/2009, p. 1. DOU de 01\/07\/2009, p. [&hellip;]<\/p>\n","protected":false},"author":43,"featured_media":29744,"parent":0,"menu_order":0,"comment_status":"closed","ping_status":"closed","template":"","meta":{"_acf_changed":false,"om_disable_all_campaigns":false,"footnotes":""},"class_list":["post-25371","page","type-page","status-publish","has-post-thumbnail","hentry"],"acf":[],"yoast_head":"<!-- This site is optimized with the Yoast SEO plugin v26.9 - https:\/\/yoast.com\/product\/yoast-seo-wordpress\/ -->\n<title>S\u00famula vinculante 16 do STF<\/title>\n<meta name=\"description\" content=\"S\u00famula vinculante 16 do STF - Peti\u00e7\u00f5es, Artigos jur\u00eddicos, jurisprud\u00eancias no site da ADVBOX.\" \/>\n<meta name=\"robots\" content=\"index, follow, max-snippet:-1, max-image-preview:large, max-video-preview:-1\" \/>\n<link rel=\"canonical\" href=\"https:\/\/advbox.com.br\/blog\/sumula-vinculante-16-do-stf\/\" \/>\n<meta property=\"og:locale\" content=\"pt_BR\" \/>\n<meta property=\"og:type\" content=\"article\" \/>\n<meta property=\"og:title\" content=\"S\u00famula vinculante 16 do STF\" \/>\n<meta property=\"og:description\" content=\"S\u00famula vinculante 16 do STF - Peti\u00e7\u00f5es, Artigos jur\u00eddicos, jurisprud\u00eancias no site da ADVBOX.\" \/>\n<meta property=\"og:url\" content=\"https:\/\/advbox.com.br\/blog\/sumula-vinculante-16-do-stf\/\" \/>\n<meta property=\"og:site_name\" content=\"Software Jur\u00eddico Completo - ADVBOX\" \/>\n<meta property=\"article:publisher\" content=\"https:\/\/www.facebook.com\/advbox\/\" \/>\n<meta property=\"article:modified_time\" content=\"2024-10-11T20:09:28+00:00\" \/>\n<meta property=\"og:image\" content=\"https:\/\/advbox.com.br\/blog\/wp-content\/uploads\/2021\/04\/peticao-advbox-8.jpg\" \/>\n\t<meta property=\"og:image:width\" content=\"626\" \/>\n\t<meta property=\"og:image:height\" content=\"417\" \/>\n\t<meta property=\"og:image:type\" content=\"image\/jpeg\" \/>\n<meta name=\"twitter:card\" content=\"summary_large_image\" \/>\n<meta name=\"twitter:site\" content=\"@advbox2\" \/>\n<script type=\"application\/ld+json\" class=\"yoast-schema-graph\">{\"@context\":\"https:\/\/schema.org\",\"@graph\":[{\"@type\":\"WebPage\",\"@id\":\"https:\/\/advbox.com.br\/blog\/sumula-vinculante-16-do-stf\/\",\"url\":\"https:\/\/advbox.com.br\/blog\/sumula-vinculante-16-do-stf\/\",\"name\":\"S\u00famula vinculante 16 do STF\",\"isPartOf\":{\"@id\":\"https:\/\/advbox.com.br\/blog\/#website\"},\"primaryImageOfPage\":{\"@id\":\"https:\/\/advbox.com.br\/blog\/sumula-vinculante-16-do-stf\/#primaryimage\"},\"image\":{\"@id\":\"https:\/\/advbox.com.br\/blog\/sumula-vinculante-16-do-stf\/#primaryimage\"},\"thumbnailUrl\":\"https:\/\/advbox.com.br\/blog\/wp-content\/uploads\/2021\/04\/peticao-advbox-8.jpg\",\"datePublished\":\"2021-03-14T03:57:06+00:00\",\"dateModified\":\"2024-10-11T20:09:28+00:00\",\"description\":\"S\u00famula vinculante 16 do STF - Peti\u00e7\u00f5es, Artigos jur\u00eddicos, jurisprud\u00eancias no site da ADVBOX.\",\"breadcrumb\":{\"@id\":\"https:\/\/advbox.com.br\/blog\/sumula-vinculante-16-do-stf\/#breadcrumb\"},\"inLanguage\":\"pt-BR\",\"potentialAction\":[{\"@type\":\"ReadAction\",\"target\":[\"https:\/\/advbox.com.br\/blog\/sumula-vinculante-16-do-stf\/\"]}]},{\"@type\":\"ImageObject\",\"inLanguage\":\"pt-BR\",\"@id\":\"https:\/\/advbox.com.br\/blog\/sumula-vinculante-16-do-stf\/#primaryimage\",\"url\":\"https:\/\/advbox.com.br\/blog\/wp-content\/uploads\/2021\/04\/peticao-advbox-8.jpg\",\"contentUrl\":\"https:\/\/advbox.com.br\/blog\/wp-content\/uploads\/2021\/04\/peticao-advbox-8.jpg\",\"width\":626,\"height\":417,\"caption\":\"Peti\u00e7\u00e3o trabalhista\"},{\"@type\":\"BreadcrumbList\",\"@id\":\"https:\/\/advbox.com.br\/blog\/sumula-vinculante-16-do-stf\/#breadcrumb\",\"itemListElement\":[{\"@type\":\"ListItem\",\"position\":1,\"name\":\"In\u00edcio\",\"item\":\"https:\/\/advbox.com.br\/blog\/\"},{\"@type\":\"ListItem\",\"position\":2,\"name\":\"S\u00famula vinculante 16 do STF\"}]},{\"@type\":\"WebSite\",\"@id\":\"https:\/\/advbox.com.br\/blog\/#website\",\"url\":\"https:\/\/advbox.com.br\/blog\/\",\"name\":\"Software Jur\u00eddico Completo - ADVBOX\",\"description\":\"Plataforma para Advocacia Digital\",\"publisher\":{\"@id\":\"https:\/\/advbox.com.br\/blog\/#organization\"},\"potentialAction\":[{\"@type\":\"SearchAction\",\"target\":{\"@type\":\"EntryPoint\",\"urlTemplate\":\"https:\/\/advbox.com.br\/blog\/?s={search_term_string}\"},\"query-input\":{\"@type\":\"PropertyValueSpecification\",\"valueRequired\":true,\"valueName\":\"search_term_string\"}}],\"inLanguage\":\"pt-BR\"},{\"@type\":\"Organization\",\"@id\":\"https:\/\/advbox.com.br\/blog\/#organization\",\"name\":\"ADVBOX Blog - Software jur\u00eddico da advocacia digital\",\"url\":\"https:\/\/advbox.com.br\/blog\/\",\"logo\":{\"@type\":\"ImageObject\",\"inLanguage\":\"pt-BR\",\"@id\":\"https:\/\/advbox.com.br\/blog\/#\/schema\/logo\/image\/\",\"url\":\"https:\/\/advbox.com.br\/blog\/wp-content\/uploads\/2019\/12\/Como-aumentar-a-produtividade_.jpg\",\"contentUrl\":\"https:\/\/advbox.com.br\/blog\/wp-content\/uploads\/2019\/12\/Como-aumentar-a-produtividade_.jpg\",\"width\":320,\"height\":213,\"caption\":\"ADVBOX Blog - Software jur\u00eddico da advocacia digital\"},\"image\":{\"@id\":\"https:\/\/advbox.com.br\/blog\/#\/schema\/logo\/image\/\"},\"sameAs\":[\"https:\/\/www.facebook.com\/advbox\/\",\"https:\/\/x.com\/advbox2\"]}]}<\/script>\n<!-- \/ Yoast SEO plugin. -->","yoast_head_json":{"title":"S\u00famula vinculante 16 do STF","description":"S\u00famula vinculante 16 do STF - Peti\u00e7\u00f5es, Artigos jur\u00eddicos, jurisprud\u00eancias no site da ADVBOX.","robots":{"index":"index","follow":"follow","max-snippet":"max-snippet:-1","max-image-preview":"max-image-preview:large","max-video-preview":"max-video-preview:-1"},"canonical":"https:\/\/advbox.com.br\/blog\/sumula-vinculante-16-do-stf\/","og_locale":"pt_BR","og_type":"article","og_title":"S\u00famula vinculante 16 do STF","og_description":"S\u00famula vinculante 16 do STF - Peti\u00e7\u00f5es, Artigos jur\u00eddicos, jurisprud\u00eancias no site da ADVBOX.","og_url":"https:\/\/advbox.com.br\/blog\/sumula-vinculante-16-do-stf\/","og_site_name":"Software Jur\u00eddico Completo - ADVBOX","article_publisher":"https:\/\/www.facebook.com\/advbox\/","article_modified_time":"2024-10-11T20:09:28+00:00","og_image":[{"width":626,"height":417,"url":"https:\/\/advbox.com.br\/blog\/wp-content\/uploads\/2021\/04\/peticao-advbox-8.jpg","type":"image\/jpeg"}],"twitter_card":"summary_large_image","twitter_site":"@advbox2","schema":{"@context":"https:\/\/schema.org","@graph":[{"@type":"WebPage","@id":"https:\/\/advbox.com.br\/blog\/sumula-vinculante-16-do-stf\/","url":"https:\/\/advbox.com.br\/blog\/sumula-vinculante-16-do-stf\/","name":"S\u00famula vinculante 16 do STF","isPartOf":{"@id":"https:\/\/advbox.com.br\/blog\/#website"},"primaryImageOfPage":{"@id":"https:\/\/advbox.com.br\/blog\/sumula-vinculante-16-do-stf\/#primaryimage"},"image":{"@id":"https:\/\/advbox.com.br\/blog\/sumula-vinculante-16-do-stf\/#primaryimage"},"thumbnailUrl":"https:\/\/advbox.com.br\/blog\/wp-content\/uploads\/2021\/04\/peticao-advbox-8.jpg","datePublished":"2021-03-14T03:57:06+00:00","dateModified":"2024-10-11T20:09:28+00:00","description":"S\u00famula vinculante 16 do STF - Peti\u00e7\u00f5es, Artigos jur\u00eddicos, jurisprud\u00eancias no site da ADVBOX.","breadcrumb":{"@id":"https:\/\/advbox.com.br\/blog\/sumula-vinculante-16-do-stf\/#breadcrumb"},"inLanguage":"pt-BR","potentialAction":[{"@type":"ReadAction","target":["https:\/\/advbox.com.br\/blog\/sumula-vinculante-16-do-stf\/"]}]},{"@type":"ImageObject","inLanguage":"pt-BR","@id":"https:\/\/advbox.com.br\/blog\/sumula-vinculante-16-do-stf\/#primaryimage","url":"https:\/\/advbox.com.br\/blog\/wp-content\/uploads\/2021\/04\/peticao-advbox-8.jpg","contentUrl":"https:\/\/advbox.com.br\/blog\/wp-content\/uploads\/2021\/04\/peticao-advbox-8.jpg","width":626,"height":417,"caption":"Peti\u00e7\u00e3o trabalhista"},{"@type":"BreadcrumbList","@id":"https:\/\/advbox.com.br\/blog\/sumula-vinculante-16-do-stf\/#breadcrumb","itemListElement":[{"@type":"ListItem","position":1,"name":"In\u00edcio","item":"https:\/\/advbox.com.br\/blog\/"},{"@type":"ListItem","position":2,"name":"S\u00famula vinculante 16 do STF"}]},{"@type":"WebSite","@id":"https:\/\/advbox.com.br\/blog\/#website","url":"https:\/\/advbox.com.br\/blog\/","name":"Software Jur\u00eddico Completo - ADVBOX","description":"Plataforma para Advocacia Digital","publisher":{"@id":"https:\/\/advbox.com.br\/blog\/#organization"},"potentialAction":[{"@type":"SearchAction","target":{"@type":"EntryPoint","urlTemplate":"https:\/\/advbox.com.br\/blog\/?s={search_term_string}"},"query-input":{"@type":"PropertyValueSpecification","valueRequired":true,"valueName":"search_term_string"}}],"inLanguage":"pt-BR"},{"@type":"Organization","@id":"https:\/\/advbox.com.br\/blog\/#organization","name":"ADVBOX Blog - Software jur\u00eddico da advocacia digital","url":"https:\/\/advbox.com.br\/blog\/","logo":{"@type":"ImageObject","inLanguage":"pt-BR","@id":"https:\/\/advbox.com.br\/blog\/#\/schema\/logo\/image\/","url":"https:\/\/advbox.com.br\/blog\/wp-content\/uploads\/2019\/12\/Como-aumentar-a-produtividade_.jpg","contentUrl":"https:\/\/advbox.com.br\/blog\/wp-content\/uploads\/2019\/12\/Como-aumentar-a-produtividade_.jpg","width":320,"height":213,"caption":"ADVBOX Blog - Software jur\u00eddico da advocacia digital"},"image":{"@id":"https:\/\/advbox.com.br\/blog\/#\/schema\/logo\/image\/"},"sameAs":["https:\/\/www.facebook.com\/advbox\/","https:\/\/x.com\/advbox2"]}]}},"_links":{"self":[{"href":"https:\/\/advbox.com.br\/blog\/wp-json\/wp\/v2\/pages\/25371","targetHints":{"allow":["GET"]}}],"collection":[{"href":"https:\/\/advbox.com.br\/blog\/wp-json\/wp\/v2\/pages"}],"about":[{"href":"https:\/\/advbox.com.br\/blog\/wp-json\/wp\/v2\/types\/page"}],"author":[{"embeddable":true,"href":"https:\/\/advbox.com.br\/blog\/wp-json\/wp\/v2\/users\/43"}],"replies":[{"embeddable":true,"href":"https:\/\/advbox.com.br\/blog\/wp-json\/wp\/v2\/comments?post=25371"}],"version-history":[{"count":3,"href":"https:\/\/advbox.com.br\/blog\/wp-json\/wp\/v2\/pages\/25371\/revisions"}],"predecessor-version":[{"id":67797,"href":"https:\/\/advbox.com.br\/blog\/wp-json\/wp\/v2\/pages\/25371\/revisions\/67797"}],"wp:featuredmedia":[{"embeddable":true,"href":"https:\/\/advbox.com.br\/blog\/wp-json\/wp\/v2\/media\/29744"}],"wp:attachment":[{"href":"https:\/\/advbox.com.br\/blog\/wp-json\/wp\/v2\/media?parent=25371"}],"curies":[{"name":"wp","href":"https:\/\/api.w.org\/{rel}","templated":true}]}}