{"id":25991,"date":"2021-03-17T02:49:19","date_gmt":"2021-03-17T05:49:19","guid":{"rendered":"https:\/\/advbox.com.br\/blog\/?page_id=25991"},"modified":"2024-10-11T17:14:55","modified_gmt":"2024-10-11T20:14:55","slug":"sumula-vinculante-41-do-stf","status":"publish","type":"page","link":"https:\/\/advbox.com.br\/blog\/sumula-vinculante-41-do-stf\/","title":{"rendered":"S\u00famula vinculante 41 do STF"},"content":{"rendered":"<h4 class=\"wp-block-heading\">Enunciado da S\u00famula Vinculante n\u00ba 41<\/h4><p>O servi\u00e7o de ilumina\u00e7\u00e3o p\u00fablica n\u00e3o pode ser remunerado mediante taxa.<\/p><h4 class=\"wp-block-heading\">Data de Aprova\u00e7\u00e3o<\/h4><p>Sess\u00e3o Plen\u00e1ria de 11\/03\/2015<\/p><h4 class=\"wp-block-heading\">Fonte de publica\u00e7\u00e3o<\/h4><p>DJe n\u00ba 55 de 20\/03\/2015, p. 2. DOU de 20\/03\/2015, p. 1.<\/p><h4 class=\"wp-block-heading\">Refer\u00eancia Legislativa<\/h4><p>Constitui\u00e7\u00e3o Federal de 1988, art. 145, II. S\u00famula 670 do Supremo Tribunal Federal.<\/p><h4 class=\"wp-block-heading\">Observa\u00e7\u00e3o<\/h4><p>&#8211; Veja S\u00famula 670. &#8211; Veja PSV 98 (DJe n\u00ba 92 de 19\/05\/2015), que aprovou a S\u00famula Vinculante 41.<\/p><h4 class=\"wp-block-heading\">Precedentes<\/h4><p>AI 588248 AgR Publica\u00e7\u00e3o: DJe n\u00ba 64 de 29\/03\/2012 AI 644088 AgR Publica\u00e7\u00e3o: DJe n\u00ba 93 de 18\/05\/2011 AI 595728 AgR Publica\u00e7\u00e3o: DJe n\u00ba 159 de 27\/08\/2010 AI 630498 AgR Publica\u00e7\u00e3o: DJe n\u00ba 118 de 26\/06\/2009 RE 573675 Publica\u00e7\u00e3o: DJe n\u00ba 94 de 22\/05\/2009 AI 479587 AgR Publica\u00e7\u00e3o: DJe n\u00ba 53 de 20\/03\/2009 AI 502557 AgR Publica\u00e7\u00e3o: DJe n\u00ba 236 de 12\/12\/2008 AI 635933 AgR Publica\u00e7\u00e3o: DJe n\u00ba 70 de 18\/04\/2008 AI 598021 AgR Publica\u00e7\u00e3o: DJe n\u00ba 126 de 19\/10\/2007 AI 634030 AgR Publica\u00e7\u00e3o: DJe n\u00ba 112 de 28\/09\/2007 RE 410954 AgR Publica\u00e7\u00e3o: DJ de 31\/08\/2007 RE 510336 AgR Publica\u00e7\u00e3o: DJ de 11\/05\/2007 AI 623838 AgR Publica\u00e7\u00e3o: DJ de 11\/05\/2007 AI 560359 AgR Publica\u00e7\u00e3o: DJ de 27\/04\/2007 AI 481619 AgR Publica\u00e7\u00e3o: DJ de 20\/04\/2007 AI 438366 AgR-AgR Publica\u00e7\u00e3o: DJ de 30\/03\/2007 AI 470575 AgR Publica\u00e7\u00e3o: DJ de 09\/03\/2007 AI 612075 AgR Publica\u00e7\u00e3o: DJ de 02\/03\/2007 AI 527854 AgR Publica\u00e7\u00e3o: DJ de 16\/02\/2007 AI 566965 AgR Publica\u00e7\u00e3o: DJ de 16\/02\/2007 AI 618121 AgR Publica\u00e7\u00e3o: DJ de 16\/02\/2007 AI 486301 AgR Publica\u00e7\u00e3o: DJ de 16\/02\/2007 RE 458933 AgR Publica\u00e7\u00e3o: DJ de 09\/02\/2007 AI 346772 AgR Publica\u00e7\u00e3o: DJ de 09\/02\/2007 AI 513465 AgR Publica\u00e7\u00e3o: DJ de 09\/02\/2007 AI 542380 AgR Publica\u00e7\u00e3o: DJ de 07\/12\/2006 AI 457657 AgR Publica\u00e7\u00e3o: DJ de 07\/12\/2006 AI 592861 AgR Publica\u00e7\u00e3o: DJ de 01\/12\/2006 RE 489428 AgR Publica\u00e7\u00e3o: DJ de 01\/12\/2006 AI 470434 AgR Publica\u00e7\u00e3o: DJ de 06\/11\/2006 AI 582280 AgR Publica\u00e7\u00e3o: DJ de 06\/11\/2006 AI 476262 ED Publica\u00e7\u00e3o: DJ de 15\/09\/2006 AI 463910 AgR Publica\u00e7\u00e3o: DJ de 08\/09\/2006 AI 542122 AgR Publica\u00e7\u00e3o: DJ de 22\/09\/2006 AI 417958 AgR Publica\u00e7\u00e3o: DJ de 25\/08\/2006 AI 579884 AgR Publica\u00e7\u00e3o: DJ de 04\/08\/2006 AI 583057 AgR Publica\u00e7\u00e3o: DJ de 16\/06\/2006 AI 516410 ED Publica\u00e7\u00e3o: DJ de 02\/06\/2006 RE 403613 AgR Publica\u00e7\u00e3o: DJ de 28\/04\/2006 AI 512729 AgR Publica\u00e7\u00e3o: DJ de 09\/12\/2005 AI 501679 AgR Publica\u00e7\u00e3o: DJ de 14\/10\/2005 AI 501706 AgR Publica\u00e7\u00e3o: DJ de 06\/05\/2005 AI 518827 AgR Publica\u00e7\u00e3o: DJ de 18\/03\/2005 RE 345416 AgR Publica\u00e7\u00e3o: DJ de 04\/02\/2005 AI 474335 AgR Publica\u00e7\u00e3o: DJ de 04\/02\/2005 AI 470599 AgR Publica\u00e7\u00e3o: DJ de 26\/11\/2004 AI 477132 AgR Publica\u00e7\u00e3o: DJ de 17\/09\/2004 AI 478398 AgR Publica\u00e7\u00e3o: DJ de 17\/09\/2004 AI 487088 AgR Publica\u00e7\u00e3o: DJ de 18\/06\/2004 AI 456186 AgR Publica\u00e7\u00e3o: DJ de 23\/04\/2004 RE 385955 AgR Publica\u00e7\u00e3o: DJ de 26\/09\/2003 AI 400658 AgR Publica\u00e7\u00e3o: DJ de 06\/06\/2003 AI 408014 AgR Publica\u00e7\u00e3o: DJ de 25\/04\/2003 RE 234605 Publica\u00e7\u00e3o: DJ de 01\/12\/2000 AI 231132 AgR Publica\u00e7\u00e3o: DJ de 06\/08\/1999 RE 233332 Publica\u00e7\u00e3o: DJ de 14\/05\/1999<\/p>\n<h2 class=\"wp-block-heading\">Saiba mais sobre S\u00famulas Vinculantes<\/h2>\n\n\n\n<p><a class=\"rank-math-link\" href=\"https:\/\/advbox.com.br\/blog\/o-que-e-uma-sumula-vinculante\/\" target=\"_blank\"><strong>O que \u00e9 uma s\u00famula vinculante?<\/strong><\/a><\/p>\n\n\n\n<p><a href=\"https:\/\/advbox.com.br\/blog\/vinculados-pela-sumula-vinculante\/\" class=\"rank-math-link\" target=\"_blank\"><strong>Quem s\u00e3o aqueles vinculados pela s\u00famula vinculante?<\/strong><\/a><\/p>\n\n\n\n<p><a class=\"rank-math-link\" href=\"https:\/\/advbox.com.br\/blog\/relacao-das-sumulas-vinculantes\/\" target=\"_blank\"><strong>Quantas s\u00famulas vinculantes t\u00eam o STF?<\/strong><\/a><\/p>\n<figure class=\"wp-block-image size-large\"><a href=\"https:\/\/advbox.com.br\/\" target=\"_blank\"><img fetchpriority=\"high\" decoding=\"async\" width=\"1024\" height=\"309\" src=\"https:\/\/advbox.com.br\/blog\/wp-content\/uploads\/2018\/08\/cta-nova-trial-1024x309.png\" alt=\"\" class=\"wp-image-15975\" srcset=\"https:\/\/advbox.com.br\/blog\/wp-content\/uploads\/2018\/08\/cta-nova-trial.png 1024w, https:\/\/advbox.com.br\/blog\/wp-content\/uploads\/2018\/08\/cta-nova-trial-300x91.png 300w, https:\/\/advbox.com.br\/blog\/wp-content\/uploads\/2018\/08\/cta-nova-trial-768x232.png 768w\" sizes=\"(max-width: 1024px) 100vw, 1024px\" \/><\/a><\/figure>\n","protected":false},"excerpt":{"rendered":"<p>Enunciado da S\u00famula Vinculante n\u00ba 41 O servi\u00e7o de ilumina\u00e7\u00e3o p\u00fablica n\u00e3o pode ser remunerado mediante taxa. Data de Aprova\u00e7\u00e3o Sess\u00e3o Plen\u00e1ria de 11\/03\/2015 Fonte de publica\u00e7\u00e3o DJe n\u00ba 55 de 20\/03\/2015, p. 2. DOU de 20\/03\/2015, p. 1. Refer\u00eancia Legislativa Constitui\u00e7\u00e3o Federal de 1988, art. 145, II. S\u00famula 670 [&hellip;]<\/p>\n","protected":false},"author":43,"featured_media":29753,"parent":0,"menu_order":0,"comment_status":"closed","ping_status":"closed","template":"","meta":{"_acf_changed":false,"om_disable_all_campaigns":false,"footnotes":""},"class_list":["post-25991","page","type-page","status-publish","has-post-thumbnail","hentry"],"acf":[],"yoast_head":"<!-- This site is optimized with the Yoast SEO plugin v26.9 - https:\/\/yoast.com\/product\/yoast-seo-wordpress\/ -->\n<title>S\u00famula vinculante 41 do STF<\/title>\n<meta name=\"description\" content=\"S\u00famula vinculante 41 do STF - Peti\u00e7\u00f5es, Artigos jur\u00eddicos, jurisprud\u00eancias no site da ADVBOX.\" \/>\n<meta name=\"robots\" content=\"index, follow, max-snippet:-1, max-image-preview:large, max-video-preview:-1\" \/>\n<link rel=\"canonical\" href=\"https:\/\/advbox.com.br\/blog\/sumula-vinculante-41-do-stf\/\" \/>\n<meta property=\"og:locale\" content=\"pt_BR\" \/>\n<meta property=\"og:type\" content=\"article\" \/>\n<meta property=\"og:title\" content=\"S\u00famula vinculante 41 do STF\" \/>\n<meta property=\"og:description\" content=\"S\u00famula vinculante 41 do STF - Peti\u00e7\u00f5es, Artigos jur\u00eddicos, jurisprud\u00eancias no site da ADVBOX.\" \/>\n<meta property=\"og:url\" content=\"https:\/\/advbox.com.br\/blog\/sumula-vinculante-41-do-stf\/\" \/>\n<meta property=\"og:site_name\" content=\"Software Jur\u00eddico Completo - ADVBOX\" \/>\n<meta property=\"article:publisher\" content=\"https:\/\/www.facebook.com\/advbox\/\" \/>\n<meta property=\"article:modified_time\" content=\"2024-10-11T20:14:55+00:00\" \/>\n<meta property=\"og:image\" content=\"https:\/\/advbox.com.br\/blog\/wp-content\/uploads\/2021\/04\/peticao-advbox-1.jpg\" \/>\n\t<meta property=\"og:image:width\" content=\"626\" \/>\n\t<meta property=\"og:image:height\" content=\"417\" \/>\n\t<meta property=\"og:image:type\" content=\"image\/jpeg\" \/>\n<meta name=\"twitter:card\" content=\"summary_large_image\" \/>\n<meta name=\"twitter:site\" content=\"@advbox2\" \/>\n<script type=\"application\/ld+json\" class=\"yoast-schema-graph\">{\"@context\":\"https:\/\/schema.org\",\"@graph\":[{\"@type\":\"WebPage\",\"@id\":\"https:\/\/advbox.com.br\/blog\/sumula-vinculante-41-do-stf\/\",\"url\":\"https:\/\/advbox.com.br\/blog\/sumula-vinculante-41-do-stf\/\",\"name\":\"S\u00famula vinculante 41 do STF\",\"isPartOf\":{\"@id\":\"https:\/\/advbox.com.br\/blog\/#website\"},\"primaryImageOfPage\":{\"@id\":\"https:\/\/advbox.com.br\/blog\/sumula-vinculante-41-do-stf\/#primaryimage\"},\"image\":{\"@id\":\"https:\/\/advbox.com.br\/blog\/sumula-vinculante-41-do-stf\/#primaryimage\"},\"thumbnailUrl\":\"https:\/\/advbox.com.br\/blog\/wp-content\/uploads\/2021\/04\/peticao-advbox-1.jpg\",\"datePublished\":\"2021-03-17T05:49:19+00:00\",\"dateModified\":\"2024-10-11T20:14:55+00:00\",\"description\":\"S\u00famula vinculante 41 do STF - Peti\u00e7\u00f5es, Artigos jur\u00eddicos, jurisprud\u00eancias no site da ADVBOX.\",\"breadcrumb\":{\"@id\":\"https:\/\/advbox.com.br\/blog\/sumula-vinculante-41-do-stf\/#breadcrumb\"},\"inLanguage\":\"pt-BR\",\"potentialAction\":[{\"@type\":\"ReadAction\",\"target\":[\"https:\/\/advbox.com.br\/blog\/sumula-vinculante-41-do-stf\/\"]}]},{\"@type\":\"ImageObject\",\"inLanguage\":\"pt-BR\",\"@id\":\"https:\/\/advbox.com.br\/blog\/sumula-vinculante-41-do-stf\/#primaryimage\",\"url\":\"https:\/\/advbox.com.br\/blog\/wp-content\/uploads\/2021\/04\/peticao-advbox-1.jpg\",\"contentUrl\":\"https:\/\/advbox.com.br\/blog\/wp-content\/uploads\/2021\/04\/peticao-advbox-1.jpg\",\"width\":626,\"height\":417,\"caption\":\"Peti\u00e7\u00e3o trabalhista\"},{\"@type\":\"BreadcrumbList\",\"@id\":\"https:\/\/advbox.com.br\/blog\/sumula-vinculante-41-do-stf\/#breadcrumb\",\"itemListElement\":[{\"@type\":\"ListItem\",\"position\":1,\"name\":\"In\u00edcio\",\"item\":\"https:\/\/advbox.com.br\/blog\/\"},{\"@type\":\"ListItem\",\"position\":2,\"name\":\"S\u00famula vinculante 41 do STF\"}]},{\"@type\":\"WebSite\",\"@id\":\"https:\/\/advbox.com.br\/blog\/#website\",\"url\":\"https:\/\/advbox.com.br\/blog\/\",\"name\":\"Software Jur\u00eddico Completo - ADVBOX\",\"description\":\"Plataforma para Advocacia Digital\",\"publisher\":{\"@id\":\"https:\/\/advbox.com.br\/blog\/#organization\"},\"potentialAction\":[{\"@type\":\"SearchAction\",\"target\":{\"@type\":\"EntryPoint\",\"urlTemplate\":\"https:\/\/advbox.com.br\/blog\/?s={search_term_string}\"},\"query-input\":{\"@type\":\"PropertyValueSpecification\",\"valueRequired\":true,\"valueName\":\"search_term_string\"}}],\"inLanguage\":\"pt-BR\"},{\"@type\":\"Organization\",\"@id\":\"https:\/\/advbox.com.br\/blog\/#organization\",\"name\":\"ADVBOX Blog - Software jur\u00eddico da advocacia digital\",\"url\":\"https:\/\/advbox.com.br\/blog\/\",\"logo\":{\"@type\":\"ImageObject\",\"inLanguage\":\"pt-BR\",\"@id\":\"https:\/\/advbox.com.br\/blog\/#\/schema\/logo\/image\/\",\"url\":\"https:\/\/advbox.com.br\/blog\/wp-content\/uploads\/2019\/12\/Como-aumentar-a-produtividade_.jpg\",\"contentUrl\":\"https:\/\/advbox.com.br\/blog\/wp-content\/uploads\/2019\/12\/Como-aumentar-a-produtividade_.jpg\",\"width\":320,\"height\":213,\"caption\":\"ADVBOX Blog - Software jur\u00eddico da advocacia digital\"},\"image\":{\"@id\":\"https:\/\/advbox.com.br\/blog\/#\/schema\/logo\/image\/\"},\"sameAs\":[\"https:\/\/www.facebook.com\/advbox\/\",\"https:\/\/x.com\/advbox2\"]}]}<\/script>\n<!-- \/ Yoast SEO plugin. -->","yoast_head_json":{"title":"S\u00famula vinculante 41 do STF","description":"S\u00famula vinculante 41 do STF - Peti\u00e7\u00f5es, Artigos jur\u00eddicos, jurisprud\u00eancias no site da ADVBOX.","robots":{"index":"index","follow":"follow","max-snippet":"max-snippet:-1","max-image-preview":"max-image-preview:large","max-video-preview":"max-video-preview:-1"},"canonical":"https:\/\/advbox.com.br\/blog\/sumula-vinculante-41-do-stf\/","og_locale":"pt_BR","og_type":"article","og_title":"S\u00famula vinculante 41 do STF","og_description":"S\u00famula vinculante 41 do STF - Peti\u00e7\u00f5es, Artigos jur\u00eddicos, jurisprud\u00eancias no site da ADVBOX.","og_url":"https:\/\/advbox.com.br\/blog\/sumula-vinculante-41-do-stf\/","og_site_name":"Software Jur\u00eddico Completo - ADVBOX","article_publisher":"https:\/\/www.facebook.com\/advbox\/","article_modified_time":"2024-10-11T20:14:55+00:00","og_image":[{"width":626,"height":417,"url":"https:\/\/advbox.com.br\/blog\/wp-content\/uploads\/2021\/04\/peticao-advbox-1.jpg","type":"image\/jpeg"}],"twitter_card":"summary_large_image","twitter_site":"@advbox2","schema":{"@context":"https:\/\/schema.org","@graph":[{"@type":"WebPage","@id":"https:\/\/advbox.com.br\/blog\/sumula-vinculante-41-do-stf\/","url":"https:\/\/advbox.com.br\/blog\/sumula-vinculante-41-do-stf\/","name":"S\u00famula vinculante 41 do STF","isPartOf":{"@id":"https:\/\/advbox.com.br\/blog\/#website"},"primaryImageOfPage":{"@id":"https:\/\/advbox.com.br\/blog\/sumula-vinculante-41-do-stf\/#primaryimage"},"image":{"@id":"https:\/\/advbox.com.br\/blog\/sumula-vinculante-41-do-stf\/#primaryimage"},"thumbnailUrl":"https:\/\/advbox.com.br\/blog\/wp-content\/uploads\/2021\/04\/peticao-advbox-1.jpg","datePublished":"2021-03-17T05:49:19+00:00","dateModified":"2024-10-11T20:14:55+00:00","description":"S\u00famula vinculante 41 do STF - Peti\u00e7\u00f5es, Artigos jur\u00eddicos, jurisprud\u00eancias no site da ADVBOX.","breadcrumb":{"@id":"https:\/\/advbox.com.br\/blog\/sumula-vinculante-41-do-stf\/#breadcrumb"},"inLanguage":"pt-BR","potentialAction":[{"@type":"ReadAction","target":["https:\/\/advbox.com.br\/blog\/sumula-vinculante-41-do-stf\/"]}]},{"@type":"ImageObject","inLanguage":"pt-BR","@id":"https:\/\/advbox.com.br\/blog\/sumula-vinculante-41-do-stf\/#primaryimage","url":"https:\/\/advbox.com.br\/blog\/wp-content\/uploads\/2021\/04\/peticao-advbox-1.jpg","contentUrl":"https:\/\/advbox.com.br\/blog\/wp-content\/uploads\/2021\/04\/peticao-advbox-1.jpg","width":626,"height":417,"caption":"Peti\u00e7\u00e3o trabalhista"},{"@type":"BreadcrumbList","@id":"https:\/\/advbox.com.br\/blog\/sumula-vinculante-41-do-stf\/#breadcrumb","itemListElement":[{"@type":"ListItem","position":1,"name":"In\u00edcio","item":"https:\/\/advbox.com.br\/blog\/"},{"@type":"ListItem","position":2,"name":"S\u00famula vinculante 41 do STF"}]},{"@type":"WebSite","@id":"https:\/\/advbox.com.br\/blog\/#website","url":"https:\/\/advbox.com.br\/blog\/","name":"Software Jur\u00eddico Completo - ADVBOX","description":"Plataforma para Advocacia Digital","publisher":{"@id":"https:\/\/advbox.com.br\/blog\/#organization"},"potentialAction":[{"@type":"SearchAction","target":{"@type":"EntryPoint","urlTemplate":"https:\/\/advbox.com.br\/blog\/?s={search_term_string}"},"query-input":{"@type":"PropertyValueSpecification","valueRequired":true,"valueName":"search_term_string"}}],"inLanguage":"pt-BR"},{"@type":"Organization","@id":"https:\/\/advbox.com.br\/blog\/#organization","name":"ADVBOX Blog - Software jur\u00eddico da advocacia digital","url":"https:\/\/advbox.com.br\/blog\/","logo":{"@type":"ImageObject","inLanguage":"pt-BR","@id":"https:\/\/advbox.com.br\/blog\/#\/schema\/logo\/image\/","url":"https:\/\/advbox.com.br\/blog\/wp-content\/uploads\/2019\/12\/Como-aumentar-a-produtividade_.jpg","contentUrl":"https:\/\/advbox.com.br\/blog\/wp-content\/uploads\/2019\/12\/Como-aumentar-a-produtividade_.jpg","width":320,"height":213,"caption":"ADVBOX Blog - Software jur\u00eddico da advocacia digital"},"image":{"@id":"https:\/\/advbox.com.br\/blog\/#\/schema\/logo\/image\/"},"sameAs":["https:\/\/www.facebook.com\/advbox\/","https:\/\/x.com\/advbox2"]}]}},"_links":{"self":[{"href":"https:\/\/advbox.com.br\/blog\/wp-json\/wp\/v2\/pages\/25991","targetHints":{"allow":["GET"]}}],"collection":[{"href":"https:\/\/advbox.com.br\/blog\/wp-json\/wp\/v2\/pages"}],"about":[{"href":"https:\/\/advbox.com.br\/blog\/wp-json\/wp\/v2\/types\/page"}],"author":[{"embeddable":true,"href":"https:\/\/advbox.com.br\/blog\/wp-json\/wp\/v2\/users\/43"}],"replies":[{"embeddable":true,"href":"https:\/\/advbox.com.br\/blog\/wp-json\/wp\/v2\/comments?post=25991"}],"version-history":[{"count":3,"href":"https:\/\/advbox.com.br\/blog\/wp-json\/wp\/v2\/pages\/25991\/revisions"}],"predecessor-version":[{"id":67811,"href":"https:\/\/advbox.com.br\/blog\/wp-json\/wp\/v2\/pages\/25991\/revisions\/67811"}],"wp:featuredmedia":[{"embeddable":true,"href":"https:\/\/advbox.com.br\/blog\/wp-json\/wp\/v2\/media\/29753"}],"wp:attachment":[{"href":"https:\/\/advbox.com.br\/blog\/wp-json\/wp\/v2\/media?parent=25991"}],"curies":[{"name":"wp","href":"https:\/\/api.w.org\/{rel}","templated":true}]}}