{"id":26180,"date":"2021-03-18T14:33:06","date_gmt":"2021-03-18T17:33:06","guid":{"rendered":"https:\/\/advbox.com.br\/blog\/?page_id=26180"},"modified":"2024-12-27T15:07:33","modified_gmt":"2024-12-27T18:07:33","slug":"familia-acao-revisional-de-alimentos-sem-fundamentacao","status":"publish","type":"page","link":"https:\/\/advbox.com.br\/blog\/familia-acao-revisional-de-alimentos-sem-fundamentacao\/","title":{"rendered":"Modelo de A\u00e7\u00e3o revisional de alimentos"},"content":{"rendered":"\n<figure class=\"wp-block-image size-large\"><img fetchpriority=\"high\" decoding=\"async\" width=\"1024\" height=\"684\" src=\"https:\/\/advbox.com.br\/blog\/wp-content\/uploads\/2021\/02\/bigstock-Lawyer-Or-Attorney-Working-In-3655251012-1024x684.png\" alt=\"Direitos da personalidade modelo de peti\u00e7\u00e3o\" class=\"wp-image-23183\" srcset=\"https:\/\/advbox.com.br\/blog\/wp-content\/uploads\/2021\/02\/bigstock-Lawyer-Or-Attorney-Working-In-3655251012.png 1024w, https:\/\/advbox.com.br\/blog\/wp-content\/uploads\/2021\/02\/bigstock-Lawyer-Or-Attorney-Working-In-3655251012-500x334.png 500w, https:\/\/advbox.com.br\/blog\/wp-content\/uploads\/2021\/02\/bigstock-Lawyer-Or-Attorney-Working-In-3655251012-768x513.png 768w, https:\/\/advbox.com.br\/blog\/wp-content\/uploads\/2021\/02\/bigstock-Lawyer-Or-Attorney-Working-In-3655251012-1536x1025.png 1536w, https:\/\/advbox.com.br\/blog\/wp-content\/uploads\/2021\/02\/bigstock-Lawyer-Or-Attorney-Working-In-3655251012-2048x1367.png 2048w, https:\/\/advbox.com.br\/blog\/wp-content\/uploads\/2021\/02\/bigstock-Lawyer-Or-Attorney-Working-In-3655251012-360x240.png 360w\" sizes=\"(max-width: 1024px) 100vw, 1024px\" \/><\/figure>\n\n\n\n<p>Todo advogado sabe que n\u00e3o \u00e9 f\u00e1cil fazer um&nbsp;<strong>bom banco de modelos de peti\u00e7\u00f5es, que atenda as especificidades dos diferentes processos&nbsp;<\/strong>no dia a dia do trabalho jur\u00eddico.<\/p>\n\n\n\n<p>Isso exige muito tempo gasto com a pesquisa de peti\u00e7\u00f5es, organiza\u00e7\u00e3o dos arquivos e tamb\u00e9m com a atualiza\u00e7\u00e3o das pe\u00e7as conforme mudan\u00e7as de jurisprud\u00eancia regional ou altera\u00e7\u00f5es em entendimentos de tribunais superiores.:<\/p>\n\n\n\n<p>Por\u00e9m, com a plataforma certa para advocacia digital, \u00e9 poss\u00edvel economizar todo esse tempo gasto<strong>. Basta um \u00fanico membro da equipe atualizar ou alterar algum modelo de pe\u00e7a processual no sistema para atualizar para todos usu\u00e1rios da plataforma!<\/strong><\/p>\n\n\n\n<p>Dessa forma \u00e9 poss\u00edvel&nbsp;<strong>acelerar a produtividade do trabalho jur\u00eddico<\/strong>&nbsp;de maneira bem relevante, al\u00e9m de potencializar ainda mais o crescimento do seu escrit\u00f3rio com os v\u00e1rios outros recursos das ferramentas de advocacia digital.&nbsp;<a href=\"https:\/\/advbox.com.br\/blog\/como-automatizar-seus-modelos-de-peticoes\/\" target=\"_blank\"><strong>Clique abaixo e saiba mais!<\/strong>&nbsp;<\/a><\/p>\n\n\n\n<figure class=\"wp-block-image size-large\"><img decoding=\"async\" width=\"1000\" height=\"276\" src=\"https:\/\/advbox.com.br\/blog\/wp-content\/uploads\/2019\/07\/automatize_a_produ\u00e7\u00e3o_de_suas_peti\u00e7\u00f5es.png\" alt=\"Automatize a produ\u00e7\u00e3o de suas peti\u00e7\u00f5es\" class=\"wp-image-15502\" srcset=\"https:\/\/advbox.com.br\/blog\/wp-content\/uploads\/2019\/07\/automatize_a_produ\u00e7\u00e3o_de_suas_peti\u00e7\u00f5es.png 1000w, https:\/\/advbox.com.br\/blog\/wp-content\/uploads\/2019\/07\/automatize_a_produ\u00e7\u00e3o_de_suas_peti\u00e7\u00f5es-300x83.png 300w, https:\/\/advbox.com.br\/blog\/wp-content\/uploads\/2019\/07\/automatize_a_produ\u00e7\u00e3o_de_suas_peti\u00e7\u00f5es-768x212.png 768w\" sizes=\"(max-width: 1000px) 100vw, 1000px\" loading=\"lazy\" \/><\/figure>\n\n\n\n<h2 class=\"wp-block-heading\">A\u00c7\u00c3O REVISIONAL DE ALIMENTOS &#8211; SEM FUNDAMENTA\u00c7\u00c3O<\/h2>\n\n\n\n<p><strong>EXCELENT\u00cdSSIMO(A)&nbsp;SENHOR(A) DOUTOR(A) JUIZ(A)&nbsp;DE DIREITO DA [[Vara]]VARA DE FAM\u00cdLIA&nbsp;DA&nbsp;[[Comarca]]&nbsp;DE&nbsp;[[Cidade do cliente]]\/[[UF do cliente]].<\/strong><\/p>\n\n\n\n<p><strong>DISTRIBUI\u00c7\u00c3O POR DEPEND\u00caNCIA AOS AUTOS N\u00ba&nbsp;[[N\u00famero CNJ]].<\/strong><\/p>\n\n\n\n<p><strong>[[Nome do cliente]]<\/strong>, [[Nacionalidade do cliente]],&nbsp;[[Estado civil do cliente]],&nbsp;[[Profiss\u00e3o do cliente]], [[Sexo do cliente]],&nbsp;nascido(a)&nbsp;em&nbsp;[[Data de nascimento do cliente]], &nbsp;inscrito(a) no CPF sob n\u00ba&nbsp;[[CPF\/CNPJ do cliente]], RG sob n\u00ba [[RG do cliente]], residente e domiciliado(a) na&nbsp;[[Endere\u00e7o do cliente]], [[Cidade do cliente]]\/[[UF do cliente]], CEP XXXX,&nbsp;com endere\u00e7o eletr\u00f4nico [[E-mail do cliente]], representado nesta a\u00e7\u00e3o por seu\/sua advogado(a),&nbsp;[[Outorgados]], conforme procura\u00e7\u00e3o anexa, com endere\u00e7o profissional na&nbsp;[[Endere\u00e7o do escrit\u00f3rio]],&nbsp;[[Cidade do escrit\u00f3rio]]\/[[UF do escrit\u00f3rio]], vem respeitosamente \u00e0 presen\u00e7a de Vossa Excel\u00eancia,&nbsp;nos termos do artigo 401 do C\u00f3digo Civil Brasileiro c\/c art. 13, \u00a7 1\u00ba da Lei 5.478\/68, propor<\/p>\n\n\n\n<p><strong>A\u00c7\u00c3O REVISIONAL DE PRESTA\u00c7\u00c3O ALIMENT\u00cdCIA<\/strong><\/p>\n\n\n\n<p>em face de&nbsp;<strong>[[Parte contr\u00e1ria]]<\/strong>, (indicar se \u00e9 pessoa f\u00edsica ou jur\u00eddica), com CPF\/CNPJ sob n\u00ba \u2026, com sede na Rua \u2026, n\u00ba&nbsp;\u2026, bairro &#8230;, CEP: \u2026, Munic\u00edpio\u2013 UF, pelas raz\u00f5es de fato e de direito que passa a aduzir e no final requer:<\/p>\n\n\n\n<p><strong>I &#8211; DOS FATOS<\/strong><\/p>\n\n\n\n<p>Em virtude de a\u00e7\u00e3o proposta por sua mulher (ou em virtude de acordo firmado em processo de div\u00f3rcio), o Requerente vem efetuando com pontualidade o pagamento de presta\u00e7\u00e3o aliment\u00edcia mensal de R$ XX (reais), conforme demonstrativos anexos.<\/p>\n\n\n\n<p>Entretanto, por for\u00e7a de dificuldade eventual, sobreveio mudan\u00e7a na sorte do requerente, sens\u00edvel modifica\u00e7\u00e3o na situa\u00e7\u00e3o financeira, que lhe n\u00e3o permite arcar com a responsabilidade, continuar a pagar a presta\u00e7\u00e3o no valor estipulado, conforme documenta\u00e7\u00e3o anexa.<\/p>\n\n\n\n<p><strong>II &#8211; DO DIREITO<\/strong><\/p>\n\n\n\n<p>(DESENVOLVER)<\/p>\n\n\n\n<p><strong>III &#8211; DOS PEDIDOS<\/strong><\/p>\n\n\n\n<p>Ante o exposto, requer:<\/p>\n\n\n\n<p>a)&nbsp;Com fundamento nos artigos 401 do C\u00f3digo Civil e 13, \u00a7 1\u00b0, da Lei n\u00b0 5478\/68, pede a cita\u00e7\u00e3o da requerida para os termos da presente A\u00e7\u00e3o de Revis\u00e3o, em que se espera seja reduzido o valor da presta\u00e7\u00e3o para R$ XX (reais);<\/p>\n\n\n\n<p>b)&nbsp;Provar o alegado por prova documental e oral.<\/p>\n\n\n\n<p>D\u00e1-se \u00e0 causa o valor de <strong>[[Expectativa\/valor da causa]]<\/strong>, nos termos do art. 292, III, do NCPC.<\/p>\n\n\n\n<p>Termos em que,<\/p>\n\n\n\n<p>Pede deferimento.<\/p>\n\n\n\n<p>[[Cidade do escrit\u00f3rio]],&nbsp;[[Dia atual]],&nbsp;[[M\u00eas atual]],&nbsp;[[Ano atual]].<\/p>\n\n\n\n<p><strong>[[Gestores do escrit\u00f3rio]]<\/strong><\/p>\n\n\n\n<figure class=\"wp-block-image size-large\"><img decoding=\"async\" width=\"1024\" height=\"536\" src=\"https:\/\/advbox.com.br\/blog\/wp-content\/uploads\/2020\/10\/advbx_pj_cta_optimoster_controlhe_juridico-1024x536.png\" alt=\"\" class=\"wp-image-23162\" srcset=\"https:\/\/advbox.com.br\/blog\/wp-content\/uploads\/2020\/10\/advbx_pj_cta_optimoster_controlhe_juridico.png 1024w, https:\/\/advbox.com.br\/blog\/wp-content\/uploads\/2020\/10\/advbx_pj_cta_optimoster_controlhe_juridico-500x262.png 500w, https:\/\/advbox.com.br\/blog\/wp-content\/uploads\/2020\/10\/advbx_pj_cta_optimoster_controlhe_juridico-768x402.png 768w\" sizes=\"(max-width: 1024px) 100vw, 1024px\" loading=\"lazy\" \/><\/figure>\n","protected":false},"excerpt":{"rendered":"<p>Todo advogado sabe que n\u00e3o \u00e9 f\u00e1cil fazer um&nbsp;bom banco de modelos de peti\u00e7\u00f5es, que atenda as especificidades dos diferentes processos&nbsp;no dia a dia do trabalho jur\u00eddico. Isso exige muito tempo gasto com a pesquisa de peti\u00e7\u00f5es, organiza\u00e7\u00e3o dos arquivos e tamb\u00e9m com a atualiza\u00e7\u00e3o das pe\u00e7as conforme mudan\u00e7as de [&hellip;]<\/p>\n","protected":false},"author":44,"featured_media":0,"parent":0,"menu_order":0,"comment_status":"closed","ping_status":"closed","template":"","meta":{"_acf_changed":false,"om_disable_all_campaigns":false,"footnotes":""},"class_list":["post-26180","page","type-page","status-publish","hentry"],"acf":[],"yoast_head":"<!-- This site is optimized with the Yoast SEO plugin v26.9 - https:\/\/yoast.com\/product\/yoast-seo-wordpress\/ -->\n<title>Modelo de A\u00e7\u00e3o revisional de alimentos<\/title>\n<meta name=\"description\" content=\"Disponibilizamos para voc\u00ea um modelo de Modelo de A\u00e7\u00e3o revisional de alimentos. ADVBOX\" \/>\n<meta name=\"robots\" content=\"index, follow, max-snippet:-1, max-image-preview:large, max-video-preview:-1\" \/>\n<link rel=\"canonical\" href=\"https:\/\/advbox.com.br\/blog\/familia-acao-revisional-de-alimentos-sem-fundamentacao\/\" \/>\n<meta property=\"og:locale\" content=\"pt_BR\" \/>\n<meta property=\"og:type\" content=\"article\" \/>\n<meta property=\"og:title\" content=\"Modelo de A\u00e7\u00e3o revisional de alimentos\" \/>\n<meta property=\"og:description\" content=\"Disponibilizamos para voc\u00ea um modelo de Modelo de A\u00e7\u00e3o revisional de alimentos. ADVBOX\" \/>\n<meta property=\"og:url\" content=\"https:\/\/advbox.com.br\/blog\/familia-acao-revisional-de-alimentos-sem-fundamentacao\/\" \/>\n<meta property=\"og:site_name\" content=\"Software Jur\u00eddico Completo - ADVBOX\" \/>\n<meta property=\"article:publisher\" content=\"https:\/\/www.facebook.com\/advbox\/\" \/>\n<meta property=\"article:modified_time\" content=\"2024-12-27T18:07:33+00:00\" \/>\n<meta property=\"og:image\" content=\"https:\/\/advbox.com.br\/blog\/wp-content\/uploads\/2021\/02\/bigstock-Lawyer-Or-Attorney-Working-In-3655251012-1024x684.png\" \/>\n<meta name=\"twitter:card\" content=\"summary_large_image\" \/>\n<meta name=\"twitter:site\" content=\"@advbox2\" \/>\n<script type=\"application\/ld+json\" class=\"yoast-schema-graph\">{\"@context\":\"https:\/\/schema.org\",\"@graph\":[{\"@type\":\"WebPage\",\"@id\":\"https:\/\/advbox.com.br\/blog\/familia-acao-revisional-de-alimentos-sem-fundamentacao\/\",\"url\":\"https:\/\/advbox.com.br\/blog\/familia-acao-revisional-de-alimentos-sem-fundamentacao\/\",\"name\":\"Modelo de A\u00e7\u00e3o revisional de alimentos\",\"isPartOf\":{\"@id\":\"https:\/\/advbox.com.br\/blog\/#website\"},\"primaryImageOfPage\":{\"@id\":\"https:\/\/advbox.com.br\/blog\/familia-acao-revisional-de-alimentos-sem-fundamentacao\/#primaryimage\"},\"image\":{\"@id\":\"https:\/\/advbox.com.br\/blog\/familia-acao-revisional-de-alimentos-sem-fundamentacao\/#primaryimage\"},\"thumbnailUrl\":\"https:\/\/advbox.com.br\/blog\/wp-content\/uploads\/2021\/02\/bigstock-Lawyer-Or-Attorney-Working-In-3655251012-1024x684.png\",\"datePublished\":\"2021-03-18T17:33:06+00:00\",\"dateModified\":\"2024-12-27T18:07:33+00:00\",\"description\":\"Disponibilizamos para voc\u00ea um modelo de Modelo de A\u00e7\u00e3o revisional de alimentos. ADVBOX\",\"breadcrumb\":{\"@id\":\"https:\/\/advbox.com.br\/blog\/familia-acao-revisional-de-alimentos-sem-fundamentacao\/#breadcrumb\"},\"inLanguage\":\"pt-BR\",\"potentialAction\":[{\"@type\":\"ReadAction\",\"target\":[\"https:\/\/advbox.com.br\/blog\/familia-acao-revisional-de-alimentos-sem-fundamentacao\/\"]}]},{\"@type\":\"ImageObject\",\"inLanguage\":\"pt-BR\",\"@id\":\"https:\/\/advbox.com.br\/blog\/familia-acao-revisional-de-alimentos-sem-fundamentacao\/#primaryimage\",\"url\":\"https:\/\/advbox.com.br\/blog\/wp-content\/uploads\/2021\/02\/bigstock-Lawyer-Or-Attorney-Working-In-3655251012.png\",\"contentUrl\":\"https:\/\/advbox.com.br\/blog\/wp-content\/uploads\/2021\/02\/bigstock-Lawyer-Or-Attorney-Working-In-3655251012.png\",\"width\":1024,\"height\":684,\"caption\":\"Direitos da personalidade modelo de peti\u00e7\u00e3o\"},{\"@type\":\"BreadcrumbList\",\"@id\":\"https:\/\/advbox.com.br\/blog\/familia-acao-revisional-de-alimentos-sem-fundamentacao\/#breadcrumb\",\"itemListElement\":[{\"@type\":\"ListItem\",\"position\":1,\"name\":\"In\u00edcio\",\"item\":\"https:\/\/advbox.com.br\/blog\/\"},{\"@type\":\"ListItem\",\"position\":2,\"name\":\"Modelo de A\u00e7\u00e3o revisional de alimentos\"}]},{\"@type\":\"WebSite\",\"@id\":\"https:\/\/advbox.com.br\/blog\/#website\",\"url\":\"https:\/\/advbox.com.br\/blog\/\",\"name\":\"Software Jur\u00eddico Completo - ADVBOX\",\"description\":\"Plataforma para Advocacia Digital\",\"publisher\":{\"@id\":\"https:\/\/advbox.com.br\/blog\/#organization\"},\"potentialAction\":[{\"@type\":\"SearchAction\",\"target\":{\"@type\":\"EntryPoint\",\"urlTemplate\":\"https:\/\/advbox.com.br\/blog\/?s={search_term_string}\"},\"query-input\":{\"@type\":\"PropertyValueSpecification\",\"valueRequired\":true,\"valueName\":\"search_term_string\"}}],\"inLanguage\":\"pt-BR\"},{\"@type\":\"Organization\",\"@id\":\"https:\/\/advbox.com.br\/blog\/#organization\",\"name\":\"ADVBOX Blog - Software jur\u00eddico da advocacia digital\",\"url\":\"https:\/\/advbox.com.br\/blog\/\",\"logo\":{\"@type\":\"ImageObject\",\"inLanguage\":\"pt-BR\",\"@id\":\"https:\/\/advbox.com.br\/blog\/#\/schema\/logo\/image\/\",\"url\":\"https:\/\/advbox.com.br\/blog\/wp-content\/uploads\/2019\/12\/Como-aumentar-a-produtividade_.jpg\",\"contentUrl\":\"https:\/\/advbox.com.br\/blog\/wp-content\/uploads\/2019\/12\/Como-aumentar-a-produtividade_.jpg\",\"width\":320,\"height\":213,\"caption\":\"ADVBOX Blog - Software jur\u00eddico da advocacia digital\"},\"image\":{\"@id\":\"https:\/\/advbox.com.br\/blog\/#\/schema\/logo\/image\/\"},\"sameAs\":[\"https:\/\/www.facebook.com\/advbox\/\",\"https:\/\/x.com\/advbox2\"]}]}<\/script>\n<!-- \/ Yoast SEO plugin. -->","yoast_head_json":{"title":"Modelo de A\u00e7\u00e3o revisional de alimentos","description":"Disponibilizamos para voc\u00ea um modelo de Modelo de A\u00e7\u00e3o revisional de alimentos. ADVBOX","robots":{"index":"index","follow":"follow","max-snippet":"max-snippet:-1","max-image-preview":"max-image-preview:large","max-video-preview":"max-video-preview:-1"},"canonical":"https:\/\/advbox.com.br\/blog\/familia-acao-revisional-de-alimentos-sem-fundamentacao\/","og_locale":"pt_BR","og_type":"article","og_title":"Modelo de A\u00e7\u00e3o revisional de alimentos","og_description":"Disponibilizamos para voc\u00ea um modelo de Modelo de A\u00e7\u00e3o revisional de alimentos. ADVBOX","og_url":"https:\/\/advbox.com.br\/blog\/familia-acao-revisional-de-alimentos-sem-fundamentacao\/","og_site_name":"Software Jur\u00eddico Completo - ADVBOX","article_publisher":"https:\/\/www.facebook.com\/advbox\/","article_modified_time":"2024-12-27T18:07:33+00:00","og_image":[{"url":"https:\/\/advbox.com.br\/blog\/wp-content\/uploads\/2021\/02\/bigstock-Lawyer-Or-Attorney-Working-In-3655251012-1024x684.png","type":"","width":"","height":""}],"twitter_card":"summary_large_image","twitter_site":"@advbox2","schema":{"@context":"https:\/\/schema.org","@graph":[{"@type":"WebPage","@id":"https:\/\/advbox.com.br\/blog\/familia-acao-revisional-de-alimentos-sem-fundamentacao\/","url":"https:\/\/advbox.com.br\/blog\/familia-acao-revisional-de-alimentos-sem-fundamentacao\/","name":"Modelo de A\u00e7\u00e3o revisional de alimentos","isPartOf":{"@id":"https:\/\/advbox.com.br\/blog\/#website"},"primaryImageOfPage":{"@id":"https:\/\/advbox.com.br\/blog\/familia-acao-revisional-de-alimentos-sem-fundamentacao\/#primaryimage"},"image":{"@id":"https:\/\/advbox.com.br\/blog\/familia-acao-revisional-de-alimentos-sem-fundamentacao\/#primaryimage"},"thumbnailUrl":"https:\/\/advbox.com.br\/blog\/wp-content\/uploads\/2021\/02\/bigstock-Lawyer-Or-Attorney-Working-In-3655251012-1024x684.png","datePublished":"2021-03-18T17:33:06+00:00","dateModified":"2024-12-27T18:07:33+00:00","description":"Disponibilizamos para voc\u00ea um modelo de Modelo de A\u00e7\u00e3o revisional de alimentos. ADVBOX","breadcrumb":{"@id":"https:\/\/advbox.com.br\/blog\/familia-acao-revisional-de-alimentos-sem-fundamentacao\/#breadcrumb"},"inLanguage":"pt-BR","potentialAction":[{"@type":"ReadAction","target":["https:\/\/advbox.com.br\/blog\/familia-acao-revisional-de-alimentos-sem-fundamentacao\/"]}]},{"@type":"ImageObject","inLanguage":"pt-BR","@id":"https:\/\/advbox.com.br\/blog\/familia-acao-revisional-de-alimentos-sem-fundamentacao\/#primaryimage","url":"https:\/\/advbox.com.br\/blog\/wp-content\/uploads\/2021\/02\/bigstock-Lawyer-Or-Attorney-Working-In-3655251012.png","contentUrl":"https:\/\/advbox.com.br\/blog\/wp-content\/uploads\/2021\/02\/bigstock-Lawyer-Or-Attorney-Working-In-3655251012.png","width":1024,"height":684,"caption":"Direitos da personalidade modelo de peti\u00e7\u00e3o"},{"@type":"BreadcrumbList","@id":"https:\/\/advbox.com.br\/blog\/familia-acao-revisional-de-alimentos-sem-fundamentacao\/#breadcrumb","itemListElement":[{"@type":"ListItem","position":1,"name":"In\u00edcio","item":"https:\/\/advbox.com.br\/blog\/"},{"@type":"ListItem","position":2,"name":"Modelo de A\u00e7\u00e3o revisional de alimentos"}]},{"@type":"WebSite","@id":"https:\/\/advbox.com.br\/blog\/#website","url":"https:\/\/advbox.com.br\/blog\/","name":"Software Jur\u00eddico Completo - ADVBOX","description":"Plataforma para Advocacia Digital","publisher":{"@id":"https:\/\/advbox.com.br\/blog\/#organization"},"potentialAction":[{"@type":"SearchAction","target":{"@type":"EntryPoint","urlTemplate":"https:\/\/advbox.com.br\/blog\/?s={search_term_string}"},"query-input":{"@type":"PropertyValueSpecification","valueRequired":true,"valueName":"search_term_string"}}],"inLanguage":"pt-BR"},{"@type":"Organization","@id":"https:\/\/advbox.com.br\/blog\/#organization","name":"ADVBOX Blog - Software jur\u00eddico da advocacia digital","url":"https:\/\/advbox.com.br\/blog\/","logo":{"@type":"ImageObject","inLanguage":"pt-BR","@id":"https:\/\/advbox.com.br\/blog\/#\/schema\/logo\/image\/","url":"https:\/\/advbox.com.br\/blog\/wp-content\/uploads\/2019\/12\/Como-aumentar-a-produtividade_.jpg","contentUrl":"https:\/\/advbox.com.br\/blog\/wp-content\/uploads\/2019\/12\/Como-aumentar-a-produtividade_.jpg","width":320,"height":213,"caption":"ADVBOX Blog - Software jur\u00eddico da advocacia digital"},"image":{"@id":"https:\/\/advbox.com.br\/blog\/#\/schema\/logo\/image\/"},"sameAs":["https:\/\/www.facebook.com\/advbox\/","https:\/\/x.com\/advbox2"]}]}},"_links":{"self":[{"href":"https:\/\/advbox.com.br\/blog\/wp-json\/wp\/v2\/pages\/26180","targetHints":{"allow":["GET"]}}],"collection":[{"href":"https:\/\/advbox.com.br\/blog\/wp-json\/wp\/v2\/pages"}],"about":[{"href":"https:\/\/advbox.com.br\/blog\/wp-json\/wp\/v2\/types\/page"}],"author":[{"embeddable":true,"href":"https:\/\/advbox.com.br\/blog\/wp-json\/wp\/v2\/users\/44"}],"replies":[{"embeddable":true,"href":"https:\/\/advbox.com.br\/blog\/wp-json\/wp\/v2\/comments?post=26180"}],"version-history":[{"count":4,"href":"https:\/\/advbox.com.br\/blog\/wp-json\/wp\/v2\/pages\/26180\/revisions"}],"predecessor-version":[{"id":70337,"href":"https:\/\/advbox.com.br\/blog\/wp-json\/wp\/v2\/pages\/26180\/revisions\/70337"}],"wp:attachment":[{"href":"https:\/\/advbox.com.br\/blog\/wp-json\/wp\/v2\/media?parent=26180"}],"curies":[{"name":"wp","href":"https:\/\/api.w.org\/{rel}","templated":true}]}}