{"id":26275,"date":"2021-03-19T19:04:20","date_gmt":"2021-03-19T22:04:20","guid":{"rendered":"https:\/\/advbox.com.br\/blog\/?page_id=26275"},"modified":"2024-12-27T11:48:06","modified_gmt":"2024-12-27T14:48:06","slug":"familia-contestacao-exoneracao-de-alimentos","status":"publish","type":"page","link":"https:\/\/advbox.com.br\/blog\/familia-contestacao-exoneracao-de-alimentos\/","title":{"rendered":"Modelo de contesta\u00e7\u00e3o de exonera\u00e7\u00e3o de alimentos"},"content":{"rendered":"<p>Todo advogado sabe que n\u00e3o \u00e9 f\u00e1cil fazer um\u00a0<strong>bom banco de modelos de peti\u00e7\u00f5es, que atenda as especificidades dos diferentes processos\u00a0<\/strong>no dia a dia do trabalho jur\u00eddico.<\/p><p>Isso exige muito tempo gasto com a pesquisa de peti\u00e7\u00f5es, organiza\u00e7\u00e3o dos arquivos e tamb\u00e9m com a atualiza\u00e7\u00e3o das pe\u00e7as conforme mudan\u00e7as de jurisprud\u00eancia regional ou altera\u00e7\u00f5es em entendimentos de tribunais superiores.:<\/p><p>Por\u00e9m, com a plataforma certa para advocacia digital, \u00e9 poss\u00edvel economizar todo esse tempo gasto<strong>. Basta um \u00fanico membro da equipe atualizar ou alterar algum modelo de pe\u00e7a processual no sistema para atualizar para todos usu\u00e1rios da plataforma!<\/strong><\/p><p>Dessa forma \u00e9 poss\u00edvel\u00a0<strong>acelerar a produtividade do trabalho jur\u00eddico<\/strong>\u00a0de maneira bem relevante, al\u00e9m de potencializar ainda mais o crescimento do seu escrit\u00f3rio com os v\u00e1rios outros recursos das ferramentas de advocacia digital.\u00a0<a href=\"https:\/\/advbox.com.br\/blog\/como-automatizar-seus-modelos-de-peticoes\/\" target=\"_blank\"><strong>Clique abaixo e saiba mais!<\/strong>\u00a0<\/a><\/p><figure class=\"wp-block-image size-large\"><a href=\"https:\/\/advbox.com.br\/cadastro\/\" target=\"_blank\"><img decoding=\"async\" src=\"https:\/\/advbox.com.br\/blog\/wp-content\/uploads\/2019\/07\/automatize_a_produ%C3%A7%C3%A3o_de_suas_peti%C3%A7%C3%B5es.png\" alt=\"Automatize a produ\u00e7\u00e3o de suas peti\u00e7\u00f5es\" class=\"wp-image-15502\" loading=\"lazy\"><\/a><\/figure><h2 class=\"wp-block-heading\">CONTESTA\u00c7\u00c3O &#8211; EXONERA\u00c7\u00c3O DE ALIMENTOS<\/h2><p><strong>EXCELENT\u00cdSSIMO(A)\u00a0SENHOR(A) DOUTOR(A) JUIZ(A)\u00a0DE DIREITO DA [[Vara]] VARA DE FAM\u00cdLIA\u00a0DA\u00a0[[Comarca]]\u00a0DE\u00a0[[Cidade do cliente]]\/[[UF do cliente]].<\/strong><\/p><p><strong>PROCESSO N\u00ba\u00a0[[N\u00famero CNJ]].<\/strong><\/p><p><strong>[[Nome do cliente]]<\/strong>,\u00a0j\u00e1 qualificado\u00a0nos autos da a\u00e7\u00e3o em ep\u00edgrafe\u00a0que lhe \u00e9 movida por\u00a0<strong>[[Parte contr\u00e1ria]]<\/strong>, vem respeitosamente a presen\u00e7a de Vossa Excel\u00eancia,\u00a0apresentar<\/p><p><strong>CONTESTA\u00c7\u00c3O<\/strong><\/p><p>\u00e0 <strong>A\u00c7\u00c3O DE EXONERA\u00c7\u00c3O DE ALIMENTOS<\/strong> pelos fatos e motivos a seguir expostos.<\/p><p><strong>I &#8211; DO M\u00c9RITO<\/strong><\/p><p>Conforme se constata dos inclusos documentos de fls. XX, o requerente desde sua separa\u00e7\u00e3o judicial da m\u00e3e de requerido, foi por ordem judicial obrigado a pagar pens\u00e3o a ora requerido seu filho XX% (XX por cento) de seus vencimentos, descontado em folha de pagamento, e a t\u00edtulo de aux\u00edlio para o pagamento de despesas de aluguel mensal para a moradia de sua ex esposa.<\/p><p>Tal entendimento proferido pelo digno MM. Ju\u00edzo, foi esbo\u00e7ado no fato que, o menor quando da separa\u00e7\u00e3o tinha 12 (doze) anos e em fase escolar, bem como o casal n\u00e3o possu\u00eda im\u00f3vel pr\u00f3prio.<\/p><p>Ademais, n\u00e3o restou provada qualquer mudan\u00e7a no quadro apresentado quando da separa\u00e7\u00e3o litigiosa do casal, ou seja:<\/p><p>a) O Requerente continua ganhando os mesmos R$ XX (reais), mensais;<\/p><p>b) A m\u00e3e do requerido trabalha como comerci\u00e1ria nesta cidade, e permanece percebendo vencimentos fixos na ordem de um sal\u00e1rio m\u00ednimo, acrescidos de parca comiss\u00e3o originada de uma &#8220;caixinha&#8221; mantida pelos vendedores do estabelecimento (doc. XX);<\/p><p>c) A\u00a0separada mora em resid\u00eancia alugada de valor de R$ XX (reais), (doc. XX).<\/p><p>O requerido por sua vez trabalha como estagi\u00e1rio na empresa metal\u00fargica (&#8230;) ganhando somente ajuda de custo de transporte e alimenta\u00e7\u00e3o (doc. XX).<\/p><p>Sendo que ap\u00f3s o est\u00e1gio probat\u00f3rio ao qual est\u00e1 passando a empresa declara que arcar\u00e1 com 50% (cinquenta por cento) dos custos da universidade de Engenharia a qual o requerido trancou a matr\u00edcula por insufici\u00eancia de recursos financeiros (doc. XX).<\/p><p>Verifica-se portanto, Excel\u00eancia,\u00a0que nesta fase da vida do requerido e de sua progenitora, o corte da pens\u00e3o aliment\u00edcia significar\u00e1 o perecimento da fam\u00edlia e de pessoas esfor\u00e7adas que lutam dia a dia para uma vida melhor.<\/p><p>N\u00e3o querem se locupletar indevidamente de valor recebido, pois o mesmo \u00e9 destinado as necessidades b\u00e1sicas de vida dos 2 (dois).<\/p><p><strong>II &#8211; DOS PEDIDOS<\/strong><\/p><p>Face ao exposto, requer-se a Vossa Excel\u00eancia:<\/p><p>a) Sejam juntados aos autos o devido instrumento de procura\u00e7\u00e3o e de declara\u00e7\u00e3o;<\/p><p>b) Seja concedido \u00e0 requerida os benef\u00edcios da Assist\u00eancia Judici\u00e1ria Gratuita, nos moldes do que preceitua a Lei 1.060\/60;<\/p><p>c) Seja julgada por senten\u00e7a a improced\u00eancia integral da presente a\u00e7\u00e3o e, via de consequ\u00eancia, mantendo o decisum &#8211; fls. XX\u00a0&#8211; de permanecer o requerido obrigado ao seu dever do pagamento mensal de pens\u00e3o aliment\u00edcia \u00e0 requerida no importe de XX% (XX por cento) de seu sal\u00e1rio mensal e descontado em folha de pagamento;<\/p><p>d)\u00a0Seja o requerido condenado ao \u00f4nus da sucumb\u00eancia;<\/p><p>e) Sejam arbitrados os honor\u00e1rios advocat\u00edcios pelo teto permitido;<\/p><p>f)\u00a0Protesta provar o alegado, por todos os meios de prova em direito permitidos, especialmente pelo depoimento pessoal do requerente, bem como, da oitiva de testemunhas, exames periciais, juntada de novos documentos e demais provas, o que desde j\u00e1 se requer.<\/p><p>Termos em que,<\/p><p>Pede deferimento.<\/p><p>[[Cidade do escrit\u00f3rio]],\u00a0[[Dia atual]],\u00a0[[M\u00eas atual]],\u00a0[[Ano atual]].<\/p><p><strong>[[Gestores do escrit\u00f3rio]]<\/strong><\/p><figure class=\"wp-block-image size-large\"><a href=\"https:\/\/materiais.advbox.com.br\/manual-controladoria-juridica-digital-advbox\" target=\"_blank\"><img fetchpriority=\"high\" decoding=\"async\" width=\"1024\" height=\"536\" src=\"https:\/\/advbox.com.br\/blog\/wp-content\/uploads\/2020\/10\/advbx_pj_cta_optimoster_controlhe_juridico-1024x536.png\" alt=\"\" class=\"wp-image-23162\" srcset=\"https:\/\/advbox.com.br\/blog\/wp-content\/uploads\/2020\/10\/advbx_pj_cta_optimoster_controlhe_juridico.png 1024w, https:\/\/advbox.com.br\/blog\/wp-content\/uploads\/2020\/10\/advbx_pj_cta_optimoster_controlhe_juridico-500x262.png 500w, https:\/\/advbox.com.br\/blog\/wp-content\/uploads\/2020\/10\/advbx_pj_cta_optimoster_controlhe_juridico-768x402.png 768w\" sizes=\"(max-width: 1024px) 100vw, 1024px\" \/><\/a><\/figure>\n","protected":false},"excerpt":{"rendered":"<p>Todo advogado sabe que n\u00e3o \u00e9 f\u00e1cil fazer um\u00a0bom banco de modelos de peti\u00e7\u00f5es, que atenda as especificidades dos diferentes processos\u00a0no dia a dia do trabalho jur\u00eddico. Isso exige muito tempo gasto com a pesquisa de peti\u00e7\u00f5es, organiza\u00e7\u00e3o dos arquivos e tamb\u00e9m com a atualiza\u00e7\u00e3o das pe\u00e7as conforme mudan\u00e7as de [&hellip;]<\/p>\n","protected":false},"author":44,"featured_media":29750,"parent":0,"menu_order":0,"comment_status":"closed","ping_status":"closed","template":"","meta":{"_acf_changed":false,"om_disable_all_campaigns":false,"footnotes":""},"class_list":["post-26275","page","type-page","status-publish","has-post-thumbnail","hentry"],"acf":[],"yoast_head":"<!-- This site is optimized with the Yoast SEO plugin v26.9 - https:\/\/yoast.com\/product\/yoast-seo-wordpress\/ -->\n<title>Modelo de contesta\u00e7\u00e3o de exonera\u00e7\u00e3o de alimentos | ADVBOX<\/title>\n<meta name=\"description\" content=\"Disponibilizamos para voc\u00ea um modelo de contesta\u00e7\u00e3o de exonera\u00e7\u00e3o de alimentos. ADVBOX\" \/>\n<meta name=\"robots\" content=\"index, follow, max-snippet:-1, max-image-preview:large, max-video-preview:-1\" \/>\n<link rel=\"canonical\" href=\"https:\/\/advbox.com.br\/blog\/familia-contestacao-exoneracao-de-alimentos\/\" \/>\n<meta property=\"og:locale\" content=\"pt_BR\" \/>\n<meta property=\"og:type\" content=\"article\" \/>\n<meta property=\"og:title\" content=\"Modelo de contesta\u00e7\u00e3o de exonera\u00e7\u00e3o de alimentos | ADVBOX\" \/>\n<meta property=\"og:description\" content=\"Disponibilizamos para voc\u00ea um modelo de contesta\u00e7\u00e3o de exonera\u00e7\u00e3o de alimentos. ADVBOX\" \/>\n<meta property=\"og:url\" content=\"https:\/\/advbox.com.br\/blog\/familia-contestacao-exoneracao-de-alimentos\/\" \/>\n<meta property=\"og:site_name\" content=\"Software Jur\u00eddico Completo - ADVBOX\" \/>\n<meta property=\"article:publisher\" content=\"https:\/\/www.facebook.com\/advbox\/\" \/>\n<meta property=\"article:modified_time\" content=\"2024-12-27T14:48:06+00:00\" \/>\n<meta property=\"og:image\" content=\"https:\/\/advbox.com.br\/blog\/wp-content\/uploads\/2021\/04\/peticao-advbox-14.jpg\" \/>\n\t<meta property=\"og:image:width\" content=\"626\" \/>\n\t<meta property=\"og:image:height\" content=\"417\" \/>\n\t<meta property=\"og:image:type\" content=\"image\/jpeg\" \/>\n<meta name=\"twitter:card\" content=\"summary_large_image\" \/>\n<meta name=\"twitter:site\" content=\"@advbox2\" \/>\n<script type=\"application\/ld+json\" class=\"yoast-schema-graph\">{\"@context\":\"https:\/\/schema.org\",\"@graph\":[{\"@type\":\"WebPage\",\"@id\":\"https:\/\/advbox.com.br\/blog\/familia-contestacao-exoneracao-de-alimentos\/\",\"url\":\"https:\/\/advbox.com.br\/blog\/familia-contestacao-exoneracao-de-alimentos\/\",\"name\":\"Modelo de contesta\u00e7\u00e3o de exonera\u00e7\u00e3o de alimentos | ADVBOX\",\"isPartOf\":{\"@id\":\"https:\/\/advbox.com.br\/blog\/#website\"},\"primaryImageOfPage\":{\"@id\":\"https:\/\/advbox.com.br\/blog\/familia-contestacao-exoneracao-de-alimentos\/#primaryimage\"},\"image\":{\"@id\":\"https:\/\/advbox.com.br\/blog\/familia-contestacao-exoneracao-de-alimentos\/#primaryimage\"},\"thumbnailUrl\":\"https:\/\/advbox.com.br\/blog\/wp-content\/uploads\/2021\/04\/peticao-advbox-14.jpg\",\"datePublished\":\"2021-03-19T22:04:20+00:00\",\"dateModified\":\"2024-12-27T14:48:06+00:00\",\"description\":\"Disponibilizamos para voc\u00ea um modelo de contesta\u00e7\u00e3o de exonera\u00e7\u00e3o de alimentos. ADVBOX\",\"breadcrumb\":{\"@id\":\"https:\/\/advbox.com.br\/blog\/familia-contestacao-exoneracao-de-alimentos\/#breadcrumb\"},\"inLanguage\":\"pt-BR\",\"potentialAction\":[{\"@type\":\"ReadAction\",\"target\":[\"https:\/\/advbox.com.br\/blog\/familia-contestacao-exoneracao-de-alimentos\/\"]}]},{\"@type\":\"ImageObject\",\"inLanguage\":\"pt-BR\",\"@id\":\"https:\/\/advbox.com.br\/blog\/familia-contestacao-exoneracao-de-alimentos\/#primaryimage\",\"url\":\"https:\/\/advbox.com.br\/blog\/wp-content\/uploads\/2021\/04\/peticao-advbox-14.jpg\",\"contentUrl\":\"https:\/\/advbox.com.br\/blog\/wp-content\/uploads\/2021\/04\/peticao-advbox-14.jpg\",\"width\":626,\"height\":417,\"caption\":\"Metas de produtividade\"},{\"@type\":\"BreadcrumbList\",\"@id\":\"https:\/\/advbox.com.br\/blog\/familia-contestacao-exoneracao-de-alimentos\/#breadcrumb\",\"itemListElement\":[{\"@type\":\"ListItem\",\"position\":1,\"name\":\"In\u00edcio\",\"item\":\"https:\/\/advbox.com.br\/blog\/\"},{\"@type\":\"ListItem\",\"position\":2,\"name\":\"Modelo de contesta\u00e7\u00e3o de exonera\u00e7\u00e3o de alimentos\"}]},{\"@type\":\"WebSite\",\"@id\":\"https:\/\/advbox.com.br\/blog\/#website\",\"url\":\"https:\/\/advbox.com.br\/blog\/\",\"name\":\"Software Jur\u00eddico Completo - ADVBOX\",\"description\":\"Plataforma para Advocacia Digital\",\"publisher\":{\"@id\":\"https:\/\/advbox.com.br\/blog\/#organization\"},\"potentialAction\":[{\"@type\":\"SearchAction\",\"target\":{\"@type\":\"EntryPoint\",\"urlTemplate\":\"https:\/\/advbox.com.br\/blog\/?s={search_term_string}\"},\"query-input\":{\"@type\":\"PropertyValueSpecification\",\"valueRequired\":true,\"valueName\":\"search_term_string\"}}],\"inLanguage\":\"pt-BR\"},{\"@type\":\"Organization\",\"@id\":\"https:\/\/advbox.com.br\/blog\/#organization\",\"name\":\"ADVBOX Blog - Software jur\u00eddico da advocacia digital\",\"url\":\"https:\/\/advbox.com.br\/blog\/\",\"logo\":{\"@type\":\"ImageObject\",\"inLanguage\":\"pt-BR\",\"@id\":\"https:\/\/advbox.com.br\/blog\/#\/schema\/logo\/image\/\",\"url\":\"https:\/\/advbox.com.br\/blog\/wp-content\/uploads\/2019\/12\/Como-aumentar-a-produtividade_.jpg\",\"contentUrl\":\"https:\/\/advbox.com.br\/blog\/wp-content\/uploads\/2019\/12\/Como-aumentar-a-produtividade_.jpg\",\"width\":320,\"height\":213,\"caption\":\"ADVBOX Blog - Software jur\u00eddico da advocacia digital\"},\"image\":{\"@id\":\"https:\/\/advbox.com.br\/blog\/#\/schema\/logo\/image\/\"},\"sameAs\":[\"https:\/\/www.facebook.com\/advbox\/\",\"https:\/\/x.com\/advbox2\"]}]}<\/script>\n<!-- \/ Yoast SEO plugin. -->","yoast_head_json":{"title":"Modelo de contesta\u00e7\u00e3o de exonera\u00e7\u00e3o de alimentos | ADVBOX","description":"Disponibilizamos para voc\u00ea um modelo de contesta\u00e7\u00e3o de exonera\u00e7\u00e3o de alimentos. ADVBOX","robots":{"index":"index","follow":"follow","max-snippet":"max-snippet:-1","max-image-preview":"max-image-preview:large","max-video-preview":"max-video-preview:-1"},"canonical":"https:\/\/advbox.com.br\/blog\/familia-contestacao-exoneracao-de-alimentos\/","og_locale":"pt_BR","og_type":"article","og_title":"Modelo de contesta\u00e7\u00e3o de exonera\u00e7\u00e3o de alimentos | ADVBOX","og_description":"Disponibilizamos para voc\u00ea um modelo de contesta\u00e7\u00e3o de exonera\u00e7\u00e3o de alimentos. ADVBOX","og_url":"https:\/\/advbox.com.br\/blog\/familia-contestacao-exoneracao-de-alimentos\/","og_site_name":"Software Jur\u00eddico Completo - ADVBOX","article_publisher":"https:\/\/www.facebook.com\/advbox\/","article_modified_time":"2024-12-27T14:48:06+00:00","og_image":[{"width":626,"height":417,"url":"https:\/\/advbox.com.br\/blog\/wp-content\/uploads\/2021\/04\/peticao-advbox-14.jpg","type":"image\/jpeg"}],"twitter_card":"summary_large_image","twitter_site":"@advbox2","schema":{"@context":"https:\/\/schema.org","@graph":[{"@type":"WebPage","@id":"https:\/\/advbox.com.br\/blog\/familia-contestacao-exoneracao-de-alimentos\/","url":"https:\/\/advbox.com.br\/blog\/familia-contestacao-exoneracao-de-alimentos\/","name":"Modelo de contesta\u00e7\u00e3o de exonera\u00e7\u00e3o de alimentos | ADVBOX","isPartOf":{"@id":"https:\/\/advbox.com.br\/blog\/#website"},"primaryImageOfPage":{"@id":"https:\/\/advbox.com.br\/blog\/familia-contestacao-exoneracao-de-alimentos\/#primaryimage"},"image":{"@id":"https:\/\/advbox.com.br\/blog\/familia-contestacao-exoneracao-de-alimentos\/#primaryimage"},"thumbnailUrl":"https:\/\/advbox.com.br\/blog\/wp-content\/uploads\/2021\/04\/peticao-advbox-14.jpg","datePublished":"2021-03-19T22:04:20+00:00","dateModified":"2024-12-27T14:48:06+00:00","description":"Disponibilizamos para voc\u00ea um modelo de contesta\u00e7\u00e3o de exonera\u00e7\u00e3o de alimentos. ADVBOX","breadcrumb":{"@id":"https:\/\/advbox.com.br\/blog\/familia-contestacao-exoneracao-de-alimentos\/#breadcrumb"},"inLanguage":"pt-BR","potentialAction":[{"@type":"ReadAction","target":["https:\/\/advbox.com.br\/blog\/familia-contestacao-exoneracao-de-alimentos\/"]}]},{"@type":"ImageObject","inLanguage":"pt-BR","@id":"https:\/\/advbox.com.br\/blog\/familia-contestacao-exoneracao-de-alimentos\/#primaryimage","url":"https:\/\/advbox.com.br\/blog\/wp-content\/uploads\/2021\/04\/peticao-advbox-14.jpg","contentUrl":"https:\/\/advbox.com.br\/blog\/wp-content\/uploads\/2021\/04\/peticao-advbox-14.jpg","width":626,"height":417,"caption":"Metas de produtividade"},{"@type":"BreadcrumbList","@id":"https:\/\/advbox.com.br\/blog\/familia-contestacao-exoneracao-de-alimentos\/#breadcrumb","itemListElement":[{"@type":"ListItem","position":1,"name":"In\u00edcio","item":"https:\/\/advbox.com.br\/blog\/"},{"@type":"ListItem","position":2,"name":"Modelo de contesta\u00e7\u00e3o de exonera\u00e7\u00e3o de alimentos"}]},{"@type":"WebSite","@id":"https:\/\/advbox.com.br\/blog\/#website","url":"https:\/\/advbox.com.br\/blog\/","name":"Software Jur\u00eddico Completo - ADVBOX","description":"Plataforma para Advocacia Digital","publisher":{"@id":"https:\/\/advbox.com.br\/blog\/#organization"},"potentialAction":[{"@type":"SearchAction","target":{"@type":"EntryPoint","urlTemplate":"https:\/\/advbox.com.br\/blog\/?s={search_term_string}"},"query-input":{"@type":"PropertyValueSpecification","valueRequired":true,"valueName":"search_term_string"}}],"inLanguage":"pt-BR"},{"@type":"Organization","@id":"https:\/\/advbox.com.br\/blog\/#organization","name":"ADVBOX Blog - Software jur\u00eddico da advocacia digital","url":"https:\/\/advbox.com.br\/blog\/","logo":{"@type":"ImageObject","inLanguage":"pt-BR","@id":"https:\/\/advbox.com.br\/blog\/#\/schema\/logo\/image\/","url":"https:\/\/advbox.com.br\/blog\/wp-content\/uploads\/2019\/12\/Como-aumentar-a-produtividade_.jpg","contentUrl":"https:\/\/advbox.com.br\/blog\/wp-content\/uploads\/2019\/12\/Como-aumentar-a-produtividade_.jpg","width":320,"height":213,"caption":"ADVBOX Blog - Software jur\u00eddico da advocacia digital"},"image":{"@id":"https:\/\/advbox.com.br\/blog\/#\/schema\/logo\/image\/"},"sameAs":["https:\/\/www.facebook.com\/advbox\/","https:\/\/x.com\/advbox2"]}]}},"_links":{"self":[{"href":"https:\/\/advbox.com.br\/blog\/wp-json\/wp\/v2\/pages\/26275","targetHints":{"allow":["GET"]}}],"collection":[{"href":"https:\/\/advbox.com.br\/blog\/wp-json\/wp\/v2\/pages"}],"about":[{"href":"https:\/\/advbox.com.br\/blog\/wp-json\/wp\/v2\/types\/page"}],"author":[{"embeddable":true,"href":"https:\/\/advbox.com.br\/blog\/wp-json\/wp\/v2\/users\/44"}],"replies":[{"embeddable":true,"href":"https:\/\/advbox.com.br\/blog\/wp-json\/wp\/v2\/comments?post=26275"}],"version-history":[{"count":4,"href":"https:\/\/advbox.com.br\/blog\/wp-json\/wp\/v2\/pages\/26275\/revisions"}],"predecessor-version":[{"id":70298,"href":"https:\/\/advbox.com.br\/blog\/wp-json\/wp\/v2\/pages\/26275\/revisions\/70298"}],"wp:featuredmedia":[{"embeddable":true,"href":"https:\/\/advbox.com.br\/blog\/wp-json\/wp\/v2\/media\/29750"}],"wp:attachment":[{"href":"https:\/\/advbox.com.br\/blog\/wp-json\/wp\/v2\/media?parent=26275"}],"curies":[{"name":"wp","href":"https:\/\/api.w.org\/{rel}","templated":true}]}}