{"id":26512,"date":"2021-03-22T14:20:51","date_gmt":"2021-03-22T17:20:51","guid":{"rendered":"https:\/\/advbox.com.br\/blog\/?page_id=26512"},"modified":"2024-12-26T10:16:52","modified_gmt":"2024-12-26T13:16:52","slug":"familia-acao-revisional-de-alimentos-tutela-pai-desempregado","status":"publish","type":"page","link":"https:\/\/advbox.com.br\/blog\/familia-acao-revisional-de-alimentos-tutela-pai-desempregado\/","title":{"rendered":"Modelo de a\u00e7\u00e3o revisional de alimentos com Pedido de Antecipa\u00e7\u00e3o de Tutela"},"content":{"rendered":"<p>Todo advogado sabe que n\u00e3o \u00e9 f\u00e1cil fazer um\u00a0<strong>bom banco de modelos de peti\u00e7\u00f5es, que atenda as especificidades dos diferentes processos\u00a0<\/strong>no dia a dia do trabalho jur\u00eddico.<\/p><p>Isso exige muito tempo gasto com a pesquisa de peti\u00e7\u00f5es, organiza\u00e7\u00e3o dos arquivos e tamb\u00e9m com a atualiza\u00e7\u00e3o das pe\u00e7as conforme mudan\u00e7as de jurisprud\u00eancia regional ou altera\u00e7\u00f5es em entendimentos de tribunais superiores.:<\/p><p>Por\u00e9m, com a plataforma certa para advocacia digital, \u00e9 poss\u00edvel economizar todo esse tempo gasto<strong>. Basta um \u00fanico membro da equipe atualizar ou alterar algum modelo de pe\u00e7a processual no sistema para atualizar para todos usu\u00e1rios da plataforma!<\/strong><\/p><p>Dessa forma \u00e9 poss\u00edvel\u00a0<strong>acelerar a produtividade do trabalho jur\u00eddico<\/strong>\u00a0de maneira bem relevante, al\u00e9m de potencializar ainda mais o crescimento do seu escrit\u00f3rio com os v\u00e1rios outros recursos das ferramentas de advocacia digital.\u00a0<a href=\"https:\/\/advbox.com.br\/blog\/como-automatizar-seus-modelos-de-peticoes\/\" target=\"_blank\"><strong>Clique abaixo e saiba mais!<\/strong>\u00a0<\/a><\/p><figure class=\"wp-block-image size-large\"><a href=\"https:\/\/advbox.com.br\/cadastro\/\" target=\"_blank\"><img decoding=\"async\" src=\"https:\/\/advbox.com.br\/blog\/wp-content\/uploads\/2019\/07\/automatize_a_produ%C3%A7%C3%A3o_de_suas_peti%C3%A7%C3%B5es.png\" alt=\"Automatize a produ\u00e7\u00e3o de suas peti\u00e7\u00f5es\" class=\"wp-image-15502\" loading=\"lazy\"><\/a><\/figure><h2 class=\"wp-block-heading\">A\u00c7\u00c3O REVISIONAL DE ALIMENTOS COM PEDIDO DE ANTECIPA\u00c7\u00c3O DE TUTELA &#8211; PAI DESEMPREGADO<\/h2><p><strong>EXCELENT\u00cdSSIMO(A)\u00a0SENHOR(A) DOUTOR(A) JUIZ(A)\u00a0DE DIREITO DA [[Vara]] VARA DE FAM\u00cdLIA DA\u00a0[[Comarca]]\u00a0DE\u00a0[[Cidade do cliente]]\/[[UF do cliente]].<\/strong><\/p><p><strong>[[Nome do cliente]]<\/strong>, [[Nacionalidade do cliente]],\u00a0[[Estado civil do cliente]],\u00a0[[Profiss\u00e3o do cliente]], [[Sexo do cliente]],\u00a0nascido(a)\u00a0em\u00a0[[Data de nascimento do cliente]], \u00a0inscrito(a) no CPF sob n\u00ba\u00a0[[CPF\/CNPJ do cliente]], RG sob n\u00ba [[RG do cliente]], residente e domiciliado(a) na\u00a0[[Endere\u00e7o do cliente]], [[Cidade do cliente]]\/[[UF do cliente]], CEP XXXX,\u00a0com endere\u00e7o eletr\u00f4nico [[E-mail do cliente]], representado nesta a\u00e7\u00e3o por seu\/sua advogado(a),\u00a0[[Outorgados]], conforme procura\u00e7\u00e3o anexa, com endere\u00e7o profissional na\u00a0[[Endere\u00e7o do escrit\u00f3rio]],\u00a0[[Cidade do escrit\u00f3rio]]\/[[UF do escrit\u00f3rio]], vem respeitosamente \u00e0 presen\u00e7a de Vossa Excel\u00eancia, conforme os fundamentos de fato e de direito postos a seguir, propor a presente\u00a0<\/p><p><strong>A\u00c7\u00c3O REVISIONAL DE ALIMENTOS COM PEDIDO DE ANTECIPA\u00c7\u00c3O DE TUTELA<\/strong><\/p><p>em face de\u00a0<strong>[[Parte contr\u00e1ria]]<\/strong>, (indicar se \u00e9 pessoa f\u00edsica ou jur\u00eddica), com CPF\/CNPJ sob n\u00ba \u2026, com sede na Rua \u2026, n\u00ba\u00a0\u2026, bairro &#8230;, CEP: \u2026, Munic\u00edpio\u2013 UF, pelas raz\u00f5es de fato e de direito que passa a aduzir e no final requer:<\/p><h3 class=\"wp-block-heading\"><strong>I &#8211; DOS FATOS<\/strong><\/h3><p>O Requerente \u00e9 pai do Requerido, sendo este benefici\u00e1rio de alimentos em decorr\u00eancia de acordo formulado nos autos da a\u00e7\u00e3o de Separa\u00e7\u00e3o Judicial, Div\u00f3rcio ou Alimentos, que tramitou perante XX\u00aa\u00a0Vara (especificar),\u00a0sob n\u00ba XX, onde restou pactuado que o alimentante pagaria mensalmente \u00e0quele, XX% (XX por cento)\u00a0de seus rendimentos l\u00edquidos, com incid\u00eancia sobre todos os rendimentos, inclusive comiss\u00e3o, abonos, verbas rescis\u00f3rias e FGTS, conforme c\u00f3pia da senten\u00e7a inclusa.<\/p><p>De se registrar que, naquela \u00e9poca, os alimentos atendiam \u00e0s necessidades do menor, assim como estava dentro das possibilidades do Autor.<\/p><p>Por\u00e9m, atualmente a situa\u00e7\u00e3o \u00e9 diversa, porquanto o Autor vem arcando mensalmente com especificar outras despesas que o r\u00e9u possui.<\/p><p>Com efeito, ficou desempregado durante (indicar os meses), tendo sido compelido a solicitar\u00a0empr\u00e9stimo para o pagamento dos alimentos pactuados.<\/p><p>Cabe ressaltar, por outro lado, que a m\u00e3e do menor, por sua vez, trabalha especificar a profiss\u00e3o da m\u00e3e do menor ganhando em torno de R$ XX (reais), estando, portanto, possibilitada em arcar com as despesas e maiores cuidados da crian\u00e7a.<\/p><h3 class=\"wp-block-heading\"><strong>II &#8211; DA ANTECIPA\u00c7\u00c3O DE TUTELA<\/strong><\/h3><p>Disp\u00f5e o art. 294, do C\u00f3digo de Processo Civil:<\/p><p><em>\u201cA tutela provis\u00f3ria pode fundamentar-se em urg\u00eancia ou evid\u00eancia.<\/em><\/p><p><em>Par\u00e1grafo \u00fanico \u2013 A tutela provis\u00f3ria de urg\u00eancia, cautelar ou antecipada, pode ser concedida em carater antecedente ou incidental.\u201d<\/em><\/p><p>O Requerente pleiteia a antecipa\u00e7\u00e3o da tutela, ou seja, a imediata exclus\u00e3o, da obriga\u00e7\u00e3o alimentar, dos acr\u00e9scimos salariais a t\u00edtulo de f\u00e9rias, 13\u00ba sal\u00e1rio, horas extras, etc., objetivando a nova estabiliza\u00e7\u00e3o financeira do Autor, que at\u00e9 hoje sofre as consequ\u00eancias do desemprego sofrido.<\/p><p>A medida mostra-se inexor\u00e1vel, uma vez que a demora poder\u00e1 acarretar danos irrepar\u00e1veis ao Requerente, que necessita de maiores recursos para prover a pr\u00f3pria subsist\u00eancia.<\/p><p><strong>III &#8211; DO DIREITO<\/strong><\/p><p>Conforme o art. 1.699, do C\u00f3digo Civil, in verbis:<\/p><p><em>\u201cSe, fixados os alimentos, sobrevier mudan\u00e7a na situa\u00e7\u00e3o financeira de quem os supre, ou na de quem os recebe, poder\u00e1 o interessado reclamar ao juiz, conforme as circunst\u00e2ncias, exonera\u00e7\u00e3o, redu\u00e7\u00e3o ou majora\u00e7\u00e3o do encargo.\u201d<\/em><\/p><p>Tendo em vista que o Autor passou por grande dificuldade financeira, arcando at\u00e9 os dias de hoje com os preju\u00edzos de um desemprego, diminui-se sua capacidade financeira, dessa forma, pleiteia-se a redu\u00e7\u00e3o da pens\u00e3o aliment\u00edcia prestada de Requerente com a exclus\u00e3o, da obriga\u00e7\u00e3o alimentar, dos acr\u00e9scimos salariais a t\u00edtulo de f\u00e9rias, 13\u00ba sal\u00e1rio, horas extras, etc.<\/p><p>(Nesse sentido, citar doutrina e jurisprud\u00eancia).<\/p><p><strong>IV &#8211; DOS PEDIDOS<\/strong><\/p><p>Diante do exposto, requer digne-se Vossa Excel\u00eancia em determinar:<\/p><p>a) A\u00a0cita\u00e7\u00e3o do Requerido, na pessoa de seu representante legal, para, querendo, apresentar resposta \u00e0 presente a\u00e7\u00e3o, sob pena de revelia nos termos do artigo 344, do CPC;<\/p><p>b) A\u00a0designa\u00e7\u00e3o de audi\u00eancia de concilia\u00e7\u00e3o, instru\u00e7\u00e3o e julgamento;<\/p><p>c) A\u00a0antecipa\u00e7\u00e3o da tutela para a exclus\u00e3o da incid\u00eancia dos alimentos pagos sobre os rendimentos a t\u00edtulo de f\u00e9rias, 13\u00ba sal\u00e1rio, horas extras, etc., incidindo exclusivamente sobre os rendimentos l\u00edquidos inerentes ao sal\u00e1rio base;<\/p><p>d) A\u00a0manifesta\u00e7\u00e3o do representante do Minist\u00e9rio P\u00fablico, nos moldes do artigo 178, I, do CPC;<\/p><p>e) A\u00a0total proced\u00eancia do pedido ora exposto, com a redu\u00e7\u00e3o dos alimentos devidos ao menor para que corresponda a XX% (XX por cento) dos rendimentos l\u00edquidos relativos ao sal\u00e1rio base, por\u00e9m sem incid\u00eancia sobre f\u00e9rias, verbas rescis\u00f3rias, horas extras, abonos, etc;<\/p><p>f) A\u00a0condena\u00e7\u00e3o do Requerido ao pagamento das custas processuais e honor\u00e1rios advocat\u00edcios;<\/p><p>g)\u00a0Pretende provar o alegado por todos os meios de prova em direito admitidos, especialmente a juntada de documentos e a oitiva de testemunhas.<\/p><p>D\u00e1-se \u00e0 causa o valor de <strong>[[Expectativa\/valor da causa]]<\/strong>, nos termos do art. 292, III, do NCPC.<\/p><p>Termos em que,<\/p><p>Pede deferimento.<\/p><p>[[Cidade do escrit\u00f3rio]],\u00a0[[Dia atual]],\u00a0[[M\u00eas atual]],\u00a0[[Ano atual]].<\/p><p><strong>[[Gestores do escrit\u00f3rio]]<\/strong><\/p><figure class=\"wp-block-image size-large\"><a href=\"https:\/\/materiais.advbox.com.br\/manual-controladoria-juridica-digital-advbox\" target=\"_blank\"><img fetchpriority=\"high\" decoding=\"async\" width=\"1024\" height=\"536\" src=\"https:\/\/advbox.com.br\/blog\/wp-content\/uploads\/2020\/10\/advbx_pj_cta_optimoster_controlhe_juridico-1024x536.png\" alt=\"\" class=\"wp-image-23162\" srcset=\"https:\/\/advbox.com.br\/blog\/wp-content\/uploads\/2020\/10\/advbx_pj_cta_optimoster_controlhe_juridico.png 1024w, https:\/\/advbox.com.br\/blog\/wp-content\/uploads\/2020\/10\/advbx_pj_cta_optimoster_controlhe_juridico-500x262.png 500w, https:\/\/advbox.com.br\/blog\/wp-content\/uploads\/2020\/10\/advbx_pj_cta_optimoster_controlhe_juridico-768x402.png 768w\" sizes=\"(max-width: 1024px) 100vw, 1024px\" \/><\/a><\/figure>\n","protected":false},"excerpt":{"rendered":"<p>Todo advogado sabe que n\u00e3o \u00e9 f\u00e1cil fazer um\u00a0bom banco de modelos de peti\u00e7\u00f5es, que atenda as especificidades dos diferentes processos\u00a0no dia a dia do trabalho jur\u00eddico. Isso exige muito tempo gasto com a pesquisa de peti\u00e7\u00f5es, organiza\u00e7\u00e3o dos arquivos e tamb\u00e9m com a atualiza\u00e7\u00e3o das pe\u00e7as conforme mudan\u00e7as de [&hellip;]<\/p>\n","protected":false},"author":44,"featured_media":29750,"parent":0,"menu_order":0,"comment_status":"closed","ping_status":"closed","template":"","meta":{"_acf_changed":false,"om_disable_all_campaigns":false,"footnotes":""},"class_list":["post-26512","page","type-page","status-publish","has-post-thumbnail","hentry"],"acf":[],"yoast_head":"<!-- This site is optimized with the Yoast SEO plugin v26.9 - https:\/\/yoast.com\/product\/yoast-seo-wordpress\/ -->\n<title>Modelo de A\u00e7\u00e3o Revisional de Alimentos - Pai desempregado<\/title>\n<meta name=\"description\" content=\"Disponibilizamos para voc\u00ea um Modelo de A\u00e7\u00e3o Revisional de Alimentos com Pedido de Antecipa\u00e7\u00e3o de Tutela. ADVBOX\" \/>\n<meta name=\"robots\" content=\"index, follow, max-snippet:-1, max-image-preview:large, max-video-preview:-1\" \/>\n<link rel=\"canonical\" href=\"https:\/\/advbox.com.br\/blog\/familia-acao-revisional-de-alimentos-tutela-pai-desempregado\/\" \/>\n<meta property=\"og:locale\" content=\"pt_BR\" \/>\n<meta property=\"og:type\" content=\"article\" \/>\n<meta property=\"og:title\" content=\"Modelo de A\u00e7\u00e3o Revisional de Alimentos - Pai desempregado\" \/>\n<meta property=\"og:description\" content=\"Disponibilizamos para voc\u00ea um Modelo de A\u00e7\u00e3o Revisional de Alimentos com Pedido de Antecipa\u00e7\u00e3o de Tutela. ADVBOX\" \/>\n<meta property=\"og:url\" content=\"https:\/\/advbox.com.br\/blog\/familia-acao-revisional-de-alimentos-tutela-pai-desempregado\/\" \/>\n<meta property=\"og:site_name\" content=\"Software Jur\u00eddico Completo - ADVBOX\" \/>\n<meta property=\"article:publisher\" content=\"https:\/\/www.facebook.com\/advbox\/\" \/>\n<meta property=\"article:modified_time\" content=\"2024-12-26T13:16:52+00:00\" \/>\n<meta property=\"og:image\" content=\"https:\/\/advbox.com.br\/blog\/wp-content\/uploads\/2021\/04\/peticao-advbox-14.jpg\" \/>\n\t<meta property=\"og:image:width\" content=\"626\" \/>\n\t<meta property=\"og:image:height\" content=\"417\" \/>\n\t<meta property=\"og:image:type\" content=\"image\/jpeg\" \/>\n<meta name=\"twitter:card\" content=\"summary_large_image\" \/>\n<meta name=\"twitter:site\" content=\"@advbox2\" \/>\n<script type=\"application\/ld+json\" class=\"yoast-schema-graph\">{\"@context\":\"https:\/\/schema.org\",\"@graph\":[{\"@type\":\"WebPage\",\"@id\":\"https:\/\/advbox.com.br\/blog\/familia-acao-revisional-de-alimentos-tutela-pai-desempregado\/\",\"url\":\"https:\/\/advbox.com.br\/blog\/familia-acao-revisional-de-alimentos-tutela-pai-desempregado\/\",\"name\":\"Modelo de A\u00e7\u00e3o Revisional de Alimentos - Pai desempregado\",\"isPartOf\":{\"@id\":\"https:\/\/advbox.com.br\/blog\/#website\"},\"primaryImageOfPage\":{\"@id\":\"https:\/\/advbox.com.br\/blog\/familia-acao-revisional-de-alimentos-tutela-pai-desempregado\/#primaryimage\"},\"image\":{\"@id\":\"https:\/\/advbox.com.br\/blog\/familia-acao-revisional-de-alimentos-tutela-pai-desempregado\/#primaryimage\"},\"thumbnailUrl\":\"https:\/\/advbox.com.br\/blog\/wp-content\/uploads\/2021\/04\/peticao-advbox-14.jpg\",\"datePublished\":\"2021-03-22T17:20:51+00:00\",\"dateModified\":\"2024-12-26T13:16:52+00:00\",\"description\":\"Disponibilizamos para voc\u00ea um Modelo de A\u00e7\u00e3o Revisional de Alimentos com Pedido de Antecipa\u00e7\u00e3o de Tutela. ADVBOX\",\"breadcrumb\":{\"@id\":\"https:\/\/advbox.com.br\/blog\/familia-acao-revisional-de-alimentos-tutela-pai-desempregado\/#breadcrumb\"},\"inLanguage\":\"pt-BR\",\"potentialAction\":[{\"@type\":\"ReadAction\",\"target\":[\"https:\/\/advbox.com.br\/blog\/familia-acao-revisional-de-alimentos-tutela-pai-desempregado\/\"]}]},{\"@type\":\"ImageObject\",\"inLanguage\":\"pt-BR\",\"@id\":\"https:\/\/advbox.com.br\/blog\/familia-acao-revisional-de-alimentos-tutela-pai-desempregado\/#primaryimage\",\"url\":\"https:\/\/advbox.com.br\/blog\/wp-content\/uploads\/2021\/04\/peticao-advbox-14.jpg\",\"contentUrl\":\"https:\/\/advbox.com.br\/blog\/wp-content\/uploads\/2021\/04\/peticao-advbox-14.jpg\",\"width\":626,\"height\":417,\"caption\":\"Metas de produtividade\"},{\"@type\":\"BreadcrumbList\",\"@id\":\"https:\/\/advbox.com.br\/blog\/familia-acao-revisional-de-alimentos-tutela-pai-desempregado\/#breadcrumb\",\"itemListElement\":[{\"@type\":\"ListItem\",\"position\":1,\"name\":\"In\u00edcio\",\"item\":\"https:\/\/advbox.com.br\/blog\/\"},{\"@type\":\"ListItem\",\"position\":2,\"name\":\"Modelo de a\u00e7\u00e3o revisional de alimentos com Pedido de Antecipa\u00e7\u00e3o de Tutela\"}]},{\"@type\":\"WebSite\",\"@id\":\"https:\/\/advbox.com.br\/blog\/#website\",\"url\":\"https:\/\/advbox.com.br\/blog\/\",\"name\":\"Software Jur\u00eddico Completo - ADVBOX\",\"description\":\"Plataforma para Advocacia Digital\",\"publisher\":{\"@id\":\"https:\/\/advbox.com.br\/blog\/#organization\"},\"potentialAction\":[{\"@type\":\"SearchAction\",\"target\":{\"@type\":\"EntryPoint\",\"urlTemplate\":\"https:\/\/advbox.com.br\/blog\/?s={search_term_string}\"},\"query-input\":{\"@type\":\"PropertyValueSpecification\",\"valueRequired\":true,\"valueName\":\"search_term_string\"}}],\"inLanguage\":\"pt-BR\"},{\"@type\":\"Organization\",\"@id\":\"https:\/\/advbox.com.br\/blog\/#organization\",\"name\":\"ADVBOX Blog - Software jur\u00eddico da advocacia digital\",\"url\":\"https:\/\/advbox.com.br\/blog\/\",\"logo\":{\"@type\":\"ImageObject\",\"inLanguage\":\"pt-BR\",\"@id\":\"https:\/\/advbox.com.br\/blog\/#\/schema\/logo\/image\/\",\"url\":\"https:\/\/advbox.com.br\/blog\/wp-content\/uploads\/2019\/12\/Como-aumentar-a-produtividade_.jpg\",\"contentUrl\":\"https:\/\/advbox.com.br\/blog\/wp-content\/uploads\/2019\/12\/Como-aumentar-a-produtividade_.jpg\",\"width\":320,\"height\":213,\"caption\":\"ADVBOX Blog - Software jur\u00eddico da advocacia digital\"},\"image\":{\"@id\":\"https:\/\/advbox.com.br\/blog\/#\/schema\/logo\/image\/\"},\"sameAs\":[\"https:\/\/www.facebook.com\/advbox\/\",\"https:\/\/x.com\/advbox2\"]}]}<\/script>\n<!-- \/ Yoast SEO plugin. -->","yoast_head_json":{"title":"Modelo de A\u00e7\u00e3o Revisional de Alimentos - Pai desempregado","description":"Disponibilizamos para voc\u00ea um Modelo de A\u00e7\u00e3o Revisional de Alimentos com Pedido de Antecipa\u00e7\u00e3o de Tutela. ADVBOX","robots":{"index":"index","follow":"follow","max-snippet":"max-snippet:-1","max-image-preview":"max-image-preview:large","max-video-preview":"max-video-preview:-1"},"canonical":"https:\/\/advbox.com.br\/blog\/familia-acao-revisional-de-alimentos-tutela-pai-desempregado\/","og_locale":"pt_BR","og_type":"article","og_title":"Modelo de A\u00e7\u00e3o Revisional de Alimentos - Pai desempregado","og_description":"Disponibilizamos para voc\u00ea um Modelo de A\u00e7\u00e3o Revisional de Alimentos com Pedido de Antecipa\u00e7\u00e3o de Tutela. ADVBOX","og_url":"https:\/\/advbox.com.br\/blog\/familia-acao-revisional-de-alimentos-tutela-pai-desempregado\/","og_site_name":"Software Jur\u00eddico Completo - ADVBOX","article_publisher":"https:\/\/www.facebook.com\/advbox\/","article_modified_time":"2024-12-26T13:16:52+00:00","og_image":[{"width":626,"height":417,"url":"https:\/\/advbox.com.br\/blog\/wp-content\/uploads\/2021\/04\/peticao-advbox-14.jpg","type":"image\/jpeg"}],"twitter_card":"summary_large_image","twitter_site":"@advbox2","schema":{"@context":"https:\/\/schema.org","@graph":[{"@type":"WebPage","@id":"https:\/\/advbox.com.br\/blog\/familia-acao-revisional-de-alimentos-tutela-pai-desempregado\/","url":"https:\/\/advbox.com.br\/blog\/familia-acao-revisional-de-alimentos-tutela-pai-desempregado\/","name":"Modelo de A\u00e7\u00e3o Revisional de Alimentos - Pai desempregado","isPartOf":{"@id":"https:\/\/advbox.com.br\/blog\/#website"},"primaryImageOfPage":{"@id":"https:\/\/advbox.com.br\/blog\/familia-acao-revisional-de-alimentos-tutela-pai-desempregado\/#primaryimage"},"image":{"@id":"https:\/\/advbox.com.br\/blog\/familia-acao-revisional-de-alimentos-tutela-pai-desempregado\/#primaryimage"},"thumbnailUrl":"https:\/\/advbox.com.br\/blog\/wp-content\/uploads\/2021\/04\/peticao-advbox-14.jpg","datePublished":"2021-03-22T17:20:51+00:00","dateModified":"2024-12-26T13:16:52+00:00","description":"Disponibilizamos para voc\u00ea um Modelo de A\u00e7\u00e3o Revisional de Alimentos com Pedido de Antecipa\u00e7\u00e3o de Tutela. ADVBOX","breadcrumb":{"@id":"https:\/\/advbox.com.br\/blog\/familia-acao-revisional-de-alimentos-tutela-pai-desempregado\/#breadcrumb"},"inLanguage":"pt-BR","potentialAction":[{"@type":"ReadAction","target":["https:\/\/advbox.com.br\/blog\/familia-acao-revisional-de-alimentos-tutela-pai-desempregado\/"]}]},{"@type":"ImageObject","inLanguage":"pt-BR","@id":"https:\/\/advbox.com.br\/blog\/familia-acao-revisional-de-alimentos-tutela-pai-desempregado\/#primaryimage","url":"https:\/\/advbox.com.br\/blog\/wp-content\/uploads\/2021\/04\/peticao-advbox-14.jpg","contentUrl":"https:\/\/advbox.com.br\/blog\/wp-content\/uploads\/2021\/04\/peticao-advbox-14.jpg","width":626,"height":417,"caption":"Metas de produtividade"},{"@type":"BreadcrumbList","@id":"https:\/\/advbox.com.br\/blog\/familia-acao-revisional-de-alimentos-tutela-pai-desempregado\/#breadcrumb","itemListElement":[{"@type":"ListItem","position":1,"name":"In\u00edcio","item":"https:\/\/advbox.com.br\/blog\/"},{"@type":"ListItem","position":2,"name":"Modelo de a\u00e7\u00e3o revisional de alimentos com Pedido de Antecipa\u00e7\u00e3o de Tutela"}]},{"@type":"WebSite","@id":"https:\/\/advbox.com.br\/blog\/#website","url":"https:\/\/advbox.com.br\/blog\/","name":"Software Jur\u00eddico Completo - ADVBOX","description":"Plataforma para Advocacia Digital","publisher":{"@id":"https:\/\/advbox.com.br\/blog\/#organization"},"potentialAction":[{"@type":"SearchAction","target":{"@type":"EntryPoint","urlTemplate":"https:\/\/advbox.com.br\/blog\/?s={search_term_string}"},"query-input":{"@type":"PropertyValueSpecification","valueRequired":true,"valueName":"search_term_string"}}],"inLanguage":"pt-BR"},{"@type":"Organization","@id":"https:\/\/advbox.com.br\/blog\/#organization","name":"ADVBOX Blog - Software jur\u00eddico da advocacia digital","url":"https:\/\/advbox.com.br\/blog\/","logo":{"@type":"ImageObject","inLanguage":"pt-BR","@id":"https:\/\/advbox.com.br\/blog\/#\/schema\/logo\/image\/","url":"https:\/\/advbox.com.br\/blog\/wp-content\/uploads\/2019\/12\/Como-aumentar-a-produtividade_.jpg","contentUrl":"https:\/\/advbox.com.br\/blog\/wp-content\/uploads\/2019\/12\/Como-aumentar-a-produtividade_.jpg","width":320,"height":213,"caption":"ADVBOX Blog - Software jur\u00eddico da advocacia digital"},"image":{"@id":"https:\/\/advbox.com.br\/blog\/#\/schema\/logo\/image\/"},"sameAs":["https:\/\/www.facebook.com\/advbox\/","https:\/\/x.com\/advbox2"]}]}},"_links":{"self":[{"href":"https:\/\/advbox.com.br\/blog\/wp-json\/wp\/v2\/pages\/26512","targetHints":{"allow":["GET"]}}],"collection":[{"href":"https:\/\/advbox.com.br\/blog\/wp-json\/wp\/v2\/pages"}],"about":[{"href":"https:\/\/advbox.com.br\/blog\/wp-json\/wp\/v2\/types\/page"}],"author":[{"embeddable":true,"href":"https:\/\/advbox.com.br\/blog\/wp-json\/wp\/v2\/users\/44"}],"replies":[{"embeddable":true,"href":"https:\/\/advbox.com.br\/blog\/wp-json\/wp\/v2\/comments?post=26512"}],"version-history":[{"count":5,"href":"https:\/\/advbox.com.br\/blog\/wp-json\/wp\/v2\/pages\/26512\/revisions"}],"predecessor-version":[{"id":70172,"href":"https:\/\/advbox.com.br\/blog\/wp-json\/wp\/v2\/pages\/26512\/revisions\/70172"}],"wp:featuredmedia":[{"embeddable":true,"href":"https:\/\/advbox.com.br\/blog\/wp-json\/wp\/v2\/media\/29750"}],"wp:attachment":[{"href":"https:\/\/advbox.com.br\/blog\/wp-json\/wp\/v2\/media?parent=26512"}],"curies":[{"name":"wp","href":"https:\/\/api.w.org\/{rel}","templated":true}]}}