{"id":28166,"date":"2021-04-11T14:12:13","date_gmt":"2021-04-11T17:12:13","guid":{"rendered":"https:\/\/advbox.com.br\/blog\/?page_id=28166"},"modified":"2024-10-23T17:23:00","modified_gmt":"2024-10-23T20:23:00","slug":"criminal-prescricao-codigo-penal","status":"publish","type":"page","link":"https:\/\/advbox.com.br\/blog\/criminal-prescricao-codigo-penal\/","title":{"rendered":"Prescri\u00e7\u00e3o c\u00f3digo penal"},"content":{"rendered":"<p>Acesse agora o modelo Prescri\u00e7\u00e3o do c\u00f3digo penal &#8211; antecipada. Saiba como muitos advogados conseguem manter o<a href=\"https:\/\/advbox.com.br\/blog\/como-automatizar-seus-modelos-de-peticoes\/\" target=\"_blank\"> <strong>banco de modelos de peti\u00e7\u00f5es atualizado<\/strong><\/a> sem perder tempo e atualiza\u00e7\u00e3o.<\/p><p>Com a<a href=\"https:\/\/advbox.com.br\/blog\/advocacia-digital-por-onde-comecar\/\" target=\"_blank\"> <strong>advocacia digital<\/strong><\/a>, voc\u00ea pode aproveitar esse e os diversos benef\u00edcios ao utilizar<a href=\"https:\/\/advbox.com.br\/cadastro\/\" target=\"_blank\"> <strong>software jur\u00eddico<\/strong><\/a><strong> <\/strong>para o seu escrit\u00f3rio.<\/p><p>Baixe nosso ebook e melhore os resultados do seu escrit\u00f3rio utilizando os diversos recursos dispon\u00edveis no software jur\u00eddico ADVBOX.<\/p><h2 class=\"wp-block-heading\">Prescri\u00e7\u00e3o do c\u00f3digo penal &#8211; antecipada<\/h2><p><strong>EXCELENT\u00cdSSIMO SENHOR JUIZ-1 DA 7\u00aa VARA CRIMINAL DE GOI\u00c2NIA \u2013 CAPITAL DO ESTADO DE GOI\u00c1S<\/strong><\/p><p>Protocolo n\u00ba 000700711820<\/p><p>Denunciado: U. P da C. C.<\/p><p>V\u00edtima: G. A. M.<\/p><p>Art. 171 \u2013 Caput \u2013 C\u00f3digo Penal<\/p><p>Requer: Reconhecimento Antecipado da prescri\u00e7\u00e3o<\/p><p>Merit\u00edssimo Juiz,<\/p><p>U.P. da C. C., j\u00e1 qualificado nos autos epigrafado, por seu advogado que est subscreve (m.j.a.), comparece \u00e0 inclita prsen\u00e7a de Vossa Excel\u00eancia para requerer <em>reconhecimento antecipado da prescri\u00e7\u00e3o<\/em>, assim o fazendo, pelas raz\u00f5es que passa a expor:<\/p><p>O requerente encontra-se denunciado perante esse Ju\u00edzo, por suposta infra\u00e7\u00e3o tipificada no art. 171, caput, do C\u00f3digo Penal, onde figura como suposta v\u00edtima G. A. M.,<\/p><p>Mesmo sem adentrar ao m\u00e9rito, oportuno se faz ressaltar que o fato gerador da den\u00fancia ocorrera em 21. 03.0007, quando o denunciado adquiriu 3.840 t\u00edtulos da D\u00edvida Agr\u00e1ria, atrav\u00e9s de A. A. da S., com os cheques emitidos sendo descontados pelo agiota G.A.M.. \u2013 Como bem explicou o denunciado, por ocasi\u00e3o de seu interrogat\u00f3rio, a susta\u00e7\u00e3o dos referidos cheques dados em pagamento, pr\u00e9-datados, ocorreu em face a posterior verifica\u00e7\u00e3o de que os t\u00edtulos adquiridos eram falsos.<\/p><p>ocorre que, a den\u00fancia foi recebida, em <em>2000 de setembro de 10000007<\/em>,(fls. 0008). e, at\u00e9 a presente data, <em>25 de outubro de 2012<\/em>, j\u00e1 transcorreu o lapso temporal de mais o8 (oito) anos.<\/p><p>Da\u00ed,<\/p><p>considerando que a pena prevista para o crime de estelionato, na sua forma simples, in abstrato, \u00e9 reclus\u00e3o de 1 (um) a 5 (cinco) anos; considerando se o denunciado fosse condenado, em face a confiss\u00e3o espont\u00e2nea e a repara\u00e7\u00e3o do dano, no c\u00edvel, conforme comprovante anexo, poss\u00edvel pena a se ser aplicada seria a um <em>quantum<\/em> inferior de 4 (quatro) anos.<\/p><p>Tem-se, pois, como cab\u00edvel, por quest\u00e3o de economia processual, a aplica\u00e7\u00e3o da <em>prescri\u00e7\u00e3o virtual, <\/em>conforme j\u00e1 adotada em in\u00fameros casos, com respaldo pela doutrina, e julgado como:<\/p><p>\u201cPrescri\u00e7\u00e3o criminal \u2013 modalidada de retroativa decretado pelo juiz a quo antes da senten\u00e7a condenat\u00f3ria \u2013 admissibilidade \u2013 Intelig\u00eancia do art. 61 do CPP, imp\u00f5e-se o reconhecimento da prescri\u00e7\u00e3o em qualquer fase do processo, e at\u00e9 de of\u00edcio \u2013 inclusive antes da senten\u00e7a condenat\u00f3ria \u2013 ent\u00e3o regulado o prazo pelo m\u00e1xima da pena abstratamente cominada \u00e0 \u00e9pecie delitiva\u201d \u2013 (tacrim-sp \u2013 Rec. rel. gon\u00e7alves nogueira \u2013 RD 3\/217 \u2013 In C\u00f3digo Penal e sua Interpreta\u00e7\u00e3o jurisprud\u00eancial. Vol., Tomo I \u2013 Parte geral. Alberto }Silva Franco e outros, 6\u00aa edi\u00e7\u00e3o, revisada dos Tribunais. 10000007, p. 1673).<\/p><p>Diante ao exposto,<\/p><p>Aguarda o requerente seja a prescri\u00e7\u00e3o decretada, exting\u00fcindo o processo no estado em que se encontra.<\/p><p>Goi\u00e2nia, 25 de outro de 2012.<\/p><p>JO\u00c3O CARVALHO DE MATOS<\/p><p>OAB-GO: 7.20002<\/p>\n","protected":false},"excerpt":{"rendered":"<p>Acesse agora o modelo Prescri\u00e7\u00e3o do c\u00f3digo penal &#8211; antecipada. Saiba como muitos advogados conseguem manter o banco de modelos de peti\u00e7\u00f5es atualizado sem perder tempo e atualiza\u00e7\u00e3o. Com a advocacia digital, voc\u00ea pode aproveitar esse e os diversos benef\u00edcios ao utilizar software jur\u00eddico para o seu escrit\u00f3rio. Baixe nosso [&hellip;]<\/p>\n","protected":false},"author":2,"featured_media":25421,"parent":0,"menu_order":0,"comment_status":"closed","ping_status":"closed","template":"","meta":{"_acf_changed":false,"om_disable_all_campaigns":false,"footnotes":""},"class_list":["post-28166","page","type-page","status-publish","has-post-thumbnail","hentry"],"acf":[],"yoast_head":"<!-- This site is optimized with the Yoast SEO plugin v26.9 - https:\/\/yoast.com\/product\/yoast-seo-wordpress\/ -->\n<title>Prescri\u00e7\u00e3o c\u00f3digo penal<\/title>\n<meta name=\"description\" content=\"Prescri\u00e7\u00e3o c\u00f3digo penal - Peti\u00e7\u00f5es, Artigos jur\u00eddicos, jurisprud\u00eancias no site da ADVBOX.\" \/>\n<meta name=\"robots\" content=\"index, follow, max-snippet:-1, max-image-preview:large, max-video-preview:-1\" \/>\n<link rel=\"canonical\" href=\"https:\/\/advbox.com.br\/blog\/criminal-prescricao-codigo-penal\/\" \/>\n<meta property=\"og:locale\" content=\"pt_BR\" \/>\n<meta property=\"og:type\" content=\"article\" \/>\n<meta property=\"og:title\" content=\"Prescri\u00e7\u00e3o c\u00f3digo penal\" \/>\n<meta property=\"og:description\" content=\"Prescri\u00e7\u00e3o c\u00f3digo penal - Peti\u00e7\u00f5es, Artigos jur\u00eddicos, jurisprud\u00eancias no site da ADVBOX.\" \/>\n<meta property=\"og:url\" content=\"https:\/\/advbox.com.br\/blog\/criminal-prescricao-codigo-penal\/\" \/>\n<meta property=\"og:site_name\" content=\"Software Jur\u00eddico Completo - ADVBOX\" \/>\n<meta property=\"article:publisher\" content=\"https:\/\/www.facebook.com\/advbox\/\" \/>\n<meta property=\"article:modified_time\" content=\"2024-10-23T20:23:00+00:00\" \/>\n<meta property=\"og:image\" content=\"https:\/\/advbox.com.br\/blog\/wp-content\/uploads\/2021\/03\/Mandado-de-seguranca-coletivo.jpg\" \/>\n\t<meta property=\"og:image:width\" content=\"626\" \/>\n\t<meta property=\"og:image:height\" content=\"417\" \/>\n\t<meta property=\"og:image:type\" content=\"image\/jpeg\" \/>\n<meta name=\"twitter:card\" content=\"summary_large_image\" \/>\n<meta name=\"twitter:site\" content=\"@advbox2\" \/>\n<script type=\"application\/ld+json\" class=\"yoast-schema-graph\">{\"@context\":\"https:\/\/schema.org\",\"@graph\":[{\"@type\":\"WebPage\",\"@id\":\"https:\/\/advbox.com.br\/blog\/criminal-prescricao-codigo-penal\/\",\"url\":\"https:\/\/advbox.com.br\/blog\/criminal-prescricao-codigo-penal\/\",\"name\":\"Prescri\u00e7\u00e3o c\u00f3digo penal\",\"isPartOf\":{\"@id\":\"https:\/\/advbox.com.br\/blog\/#website\"},\"primaryImageOfPage\":{\"@id\":\"https:\/\/advbox.com.br\/blog\/criminal-prescricao-codigo-penal\/#primaryimage\"},\"image\":{\"@id\":\"https:\/\/advbox.com.br\/blog\/criminal-prescricao-codigo-penal\/#primaryimage\"},\"thumbnailUrl\":\"https:\/\/advbox.com.br\/blog\/wp-content\/uploads\/2021\/03\/Mandado-de-seguranca-coletivo.jpg\",\"datePublished\":\"2021-04-11T17:12:13+00:00\",\"dateModified\":\"2024-10-23T20:23:00+00:00\",\"description\":\"Prescri\u00e7\u00e3o c\u00f3digo penal - Peti\u00e7\u00f5es, Artigos jur\u00eddicos, jurisprud\u00eancias no site da ADVBOX.\",\"breadcrumb\":{\"@id\":\"https:\/\/advbox.com.br\/blog\/criminal-prescricao-codigo-penal\/#breadcrumb\"},\"inLanguage\":\"pt-BR\",\"potentialAction\":[{\"@type\":\"ReadAction\",\"target\":[\"https:\/\/advbox.com.br\/blog\/criminal-prescricao-codigo-penal\/\"]}]},{\"@type\":\"ImageObject\",\"inLanguage\":\"pt-BR\",\"@id\":\"https:\/\/advbox.com.br\/blog\/criminal-prescricao-codigo-penal\/#primaryimage\",\"url\":\"https:\/\/advbox.com.br\/blog\/wp-content\/uploads\/2021\/03\/Mandado-de-seguranca-coletivo.jpg\",\"contentUrl\":\"https:\/\/advbox.com.br\/blog\/wp-content\/uploads\/2021\/03\/Mandado-de-seguranca-coletivo.jpg\",\"width\":626,\"height\":417,\"caption\":\"Peti\u00e7\u00e3o advbox\"},{\"@type\":\"BreadcrumbList\",\"@id\":\"https:\/\/advbox.com.br\/blog\/criminal-prescricao-codigo-penal\/#breadcrumb\",\"itemListElement\":[{\"@type\":\"ListItem\",\"position\":1,\"name\":\"In\u00edcio\",\"item\":\"https:\/\/advbox.com.br\/blog\/\"},{\"@type\":\"ListItem\",\"position\":2,\"name\":\"Prescri\u00e7\u00e3o c\u00f3digo penal\"}]},{\"@type\":\"WebSite\",\"@id\":\"https:\/\/advbox.com.br\/blog\/#website\",\"url\":\"https:\/\/advbox.com.br\/blog\/\",\"name\":\"Software Jur\u00eddico Completo - ADVBOX\",\"description\":\"Plataforma para Advocacia Digital\",\"publisher\":{\"@id\":\"https:\/\/advbox.com.br\/blog\/#organization\"},\"potentialAction\":[{\"@type\":\"SearchAction\",\"target\":{\"@type\":\"EntryPoint\",\"urlTemplate\":\"https:\/\/advbox.com.br\/blog\/?s={search_term_string}\"},\"query-input\":{\"@type\":\"PropertyValueSpecification\",\"valueRequired\":true,\"valueName\":\"search_term_string\"}}],\"inLanguage\":\"pt-BR\"},{\"@type\":\"Organization\",\"@id\":\"https:\/\/advbox.com.br\/blog\/#organization\",\"name\":\"ADVBOX Blog - Software jur\u00eddico da advocacia digital\",\"url\":\"https:\/\/advbox.com.br\/blog\/\",\"logo\":{\"@type\":\"ImageObject\",\"inLanguage\":\"pt-BR\",\"@id\":\"https:\/\/advbox.com.br\/blog\/#\/schema\/logo\/image\/\",\"url\":\"https:\/\/advbox.com.br\/blog\/wp-content\/uploads\/2019\/12\/Como-aumentar-a-produtividade_.jpg\",\"contentUrl\":\"https:\/\/advbox.com.br\/blog\/wp-content\/uploads\/2019\/12\/Como-aumentar-a-produtividade_.jpg\",\"width\":320,\"height\":213,\"caption\":\"ADVBOX Blog - Software jur\u00eddico da advocacia digital\"},\"image\":{\"@id\":\"https:\/\/advbox.com.br\/blog\/#\/schema\/logo\/image\/\"},\"sameAs\":[\"https:\/\/www.facebook.com\/advbox\/\",\"https:\/\/x.com\/advbox2\"]}]}<\/script>\n<!-- \/ Yoast SEO plugin. -->","yoast_head_json":{"title":"Prescri\u00e7\u00e3o c\u00f3digo penal","description":"Prescri\u00e7\u00e3o c\u00f3digo penal - Peti\u00e7\u00f5es, Artigos jur\u00eddicos, jurisprud\u00eancias no site da ADVBOX.","robots":{"index":"index","follow":"follow","max-snippet":"max-snippet:-1","max-image-preview":"max-image-preview:large","max-video-preview":"max-video-preview:-1"},"canonical":"https:\/\/advbox.com.br\/blog\/criminal-prescricao-codigo-penal\/","og_locale":"pt_BR","og_type":"article","og_title":"Prescri\u00e7\u00e3o c\u00f3digo penal","og_description":"Prescri\u00e7\u00e3o c\u00f3digo penal - Peti\u00e7\u00f5es, Artigos jur\u00eddicos, jurisprud\u00eancias no site da ADVBOX.","og_url":"https:\/\/advbox.com.br\/blog\/criminal-prescricao-codigo-penal\/","og_site_name":"Software Jur\u00eddico Completo - ADVBOX","article_publisher":"https:\/\/www.facebook.com\/advbox\/","article_modified_time":"2024-10-23T20:23:00+00:00","og_image":[{"width":626,"height":417,"url":"https:\/\/advbox.com.br\/blog\/wp-content\/uploads\/2021\/03\/Mandado-de-seguranca-coletivo.jpg","type":"image\/jpeg"}],"twitter_card":"summary_large_image","twitter_site":"@advbox2","schema":{"@context":"https:\/\/schema.org","@graph":[{"@type":"WebPage","@id":"https:\/\/advbox.com.br\/blog\/criminal-prescricao-codigo-penal\/","url":"https:\/\/advbox.com.br\/blog\/criminal-prescricao-codigo-penal\/","name":"Prescri\u00e7\u00e3o c\u00f3digo penal","isPartOf":{"@id":"https:\/\/advbox.com.br\/blog\/#website"},"primaryImageOfPage":{"@id":"https:\/\/advbox.com.br\/blog\/criminal-prescricao-codigo-penal\/#primaryimage"},"image":{"@id":"https:\/\/advbox.com.br\/blog\/criminal-prescricao-codigo-penal\/#primaryimage"},"thumbnailUrl":"https:\/\/advbox.com.br\/blog\/wp-content\/uploads\/2021\/03\/Mandado-de-seguranca-coletivo.jpg","datePublished":"2021-04-11T17:12:13+00:00","dateModified":"2024-10-23T20:23:00+00:00","description":"Prescri\u00e7\u00e3o c\u00f3digo penal - Peti\u00e7\u00f5es, Artigos jur\u00eddicos, jurisprud\u00eancias no site da ADVBOX.","breadcrumb":{"@id":"https:\/\/advbox.com.br\/blog\/criminal-prescricao-codigo-penal\/#breadcrumb"},"inLanguage":"pt-BR","potentialAction":[{"@type":"ReadAction","target":["https:\/\/advbox.com.br\/blog\/criminal-prescricao-codigo-penal\/"]}]},{"@type":"ImageObject","inLanguage":"pt-BR","@id":"https:\/\/advbox.com.br\/blog\/criminal-prescricao-codigo-penal\/#primaryimage","url":"https:\/\/advbox.com.br\/blog\/wp-content\/uploads\/2021\/03\/Mandado-de-seguranca-coletivo.jpg","contentUrl":"https:\/\/advbox.com.br\/blog\/wp-content\/uploads\/2021\/03\/Mandado-de-seguranca-coletivo.jpg","width":626,"height":417,"caption":"Peti\u00e7\u00e3o advbox"},{"@type":"BreadcrumbList","@id":"https:\/\/advbox.com.br\/blog\/criminal-prescricao-codigo-penal\/#breadcrumb","itemListElement":[{"@type":"ListItem","position":1,"name":"In\u00edcio","item":"https:\/\/advbox.com.br\/blog\/"},{"@type":"ListItem","position":2,"name":"Prescri\u00e7\u00e3o c\u00f3digo penal"}]},{"@type":"WebSite","@id":"https:\/\/advbox.com.br\/blog\/#website","url":"https:\/\/advbox.com.br\/blog\/","name":"Software Jur\u00eddico Completo - ADVBOX","description":"Plataforma para Advocacia Digital","publisher":{"@id":"https:\/\/advbox.com.br\/blog\/#organization"},"potentialAction":[{"@type":"SearchAction","target":{"@type":"EntryPoint","urlTemplate":"https:\/\/advbox.com.br\/blog\/?s={search_term_string}"},"query-input":{"@type":"PropertyValueSpecification","valueRequired":true,"valueName":"search_term_string"}}],"inLanguage":"pt-BR"},{"@type":"Organization","@id":"https:\/\/advbox.com.br\/blog\/#organization","name":"ADVBOX Blog - Software jur\u00eddico da advocacia digital","url":"https:\/\/advbox.com.br\/blog\/","logo":{"@type":"ImageObject","inLanguage":"pt-BR","@id":"https:\/\/advbox.com.br\/blog\/#\/schema\/logo\/image\/","url":"https:\/\/advbox.com.br\/blog\/wp-content\/uploads\/2019\/12\/Como-aumentar-a-produtividade_.jpg","contentUrl":"https:\/\/advbox.com.br\/blog\/wp-content\/uploads\/2019\/12\/Como-aumentar-a-produtividade_.jpg","width":320,"height":213,"caption":"ADVBOX Blog - Software jur\u00eddico da advocacia digital"},"image":{"@id":"https:\/\/advbox.com.br\/blog\/#\/schema\/logo\/image\/"},"sameAs":["https:\/\/www.facebook.com\/advbox\/","https:\/\/x.com\/advbox2"]}]}},"_links":{"self":[{"href":"https:\/\/advbox.com.br\/blog\/wp-json\/wp\/v2\/pages\/28166","targetHints":{"allow":["GET"]}}],"collection":[{"href":"https:\/\/advbox.com.br\/blog\/wp-json\/wp\/v2\/pages"}],"about":[{"href":"https:\/\/advbox.com.br\/blog\/wp-json\/wp\/v2\/types\/page"}],"author":[{"embeddable":true,"href":"https:\/\/advbox.com.br\/blog\/wp-json\/wp\/v2\/users\/2"}],"replies":[{"embeddable":true,"href":"https:\/\/advbox.com.br\/blog\/wp-json\/wp\/v2\/comments?post=28166"}],"version-history":[{"count":3,"href":"https:\/\/advbox.com.br\/blog\/wp-json\/wp\/v2\/pages\/28166\/revisions"}],"predecessor-version":[{"id":68284,"href":"https:\/\/advbox.com.br\/blog\/wp-json\/wp\/v2\/pages\/28166\/revisions\/68284"}],"wp:featuredmedia":[{"embeddable":true,"href":"https:\/\/advbox.com.br\/blog\/wp-json\/wp\/v2\/media\/25421"}],"wp:attachment":[{"href":"https:\/\/advbox.com.br\/blog\/wp-json\/wp\/v2\/media?parent=28166"}],"curies":[{"name":"wp","href":"https:\/\/api.w.org\/{rel}","templated":true}]}}