{"id":29712,"date":"2021-04-27T20:04:01","date_gmt":"2021-04-27T23:04:01","guid":{"rendered":"https:\/\/advbox.com.br\/blog\/?page_id=29712"},"modified":"2024-10-24T12:43:09","modified_gmt":"2024-10-24T15:43:09","slug":"criminal-artigo-33-codigo-penal","status":"publish","type":"page","link":"https:\/\/advbox.com.br\/blog\/criminal-artigo-33-codigo-penal\/","title":{"rendered":"Artigo 33 C\u00f3digo Penal"},"content":{"rendered":"\n<p>Separamos o modelo habeas corpus &#8211; c\u00f3digo penal artigo 33 copie e atualize seu <a href=\"https:\/\/advbox.com.br\/blog\/como-automatizar-seus-modelos-de-peticoes\/\" target=\"_blank\">banco de peti\u00e7\u00f5es<\/a> de forma organizada com o <a href=\"https:\/\/advbox.com.br\/\" target=\"_blank\">software jur\u00eddico ADVBOX<\/a>.<\/p>\n\n\n\n<p>N\u00e3o fique fora dessa<a href=\"https:\/\/advbox.com.br\/blog\/controladoria-juridica\/\" target=\"_blank\"> <\/a>tend\u00eancia altamente lucrativa para<a href=\"https:\/\/advbox.com.br\/blog\/controladoria-juridica\/\" target=\"_blank\"> a advocacia digital,<\/a> baixe gratuitamente o ebook que ir\u00e1 ajudar a entender todos os recursos dispon\u00edveis para seu escrit\u00f3rio.<\/p>\n\n\n\n\n\n<h2 class=\"wp-block-heading\">Habeas corpus &#8211; c\u00f3digo penal artigo 33<\/h2>\n\n\n\n<p><strong>TRIBUNAL REGIONAL FEDERAL DA 2\u00aa REGI\u00c3O \u2013 1\u00aa TURMA<\/strong><\/p>\n\n\n\n<p><strong>HABEAS CORPUS N\u00ba&nbsp;<\/strong><\/p>\n\n\n\n<p>IMPETRANTE :&nbsp;<\/p>\n\n\n\n<p>IMPETRADO : <strong>JU\u00cdZO FEDERAL DA 3\u00aa VARA FEDERAL CRIMINAL DO RIO DE JANEIRO<\/strong><\/p>\n\n\n\n<p>PACIENTE : <strong>(r\u00e9u preso)<\/strong><\/p>\n\n\n\n<p>RELATOR : <strong>DES. FEDERAL NEY FONSECA<\/strong><\/p>\n\n\n\n<p><strong>Egr\u00e9gia Turma<\/strong><\/p>\n\n\n\n<p><strong><\/strong><strong> <\/strong><strong><\/strong>A advogada impetrou <em>habeas corpus<\/em> em favor de contra ato do <strong>JU\u00cdZO FEDERAL DA 3\u00aa VARA FEDERAL CRIMINAL DO RIO DE JANEIRO <\/strong>pelas raz\u00f5es que seguem:<\/p>\n\n\n\n<p>I \u2013 O Minist\u00e9rio P\u00fablico Federal ofereceu den\u00fancia contra o paciente, pela pr\u00e1tica do crime tipificado no art. 171, \u00a73\u00ba c\/c art. 71, ambos do C\u00f3digo Penal.<\/p>\n\n\n\n<p>II \u2013 A senten\u00e7a proferida no Ju\u00edzo da 25\u00aa Vara Federal\/RJ julgou procedente a pretens\u00e3o punitiva, condenando o acusado \u00e0 pena de tr\u00eas anos, um m\u00eas e dez dias de reclus\u00e3o, em regime semi-aberto.<\/p>\n\n\n\n<p>III \u2013 Como o paciente se encontra preso desde a data do flagrante, 04.04.0007, j\u00e1 cumpriu quase a integralidade da pena em regime fechado, uma vez que o direito de recorrer em liberdade foi negado.<\/p>\n\n\n\n<p>IV \u2013 Julgado o recurso em 06.10.0008, foi mantida a condena\u00e7\u00e3o, em decis\u00e3o assim ementada (a decis\u00e3o n\u00e3o consta dos autos \u2013 foi obtida no site www.trf2.gov.br.):<\/p>\n\n\n\n<p>PENAL-ESTELIONATO-CRIME CONTINUADO.<\/p>\n\n\n\n<p>I &#8211; Autoria e materialidade comprovadas pela flagr\u00e2ncia do delito e por ampla instru\u00e7\u00e3o processual.<\/p>\n\n\n\n<p>II &#8211; Correta a dosimetria da pena face \u00e0s circunst\u00e2ncias do delito e das condi\u00e7\u00f5es pessoais do apenado.<\/p>\n\n\n\n<p>III &#8211; Senten\u00e7a mantida.<\/p>\n\n\n\n<p>(TRF \u2013 2\u00aa Regi\u00e3o \u2013 1\u00aa Turma \u2013 AC N\u00ba 0008.0211184-8 \u2013 Rel. JUIZ NEY FONSECA \u2013&nbsp; Julg.: 06\/10\/0008)<\/p>\n\n\n\n<p>V \u2013 Requer, por fim, a expedi\u00e7\u00e3o de alvar\u00e1 de soltura em favor do paciente, por ter cumprido o lapso necess\u00e1rio para o livramento condicional.<\/p>\n\n\n\n<p>. \u00c0s fls. 18, o relator negou o pedido de liminar, <em>\u201cj\u00e1 que sem fundamento f\u00e1tico e jur\u00eddico\u201d.<\/em><\/p>\n\n\n\n<p>. Vieram aos autos as informa\u00e7\u00f5es de fls. 21\/23, a sustentar <em>\u201ca manifesta ilegitimidade da autoridade apontada como coatora, tendo em vista que a concess\u00e3o do benef\u00edcio de livramento condicional compete ao ju\u00edzo da Vara de Execu\u00e7\u00f5es Penais\u201d.<\/em><\/p>\n\n\n\n<p>. \u00c9 o relat\u00f3rio.<\/p>\n\n\n\n<p><em><\/em><em> <\/em><em><\/em>Cumpre, antes de tudo, de que concorreram, na esp\u00e9cie, relevantes motivos para manter-se o r\u00e9u preso cautelarmente durante a fase recursal.<\/p>\n\n\n\n<p>. O art. 50004 do C\u00f3digo de Processo Penal assegura o direito de aguardar em liberdade o julgamento do recurso apenas ao r\u00e9u <em>\u201cprim\u00e1rio e de bons antecedentes\u201d.<\/em>&nbsp; N\u00e3o \u00e9 esse, contudo, o caso dos autos, j\u00e1 que, apesar de tecnicamente prim\u00e1rio, a FAC do paciente registra seis anota\u00e7\u00f5es.<\/p>\n\n\n\n<p>Al\u00e9m disso, a decreta\u00e7\u00e3o da pris\u00e3o preventiva est\u00e1 condicionada \u00e0 ocorr\u00eancia de pelo menos uma das circunst\u00e2ncias previstas no art. 312 do C\u00f3digo de Processo Penal:&nbsp; garantia da ordem p\u00fablica, da ordem econ\u00f4mica, conveni\u00eancia da instru\u00e7\u00e3o criminal, necessidade de assegurar a aplica\u00e7\u00e3o da lei penal.&nbsp; Uma vez decretada, o art. 316 condiciona sua revoga\u00e7\u00e3o \u00e0 insubsist\u00eancia da circunst\u00e2ncia que a motivou.<\/p>\n\n\n\n<p>No caso concreto, a den\u00fancia imputou ao paciente a pr\u00e1tica do crime de estelionato, na forma continuada.&nbsp; Foi ele preso em flagrante por adulterar cheques de proced\u00eancia desconhecida, sacando o valor depositado de uma caderneta de poupan\u00e7a aberta em seu nome.&nbsp; Valeu-se o r\u00e9u \u2013 fique o registro \u2013 de nome falso durante a instru\u00e7\u00e3o criminal (prova disso \u00e9 a senten\u00e7a anexada \u00e0s fls. 05, em que o ora paciente \u00e9 referido como ALEXANDRE VON SOHSTEN GOMES FERRAZ) e mesmo no recurso de apela\u00e7\u00e3o que interp\u00f4s.&nbsp; Nos autos do <strong>HC<\/strong> <strong>0008.02.01735-3, <\/strong>&nbsp;no qual eu mesmo oficiei, o Ju\u00edzo da 25\u00aa Vara Federal prestou as seguintes informa\u00e7\u00f5es:<\/p>\n\n\n\n<p>\u201c&#8230; a prop\u00f3sito de ocultar sua verdadeira identidade mostrou-se claro ap\u00f3s ter sido proferida a senten\u00e7a, qual seja, n\u00e3o permitir que se apurasse a exist\u00eancia de antecedentes criminais do paciente (fls. 265\/267), com imputa\u00e7\u00f5es de estelionato, recepta\u00e7\u00e3o, furto, falsifica\u00e7\u00e3o e uso de documento falso, enfim, uma s\u00e9rie de delitos.<\/p>\n\n\n\n<p>Nesta data, foi proferido despacho ordenando a retifica\u00e7\u00e3o da autua\u00e7\u00e3o, registro e distribui\u00e7\u00e3o para o nome do paciente, tendo em vista a descoberta da real identidade do mesmo, al\u00e9m de determina\u00e7\u00e3o de extra\u00e7\u00e3o de pe\u00e7as para encaminhamento ao MPF, considerando a exist\u00eancia de ind\u00edcios de outras pr\u00e1ticas delitivas, como falsifica\u00e7\u00e3o de documentos p\u00fablicos, falsidade ideol\u00f3gica, dentre outras.<\/p>\n\n\n\n<p>Verifica-se, pois, que o paciente apresenta p\u00e9ssimos antecedentes criminais, tendo personalidade voltada ao delito, n\u00e3o podendo ser aceitos argumentos em contr\u00e1rio, diante do acima informado\u201d.<\/p>\n\n\n\n<p><strong><\/strong><strong> <\/strong><strong><\/strong><strong>Todos esses fatos \u2013&nbsp; a altera\u00e7\u00e3o do nome do acusado, para evitar que se descobrisse a reitera\u00e7\u00e3o da atividade delitiva e o acesso \u00e0 sua verdadeira folha de antecedentes criminais \u2013 recomendavam fosse mantida sua pris\u00e3o, como medida de garantia da ordem p\u00fablica.<\/strong><\/p>\n\n\n\n<p>. \u00c9 verdade, por outro lado, que o <em>habeas corpus<\/em> deveria ter em seu p\u00f3lo passivo o Ju\u00edzo de Execu\u00e7\u00f5es Penais, como sustentando nas informa\u00e7\u00f5es de fls. 21\/23.&nbsp; \u00c9 o que se colhe da ementa que passo a trancrever:<\/p>\n\n\n\n<p>RHC. EXECU\u00c7\u00c3O. QUEST\u00d5ES N\u00c3O SUSCITADAS EM 2\u00ba GRAU. N\u00c3O-CONHECIMENTO.&nbsp; LIVRAMENTO CONDICIONAL. COMPET\u00caNCIA DO JU\u00cdZO DE EXECU\u00c7\u00d5ES.&nbsp; IMPROPRIEDADE DA VIA ELEITA. DEMORA NA APRECIA\u00c7\u00c3O DO BENEF\u00cdCIO JUSTIFICADA. RECURSO CONHECIDO EM PARTE E, NESTA,&nbsp; DESPROVIDO.<\/p>\n\n\n\n<p>I. \u00c9 defeso o conhecimento de alega\u00e7\u00f5es n\u00e3o levantadas perante o Tribunal <em>a quo<\/em>, sob pena de indevida supress\u00e3o de inst\u00e2ncia.&nbsp;<\/p>\n\n\n\n<p><strong>II. O pedido de livramento condicional deve ser dirigido ao Ju\u00edzo de Execu\u00e7\u00f5es, competente para o seu conhecimento, nos termos da Lei de Execu\u00e7\u00e3o Penal.<\/strong><\/p>\n\n\n\n<p><strong>III. O habeas corpus \u00e9 meio impr\u00f3prio para a obten\u00e7\u00e3o de benef\u00edcio relativo \u00e0 execu\u00e7\u00e3o da pena, tendo em vista a dila\u00e7\u00e3o probat\u00f3ria que se faz necess\u00e1ria ao seu exame.<\/strong><\/p>\n\n\n\n<p>IV. N\u00e3o se configura como constrangimento ilegal eventual demora na aprecia\u00e7\u00e3o do requerimento de incidente de execu\u00e7\u00e3o, se a mesma \u00e9 decorrente de evas\u00f5es do r\u00e9u e da realiza\u00e7\u00e3o de dilig\u00eancias normais e necess\u00e1rias no curso do processo.<\/p>\n\n\n\n<p>V. Recurso conhecido em parte e, nesta, desprovido.<\/p>\n\n\n\n<p>(STJ \u2013 5\u00aa Turma \u2013 RECURSO ORDINARIO EM HC&nbsp; 8216\/RJ \u2013 Decis\u00e3o: 13-04-2012 \u2013 Rel. GILSON DIPP)<\/p>\n\n\n\n<p><strong>.<\/strong><strong> <\/strong><strong><\/strong><strong> <\/strong><strong>Tamb\u00e9m a apontar no sentido do n\u00e3o conhecimento do presente <\/strong><strong><em>habeas corpus<\/em><\/strong><strong>, a insufici\u00eancia dos elementos que instru\u00edram a inicial, cuja inconsist\u00eancia chega \u00e0s raias da in\u00e9pcia.<\/strong><\/p>\n\n\n\n<p><strong>.<\/strong><strong> <\/strong><strong><\/strong><strong> <\/strong><strong>Inexiste, nos autos, qualquer&nbsp; prova de ato que possa configurar constrangimento ilegal \u00e0 liberdade do paciente, ou que permita a verifica\u00e7\u00e3o do cumprimento dos requisitos subjetivos indispens\u00e1veis \u00e0 obten\u00e7\u00e3o do benef\u00edcio.&nbsp; Sem essa prova m\u00ednima, reiteradamente exigida pelo Superior Tribunal de Justi\u00e7a, n\u00e3o h\u00e1 como conhecer do habeas corpus.&nbsp; \u00c9 conferir:<\/strong><\/p>\n\n\n\n<p>HABEAS CORPUS. PROGRESS\u00c3O DE REGIME DE CUMPRIMENTO DE PENA. EXCEPCIONAL CABIMENTO DO WRIT. REQUISITOS OBJETIVOS E SUBJETIVOS J\u00c1 SATISFEITOS. CONSTRANGIMENTO ILEGAL CONFIGURADO, DE PLANO.<\/p>\n\n\n\n<p><strong>N\u00e3o constando da impetra\u00e7\u00e3o o v. ac\u00f3rd\u00e3o a quo que indeferiu a pretens\u00e3o do livramento condicional, torna-se invi\u00e1vel o conhecimento do writ sob esse enfoque.<\/strong><\/p>\n\n\n\n<p><strong>Configura-se constrangimento ilegal, san\u00e1vel por meio de habeas corpus, o indeferimento de pedido de progress\u00e3o de regime, quando, pela an\u00e1lise dos autos, verifica-se, de plano, que o apenado j\u00e1 satisfaz os requisitos de ordem objetiva e subjetiva, n\u00e3o havendo que se falar em exame aprofundado de provas.<\/strong><\/p>\n\n\n\n<p>Hip\u00f3tese dos autos em que, al\u00e9m de preenchidos os requisitos objetivos, det\u00e9m o apenado \u00f3timo comportamento carcer\u00e1rio atestado pela Diretoria da Penitenci\u00e1ria em que cumpre pena, inclusive com parecer favor\u00e1vel em exame criminol\u00f3gico.<\/p>\n\n\n\n<p>Ordem de habeas corpus parcialmente conhecida e nessa parte concedida, para deferir-se ao paciente o regime semi-aberto.<\/p>\n\n\n\n<p>(STJ \u2013 5\u00aa Turma \u2013 HC 8360\/SP \u2013Decis\u00e3o:&nbsp; 20-05-2012 \u2013 Rel. JOS\u00c9 ARNALDO DA FONSECA)<\/p>\n\n\n\n<p>Do exposto, o parecer \u00e9 no sentido do n\u00e3o conhecimento do <em>habeas corpus <\/em>; caso conhecido, pela denega\u00e7\u00e3o da ordem.<\/p>\n\n\n\n\n","protected":false},"excerpt":{"rendered":"<p>Separamos o modelo habeas corpus &#8211; c\u00f3digo penal artigo 33 copie e atualize seu banco de peti\u00e7\u00f5es de forma organizada com o software jur\u00eddico ADVBOX. N\u00e3o fique fora dessa tend\u00eancia altamente lucrativa para a advocacia digital, baixe gratuitamente o ebook que ir\u00e1 ajudar a entender todos os recursos dispon\u00edveis para [&hellip;]<\/p>\n","protected":false},"author":2,"featured_media":29747,"parent":0,"menu_order":0,"comment_status":"closed","ping_status":"closed","template":"","meta":{"_acf_changed":false,"om_disable_all_campaigns":false,"footnotes":""},"class_list":["post-29712","page","type-page","status-publish","has-post-thumbnail","hentry"],"acf":[],"yoast_head":"<!-- This site is optimized with the Yoast SEO plugin v26.9 - https:\/\/yoast.com\/product\/yoast-seo-wordpress\/ -->\n<title>Artigo 33 C\u00f3digo Penal<\/title>\n<meta name=\"description\" content=\"Artigo 33 C\u00f3digo Penal - Peti\u00e7\u00f5es, Artigos jur\u00eddicos, jurisprud\u00eancias no site da ADVBOX.\" \/>\n<meta name=\"robots\" content=\"index, follow, max-snippet:-1, max-image-preview:large, max-video-preview:-1\" \/>\n<link rel=\"canonical\" href=\"https:\/\/advbox.com.br\/blog\/criminal-artigo-33-codigo-penal\/\" \/>\n<meta property=\"og:locale\" content=\"pt_BR\" \/>\n<meta property=\"og:type\" content=\"article\" \/>\n<meta property=\"og:title\" content=\"Artigo 33 C\u00f3digo Penal\" \/>\n<meta property=\"og:description\" content=\"Artigo 33 C\u00f3digo Penal - Peti\u00e7\u00f5es, Artigos jur\u00eddicos, jurisprud\u00eancias no site da ADVBOX.\" \/>\n<meta property=\"og:url\" content=\"https:\/\/advbox.com.br\/blog\/criminal-artigo-33-codigo-penal\/\" \/>\n<meta property=\"og:site_name\" content=\"Software Jur\u00eddico Completo - ADVBOX\" \/>\n<meta property=\"article:publisher\" content=\"https:\/\/www.facebook.com\/advbox\/\" \/>\n<meta property=\"article:modified_time\" content=\"2024-10-24T15:43:09+00:00\" \/>\n<meta property=\"og:image\" content=\"https:\/\/advbox.com.br\/blog\/wp-content\/uploads\/2021\/04\/peticao-advbox-11.jpg\" \/>\n\t<meta property=\"og:image:width\" content=\"626\" \/>\n\t<meta property=\"og:image:height\" content=\"417\" \/>\n\t<meta property=\"og:image:type\" content=\"image\/jpeg\" \/>\n<meta name=\"twitter:card\" content=\"summary_large_image\" \/>\n<meta name=\"twitter:site\" content=\"@advbox2\" \/>\n<script type=\"application\/ld+json\" class=\"yoast-schema-graph\">{\"@context\":\"https:\/\/schema.org\",\"@graph\":[{\"@type\":\"WebPage\",\"@id\":\"https:\/\/advbox.com.br\/blog\/criminal-artigo-33-codigo-penal\/\",\"url\":\"https:\/\/advbox.com.br\/blog\/criminal-artigo-33-codigo-penal\/\",\"name\":\"Artigo 33 C\u00f3digo Penal\",\"isPartOf\":{\"@id\":\"https:\/\/advbox.com.br\/blog\/#website\"},\"primaryImageOfPage\":{\"@id\":\"https:\/\/advbox.com.br\/blog\/criminal-artigo-33-codigo-penal\/#primaryimage\"},\"image\":{\"@id\":\"https:\/\/advbox.com.br\/blog\/criminal-artigo-33-codigo-penal\/#primaryimage\"},\"thumbnailUrl\":\"https:\/\/advbox.com.br\/blog\/wp-content\/uploads\/2021\/04\/peticao-advbox-11.jpg\",\"datePublished\":\"2021-04-27T23:04:01+00:00\",\"dateModified\":\"2024-10-24T15:43:09+00:00\",\"description\":\"Artigo 33 C\u00f3digo Penal - Peti\u00e7\u00f5es, Artigos jur\u00eddicos, jurisprud\u00eancias no site da ADVBOX.\",\"breadcrumb\":{\"@id\":\"https:\/\/advbox.com.br\/blog\/criminal-artigo-33-codigo-penal\/#breadcrumb\"},\"inLanguage\":\"pt-BR\",\"potentialAction\":[{\"@type\":\"ReadAction\",\"target\":[\"https:\/\/advbox.com.br\/blog\/criminal-artigo-33-codigo-penal\/\"]}]},{\"@type\":\"ImageObject\",\"inLanguage\":\"pt-BR\",\"@id\":\"https:\/\/advbox.com.br\/blog\/criminal-artigo-33-codigo-penal\/#primaryimage\",\"url\":\"https:\/\/advbox.com.br\/blog\/wp-content\/uploads\/2021\/04\/peticao-advbox-11.jpg\",\"contentUrl\":\"https:\/\/advbox.com.br\/blog\/wp-content\/uploads\/2021\/04\/peticao-advbox-11.jpg\",\"width\":626,\"height\":417,\"caption\":\"Software Jur\u00eddico da Advocacia Digital\"},{\"@type\":\"BreadcrumbList\",\"@id\":\"https:\/\/advbox.com.br\/blog\/criminal-artigo-33-codigo-penal\/#breadcrumb\",\"itemListElement\":[{\"@type\":\"ListItem\",\"position\":1,\"name\":\"In\u00edcio\",\"item\":\"https:\/\/advbox.com.br\/blog\/\"},{\"@type\":\"ListItem\",\"position\":2,\"name\":\"Artigo 33 C\u00f3digo Penal\"}]},{\"@type\":\"WebSite\",\"@id\":\"https:\/\/advbox.com.br\/blog\/#website\",\"url\":\"https:\/\/advbox.com.br\/blog\/\",\"name\":\"Software Jur\u00eddico Completo - ADVBOX\",\"description\":\"Plataforma para Advocacia Digital\",\"publisher\":{\"@id\":\"https:\/\/advbox.com.br\/blog\/#organization\"},\"potentialAction\":[{\"@type\":\"SearchAction\",\"target\":{\"@type\":\"EntryPoint\",\"urlTemplate\":\"https:\/\/advbox.com.br\/blog\/?s={search_term_string}\"},\"query-input\":{\"@type\":\"PropertyValueSpecification\",\"valueRequired\":true,\"valueName\":\"search_term_string\"}}],\"inLanguage\":\"pt-BR\"},{\"@type\":\"Organization\",\"@id\":\"https:\/\/advbox.com.br\/blog\/#organization\",\"name\":\"ADVBOX Blog - Software jur\u00eddico da advocacia digital\",\"url\":\"https:\/\/advbox.com.br\/blog\/\",\"logo\":{\"@type\":\"ImageObject\",\"inLanguage\":\"pt-BR\",\"@id\":\"https:\/\/advbox.com.br\/blog\/#\/schema\/logo\/image\/\",\"url\":\"https:\/\/advbox.com.br\/blog\/wp-content\/uploads\/2019\/12\/Como-aumentar-a-produtividade_.jpg\",\"contentUrl\":\"https:\/\/advbox.com.br\/blog\/wp-content\/uploads\/2019\/12\/Como-aumentar-a-produtividade_.jpg\",\"width\":320,\"height\":213,\"caption\":\"ADVBOX Blog - Software jur\u00eddico da advocacia digital\"},\"image\":{\"@id\":\"https:\/\/advbox.com.br\/blog\/#\/schema\/logo\/image\/\"},\"sameAs\":[\"https:\/\/www.facebook.com\/advbox\/\",\"https:\/\/x.com\/advbox2\"]}]}<\/script>\n<!-- \/ Yoast SEO plugin. -->","yoast_head_json":{"title":"Artigo 33 C\u00f3digo Penal","description":"Artigo 33 C\u00f3digo Penal - Peti\u00e7\u00f5es, Artigos jur\u00eddicos, jurisprud\u00eancias no site da ADVBOX.","robots":{"index":"index","follow":"follow","max-snippet":"max-snippet:-1","max-image-preview":"max-image-preview:large","max-video-preview":"max-video-preview:-1"},"canonical":"https:\/\/advbox.com.br\/blog\/criminal-artigo-33-codigo-penal\/","og_locale":"pt_BR","og_type":"article","og_title":"Artigo 33 C\u00f3digo Penal","og_description":"Artigo 33 C\u00f3digo Penal - Peti\u00e7\u00f5es, Artigos jur\u00eddicos, jurisprud\u00eancias no site da ADVBOX.","og_url":"https:\/\/advbox.com.br\/blog\/criminal-artigo-33-codigo-penal\/","og_site_name":"Software Jur\u00eddico Completo - ADVBOX","article_publisher":"https:\/\/www.facebook.com\/advbox\/","article_modified_time":"2024-10-24T15:43:09+00:00","og_image":[{"width":626,"height":417,"url":"https:\/\/advbox.com.br\/blog\/wp-content\/uploads\/2021\/04\/peticao-advbox-11.jpg","type":"image\/jpeg"}],"twitter_card":"summary_large_image","twitter_site":"@advbox2","schema":{"@context":"https:\/\/schema.org","@graph":[{"@type":"WebPage","@id":"https:\/\/advbox.com.br\/blog\/criminal-artigo-33-codigo-penal\/","url":"https:\/\/advbox.com.br\/blog\/criminal-artigo-33-codigo-penal\/","name":"Artigo 33 C\u00f3digo Penal","isPartOf":{"@id":"https:\/\/advbox.com.br\/blog\/#website"},"primaryImageOfPage":{"@id":"https:\/\/advbox.com.br\/blog\/criminal-artigo-33-codigo-penal\/#primaryimage"},"image":{"@id":"https:\/\/advbox.com.br\/blog\/criminal-artigo-33-codigo-penal\/#primaryimage"},"thumbnailUrl":"https:\/\/advbox.com.br\/blog\/wp-content\/uploads\/2021\/04\/peticao-advbox-11.jpg","datePublished":"2021-04-27T23:04:01+00:00","dateModified":"2024-10-24T15:43:09+00:00","description":"Artigo 33 C\u00f3digo Penal - Peti\u00e7\u00f5es, Artigos jur\u00eddicos, jurisprud\u00eancias no site da ADVBOX.","breadcrumb":{"@id":"https:\/\/advbox.com.br\/blog\/criminal-artigo-33-codigo-penal\/#breadcrumb"},"inLanguage":"pt-BR","potentialAction":[{"@type":"ReadAction","target":["https:\/\/advbox.com.br\/blog\/criminal-artigo-33-codigo-penal\/"]}]},{"@type":"ImageObject","inLanguage":"pt-BR","@id":"https:\/\/advbox.com.br\/blog\/criminal-artigo-33-codigo-penal\/#primaryimage","url":"https:\/\/advbox.com.br\/blog\/wp-content\/uploads\/2021\/04\/peticao-advbox-11.jpg","contentUrl":"https:\/\/advbox.com.br\/blog\/wp-content\/uploads\/2021\/04\/peticao-advbox-11.jpg","width":626,"height":417,"caption":"Software Jur\u00eddico da Advocacia Digital"},{"@type":"BreadcrumbList","@id":"https:\/\/advbox.com.br\/blog\/criminal-artigo-33-codigo-penal\/#breadcrumb","itemListElement":[{"@type":"ListItem","position":1,"name":"In\u00edcio","item":"https:\/\/advbox.com.br\/blog\/"},{"@type":"ListItem","position":2,"name":"Artigo 33 C\u00f3digo Penal"}]},{"@type":"WebSite","@id":"https:\/\/advbox.com.br\/blog\/#website","url":"https:\/\/advbox.com.br\/blog\/","name":"Software Jur\u00eddico Completo - ADVBOX","description":"Plataforma para Advocacia Digital","publisher":{"@id":"https:\/\/advbox.com.br\/blog\/#organization"},"potentialAction":[{"@type":"SearchAction","target":{"@type":"EntryPoint","urlTemplate":"https:\/\/advbox.com.br\/blog\/?s={search_term_string}"},"query-input":{"@type":"PropertyValueSpecification","valueRequired":true,"valueName":"search_term_string"}}],"inLanguage":"pt-BR"},{"@type":"Organization","@id":"https:\/\/advbox.com.br\/blog\/#organization","name":"ADVBOX Blog - Software jur\u00eddico da advocacia digital","url":"https:\/\/advbox.com.br\/blog\/","logo":{"@type":"ImageObject","inLanguage":"pt-BR","@id":"https:\/\/advbox.com.br\/blog\/#\/schema\/logo\/image\/","url":"https:\/\/advbox.com.br\/blog\/wp-content\/uploads\/2019\/12\/Como-aumentar-a-produtividade_.jpg","contentUrl":"https:\/\/advbox.com.br\/blog\/wp-content\/uploads\/2019\/12\/Como-aumentar-a-produtividade_.jpg","width":320,"height":213,"caption":"ADVBOX Blog - Software jur\u00eddico da advocacia digital"},"image":{"@id":"https:\/\/advbox.com.br\/blog\/#\/schema\/logo\/image\/"},"sameAs":["https:\/\/www.facebook.com\/advbox\/","https:\/\/x.com\/advbox2"]}]}},"_links":{"self":[{"href":"https:\/\/advbox.com.br\/blog\/wp-json\/wp\/v2\/pages\/29712","targetHints":{"allow":["GET"]}}],"collection":[{"href":"https:\/\/advbox.com.br\/blog\/wp-json\/wp\/v2\/pages"}],"about":[{"href":"https:\/\/advbox.com.br\/blog\/wp-json\/wp\/v2\/types\/page"}],"author":[{"embeddable":true,"href":"https:\/\/advbox.com.br\/blog\/wp-json\/wp\/v2\/users\/2"}],"replies":[{"embeddable":true,"href":"https:\/\/advbox.com.br\/blog\/wp-json\/wp\/v2\/comments?post=29712"}],"version-history":[{"count":3,"href":"https:\/\/advbox.com.br\/blog\/wp-json\/wp\/v2\/pages\/29712\/revisions"}],"predecessor-version":[{"id":68309,"href":"https:\/\/advbox.com.br\/blog\/wp-json\/wp\/v2\/pages\/29712\/revisions\/68309"}],"wp:featuredmedia":[{"embeddable":true,"href":"https:\/\/advbox.com.br\/blog\/wp-json\/wp\/v2\/media\/29747"}],"wp:attachment":[{"href":"https:\/\/advbox.com.br\/blog\/wp-json\/wp\/v2\/media?parent=29712"}],"curies":[{"name":"wp","href":"https:\/\/api.w.org\/{rel}","templated":true}]}}