{"id":29931,"date":"2021-04-28T14:44:11","date_gmt":"2021-04-28T17:44:11","guid":{"rendered":"https:\/\/advbox.com.br\/blog\/?page_id=29931"},"modified":"2024-11-06T10:37:42","modified_gmt":"2024-11-06T13:37:42","slug":"honorarios-contrato-de-prestacao-de-servicos-advocaticios","status":"publish","type":"page","link":"https:\/\/advbox.com.br\/blog\/honorarios-contrato-de-prestacao-de-servicos-advocaticios\/","title":{"rendered":"Contrato de presta\u00e7\u00e3o de servi\u00e7os advocat\u00edcios"},"content":{"rendered":"<p>Separamos o modelo <strong>Contrato de honor\u00e1rios advocat\u00edcios<\/strong> copie e atualize no seu <a href=\"https:\/\/advbox.com.br\/blog\/como-automatizar-seus-modelos-de-peticoes\/\" target=\"_blank\">banco de peti\u00e7\u00f5es<\/a> de forma organizada com o <a href=\"https:\/\/advbox.com.br\/\" target=\"_blank\">software jur\u00eddico ADVBOX<\/a>.<\/p><p>N\u00e3o fique fora dessa<a href=\"https:\/\/advbox.com.br\/blog\/controladoria-juridica\/\" target=\"_blank\"> <\/a>tend\u00eancia altamente lucrativa para<a href=\"https:\/\/advbox.com.br\/blog\/controladoria-juridica\/\" target=\"_blank\"> a advocacia digital,<\/a> baixe gratuitamente o ebook que ir\u00e1 ajudar a entender todos os recursos dispon\u00edveis para seu escrit\u00f3rio.<\/p><p><\/p><h2 class=\"wp-block-heading\"><strong>Contrato de honor\u00e1rios advocat\u00edcios<\/strong><\/h2><p>Pelo presente instrumento particular de presta\u00e7\u00e3o de servi\u00e7os e honor\u00e1rios advocat\u00edcios que fazem, de um lado, <strong>(NOME DO PROCURADOR)<\/strong>, (nacionalidade), (estado civil), advogado(a) regularmente inscrito(a) na OAB\/&#8230; sob o n\u00ba&#8230;, com escrit\u00f3rio profissional na rua &#8230;, n\u00ba&#8230;, bairro &#8230;, cidade &#8230;, estado &#8230;, CEP&#8230;, onde recebe intima\u00e7\u00f5es e notifica\u00e7\u00f5es, doravante denominado CONTRATADO,<strong> <\/strong>e, de outro lado, <strong>(NOME DO CLIENTE)<\/strong>, (nacionalidade), (estado civil), (profiss\u00e3o), inscrito(a) no CPF\/MF sob o n\u00ba&#8230;, RG n\u00ba&#8230;, residente e domiciliado(a) na rua &#8230;, n\u00ba&#8230;, bairro &#8230;, cidade &#8230;, estado &#8230;, CEP&#8230;, doravante denominado CONTRATANTE,<strong> <\/strong>t\u00eam, entre si, justo e contratado o que segue:<\/p><p>CL\u00c1USULA PRIMEIRA:<strong> <\/strong>O CONTRATADO fica constitu\u00eddo, nesta data, procurador do CONTRATANTE, para o fim propor a\u00e7\u00e3o judicial contra o &#8230;&#8230;&#8230;&#8230;&#8230;&#8230;&#8230;&#8230;&#8230;&#8230;&#8230;&#8230;.<\/p><p>CL\u00c1USULA SEGUNDA: O CONTRATANTE pagar\u00e1 ao CONTRATADO, a t\u00edtulo de honor\u00e1rios advocat\u00edcios, o valor correspondente a &#8230; ( &#8230; por cento) sobre o valor recebido ao final da a\u00e7\u00e3o.<\/p><p>CL\u00c1USULA TERCEIRA: Nos valores de honor\u00e1rios ora apresentados est\u00e3o inclu\u00eddos apenas os servi\u00e7os profissionais jur\u00eddicos que ser\u00e3o prestados, n\u00e3o estando inclu\u00eddos os valores das taxas, emolumentos ou tributos exigidos pelos \u00f3rg\u00e3os de fiscaliza\u00e7\u00e3o e registro competentes, ou outros necess\u00e1rios, sendo que tais despesas somente ser\u00e3o realizadas ap\u00f3s pr\u00e9via autoriza\u00e7\u00e3o do CONTRATANTE, verbal ou por escrita.<\/p><p>CL\u00c1USULA QUARTA: Do mesmo modo, n\u00e3o est\u00e3o inclu\u00eddas eventuais despesas com transporte, estada e alimenta\u00e7\u00e3o, quando se fizer necess\u00e1rio o deslocamento do CONTRATADO ou seus prepostos, sendo que tais despesas somente ser\u00e3o realizadas mediante pr\u00e9via autoriza\u00e7\u00e3o do CONTRATANTE.<\/p><p>CL\u00c1USULA QUINTA: O CONTRATANTE ser\u00e1 obrigado a fornecer numer\u00e1rio necess\u00e1rio para a satisfa\u00e7\u00e3o das referidas despesas, de modo a n\u00e3o interromper o andamento do processo, e, n\u00e3o o fazendo, fica o CONTRATADO isento de quaisquer responsabilidades que resulte de tal falta.<\/p><p>CL\u00c1USULA SEXTA: Ter\u00e1 direito o CONTRATADO aos honor\u00e1rios estabelecidos na cl\u00e1usula segunda se o CONTRATANTE retirar o mandato antes de terminada a causa, ou transigir de qualquer forma com a parte contr\u00e1ria, impedindo o seguimento do feito, bem como se houver composi\u00e7\u00e3o amig\u00e1vel.<\/p><p>CL\u00c1USULA S\u00c9TIMA: O n\u00e3o pagamento dos honor\u00e1rios na forma acima descrita dar\u00e1 poderes ao CONTRATADO para mover a competente a\u00e7\u00e3o a fim de receber o que de direito, ficando eleito o Foro da Comarca de&#8230; para dirimir eventual controv\u00e9rsia inerente a este contrato, que ficar\u00e1 automaticamente rescindido pelo descumprimento de qualquer uma de suas cl\u00e1usulas.<\/p><p>CL\u00c1USULA OITAVA: Ter\u00e1 direito o CONTRATADO aos valores fixados a t\u00edtulo de sucumb\u00eancia pelo Ju\u00edzo.<\/p><p>E, por estarem assim justos e contratados, assinam as Partes o presente contrato em duas vias de igual teor e forma.<\/p><p>(Cidade e data)<\/p><p>______________________________<\/p><p>(Assinatura do contratante)<\/p><p>______________________________<\/p><p>(Assinatura do contratado)<\/p><p>______________________________<\/p><p>(Assinatura da testemunha 1)<\/p><p>______________________________<\/p><p>(Assinatura da testemunha 2)<\/p>\n","protected":false},"excerpt":{"rendered":"<p>Separamos o modelo Contrato de honor\u00e1rios advocat\u00edcios copie e atualize no seu banco de peti\u00e7\u00f5es de forma organizada com o software jur\u00eddico ADVBOX. N\u00e3o fique fora dessa tend\u00eancia altamente lucrativa para a advocacia digital, baixe gratuitamente o ebook que ir\u00e1 ajudar a entender todos os recursos dispon\u00edveis para seu escrit\u00f3rio. [&hellip;]<\/p>\n","protected":false},"author":2,"featured_media":25423,"parent":0,"menu_order":0,"comment_status":"closed","ping_status":"closed","template":"","meta":{"_acf_changed":false,"om_disable_all_campaigns":false,"footnotes":""},"class_list":["post-29931","page","type-page","status-publish","has-post-thumbnail","hentry"],"acf":[],"yoast_head":"<!-- This site is optimized with the Yoast SEO plugin v26.9 - https:\/\/yoast.com\/product\/yoast-seo-wordpress\/ -->\n<title>Contrato de presta\u00e7\u00e3o de servi\u00e7os advocat\u00edcios<\/title>\n<meta name=\"description\" content=\"modelo Contrato de honor\u00e1rios advocat\u00edcios copie e atualize no seu banco de peti\u00e7\u00f5es de forma organizada com o software jur\u00eddico ADVBOX.\" \/>\n<meta name=\"robots\" content=\"index, follow, max-snippet:-1, max-image-preview:large, max-video-preview:-1\" \/>\n<link rel=\"canonical\" href=\"https:\/\/advbox.com.br\/blog\/honorarios-contrato-de-prestacao-de-servicos-advocaticios\/\" \/>\n<meta property=\"og:locale\" content=\"pt_BR\" \/>\n<meta property=\"og:type\" content=\"article\" \/>\n<meta property=\"og:title\" content=\"Contrato de presta\u00e7\u00e3o de servi\u00e7os advocat\u00edcios\" \/>\n<meta property=\"og:description\" content=\"modelo Contrato de honor\u00e1rios advocat\u00edcios copie e atualize no seu banco de peti\u00e7\u00f5es de forma organizada com o software jur\u00eddico ADVBOX.\" \/>\n<meta property=\"og:url\" content=\"https:\/\/advbox.com.br\/blog\/honorarios-contrato-de-prestacao-de-servicos-advocaticios\/\" \/>\n<meta property=\"og:site_name\" content=\"Software Jur\u00eddico Completo - ADVBOX\" \/>\n<meta property=\"article:publisher\" content=\"https:\/\/www.facebook.com\/advbox\/\" \/>\n<meta property=\"article:modified_time\" content=\"2024-11-06T13:37:42+00:00\" \/>\n<meta property=\"og:image\" content=\"https:\/\/advbox.com.br\/blog\/wp-content\/uploads\/2021\/03\/petcoes-advbox.jpg\" \/>\n\t<meta property=\"og:image:width\" content=\"626\" \/>\n\t<meta property=\"og:image:height\" content=\"417\" \/>\n\t<meta property=\"og:image:type\" content=\"image\/jpeg\" \/>\n<meta name=\"twitter:card\" content=\"summary_large_image\" \/>\n<meta name=\"twitter:site\" content=\"@advbox2\" \/>\n<script type=\"application\/ld+json\" class=\"yoast-schema-graph\">{\"@context\":\"https:\/\/schema.org\",\"@graph\":[{\"@type\":\"WebPage\",\"@id\":\"https:\/\/advbox.com.br\/blog\/honorarios-contrato-de-prestacao-de-servicos-advocaticios\/\",\"url\":\"https:\/\/advbox.com.br\/blog\/honorarios-contrato-de-prestacao-de-servicos-advocaticios\/\",\"name\":\"Contrato de presta\u00e7\u00e3o de servi\u00e7os advocat\u00edcios\",\"isPartOf\":{\"@id\":\"https:\/\/advbox.com.br\/blog\/#website\"},\"primaryImageOfPage\":{\"@id\":\"https:\/\/advbox.com.br\/blog\/honorarios-contrato-de-prestacao-de-servicos-advocaticios\/#primaryimage\"},\"image\":{\"@id\":\"https:\/\/advbox.com.br\/blog\/honorarios-contrato-de-prestacao-de-servicos-advocaticios\/#primaryimage\"},\"thumbnailUrl\":\"https:\/\/advbox.com.br\/blog\/wp-content\/uploads\/2021\/03\/petcoes-advbox.jpg\",\"datePublished\":\"2021-04-28T17:44:11+00:00\",\"dateModified\":\"2024-11-06T13:37:42+00:00\",\"description\":\"modelo Contrato de honor\u00e1rios advocat\u00edcios copie e atualize no seu banco de peti\u00e7\u00f5es de forma organizada com o software jur\u00eddico ADVBOX.\",\"breadcrumb\":{\"@id\":\"https:\/\/advbox.com.br\/blog\/honorarios-contrato-de-prestacao-de-servicos-advocaticios\/#breadcrumb\"},\"inLanguage\":\"pt-BR\",\"potentialAction\":[{\"@type\":\"ReadAction\",\"target\":[\"https:\/\/advbox.com.br\/blog\/honorarios-contrato-de-prestacao-de-servicos-advocaticios\/\"]}]},{\"@type\":\"ImageObject\",\"inLanguage\":\"pt-BR\",\"@id\":\"https:\/\/advbox.com.br\/blog\/honorarios-contrato-de-prestacao-de-servicos-advocaticios\/#primaryimage\",\"url\":\"https:\/\/advbox.com.br\/blog\/wp-content\/uploads\/2021\/03\/petcoes-advbox.jpg\",\"contentUrl\":\"https:\/\/advbox.com.br\/blog\/wp-content\/uploads\/2021\/03\/petcoes-advbox.jpg\",\"width\":626,\"height\":417,\"caption\":\"peti\u00e7\u00e3o advbox\"},{\"@type\":\"BreadcrumbList\",\"@id\":\"https:\/\/advbox.com.br\/blog\/honorarios-contrato-de-prestacao-de-servicos-advocaticios\/#breadcrumb\",\"itemListElement\":[{\"@type\":\"ListItem\",\"position\":1,\"name\":\"In\u00edcio\",\"item\":\"https:\/\/advbox.com.br\/blog\/\"},{\"@type\":\"ListItem\",\"position\":2,\"name\":\"Contrato de presta\u00e7\u00e3o de servi\u00e7os advocat\u00edcios\"}]},{\"@type\":\"WebSite\",\"@id\":\"https:\/\/advbox.com.br\/blog\/#website\",\"url\":\"https:\/\/advbox.com.br\/blog\/\",\"name\":\"Software Jur\u00eddico Completo - ADVBOX\",\"description\":\"Plataforma para Advocacia Digital\",\"publisher\":{\"@id\":\"https:\/\/advbox.com.br\/blog\/#organization\"},\"potentialAction\":[{\"@type\":\"SearchAction\",\"target\":{\"@type\":\"EntryPoint\",\"urlTemplate\":\"https:\/\/advbox.com.br\/blog\/?s={search_term_string}\"},\"query-input\":{\"@type\":\"PropertyValueSpecification\",\"valueRequired\":true,\"valueName\":\"search_term_string\"}}],\"inLanguage\":\"pt-BR\"},{\"@type\":\"Organization\",\"@id\":\"https:\/\/advbox.com.br\/blog\/#organization\",\"name\":\"ADVBOX Blog - Software jur\u00eddico da advocacia digital\",\"url\":\"https:\/\/advbox.com.br\/blog\/\",\"logo\":{\"@type\":\"ImageObject\",\"inLanguage\":\"pt-BR\",\"@id\":\"https:\/\/advbox.com.br\/blog\/#\/schema\/logo\/image\/\",\"url\":\"https:\/\/advbox.com.br\/blog\/wp-content\/uploads\/2019\/12\/Como-aumentar-a-produtividade_.jpg\",\"contentUrl\":\"https:\/\/advbox.com.br\/blog\/wp-content\/uploads\/2019\/12\/Como-aumentar-a-produtividade_.jpg\",\"width\":320,\"height\":213,\"caption\":\"ADVBOX Blog - Software jur\u00eddico da advocacia digital\"},\"image\":{\"@id\":\"https:\/\/advbox.com.br\/blog\/#\/schema\/logo\/image\/\"},\"sameAs\":[\"https:\/\/www.facebook.com\/advbox\/\",\"https:\/\/x.com\/advbox2\"]}]}<\/script>\n<!-- \/ Yoast SEO plugin. -->","yoast_head_json":{"title":"Contrato de presta\u00e7\u00e3o de servi\u00e7os advocat\u00edcios","description":"modelo Contrato de honor\u00e1rios advocat\u00edcios copie e atualize no seu banco de peti\u00e7\u00f5es de forma organizada com o software jur\u00eddico ADVBOX.","robots":{"index":"index","follow":"follow","max-snippet":"max-snippet:-1","max-image-preview":"max-image-preview:large","max-video-preview":"max-video-preview:-1"},"canonical":"https:\/\/advbox.com.br\/blog\/honorarios-contrato-de-prestacao-de-servicos-advocaticios\/","og_locale":"pt_BR","og_type":"article","og_title":"Contrato de presta\u00e7\u00e3o de servi\u00e7os advocat\u00edcios","og_description":"modelo Contrato de honor\u00e1rios advocat\u00edcios copie e atualize no seu banco de peti\u00e7\u00f5es de forma organizada com o software jur\u00eddico ADVBOX.","og_url":"https:\/\/advbox.com.br\/blog\/honorarios-contrato-de-prestacao-de-servicos-advocaticios\/","og_site_name":"Software Jur\u00eddico Completo - ADVBOX","article_publisher":"https:\/\/www.facebook.com\/advbox\/","article_modified_time":"2024-11-06T13:37:42+00:00","og_image":[{"width":626,"height":417,"url":"https:\/\/advbox.com.br\/blog\/wp-content\/uploads\/2021\/03\/petcoes-advbox.jpg","type":"image\/jpeg"}],"twitter_card":"summary_large_image","twitter_site":"@advbox2","schema":{"@context":"https:\/\/schema.org","@graph":[{"@type":"WebPage","@id":"https:\/\/advbox.com.br\/blog\/honorarios-contrato-de-prestacao-de-servicos-advocaticios\/","url":"https:\/\/advbox.com.br\/blog\/honorarios-contrato-de-prestacao-de-servicos-advocaticios\/","name":"Contrato de presta\u00e7\u00e3o de servi\u00e7os advocat\u00edcios","isPartOf":{"@id":"https:\/\/advbox.com.br\/blog\/#website"},"primaryImageOfPage":{"@id":"https:\/\/advbox.com.br\/blog\/honorarios-contrato-de-prestacao-de-servicos-advocaticios\/#primaryimage"},"image":{"@id":"https:\/\/advbox.com.br\/blog\/honorarios-contrato-de-prestacao-de-servicos-advocaticios\/#primaryimage"},"thumbnailUrl":"https:\/\/advbox.com.br\/blog\/wp-content\/uploads\/2021\/03\/petcoes-advbox.jpg","datePublished":"2021-04-28T17:44:11+00:00","dateModified":"2024-11-06T13:37:42+00:00","description":"modelo Contrato de honor\u00e1rios advocat\u00edcios copie e atualize no seu banco de peti\u00e7\u00f5es de forma organizada com o software jur\u00eddico ADVBOX.","breadcrumb":{"@id":"https:\/\/advbox.com.br\/blog\/honorarios-contrato-de-prestacao-de-servicos-advocaticios\/#breadcrumb"},"inLanguage":"pt-BR","potentialAction":[{"@type":"ReadAction","target":["https:\/\/advbox.com.br\/blog\/honorarios-contrato-de-prestacao-de-servicos-advocaticios\/"]}]},{"@type":"ImageObject","inLanguage":"pt-BR","@id":"https:\/\/advbox.com.br\/blog\/honorarios-contrato-de-prestacao-de-servicos-advocaticios\/#primaryimage","url":"https:\/\/advbox.com.br\/blog\/wp-content\/uploads\/2021\/03\/petcoes-advbox.jpg","contentUrl":"https:\/\/advbox.com.br\/blog\/wp-content\/uploads\/2021\/03\/petcoes-advbox.jpg","width":626,"height":417,"caption":"peti\u00e7\u00e3o advbox"},{"@type":"BreadcrumbList","@id":"https:\/\/advbox.com.br\/blog\/honorarios-contrato-de-prestacao-de-servicos-advocaticios\/#breadcrumb","itemListElement":[{"@type":"ListItem","position":1,"name":"In\u00edcio","item":"https:\/\/advbox.com.br\/blog\/"},{"@type":"ListItem","position":2,"name":"Contrato de presta\u00e7\u00e3o de servi\u00e7os advocat\u00edcios"}]},{"@type":"WebSite","@id":"https:\/\/advbox.com.br\/blog\/#website","url":"https:\/\/advbox.com.br\/blog\/","name":"Software Jur\u00eddico Completo - ADVBOX","description":"Plataforma para Advocacia Digital","publisher":{"@id":"https:\/\/advbox.com.br\/blog\/#organization"},"potentialAction":[{"@type":"SearchAction","target":{"@type":"EntryPoint","urlTemplate":"https:\/\/advbox.com.br\/blog\/?s={search_term_string}"},"query-input":{"@type":"PropertyValueSpecification","valueRequired":true,"valueName":"search_term_string"}}],"inLanguage":"pt-BR"},{"@type":"Organization","@id":"https:\/\/advbox.com.br\/blog\/#organization","name":"ADVBOX Blog - Software jur\u00eddico da advocacia digital","url":"https:\/\/advbox.com.br\/blog\/","logo":{"@type":"ImageObject","inLanguage":"pt-BR","@id":"https:\/\/advbox.com.br\/blog\/#\/schema\/logo\/image\/","url":"https:\/\/advbox.com.br\/blog\/wp-content\/uploads\/2019\/12\/Como-aumentar-a-produtividade_.jpg","contentUrl":"https:\/\/advbox.com.br\/blog\/wp-content\/uploads\/2019\/12\/Como-aumentar-a-produtividade_.jpg","width":320,"height":213,"caption":"ADVBOX Blog - Software jur\u00eddico da advocacia digital"},"image":{"@id":"https:\/\/advbox.com.br\/blog\/#\/schema\/logo\/image\/"},"sameAs":["https:\/\/www.facebook.com\/advbox\/","https:\/\/x.com\/advbox2"]}]}},"_links":{"self":[{"href":"https:\/\/advbox.com.br\/blog\/wp-json\/wp\/v2\/pages\/29931","targetHints":{"allow":["GET"]}}],"collection":[{"href":"https:\/\/advbox.com.br\/blog\/wp-json\/wp\/v2\/pages"}],"about":[{"href":"https:\/\/advbox.com.br\/blog\/wp-json\/wp\/v2\/types\/page"}],"author":[{"embeddable":true,"href":"https:\/\/advbox.com.br\/blog\/wp-json\/wp\/v2\/users\/2"}],"replies":[{"embeddable":true,"href":"https:\/\/advbox.com.br\/blog\/wp-json\/wp\/v2\/comments?post=29931"}],"version-history":[{"count":3,"href":"https:\/\/advbox.com.br\/blog\/wp-json\/wp\/v2\/pages\/29931\/revisions"}],"predecessor-version":[{"id":68832,"href":"https:\/\/advbox.com.br\/blog\/wp-json\/wp\/v2\/pages\/29931\/revisions\/68832"}],"wp:featuredmedia":[{"embeddable":true,"href":"https:\/\/advbox.com.br\/blog\/wp-json\/wp\/v2\/media\/25423"}],"wp:attachment":[{"href":"https:\/\/advbox.com.br\/blog\/wp-json\/wp\/v2\/media?parent=29931"}],"curies":[{"name":"wp","href":"https:\/\/api.w.org\/{rel}","templated":true}]}}