{"id":30325,"date":"2021-04-29T19:11:27","date_gmt":"2021-04-29T22:11:27","guid":{"rendered":"https:\/\/advbox.com.br\/blog\/?page_id=30325"},"modified":"2024-10-15T09:45:05","modified_gmt":"2024-10-15T12:45:05","slug":"honorarios-advogado-publico","status":"publish","type":"page","link":"https:\/\/advbox.com.br\/blog\/honorarios-advogado-publico\/","title":{"rendered":"Honor\u00e1rios advogado p\u00fablico"},"content":{"rendered":"\n<p>Baixe o modelo de Honor\u00e1rios advogado publico &nbsp;e deixe seu banco de modelos de peti\u00e7\u00f5es estruturado de forma organizada com o<a href=\"https:\/\/advbox.com.br\/blog\/\" target=\"_blank\"><strong> software jur\u00eddico ADVBOX.<\/strong><\/a><\/p>\n\n\n\n<p><strong>ADVBOX<\/strong> <a href=\"https:\/\/advbox.com.br\/\" target=\"_blank\">para<strong> <\/strong><\/a><a href=\"https:\/\/advbox.com.br\/blog\/assista-demonstracao-advbox\/\" target=\"_blank\"><strong>advocacia digital<\/strong><\/a><strong>,<\/strong> \u00e9 poss\u00edvel economizar tempo gasto e com um \u00fanico membro da sua equipe \u00e9 poss\u00edvel atualizar todos os modelos de peti\u00e7\u00f5es para seu escrit\u00f3rio.<\/p>\n\n\n\n<p>Melhore os resultados do seu escrit\u00f3rio com o ebook que preparamos. Acesse agora e gr\u00e1tis!<\/p>\n\n\n\n\n\n<h2 class=\"wp-block-heading\">Modelo de Contrato de Honor\u00e1rios advogado p\u00fablico<\/h2>\n\n\n\n<p>Pelo presente instrumento particular de presta\u00e7\u00e3o de servi\u00e7os e honor\u00e1rios advocat\u00edcios que fazem, de um lado, <strong>(NOME DO PROCURADOR)<\/strong>, (nacionalidade), (estado civil), advogado(a) regularmente inscrito(a) na OAB\/&#8230; sob o n\u00ba&#8230;, com escrit\u00f3rio profissional na rua &#8230;, n\u00ba&#8230;, bairro &#8230;, cidade &#8230;, estado &#8230;, CEP&#8230;, onde recebe intima\u00e7\u00f5es e notifica\u00e7\u00f5es, doravante denominado CONTRATADO,<strong> <\/strong>e, de outro lado, <strong>(NOME DO CLIENTE)<\/strong>, (nacionalidade), (estado civil), (profiss\u00e3o), inscrito(a) no CPF\/MF sob o n\u00ba&#8230;, RG n\u00ba&#8230;, residente e domiciliado(a) na rua &#8230;, n\u00ba&#8230;, bairro &#8230;, cidade &#8230;, estado &#8230;, CEP&#8230;, doravante denominado CONTRATANTE,<strong> <\/strong>t\u00eam, entre si, justo e contratado o que segue:<\/p>\n\n\n\n<p>CL\u00c1USULA PRIMEIRA:<strong> <\/strong>O CONTRATADO fica constitu\u00eddo, nesta data, procurador do CONTRATANTE, para o fim propor a\u00e7\u00e3o judicial contra o &#8230;&#8230;&#8230;&#8230;&#8230;&#8230;&#8230;&#8230;&#8230;&#8230;&#8230;&#8230;.<\/p>\n\n\n\n<p>CL\u00c1USULA SEGUNDA: O CONTRATANTE pagar\u00e1 ao CONTRATADO, a t\u00edtulo de honor\u00e1rios advocat\u00edcios, o valor correspondente a &#8230; ( &#8230; por cento) sobre o valor recebido ao final da a\u00e7\u00e3o.<\/p>\n\n\n\n<p>CL\u00c1USULA TERCEIRA: Nos valores de honor\u00e1rios ora apresentados est\u00e3o inclu\u00eddos apenas os servi\u00e7os profissionais jur\u00eddicos que ser\u00e3o prestados, n\u00e3o estando inclu\u00eddos os valores das taxas, emolumentos ou tributos exigidos pelos \u00f3rg\u00e3os de fiscaliza\u00e7\u00e3o e registro competentes, ou outros necess\u00e1rios, sendo que tais despesas somente ser\u00e3o realizadas ap\u00f3s pr\u00e9via autoriza\u00e7\u00e3o do CONTRATANTE, verbal ou por escrita.<\/p>\n\n\n\n<p>CL\u00c1USULA QUARTA: Do mesmo modo, n\u00e3o est\u00e3o inclu\u00eddas eventuais despesas com transporte, estada e alimenta\u00e7\u00e3o, quando se fizer necess\u00e1rio o deslocamento do CONTRATADO ou seus prepostos, sendo que tais despesas somente ser\u00e3o realizadas mediante pr\u00e9via autoriza\u00e7\u00e3o do CONTRATANTE.<\/p>\n\n\n\n<p>CL\u00c1USULA QUINTA: O CONTRATANTE ser\u00e1 obrigado a fornecer numer\u00e1rio necess\u00e1rio para a satisfa\u00e7\u00e3o das referidas despesas, de modo a n\u00e3o interromper o andamento do processo, e, n\u00e3o o fazendo, fica o CONTRATADO isento de quaisquer responsabilidades que resulte de tal falta.<\/p>\n\n\n\n<p>CL\u00c1USULA SEXTA: Ter\u00e1 direito o CONTRATADO aos honor\u00e1rios estabelecidos na cl\u00e1usula segunda se o CONTRATANTE retirar o mandato antes de terminada a causa, ou transigir de qualquer forma com a parte contr\u00e1ria, impedindo o seguimento do feito, bem como se houver composi\u00e7\u00e3o amig\u00e1vel.<\/p>\n\n\n\n<p>CL\u00c1USULA S\u00c9TIMA: O n\u00e3o pagamento dos honor\u00e1rios na forma acima descrita dar\u00e1 poderes ao CONTRATADO para mover a competente a\u00e7\u00e3o a fim de receber o que de direito, ficando eleito o Foro da Comarca de&#8230; para dirimir eventual controv\u00e9rsia inerente a este contrato, que ficar\u00e1 automaticamente rescindido pelo descumprimento de qualquer uma de suas cl\u00e1usulas.<\/p>\n\n\n\n<p>CL\u00c1USULA OITAVA: Ter\u00e1 direito o CONTRATADO aos valores fixados a t\u00edtulo de sucumb\u00eancia pelo Ju\u00edzo.<\/p>\n\n\n\n<p>E, por estarem assim justos e contratados, assinam as Partes o presente contrato em duas vias de igual teor e forma.<\/p>\n\n\n\n<p>(Cidade e data)<\/p>\n\n\n\n<p>______________________________<\/p>\n\n\n\n<p>(Assinatura do contratante)<\/p>\n\n\n\n<p>______________________________<\/p>\n\n\n\n<p>(Assinatura do contratado)<\/p>\n\n\n\n<p>______________________________<\/p>\n\n\n\n<p>(Assinatura da testemunha 1)<\/p>\n\n\n\n<p>______________________________<\/p>\n\n\n\n<p>(Assinatura da testemunha 2)<\/p>\n\n\n\n\n","protected":false},"excerpt":{"rendered":"<p>Baixe o modelo de Honor\u00e1rios advogado publico &nbsp;e deixe seu banco de modelos de peti\u00e7\u00f5es estruturado de forma organizada com o software jur\u00eddico ADVBOX. ADVBOX para advocacia digital, \u00e9 poss\u00edvel economizar tempo gasto e com um \u00fanico membro da sua equipe \u00e9 poss\u00edvel atualizar todos os modelos de peti\u00e7\u00f5es para [&hellip;]<\/p>\n","protected":false},"author":2,"featured_media":25426,"parent":0,"menu_order":0,"comment_status":"closed","ping_status":"closed","template":"","meta":{"_acf_changed":false,"om_disable_all_campaigns":false,"footnotes":""},"class_list":["post-30325","page","type-page","status-publish","has-post-thumbnail","hentry"],"acf":[],"yoast_head":"<!-- This site is optimized with the Yoast SEO plugin v26.9 - https:\/\/yoast.com\/product\/yoast-seo-wordpress\/ -->\n<title>Honor\u00e1rios advogado p\u00fablico<\/title>\n<meta name=\"description\" content=\"Honor\u00e1rios advogado p\u00fablico - Peti\u00e7\u00f5es, Artigos jur\u00eddicos, jurisprud\u00eancias no site da ADVBOX.\" \/>\n<meta name=\"robots\" content=\"index, follow, max-snippet:-1, max-image-preview:large, max-video-preview:-1\" \/>\n<link rel=\"canonical\" href=\"https:\/\/advbox.com.br\/blog\/honorarios-advogado-publico\/\" \/>\n<meta property=\"og:locale\" content=\"pt_BR\" \/>\n<meta property=\"og:type\" content=\"article\" \/>\n<meta property=\"og:title\" content=\"Honor\u00e1rios advogado p\u00fablico\" \/>\n<meta property=\"og:description\" content=\"Honor\u00e1rios advogado p\u00fablico - Peti\u00e7\u00f5es, Artigos jur\u00eddicos, jurisprud\u00eancias no site da ADVBOX.\" \/>\n<meta property=\"og:url\" content=\"https:\/\/advbox.com.br\/blog\/honorarios-advogado-publico\/\" \/>\n<meta property=\"og:site_name\" content=\"Software Jur\u00eddico Completo - ADVBOX\" \/>\n<meta property=\"article:publisher\" content=\"https:\/\/www.facebook.com\/advbox\/\" \/>\n<meta property=\"article:modified_time\" content=\"2024-10-15T12:45:05+00:00\" \/>\n<meta property=\"og:image\" content=\"https:\/\/advbox.com.br\/blog\/wp-content\/uploads\/2021\/03\/peticoes-advbox-1.jpg\" \/>\n\t<meta property=\"og:image:width\" content=\"626\" \/>\n\t<meta property=\"og:image:height\" content=\"417\" \/>\n\t<meta property=\"og:image:type\" content=\"image\/jpeg\" \/>\n<meta name=\"twitter:card\" content=\"summary_large_image\" \/>\n<meta name=\"twitter:site\" content=\"@advbox2\" \/>\n<script type=\"application\/ld+json\" class=\"yoast-schema-graph\">{\"@context\":\"https:\/\/schema.org\",\"@graph\":[{\"@type\":\"WebPage\",\"@id\":\"https:\/\/advbox.com.br\/blog\/honorarios-advogado-publico\/\",\"url\":\"https:\/\/advbox.com.br\/blog\/honorarios-advogado-publico\/\",\"name\":\"Honor\u00e1rios advogado p\u00fablico\",\"isPartOf\":{\"@id\":\"https:\/\/advbox.com.br\/blog\/#website\"},\"primaryImageOfPage\":{\"@id\":\"https:\/\/advbox.com.br\/blog\/honorarios-advogado-publico\/#primaryimage\"},\"image\":{\"@id\":\"https:\/\/advbox.com.br\/blog\/honorarios-advogado-publico\/#primaryimage\"},\"thumbnailUrl\":\"https:\/\/advbox.com.br\/blog\/wp-content\/uploads\/2021\/03\/peticoes-advbox-1.jpg\",\"datePublished\":\"2021-04-29T22:11:27+00:00\",\"dateModified\":\"2024-10-15T12:45:05+00:00\",\"description\":\"Honor\u00e1rios advogado p\u00fablico - Peti\u00e7\u00f5es, Artigos jur\u00eddicos, jurisprud\u00eancias no site da ADVBOX.\",\"breadcrumb\":{\"@id\":\"https:\/\/advbox.com.br\/blog\/honorarios-advogado-publico\/#breadcrumb\"},\"inLanguage\":\"pt-BR\",\"potentialAction\":[{\"@type\":\"ReadAction\",\"target\":[\"https:\/\/advbox.com.br\/blog\/honorarios-advogado-publico\/\"]}]},{\"@type\":\"ImageObject\",\"inLanguage\":\"pt-BR\",\"@id\":\"https:\/\/advbox.com.br\/blog\/honorarios-advogado-publico\/#primaryimage\",\"url\":\"https:\/\/advbox.com.br\/blog\/wp-content\/uploads\/2021\/03\/peticoes-advbox-1.jpg\",\"contentUrl\":\"https:\/\/advbox.com.br\/blog\/wp-content\/uploads\/2021\/03\/peticoes-advbox-1.jpg\",\"width\":626,\"height\":417,\"caption\":\"Peti\u00e7\u00e3o trabalhista]\"},{\"@type\":\"BreadcrumbList\",\"@id\":\"https:\/\/advbox.com.br\/blog\/honorarios-advogado-publico\/#breadcrumb\",\"itemListElement\":[{\"@type\":\"ListItem\",\"position\":1,\"name\":\"In\u00edcio\",\"item\":\"https:\/\/advbox.com.br\/blog\/\"},{\"@type\":\"ListItem\",\"position\":2,\"name\":\"Honor\u00e1rios advogado p\u00fablico\"}]},{\"@type\":\"WebSite\",\"@id\":\"https:\/\/advbox.com.br\/blog\/#website\",\"url\":\"https:\/\/advbox.com.br\/blog\/\",\"name\":\"Software Jur\u00eddico Completo - ADVBOX\",\"description\":\"Plataforma para Advocacia Digital\",\"publisher\":{\"@id\":\"https:\/\/advbox.com.br\/blog\/#organization\"},\"potentialAction\":[{\"@type\":\"SearchAction\",\"target\":{\"@type\":\"EntryPoint\",\"urlTemplate\":\"https:\/\/advbox.com.br\/blog\/?s={search_term_string}\"},\"query-input\":{\"@type\":\"PropertyValueSpecification\",\"valueRequired\":true,\"valueName\":\"search_term_string\"}}],\"inLanguage\":\"pt-BR\"},{\"@type\":\"Organization\",\"@id\":\"https:\/\/advbox.com.br\/blog\/#organization\",\"name\":\"ADVBOX Blog - Software jur\u00eddico da advocacia digital\",\"url\":\"https:\/\/advbox.com.br\/blog\/\",\"logo\":{\"@type\":\"ImageObject\",\"inLanguage\":\"pt-BR\",\"@id\":\"https:\/\/advbox.com.br\/blog\/#\/schema\/logo\/image\/\",\"url\":\"https:\/\/advbox.com.br\/blog\/wp-content\/uploads\/2019\/12\/Como-aumentar-a-produtividade_.jpg\",\"contentUrl\":\"https:\/\/advbox.com.br\/blog\/wp-content\/uploads\/2019\/12\/Como-aumentar-a-produtividade_.jpg\",\"width\":320,\"height\":213,\"caption\":\"ADVBOX Blog - Software jur\u00eddico da advocacia digital\"},\"image\":{\"@id\":\"https:\/\/advbox.com.br\/blog\/#\/schema\/logo\/image\/\"},\"sameAs\":[\"https:\/\/www.facebook.com\/advbox\/\",\"https:\/\/x.com\/advbox2\"]}]}<\/script>\n<!-- \/ Yoast SEO plugin. -->","yoast_head_json":{"title":"Honor\u00e1rios advogado p\u00fablico","description":"Honor\u00e1rios advogado p\u00fablico - Peti\u00e7\u00f5es, Artigos jur\u00eddicos, jurisprud\u00eancias no site da ADVBOX.","robots":{"index":"index","follow":"follow","max-snippet":"max-snippet:-1","max-image-preview":"max-image-preview:large","max-video-preview":"max-video-preview:-1"},"canonical":"https:\/\/advbox.com.br\/blog\/honorarios-advogado-publico\/","og_locale":"pt_BR","og_type":"article","og_title":"Honor\u00e1rios advogado p\u00fablico","og_description":"Honor\u00e1rios advogado p\u00fablico - Peti\u00e7\u00f5es, Artigos jur\u00eddicos, jurisprud\u00eancias no site da ADVBOX.","og_url":"https:\/\/advbox.com.br\/blog\/honorarios-advogado-publico\/","og_site_name":"Software Jur\u00eddico Completo - ADVBOX","article_publisher":"https:\/\/www.facebook.com\/advbox\/","article_modified_time":"2024-10-15T12:45:05+00:00","og_image":[{"width":626,"height":417,"url":"https:\/\/advbox.com.br\/blog\/wp-content\/uploads\/2021\/03\/peticoes-advbox-1.jpg","type":"image\/jpeg"}],"twitter_card":"summary_large_image","twitter_site":"@advbox2","schema":{"@context":"https:\/\/schema.org","@graph":[{"@type":"WebPage","@id":"https:\/\/advbox.com.br\/blog\/honorarios-advogado-publico\/","url":"https:\/\/advbox.com.br\/blog\/honorarios-advogado-publico\/","name":"Honor\u00e1rios advogado p\u00fablico","isPartOf":{"@id":"https:\/\/advbox.com.br\/blog\/#website"},"primaryImageOfPage":{"@id":"https:\/\/advbox.com.br\/blog\/honorarios-advogado-publico\/#primaryimage"},"image":{"@id":"https:\/\/advbox.com.br\/blog\/honorarios-advogado-publico\/#primaryimage"},"thumbnailUrl":"https:\/\/advbox.com.br\/blog\/wp-content\/uploads\/2021\/03\/peticoes-advbox-1.jpg","datePublished":"2021-04-29T22:11:27+00:00","dateModified":"2024-10-15T12:45:05+00:00","description":"Honor\u00e1rios advogado p\u00fablico - Peti\u00e7\u00f5es, Artigos jur\u00eddicos, jurisprud\u00eancias no site da ADVBOX.","breadcrumb":{"@id":"https:\/\/advbox.com.br\/blog\/honorarios-advogado-publico\/#breadcrumb"},"inLanguage":"pt-BR","potentialAction":[{"@type":"ReadAction","target":["https:\/\/advbox.com.br\/blog\/honorarios-advogado-publico\/"]}]},{"@type":"ImageObject","inLanguage":"pt-BR","@id":"https:\/\/advbox.com.br\/blog\/honorarios-advogado-publico\/#primaryimage","url":"https:\/\/advbox.com.br\/blog\/wp-content\/uploads\/2021\/03\/peticoes-advbox-1.jpg","contentUrl":"https:\/\/advbox.com.br\/blog\/wp-content\/uploads\/2021\/03\/peticoes-advbox-1.jpg","width":626,"height":417,"caption":"Peti\u00e7\u00e3o trabalhista]"},{"@type":"BreadcrumbList","@id":"https:\/\/advbox.com.br\/blog\/honorarios-advogado-publico\/#breadcrumb","itemListElement":[{"@type":"ListItem","position":1,"name":"In\u00edcio","item":"https:\/\/advbox.com.br\/blog\/"},{"@type":"ListItem","position":2,"name":"Honor\u00e1rios advogado p\u00fablico"}]},{"@type":"WebSite","@id":"https:\/\/advbox.com.br\/blog\/#website","url":"https:\/\/advbox.com.br\/blog\/","name":"Software Jur\u00eddico Completo - ADVBOX","description":"Plataforma para Advocacia Digital","publisher":{"@id":"https:\/\/advbox.com.br\/blog\/#organization"},"potentialAction":[{"@type":"SearchAction","target":{"@type":"EntryPoint","urlTemplate":"https:\/\/advbox.com.br\/blog\/?s={search_term_string}"},"query-input":{"@type":"PropertyValueSpecification","valueRequired":true,"valueName":"search_term_string"}}],"inLanguage":"pt-BR"},{"@type":"Organization","@id":"https:\/\/advbox.com.br\/blog\/#organization","name":"ADVBOX Blog - Software jur\u00eddico da advocacia digital","url":"https:\/\/advbox.com.br\/blog\/","logo":{"@type":"ImageObject","inLanguage":"pt-BR","@id":"https:\/\/advbox.com.br\/blog\/#\/schema\/logo\/image\/","url":"https:\/\/advbox.com.br\/blog\/wp-content\/uploads\/2019\/12\/Como-aumentar-a-produtividade_.jpg","contentUrl":"https:\/\/advbox.com.br\/blog\/wp-content\/uploads\/2019\/12\/Como-aumentar-a-produtividade_.jpg","width":320,"height":213,"caption":"ADVBOX Blog - Software jur\u00eddico da advocacia digital"},"image":{"@id":"https:\/\/advbox.com.br\/blog\/#\/schema\/logo\/image\/"},"sameAs":["https:\/\/www.facebook.com\/advbox\/","https:\/\/x.com\/advbox2"]}]}},"_links":{"self":[{"href":"https:\/\/advbox.com.br\/blog\/wp-json\/wp\/v2\/pages\/30325","targetHints":{"allow":["GET"]}}],"collection":[{"href":"https:\/\/advbox.com.br\/blog\/wp-json\/wp\/v2\/pages"}],"about":[{"href":"https:\/\/advbox.com.br\/blog\/wp-json\/wp\/v2\/types\/page"}],"author":[{"embeddable":true,"href":"https:\/\/advbox.com.br\/blog\/wp-json\/wp\/v2\/users\/2"}],"replies":[{"embeddable":true,"href":"https:\/\/advbox.com.br\/blog\/wp-json\/wp\/v2\/comments?post=30325"}],"version-history":[{"count":6,"href":"https:\/\/advbox.com.br\/blog\/wp-json\/wp\/v2\/pages\/30325\/revisions"}],"predecessor-version":[{"id":67925,"href":"https:\/\/advbox.com.br\/blog\/wp-json\/wp\/v2\/pages\/30325\/revisions\/67925"}],"wp:featuredmedia":[{"embeddable":true,"href":"https:\/\/advbox.com.br\/blog\/wp-json\/wp\/v2\/media\/25426"}],"wp:attachment":[{"href":"https:\/\/advbox.com.br\/blog\/wp-json\/wp\/v2\/media?parent=30325"}],"curies":[{"name":"wp","href":"https:\/\/api.w.org\/{rel}","templated":true}]}}