{"id":30377,"date":"2024-07-24T14:26:45","date_gmt":"2024-07-24T17:26:45","guid":{"rendered":"https:\/\/advbox.com.br\/blog\/?page_id=30377"},"modified":"2024-07-24T14:26:45","modified_gmt":"2024-07-24T17:26:45","slug":"honorarios-quota-litis-significado","status":"publish","type":"page","link":"https:\/\/advbox.com.br\/blog\/honorarios-quota-litis-significado\/","title":{"rendered":"Quota litis significado"},"content":{"rendered":"<p>Baixe o modelo <strong>contrato de presta\u00e7\u00e3o de servi\u00e7os advocat\u00edcios com cl\u00e1usula quota litis<\/strong> \u00a0e deixe seu banco de modelos de peti\u00e7\u00f5es estruturado de forma organizada com o<a href=\"https:\/\/advbox.com.br\/blog\/\" target=\"_blank\"><strong> software jur\u00eddico ADVBOX.<\/strong><\/a><\/p><p><strong>ADVBOX<\/strong> <a href=\"https:\/\/advbox.com.br\/\" target=\"_blank\">para<strong> <\/strong><\/a><a href=\"https:\/\/advbox.com.br\/blog\/assista-demonstracao-advbox\/\" target=\"_blank\"><strong>advocacia digital<\/strong><\/a><strong>,<\/strong> \u00e9 poss\u00edvel economizar tempo gasto e com um \u00fanico membro da sua equipe \u00e9 poss\u00edvel atualizar todos os modelos de peti\u00e7\u00f5es para seu escrit\u00f3rio.<\/p><p>Melhore os resultados do seu escrit\u00f3rio com o ebook que preparamos. Acesse agora e gr\u00e1tis!<\/p><h2 class=\"wp-block-heading\">Modelo de contrato de presta\u00e7\u00e3o de servi\u00e7os advocat\u00edcios com cl\u00e1usula quota litis<\/h2><p><\/p><p>Termo de contrato de presta\u00e7\u00e3o de servi\u00e7os advocat\u00edcios que fazem <strong>BELTRANO DE TAL e outro <\/strong>e <strong>FRANCISCO DAS QUANTAS, <\/strong>na forma abaixo:<\/p><p><strong>I &#8211; CONTRATANTE:<\/strong><\/p><p><strong><\/strong><strong> <\/strong><strong>FRANCISCO DAS QUANTAS, <\/strong>brasileiro, vi\u00favo, aposentado, inscrito no CPF(MF) sob o n\u00ba 444.333.222-11, residente e domiciliado na Av. das Tantas, n\u00ba. 0000, em Porto Alegre(RS), doravante denominado <strong>CONTRATANTE<\/strong>.\u00a0<\/p><p><strong>II \u2013 CONTRATADOS<\/strong><\/p><p><strong><\/strong><strong> <\/strong><strong>BELTRANO DE TAL<\/strong>, brasileiro, casado, advogado, inscrito na OAB(RS) sob o n\u00ba. 112233, com CPF(MF) n\u00ba. 000.111.333-44, com endere\u00e7o profissional sito na Av. Xista, n\u00ba. 0000 \u2013 salas 1717\/1818, em Porto Alegre(RS), e <strong><em>BELTRANO ADVOGADOS ASSOCIADOS S\/S<\/em><\/strong>, possuidora do CNPJ(MF) n\u00ba. 33.222.4444\/0001-55, <strong>ora apresentando-se contratualmente na qualidade de credores solid\u00e1rios(CC, art. 898)<\/strong>, aqui denominados <strong>CONTRATADOS<\/strong>.<\/p><p><strong>III &#8211; OBJETO DO CONTRATO:<\/strong><\/p><p>1 \u2013 Ajuizar <em>A\u00e7\u00e3o de Revis\u00e3o de Benef\u00edcio Previdenci\u00e1rio<\/em> contra o Instituto Nacional do Seguro Social \u2013 INSS.\u00a0<\/p><p><strong>IV &#8211; VALOR DO CONTRATO \u2013 CL\u00c1USULA <\/strong><strong><em>QUOTA LITIS<\/em><\/strong><strong>:<\/strong><\/p><p>1 \u2013 O <strong>Contratante<\/strong> assevera que \u00e9 pobre na forma da lei, na forma do quanto disposto no artigo 1\u00ba da Lei 7.115 de 29 de agosto de 1983, n\u00e3o podendo arcar com o pagamento de verba honor\u00e1ria advocat\u00edcia, custas processuais e demais despesas emergentes do processo mencionado, sobretudo em face dos encargos que tem para manuten\u00e7\u00e3o e sustento de sua fam\u00edlia;\u00a0<\/p><p>2 \u2013 Diante do quadro acima descrito, os <strong>Contratados, <\/strong>diante da situa\u00e7\u00e3o financeira do <strong>Contratante<\/strong>, aceitam conduzir a a\u00e7\u00e3o mencionada sob a \u00e9gide de \u201c<em>Cl\u00e1usua quota litis<\/em>\u201d, na forma do que preceitua o <strong><em>art. 38 do C\u00f3digo de \u00c9tica e Disciplina da OAB<\/em><\/strong>;<\/p><p>3 &#8211; Pelos servi\u00e7os ora acertados pagar\u00e1 o <strong>Contratante<\/strong> o montante pecuni\u00e1rio correspondente a 30% (trinta por cento) das parcelas condenat\u00f3rias atrasadas recebidas em face da internven\u00e7\u00e3o judicial, assim como o mesmo percentual incidente sobre 12 (doze) meses das parcelas vincendas, somente devido em caso de sucesso da demanda;\u00a0<\/p><p>4 \u2013 Em face do ajuste da condi\u00e7\u00e3o <em>Quota Litis, <\/em>todas as custas e demais despesas judiciais ou extrajudiciais correr\u00e3o por conta exclusiva dos <strong>Contratados<\/strong>, que ser\u00e3o os \u00fanicos respons\u00e1veis pelas conseq\u00fc\u00eancias do n\u00e3o pagamento das mesmas nas \u00e9pocas oportunas;\u00a0<\/p><p>5 \u2013 O <strong>Contrante<\/strong>, na forma do quanto disposto no <strong><em>art. 35, \u00a7 2\u00ba, do C\u00f3digo de \u00c9tica e Disciplina da OAB<\/em><\/strong>, autoriza aos <strong>Contratados<\/strong> a efetuar o desconto da verba honor\u00e1ria advocat\u00edcia ora ajustada, seja na hip\u00f3tese de pagamento feito direito a estes ou por meio de levantamento por guia judicial, com repasse do saldo remascente.\u00a0\u00a0<\/p><p><strong>V &#8211; COMPROMISSOS:<\/strong><\/p><p>1 \u2013 Os <strong>Contratados<\/strong> se comprometem a zelar pelos interesses da <strong>Contratante<\/strong>;<\/p><p>2 &#8211; O <strong>Contratante<\/strong><strong> <\/strong>ser\u00e1 representado no processo pelos advogados constante do instrumento procurat\u00f3rio que for outorgado aos <strong>Contratados<\/strong>. No caso de algum destes necessitarem afastar-se por algum per\u00edodo desta Comarca, ou mesmo necessitarem se fazerem representar em outra Cidade, o <strong>Contratante<\/strong> autoriza, desde j\u00e1, o substabelecimento dos poderes, com reservas, conferidos pela devida procura\u00e7\u00e3o, ficando, entretanto, sob a responsabilidade, \u00fanica e exclusiva dos <strong>Contratados<\/strong> a remunera\u00e7\u00e3o destes profissionais;\u00a0<\/p><p>3 \u2013 O <strong>Contratante<\/strong> dever\u00e1 remeter os documentos solicitados pelos <strong>Contratados<\/strong>, n\u00e3o restando \u00f4nus a este pela aus\u00eancia da remessa dos documentos necess\u00e1rios \u00e0 causa na data aprazada;<\/p><p>4 \u2013 O <strong>Contratante<\/strong> responsabilizar-se-\u00e1 pela remessa e retorno da documenta\u00e7\u00e3o descrita no item anterior;<\/p><p>5 \u2013 Os honor\u00e1rios de sucumb\u00eancia pagos pela parte adversa dos processos pertencem em sua totalidade exclusivamente aos <strong>Contratados<\/strong>, os quais podem cobrar de forma isolada ou conjuntamente;\u00a0<\/p><p>6\u00a0 \u2013 Eventual necessidade de ajuizamento de a\u00e7\u00e3o de natureza diversa da elencada no objeto do presente contrato, em favor dos interesses do <strong>Contratante<\/strong>, este ser\u00e1 consultada da sua viabilidade, onde, querendo, ser\u00e1 acertado novo contrato e patamares de honor\u00e1rios advocat\u00edcios para tal finalidade;\u00a0<\/p><p>7 \u2013 Os <strong>Contratados<\/strong> colocar\u00e3o a disposi\u00e7\u00e3o da <strong>Contratante<\/strong> relat\u00f3rio de andamento do(s) processo(s) sob seu patroc\u00ednio, pela via eletr\u00f4nica ou por meio impresso, t\u00e3o logo seja requerido por esta;<\/p><p>8 &#8211; Fica acertado entre as partes que as informa\u00e7\u00f5es prestadas entre as mesmas <strong>ser\u00e3o consideradas <\/strong><strong>confidenciais<\/strong><strong> e dever\u00e3o ser mantidas em absoluto <\/strong><strong>sigilo<\/strong><strong> por ambas<\/strong>. Sobretudo no que tange aos trabalhos t\u00e9cnicos-jur\u00eddicos desenvolvidos pelos <strong>Contratados<\/strong> a <strong>Contratante<\/strong> dever\u00e1 reservar sigilo perante terceiros, inclusive do teor do presente contrato. A obriga\u00e7\u00e3o de confidencialidade disposta nesta cl\u00e1usula, perdurar\u00e1 mesmo ap\u00f3s o t\u00e9rmino, rescis\u00e3o ou extin\u00e7\u00e3o do presente contrato;\u00a0<\/p><p>\u00a09 &#8211;\u00a0 O n\u00e3o exerc\u00edcio ou a demora, por uma das partes, em exercer algum direito relativo a este contrato n\u00e3o ser\u00e1 tida como ren\u00fancia a esser direito por essa parte ou como altera\u00e7\u00e3o deste contrato;<\/p><p>10 &#8211; Caso figurar mais de um <strong>Contratante<\/strong> no presente contrato, estes ser\u00e3o devedores solid\u00e1rios um dos outros (CC, art. 275).<\/p><p><strong>VI \u2013 CONDI\u00c7\u00d5ES RESULUTIVAS:<\/strong><\/p><p>\u00a0\u00a0 Faculta-se aos <strong>Contratados<\/strong> considerarem rescindido o presente contrato \u2013 <em>mediante comunica\u00e7\u00e3o pr\u00e9via<\/em> &#8212;\u00a0 e, por tal motivo, vencidos e imediatamente exig\u00edveis os honor\u00e1rios previstos no item IV(Valor do Contrato), como se a <strong>Contratante<\/strong> fosse vencedora na a\u00e7\u00e3o:<\/p><p>( i ) na hip\u00f3tese da <strong>Contratante<\/strong> vir a fazer acordo com a parte adversa sem o concurso e anu\u00eancia expressa dos <strong>Contratados<\/strong>;<\/p><p>( ii )\u00a0 se cassada(s) a(s) procura\u00e7\u00e3o(\u00e7\u00f5es) outorgadas, de forma imotivada;<\/p><p>( iii ) caso a <strong>Contratante<\/strong> pedir recupera\u00e7\u00e3o judicial ou tiver sua fal\u00eancia decretada;\u00a0<\/p><p>( iv ) na hip\u00f3tese da <strong>Contratante<\/strong> deixar de cumprir quaisquer das obriga\u00e7\u00f5es previstas neste contrato e n\u00e3o remediar o descumprimento dentro de (03) tr\u00eas dias, contados da data que lhe seja dado ci\u00eancia(por qualquer forma), ressalvado o previsto no item ( v ) abaixo;<\/p><p>( v ) em raz\u00e3o da <strong>Contratante<\/strong> deixar de realizar algum pagamento devido aos <strong>Contratados<\/strong> por prazo superior a 60(sessenta) dias;<\/p><p>( vi ) caso a <strong>Contratante<\/strong> resolva n\u00e3o prosseguir por motivos pessoais ou que independam da vontade, ou mesmo contratando novo(s) advogado(a) para a(s) causa(s) aludida(s) neste contrato, deduzindo-se, na hip\u00f3tese, os valores eventualmente pagos.<\/p><p><strong>VII \u2013 DAS COMUNICA\u00c7\u00d5ES:<\/strong><\/p><p>a) Todas as comunica\u00e7\u00f5es e notifica\u00e7\u00f5es entre as partes relativas a este contrato dever\u00e3o ser feitas por escrito, fax ou telegrama, destinadas aos endere\u00e7os abaixo citados:<\/p><p>Para os <strong>Contratados<\/strong>:<\/p><p>Av. Xista, n\u00ba. 0000 \u2013 salas 1717\/1818, em Porto Alegre (RS);<\/p><p>Para o <strong>Contratante<\/strong>:<\/p><p>Av. das Tantas, n\u00ba. 0000, em Porto Alegre (RS);<\/p><p><strong>b) as comunica\u00e7\u00f5es ser\u00e3o consideradas recebidas:<\/strong><\/p><p>( i ) quando enviadas por escrito, no momento de seu recebimento por quem se apresente a receb\u00ea-la no endere\u00e7o ora mencionado;<\/p><p>( ii ) se enviadas por fax, no momento em que for confirmada a transmiss\u00e3o;<\/p><p>( iii ) em caso de mudan\u00e7a de endere\u00e7o, tacitamente ter\u00e1 ci\u00eancia aquele que ausentar-se sem avisar a outra parte <strong>Contratante<\/strong>, arcando com o este \u00f4nus e nada podendo alegar neste tocante em seu proveito.\u00a0\u00a0<\/p><p><strong>VIII &#8211; DO FORO:\u00a0<\/strong><\/p><p>Para a solu\u00e7\u00e3o de quest\u00f5es decorrentes deste Contrato, fica eleito o foro da Cidade de Porto Alegre (RS).<\/p><p>E por estarem justas e acertadas, assinam o presente em 03(tr\u00eas) vias de igual teor e forma, na presen\u00e7a de 02(duas) testemunhas instrument\u00e1rias.<\/p><p>\u00a0 Porto Alegre (RS),<strong> <\/strong>00 de novembro de 0000.<\/p>\n","protected":false},"excerpt":{"rendered":"<p>Baixe o modelo contrato de presta\u00e7\u00e3o de servi\u00e7os advocat\u00edcios com cl\u00e1usula quota litis \u00a0e deixe seu banco de modelos de peti\u00e7\u00f5es estruturado de forma organizada com o software jur\u00eddico ADVBOX. ADVBOX para advocacia digital, \u00e9 poss\u00edvel economizar tempo gasto e com um \u00fanico membro da sua equipe \u00e9 poss\u00edvel atualizar [&hellip;]<\/p>\n","protected":false},"author":2,"featured_media":23659,"parent":0,"menu_order":0,"comment_status":"closed","ping_status":"closed","template":"","meta":{"_acf_changed":false,"om_disable_all_campaigns":false,"footnotes":""},"class_list":["post-30377","page","type-page","status-publish","has-post-thumbnail","hentry"],"acf":[],"yoast_head":"<!-- This site is optimized with the Yoast SEO plugin v26.9 - https:\/\/yoast.com\/product\/yoast-seo-wordpress\/ -->\n<title>Contrato de presta\u00e7\u00e3o de servi\u00e7os advocat\u00edcios (Quota Litis)<\/title>\n<meta name=\"description\" content=\"Quota litis significado - Peti\u00e7\u00f5es, Artigos jur\u00eddicos, jurisprud\u00eancias no site da ADVBOX.\" \/>\n<meta name=\"robots\" content=\"index, follow, max-snippet:-1, max-image-preview:large, max-video-preview:-1\" \/>\n<link rel=\"canonical\" href=\"https:\/\/advbox.com.br\/blog\/honorarios-quota-litis-significado\/\" \/>\n<meta property=\"og:locale\" content=\"pt_BR\" \/>\n<meta property=\"og:type\" content=\"article\" \/>\n<meta property=\"og:title\" content=\"Contrato de presta\u00e7\u00e3o de servi\u00e7os advocat\u00edcios (Quota Litis)\" \/>\n<meta property=\"og:description\" content=\"Quota litis significado - Peti\u00e7\u00f5es, Artigos jur\u00eddicos, jurisprud\u00eancias no site da ADVBOX.\" \/>\n<meta property=\"og:url\" content=\"https:\/\/advbox.com.br\/blog\/honorarios-quota-litis-significado\/\" \/>\n<meta property=\"og:site_name\" content=\"Software Jur\u00eddico Completo - ADVBOX\" \/>\n<meta property=\"article:publisher\" content=\"https:\/\/www.facebook.com\/advbox\/\" \/>\n<meta property=\"og:image\" content=\"https:\/\/advbox.com.br\/blog\/wp-content\/uploads\/2021\/02\/peticoes.jpg\" \/>\n\t<meta property=\"og:image:width\" content=\"626\" \/>\n\t<meta property=\"og:image:height\" content=\"417\" \/>\n\t<meta property=\"og:image:type\" content=\"image\/jpeg\" \/>\n<meta name=\"twitter:card\" content=\"summary_large_image\" \/>\n<meta name=\"twitter:site\" content=\"@advbox2\" \/>\n<script type=\"application\/ld+json\" class=\"yoast-schema-graph\">{\"@context\":\"https:\/\/schema.org\",\"@graph\":[{\"@type\":\"WebPage\",\"@id\":\"https:\/\/advbox.com.br\/blog\/honorarios-quota-litis-significado\/\",\"url\":\"https:\/\/advbox.com.br\/blog\/honorarios-quota-litis-significado\/\",\"name\":\"Contrato de presta\u00e7\u00e3o de servi\u00e7os advocat\u00edcios (Quota Litis)\",\"isPartOf\":{\"@id\":\"https:\/\/advbox.com.br\/blog\/#website\"},\"primaryImageOfPage\":{\"@id\":\"https:\/\/advbox.com.br\/blog\/honorarios-quota-litis-significado\/#primaryimage\"},\"image\":{\"@id\":\"https:\/\/advbox.com.br\/blog\/honorarios-quota-litis-significado\/#primaryimage\"},\"thumbnailUrl\":\"https:\/\/advbox.com.br\/blog\/wp-content\/uploads\/2021\/02\/peticoes.jpg\",\"datePublished\":\"2024-07-24T17:26:45+00:00\",\"description\":\"Quota litis significado - Peti\u00e7\u00f5es, Artigos jur\u00eddicos, jurisprud\u00eancias no site da ADVBOX.\",\"breadcrumb\":{\"@id\":\"https:\/\/advbox.com.br\/blog\/honorarios-quota-litis-significado\/#breadcrumb\"},\"inLanguage\":\"pt-BR\",\"potentialAction\":[{\"@type\":\"ReadAction\",\"target\":[\"https:\/\/advbox.com.br\/blog\/honorarios-quota-litis-significado\/\"]}]},{\"@type\":\"ImageObject\",\"inLanguage\":\"pt-BR\",\"@id\":\"https:\/\/advbox.com.br\/blog\/honorarios-quota-litis-significado\/#primaryimage\",\"url\":\"https:\/\/advbox.com.br\/blog\/wp-content\/uploads\/2021\/02\/peticoes.jpg\",\"contentUrl\":\"https:\/\/advbox.com.br\/blog\/wp-content\/uploads\/2021\/02\/peticoes.jpg\",\"width\":626,\"height\":417,\"caption\":\"peti\u00e7\u00f5es\"},{\"@type\":\"BreadcrumbList\",\"@id\":\"https:\/\/advbox.com.br\/blog\/honorarios-quota-litis-significado\/#breadcrumb\",\"itemListElement\":[{\"@type\":\"ListItem\",\"position\":1,\"name\":\"In\u00edcio\",\"item\":\"https:\/\/advbox.com.br\/blog\/\"},{\"@type\":\"ListItem\",\"position\":2,\"name\":\"Quota litis significado\"}]},{\"@type\":\"WebSite\",\"@id\":\"https:\/\/advbox.com.br\/blog\/#website\",\"url\":\"https:\/\/advbox.com.br\/blog\/\",\"name\":\"Software Jur\u00eddico Completo - ADVBOX\",\"description\":\"Plataforma para Advocacia Digital\",\"publisher\":{\"@id\":\"https:\/\/advbox.com.br\/blog\/#organization\"},\"potentialAction\":[{\"@type\":\"SearchAction\",\"target\":{\"@type\":\"EntryPoint\",\"urlTemplate\":\"https:\/\/advbox.com.br\/blog\/?s={search_term_string}\"},\"query-input\":{\"@type\":\"PropertyValueSpecification\",\"valueRequired\":true,\"valueName\":\"search_term_string\"}}],\"inLanguage\":\"pt-BR\"},{\"@type\":\"Organization\",\"@id\":\"https:\/\/advbox.com.br\/blog\/#organization\",\"name\":\"ADVBOX Blog - Software jur\u00eddico da advocacia digital\",\"url\":\"https:\/\/advbox.com.br\/blog\/\",\"logo\":{\"@type\":\"ImageObject\",\"inLanguage\":\"pt-BR\",\"@id\":\"https:\/\/advbox.com.br\/blog\/#\/schema\/logo\/image\/\",\"url\":\"https:\/\/advbox.com.br\/blog\/wp-content\/uploads\/2019\/12\/Como-aumentar-a-produtividade_.jpg\",\"contentUrl\":\"https:\/\/advbox.com.br\/blog\/wp-content\/uploads\/2019\/12\/Como-aumentar-a-produtividade_.jpg\",\"width\":320,\"height\":213,\"caption\":\"ADVBOX Blog - Software jur\u00eddico da advocacia digital\"},\"image\":{\"@id\":\"https:\/\/advbox.com.br\/blog\/#\/schema\/logo\/image\/\"},\"sameAs\":[\"https:\/\/www.facebook.com\/advbox\/\",\"https:\/\/x.com\/advbox2\"]}]}<\/script>\n<!-- \/ Yoast SEO plugin. -->","yoast_head_json":{"title":"Contrato de presta\u00e7\u00e3o de servi\u00e7os advocat\u00edcios (Quota Litis)","description":"Quota litis significado - Peti\u00e7\u00f5es, Artigos jur\u00eddicos, jurisprud\u00eancias no site da ADVBOX.","robots":{"index":"index","follow":"follow","max-snippet":"max-snippet:-1","max-image-preview":"max-image-preview:large","max-video-preview":"max-video-preview:-1"},"canonical":"https:\/\/advbox.com.br\/blog\/honorarios-quota-litis-significado\/","og_locale":"pt_BR","og_type":"article","og_title":"Contrato de presta\u00e7\u00e3o de servi\u00e7os advocat\u00edcios (Quota Litis)","og_description":"Quota litis significado - Peti\u00e7\u00f5es, Artigos jur\u00eddicos, jurisprud\u00eancias no site da ADVBOX.","og_url":"https:\/\/advbox.com.br\/blog\/honorarios-quota-litis-significado\/","og_site_name":"Software Jur\u00eddico Completo - ADVBOX","article_publisher":"https:\/\/www.facebook.com\/advbox\/","og_image":[{"width":626,"height":417,"url":"https:\/\/advbox.com.br\/blog\/wp-content\/uploads\/2021\/02\/peticoes.jpg","type":"image\/jpeg"}],"twitter_card":"summary_large_image","twitter_site":"@advbox2","schema":{"@context":"https:\/\/schema.org","@graph":[{"@type":"WebPage","@id":"https:\/\/advbox.com.br\/blog\/honorarios-quota-litis-significado\/","url":"https:\/\/advbox.com.br\/blog\/honorarios-quota-litis-significado\/","name":"Contrato de presta\u00e7\u00e3o de servi\u00e7os advocat\u00edcios (Quota Litis)","isPartOf":{"@id":"https:\/\/advbox.com.br\/blog\/#website"},"primaryImageOfPage":{"@id":"https:\/\/advbox.com.br\/blog\/honorarios-quota-litis-significado\/#primaryimage"},"image":{"@id":"https:\/\/advbox.com.br\/blog\/honorarios-quota-litis-significado\/#primaryimage"},"thumbnailUrl":"https:\/\/advbox.com.br\/blog\/wp-content\/uploads\/2021\/02\/peticoes.jpg","datePublished":"2024-07-24T17:26:45+00:00","description":"Quota litis significado - Peti\u00e7\u00f5es, Artigos jur\u00eddicos, jurisprud\u00eancias no site da ADVBOX.","breadcrumb":{"@id":"https:\/\/advbox.com.br\/blog\/honorarios-quota-litis-significado\/#breadcrumb"},"inLanguage":"pt-BR","potentialAction":[{"@type":"ReadAction","target":["https:\/\/advbox.com.br\/blog\/honorarios-quota-litis-significado\/"]}]},{"@type":"ImageObject","inLanguage":"pt-BR","@id":"https:\/\/advbox.com.br\/blog\/honorarios-quota-litis-significado\/#primaryimage","url":"https:\/\/advbox.com.br\/blog\/wp-content\/uploads\/2021\/02\/peticoes.jpg","contentUrl":"https:\/\/advbox.com.br\/blog\/wp-content\/uploads\/2021\/02\/peticoes.jpg","width":626,"height":417,"caption":"peti\u00e7\u00f5es"},{"@type":"BreadcrumbList","@id":"https:\/\/advbox.com.br\/blog\/honorarios-quota-litis-significado\/#breadcrumb","itemListElement":[{"@type":"ListItem","position":1,"name":"In\u00edcio","item":"https:\/\/advbox.com.br\/blog\/"},{"@type":"ListItem","position":2,"name":"Quota litis significado"}]},{"@type":"WebSite","@id":"https:\/\/advbox.com.br\/blog\/#website","url":"https:\/\/advbox.com.br\/blog\/","name":"Software Jur\u00eddico Completo - ADVBOX","description":"Plataforma para Advocacia Digital","publisher":{"@id":"https:\/\/advbox.com.br\/blog\/#organization"},"potentialAction":[{"@type":"SearchAction","target":{"@type":"EntryPoint","urlTemplate":"https:\/\/advbox.com.br\/blog\/?s={search_term_string}"},"query-input":{"@type":"PropertyValueSpecification","valueRequired":true,"valueName":"search_term_string"}}],"inLanguage":"pt-BR"},{"@type":"Organization","@id":"https:\/\/advbox.com.br\/blog\/#organization","name":"ADVBOX Blog - Software jur\u00eddico da advocacia digital","url":"https:\/\/advbox.com.br\/blog\/","logo":{"@type":"ImageObject","inLanguage":"pt-BR","@id":"https:\/\/advbox.com.br\/blog\/#\/schema\/logo\/image\/","url":"https:\/\/advbox.com.br\/blog\/wp-content\/uploads\/2019\/12\/Como-aumentar-a-produtividade_.jpg","contentUrl":"https:\/\/advbox.com.br\/blog\/wp-content\/uploads\/2019\/12\/Como-aumentar-a-produtividade_.jpg","width":320,"height":213,"caption":"ADVBOX Blog - Software jur\u00eddico da advocacia digital"},"image":{"@id":"https:\/\/advbox.com.br\/blog\/#\/schema\/logo\/image\/"},"sameAs":["https:\/\/www.facebook.com\/advbox\/","https:\/\/x.com\/advbox2"]}]}},"_links":{"self":[{"href":"https:\/\/advbox.com.br\/blog\/wp-json\/wp\/v2\/pages\/30377","targetHints":{"allow":["GET"]}}],"collection":[{"href":"https:\/\/advbox.com.br\/blog\/wp-json\/wp\/v2\/pages"}],"about":[{"href":"https:\/\/advbox.com.br\/blog\/wp-json\/wp\/v2\/types\/page"}],"author":[{"embeddable":true,"href":"https:\/\/advbox.com.br\/blog\/wp-json\/wp\/v2\/users\/2"}],"replies":[{"embeddable":true,"href":"https:\/\/advbox.com.br\/blog\/wp-json\/wp\/v2\/comments?post=30377"}],"version-history":[{"count":7,"href":"https:\/\/advbox.com.br\/blog\/wp-json\/wp\/v2\/pages\/30377\/revisions"}],"predecessor-version":[{"id":63566,"href":"https:\/\/advbox.com.br\/blog\/wp-json\/wp\/v2\/pages\/30377\/revisions\/63566"}],"wp:featuredmedia":[{"embeddable":true,"href":"https:\/\/advbox.com.br\/blog\/wp-json\/wp\/v2\/media\/23659"}],"wp:attachment":[{"href":"https:\/\/advbox.com.br\/blog\/wp-json\/wp\/v2\/media?parent=30377"}],"curies":[{"name":"wp","href":"https:\/\/api.w.org\/{rel}","templated":true}]}}