{"id":30467,"date":"2021-04-29T20:54:12","date_gmt":"2021-04-29T23:54:12","guid":{"rendered":"https:\/\/advbox.com.br\/blog\/?page_id=30467"},"modified":"2025-11-12T11:11:48","modified_gmt":"2025-11-12T14:11:48","slug":"honorarios-planilha-de-calculo-honorarios-advocaticios","status":"publish","type":"page","link":"https:\/\/advbox.com.br\/blog\/honorarios-planilha-de-calculo-honorarios-advocaticios\/","title":{"rendered":"Planilha de c\u00e1lculo de honor\u00e1rios advocat\u00edcios \u2013 ferramenta pr\u00e1tica"},"content":{"rendered":"<p>Separamos a planilha de c\u00e1lculo de financeiro para advogados e d\u00ea um grande salto de qualidade em gest\u00e3o em seu escrit\u00f3rio.<\/p><p>A<strong> <\/strong><a href=\"https:\/\/advbox.com.br\/blog\/avaliacao-de-dados\/\" target=\"_blank\">advocacia baseada em dados <\/a>mostra que o tempo aumenta os custos do processo no final do ciclo, ao mesmo tempo que diminui os honor\u00e1rios.<\/p><p>Isso porque os honor\u00e1rios sempre devem ser calculados por m\u00eas de trabalho desenvolvido, independentemente de serem recebidos integralmente no final, no in\u00edcio ou ao longo da presta\u00e7\u00e3o do servi\u00e7o.<\/p><p><strong>Saiba sobre \u201c<\/strong><a href=\"https:\/\/advbox.com.br\/blog\/calcular-rentabilidade\/\" target=\"_blank\">como calcular a rentabilidade de processos por \u00e1rea do Direito<\/a><strong>\u201d <\/strong>com a<strong> ADVBOX.<\/strong><\/p>\n<figure class=\"wp-block-image size-large\"><a href=\"https:\/\/advbox.com.br\/blog\/financeiro-advocacia-orientacoes-basicas\/\" target=\"_blank\" rel=\"Planilha financeira ADVBOX noopener\" target=\"_blank\"><img fetchpriority=\"high\" decoding=\"async\" width=\"725\" height=\"196\" src=\"https:\/\/advbox.com.br\/blog\/wp-content\/uploads\/2021\/04\/advbox_cta_gestao.png\" alt=\"\" class=\"wp-image-30484\" srcset=\"https:\/\/advbox.com.br\/blog\/wp-content\/uploads\/2021\/04\/advbox_cta_gestao.png 725w, https:\/\/advbox.com.br\/blog\/wp-content\/uploads\/2021\/04\/advbox_cta_gestao-500x135.png 500w\" sizes=\"(max-width: 725px) 100vw, 725px\" \/><\/a><\/figure>\n<h2 class=\"wp-block-heading\">Copie a a\u00e7\u00e3o de execu\u00e7\u00e3o de contrato de honor\u00e1rios advocat\u00edcios &#8211; novo CPC<\/h2><p><strong>EXMO. SR. DR. JUIZ DE DIREITO DA XXX DA COMARCA DE XXXX<\/strong><\/p><p><strong>NOME DO AUTOR,<\/strong>\u00a0 brasileiro, companheiro (vive em uni\u00e3o est\u00e1vel), Profiss\u00e3o, portador da c\u00e9dula de identidade RG n\u00ba XXXXXX, inscrito no CPF sob n\u00ba XXXXX, residente e domiciliado na Rua XXXX, CEP: 00000-000, e-mail para contato: xxx@xxx.com, em nome pr\u00f3prio vem ajuizar a presente<\/p><h3 class=\"has-normal-font-size wp-block-heading\"><strong>A\u00c7\u00c3O DE EXECU\u00c7\u00c3O DE CONTRATO DE HONOR\u00c1RIOS ADVOCAT\u00cdCIOS<\/strong><\/h3><p>Em face de\u00a0<strong>NOME DO R\u00c9U<\/strong>, brasileira, companheira (vive em uni\u00e3o est\u00e1vel), Atendente, portadora da c\u00e9dula de identidade RG n\u00ba XXXXXX, inscrita no CPF sob n\u00ba XXXXX, residente e domiciliada na Rua XXXX, CEP: 00000-000, pelos fatos e fundamentos jur\u00eddicos a seguir expostos:<\/p><p><strong>I \u2013 Dos Fatos:<\/strong><\/p><p>O exequente \u00e9 trabalhou como advogado do executado para o ajuizamento de uma a\u00e7\u00e3o de indeniza\u00e7\u00e3o em face da empresa ().<\/p><p>O exequente firmou o contrato com o executado para que pagasse R$3.000,00 em termos de honor\u00e1rios advocat\u00edcios iniciais e 20% do valor da condena\u00e7\u00e3o para fins de honor\u00e1rios advocat\u00edcios finais, descontados dos R$3.000,00.<\/p><p>O executado ganhou a causa em 2015, recebendo a quantia de R$100.000,00 em termos de indeniza\u00e7\u00e3o por dano moral.<\/p><p>Contudo o executado n\u00e3o pagou os honor\u00e1rios advocat\u00edcios de 20% sobre o valor da condena\u00e7\u00e3o descontados dos R$3.000,00 j\u00e1 pagos, ou seja, n\u00e3o pagou os R$17.000,00 restantes.<\/p><p>Dessa forma, pede-se que seja executado o contrato de honor\u00e1rios advocat\u00edcios em anexo, uma vez que est\u00e1 preenchido o contrato de todos os requisitos do t\u00edtulo executivo extrajudicial nos termos do CPC, inclusive a assinatura das duas testemunhas.<\/p><p><strong>\u00a0II \u2013 Do Direito:<\/strong><\/p><p>O exequente tem direito a pens\u00e3o aliment\u00edcia nos termos do C\u00f3digo de Processo Civil.<\/p><p>Dessa forma pede-se que o executado seja compelido a pagar a diferen\u00e7a de R$17.000,00 para pagar a t\u00edtulo de honor\u00e1rios advocat\u00edcios nos termos do contrato atual.<\/p><p><strong>III) Do Pedido:<\/strong><\/p><p>Ante o exposto, pede-se:\u00a0\u00a0\u00a0\u00a0\u00a0\u00a0\u00a0\u00a0\u00a0\u00a0\u00a0\u00a0\u00a0\u00a0<\/p><p>a) Que o executado seja citado pessoalmente, para que no prazo de tr\u00eas dias pague a quantia de R$17.000,00 a t\u00edtulo de honor\u00e1rios advocat\u00edcios.<\/p><p>B) Que seja julgado inteiramente procedente o pedido do exequente para que seja o d\u00e9bito reconhecido em favor do exequente no importe de R$17.000,00 compelindo ao executado a pagar a quantia devida<\/p><p>c) Que caso o executado n\u00e3o pague a quantia devida, que sejam penhorados os seus bens, nos termos do CPC.<\/p><p>D) Pede-se a produ\u00e7\u00e3o de prova documental, e testemunhal e outras provas admitidas em direito.<\/p><p>D\u00e1-se \u00e0 causa o valor de R$17.000,00<\/p><p>Nestes termos,\u00a0<\/p><p>Pede deferimento.\u00a0<\/p><p>[Local] [data]\u00a0<\/p><p>__________________________________<\/p><p>[Nome Advogado] &#8211; [OAB] [UF].\u00a0<\/p>\n","protected":false},"excerpt":{"rendered":"<p>Separamos a planilha de c\u00e1lculo de financeiro para advogados e d\u00ea um grande salto de qualidade em gest\u00e3o em seu escrit\u00f3rio. A advocacia baseada em dados mostra que o tempo aumenta os custos do processo no final do ciclo, ao mesmo tempo que diminui os honor\u00e1rios. Isso porque os honor\u00e1rios [&hellip;]<\/p>\n","protected":false},"author":2,"featured_media":29743,"parent":0,"menu_order":0,"comment_status":"closed","ping_status":"closed","template":"","meta":{"_acf_changed":false,"om_disable_all_campaigns":false,"footnotes":""},"class_list":["post-30467","page","type-page","status-publish","has-post-thumbnail","hentry"],"acf":[],"yoast_head":"<!-- This site is optimized with the Yoast SEO plugin v26.9 - https:\/\/yoast.com\/product\/yoast-seo-wordpress\/ -->\n<title>Planilha de c\u00e1lculo de honor\u00e1rios advocat\u00edcios \u2013 ferramenta pr\u00e1tica<\/title>\n<meta name=\"description\" content=\"Planilha de c\u00e1lculo de honor\u00e1rios advocat\u00edcios \u2013 ferramenta pr\u00e1tica - Peti\u00e7\u00f5es, Artigos jur\u00eddicos, jurisprud\u00eancias no site da ADVBOX.\" \/>\n<meta name=\"robots\" content=\"index, follow, max-snippet:-1, max-image-preview:large, max-video-preview:-1\" \/>\n<link rel=\"canonical\" href=\"https:\/\/advbox.com.br\/blog\/honorarios-planilha-de-calculo-honorarios-advocaticios\/\" \/>\n<meta property=\"og:locale\" content=\"pt_BR\" \/>\n<meta property=\"og:type\" content=\"article\" \/>\n<meta property=\"og:title\" content=\"Planilha de c\u00e1lculo de honor\u00e1rios advocat\u00edcios \u2013 ferramenta pr\u00e1tica\" \/>\n<meta property=\"og:description\" content=\"Planilha de c\u00e1lculo de honor\u00e1rios advocat\u00edcios \u2013 ferramenta pr\u00e1tica - Peti\u00e7\u00f5es, Artigos jur\u00eddicos, jurisprud\u00eancias no site da ADVBOX.\" \/>\n<meta property=\"og:url\" content=\"https:\/\/advbox.com.br\/blog\/honorarios-planilha-de-calculo-honorarios-advocaticios\/\" \/>\n<meta property=\"og:site_name\" content=\"Software Jur\u00eddico Completo - ADVBOX\" \/>\n<meta property=\"article:publisher\" content=\"https:\/\/www.facebook.com\/advbox\/\" \/>\n<meta property=\"article:modified_time\" content=\"2025-11-12T14:11:48+00:00\" \/>\n<meta property=\"og:image\" content=\"https:\/\/advbox.com.br\/blog\/wp-content\/uploads\/2021\/04\/peticao-advbox-7.jpg\" \/>\n\t<meta property=\"og:image:width\" content=\"626\" \/>\n\t<meta property=\"og:image:height\" content=\"417\" \/>\n\t<meta property=\"og:image:type\" content=\"image\/jpeg\" \/>\n<meta name=\"twitter:card\" content=\"summary_large_image\" \/>\n<meta name=\"twitter:site\" content=\"@advbox2\" \/>\n<script type=\"application\/ld+json\" class=\"yoast-schema-graph\">{\"@context\":\"https:\/\/schema.org\",\"@graph\":[{\"@type\":\"WebPage\",\"@id\":\"https:\/\/advbox.com.br\/blog\/honorarios-planilha-de-calculo-honorarios-advocaticios\/\",\"url\":\"https:\/\/advbox.com.br\/blog\/honorarios-planilha-de-calculo-honorarios-advocaticios\/\",\"name\":\"Planilha de c\u00e1lculo de honor\u00e1rios advocat\u00edcios \u2013 ferramenta pr\u00e1tica\",\"isPartOf\":{\"@id\":\"https:\/\/advbox.com.br\/blog\/#website\"},\"primaryImageOfPage\":{\"@id\":\"https:\/\/advbox.com.br\/blog\/honorarios-planilha-de-calculo-honorarios-advocaticios\/#primaryimage\"},\"image\":{\"@id\":\"https:\/\/advbox.com.br\/blog\/honorarios-planilha-de-calculo-honorarios-advocaticios\/#primaryimage\"},\"thumbnailUrl\":\"https:\/\/advbox.com.br\/blog\/wp-content\/uploads\/2021\/04\/peticao-advbox-7.jpg\",\"datePublished\":\"2021-04-29T23:54:12+00:00\",\"dateModified\":\"2025-11-12T14:11:48+00:00\",\"description\":\"Planilha de c\u00e1lculo de honor\u00e1rios advocat\u00edcios \u2013 ferramenta pr\u00e1tica - Peti\u00e7\u00f5es, Artigos jur\u00eddicos, jurisprud\u00eancias no site da ADVBOX.\",\"breadcrumb\":{\"@id\":\"https:\/\/advbox.com.br\/blog\/honorarios-planilha-de-calculo-honorarios-advocaticios\/#breadcrumb\"},\"inLanguage\":\"pt-BR\",\"potentialAction\":[{\"@type\":\"ReadAction\",\"target\":[\"https:\/\/advbox.com.br\/blog\/honorarios-planilha-de-calculo-honorarios-advocaticios\/\"]}]},{\"@type\":\"ImageObject\",\"inLanguage\":\"pt-BR\",\"@id\":\"https:\/\/advbox.com.br\/blog\/honorarios-planilha-de-calculo-honorarios-advocaticios\/#primaryimage\",\"url\":\"https:\/\/advbox.com.br\/blog\/wp-content\/uploads\/2021\/04\/peticao-advbox-7.jpg\",\"contentUrl\":\"https:\/\/advbox.com.br\/blog\/wp-content\/uploads\/2021\/04\/peticao-advbox-7.jpg\",\"width\":626,\"height\":417,\"caption\":\"diferencia\u00e7\u00e3o do advogado\"},{\"@type\":\"BreadcrumbList\",\"@id\":\"https:\/\/advbox.com.br\/blog\/honorarios-planilha-de-calculo-honorarios-advocaticios\/#breadcrumb\",\"itemListElement\":[{\"@type\":\"ListItem\",\"position\":1,\"name\":\"In\u00edcio\",\"item\":\"https:\/\/advbox.com.br\/blog\/\"},{\"@type\":\"ListItem\",\"position\":2,\"name\":\"Planilha de c\u00e1lculo de honor\u00e1rios advocat\u00edcios \u2013 ferramenta pr\u00e1tica\"}]},{\"@type\":\"WebSite\",\"@id\":\"https:\/\/advbox.com.br\/blog\/#website\",\"url\":\"https:\/\/advbox.com.br\/blog\/\",\"name\":\"Software Jur\u00eddico Completo - ADVBOX\",\"description\":\"Plataforma para Advocacia Digital\",\"publisher\":{\"@id\":\"https:\/\/advbox.com.br\/blog\/#organization\"},\"potentialAction\":[{\"@type\":\"SearchAction\",\"target\":{\"@type\":\"EntryPoint\",\"urlTemplate\":\"https:\/\/advbox.com.br\/blog\/?s={search_term_string}\"},\"query-input\":{\"@type\":\"PropertyValueSpecification\",\"valueRequired\":true,\"valueName\":\"search_term_string\"}}],\"inLanguage\":\"pt-BR\"},{\"@type\":\"Organization\",\"@id\":\"https:\/\/advbox.com.br\/blog\/#organization\",\"name\":\"ADVBOX Blog - Software jur\u00eddico da advocacia digital\",\"url\":\"https:\/\/advbox.com.br\/blog\/\",\"logo\":{\"@type\":\"ImageObject\",\"inLanguage\":\"pt-BR\",\"@id\":\"https:\/\/advbox.com.br\/blog\/#\/schema\/logo\/image\/\",\"url\":\"https:\/\/advbox.com.br\/blog\/wp-content\/uploads\/2019\/12\/Como-aumentar-a-produtividade_.jpg\",\"contentUrl\":\"https:\/\/advbox.com.br\/blog\/wp-content\/uploads\/2019\/12\/Como-aumentar-a-produtividade_.jpg\",\"width\":320,\"height\":213,\"caption\":\"ADVBOX Blog - Software jur\u00eddico da advocacia digital\"},\"image\":{\"@id\":\"https:\/\/advbox.com.br\/blog\/#\/schema\/logo\/image\/\"},\"sameAs\":[\"https:\/\/www.facebook.com\/advbox\/\",\"https:\/\/x.com\/advbox2\"]}]}<\/script>\n<!-- \/ Yoast SEO plugin. -->","yoast_head_json":{"title":"Planilha de c\u00e1lculo de honor\u00e1rios advocat\u00edcios \u2013 ferramenta pr\u00e1tica","description":"Planilha de c\u00e1lculo de honor\u00e1rios advocat\u00edcios \u2013 ferramenta pr\u00e1tica - Peti\u00e7\u00f5es, Artigos jur\u00eddicos, jurisprud\u00eancias no site da ADVBOX.","robots":{"index":"index","follow":"follow","max-snippet":"max-snippet:-1","max-image-preview":"max-image-preview:large","max-video-preview":"max-video-preview:-1"},"canonical":"https:\/\/advbox.com.br\/blog\/honorarios-planilha-de-calculo-honorarios-advocaticios\/","og_locale":"pt_BR","og_type":"article","og_title":"Planilha de c\u00e1lculo de honor\u00e1rios advocat\u00edcios \u2013 ferramenta pr\u00e1tica","og_description":"Planilha de c\u00e1lculo de honor\u00e1rios advocat\u00edcios \u2013 ferramenta pr\u00e1tica - Peti\u00e7\u00f5es, Artigos jur\u00eddicos, jurisprud\u00eancias no site da ADVBOX.","og_url":"https:\/\/advbox.com.br\/blog\/honorarios-planilha-de-calculo-honorarios-advocaticios\/","og_site_name":"Software Jur\u00eddico Completo - ADVBOX","article_publisher":"https:\/\/www.facebook.com\/advbox\/","article_modified_time":"2025-11-12T14:11:48+00:00","og_image":[{"width":626,"height":417,"url":"https:\/\/advbox.com.br\/blog\/wp-content\/uploads\/2021\/04\/peticao-advbox-7.jpg","type":"image\/jpeg"}],"twitter_card":"summary_large_image","twitter_site":"@advbox2","schema":{"@context":"https:\/\/schema.org","@graph":[{"@type":"WebPage","@id":"https:\/\/advbox.com.br\/blog\/honorarios-planilha-de-calculo-honorarios-advocaticios\/","url":"https:\/\/advbox.com.br\/blog\/honorarios-planilha-de-calculo-honorarios-advocaticios\/","name":"Planilha de c\u00e1lculo de honor\u00e1rios advocat\u00edcios \u2013 ferramenta pr\u00e1tica","isPartOf":{"@id":"https:\/\/advbox.com.br\/blog\/#website"},"primaryImageOfPage":{"@id":"https:\/\/advbox.com.br\/blog\/honorarios-planilha-de-calculo-honorarios-advocaticios\/#primaryimage"},"image":{"@id":"https:\/\/advbox.com.br\/blog\/honorarios-planilha-de-calculo-honorarios-advocaticios\/#primaryimage"},"thumbnailUrl":"https:\/\/advbox.com.br\/blog\/wp-content\/uploads\/2021\/04\/peticao-advbox-7.jpg","datePublished":"2021-04-29T23:54:12+00:00","dateModified":"2025-11-12T14:11:48+00:00","description":"Planilha de c\u00e1lculo de honor\u00e1rios advocat\u00edcios \u2013 ferramenta pr\u00e1tica - Peti\u00e7\u00f5es, Artigos jur\u00eddicos, jurisprud\u00eancias no site da ADVBOX.","breadcrumb":{"@id":"https:\/\/advbox.com.br\/blog\/honorarios-planilha-de-calculo-honorarios-advocaticios\/#breadcrumb"},"inLanguage":"pt-BR","potentialAction":[{"@type":"ReadAction","target":["https:\/\/advbox.com.br\/blog\/honorarios-planilha-de-calculo-honorarios-advocaticios\/"]}]},{"@type":"ImageObject","inLanguage":"pt-BR","@id":"https:\/\/advbox.com.br\/blog\/honorarios-planilha-de-calculo-honorarios-advocaticios\/#primaryimage","url":"https:\/\/advbox.com.br\/blog\/wp-content\/uploads\/2021\/04\/peticao-advbox-7.jpg","contentUrl":"https:\/\/advbox.com.br\/blog\/wp-content\/uploads\/2021\/04\/peticao-advbox-7.jpg","width":626,"height":417,"caption":"diferencia\u00e7\u00e3o do advogado"},{"@type":"BreadcrumbList","@id":"https:\/\/advbox.com.br\/blog\/honorarios-planilha-de-calculo-honorarios-advocaticios\/#breadcrumb","itemListElement":[{"@type":"ListItem","position":1,"name":"In\u00edcio","item":"https:\/\/advbox.com.br\/blog\/"},{"@type":"ListItem","position":2,"name":"Planilha de c\u00e1lculo de honor\u00e1rios advocat\u00edcios \u2013 ferramenta pr\u00e1tica"}]},{"@type":"WebSite","@id":"https:\/\/advbox.com.br\/blog\/#website","url":"https:\/\/advbox.com.br\/blog\/","name":"Software Jur\u00eddico Completo - ADVBOX","description":"Plataforma para Advocacia Digital","publisher":{"@id":"https:\/\/advbox.com.br\/blog\/#organization"},"potentialAction":[{"@type":"SearchAction","target":{"@type":"EntryPoint","urlTemplate":"https:\/\/advbox.com.br\/blog\/?s={search_term_string}"},"query-input":{"@type":"PropertyValueSpecification","valueRequired":true,"valueName":"search_term_string"}}],"inLanguage":"pt-BR"},{"@type":"Organization","@id":"https:\/\/advbox.com.br\/blog\/#organization","name":"ADVBOX Blog - Software jur\u00eddico da advocacia digital","url":"https:\/\/advbox.com.br\/blog\/","logo":{"@type":"ImageObject","inLanguage":"pt-BR","@id":"https:\/\/advbox.com.br\/blog\/#\/schema\/logo\/image\/","url":"https:\/\/advbox.com.br\/blog\/wp-content\/uploads\/2019\/12\/Como-aumentar-a-produtividade_.jpg","contentUrl":"https:\/\/advbox.com.br\/blog\/wp-content\/uploads\/2019\/12\/Como-aumentar-a-produtividade_.jpg","width":320,"height":213,"caption":"ADVBOX Blog - Software jur\u00eddico da advocacia digital"},"image":{"@id":"https:\/\/advbox.com.br\/blog\/#\/schema\/logo\/image\/"},"sameAs":["https:\/\/www.facebook.com\/advbox\/","https:\/\/x.com\/advbox2"]}]}},"_links":{"self":[{"href":"https:\/\/advbox.com.br\/blog\/wp-json\/wp\/v2\/pages\/30467","targetHints":{"allow":["GET"]}}],"collection":[{"href":"https:\/\/advbox.com.br\/blog\/wp-json\/wp\/v2\/pages"}],"about":[{"href":"https:\/\/advbox.com.br\/blog\/wp-json\/wp\/v2\/types\/page"}],"author":[{"embeddable":true,"href":"https:\/\/advbox.com.br\/blog\/wp-json\/wp\/v2\/users\/2"}],"replies":[{"embeddable":true,"href":"https:\/\/advbox.com.br\/blog\/wp-json\/wp\/v2\/comments?post=30467"}],"version-history":[{"count":3,"href":"https:\/\/advbox.com.br\/blog\/wp-json\/wp\/v2\/pages\/30467\/revisions"}],"predecessor-version":[{"id":78914,"href":"https:\/\/advbox.com.br\/blog\/wp-json\/wp\/v2\/pages\/30467\/revisions\/78914"}],"wp:featuredmedia":[{"embeddable":true,"href":"https:\/\/advbox.com.br\/blog\/wp-json\/wp\/v2\/media\/29743"}],"wp:attachment":[{"href":"https:\/\/advbox.com.br\/blog\/wp-json\/wp\/v2\/media?parent=30467"}],"curies":[{"name":"wp","href":"https:\/\/api.w.org\/{rel}","templated":true}]}}