{"id":30619,"date":"2021-04-30T22:08:04","date_gmt":"2021-05-01T01:08:04","guid":{"rendered":"https:\/\/advbox.com.br\/blog\/?page_id=30619"},"modified":"2024-11-06T09:44:58","modified_gmt":"2024-11-06T12:44:58","slug":"honorarios-artigo-85-cpc","status":"publish","type":"page","link":"https:\/\/advbox.com.br\/blog\/honorarios-artigo-85-cpc\/","title":{"rendered":"Artigo 85 CPC"},"content":{"rendered":"\n<p>Separamos o modelo Apela\u00e7\u00e3o Pagamento de Honor\u00e1rios Artigo 85 do Novo CPC copie e atualize no seu banco de peti\u00e7\u00f5es com <a href=\"https:\/\/advbox.com.br\/cadastro\/?utm_campaign=mql_-_financeiro_e_bi__-_303_-_b&amp;utm_medium=email&amp;utm_source=RD+Station\" target=\"_blank\"><strong>uma plataforma de qualidade<\/strong><\/a> para advocacia digital como a <strong>ADVBOX<\/strong>, tudo de forma simples e r\u00e1pida.<\/p>\n\n\n\n<p>Quer saber mais e aplicar na pr\u00e1tica uma estrat\u00e9gia de crescimento no escrit\u00f3rio?<\/p>\n\n\n\n<p>&nbsp;Acesse nosso ebook e entenda como aplicar esta estrat\u00e9gia em seu escrit\u00f3rio.&nbsp;&nbsp;<\/p>\n\n\n\n\n\n<h2 class=\"wp-block-heading\">Apela\u00e7\u00e3o Pagamento de Honor\u00e1rios Artigo 85 do Novo CPC<\/h2>\n\n\n\n<p>EXMO. SR. DR. JUIZ DE DIREITO DA ____________ DA COMARCA DE __________________ &#8211; ___<\/p>\n\n\n\n<p>COOPERATIVA DE ECONOMIA E CR\u00c9DITO _____________ Ltda., qualificada nos autos do processo n\u00ba _____________, A\u00c7\u00c3O DE BUSCA E APREENS\u00c3O que move contra _____________ E OUTRA, inconformada com a r. Senten\u00e7a de fls. ___, vem, respeitosamente apresentar APELA\u00c7\u00c3O, forte nos arts. 996, 1.009 e ss. Todos do CPC\/2015, nos termos das raz\u00f5es anexas.<\/p>\n\n\n\n<p>Isto Posto, requer o recebimento do presente recurso em ambos os efeitos, encaminhando-se os autos ao e. TJRS, bem como a juntada dos comprovantes de efetiva\u00e7\u00e3o do preparo.<\/p>\n\n\n\n<p>Nestes termos,<\/p>\n\n\n\n<p>Pede deferimento.<\/p>\n\n\n\n<p>[Local] [data]<\/p>\n\n\n\n<p>__________________________________<\/p>\n\n\n\n<p>[Nome Advogado] &#8211; [OAB] [UF]<\/p>\n\n\n\n<p>RAZ\u00d5ES DE APELA\u00c7\u00c3O<\/p>\n\n\n\n<p>Raz\u00f5es da Apelante _____________ Ltda., na A\u00e7\u00e3o de Busca e Apreens\u00e3o, processo n\u00ba _____________, no qual contende com os Apelados _____________ E OUTRA.<\/p>\n\n\n\n<p>Egr\u00e9gio Tribunal:<\/p>\n\n\n\n<p>A senten\u00e7a de fls. ___ dos autos, proferida pelo MM. Juiz de Direito da ___\u00aa Vara C\u00edvel da Comarca de _____________, ___, nos autos do processo n\u00ba _____________, data maxima venia, deve ser parcialmente modificada, conforme adiante se aduz:<\/p>\n\n\n\n<p>Por escritura p\u00fablica, o Requerido reconheceu a proced\u00eancia do pedido, tendo confessado d\u00e9bito de sua responsabilidade, correspondente a R$ _______, dos quais R$ _______ referiam-se ao presente processo (valor da causa atualizado at\u00e9 a data do acordo).<\/p>\n\n\n\n<p>No ajuste firmado entre as partes, nos termos da cl\u00e1usula n\u00famero oito (8), o Requerido comprometeu-se a pagar os honor\u00e1rios advocat\u00edcios em favor dos procuradores da autora, que fossem judicialmente arbitrados, observados os par\u00e2metros do art. 85, \u00a7 2\u00ba, do CPC\/2015.<\/p>\n\n\n\n<p>Essa condena\u00e7\u00e3o se imp\u00f5e, outrossim, tendo em vista que o processo foi extinto por reconhecimento da proced\u00eancia do pedido, conforme disp\u00f5e o art. 90 do CPC\/2015, o qual tamb\u00e9m \u00e9 referido na mencionada cl\u00e1usula do acordo.<\/p>\n\n\n\n<p>O mencionado art. 85, \u00a7 2\u00ba, do CPC\/2015 estabelece que os honor\u00e1rios corresponder\u00e3o ao percentual arbitrado, sendo este entre 10% a 20% do valor da condena\u00e7\u00e3o, conforme crit\u00e9rios constantes em seus incisos.<\/p>\n\n\n\n<p>Entretanto, a r. Senten\u00e7a, \u00e0 fls. ____, fixou honor\u00e1rios em R$ _______, o que corresponde a t\u00e3o somente 0,86% do valor que o Requerido confessou (R$ ______) com rela\u00e7\u00e3o ao contrato objeto da presente demanda.<\/p>\n\n\n\n<p>Verifica-se, portanto, que h\u00e1 larga disparidade entre o percentual arbitrado (0,86%) e a vontade das partes (10% a 20%).<\/p>\n\n\n\n<p>Embora, de fato, existam decis\u00f5es reiteradas no sentido de que, para a\u00e7\u00f5es da esp\u00e9cie, devam ser fixados honor\u00e1rios com base no art. 85, \u00a7 8\u00ba, do CPC\/2015, deve-se levar em considera\u00e7\u00e3o, no caso em tela, que h\u00e1 expressa disposi\u00e7\u00e3o de vontade das partes no sentido de fixa\u00e7\u00e3o com base no \u00a7 2\u00ba da mesma verba legislativa.<\/p>\n\n\n\n<p>Outrossim, mesmo que fosse desconsiderado o pacto, e aplicado o art. 85, \u00a7 8\u00ba, do CPC\/2015, tem-se que os honor\u00e1rios fixados s\u00e3o aviltantes.<\/p>\n\n\n\n<p>N\u00e3o guardam qualquer propor\u00e7\u00e3o com a import\u00e2ncia econ\u00f4mica da demanda nem com o trabalho desempenhado.<\/p>\n\n\n\n<p>O acordo judicial somente se atingiu a partir do momento em que, proposta a busca e apreens\u00e3o, os Apelados receberam a visita do Sr. Oficial de Justi\u00e7a.<\/p>\n\n\n\n<p>H\u00e1 meses encontravam-se em mora, n\u00e3o obstante as notifica\u00e7\u00f5es recebidas.<\/p>\n\n\n\n<p>Desse modo, n\u00e3o fosse o trabalho desenvolvido judicialmente, ainda hoje estariam os Apelados inadimplentes.<\/p>\n\n\n\n<p>Instados pelo processo de busca e apreens\u00e3o, os Apelados fizeram contato com os advogados da Apelante, propondo o acordo. Seguiram-se, ent\u00e3o, duas reuni\u00f5es, e houve necessidade de elabora\u00e7\u00e3o de tr\u00eas minutas at\u00e9 que se chegasse ao texto da transa\u00e7\u00e3o assinada.<\/p>\n\n\n\n<p>De se recordar, ainda, que nas a\u00e7\u00f5es de execu\u00e7\u00e3o s\u00e3o estabelecidas, para pronto pagamento, percentuais superiores \u00e0quele da r. Senten\u00e7a ora atacada, calculados sobre o montante devido (mesmo que se tome como base o art. 85, \u00a7 8\u00ba, do CPC\/2015).<\/p>\n\n\n\n<p>Se naquele caso (execu\u00e7\u00e3o) n\u00e3o h\u00e1 maior atua\u00e7\u00e3o processual do advogado, em raz\u00e3o do pagamento imediato, e ainda assim, os honor\u00e1rios guardam rela\u00e7\u00e3o com o d\u00e9bito objeto da a\u00e7\u00e3o, tamb\u00e9m nos feitos de busca e apreens\u00e3o igual crit\u00e9rio deve ser aplicado.<\/p>\n\n\n\n<p>Isto Posto, requer a intima\u00e7\u00e3o do apelado, para que, querendo, apresente suas contrarraz\u00f5es no prazo de 15 (quinze) dias, a modifica\u00e7\u00e3o da verba honor\u00e1ria arbitrada, de modo a que esta corresponda, ao menos, a dez por cento (10%) sobre o valor da causa corrigido monetariamente.<\/p>\n\n\n\n<p>Nestes termos,<\/p>\n\n\n\n<p>Pede deferimento.<\/p>\n\n\n\n<p>[Local] [data]<\/p>\n\n\n\n<p>__________________________________<\/p>\n\n\n\n<p>[Nome Advogado] &#8211; [OAB] [UF].<\/p>\n\n\n\n\n","protected":false},"excerpt":{"rendered":"<p>Separamos o modelo Apela\u00e7\u00e3o Pagamento de Honor\u00e1rios Artigo 85 do Novo CPC copie e atualize no seu banco de peti\u00e7\u00f5es com uma plataforma de qualidade para advocacia digital como a ADVBOX, tudo de forma simples e r\u00e1pida. Quer saber mais e aplicar na pr\u00e1tica uma estrat\u00e9gia de crescimento no escrit\u00f3rio? [&hellip;]<\/p>\n","protected":false},"author":2,"featured_media":29747,"parent":0,"menu_order":0,"comment_status":"closed","ping_status":"closed","template":"","meta":{"_acf_changed":false,"om_disable_all_campaigns":false,"footnotes":""},"class_list":["post-30619","page","type-page","status-publish","has-post-thumbnail","hentry"],"acf":[],"yoast_head":"<!-- This site is optimized with the Yoast SEO plugin v26.9 - https:\/\/yoast.com\/product\/yoast-seo-wordpress\/ -->\n<title>Artigo 85 CPC<\/title>\n<meta name=\"description\" content=\"Artigo 85 CPC - Peti\u00e7\u00f5es, Artigos jur\u00eddicos, jurisprud\u00eancias no site da ADVBOX.\" \/>\n<meta name=\"robots\" content=\"index, follow, max-snippet:-1, max-image-preview:large, max-video-preview:-1\" \/>\n<link rel=\"canonical\" href=\"https:\/\/advbox.com.br\/blog\/honorarios-artigo-85-cpc\/\" \/>\n<meta property=\"og:locale\" content=\"pt_BR\" \/>\n<meta property=\"og:type\" content=\"article\" \/>\n<meta property=\"og:title\" content=\"Artigo 85 CPC\" \/>\n<meta property=\"og:description\" content=\"Artigo 85 CPC - Peti\u00e7\u00f5es, Artigos jur\u00eddicos, jurisprud\u00eancias no site da ADVBOX.\" \/>\n<meta property=\"og:url\" content=\"https:\/\/advbox.com.br\/blog\/honorarios-artigo-85-cpc\/\" \/>\n<meta property=\"og:site_name\" content=\"Software Jur\u00eddico Completo - ADVBOX\" \/>\n<meta property=\"article:publisher\" content=\"https:\/\/www.facebook.com\/advbox\/\" \/>\n<meta property=\"article:modified_time\" content=\"2024-11-06T12:44:58+00:00\" \/>\n<meta property=\"og:image\" content=\"https:\/\/advbox.com.br\/blog\/wp-content\/uploads\/2021\/04\/peticao-advbox-11.jpg\" \/>\n\t<meta property=\"og:image:width\" content=\"626\" \/>\n\t<meta property=\"og:image:height\" content=\"417\" \/>\n\t<meta property=\"og:image:type\" content=\"image\/jpeg\" \/>\n<meta name=\"twitter:card\" content=\"summary_large_image\" \/>\n<meta name=\"twitter:site\" content=\"@advbox2\" \/>\n<script type=\"application\/ld+json\" class=\"yoast-schema-graph\">{\"@context\":\"https:\/\/schema.org\",\"@graph\":[{\"@type\":\"WebPage\",\"@id\":\"https:\/\/advbox.com.br\/blog\/honorarios-artigo-85-cpc\/\",\"url\":\"https:\/\/advbox.com.br\/blog\/honorarios-artigo-85-cpc\/\",\"name\":\"Artigo 85 CPC\",\"isPartOf\":{\"@id\":\"https:\/\/advbox.com.br\/blog\/#website\"},\"primaryImageOfPage\":{\"@id\":\"https:\/\/advbox.com.br\/blog\/honorarios-artigo-85-cpc\/#primaryimage\"},\"image\":{\"@id\":\"https:\/\/advbox.com.br\/blog\/honorarios-artigo-85-cpc\/#primaryimage\"},\"thumbnailUrl\":\"https:\/\/advbox.com.br\/blog\/wp-content\/uploads\/2021\/04\/peticao-advbox-11.jpg\",\"datePublished\":\"2021-05-01T01:08:04+00:00\",\"dateModified\":\"2024-11-06T12:44:58+00:00\",\"description\":\"Artigo 85 CPC - Peti\u00e7\u00f5es, Artigos jur\u00eddicos, jurisprud\u00eancias no site da ADVBOX.\",\"breadcrumb\":{\"@id\":\"https:\/\/advbox.com.br\/blog\/honorarios-artigo-85-cpc\/#breadcrumb\"},\"inLanguage\":\"pt-BR\",\"potentialAction\":[{\"@type\":\"ReadAction\",\"target\":[\"https:\/\/advbox.com.br\/blog\/honorarios-artigo-85-cpc\/\"]}]},{\"@type\":\"ImageObject\",\"inLanguage\":\"pt-BR\",\"@id\":\"https:\/\/advbox.com.br\/blog\/honorarios-artigo-85-cpc\/#primaryimage\",\"url\":\"https:\/\/advbox.com.br\/blog\/wp-content\/uploads\/2021\/04\/peticao-advbox-11.jpg\",\"contentUrl\":\"https:\/\/advbox.com.br\/blog\/wp-content\/uploads\/2021\/04\/peticao-advbox-11.jpg\",\"width\":626,\"height\":417,\"caption\":\"Software Jur\u00eddico da Advocacia Digital\"},{\"@type\":\"BreadcrumbList\",\"@id\":\"https:\/\/advbox.com.br\/blog\/honorarios-artigo-85-cpc\/#breadcrumb\",\"itemListElement\":[{\"@type\":\"ListItem\",\"position\":1,\"name\":\"In\u00edcio\",\"item\":\"https:\/\/advbox.com.br\/blog\/\"},{\"@type\":\"ListItem\",\"position\":2,\"name\":\"Artigo 85 CPC\"}]},{\"@type\":\"WebSite\",\"@id\":\"https:\/\/advbox.com.br\/blog\/#website\",\"url\":\"https:\/\/advbox.com.br\/blog\/\",\"name\":\"Software Jur\u00eddico Completo - ADVBOX\",\"description\":\"Plataforma para Advocacia Digital\",\"publisher\":{\"@id\":\"https:\/\/advbox.com.br\/blog\/#organization\"},\"potentialAction\":[{\"@type\":\"SearchAction\",\"target\":{\"@type\":\"EntryPoint\",\"urlTemplate\":\"https:\/\/advbox.com.br\/blog\/?s={search_term_string}\"},\"query-input\":{\"@type\":\"PropertyValueSpecification\",\"valueRequired\":true,\"valueName\":\"search_term_string\"}}],\"inLanguage\":\"pt-BR\"},{\"@type\":\"Organization\",\"@id\":\"https:\/\/advbox.com.br\/blog\/#organization\",\"name\":\"ADVBOX Blog - Software jur\u00eddico da advocacia digital\",\"url\":\"https:\/\/advbox.com.br\/blog\/\",\"logo\":{\"@type\":\"ImageObject\",\"inLanguage\":\"pt-BR\",\"@id\":\"https:\/\/advbox.com.br\/blog\/#\/schema\/logo\/image\/\",\"url\":\"https:\/\/advbox.com.br\/blog\/wp-content\/uploads\/2019\/12\/Como-aumentar-a-produtividade_.jpg\",\"contentUrl\":\"https:\/\/advbox.com.br\/blog\/wp-content\/uploads\/2019\/12\/Como-aumentar-a-produtividade_.jpg\",\"width\":320,\"height\":213,\"caption\":\"ADVBOX Blog - Software jur\u00eddico da advocacia digital\"},\"image\":{\"@id\":\"https:\/\/advbox.com.br\/blog\/#\/schema\/logo\/image\/\"},\"sameAs\":[\"https:\/\/www.facebook.com\/advbox\/\",\"https:\/\/x.com\/advbox2\"]}]}<\/script>\n<!-- \/ Yoast SEO plugin. -->","yoast_head_json":{"title":"Artigo 85 CPC","description":"Artigo 85 CPC - Peti\u00e7\u00f5es, Artigos jur\u00eddicos, jurisprud\u00eancias no site da ADVBOX.","robots":{"index":"index","follow":"follow","max-snippet":"max-snippet:-1","max-image-preview":"max-image-preview:large","max-video-preview":"max-video-preview:-1"},"canonical":"https:\/\/advbox.com.br\/blog\/honorarios-artigo-85-cpc\/","og_locale":"pt_BR","og_type":"article","og_title":"Artigo 85 CPC","og_description":"Artigo 85 CPC - Peti\u00e7\u00f5es, Artigos jur\u00eddicos, jurisprud\u00eancias no site da ADVBOX.","og_url":"https:\/\/advbox.com.br\/blog\/honorarios-artigo-85-cpc\/","og_site_name":"Software Jur\u00eddico Completo - ADVBOX","article_publisher":"https:\/\/www.facebook.com\/advbox\/","article_modified_time":"2024-11-06T12:44:58+00:00","og_image":[{"width":626,"height":417,"url":"https:\/\/advbox.com.br\/blog\/wp-content\/uploads\/2021\/04\/peticao-advbox-11.jpg","type":"image\/jpeg"}],"twitter_card":"summary_large_image","twitter_site":"@advbox2","schema":{"@context":"https:\/\/schema.org","@graph":[{"@type":"WebPage","@id":"https:\/\/advbox.com.br\/blog\/honorarios-artigo-85-cpc\/","url":"https:\/\/advbox.com.br\/blog\/honorarios-artigo-85-cpc\/","name":"Artigo 85 CPC","isPartOf":{"@id":"https:\/\/advbox.com.br\/blog\/#website"},"primaryImageOfPage":{"@id":"https:\/\/advbox.com.br\/blog\/honorarios-artigo-85-cpc\/#primaryimage"},"image":{"@id":"https:\/\/advbox.com.br\/blog\/honorarios-artigo-85-cpc\/#primaryimage"},"thumbnailUrl":"https:\/\/advbox.com.br\/blog\/wp-content\/uploads\/2021\/04\/peticao-advbox-11.jpg","datePublished":"2021-05-01T01:08:04+00:00","dateModified":"2024-11-06T12:44:58+00:00","description":"Artigo 85 CPC - Peti\u00e7\u00f5es, Artigos jur\u00eddicos, jurisprud\u00eancias no site da ADVBOX.","breadcrumb":{"@id":"https:\/\/advbox.com.br\/blog\/honorarios-artigo-85-cpc\/#breadcrumb"},"inLanguage":"pt-BR","potentialAction":[{"@type":"ReadAction","target":["https:\/\/advbox.com.br\/blog\/honorarios-artigo-85-cpc\/"]}]},{"@type":"ImageObject","inLanguage":"pt-BR","@id":"https:\/\/advbox.com.br\/blog\/honorarios-artigo-85-cpc\/#primaryimage","url":"https:\/\/advbox.com.br\/blog\/wp-content\/uploads\/2021\/04\/peticao-advbox-11.jpg","contentUrl":"https:\/\/advbox.com.br\/blog\/wp-content\/uploads\/2021\/04\/peticao-advbox-11.jpg","width":626,"height":417,"caption":"Software Jur\u00eddico da Advocacia Digital"},{"@type":"BreadcrumbList","@id":"https:\/\/advbox.com.br\/blog\/honorarios-artigo-85-cpc\/#breadcrumb","itemListElement":[{"@type":"ListItem","position":1,"name":"In\u00edcio","item":"https:\/\/advbox.com.br\/blog\/"},{"@type":"ListItem","position":2,"name":"Artigo 85 CPC"}]},{"@type":"WebSite","@id":"https:\/\/advbox.com.br\/blog\/#website","url":"https:\/\/advbox.com.br\/blog\/","name":"Software Jur\u00eddico Completo - ADVBOX","description":"Plataforma para Advocacia Digital","publisher":{"@id":"https:\/\/advbox.com.br\/blog\/#organization"},"potentialAction":[{"@type":"SearchAction","target":{"@type":"EntryPoint","urlTemplate":"https:\/\/advbox.com.br\/blog\/?s={search_term_string}"},"query-input":{"@type":"PropertyValueSpecification","valueRequired":true,"valueName":"search_term_string"}}],"inLanguage":"pt-BR"},{"@type":"Organization","@id":"https:\/\/advbox.com.br\/blog\/#organization","name":"ADVBOX Blog - Software jur\u00eddico da advocacia digital","url":"https:\/\/advbox.com.br\/blog\/","logo":{"@type":"ImageObject","inLanguage":"pt-BR","@id":"https:\/\/advbox.com.br\/blog\/#\/schema\/logo\/image\/","url":"https:\/\/advbox.com.br\/blog\/wp-content\/uploads\/2019\/12\/Como-aumentar-a-produtividade_.jpg","contentUrl":"https:\/\/advbox.com.br\/blog\/wp-content\/uploads\/2019\/12\/Como-aumentar-a-produtividade_.jpg","width":320,"height":213,"caption":"ADVBOX Blog - Software jur\u00eddico da advocacia digital"},"image":{"@id":"https:\/\/advbox.com.br\/blog\/#\/schema\/logo\/image\/"},"sameAs":["https:\/\/www.facebook.com\/advbox\/","https:\/\/x.com\/advbox2"]}]}},"_links":{"self":[{"href":"https:\/\/advbox.com.br\/blog\/wp-json\/wp\/v2\/pages\/30619","targetHints":{"allow":["GET"]}}],"collection":[{"href":"https:\/\/advbox.com.br\/blog\/wp-json\/wp\/v2\/pages"}],"about":[{"href":"https:\/\/advbox.com.br\/blog\/wp-json\/wp\/v2\/types\/page"}],"author":[{"embeddable":true,"href":"https:\/\/advbox.com.br\/blog\/wp-json\/wp\/v2\/users\/2"}],"replies":[{"embeddable":true,"href":"https:\/\/advbox.com.br\/blog\/wp-json\/wp\/v2\/comments?post=30619"}],"version-history":[{"count":3,"href":"https:\/\/advbox.com.br\/blog\/wp-json\/wp\/v2\/pages\/30619\/revisions"}],"predecessor-version":[{"id":68808,"href":"https:\/\/advbox.com.br\/blog\/wp-json\/wp\/v2\/pages\/30619\/revisions\/68808"}],"wp:featuredmedia":[{"embeddable":true,"href":"https:\/\/advbox.com.br\/blog\/wp-json\/wp\/v2\/media\/29747"}],"wp:attachment":[{"href":"https:\/\/advbox.com.br\/blog\/wp-json\/wp\/v2\/media?parent=30619"}],"curies":[{"name":"wp","href":"https:\/\/api.w.org\/{rel}","templated":true}]}}