{"id":38698,"date":"2021-11-11T12:00:00","date_gmt":"2021-11-11T14:00:00","guid":{"rendered":"https:\/\/advbox.com.br\/blog\/?page_id=38698"},"modified":"2024-08-23T10:49:30","modified_gmt":"2024-08-23T13:49:30","slug":"tutela-cautelar","status":"publish","type":"page","link":"https:\/\/advbox.com.br\/blog\/tutela-cautelar\/","title":{"rendered":"Tutela cautelar: veja tudo o que voc\u00ea precisa saber aqui!"},"content":{"rendered":"<p>Na atua\u00e7\u00e3o pr\u00e1tica da advocacia, o advogado pode se deparar com uma tutela cautelar ou outro tipo de tutela provis\u00f3ria prevista em lei. Elas podem ser muito comuns em processos judiciais. Logo, \u00e9 essencial que o advogado processualista as conhe\u00e7a e saiba quando cada uma delas deve ser aplicada.<\/p><p>Embora n\u00e3o seja complicado de entender sobre as tutelas provis\u00f3rias, cada uma delas possui regras espec\u00edficas em rela\u00e7\u00e3o ao seu funcionamento.\u00a0<\/p><p>Nesse artigo, voc\u00ea aprender\u00e1 sobre a tutela cautelar. Continue a leitura e veja v\u00e1rias informa\u00e7\u00f5es valiosas sobre esse tipo de tutela provis\u00f3ria!<\/p><h2 class=\"wp-block-heading\">O que \u00e9 uma tutela provis\u00f3ria?<\/h2><p>A tutela provis\u00f3ria \u00e9 uma tutela n\u00e3o definitiva. Ou seja, \u00e9 uma decis\u00e3o proferida por um juiz que possui car\u00e1ter n\u00e3o definitivo, n\u00e3o sendo uma senten\u00e7a. Ela \u00e9 sum\u00e1ria por ser fundada em um exame menos aprofundado do caso. N\u00e3o \u00e9 necess\u00e1rio ter um ju\u00edzo de certeza, apenas um ju\u00edzo de probabilidade.\u00a0<\/p><p>Al\u00e9m disso, ela n\u00e3o \u00e9 definitiva, pois pode ser revogada ou alterada em qualquer tempo no decorrer do processo. Isso significa que ela n\u00e3o dura eternamente e pode ser substitu\u00edda por outra tutela.\u00a0<\/p><p>Uma <a href=\"https:\/\/advbox.com.br\/blog\/antecipacao-de-tutela\/\" target=\"_blank\" rel=\"noreferrer noopener\" target=\"_blank\"><strong>tutela provis\u00f3ria<\/strong><\/a> pode ser de duas esp\u00e9cies. Ela pode ser tutela de urg\u00eancia, quando h\u00e1 perigo na demora, ou tutela de evid\u00eancia, quando n\u00e3o h\u00e1 esse perigo.\u00a0<\/p><p>No caso da tutela de urg\u00eancia, ela pode ser antecedente ou incidental. Ademais, ela pode ser cautelar ou antecipada. A tutela provis\u00f3ria que ser\u00e1 estudada nesse artigo \u00e9 a tutela provis\u00f3ria de urg\u00eancia cautelar.\u00a0<\/p><h2 class=\"wp-block-heading\">O que \u00e9 uma tutela de urg\u00eancia?<\/h2><p>A tutela de urg\u00eancia, ent\u00e3o, \u00e9 um dos dois tipos de tutela provis\u00f3ria prevista no <a href=\"https:\/\/advbox.com.br\/blog\/novo-codigo-de-processo-civil\/\" target=\"_blank\" rel=\"noreferrer noopener\" target=\"_blank\"><strong>C\u00f3digo de Processo Civil<\/strong><\/a><strong> <\/strong>(CPC). Ela pode ser definida como um pedido feito ao julgador de um processo, cujo objetivo \u00e9 pedir para ele decidir sobre algum assunto urgente no caso apresentado ao <a href=\"https:\/\/advbox.com.br\/blog\/estrutura-do-poder-judiciario\/\" target=\"_blank\" rel=\"noreferrer noopener\" target=\"_blank\"><strong>poder judici\u00e1rio<\/strong><\/a>.\u00a0\u00a0<\/p><p>Essa esp\u00e9cie de medida judicial est\u00e1 prevista entre os artigos 300 e 310 do <a href=\"http:\/\/www.planalto.gov.br\/ccivil_03\/_ato2015-2018\/2015\/lei\/l13105.htm\" target=\"_blank\" rel=\"noreferrer noopener\" target=\"_blank\"><strong>CPC<\/strong><\/a>. Conforme comentado, a outra esp\u00e9cie de tutela provis\u00f3ria \u00e9 a tutela de evid\u00eancia. Ainda, foi-lhe dito que a tutela de urg\u00eancia pode ser dividida em duas categorias: a antecipada e a cautelar.\u00a0<\/p><h2 class=\"wp-block-heading\">Para que serve uma tutela de urg\u00eancia?<\/h2><p>O cabimento da tutela de urg\u00eancia est\u00e1 apresentado no artigo 300 do CPC:<\/p><p><strong><em>Art. 300. A tutela de urg\u00eancia ser\u00e1 concedida quando houver elementos que evidenciem a probabilidade do direito e o perigo de dano ou o risco ao resultado \u00fatil do processo.<\/em><\/strong><\/p><p>Sendo assim, essa esp\u00e9cie de tutela visa solicitar a delibera\u00e7\u00e3o do julgador sobre algum assunto urgente, o qual precisa ser resolvido com a m\u00e1xima rapidez antes do fim do processo, sob o risco de dano irrevers\u00edvel ou possibilidade de extin\u00e7\u00e3o do objeto do lit\u00edgio.\u00a0<\/p><p>Um exemplo pode tornar o entendimento mais simples. Imagine que Jo\u00e3o descobriu que possui um tumor e precisa realizar uma cirurgia com urg\u00eancia, sob o risco de vir a \u00f3bito.\u00a0<\/p><p>Ao procurar um hospital, a institui\u00e7\u00e3o se nega a fazer o procedimento. A partir desse momento, ele poder\u00e1 entrar com um pedido de tutela de urg\u00eancia para obrigar o hospital a realizar a cirurgia.\u00a0<\/p><p>Conforme o exposto, a tutela de urg\u00eancia \u00e9 utilizada apenas quando \u00e9 poss\u00edvel provar que existe o risco de dano irrepar\u00e1vel, principalmente se a parte tiver que esperar todo o tr\u00e2mite processual para ver o seu pedido ser atendido.\u00a0<\/p><h2 class=\"wp-block-heading\">O que \u00e9 uma tutela cautelar?<\/h2><p>A tutela de urg\u00eancia cautelar, tamb\u00e9m chamada simplesmente como tutela cautelar, \u00e9 uma medida que visa garantir o \u00eaxito do processo principal. Desse modo, ela pode assegurar a efic\u00e1cia do resultado da a\u00e7\u00e3o e evitar que este n\u00e3o se torne in\u00fatil pela demora.\u00a0<\/p><p>A cautelar \u00e9 um ato judicial que, ao mesmo tempo, declara algum interesse e o satisfaz temporariamente. Desse modo, ela pode ser determinada como uma tutela definitiva n\u00e3o satisfativa com efeitos antecip\u00e1veis. Seu objetivo \u00e9 preservar os efeitos da tutela definitiva satisfativa.\u00a0<\/p><p>Ademais, a tutela cautelar pode ser proposta antes da a\u00e7\u00e3o principal, sendo preparat\u00f3ria, ou durante o desenvolvimento da a\u00e7\u00e3o principal, sendo incidental.\u00a0<\/p><p>Esse tipo de tutela tem como caracter\u00edsticas: acessoriedade, autonomia, urg\u00eancia, provisoriedade, revogabilidade, perda da efic\u00e1cia e sumariedade.\u00a0<\/p><p>Conforme o artigo 301 do CPC, para permitir que ela seja cumprida, \u00e9 permitido utilizar-se de solu\u00e7\u00f5es como o arresto, sequestro, arrolamento de bens, dentre outros, para que o direito seja assegurado. Veja:<\/p><p><em>Art. 301. A tutela de urg\u00eancia de natureza cautelar pode ser efetivada mediante arresto, sequestro, arrolamento de bens, registro de protesto contra aliena\u00e7\u00e3o de bem e qualquer outra medida id\u00f4nea para assegura\u00e7\u00e3o do direito.<\/em><\/p><p>Isso significa que existem meios legais para garantir que o direito concedido por meio de tutela cautelar seja efetivado o mais r\u00e1pido poss\u00edvel.<\/p><h2 class=\"wp-block-heading\">Qual \u00e9 a finalidade da tutela cautelar?<\/h2><p>A tutela cautelar deve ser pedida com o intuito de conservar ou assegurar o direito do autor, prevenindo-se, assim, algum dano ou garantindo o resultado do processo.\u00a0<\/p><p>Ela se difere da tutela antecipada porque esta, ao contr\u00e1rio da primeira, tem como intuito realizar o pedido do direito, antecipando total ou parcialmente o pr\u00f3prio pedido principal feito no processo.\u00a0<\/p><h2 class=\"wp-block-heading\">Quais s\u00e3o os requisitos para a concess\u00e3o da tutela cautelar?<\/h2><p>Para a tutela cautelar ser concedida, o ordenamento jur\u00eddico exige a presen\u00e7a de dois requisitos. S\u00e3o eles: a fuma\u00e7a do bom direito (<em>fumus boni iuris<\/em>) e o perigo na demora (<em>periculum in mora<\/em>). Desse modo, estando presente esses dois requisitos, a tutela cautelar pode ser solicitada.\u00a0<\/p><h2 class=\"wp-block-heading\">Qual \u00e9 a diferen\u00e7a entre tutela antecipada e tutela cautelar?<\/h2><p>A tutela de urg\u00eancia pode ser dividida em tutela cautelar e tutela antecipada, conforme demonstrado. Elas possuem diferen\u00e7as, as quais precisam ser conhecidas por todo advogado.\u00a0<\/p><p>A tutela antecipada \u00e9 utilizada para acelerar os efeitos da senten\u00e7a final de um processo judicial, propiciando ao autor do caso a ter acesso aos seus direitos antes do t\u00e9rmino da a\u00e7\u00e3o.<\/p><p>Por sua vez, a tutela cautelar busca assegurar o direito da parte, possibilitando que ela procure o direito que busca no final da a\u00e7\u00e3o judicial.\u00a0\u00a0<\/p><p>Sendo assim, a tutela de urg\u00eancia antecipada sempre pedir\u00e1 os mesmos direitos que se pede no processo. Em uma a\u00e7\u00e3o de guarda e <a href=\"https:\/\/advbox.com.br\/blog\/modelos\/processual-pensao-alimenticia\/\" target=\"_blank\" rel=\"noreferrer noopener\" target=\"_blank\"><strong>pens\u00e3o aliment\u00edcia<\/strong><\/a>, por exemplo, a tutela antecipada \u00e9 solicitada para pedir a antecipa\u00e7\u00e3o do pagamento dos alimentos antes do processo terminar, mesmo que esse seja o pedido principal da a\u00e7\u00e3o.<\/p><p>Por outro lado, a tutela cautelar \u00e9 pedida para assegurar algum direito ou algo importante para o processo. Em uma situa\u00e7\u00e3o pr\u00e1tica, ela pode ser utilizada para pedir que uma <a href=\"https:\/\/advbox.com.br\/blog\/modelos\/previdenciario-peticao-apresentacao-rol-de-testemunhas\/\" target=\"_blank\" rel=\"noreferrer noopener\" target=\"_blank\"><strong>testemunha<\/strong><\/a> d\u00ea o seu testemunho antecipadamente, de modo a assegurar que o depoimento seja realizado para comprovar o direito da parte.\u00a0<\/p><p>Aprender sobre tutela provis\u00f3ria, embora n\u00e3o seja complicado, exige aten\u00e7\u00e3o, visto que existem diversas esp\u00e9cies. A tutela cautelar \u00e9 apenas uma delas, sendo uma tutela de urg\u00eancia concedida para evitar risco de dano, visto que a demora na sua concess\u00e3o pode ser perigosa para a parte.\u00a0N\u00e3o saia do blog e continue aprendendo! Veja agora <a href=\"https:\/\/advbox.com.br\/blog\/impugnacao-ao-cumprimento-de-sentenca\/\" target=\"_blank\" rel=\"noreferrer noopener\" target=\"_blank\"><strong>o que \u00e9 e como funciona a impugna\u00e7\u00e3o ao cumprimento de senten\u00e7a!<\/strong><\/a><\/p><figure class=\"wp-block-image size-large\"><a href=\"https:\/\/advbox.com.br\/cadastro\/\" target=\"_blank\"><img fetchpriority=\"high\" decoding=\"async\" width=\"1024\" height=\"309\" src=\"https:\/\/advbox.com.br\/blog\/wp-content\/uploads\/2018\/08\/cta-nova-trial-1024x309.png\" alt=\"\" class=\"wp-image-15975\" srcset=\"https:\/\/advbox.com.br\/blog\/wp-content\/uploads\/2018\/08\/cta-nova-trial.png 1024w, https:\/\/advbox.com.br\/blog\/wp-content\/uploads\/2018\/08\/cta-nova-trial-300x91.png 300w, https:\/\/advbox.com.br\/blog\/wp-content\/uploads\/2018\/08\/cta-nova-trial-768x232.png 768w\" sizes=\"(max-width: 1024px) 100vw, 1024px\" \/><\/a><\/figure>\n","protected":false},"excerpt":{"rendered":"<p>Na atua\u00e7\u00e3o pr\u00e1tica da advocacia, o advogado pode se deparar com uma tutela cautelar ou outro tipo de tutela provis\u00f3ria prevista em lei. Elas podem ser muito comuns em processos judiciais. Logo, \u00e9 essencial que o advogado processualista as conhe\u00e7a e saiba quando cada uma delas deve ser aplicada. Embora [&hellip;]<\/p>\n","protected":false},"author":43,"featured_media":38702,"parent":0,"menu_order":0,"comment_status":"closed","ping_status":"closed","template":"","meta":{"_acf_changed":false,"om_disable_all_campaigns":false,"footnotes":""},"class_list":["post-38698","page","type-page","status-publish","has-post-thumbnail","hentry"],"acf":[],"yoast_head":"<!-- This site is optimized with the Yoast SEO plugin v26.9 - https:\/\/yoast.com\/product\/yoast-seo-wordpress\/ -->\n<title>Tutela cautelar: veja tudo o que voc\u00ea precisa saber aqui!<\/title>\n<meta name=\"description\" content=\"Tutela cautelar: veja tudo o que voc\u00ea precisa saber aqui! - Peti\u00e7\u00f5es, Artigos jur\u00eddicos, jurisprud\u00eancias no site da ADVBOX.\" \/>\n<meta name=\"robots\" content=\"index, follow, max-snippet:-1, max-image-preview:large, max-video-preview:-1\" \/>\n<link rel=\"canonical\" href=\"https:\/\/advbox.com.br\/blog\/tutela-cautelar\/\" \/>\n<meta property=\"og:locale\" content=\"pt_BR\" \/>\n<meta property=\"og:type\" content=\"article\" \/>\n<meta property=\"og:title\" content=\"Tutela cautelar: veja tudo o que voc\u00ea precisa saber aqui!\" \/>\n<meta property=\"og:description\" content=\"Tutela cautelar: veja tudo o que voc\u00ea precisa saber aqui! - Peti\u00e7\u00f5es, Artigos jur\u00eddicos, jurisprud\u00eancias no site da ADVBOX.\" \/>\n<meta property=\"og:url\" content=\"https:\/\/advbox.com.br\/blog\/tutela-cautelar\/\" \/>\n<meta property=\"og:site_name\" content=\"Software Jur\u00eddico Completo - ADVBOX\" \/>\n<meta property=\"article:publisher\" content=\"https:\/\/www.facebook.com\/advbox\/\" \/>\n<meta property=\"article:modified_time\" content=\"2024-08-23T13:49:30+00:00\" \/>\n<meta property=\"og:image\" content=\"https:\/\/advbox.com.br\/blog\/wp-content\/uploads\/2021\/11\/tutela-cautelar-de-urge\u0302ncia.jpg\" \/>\n\t<meta property=\"og:image:width\" content=\"640\" \/>\n\t<meta property=\"og:image:height\" content=\"426\" \/>\n\t<meta property=\"og:image:type\" content=\"image\/jpeg\" \/>\n<meta name=\"twitter:card\" content=\"summary_large_image\" \/>\n<meta name=\"twitter:site\" content=\"@advbox2\" \/>\n<script type=\"application\/ld+json\" class=\"yoast-schema-graph\">{\"@context\":\"https:\/\/schema.org\",\"@graph\":[{\"@type\":\"WebPage\",\"@id\":\"https:\/\/advbox.com.br\/blog\/tutela-cautelar\/\",\"url\":\"https:\/\/advbox.com.br\/blog\/tutela-cautelar\/\",\"name\":\"Tutela cautelar: veja tudo o que voc\u00ea precisa saber aqui!\",\"isPartOf\":{\"@id\":\"https:\/\/advbox.com.br\/blog\/#website\"},\"primaryImageOfPage\":{\"@id\":\"https:\/\/advbox.com.br\/blog\/tutela-cautelar\/#primaryimage\"},\"image\":{\"@id\":\"https:\/\/advbox.com.br\/blog\/tutela-cautelar\/#primaryimage\"},\"thumbnailUrl\":\"https:\/\/advbox.com.br\/blog\/wp-content\/uploads\/2021\/11\/tutela-cautelar-de-urge\u0302ncia.jpg\",\"datePublished\":\"2021-11-11T14:00:00+00:00\",\"dateModified\":\"2024-08-23T13:49:30+00:00\",\"description\":\"Tutela cautelar: veja tudo o que voc\u00ea precisa saber aqui! - Peti\u00e7\u00f5es, Artigos jur\u00eddicos, jurisprud\u00eancias no site da ADVBOX.\",\"breadcrumb\":{\"@id\":\"https:\/\/advbox.com.br\/blog\/tutela-cautelar\/#breadcrumb\"},\"inLanguage\":\"pt-BR\",\"potentialAction\":[{\"@type\":\"ReadAction\",\"target\":[\"https:\/\/advbox.com.br\/blog\/tutela-cautelar\/\"]}]},{\"@type\":\"ImageObject\",\"inLanguage\":\"pt-BR\",\"@id\":\"https:\/\/advbox.com.br\/blog\/tutela-cautelar\/#primaryimage\",\"url\":\"https:\/\/advbox.com.br\/blog\/wp-content\/uploads\/2021\/11\/tutela-cautelar-de-urge\u0302ncia.jpg\",\"contentUrl\":\"https:\/\/advbox.com.br\/blog\/wp-content\/uploads\/2021\/11\/tutela-cautelar-de-urge\u0302ncia.jpg\",\"width\":640,\"height\":426,\"caption\":\"Tutela cautelar - foto de um rel\u00f3gio ao lado de um laptop\"},{\"@type\":\"BreadcrumbList\",\"@id\":\"https:\/\/advbox.com.br\/blog\/tutela-cautelar\/#breadcrumb\",\"itemListElement\":[{\"@type\":\"ListItem\",\"position\":1,\"name\":\"In\u00edcio\",\"item\":\"https:\/\/advbox.com.br\/blog\/\"},{\"@type\":\"ListItem\",\"position\":2,\"name\":\"Tutela cautelar: veja tudo o que voc\u00ea precisa saber aqui!\"}]},{\"@type\":\"WebSite\",\"@id\":\"https:\/\/advbox.com.br\/blog\/#website\",\"url\":\"https:\/\/advbox.com.br\/blog\/\",\"name\":\"Software Jur\u00eddico Completo - ADVBOX\",\"description\":\"Plataforma para Advocacia Digital\",\"publisher\":{\"@id\":\"https:\/\/advbox.com.br\/blog\/#organization\"},\"potentialAction\":[{\"@type\":\"SearchAction\",\"target\":{\"@type\":\"EntryPoint\",\"urlTemplate\":\"https:\/\/advbox.com.br\/blog\/?s={search_term_string}\"},\"query-input\":{\"@type\":\"PropertyValueSpecification\",\"valueRequired\":true,\"valueName\":\"search_term_string\"}}],\"inLanguage\":\"pt-BR\"},{\"@type\":\"Organization\",\"@id\":\"https:\/\/advbox.com.br\/blog\/#organization\",\"name\":\"ADVBOX Blog - Software jur\u00eddico da advocacia digital\",\"url\":\"https:\/\/advbox.com.br\/blog\/\",\"logo\":{\"@type\":\"ImageObject\",\"inLanguage\":\"pt-BR\",\"@id\":\"https:\/\/advbox.com.br\/blog\/#\/schema\/logo\/image\/\",\"url\":\"https:\/\/advbox.com.br\/blog\/wp-content\/uploads\/2019\/12\/Como-aumentar-a-produtividade_.jpg\",\"contentUrl\":\"https:\/\/advbox.com.br\/blog\/wp-content\/uploads\/2019\/12\/Como-aumentar-a-produtividade_.jpg\",\"width\":320,\"height\":213,\"caption\":\"ADVBOX Blog - Software jur\u00eddico da advocacia digital\"},\"image\":{\"@id\":\"https:\/\/advbox.com.br\/blog\/#\/schema\/logo\/image\/\"},\"sameAs\":[\"https:\/\/www.facebook.com\/advbox\/\",\"https:\/\/x.com\/advbox2\"]}]}<\/script>\n<!-- \/ Yoast SEO plugin. -->","yoast_head_json":{"title":"Tutela cautelar: veja tudo o que voc\u00ea precisa saber aqui!","description":"Tutela cautelar: veja tudo o que voc\u00ea precisa saber aqui! - Peti\u00e7\u00f5es, Artigos jur\u00eddicos, jurisprud\u00eancias no site da ADVBOX.","robots":{"index":"index","follow":"follow","max-snippet":"max-snippet:-1","max-image-preview":"max-image-preview:large","max-video-preview":"max-video-preview:-1"},"canonical":"https:\/\/advbox.com.br\/blog\/tutela-cautelar\/","og_locale":"pt_BR","og_type":"article","og_title":"Tutela cautelar: veja tudo o que voc\u00ea precisa saber aqui!","og_description":"Tutela cautelar: veja tudo o que voc\u00ea precisa saber aqui! - Peti\u00e7\u00f5es, Artigos jur\u00eddicos, jurisprud\u00eancias no site da ADVBOX.","og_url":"https:\/\/advbox.com.br\/blog\/tutela-cautelar\/","og_site_name":"Software Jur\u00eddico Completo - ADVBOX","article_publisher":"https:\/\/www.facebook.com\/advbox\/","article_modified_time":"2024-08-23T13:49:30+00:00","og_image":[{"width":640,"height":426,"url":"https:\/\/advbox.com.br\/blog\/wp-content\/uploads\/2021\/11\/tutela-cautelar-de-urge\u0302ncia.jpg","type":"image\/jpeg"}],"twitter_card":"summary_large_image","twitter_site":"@advbox2","schema":{"@context":"https:\/\/schema.org","@graph":[{"@type":"WebPage","@id":"https:\/\/advbox.com.br\/blog\/tutela-cautelar\/","url":"https:\/\/advbox.com.br\/blog\/tutela-cautelar\/","name":"Tutela cautelar: veja tudo o que voc\u00ea precisa saber aqui!","isPartOf":{"@id":"https:\/\/advbox.com.br\/blog\/#website"},"primaryImageOfPage":{"@id":"https:\/\/advbox.com.br\/blog\/tutela-cautelar\/#primaryimage"},"image":{"@id":"https:\/\/advbox.com.br\/blog\/tutela-cautelar\/#primaryimage"},"thumbnailUrl":"https:\/\/advbox.com.br\/blog\/wp-content\/uploads\/2021\/11\/tutela-cautelar-de-urge\u0302ncia.jpg","datePublished":"2021-11-11T14:00:00+00:00","dateModified":"2024-08-23T13:49:30+00:00","description":"Tutela cautelar: veja tudo o que voc\u00ea precisa saber aqui! - Peti\u00e7\u00f5es, Artigos jur\u00eddicos, jurisprud\u00eancias no site da ADVBOX.","breadcrumb":{"@id":"https:\/\/advbox.com.br\/blog\/tutela-cautelar\/#breadcrumb"},"inLanguage":"pt-BR","potentialAction":[{"@type":"ReadAction","target":["https:\/\/advbox.com.br\/blog\/tutela-cautelar\/"]}]},{"@type":"ImageObject","inLanguage":"pt-BR","@id":"https:\/\/advbox.com.br\/blog\/tutela-cautelar\/#primaryimage","url":"https:\/\/advbox.com.br\/blog\/wp-content\/uploads\/2021\/11\/tutela-cautelar-de-urge\u0302ncia.jpg","contentUrl":"https:\/\/advbox.com.br\/blog\/wp-content\/uploads\/2021\/11\/tutela-cautelar-de-urge\u0302ncia.jpg","width":640,"height":426,"caption":"Tutela cautelar - foto de um rel\u00f3gio ao lado de um laptop"},{"@type":"BreadcrumbList","@id":"https:\/\/advbox.com.br\/blog\/tutela-cautelar\/#breadcrumb","itemListElement":[{"@type":"ListItem","position":1,"name":"In\u00edcio","item":"https:\/\/advbox.com.br\/blog\/"},{"@type":"ListItem","position":2,"name":"Tutela cautelar: veja tudo o que voc\u00ea precisa saber aqui!"}]},{"@type":"WebSite","@id":"https:\/\/advbox.com.br\/blog\/#website","url":"https:\/\/advbox.com.br\/blog\/","name":"Software Jur\u00eddico Completo - ADVBOX","description":"Plataforma para Advocacia Digital","publisher":{"@id":"https:\/\/advbox.com.br\/blog\/#organization"},"potentialAction":[{"@type":"SearchAction","target":{"@type":"EntryPoint","urlTemplate":"https:\/\/advbox.com.br\/blog\/?s={search_term_string}"},"query-input":{"@type":"PropertyValueSpecification","valueRequired":true,"valueName":"search_term_string"}}],"inLanguage":"pt-BR"},{"@type":"Organization","@id":"https:\/\/advbox.com.br\/blog\/#organization","name":"ADVBOX Blog - Software jur\u00eddico da advocacia digital","url":"https:\/\/advbox.com.br\/blog\/","logo":{"@type":"ImageObject","inLanguage":"pt-BR","@id":"https:\/\/advbox.com.br\/blog\/#\/schema\/logo\/image\/","url":"https:\/\/advbox.com.br\/blog\/wp-content\/uploads\/2019\/12\/Como-aumentar-a-produtividade_.jpg","contentUrl":"https:\/\/advbox.com.br\/blog\/wp-content\/uploads\/2019\/12\/Como-aumentar-a-produtividade_.jpg","width":320,"height":213,"caption":"ADVBOX Blog - Software jur\u00eddico da advocacia digital"},"image":{"@id":"https:\/\/advbox.com.br\/blog\/#\/schema\/logo\/image\/"},"sameAs":["https:\/\/www.facebook.com\/advbox\/","https:\/\/x.com\/advbox2"]}]}},"_links":{"self":[{"href":"https:\/\/advbox.com.br\/blog\/wp-json\/wp\/v2\/pages\/38698","targetHints":{"allow":["GET"]}}],"collection":[{"href":"https:\/\/advbox.com.br\/blog\/wp-json\/wp\/v2\/pages"}],"about":[{"href":"https:\/\/advbox.com.br\/blog\/wp-json\/wp\/v2\/types\/page"}],"author":[{"embeddable":true,"href":"https:\/\/advbox.com.br\/blog\/wp-json\/wp\/v2\/users\/43"}],"replies":[{"embeddable":true,"href":"https:\/\/advbox.com.br\/blog\/wp-json\/wp\/v2\/comments?post=38698"}],"version-history":[{"count":2,"href":"https:\/\/advbox.com.br\/blog\/wp-json\/wp\/v2\/pages\/38698\/revisions"}],"predecessor-version":[{"id":65420,"href":"https:\/\/advbox.com.br\/blog\/wp-json\/wp\/v2\/pages\/38698\/revisions\/65420"}],"wp:featuredmedia":[{"embeddable":true,"href":"https:\/\/advbox.com.br\/blog\/wp-json\/wp\/v2\/media\/38702"}],"wp:attachment":[{"href":"https:\/\/advbox.com.br\/blog\/wp-json\/wp\/v2\/media?parent=38698"}],"curies":[{"name":"wp","href":"https:\/\/api.w.org\/{rel}","templated":true}]}}