{"id":38882,"date":"2021-11-16T12:00:00","date_gmt":"2021-11-16T14:00:00","guid":{"rendered":"https:\/\/advbox.com.br\/blog\/?page_id=38882"},"modified":"2024-11-19T18:18:51","modified_gmt":"2024-11-19T21:18:51","slug":"como-decorar-escritorio-de-advocacia-pequeno","status":"publish","type":"page","link":"https:\/\/advbox.com.br\/blog\/como-decorar-escritorio-de-advocacia-pequeno\/","title":{"rendered":"Como decorar um escrit\u00f3rio de advocacia pequeno?"},"content":{"rendered":"<p>Um escrit\u00f3rio de advocacia pequeno exige a mesma dedica\u00e7\u00e3o que os grandes estabelecimentos. A administra\u00e7\u00e3o, gest\u00e3o, plano de neg\u00f3cios \u00e9 fundamental. Os que possuem um espa\u00e7o f\u00edsico e atendem presencialmente devem tamb\u00e9m dar aten\u00e7\u00e3o a outro aspecto: a decora\u00e7\u00e3o.<\/p><p>Isso porque a impress\u00e3o que o cliente tem sobre o seu local de trabalho pode influenciar muito, inclusive no momento do <a href=\"https:\/\/advbox.com.br\/blog\/sucesso-atendimento-ao-cliente-na-advocacia\/\" target=\"_blank\" rel=\"noreferrer noopener\" target=\"_blank\"><strong>atendimento<\/strong><\/a>.\u00a0<\/p><p>Felizmente, n\u00e3o \u00e9 preciso desembolsar muito dinheiro para deixar o seu escrit\u00f3rio de advocacia pequeno organizado e atraente. Nesse artigo, veja algumas dicas para fazer isso!<\/p><h2 class=\"wp-block-heading\">Por que \u00e9 importante decorar o escrit\u00f3rio de advocacia?<\/h2><p>Muitos podem pensar que, por ter um <a href=\"https:\/\/advbox.com.br\/blog\/planejamento\/\" target=\"_blank\" rel=\"noreferrer noopener\" target=\"_blank\"><strong>escrit\u00f3rio de advocacia<\/strong><\/a> pequeno, a decora\u00e7\u00e3o dele pode n\u00e3o ser importante. Mesmo tendo um tamanho modesto ou sendo em um c\u00f4modo da sua resid\u00eancia, \u00e9 importante pensar nesse aspecto.<\/p><p>Isso porque um <a href=\"https:\/\/advbox.com.br\/blog\/organizacao-do-escritorio\/\" target=\"_blank\" rel=\"noreferrer noopener\" target=\"_blank\"><strong>ambiente de trabalho<\/strong><\/a><strong> <\/strong>descuidado pode passar a imagem de que o profissional que trabalha no local \u00e9 desorganizado. Ademais, um escrit\u00f3rio sujo demonstra relaxo.\u00a0<\/p><p>Essa impress\u00e3o que o cliente tem sobre o local pode ser transmitido a terceiros, impactando na sua imagem.\u00a0<\/p><p>A pr\u00f3pria <a href=\"https:\/\/advbox.com.br\/blog\/motivacao-para-trabalhar-na-advocacia\/\" target=\"_blank\" rel=\"noreferrer noopener\" target=\"_blank\"><strong>advocacia<\/strong><\/a> \u00e9 uma profiss\u00e3o que passa uma imagem mais formal para a sociedade. Sendo assim, o dono de um escrit\u00f3rio de advocacia pequeno deve buscar meios de tornar o ambiente convidativo e deixar todos confort\u00e1veis.<\/p><p>\u00c9 importante entender que um ambiente organizado e atraente n\u00e3o precisa ser luxuoso. Ou seja, o profissional n\u00e3o precisa contrair despesas altas para decorar o seu escrit\u00f3rio de advocacia.\u00a0<\/p><p>Isso significa que ele pode ser bonito e atraente, mas simples ao mesmo tempo. Vale comentar que estabelecimentos <a href=\"https:\/\/www.bbc.com\/portuguese\/geral-41077549\" target=\"_blank\" rel=\"noreferrer noopener\" target=\"_blank\"><strong>minimalistas<\/strong><\/a> tamb\u00e9m s\u00e3o excelentes e costumam agradar profissionais das mais diversas \u00e1reas de atua\u00e7\u00e3o.<\/p><h2 class=\"wp-block-heading\">Quais s\u00e3o as vantagens de pensar na decora\u00e7\u00e3o de um escrit\u00f3rio de advocacia pequeno?<\/h2><p>Decorar um escrit\u00f3rio de advocacia pequeno pode ser at\u00e9 mais interessante do que pensar no planejamento de um grande espa\u00e7o. Isso porque, por ter um tamanho menor, muitas vezes at\u00e9 bem limitado, o profissional pode utilizar esse momento para pensar em outras quest\u00f5es. Veja abaixo algumas vantagens.\u00a0<\/p><h3 class=\"wp-block-heading\">Planejamento dos espa\u00e7os\u00a0<\/h3><p>O momento de decorar o ambiente tamb\u00e9m pode ser ideal para pensar no planejamento dos espa\u00e7os. Por se tratar de um escrit\u00f3rio de advocacia pequeno, cada um dos c\u00f4modos (quando h\u00e1 mais de um) deve ser utilizado com intelig\u00eancia.\u00a0<\/p><h3 class=\"wp-block-heading\">Gastos menores<\/h3><p>Muito da decora\u00e7\u00e3o e organiza\u00e7\u00e3o de um escrit\u00f3rio de advocacia pequeno pode ser feito pelo pr\u00f3prio profissional. Ademais, por ser um ambiente menos espa\u00e7oso, os gastos com a decora\u00e7\u00e3o acabam sendo muito menores.\u00a0<\/p><p>Vale ressaltar que um ambiente pequeno com muitos objetos de decora\u00e7\u00e3o pode tornar o local ainda mais apertado e desconfort\u00e1vel.\u00a0<\/p><h3 class=\"wp-block-heading\">An\u00e1lise do que realmente importa<\/h3><p>Os objetos de trabalho e de decora\u00e7\u00e3o de um escrit\u00f3rio de advocacia pequeno devem ser colocados no local apenas se forem \u00fateis ou agregarem. Pela limita\u00e7\u00e3o de tamanho, \u00e9 essencial pensar somente no que importa, descartando o que \u00e9 desnecess\u00e1rio.<\/p><p>Nesse momento, vale a dica: excesso de informa\u00e7\u00e3o visual pode atrapalhar mais do que ajudar. Logo, menos \u00e9 mais! Poucos utens\u00edlios podem ser suficientes.<\/p><h2 class=\"wp-block-heading\">Como decorar um escrit\u00f3rio de advocacia pequeno?<\/h2><p>Decorar um escrit\u00f3rio de advocacia pequeno exige aten\u00e7\u00e3o e planejamento. As dicas abaixo servem tanto para aqueles que possuem um ambiente f\u00edsico para atender clientes quanto para os que querem ter um <strong>escrit\u00f3rio em casa<\/strong> que seja eficiente e ajude o profissional a manter a produtividade!<\/p><h3 class=\"wp-block-heading\">Aposte em cores neutras<\/h3><p>O primeiro passo \u00e9 pensar na cor do seu escrit\u00f3rio. N\u00e3o adianta pensar em cores chamativas ou pap\u00e9is de parede muito coloridos.\u00a0<\/p><p>As cores mais s\u00f3brias, como o branco, o nude ou tons claros de cinza, por exemplo, podem ser as mais adequadas.\u00a0<\/p><p>Vale lembrar que a cor branca ajuda a manter o ambiente mais iluminado, podendo ser uma boa alternativa para as paredes.\u00a0<\/p><h3 class=\"wp-block-heading\">Pense em uma boa ilumina\u00e7\u00e3o<\/h3><p>Um escrit\u00f3rio de advocacia pequeno precisa tamb\u00e9m ter uma boa ilumina\u00e7\u00e3o. Se for poss\u00edvel, mescle a luz natural com a artificial.\u00a0<\/p><p>No entanto, se voc\u00ea n\u00e3o possui um local com uma boa ilumina\u00e7\u00e3o natural, aposte em equipamentos de luz de boa qualidade que sejam capazes de tornar todo o ambiente claro, mas que n\u00e3o seja forte a ponto de incomodar voc\u00ea e o cliente.\u00a0<\/p><h3 class=\"wp-block-heading\">Utilize apenas m\u00f3veis necess\u00e1rios<\/h3><p>N\u00e3o coloque m\u00f3veis desnecess\u00e1rios que tomem espa\u00e7o apenas por voc\u00ea achar bonito. Pense na utilidade deles e procure colocar apenas o que realmente \u00e9 importante.\u00a0<\/p><p>Lembre-se que um escrit\u00f3rio de advocacia pequeno com muito mobili\u00e1rio pode tornar o ambiente apertado e desconfort\u00e1vel. Por isso, \u00e9 importante ter cautela e priorizar o que importa.<\/p><p>Por exemplo, se voc\u00ea utiliza apenas uma sala, ter apenas a sua mesa, sua cadeira, duas cadeiras ou poltronas para os clientes, uma mesinha de canto para caf\u00e9 e uma estante j\u00e1 pode ser o bastante, n\u00e3o acha?\u00a0<\/p><p>Tudo depende do que voc\u00ea precisa e de como voc\u00ea planeja. No entanto, a ideia de \u201cmenos \u00e9 mais\u201d pode ser interessante no momento de decorar o local.<\/p><p>Importante ainda pensar em m\u00f3veis de cores s\u00f3brias que combinam com a cor do seu escrit\u00f3rio. Lembre-se tamb\u00e9m de pensar no conforto, pensando em uma boa cadeira para voc\u00ea e boas poltronas para o cliente.\u00a0<\/p><h3 class=\"wp-block-heading\">N\u00e3o exagere na decora\u00e7\u00e3o<\/h3><p>Evite muitas est\u00e1tuas, quadros, espelhos, dentre outras decora\u00e7\u00f5es. O ambiente precisa ser s\u00f3brio e a decora\u00e7\u00e3o n\u00e3o deve chamar muita a aten\u00e7\u00e3o das pessoas para n\u00e3o distra\u00ed-las.\u00a0<\/p><p>Por isso, seja cauteloso. Utilize quadros s\u00f3brios, evite muitas est\u00e1tuas e decora\u00e7\u00e3o muito espalhafatosa. Dependendo da sua \u00e1rea de atua\u00e7\u00e3o, o cliente pode se sentir desconfort\u00e1vel.\u00a0<\/p><h2 class=\"wp-block-heading\">Como decorar um escrit\u00f3rio de advocacia com pouco dinheiro?<\/h2><p>Quando se tem pouco dinheiro, o ideal \u00e9 investir apenas no que \u00e9 realmente necess\u00e1rio. Uma mesa com um tamanho ideal, uma cadeira confort\u00e1vel e duas poltronas bem simples para o cliente sentar enquanto \u00e9 atendido pode ser o bastante no in\u00edcio.<\/p><p>Conforme for melhorando a sua condi\u00e7\u00e3o financeira, voc\u00ea pode melhorar o seu local de trabalho, pensar em uma boa decora\u00e7\u00e3o e at\u00e9 comprar m\u00f3veis melhores.<\/p><h2 class=\"wp-block-heading\">O que n\u00e3o pode faltar no escrit\u00f3rio de um advogado?<\/h2><p>O ideal \u00e9 que o escrit\u00f3rio de advocacia tenha pelo menos uma recep\u00e7\u00e3o e a sala de cada um dos profissionais. Em rela\u00e7\u00e3o aos m\u00f3veis, n\u00e3o pode faltar uma mesa e uma cadeira para os advogados e cadeiras para que os clientes possam sentar, tanto no atendimento quanto no momento em que eles esperam na recep\u00e7\u00e3o.<\/p><h2 class=\"wp-block-heading\">Quanto custa abrir um escrit\u00f3rio de advocacia?<\/h2><p>Um escrit\u00f3rio de advocacia f\u00edsico pode demandar um investimento que pode ser alto, principalmente para quem est\u00e1 iniciando. O valor desse investimento pode variar muito conforme a cidade e a regi\u00e3o.\u00a0<\/p><p>Felizmente, gra\u00e7as a tecnologia, se tornou poss\u00edvel aos advogados que eles <a href=\"https:\/\/advbox.com.br\/blog\/advogado-a-distancia\/\" target=\"_blank\" rel=\"noreferrer noopener\" target=\"_blank\"><strong>atendam \u00e0 dist\u00e2ncia<\/strong><\/a>, bastando apenas planejar um <a href=\"https:\/\/advbox.com.br\/blog\/escritorio-digital\/\" target=\"_blank\" rel=\"noreferrer noopener\" target=\"_blank\"><strong>escrit\u00f3rio digital<\/strong><\/a>. Nessa \u00faltima alternativa, as despesas podem ser muito menores.\u00a0<\/p><p>Veja tamb\u00e9m: <a href=\"https:\/\/advbox.com.br\/blog\/quanto-vale-um-escritorio\/\" target=\"_blank\" rel=\"noreferrer noopener\" target=\"_blank\"><strong>Quanto vale um escrit\u00f3rio?<\/strong><\/a><\/p><p>Pensar na decora\u00e7\u00e3o de um escrit\u00f3rio de advocacia pequeno \u00e9 essencial para mant\u00ea-lo organizado e torn\u00e1-lo atraente para o cliente. Esse momento tamb\u00e9m \u00e9 ideal para pensar na organiza\u00e7\u00e3o e no investimento dos m\u00f3veis. Por isso, n\u00e3o deixe de planejar a decora\u00e7\u00e3o dele para ter um escrit\u00f3rio confort\u00e1vel e que lhe d\u00ea orgulho!<\/p><p>Gostou do artigo? Veja <a href=\"https:\/\/advbox.com.br\/blog\/gestao-eficiente\/\" target=\"_blank\" rel=\"noreferrer noopener\" target=\"_blank\"><strong>agora 5 estrat\u00e9gias eficientes de gest\u00e3o de escrit\u00f3rio de advocacia!<\/strong><\/a><\/p><figure class=\"wp-block-image size-large\"><a href=\"https:\/\/advbox.com.br\/cadastro\/\" target=\"_blank\"><img fetchpriority=\"high\" decoding=\"async\" width=\"1024\" height=\"309\" src=\"https:\/\/advbox.com.br\/blog\/wp-content\/uploads\/2018\/08\/cta-nova-trial-1024x309.png\" alt=\"\" class=\"wp-image-15975\" srcset=\"https:\/\/advbox.com.br\/blog\/wp-content\/uploads\/2018\/08\/cta-nova-trial.png 1024w, https:\/\/advbox.com.br\/blog\/wp-content\/uploads\/2018\/08\/cta-nova-trial-300x91.png 300w, https:\/\/advbox.com.br\/blog\/wp-content\/uploads\/2018\/08\/cta-nova-trial-768x232.png 768w\" sizes=\"(max-width: 1024px) 100vw, 1024px\" \/><\/a><\/figure>\n","protected":false},"excerpt":{"rendered":"<p>Um escrit\u00f3rio de advocacia pequeno exige a mesma dedica\u00e7\u00e3o que os grandes estabelecimentos. A administra\u00e7\u00e3o, gest\u00e3o, plano de neg\u00f3cios \u00e9 fundamental. Os que possuem um espa\u00e7o f\u00edsico e atendem presencialmente devem tamb\u00e9m dar aten\u00e7\u00e3o a outro aspecto: a decora\u00e7\u00e3o. Isso porque a impress\u00e3o que o cliente tem sobre o seu [&hellip;]<\/p>\n","protected":false},"author":43,"featured_media":38883,"parent":0,"menu_order":0,"comment_status":"closed","ping_status":"closed","template":"","meta":{"_acf_changed":false,"om_disable_all_campaigns":false,"footnotes":""},"class_list":["post-38882","page","type-page","status-publish","has-post-thumbnail","hentry"],"acf":[],"yoast_head":"<!-- This site is optimized with the Yoast SEO plugin v26.9 - https:\/\/yoast.com\/product\/yoast-seo-wordpress\/ -->\n<title>Como decorar um escrit\u00f3rio de advocacia pequeno?<\/title>\n<meta name=\"description\" content=\"Como decorar um escrit\u00f3rio de advocacia pequeno? - Peti\u00e7\u00f5es, Artigos jur\u00eddicos, jurisprud\u00eancias no site da ADVBOX.\" \/>\n<meta name=\"robots\" content=\"index, follow, max-snippet:-1, max-image-preview:large, max-video-preview:-1\" \/>\n<link rel=\"canonical\" href=\"https:\/\/advbox.com.br\/blog\/como-decorar-escritorio-de-advocacia-pequeno\/\" \/>\n<meta property=\"og:locale\" content=\"pt_BR\" \/>\n<meta property=\"og:type\" content=\"article\" \/>\n<meta property=\"og:title\" content=\"Como decorar um escrit\u00f3rio de advocacia pequeno?\" \/>\n<meta property=\"og:description\" content=\"Como decorar um escrit\u00f3rio de advocacia pequeno? - Peti\u00e7\u00f5es, Artigos jur\u00eddicos, jurisprud\u00eancias no site da ADVBOX.\" \/>\n<meta property=\"og:url\" content=\"https:\/\/advbox.com.br\/blog\/como-decorar-escritorio-de-advocacia-pequeno\/\" \/>\n<meta property=\"og:site_name\" content=\"Software Jur\u00eddico Completo - ADVBOX\" \/>\n<meta property=\"article:publisher\" content=\"https:\/\/www.facebook.com\/advbox\/\" \/>\n<meta property=\"article:modified_time\" content=\"2024-11-19T21:18:51+00:00\" \/>\n<meta property=\"og:image\" content=\"https:\/\/advbox.com.br\/blog\/wp-content\/uploads\/2021\/11\/escritorio-de-advocacia-pequeno.jpg\" \/>\n\t<meta property=\"og:image:width\" content=\"640\" \/>\n\t<meta property=\"og:image:height\" content=\"427\" \/>\n\t<meta property=\"og:image:type\" content=\"image\/jpeg\" \/>\n<meta name=\"twitter:card\" content=\"summary_large_image\" \/>\n<meta name=\"twitter:site\" content=\"@advbox2\" \/>\n<script type=\"application\/ld+json\" class=\"yoast-schema-graph\">{\"@context\":\"https:\/\/schema.org\",\"@graph\":[{\"@type\":\"WebPage\",\"@id\":\"https:\/\/advbox.com.br\/blog\/como-decorar-escritorio-de-advocacia-pequeno\/\",\"url\":\"https:\/\/advbox.com.br\/blog\/como-decorar-escritorio-de-advocacia-pequeno\/\",\"name\":\"Como decorar um escrit\u00f3rio de advocacia pequeno?\",\"isPartOf\":{\"@id\":\"https:\/\/advbox.com.br\/blog\/#website\"},\"primaryImageOfPage\":{\"@id\":\"https:\/\/advbox.com.br\/blog\/como-decorar-escritorio-de-advocacia-pequeno\/#primaryimage\"},\"image\":{\"@id\":\"https:\/\/advbox.com.br\/blog\/como-decorar-escritorio-de-advocacia-pequeno\/#primaryimage\"},\"thumbnailUrl\":\"https:\/\/advbox.com.br\/blog\/wp-content\/uploads\/2021\/11\/escritorio-de-advocacia-pequeno.jpg\",\"datePublished\":\"2021-11-16T14:00:00+00:00\",\"dateModified\":\"2024-11-19T21:18:51+00:00\",\"description\":\"Como decorar um escrit\u00f3rio de advocacia pequeno? - Peti\u00e7\u00f5es, Artigos jur\u00eddicos, jurisprud\u00eancias no site da ADVBOX.\",\"breadcrumb\":{\"@id\":\"https:\/\/advbox.com.br\/blog\/como-decorar-escritorio-de-advocacia-pequeno\/#breadcrumb\"},\"inLanguage\":\"pt-BR\",\"potentialAction\":[{\"@type\":\"ReadAction\",\"target\":[\"https:\/\/advbox.com.br\/blog\/como-decorar-escritorio-de-advocacia-pequeno\/\"]}]},{\"@type\":\"ImageObject\",\"inLanguage\":\"pt-BR\",\"@id\":\"https:\/\/advbox.com.br\/blog\/como-decorar-escritorio-de-advocacia-pequeno\/#primaryimage\",\"url\":\"https:\/\/advbox.com.br\/blog\/wp-content\/uploads\/2021\/11\/escritorio-de-advocacia-pequeno.jpg\",\"contentUrl\":\"https:\/\/advbox.com.br\/blog\/wp-content\/uploads\/2021\/11\/escritorio-de-advocacia-pequeno.jpg\",\"width\":640,\"height\":427,\"caption\":\"Escrit\u00f3rio de advocacia pequeno - foto de um escrit\u00f3rio pequeno\"},{\"@type\":\"BreadcrumbList\",\"@id\":\"https:\/\/advbox.com.br\/blog\/como-decorar-escritorio-de-advocacia-pequeno\/#breadcrumb\",\"itemListElement\":[{\"@type\":\"ListItem\",\"position\":1,\"name\":\"In\u00edcio\",\"item\":\"https:\/\/advbox.com.br\/blog\/\"},{\"@type\":\"ListItem\",\"position\":2,\"name\":\"Como decorar um escrit\u00f3rio de advocacia pequeno?\"}]},{\"@type\":\"WebSite\",\"@id\":\"https:\/\/advbox.com.br\/blog\/#website\",\"url\":\"https:\/\/advbox.com.br\/blog\/\",\"name\":\"Software Jur\u00eddico Completo - ADVBOX\",\"description\":\"Plataforma para Advocacia Digital\",\"publisher\":{\"@id\":\"https:\/\/advbox.com.br\/blog\/#organization\"},\"potentialAction\":[{\"@type\":\"SearchAction\",\"target\":{\"@type\":\"EntryPoint\",\"urlTemplate\":\"https:\/\/advbox.com.br\/blog\/?s={search_term_string}\"},\"query-input\":{\"@type\":\"PropertyValueSpecification\",\"valueRequired\":true,\"valueName\":\"search_term_string\"}}],\"inLanguage\":\"pt-BR\"},{\"@type\":\"Organization\",\"@id\":\"https:\/\/advbox.com.br\/blog\/#organization\",\"name\":\"ADVBOX Blog - Software jur\u00eddico da advocacia digital\",\"url\":\"https:\/\/advbox.com.br\/blog\/\",\"logo\":{\"@type\":\"ImageObject\",\"inLanguage\":\"pt-BR\",\"@id\":\"https:\/\/advbox.com.br\/blog\/#\/schema\/logo\/image\/\",\"url\":\"https:\/\/advbox.com.br\/blog\/wp-content\/uploads\/2019\/12\/Como-aumentar-a-produtividade_.jpg\",\"contentUrl\":\"https:\/\/advbox.com.br\/blog\/wp-content\/uploads\/2019\/12\/Como-aumentar-a-produtividade_.jpg\",\"width\":320,\"height\":213,\"caption\":\"ADVBOX Blog - Software jur\u00eddico da advocacia digital\"},\"image\":{\"@id\":\"https:\/\/advbox.com.br\/blog\/#\/schema\/logo\/image\/\"},\"sameAs\":[\"https:\/\/www.facebook.com\/advbox\/\",\"https:\/\/x.com\/advbox2\"]}]}<\/script>\n<!-- \/ Yoast SEO plugin. -->","yoast_head_json":{"title":"Como decorar um escrit\u00f3rio de advocacia pequeno?","description":"Como decorar um escrit\u00f3rio de advocacia pequeno? - Peti\u00e7\u00f5es, Artigos jur\u00eddicos, jurisprud\u00eancias no site da ADVBOX.","robots":{"index":"index","follow":"follow","max-snippet":"max-snippet:-1","max-image-preview":"max-image-preview:large","max-video-preview":"max-video-preview:-1"},"canonical":"https:\/\/advbox.com.br\/blog\/como-decorar-escritorio-de-advocacia-pequeno\/","og_locale":"pt_BR","og_type":"article","og_title":"Como decorar um escrit\u00f3rio de advocacia pequeno?","og_description":"Como decorar um escrit\u00f3rio de advocacia pequeno? - Peti\u00e7\u00f5es, Artigos jur\u00eddicos, jurisprud\u00eancias no site da ADVBOX.","og_url":"https:\/\/advbox.com.br\/blog\/como-decorar-escritorio-de-advocacia-pequeno\/","og_site_name":"Software Jur\u00eddico Completo - ADVBOX","article_publisher":"https:\/\/www.facebook.com\/advbox\/","article_modified_time":"2024-11-19T21:18:51+00:00","og_image":[{"width":640,"height":427,"url":"https:\/\/advbox.com.br\/blog\/wp-content\/uploads\/2021\/11\/escritorio-de-advocacia-pequeno.jpg","type":"image\/jpeg"}],"twitter_card":"summary_large_image","twitter_site":"@advbox2","schema":{"@context":"https:\/\/schema.org","@graph":[{"@type":"WebPage","@id":"https:\/\/advbox.com.br\/blog\/como-decorar-escritorio-de-advocacia-pequeno\/","url":"https:\/\/advbox.com.br\/blog\/como-decorar-escritorio-de-advocacia-pequeno\/","name":"Como decorar um escrit\u00f3rio de advocacia pequeno?","isPartOf":{"@id":"https:\/\/advbox.com.br\/blog\/#website"},"primaryImageOfPage":{"@id":"https:\/\/advbox.com.br\/blog\/como-decorar-escritorio-de-advocacia-pequeno\/#primaryimage"},"image":{"@id":"https:\/\/advbox.com.br\/blog\/como-decorar-escritorio-de-advocacia-pequeno\/#primaryimage"},"thumbnailUrl":"https:\/\/advbox.com.br\/blog\/wp-content\/uploads\/2021\/11\/escritorio-de-advocacia-pequeno.jpg","datePublished":"2021-11-16T14:00:00+00:00","dateModified":"2024-11-19T21:18:51+00:00","description":"Como decorar um escrit\u00f3rio de advocacia pequeno? - Peti\u00e7\u00f5es, Artigos jur\u00eddicos, jurisprud\u00eancias no site da ADVBOX.","breadcrumb":{"@id":"https:\/\/advbox.com.br\/blog\/como-decorar-escritorio-de-advocacia-pequeno\/#breadcrumb"},"inLanguage":"pt-BR","potentialAction":[{"@type":"ReadAction","target":["https:\/\/advbox.com.br\/blog\/como-decorar-escritorio-de-advocacia-pequeno\/"]}]},{"@type":"ImageObject","inLanguage":"pt-BR","@id":"https:\/\/advbox.com.br\/blog\/como-decorar-escritorio-de-advocacia-pequeno\/#primaryimage","url":"https:\/\/advbox.com.br\/blog\/wp-content\/uploads\/2021\/11\/escritorio-de-advocacia-pequeno.jpg","contentUrl":"https:\/\/advbox.com.br\/blog\/wp-content\/uploads\/2021\/11\/escritorio-de-advocacia-pequeno.jpg","width":640,"height":427,"caption":"Escrit\u00f3rio de advocacia pequeno - foto de um escrit\u00f3rio pequeno"},{"@type":"BreadcrumbList","@id":"https:\/\/advbox.com.br\/blog\/como-decorar-escritorio-de-advocacia-pequeno\/#breadcrumb","itemListElement":[{"@type":"ListItem","position":1,"name":"In\u00edcio","item":"https:\/\/advbox.com.br\/blog\/"},{"@type":"ListItem","position":2,"name":"Como decorar um escrit\u00f3rio de advocacia pequeno?"}]},{"@type":"WebSite","@id":"https:\/\/advbox.com.br\/blog\/#website","url":"https:\/\/advbox.com.br\/blog\/","name":"Software Jur\u00eddico Completo - ADVBOX","description":"Plataforma para Advocacia Digital","publisher":{"@id":"https:\/\/advbox.com.br\/blog\/#organization"},"potentialAction":[{"@type":"SearchAction","target":{"@type":"EntryPoint","urlTemplate":"https:\/\/advbox.com.br\/blog\/?s={search_term_string}"},"query-input":{"@type":"PropertyValueSpecification","valueRequired":true,"valueName":"search_term_string"}}],"inLanguage":"pt-BR"},{"@type":"Organization","@id":"https:\/\/advbox.com.br\/blog\/#organization","name":"ADVBOX Blog - Software jur\u00eddico da advocacia digital","url":"https:\/\/advbox.com.br\/blog\/","logo":{"@type":"ImageObject","inLanguage":"pt-BR","@id":"https:\/\/advbox.com.br\/blog\/#\/schema\/logo\/image\/","url":"https:\/\/advbox.com.br\/blog\/wp-content\/uploads\/2019\/12\/Como-aumentar-a-produtividade_.jpg","contentUrl":"https:\/\/advbox.com.br\/blog\/wp-content\/uploads\/2019\/12\/Como-aumentar-a-produtividade_.jpg","width":320,"height":213,"caption":"ADVBOX Blog - Software jur\u00eddico da advocacia digital"},"image":{"@id":"https:\/\/advbox.com.br\/blog\/#\/schema\/logo\/image\/"},"sameAs":["https:\/\/www.facebook.com\/advbox\/","https:\/\/x.com\/advbox2"]}]}},"_links":{"self":[{"href":"https:\/\/advbox.com.br\/blog\/wp-json\/wp\/v2\/pages\/38882","targetHints":{"allow":["GET"]}}],"collection":[{"href":"https:\/\/advbox.com.br\/blog\/wp-json\/wp\/v2\/pages"}],"about":[{"href":"https:\/\/advbox.com.br\/blog\/wp-json\/wp\/v2\/types\/page"}],"author":[{"embeddable":true,"href":"https:\/\/advbox.com.br\/blog\/wp-json\/wp\/v2\/users\/43"}],"replies":[{"embeddable":true,"href":"https:\/\/advbox.com.br\/blog\/wp-json\/wp\/v2\/comments?post=38882"}],"version-history":[{"count":2,"href":"https:\/\/advbox.com.br\/blog\/wp-json\/wp\/v2\/pages\/38882\/revisions"}],"predecessor-version":[{"id":60676,"href":"https:\/\/advbox.com.br\/blog\/wp-json\/wp\/v2\/pages\/38882\/revisions\/60676"}],"wp:featuredmedia":[{"embeddable":true,"href":"https:\/\/advbox.com.br\/blog\/wp-json\/wp\/v2\/media\/38883"}],"wp:attachment":[{"href":"https:\/\/advbox.com.br\/blog\/wp-json\/wp\/v2\/media?parent=38882"}],"curies":[{"name":"wp","href":"https:\/\/api.w.org\/{rel}","templated":true}]}}