{"id":42922,"date":"2022-06-28T14:21:23","date_gmt":"2022-06-28T17:21:23","guid":{"rendered":"https:\/\/advbox.com.br\/blog\/?page_id=42922"},"modified":"2024-09-26T10:09:39","modified_gmt":"2024-09-26T13:09:39","slug":"previdenciario-pedido-de-uniformizacao-em-incapacidade","status":"publish","type":"page","link":"https:\/\/advbox.com.br\/blog\/previdenciario-pedido-de-uniformizacao-em-incapacidade\/","title":{"rendered":"Pedido de Uniformiza\u00e7\u00e3o em Incapacidade"},"content":{"rendered":"<p>Pedido de Uniformiza\u00e7\u00e3o em Incapacidade.<\/p><p>Todo advogado sabe que n\u00e3o \u00e9 f\u00e1cil fazer um\u00a0<strong>bom banco de modelos de peti\u00e7\u00f5es, que atenda as especificidades dos diferentes processos\u00a0<\/strong>no dia a dia do trabalho jur\u00eddico.<\/p><p>Isso exige muito tempo gasto com a pesquisa de peti\u00e7\u00f5es, organiza\u00e7\u00e3o dos arquivos e tamb\u00e9m com a atualiza\u00e7\u00e3o das pe\u00e7as conforme mudan\u00e7as de jurisprud\u00eancia regional ou altera\u00e7\u00f5es em entendimentos de tribunais superiores.<\/p><p>Por\u00e9m, com a plataforma certa para advocacia digital, \u00e9 poss\u00edvel economizar todo esse tempo gasto<strong>. Basta um \u00fanico membro da equipe atualizar ou alterar algum modelo de pe\u00e7a processual no sistema para atualizar para todos usu\u00e1rios da plataforma!<\/strong><\/p><p>Dessa forma \u00e9 poss\u00edvel\u00a0<strong>acelerar a produtividade do trabalho jur\u00eddico<\/strong>\u00a0de maneira bem relevante, al\u00e9m de potencializar ainda mais o crescimento do seu escrit\u00f3rio com os v\u00e1rios outros recursos das ferramentas de advocacia digital.\u00a0<a href=\"https:\/\/advbox.com.br\/blog\/como-automatizar-seus-modelos-de-peticoes\/\" target=\"_blank\"><strong>Clique abaixo e saiba mais!<\/strong><\/a><\/p><figure class=\"wp-block-image size-full\"><a href=\"https:\/\/materiais.advbox.com.br\/ebook-advocacia-de-resultados\" target=\"_blank\"><img fetchpriority=\"high\" decoding=\"async\" width=\"600\" height=\"200\" src=\"https:\/\/advbox.com.br\/blog\/wp-content\/uploads\/2021\/12\/cta_optimoster_amplie_seus_lucros_horizontal-1.png\" alt=\"o que \u00e9 business intelligence\" class=\"wp-image-42245\" srcset=\"https:\/\/advbox.com.br\/blog\/wp-content\/uploads\/2021\/12\/cta_optimoster_amplie_seus_lucros_horizontal-1.png 600w, https:\/\/advbox.com.br\/blog\/wp-content\/uploads\/2021\/12\/cta_optimoster_amplie_seus_lucros_horizontal-1-500x167.png 500w\" sizes=\"(max-width: 600px) 100vw, 600px\" \/><\/a><\/figure><p><strong>EXCELENT\u00cdSSIMO(A)\u00a0SENHOR(A) DOUTOR(A) JUIZ(A)\u00a0DE DIREITO DA [[Vara]]VARA FEDERAL DA\u00a0[[Comarca]]\u00a0DE\u00a0[[Cidade do cliente]]\/[[UF do cliente]].<\/strong><\/p><p><strong>[[Nome do cliente]]<\/strong>,\u00a0j\u00e1 qualificado(a) nos autos do processo em ep\u00edgrafe, na a\u00e7\u00e3o movida em face do\u00a0<strong>INSTITUTO NACIONAL DO SEGURO SOCIAL \u2013 INSS<\/strong>, igualmente qualificado, vem, por seus advogados, respeitosamente, perante Vossa Excel\u00eancia, com fundamento no art. 14, caput e \u00a7 2\u00ba, da Lei n. 10.259\/01, interpor<\/p><p><strong>PEDIDO DE UNIFORMIZA\u00c7\u00c3O<\/strong><\/p><p>para a\u00a0<strong>TURMA\u00a0<\/strong><strong>NACIONAL<\/strong><strong>\u00a0DE UNIFORMIZA\u00c7\u00c3O<\/strong>, requerendo seja admitido e remetido, com as raz\u00f5es anexas, diante da diverg\u00eancia entre a decis\u00e3o ora recorrida e a jurisprud\u00eancia pac\u00edfica da \u2026\u00aa Turma Recursal da Se\u00e7\u00e3o Judici\u00e1ria do Estado \u2026\u00a0.<\/p><p>Termos em que,<\/p><p>Pede deferimento.<\/p><p>[[Cidade do escrit\u00f3rio]],\u00a0[[Dia atual]],\u00a0[[M\u00eas atual]],\u00a0[[Ano atual]].<\/p><p><strong>COLENDA TURMA JULGADORA<\/strong><\/p><p><strong>I &#8211;\u00a0DA TEMPESTIVIDADE DO RECURSO<\/strong><\/p><p>O presente Recurso \u00e9 tempestivo, uma vez que obedecido o prazo de 10 dias para sua interposi\u00e7\u00e3o, sendo que referido prazo come\u00e7ou a correr em \u2026 com t\u00e9rmino em \u2026 .<\/p><p><strong>II &#8211;\u00a0DO PREPARO<\/strong><\/p><p>O Recorrente deixa de recolher o respectivo preparo porquanto\u00a0indevido na presente hip\u00f3tese.<\/p><p><strong>III &#8211;\u00a0DO CABIMENTO<\/strong><\/p><p><strong>III.3 &#8211; Da Demonstra\u00e7\u00e3o do Diss\u00eddio<\/strong><\/p><p>A interpreta\u00e7\u00e3o dada \u00e0 mat\u00e9ria pela \u2026\u00aa Turma Recursal da Se\u00e7\u00e3o Judici\u00e1ria do Estado de \u2026 na presente caso \u00e9 totalmente contr\u00e1ria ao entendimento conferido ao tema pela \u2026\u00aa Turma Recursal da Se\u00e7\u00e3o Judici\u00e1ria do Estado de \u2026 no processo n. \u2026,\u00a0cuja c\u00f3pia do inteiro teor segue com as raz\u00f5es deste recurso,\u00a0hip\u00f3tese que autoriza o manejo do presente Pedido de Uniformiza\u00e7\u00e3o,\u00a0nos termos do art. 14, caput e \u00a7\u00a02\u00ba, da Lei n. 10.259\/01.<\/p><p>Destarte, restam presentes todos os requisitos para a admiss\u00e3o do Pedido de Uniformiza\u00e7\u00e3o\u00a0Nacional.<\/p><p><strong>IV &#8211; DAS RAZ\u00d5ES DO\u00a0<\/strong><strong>PEDIDO DE UNIFORMIZA\u00c7\u00c3O<\/strong><\/p><p><strong>IV.1\u00a0&#8211; S\u00edntese da Demanda<\/strong><\/p><p>O Recorrente ajuizou a\u00e7\u00e3o visando \u00e0 concess\u00e3o de benef\u00edcio por incapacidade, ap\u00f3s ter a benesse negada pelo INSS.<\/p><p>O\u00a0MM. Juiz\u00a0sentenciante, ao analisar o feito, julgou\u00a0os pedidos \u2026, sob o fundamento de que (descrever).<\/p><p>Interposto Recurso Inominado perante a \u2026\u00aa Turma Recursal da Se\u00e7\u00e3o Judici\u00e1ria do Estado de\u00a0\u2026, foi-lhe negado provimento, confirmando-se a senten\u00e7a de 1\u00ba grau por seus pr\u00f3prios fundamentos.<\/p><p>Inconformado com tal decis\u00e3o, o Recorrente interp\u00f5e o presente Pedido de Uniformiza\u00e7\u00e3o com fundamento em diverg\u00eancia jurisprudencial com ac\u00f3rd\u00e3o proferido pela \u2026\u00aa Turma Recursal da Se\u00e7\u00e3o Judici\u00e1ria do Estado de \u2026, conforme passa a demonstrar para fins de admissibilidade e julgamento do recurso.<\/p><p><strong>IV.2 &#8211; Da demonstra\u00e7\u00e3o da diverg\u00eancia<\/strong><\/p><p>A decis\u00e3o recorrida firma entendimento diametralmente oposto ao da \u2026\u00aa Turma Recursal da Se\u00e7\u00e3o Judici\u00e1ria do Estado de \u2026, em situa\u00e7\u00e3o f\u00e1tica e jur\u00eddica id\u00eantica a dos presentes autos, veja-se:<\/p><p>Decis\u00e3o recorrida:<\/p><p>(copiar teor da decis\u00e3o recorrida)<\/p><p>De outro norte, o ac\u00f3rd\u00e3o\u00a0paradigma afirma\u00a0que:<\/p><p>Ac\u00f3rd\u00e3o paradigma:<\/p><p>(copiar teor do ac\u00f3rd\u00e3o paradigma)<\/p><p>Observando perfunctoriamente as ementas, sobressaem-se as diverg\u00eancias quanto \u00e0 (inserir assunto da diverg\u00eancia), uma vez que a \u2026\u00aa Turma Recursal da Se\u00e7\u00e3o Judici\u00e1ria de \u2026 entende \u2026, ao passo que a \u2026\u00aa Turma Recursal da Se\u00e7\u00e3o Judici\u00e1ria de \u2026, determina \u2026 .<\/p><p>As circunst\u00e2ncias em que incidem essas decis\u00f5es divergentes afiguram-se em tudo semelhantes, exsurgindo a n\u00edtida controv\u00e9rsia jur\u00eddica com similitude f\u00e1tica.<\/p><p>De um lado, a \u2026\u00aa Turma Recursal da Se\u00e7\u00e3o Judici\u00e1ria do Estado de \u2026 entendeu que \u2026, sob o argumento de que \u2026 .<\/p><p>Por sua vez, a \u2026\u00aa Turma Recursal da Se\u00e7\u00e3o Judici\u00e1ria do Estado de \u2026 entende que \u2026, porquanto \u2026 .<\/p><p>Dessa forma, evidenciada a diverg\u00eancia de interpreta\u00e7\u00e3o entre a \u2026\u00aa\u00a0Turma Recursal da Se\u00e7\u00e3o Judici\u00e1ria do Estado de \u2026e a \u2026\u00aa Turma Recursal\u00a0da Se\u00e7\u00e3o Judici\u00e1ria do Estado de \u2026, deve-se admitir e prover o presente recurso, com base no art. 14, \u00a7 2\u00ba, da Lei 10.259\/2001.<\/p><p><strong>V &#8211;\u00a0DOS REQUERIMENTOS<\/strong><\/p><p>Ante todo o exposto, demonstrada a diverg\u00eancia jurisprudencial entre a decis\u00e3o recorrida e jurisprud\u00eancia pac\u00edfica da \u2026\u00aa Turma Recursal da Se\u00e7\u00e3o Judici\u00e1ria do Estado de\u00a0\u2026, requer seja o presente <strong>PEDIDO DE UNIFORMIZA\u00c7\u00c3O<\/strong> conhecido e provido em sua integralidade, para reformar o ac\u00f3rd\u00e3o recorrido, a fim de\u00a0\u2026 (descrever pedido).<\/p><p>Termos em que,<\/p><p>Pede deferimento.<\/p><p>[[Cidade do escrit\u00f3rio]],\u00a0[[Dia atual]],\u00a0[[M\u00eas atual]],\u00a0[[Ano atual]].<\/p><p><strong>[[Gestores do escrit\u00f3rio]]\u00a0<\/strong><\/p><figure class=\"wp-block-image size-full\"><a href=\"https:\/\/advbox.com.br\/cadastro\/\" target=\"_blank\"><img decoding=\"async\" width=\"600\" height=\"200\" src=\"https:\/\/advbox.com.br\/blog\/wp-content\/uploads\/2022\/05\/CTA-Trial-1.png\" alt=\"trial\" class=\"wp-image-42348\" srcset=\"https:\/\/advbox.com.br\/blog\/wp-content\/uploads\/2022\/05\/CTA-Trial-1.png 600w, https:\/\/advbox.com.br\/blog\/wp-content\/uploads\/2022\/05\/CTA-Trial-1-500x167.png 500w\" sizes=\"(max-width: 600px) 100vw, 600px\" loading=\"lazy\" \/><\/a><\/figure>\n","protected":false},"excerpt":{"rendered":"<p>Pedido de Uniformiza\u00e7\u00e3o em Incapacidade. Todo advogado sabe que n\u00e3o \u00e9 f\u00e1cil fazer um\u00a0bom banco de modelos de peti\u00e7\u00f5es, que atenda as especificidades dos diferentes processos\u00a0no dia a dia do trabalho jur\u00eddico. Isso exige muito tempo gasto com a pesquisa de peti\u00e7\u00f5es, organiza\u00e7\u00e3o dos arquivos e tamb\u00e9m com a atualiza\u00e7\u00e3o [&hellip;]<\/p>\n","protected":false},"author":44,"featured_media":42386,"parent":0,"menu_order":0,"comment_status":"closed","ping_status":"closed","template":"","meta":{"_acf_changed":false,"om_disable_all_campaigns":false,"footnotes":""},"class_list":["post-42922","page","type-page","status-publish","has-post-thumbnail","hentry"],"acf":[],"yoast_head":"<!-- This site is optimized with the Yoast SEO plugin v26.9 - https:\/\/yoast.com\/product\/yoast-seo-wordpress\/ -->\n<title>Pedido de Uniformiza\u00e7\u00e3o em Incapacidade<\/title>\n<meta name=\"description\" content=\"Pedido de Uniformiza\u00e7\u00e3o em Incapacidade - Peti\u00e7\u00f5es, Artigos jur\u00eddicos, jurisprud\u00eancias no site da ADVBOX.\" \/>\n<meta name=\"robots\" content=\"index, follow, max-snippet:-1, max-image-preview:large, max-video-preview:-1\" \/>\n<link rel=\"canonical\" href=\"https:\/\/advbox.com.br\/blog\/previdenciario-pedido-de-uniformizacao-em-incapacidade\/\" \/>\n<meta property=\"og:locale\" content=\"pt_BR\" \/>\n<meta property=\"og:type\" content=\"article\" \/>\n<meta property=\"og:title\" content=\"Pedido de Uniformiza\u00e7\u00e3o em Incapacidade\" \/>\n<meta property=\"og:description\" content=\"Pedido de Uniformiza\u00e7\u00e3o em Incapacidade - Peti\u00e7\u00f5es, Artigos jur\u00eddicos, jurisprud\u00eancias no site da ADVBOX.\" \/>\n<meta property=\"og:url\" content=\"https:\/\/advbox.com.br\/blog\/previdenciario-pedido-de-uniformizacao-em-incapacidade\/\" \/>\n<meta property=\"og:site_name\" content=\"Software Jur\u00eddico Completo - ADVBOX\" \/>\n<meta property=\"article:publisher\" content=\"https:\/\/www.facebook.com\/advbox\/\" \/>\n<meta property=\"article:modified_time\" content=\"2024-09-26T13:09:39+00:00\" \/>\n<meta property=\"og:image\" content=\"https:\/\/advbox.com.br\/blog\/wp-content\/uploads\/2022\/05\/Foto-Carol-Ambiente-7-scaled.webp\" \/>\n\t<meta property=\"og:image:width\" content=\"1024\" \/>\n\t<meta property=\"og:image:height\" content=\"576\" \/>\n\t<meta property=\"og:image:type\" content=\"image\/webp\" \/>\n<meta name=\"twitter:card\" content=\"summary_large_image\" \/>\n<meta name=\"twitter:site\" content=\"@advbox2\" \/>\n<script type=\"application\/ld+json\" class=\"yoast-schema-graph\">{\"@context\":\"https:\/\/schema.org\",\"@graph\":[{\"@type\":\"WebPage\",\"@id\":\"https:\/\/advbox.com.br\/blog\/previdenciario-pedido-de-uniformizacao-em-incapacidade\/\",\"url\":\"https:\/\/advbox.com.br\/blog\/previdenciario-pedido-de-uniformizacao-em-incapacidade\/\",\"name\":\"Pedido de Uniformiza\u00e7\u00e3o em Incapacidade\",\"isPartOf\":{\"@id\":\"https:\/\/advbox.com.br\/blog\/#website\"},\"primaryImageOfPage\":{\"@id\":\"https:\/\/advbox.com.br\/blog\/previdenciario-pedido-de-uniformizacao-em-incapacidade\/#primaryimage\"},\"image\":{\"@id\":\"https:\/\/advbox.com.br\/blog\/previdenciario-pedido-de-uniformizacao-em-incapacidade\/#primaryimage\"},\"thumbnailUrl\":\"https:\/\/advbox.com.br\/blog\/wp-content\/uploads\/2022\/05\/Foto-Carol-Ambiente-7-scaled.webp\",\"datePublished\":\"2022-06-28T17:21:23+00:00\",\"dateModified\":\"2024-09-26T13:09:39+00:00\",\"description\":\"Pedido de Uniformiza\u00e7\u00e3o em Incapacidade - Peti\u00e7\u00f5es, Artigos jur\u00eddicos, jurisprud\u00eancias no site da ADVBOX.\",\"breadcrumb\":{\"@id\":\"https:\/\/advbox.com.br\/blog\/previdenciario-pedido-de-uniformizacao-em-incapacidade\/#breadcrumb\"},\"inLanguage\":\"pt-BR\",\"potentialAction\":[{\"@type\":\"ReadAction\",\"target\":[\"https:\/\/advbox.com.br\/blog\/previdenciario-pedido-de-uniformizacao-em-incapacidade\/\"]}]},{\"@type\":\"ImageObject\",\"inLanguage\":\"pt-BR\",\"@id\":\"https:\/\/advbox.com.br\/blog\/previdenciario-pedido-de-uniformizacao-em-incapacidade\/#primaryimage\",\"url\":\"https:\/\/advbox.com.br\/blog\/wp-content\/uploads\/2022\/05\/Foto-Carol-Ambiente-7-scaled.webp\",\"contentUrl\":\"https:\/\/advbox.com.br\/blog\/wp-content\/uploads\/2022\/05\/Foto-Carol-Ambiente-7-scaled.webp\",\"width\":1024,\"height\":576,\"caption\":\"A\u00e7\u00e3o para Aux\u00edlio Doen\u00e7a Acident\u00e1rio\"},{\"@type\":\"BreadcrumbList\",\"@id\":\"https:\/\/advbox.com.br\/blog\/previdenciario-pedido-de-uniformizacao-em-incapacidade\/#breadcrumb\",\"itemListElement\":[{\"@type\":\"ListItem\",\"position\":1,\"name\":\"In\u00edcio\",\"item\":\"https:\/\/advbox.com.br\/blog\/\"},{\"@type\":\"ListItem\",\"position\":2,\"name\":\"Pedido de Uniformiza\u00e7\u00e3o em Incapacidade\"}]},{\"@type\":\"WebSite\",\"@id\":\"https:\/\/advbox.com.br\/blog\/#website\",\"url\":\"https:\/\/advbox.com.br\/blog\/\",\"name\":\"Software Jur\u00eddico Completo - ADVBOX\",\"description\":\"Plataforma para Advocacia Digital\",\"publisher\":{\"@id\":\"https:\/\/advbox.com.br\/blog\/#organization\"},\"potentialAction\":[{\"@type\":\"SearchAction\",\"target\":{\"@type\":\"EntryPoint\",\"urlTemplate\":\"https:\/\/advbox.com.br\/blog\/?s={search_term_string}\"},\"query-input\":{\"@type\":\"PropertyValueSpecification\",\"valueRequired\":true,\"valueName\":\"search_term_string\"}}],\"inLanguage\":\"pt-BR\"},{\"@type\":\"Organization\",\"@id\":\"https:\/\/advbox.com.br\/blog\/#organization\",\"name\":\"ADVBOX Blog - Software jur\u00eddico da advocacia digital\",\"url\":\"https:\/\/advbox.com.br\/blog\/\",\"logo\":{\"@type\":\"ImageObject\",\"inLanguage\":\"pt-BR\",\"@id\":\"https:\/\/advbox.com.br\/blog\/#\/schema\/logo\/image\/\",\"url\":\"https:\/\/advbox.com.br\/blog\/wp-content\/uploads\/2019\/12\/Como-aumentar-a-produtividade_.jpg\",\"contentUrl\":\"https:\/\/advbox.com.br\/blog\/wp-content\/uploads\/2019\/12\/Como-aumentar-a-produtividade_.jpg\",\"width\":320,\"height\":213,\"caption\":\"ADVBOX Blog - Software jur\u00eddico da advocacia digital\"},\"image\":{\"@id\":\"https:\/\/advbox.com.br\/blog\/#\/schema\/logo\/image\/\"},\"sameAs\":[\"https:\/\/www.facebook.com\/advbox\/\",\"https:\/\/x.com\/advbox2\"]}]}<\/script>\n<!-- \/ Yoast SEO plugin. -->","yoast_head_json":{"title":"Pedido de Uniformiza\u00e7\u00e3o em Incapacidade","description":"Pedido de Uniformiza\u00e7\u00e3o em Incapacidade - Peti\u00e7\u00f5es, Artigos jur\u00eddicos, jurisprud\u00eancias no site da ADVBOX.","robots":{"index":"index","follow":"follow","max-snippet":"max-snippet:-1","max-image-preview":"max-image-preview:large","max-video-preview":"max-video-preview:-1"},"canonical":"https:\/\/advbox.com.br\/blog\/previdenciario-pedido-de-uniformizacao-em-incapacidade\/","og_locale":"pt_BR","og_type":"article","og_title":"Pedido de Uniformiza\u00e7\u00e3o em Incapacidade","og_description":"Pedido de Uniformiza\u00e7\u00e3o em Incapacidade - Peti\u00e7\u00f5es, Artigos jur\u00eddicos, jurisprud\u00eancias no site da ADVBOX.","og_url":"https:\/\/advbox.com.br\/blog\/previdenciario-pedido-de-uniformizacao-em-incapacidade\/","og_site_name":"Software Jur\u00eddico Completo - ADVBOX","article_publisher":"https:\/\/www.facebook.com\/advbox\/","article_modified_time":"2024-09-26T13:09:39+00:00","og_image":[{"width":1024,"height":576,"url":"https:\/\/advbox.com.br\/blog\/wp-content\/uploads\/2022\/05\/Foto-Carol-Ambiente-7-scaled.webp","type":"image\/webp"}],"twitter_card":"summary_large_image","twitter_site":"@advbox2","schema":{"@context":"https:\/\/schema.org","@graph":[{"@type":"WebPage","@id":"https:\/\/advbox.com.br\/blog\/previdenciario-pedido-de-uniformizacao-em-incapacidade\/","url":"https:\/\/advbox.com.br\/blog\/previdenciario-pedido-de-uniformizacao-em-incapacidade\/","name":"Pedido de Uniformiza\u00e7\u00e3o em Incapacidade","isPartOf":{"@id":"https:\/\/advbox.com.br\/blog\/#website"},"primaryImageOfPage":{"@id":"https:\/\/advbox.com.br\/blog\/previdenciario-pedido-de-uniformizacao-em-incapacidade\/#primaryimage"},"image":{"@id":"https:\/\/advbox.com.br\/blog\/previdenciario-pedido-de-uniformizacao-em-incapacidade\/#primaryimage"},"thumbnailUrl":"https:\/\/advbox.com.br\/blog\/wp-content\/uploads\/2022\/05\/Foto-Carol-Ambiente-7-scaled.webp","datePublished":"2022-06-28T17:21:23+00:00","dateModified":"2024-09-26T13:09:39+00:00","description":"Pedido de Uniformiza\u00e7\u00e3o em Incapacidade - Peti\u00e7\u00f5es, Artigos jur\u00eddicos, jurisprud\u00eancias no site da ADVBOX.","breadcrumb":{"@id":"https:\/\/advbox.com.br\/blog\/previdenciario-pedido-de-uniformizacao-em-incapacidade\/#breadcrumb"},"inLanguage":"pt-BR","potentialAction":[{"@type":"ReadAction","target":["https:\/\/advbox.com.br\/blog\/previdenciario-pedido-de-uniformizacao-em-incapacidade\/"]}]},{"@type":"ImageObject","inLanguage":"pt-BR","@id":"https:\/\/advbox.com.br\/blog\/previdenciario-pedido-de-uniformizacao-em-incapacidade\/#primaryimage","url":"https:\/\/advbox.com.br\/blog\/wp-content\/uploads\/2022\/05\/Foto-Carol-Ambiente-7-scaled.webp","contentUrl":"https:\/\/advbox.com.br\/blog\/wp-content\/uploads\/2022\/05\/Foto-Carol-Ambiente-7-scaled.webp","width":1024,"height":576,"caption":"A\u00e7\u00e3o para Aux\u00edlio Doen\u00e7a Acident\u00e1rio"},{"@type":"BreadcrumbList","@id":"https:\/\/advbox.com.br\/blog\/previdenciario-pedido-de-uniformizacao-em-incapacidade\/#breadcrumb","itemListElement":[{"@type":"ListItem","position":1,"name":"In\u00edcio","item":"https:\/\/advbox.com.br\/blog\/"},{"@type":"ListItem","position":2,"name":"Pedido de Uniformiza\u00e7\u00e3o em Incapacidade"}]},{"@type":"WebSite","@id":"https:\/\/advbox.com.br\/blog\/#website","url":"https:\/\/advbox.com.br\/blog\/","name":"Software Jur\u00eddico Completo - ADVBOX","description":"Plataforma para Advocacia Digital","publisher":{"@id":"https:\/\/advbox.com.br\/blog\/#organization"},"potentialAction":[{"@type":"SearchAction","target":{"@type":"EntryPoint","urlTemplate":"https:\/\/advbox.com.br\/blog\/?s={search_term_string}"},"query-input":{"@type":"PropertyValueSpecification","valueRequired":true,"valueName":"search_term_string"}}],"inLanguage":"pt-BR"},{"@type":"Organization","@id":"https:\/\/advbox.com.br\/blog\/#organization","name":"ADVBOX Blog - Software jur\u00eddico da advocacia digital","url":"https:\/\/advbox.com.br\/blog\/","logo":{"@type":"ImageObject","inLanguage":"pt-BR","@id":"https:\/\/advbox.com.br\/blog\/#\/schema\/logo\/image\/","url":"https:\/\/advbox.com.br\/blog\/wp-content\/uploads\/2019\/12\/Como-aumentar-a-produtividade_.jpg","contentUrl":"https:\/\/advbox.com.br\/blog\/wp-content\/uploads\/2019\/12\/Como-aumentar-a-produtividade_.jpg","width":320,"height":213,"caption":"ADVBOX Blog - Software jur\u00eddico da advocacia digital"},"image":{"@id":"https:\/\/advbox.com.br\/blog\/#\/schema\/logo\/image\/"},"sameAs":["https:\/\/www.facebook.com\/advbox\/","https:\/\/x.com\/advbox2"]}]}},"_links":{"self":[{"href":"https:\/\/advbox.com.br\/blog\/wp-json\/wp\/v2\/pages\/42922","targetHints":{"allow":["GET"]}}],"collection":[{"href":"https:\/\/advbox.com.br\/blog\/wp-json\/wp\/v2\/pages"}],"about":[{"href":"https:\/\/advbox.com.br\/blog\/wp-json\/wp\/v2\/types\/page"}],"author":[{"embeddable":true,"href":"https:\/\/advbox.com.br\/blog\/wp-json\/wp\/v2\/users\/44"}],"replies":[{"embeddable":true,"href":"https:\/\/advbox.com.br\/blog\/wp-json\/wp\/v2\/comments?post=42922"}],"version-history":[{"count":2,"href":"https:\/\/advbox.com.br\/blog\/wp-json\/wp\/v2\/pages\/42922\/revisions"}],"predecessor-version":[{"id":67062,"href":"https:\/\/advbox.com.br\/blog\/wp-json\/wp\/v2\/pages\/42922\/revisions\/67062"}],"wp:featuredmedia":[{"embeddable":true,"href":"https:\/\/advbox.com.br\/blog\/wp-json\/wp\/v2\/media\/42386"}],"wp:attachment":[{"href":"https:\/\/advbox.com.br\/blog\/wp-json\/wp\/v2\/media?parent=42922"}],"curies":[{"name":"wp","href":"https:\/\/api.w.org\/{rel}","templated":true}]}}