{"id":44667,"date":"2022-09-30T18:04:12","date_gmt":"2022-09-30T21:04:12","guid":{"rendered":"https:\/\/advbox.com.br\/blog\/?page_id=44667"},"modified":"2023-11-30T10:18:47","modified_gmt":"2023-11-30T13:18:47","slug":"familia-acao-para-regulamentacao-de-visitas","status":"publish","type":"page","link":"https:\/\/advbox.com.br\/blog\/familia-acao-para-regulamentacao-de-visitas\/","title":{"rendered":"Modelo de A\u00e7\u00e3o para Regulamenta\u00e7\u00e3o de Visitas"},"content":{"rendered":"<p>A\u00e7\u00e3o para Regulamenta\u00e7\u00e3o de Visitas.<\/p><p>Todo advogado sabe que n\u00e3o \u00e9 f\u00e1cil fazer um\u00a0<strong>bom banco de modelos de peti\u00e7\u00f5es, que atenda as especificidades dos diferentes processos\u00a0<\/strong>no dia a dia do trabalho jur\u00eddico.<\/p><p>Isso exige muito tempo gasto com a pesquisa de peti\u00e7\u00f5es, organiza\u00e7\u00e3o dos arquivos e tamb\u00e9m com a atualiza\u00e7\u00e3o das pe\u00e7as conforme mudan\u00e7as de jurisprud\u00eancia regional ou altera\u00e7\u00f5es em entendimentos de tribunais superiores.<\/p><p>Por\u00e9m, com a plataforma certa para advocacia digital, \u00e9 poss\u00edvel economizar todo esse tempo gasto<strong>. Basta um \u00fanico membro da equipe atualizar ou alterar algum modelo de pe\u00e7a processual no sistema para atualizar para todos usu\u00e1rios da plataforma!<\/strong><\/p><p>Dessa forma \u00e9 poss\u00edvel\u00a0<strong>acelerar a produtividade do trabalho jur\u00eddico<\/strong>\u00a0de maneira bem relevante, al\u00e9m de potencializar ainda mais o crescimento do seu escrit\u00f3rio com os v\u00e1rios outros recursos das ferramentas de advocacia digital.\u00a0<a href=\"https:\/\/advbox.com.br\/blog\/como-automatizar-seus-modelos-de-peticoes\/\" target=\"_blank\"><strong>Clique abaixo e saiba mais!<\/strong><\/a><\/p><figure class=\"wp-block-image size-large\"><a href=\"https:\/\/materiais.advbox.com.br\/kit-advocacia-empreendedora-na-pratica\" target=\"_blank\"><img fetchpriority=\"high\" decoding=\"async\" width=\"1024\" height=\"592\" src=\"https:\/\/advbox.com.br\/blog\/wp-content\/uploads\/2022\/09\/THUMB-setor-comercial-na-advocacia-1-1-1024x592.png\" alt=\"setor comercial\" class=\"wp-image-44524\" srcset=\"https:\/\/advbox.com.br\/blog\/wp-content\/uploads\/2022\/09\/THUMB-setor-comercial-na-advocacia-1-1.png 1024w, https:\/\/advbox.com.br\/blog\/wp-content\/uploads\/2022\/09\/THUMB-setor-comercial-na-advocacia-1-1-500x289.png 500w, https:\/\/advbox.com.br\/blog\/wp-content\/uploads\/2022\/09\/THUMB-setor-comercial-na-advocacia-1-1-768x444.png 768w, https:\/\/advbox.com.br\/blog\/wp-content\/uploads\/2022\/09\/THUMB-setor-comercial-na-advocacia-1-1-1536x888.png 1536w\" sizes=\"(max-width: 1024px) 100vw, 1024px\" \/><\/a><\/figure><p><strong>EXCELENT\u00cdSSIMO(A)\u00a0SENHOR(A)\u00a0JUIZ(A)\u00a0DE DIREITO DA [[Vara]]\u00aa\u00a0VARA DE FAM\u00cdLIA DA\u00a0[[Comarca]]\u00a0DE\u00a0[[Cidade do cliente]]\/[[UF do cliente]].<\/strong><\/p><p><strong>[[Nome do cliente]]<\/strong>, [[Nacionalidade do cliente]],\u00a0[[Estado civil do cliente]],\u00a0[[Profiss\u00e3o do cliente]], [[Sexo do cliente]],\u00a0nascido(a)\u00a0em\u00a0[[Data de nascimento do cliente]], \u00a0inscrito(a) no CPF sob n\u00ba\u00a0[[CPF\/CNPJ do cliente]], RG sob n\u00ba [[RG do cliente]], residente e domiciliado(a) na\u00a0[[Endere\u00e7o do cliente]], [[Cidade do cliente]]\/[[UF do cliente]], CEP XXXX,\u00a0com endere\u00e7o eletr\u00f4nico [[E-mail do cliente]], representado nesta a\u00e7\u00e3o por seu\/sua advogado(a),\u00a0[[Outorgados]], conforme procura\u00e7\u00e3o anexa, com endere\u00e7o profissional na\u00a0[[Endere\u00e7o do escrit\u00f3rio]],\u00a0[[Cidade do escrit\u00f3rio]]\/[[UF do escrit\u00f3rio]], vem respeitosamente \u00e0 presen\u00e7a de Vossa Excel\u00eancia, conforme os fundamentos de fato e de direito postos a seguir, propor a presente\u00a0<\/p><p><strong>A\u00c7\u00c3O DE REGULAMENTA\u00c7\u00c3O DE VISITAS\u00a0COM PEDIDO DE TUTELA ANTECIPADA<\/strong><\/p><p>em face de\u00a0<strong>[[Parte contr\u00e1ria]]<\/strong>, (indicar se \u00e9 pessoa f\u00edsica ou jur\u00eddica), com CPF\/CNPJ sob n\u00ba \u2026, com sede na Rua \u2026, n\u00ba\u00a0\u2026, bairro &#8230;, CEP: \u2026, Munic\u00edpio \u2013 UF, pelas raz\u00f5es de fato e de direito que passa a aduzir e no final requer:<\/p><p><strong>I &#8211; DOS FATOS E FUNDAMENTOS<\/strong><\/p><p>O autor \u00e9 pai do menor\u00a0Fulano de TAL\u00a0conforme se depreende da certid\u00e3o de nascimento acoplada aos autos.<\/p><p>Ocorre que ap\u00f3s a separa\u00e7\u00e3o com\u00a0Beltrana de TAL\u00a0a situa\u00e7\u00e3o de visitas do pai ao menor ficou insustent\u00e1vel.<\/p><p>N\u00e3o existe di\u00e1logo entre as partes cabendo ao autor buscar o judici\u00e1rio afim de que estipule datas e\u00a0hor\u00e1rios\u00a0para as visitas.<\/p><p><strong>II &#8211; DA REGULAMENTA\u00c7\u00c3O DE VISITAS<\/strong><\/p><p>\u00c9 direito fundamental da crian\u00e7a e do adolescente ter consigo a presen\u00e7a dos pais, o carinho, a companhia e amizade e n\u00e3o se pode negar que \u00e9 direito do autor poder desfrutar da conviv\u00eancia com a menor, e de lhe prestar visitas nos termos do art.\u00a019\u00a0da Lei\u00a08.069\/90 (Estatuto da Crian\u00e7a e do Adolescente).<\/p><p>Maria Berenice Dias (Manual de Direito das Fam\u00edlia, 2011, p. 447) esclarece que:<\/p><p><em>\u201cA visita\u00e7\u00e3o n\u00e3o \u00e9 somente um direito assegurado ao pai ou \u00e0 m\u00e3e, \u00e9 direito do pr\u00f3prio filho de com eles conviver, o que refor\u00e7a os v\u00ednculos paterno e materno-filial. (\u2026) Consagrado o princ\u00edpio prote\u00e7\u00e3o integral, em vez de regulamentar as visitas, \u00e9 necess\u00e1rio estabelecer formas de conviv\u00eancia, pois n\u00e3o h\u00e1 prote\u00e7\u00e3o poss\u00edvel com a exclus\u00e3o do outro genitor.\u201d<\/em><\/p><p>De acordo com o acatado e no melhor interesse do menor, o autor entende e requer que seja regulamentada a visita da seguinte forma:<\/p><p><strong>(DITAR AS FORMAS COMO SER\u00c1 AS VISITAS)<\/strong><\/p><p>Ainda, considerando os arts.\u00a0300\u00a0e seguintes do\u00a0C\u00f3digo de Processo Civil, requer a antecipa\u00e7\u00e3o dos efeitos da tutela,\u00a0inaudita altera parte, para que o requerente possa exercer de pronto seu direito de visita.<\/p><p><strong>III &#8211; DOS PEDIDOS<\/strong><\/p><p>Ante o exposto, requer:<\/p><p>a) A antecipa\u00e7\u00e3o dos efeitos da tutela de urg\u00eancia (art.\u00a0300, CPC),\u00a0inaudita altera parte, para que o autor exer\u00e7a de pronto seu direito, nos termos delineados supra, porquanto presentes, como demonstrado acima os requisitos de verossimilhan\u00e7a das alega\u00e7\u00f5es, de prova inequ\u00edvoca, bem como o fundado receio de dano irrepar\u00e1vel;<\/p><p>b) A cita\u00e7\u00e3o da r\u00e9, por correio (art.\u00a0246,\u00a0I, do\u00a0CPC), para que compare\u00e7a em audi\u00eancia instru\u00e7\u00e3o e julgamento, a ser designada por este Douto Ju\u00edzo, onde, se quiser, poder\u00e1 oferecer resposta, sob pena de sujeitar-se aos efeitos da revelia (art.\u00a0344\u00a0do\u00a0CPC);<\/p><p>c) A intima\u00e7\u00e3o do ilustre representante do Minist\u00e9rio P\u00fablico para intervir no feito\u00a0ad finem\u00a0(art. 178, II, do CPC);<\/p><p>d) A concess\u00e3o do benef\u00edcio da Justi\u00e7a Gratuita, nos termos das\u00a0Constitui\u00e7\u00e3o Federal\u00a0(art. 5\u00ba, LXXIV) e da Lei n\u00ba\u00a01.060\/1950 (art. 2\u00ba,\u00a0caput\u00a0e par\u00e1grafo \u00fanico);<\/p><p>e) A regulamenta\u00e7\u00e3o do direito de visitas, conforme T\u00edtulo:\u00a0Da Regulamenta\u00e7\u00e3o de Visitas;<\/p><p>f) Seja fixada san\u00e7\u00e3o pecuni\u00e1ria, com base no art.\u00a0814, do\u00a0CPC, no valor de metade do sal\u00e1rio m\u00ednimo vigente, na eventualidade de a r\u00e9 descumprir a decis\u00e3o que antecipe os efeitos da tutela ou a senten\u00e7a de m\u00e9rito;<\/p><p>g) O autor declara n\u00e3o ter interesse na designa\u00e7\u00e3o de audi\u00eancia de concilia\u00e7\u00e3o;<\/p><p>h) Ap\u00f3s o tr\u00e2nsito em julgado requer a certid\u00e3o dos Honor\u00e1rios do conv\u00eanio da Defensoria em seu teto m\u00e1ximo;<\/p><p>i) Que ao final seja julgada Totalmente Procedente a demanda com as condena\u00e7\u00f5es de praxe.<\/p><p>D\u00e1-se \u00e0 causa o valor de <strong>[[Expectativa\/valor da causa]]<\/strong>, nos termos do art. 292, III, do NCPC.<\/p><p>Termos em que,<\/p><p>Pede deferimento.<\/p><p>[[Cidade do escrit\u00f3rio]],\u00a0[[Dia atual]],\u00a0[[M\u00eas atual]],\u00a0[[Ano atual]].<\/p><p><strong>[[Gestores do escrit\u00f3rio]]<\/strong><\/p><figure class=\"wp-block-image size-full\"><a href=\"https:\/\/advbox.com.br\/cadastro\/\" target=\"_blank\"><img decoding=\"async\" width=\"760\" height=\"200\" src=\"https:\/\/advbox.com.br\/blog\/wp-content\/uploads\/2022\/07\/CTA-Trial-8.png\" alt=\"trial\" class=\"wp-image-43401\" srcset=\"https:\/\/advbox.com.br\/blog\/wp-content\/uploads\/2022\/07\/CTA-Trial-8.png 760w, https:\/\/advbox.com.br\/blog\/wp-content\/uploads\/2022\/07\/CTA-Trial-8-500x132.png 500w\" sizes=\"(max-width: 760px) 100vw, 760px\" loading=\"lazy\" \/><\/a><\/figure>\n","protected":false},"excerpt":{"rendered":"<p>A\u00e7\u00e3o para Regulamenta\u00e7\u00e3o de Visitas. Todo advogado sabe que n\u00e3o \u00e9 f\u00e1cil fazer um\u00a0bom banco de modelos de peti\u00e7\u00f5es, que atenda as especificidades dos diferentes processos\u00a0no dia a dia do trabalho jur\u00eddico. Isso exige muito tempo gasto com a pesquisa de peti\u00e7\u00f5es, organiza\u00e7\u00e3o dos arquivos e tamb\u00e9m com a atualiza\u00e7\u00e3o [&hellip;]<\/p>\n","protected":false},"author":44,"featured_media":43840,"parent":0,"menu_order":0,"comment_status":"closed","ping_status":"closed","template":"","meta":{"_acf_changed":false,"om_disable_all_campaigns":false,"footnotes":""},"class_list":["post-44667","page","type-page","status-publish","has-post-thumbnail","hentry"],"acf":[],"yoast_head":"<!-- This site is optimized with the Yoast SEO plugin v26.9 - https:\/\/yoast.com\/product\/yoast-seo-wordpress\/ -->\n<title>A\u00e7\u00e3o para Regulamenta\u00e7\u00e3o de Visitas<\/title>\n<meta name=\"description\" content=\"A\u00e7\u00e3o de Regulamenta\u00e7\u00e3o de Visitas - Modelos de peti\u00e7\u00f5es para voc\u00ea automatizar e agilizar o dia a dia do escrit\u00f3rio!\" \/>\n<meta name=\"robots\" content=\"index, follow, max-snippet:-1, max-image-preview:large, max-video-preview:-1\" \/>\n<link rel=\"canonical\" href=\"https:\/\/advbox.com.br\/blog\/familia-acao-para-regulamentacao-de-visitas\/\" \/>\n<meta property=\"og:locale\" content=\"pt_BR\" \/>\n<meta property=\"og:type\" content=\"article\" \/>\n<meta property=\"og:title\" content=\"A\u00e7\u00e3o para Regulamenta\u00e7\u00e3o de Visitas\" \/>\n<meta property=\"og:description\" content=\"A\u00e7\u00e3o de Regulamenta\u00e7\u00e3o de Visitas - Modelos de peti\u00e7\u00f5es para voc\u00ea automatizar e agilizar o dia a dia do escrit\u00f3rio!\" \/>\n<meta property=\"og:url\" content=\"https:\/\/advbox.com.br\/blog\/familia-acao-para-regulamentacao-de-visitas\/\" \/>\n<meta property=\"og:site_name\" content=\"Software Jur\u00eddico Completo - ADVBOX\" \/>\n<meta property=\"article:publisher\" content=\"https:\/\/www.facebook.com\/advbox\/\" \/>\n<meta property=\"article:modified_time\" content=\"2023-11-30T13:18:47+00:00\" \/>\n<meta property=\"og:image\" content=\"https:\/\/advbox.com.br\/blog\/wp-content\/uploads\/2022\/08\/DSC03834-scaled.jpg\" \/>\n\t<meta property=\"og:image:width\" content=\"1024\" \/>\n\t<meta property=\"og:image:height\" content=\"641\" \/>\n\t<meta property=\"og:image:type\" content=\"image\/jpeg\" \/>\n<meta name=\"twitter:card\" content=\"summary_large_image\" \/>\n<meta name=\"twitter:site\" content=\"@advbox2\" \/>\n<script type=\"application\/ld+json\" class=\"yoast-schema-graph\">{\"@context\":\"https:\/\/schema.org\",\"@graph\":[{\"@type\":\"WebPage\",\"@id\":\"https:\/\/advbox.com.br\/blog\/familia-acao-para-regulamentacao-de-visitas\/\",\"url\":\"https:\/\/advbox.com.br\/blog\/familia-acao-para-regulamentacao-de-visitas\/\",\"name\":\"A\u00e7\u00e3o para Regulamenta\u00e7\u00e3o de Visitas\",\"isPartOf\":{\"@id\":\"https:\/\/advbox.com.br\/blog\/#website\"},\"primaryImageOfPage\":{\"@id\":\"https:\/\/advbox.com.br\/blog\/familia-acao-para-regulamentacao-de-visitas\/#primaryimage\"},\"image\":{\"@id\":\"https:\/\/advbox.com.br\/blog\/familia-acao-para-regulamentacao-de-visitas\/#primaryimage\"},\"thumbnailUrl\":\"https:\/\/advbox.com.br\/blog\/wp-content\/uploads\/2022\/08\/DSC03834-scaled.jpg\",\"datePublished\":\"2022-09-30T21:04:12+00:00\",\"dateModified\":\"2023-11-30T13:18:47+00:00\",\"description\":\"A\u00e7\u00e3o de Regulamenta\u00e7\u00e3o de Visitas - Modelos de peti\u00e7\u00f5es para voc\u00ea automatizar e agilizar o dia a dia do escrit\u00f3rio!\",\"breadcrumb\":{\"@id\":\"https:\/\/advbox.com.br\/blog\/familia-acao-para-regulamentacao-de-visitas\/#breadcrumb\"},\"inLanguage\":\"pt-BR\",\"potentialAction\":[{\"@type\":\"ReadAction\",\"target\":[\"https:\/\/advbox.com.br\/blog\/familia-acao-para-regulamentacao-de-visitas\/\"]}]},{\"@type\":\"ImageObject\",\"inLanguage\":\"pt-BR\",\"@id\":\"https:\/\/advbox.com.br\/blog\/familia-acao-para-regulamentacao-de-visitas\/#primaryimage\",\"url\":\"https:\/\/advbox.com.br\/blog\/wp-content\/uploads\/2022\/08\/DSC03834-scaled.jpg\",\"contentUrl\":\"https:\/\/advbox.com.br\/blog\/wp-content\/uploads\/2022\/08\/DSC03834-scaled.jpg\",\"width\":1024,\"height\":641,\"caption\":\"a\u00e7\u00e3o monit\u00f3ria de nota fiscal\"},{\"@type\":\"BreadcrumbList\",\"@id\":\"https:\/\/advbox.com.br\/blog\/familia-acao-para-regulamentacao-de-visitas\/#breadcrumb\",\"itemListElement\":[{\"@type\":\"ListItem\",\"position\":1,\"name\":\"In\u00edcio\",\"item\":\"https:\/\/advbox.com.br\/blog\/\"},{\"@type\":\"ListItem\",\"position\":2,\"name\":\"Modelo de A\u00e7\u00e3o para Regulamenta\u00e7\u00e3o de Visitas\"}]},{\"@type\":\"WebSite\",\"@id\":\"https:\/\/advbox.com.br\/blog\/#website\",\"url\":\"https:\/\/advbox.com.br\/blog\/\",\"name\":\"Software Jur\u00eddico Completo - ADVBOX\",\"description\":\"Plataforma para Advocacia Digital\",\"publisher\":{\"@id\":\"https:\/\/advbox.com.br\/blog\/#organization\"},\"potentialAction\":[{\"@type\":\"SearchAction\",\"target\":{\"@type\":\"EntryPoint\",\"urlTemplate\":\"https:\/\/advbox.com.br\/blog\/?s={search_term_string}\"},\"query-input\":{\"@type\":\"PropertyValueSpecification\",\"valueRequired\":true,\"valueName\":\"search_term_string\"}}],\"inLanguage\":\"pt-BR\"},{\"@type\":\"Organization\",\"@id\":\"https:\/\/advbox.com.br\/blog\/#organization\",\"name\":\"ADVBOX Blog - Software jur\u00eddico da advocacia digital\",\"url\":\"https:\/\/advbox.com.br\/blog\/\",\"logo\":{\"@type\":\"ImageObject\",\"inLanguage\":\"pt-BR\",\"@id\":\"https:\/\/advbox.com.br\/blog\/#\/schema\/logo\/image\/\",\"url\":\"https:\/\/advbox.com.br\/blog\/wp-content\/uploads\/2019\/12\/Como-aumentar-a-produtividade_.jpg\",\"contentUrl\":\"https:\/\/advbox.com.br\/blog\/wp-content\/uploads\/2019\/12\/Como-aumentar-a-produtividade_.jpg\",\"width\":320,\"height\":213,\"caption\":\"ADVBOX Blog - Software jur\u00eddico da advocacia digital\"},\"image\":{\"@id\":\"https:\/\/advbox.com.br\/blog\/#\/schema\/logo\/image\/\"},\"sameAs\":[\"https:\/\/www.facebook.com\/advbox\/\",\"https:\/\/x.com\/advbox2\"]}]}<\/script>\n<!-- \/ Yoast SEO plugin. -->","yoast_head_json":{"title":"A\u00e7\u00e3o para Regulamenta\u00e7\u00e3o de Visitas","description":"A\u00e7\u00e3o de Regulamenta\u00e7\u00e3o de Visitas - Modelos de peti\u00e7\u00f5es para voc\u00ea automatizar e agilizar o dia a dia do escrit\u00f3rio!","robots":{"index":"index","follow":"follow","max-snippet":"max-snippet:-1","max-image-preview":"max-image-preview:large","max-video-preview":"max-video-preview:-1"},"canonical":"https:\/\/advbox.com.br\/blog\/familia-acao-para-regulamentacao-de-visitas\/","og_locale":"pt_BR","og_type":"article","og_title":"A\u00e7\u00e3o para Regulamenta\u00e7\u00e3o de Visitas","og_description":"A\u00e7\u00e3o de Regulamenta\u00e7\u00e3o de Visitas - Modelos de peti\u00e7\u00f5es para voc\u00ea automatizar e agilizar o dia a dia do escrit\u00f3rio!","og_url":"https:\/\/advbox.com.br\/blog\/familia-acao-para-regulamentacao-de-visitas\/","og_site_name":"Software Jur\u00eddico Completo - ADVBOX","article_publisher":"https:\/\/www.facebook.com\/advbox\/","article_modified_time":"2023-11-30T13:18:47+00:00","og_image":[{"width":1024,"height":641,"url":"https:\/\/advbox.com.br\/blog\/wp-content\/uploads\/2022\/08\/DSC03834-scaled.jpg","type":"image\/jpeg"}],"twitter_card":"summary_large_image","twitter_site":"@advbox2","schema":{"@context":"https:\/\/schema.org","@graph":[{"@type":"WebPage","@id":"https:\/\/advbox.com.br\/blog\/familia-acao-para-regulamentacao-de-visitas\/","url":"https:\/\/advbox.com.br\/blog\/familia-acao-para-regulamentacao-de-visitas\/","name":"A\u00e7\u00e3o para Regulamenta\u00e7\u00e3o de Visitas","isPartOf":{"@id":"https:\/\/advbox.com.br\/blog\/#website"},"primaryImageOfPage":{"@id":"https:\/\/advbox.com.br\/blog\/familia-acao-para-regulamentacao-de-visitas\/#primaryimage"},"image":{"@id":"https:\/\/advbox.com.br\/blog\/familia-acao-para-regulamentacao-de-visitas\/#primaryimage"},"thumbnailUrl":"https:\/\/advbox.com.br\/blog\/wp-content\/uploads\/2022\/08\/DSC03834-scaled.jpg","datePublished":"2022-09-30T21:04:12+00:00","dateModified":"2023-11-30T13:18:47+00:00","description":"A\u00e7\u00e3o de Regulamenta\u00e7\u00e3o de Visitas - Modelos de peti\u00e7\u00f5es para voc\u00ea automatizar e agilizar o dia a dia do escrit\u00f3rio!","breadcrumb":{"@id":"https:\/\/advbox.com.br\/blog\/familia-acao-para-regulamentacao-de-visitas\/#breadcrumb"},"inLanguage":"pt-BR","potentialAction":[{"@type":"ReadAction","target":["https:\/\/advbox.com.br\/blog\/familia-acao-para-regulamentacao-de-visitas\/"]}]},{"@type":"ImageObject","inLanguage":"pt-BR","@id":"https:\/\/advbox.com.br\/blog\/familia-acao-para-regulamentacao-de-visitas\/#primaryimage","url":"https:\/\/advbox.com.br\/blog\/wp-content\/uploads\/2022\/08\/DSC03834-scaled.jpg","contentUrl":"https:\/\/advbox.com.br\/blog\/wp-content\/uploads\/2022\/08\/DSC03834-scaled.jpg","width":1024,"height":641,"caption":"a\u00e7\u00e3o monit\u00f3ria de nota fiscal"},{"@type":"BreadcrumbList","@id":"https:\/\/advbox.com.br\/blog\/familia-acao-para-regulamentacao-de-visitas\/#breadcrumb","itemListElement":[{"@type":"ListItem","position":1,"name":"In\u00edcio","item":"https:\/\/advbox.com.br\/blog\/"},{"@type":"ListItem","position":2,"name":"Modelo de A\u00e7\u00e3o para Regulamenta\u00e7\u00e3o de Visitas"}]},{"@type":"WebSite","@id":"https:\/\/advbox.com.br\/blog\/#website","url":"https:\/\/advbox.com.br\/blog\/","name":"Software Jur\u00eddico Completo - ADVBOX","description":"Plataforma para Advocacia Digital","publisher":{"@id":"https:\/\/advbox.com.br\/blog\/#organization"},"potentialAction":[{"@type":"SearchAction","target":{"@type":"EntryPoint","urlTemplate":"https:\/\/advbox.com.br\/blog\/?s={search_term_string}"},"query-input":{"@type":"PropertyValueSpecification","valueRequired":true,"valueName":"search_term_string"}}],"inLanguage":"pt-BR"},{"@type":"Organization","@id":"https:\/\/advbox.com.br\/blog\/#organization","name":"ADVBOX Blog - Software jur\u00eddico da advocacia digital","url":"https:\/\/advbox.com.br\/blog\/","logo":{"@type":"ImageObject","inLanguage":"pt-BR","@id":"https:\/\/advbox.com.br\/blog\/#\/schema\/logo\/image\/","url":"https:\/\/advbox.com.br\/blog\/wp-content\/uploads\/2019\/12\/Como-aumentar-a-produtividade_.jpg","contentUrl":"https:\/\/advbox.com.br\/blog\/wp-content\/uploads\/2019\/12\/Como-aumentar-a-produtividade_.jpg","width":320,"height":213,"caption":"ADVBOX Blog - Software jur\u00eddico da advocacia digital"},"image":{"@id":"https:\/\/advbox.com.br\/blog\/#\/schema\/logo\/image\/"},"sameAs":["https:\/\/www.facebook.com\/advbox\/","https:\/\/x.com\/advbox2"]}]}},"_links":{"self":[{"href":"https:\/\/advbox.com.br\/blog\/wp-json\/wp\/v2\/pages\/44667","targetHints":{"allow":["GET"]}}],"collection":[{"href":"https:\/\/advbox.com.br\/blog\/wp-json\/wp\/v2\/pages"}],"about":[{"href":"https:\/\/advbox.com.br\/blog\/wp-json\/wp\/v2\/types\/page"}],"author":[{"embeddable":true,"href":"https:\/\/advbox.com.br\/blog\/wp-json\/wp\/v2\/users\/44"}],"replies":[{"embeddable":true,"href":"https:\/\/advbox.com.br\/blog\/wp-json\/wp\/v2\/comments?post=44667"}],"version-history":[{"count":3,"href":"https:\/\/advbox.com.br\/blog\/wp-json\/wp\/v2\/pages\/44667\/revisions"}],"predecessor-version":[{"id":59150,"href":"https:\/\/advbox.com.br\/blog\/wp-json\/wp\/v2\/pages\/44667\/revisions\/59150"}],"wp:featuredmedia":[{"embeddable":true,"href":"https:\/\/advbox.com.br\/blog\/wp-json\/wp\/v2\/media\/43840"}],"wp:attachment":[{"href":"https:\/\/advbox.com.br\/blog\/wp-json\/wp\/v2\/media?parent=44667"}],"curies":[{"name":"wp","href":"https:\/\/api.w.org\/{rel}","templated":true}]}}