{"id":47574,"date":"2022-10-24T15:23:52","date_gmt":"2022-10-24T18:23:52","guid":{"rendered":"https:\/\/advbox.com.br\/blog\/?page_id=47574"},"modified":"2026-01-05T16:46:27","modified_gmt":"2026-01-05T19:46:27","slug":"familia-acao-revisional-de-alimentos-para-pai-desempregado","status":"publish","type":"page","link":"https:\/\/advbox.com.br\/blog\/familia-acao-revisional-de-alimentos-para-pai-desempregado\/","title":{"rendered":"Modelo de A\u00e7\u00e3o Revisional de alimentos para pai desempregado"},"content":{"rendered":"\n<p>A\u00e7\u00e3o Revisional de Alimentos para Pai Desempregado.<\/p>\n\n\n\n<p>Todo advogado sabe que n\u00e3o \u00e9 f\u00e1cil fazer um&nbsp;<strong>bom banco de modelos de peti\u00e7\u00f5es, que atenda as especificidades dos diferentes processos&nbsp;<\/strong>no dia a dia do trabalho jur\u00eddico.<\/p>\n\n\n\n<p>Isso exige muito tempo gasto com a pesquisa de peti\u00e7\u00f5es, organiza\u00e7\u00e3o dos arquivos e tamb\u00e9m com a atualiza\u00e7\u00e3o das pe\u00e7as conforme mudan\u00e7as de jurisprud\u00eancia regional ou altera\u00e7\u00f5es em entendimentos de tribunais superiores.<\/p>\n\n\n\n<p>Por\u00e9m, com a plataforma certa para advocacia digital, \u00e9 poss\u00edvel economizar todo esse tempo gasto<strong>. Basta um \u00fanico membro da equipe atualizar ou alterar algum modelo de pe\u00e7a processual no sistema para atualizar para todos usu\u00e1rios da plataforma!<\/strong><\/p>\n\n\n\n<p>Dessa forma \u00e9 poss\u00edvel\u00a0<strong>acelerar a produtividade do trabalho jur\u00eddico<\/strong>\u00a0de maneira bem relevante, al\u00e9m de potencializar ainda mais o crescimento do seu escrit\u00f3rio com os v\u00e1rios outros recursos das ferramentas de advocacia digital.\u00a0<strong>Clique abaixo e saiba mais!<\/strong><\/p>\n\n\n\n<figure class=\"wp-block-image size-full\"><a href=\"https:\/\/advbox.com.br\/blog\/como-automatizar-seus-modelos-de-peticoes\/\" target=\"_blank\"><img fetchpriority=\"high\" decoding=\"async\" width=\"1024\" height=\"270\" src=\"https:\/\/advbox.com.br\/blog\/wp-content\/uploads\/2025\/12\/CTA-REBRANDING-17.webp\" alt=\"Banner com imagem ilustrativa de peti\u00e7\u00f5es automatizadas, destacando redu\u00e7\u00e3o de erros e ganho de escala na automa\u00e7\u00e3o jur\u00eddica para advogados\" class=\"wp-image-79760\" srcset=\"https:\/\/advbox.com.br\/blog\/wp-content\/uploads\/2025\/12\/CTA-REBRANDING-17.webp 1024w, https:\/\/advbox.com.br\/blog\/wp-content\/uploads\/2025\/12\/CTA-REBRANDING-17-500x132.webp 500w, https:\/\/advbox.com.br\/blog\/wp-content\/uploads\/2025\/12\/CTA-REBRANDING-17-768x203.webp 768w, https:\/\/advbox.com.br\/blog\/wp-content\/uploads\/2025\/12\/CTA-REBRANDING-17-150x40.webp 150w\" sizes=\"(max-width: 1024px) 100vw, 1024px\" \/><\/a><\/figure>\n\n\n\n<p><strong>EXCELENT\u00cdSSIMO(A)&nbsp;SENHOR(A) DOUTOR(A) JUIZ(A)&nbsp;DE DIREITO DA&nbsp;<\/strong>____________<strong>VARA DE FAM\u00cdLIA DA&nbsp;<\/strong>____________<strong>&nbsp;DE&nbsp;<\/strong>____________<strong>\/<\/strong>____________<strong>.<\/strong><\/p>\n\n\n\n<p>____________,&nbsp;____________,&nbsp;____________,&nbsp;____________,&nbsp;____________,&nbsp;nascido(a)&nbsp;em&nbsp;____________, &nbsp;inscrito(a) no CPF sob n\u00ba&nbsp;____________, RG sob n\u00ba&nbsp;____________, residente e domiciliado(a) na&nbsp;____________,&nbsp;____________\/____________, CEP XXXX,&nbsp;com endere\u00e7o eletr\u00f4nico&nbsp;____________, representado nesta a\u00e7\u00e3o por seu\/sua advogado(a),&nbsp;(nome do advogado), advogado, conforme procura\u00e7\u00e3o anexa, com endere\u00e7o profissional na&nbsp;Avenida (&#8230;), bairro (&#8230;), CEP (&#8230;), cidade de (&#8230;),&nbsp;(&#8230;)\/(&#8230;), vem respeitosamente \u00e0 presen\u00e7a de Vossa Excel\u00eancia, conforme os fundamentos de fato e de direito postos a seguir, propor a presente&nbsp;<\/p>\n\n\n\n<p><strong>A\u00c7\u00c3O REVISIONAL DE ALIMENTOS COM PEDIDO DE ANTECIPA\u00c7\u00c3O DE TUTELA<\/strong><\/p>\n\n\n\n<p>em face de&nbsp;____________, (indicar se \u00e9 pessoa f\u00edsica ou jur\u00eddica), com CPF\/CNPJ sob n\u00ba \u2026, com sede na Rua \u2026, n\u00ba&nbsp;\u2026, bairro &#8230;, CEP: \u2026, Munic\u00edpio\u2013 UF, pelas raz\u00f5es de fato e de direito que passa a aduzir e no final requer:<\/p>\n\n\n\n<p><strong>I &#8211; DOS FATOS<\/strong><\/p>\n\n\n\n<p>O Requerente \u00e9 pai do Requerido, sendo este benefici\u00e1rio de alimentos em decorr\u00eancia de acordo formulado nos autos da a\u00e7\u00e3o de Separa\u00e7\u00e3o Judicial, Div\u00f3rcio ou Alimentos, que tramitou perante XX\u00aa&nbsp;Vara (especificar),&nbsp;sob n\u00ba XX, onde restou pactuado que o alimentante pagaria mensalmente \u00e0quele, XX% (XX por cento)&nbsp;de seus rendimentos l\u00edquidos, com incid\u00eancia sobre todos os rendimentos, inclusive comiss\u00e3o, abonos, verbas rescis\u00f3rias e FGTS, conforme c\u00f3pia da senten\u00e7a inclusa.<\/p>\n\n\n\n<p>De se registrar que, naquela \u00e9poca, os alimentos atendiam \u00e0s necessidades do menor, assim como estava dentro das possibilidades do Autor.<\/p>\n\n\n\n<p>Por\u00e9m, atualmente a situa\u00e7\u00e3o \u00e9 diversa, porquanto o Autor vem arcando mensalmente com especificar outras despesas que o r\u00e9u possui.<\/p>\n\n\n\n<p>Com efeito, ficou desempregado durante (indicar os meses), tendo sido compelido a solicitar&nbsp;empr\u00e9stimo para o pagamento dos alimentos pactuados.<\/p>\n\n\n\n<p>Cabe ressaltar, por outro lado, que a m\u00e3e do menor, por sua vez, trabalha especificar a profiss\u00e3o da m\u00e3e do menor ganhando em torno de R$ XX (reais), estando, portanto, possibilitada em arcar com as despesas e maiores cuidados da crian\u00e7a.<\/p>\n\n\n\n<p><strong>II &#8211; DA ANTECIPA\u00c7\u00c3O DE TUTELA<\/strong><\/p>\n\n\n\n<p>Disp\u00f5e o art. 294, do C\u00f3digo de Processo Civil:<\/p>\n\n\n\n<p><em>\u201cA tutela provis\u00f3ria pode fundamentar-se em urg\u00eancia ou evid\u00eancia.<\/em><\/p>\n\n\n\n<p><em>Par\u00e1grafo \u00fanico \u2013 A tutela provis\u00f3ria de urg\u00eancia, cautelar ou antecipada, pode ser concedida em carater antecedente ou incidental.\u201d<\/em><\/p>\n\n\n\n<p>O Requerente pleiteia a antecipa\u00e7\u00e3o da tutela, ou seja, a imediata exclus\u00e3o, da obriga\u00e7\u00e3o alimentar, dos acr\u00e9scimos salariais a t\u00edtulo de f\u00e9rias, 13\u00ba sal\u00e1rio, horas extras, etc., objetivando a nova estabiliza\u00e7\u00e3o financeira do Autor, que at\u00e9 hoje sofre as consequ\u00eancias do desemprego sofrido.<\/p>\n\n\n\n<p>A medida mostra-se inexor\u00e1vel, uma vez que a demora poder\u00e1 acarretar danos irrepar\u00e1veis ao Requerente, que necessita de maiores recursos para prover a pr\u00f3pria subsist\u00eancia.<\/p>\n\n\n\n<p><strong>III &#8211; DO DIREITO<\/strong><\/p>\n\n\n\n<p>Conforme o art. 1.699, do C\u00f3digo Civil, in verbis:<\/p>\n\n\n\n<p><em>\u201cSe, fixados os alimentos, sobrevier mudan\u00e7a na situa\u00e7\u00e3o financeira de quem os supre, ou na de quem os recebe, poder\u00e1 o interessado reclamar ao juiz, conforme as circunst\u00e2ncias, exonera\u00e7\u00e3o, redu\u00e7\u00e3o ou majora\u00e7\u00e3o do encargo.\u201d<\/em><\/p>\n\n\n\n<p>Tendo em vista que o Autor passou por grande dificuldade financeira, arcando at\u00e9 os dias de hoje com os preju\u00edzos de um desemprego, diminui-se sua capacidade financeira, dessa forma, pleiteia-se a redu\u00e7\u00e3o da pens\u00e3o aliment\u00edcia prestada de Requerente com a exclus\u00e3o, da obriga\u00e7\u00e3o alimentar, dos acr\u00e9scimos salariais a t\u00edtulo de f\u00e9rias, 13\u00ba sal\u00e1rio, horas extras, etc.<\/p>\n\n\n\n<p>(Nesse sentido, citar doutrina e jurisprud\u00eancia).<\/p>\n\n\n\n<p><strong>IV &#8211; DOS PEDIDOS<\/strong><\/p>\n\n\n\n<p>Diante do exposto, requer digne-se Vossa Excel\u00eancia em determinar:<\/p>\n\n\n\n<p>a) A&nbsp;cita\u00e7\u00e3o do Requerido, na pessoa de seu representante legal, para, querendo, apresentar resposta \u00e0 presente a\u00e7\u00e3o, sob pena de revelia nos termos do artigo 344, do CPC;<\/p>\n\n\n\n<p>b) A&nbsp;designa\u00e7\u00e3o de audi\u00eancia de concilia\u00e7\u00e3o, instru\u00e7\u00e3o e julgamento;<\/p>\n\n\n\n<p>c) A&nbsp;antecipa\u00e7\u00e3o da tutela para a exclus\u00e3o da incid\u00eancia dos alimentos pagos sobre os rendimentos a t\u00edtulo de f\u00e9rias, 13\u00ba sal\u00e1rio, horas extras, etc., incidindo exclusivamente sobre os rendimentos l\u00edquidos inerentes ao sal\u00e1rio base;<\/p>\n\n\n\n<p>d) A&nbsp;manifesta\u00e7\u00e3o do representante do Minist\u00e9rio P\u00fablico, nos moldes do artigo 178, I, do CPC;<\/p>\n\n\n\n<p>e) A&nbsp;total proced\u00eancia do pedido ora exposto, com a redu\u00e7\u00e3o dos alimentos devidos ao menor para que corresponda a XX% (XX por cento) dos rendimentos l\u00edquidos relativos ao sal\u00e1rio base, por\u00e9m sem incid\u00eancia sobre f\u00e9rias, verbas rescis\u00f3rias, horas extras, abonos, etc;<\/p>\n\n\n\n<p>f) A&nbsp;condena\u00e7\u00e3o do Requerido ao pagamento das custas processuais e honor\u00e1rios advocat\u00edcios;<\/p>\n\n\n\n<p>g)&nbsp;Pretende provar o alegado por todos os meios de prova em direito admitidos, especialmente a juntada de documentos e a oitiva de testemunhas.<\/p>\n\n\n\n<p>D\u00e1-se \u00e0 causa o valor de&nbsp;____________, nos termos do art. 292, III, do NCPC.<\/p>\n\n\n\n<p>Termos em que,<\/p>\n\n\n\n<p>Pede deferimento.<\/p>\n\n\n\n<p>(cidade), (dia), (m\u00eas) de (ano).<\/p>\n\n\n\n<p>Conhe\u00e7a a ADVBOX e veja como uma gest\u00e3o bem estruturada libera tempo, reduz riscos operacionais e fortalece uma advocacia comprometida com impacto e excel\u00eancia profissional.<\/p>\n\n\n<p><a href=\"https:\/\/app.advbox.com.br\/register\" target=\"_blank\"><img decoding=\"async\" src=\"https:\/\/advbox.com.br\/blog\/wp-content\/uploads\/2025\/12\/CTA-REBRANDING-19.webp\" alt=\"Banner com imagem ilustrativa sobre medir produtividade na advocacia sem microgest\u00e3o, destacando metodologia de gest\u00e3o jur\u00eddica para equipes de advogados\" width=\"1024\" height=\"270\" class=\"alignnone size-full wp-image-79762\" srcset=\"https:\/\/advbox.com.br\/blog\/wp-content\/uploads\/2025\/12\/CTA-REBRANDING-19.webp 1024w, https:\/\/advbox.com.br\/blog\/wp-content\/uploads\/2025\/12\/CTA-REBRANDING-19-500x132.webp 500w, https:\/\/advbox.com.br\/blog\/wp-content\/uploads\/2025\/12\/CTA-REBRANDING-19-768x203.webp 768w, https:\/\/advbox.com.br\/blog\/wp-content\/uploads\/2025\/12\/CTA-REBRANDING-19-150x40.webp 150w\" sizes=\"(max-width: 1024px) 100vw, 1024px\" loading=\"lazy\" \/><\/a><\/p>","protected":false},"excerpt":{"rendered":"<p>A\u00e7\u00e3o Revisional de Alimentos para Pai Desempregado. Todo advogado sabe que n\u00e3o \u00e9 f\u00e1cil fazer um&nbsp;bom banco de modelos de peti\u00e7\u00f5es, que atenda as especificidades dos diferentes processos&nbsp;no dia a dia do trabalho jur\u00eddico. Isso exige muito tempo gasto com a pesquisa de peti\u00e7\u00f5es, organiza\u00e7\u00e3o dos arquivos e tamb\u00e9m com [&hellip;]<\/p>\n","protected":false},"author":44,"featured_media":79776,"parent":0,"menu_order":0,"comment_status":"closed","ping_status":"closed","template":"","meta":{"_acf_changed":false,"om_disable_all_campaigns":false,"footnotes":""},"class_list":["post-47574","page","type-page","status-publish","has-post-thumbnail","hentry"],"acf":[],"yoast_head":"<!-- This site is optimized with the Yoast SEO plugin v26.9 - https:\/\/yoast.com\/product\/yoast-seo-wordpress\/ -->\n<title>Modelo de A\u00e7\u00e3o Revisional de alimentos para pai desempregado<\/title>\n<meta name=\"description\" content=\"Disponibilizamos para voc\u00ea um modelo de A\u00e7\u00e3o Revisional de alimentos para pai desempregado. ADVBOX\" \/>\n<meta name=\"robots\" content=\"index, follow, max-snippet:-1, max-image-preview:large, max-video-preview:-1\" \/>\n<link rel=\"canonical\" href=\"https:\/\/advbox.com.br\/blog\/familia-acao-revisional-de-alimentos-para-pai-desempregado\/\" \/>\n<meta property=\"og:locale\" content=\"pt_BR\" \/>\n<meta property=\"og:type\" content=\"article\" \/>\n<meta property=\"og:title\" content=\"Modelo de A\u00e7\u00e3o Revisional de alimentos para pai desempregado\" \/>\n<meta property=\"og:description\" content=\"Disponibilizamos para voc\u00ea um modelo de A\u00e7\u00e3o Revisional de alimentos para pai desempregado. ADVBOX\" \/>\n<meta property=\"og:url\" content=\"https:\/\/advbox.com.br\/blog\/familia-acao-revisional-de-alimentos-para-pai-desempregado\/\" \/>\n<meta property=\"og:site_name\" content=\"Software Jur\u00eddico Completo - ADVBOX\" \/>\n<meta property=\"article:publisher\" content=\"https:\/\/www.facebook.com\/advbox\/\" \/>\n<meta property=\"article:modified_time\" content=\"2026-01-05T19:46:27+00:00\" \/>\n<meta property=\"og:image\" content=\"https:\/\/advbox.com.br\/blog\/wp-content\/uploads\/2025\/12\/sobrestamento-1.jpg\" \/>\n\t<meta property=\"og:image:width\" content=\"1024\" \/>\n\t<meta property=\"og:image:height\" content=\"576\" \/>\n\t<meta property=\"og:image:type\" content=\"image\/jpeg\" \/>\n<meta name=\"twitter:card\" content=\"summary_large_image\" \/>\n<meta name=\"twitter:site\" content=\"@advbox2\" \/>\n<script type=\"application\/ld+json\" class=\"yoast-schema-graph\">{\"@context\":\"https:\/\/schema.org\",\"@graph\":[{\"@type\":\"WebPage\",\"@id\":\"https:\/\/advbox.com.br\/blog\/familia-acao-revisional-de-alimentos-para-pai-desempregado\/\",\"url\":\"https:\/\/advbox.com.br\/blog\/familia-acao-revisional-de-alimentos-para-pai-desempregado\/\",\"name\":\"Modelo de A\u00e7\u00e3o Revisional de alimentos para pai desempregado\",\"isPartOf\":{\"@id\":\"https:\/\/advbox.com.br\/blog\/#website\"},\"primaryImageOfPage\":{\"@id\":\"https:\/\/advbox.com.br\/blog\/familia-acao-revisional-de-alimentos-para-pai-desempregado\/#primaryimage\"},\"image\":{\"@id\":\"https:\/\/advbox.com.br\/blog\/familia-acao-revisional-de-alimentos-para-pai-desempregado\/#primaryimage\"},\"thumbnailUrl\":\"https:\/\/advbox.com.br\/blog\/wp-content\/uploads\/2025\/12\/sobrestamento-1.jpg\",\"datePublished\":\"2022-10-24T18:23:52+00:00\",\"dateModified\":\"2026-01-05T19:46:27+00:00\",\"description\":\"Disponibilizamos para voc\u00ea um modelo de A\u00e7\u00e3o Revisional de alimentos para pai desempregado. ADVBOX\",\"breadcrumb\":{\"@id\":\"https:\/\/advbox.com.br\/blog\/familia-acao-revisional-de-alimentos-para-pai-desempregado\/#breadcrumb\"},\"inLanguage\":\"pt-BR\",\"potentialAction\":[{\"@type\":\"ReadAction\",\"target\":[\"https:\/\/advbox.com.br\/blog\/familia-acao-revisional-de-alimentos-para-pai-desempregado\/\"]}]},{\"@type\":\"ImageObject\",\"inLanguage\":\"pt-BR\",\"@id\":\"https:\/\/advbox.com.br\/blog\/familia-acao-revisional-de-alimentos-para-pai-desempregado\/#primaryimage\",\"url\":\"https:\/\/advbox.com.br\/blog\/wp-content\/uploads\/2025\/12\/sobrestamento-1.jpg\",\"contentUrl\":\"https:\/\/advbox.com.br\/blog\/wp-content\/uploads\/2025\/12\/sobrestamento-1.jpg\",\"width\":1024,\"height\":576,\"caption\":\"Banner institucional da ADVBOX com elemento visual abstrato em tons de azul, representando estrutura, tecnologia e identidade visual da marca\"},{\"@type\":\"BreadcrumbList\",\"@id\":\"https:\/\/advbox.com.br\/blog\/familia-acao-revisional-de-alimentos-para-pai-desempregado\/#breadcrumb\",\"itemListElement\":[{\"@type\":\"ListItem\",\"position\":1,\"name\":\"In\u00edcio\",\"item\":\"https:\/\/advbox.com.br\/blog\/\"},{\"@type\":\"ListItem\",\"position\":2,\"name\":\"Modelo de A\u00e7\u00e3o Revisional de alimentos para pai desempregado\"}]},{\"@type\":\"WebSite\",\"@id\":\"https:\/\/advbox.com.br\/blog\/#website\",\"url\":\"https:\/\/advbox.com.br\/blog\/\",\"name\":\"Software Jur\u00eddico Completo - ADVBOX\",\"description\":\"Plataforma para Advocacia Digital\",\"publisher\":{\"@id\":\"https:\/\/advbox.com.br\/blog\/#organization\"},\"potentialAction\":[{\"@type\":\"SearchAction\",\"target\":{\"@type\":\"EntryPoint\",\"urlTemplate\":\"https:\/\/advbox.com.br\/blog\/?s={search_term_string}\"},\"query-input\":{\"@type\":\"PropertyValueSpecification\",\"valueRequired\":true,\"valueName\":\"search_term_string\"}}],\"inLanguage\":\"pt-BR\"},{\"@type\":\"Organization\",\"@id\":\"https:\/\/advbox.com.br\/blog\/#organization\",\"name\":\"ADVBOX Blog - Software jur\u00eddico da advocacia digital\",\"url\":\"https:\/\/advbox.com.br\/blog\/\",\"logo\":{\"@type\":\"ImageObject\",\"inLanguage\":\"pt-BR\",\"@id\":\"https:\/\/advbox.com.br\/blog\/#\/schema\/logo\/image\/\",\"url\":\"https:\/\/advbox.com.br\/blog\/wp-content\/uploads\/2019\/12\/Como-aumentar-a-produtividade_.jpg\",\"contentUrl\":\"https:\/\/advbox.com.br\/blog\/wp-content\/uploads\/2019\/12\/Como-aumentar-a-produtividade_.jpg\",\"width\":320,\"height\":213,\"caption\":\"ADVBOX Blog - Software jur\u00eddico da advocacia digital\"},\"image\":{\"@id\":\"https:\/\/advbox.com.br\/blog\/#\/schema\/logo\/image\/\"},\"sameAs\":[\"https:\/\/www.facebook.com\/advbox\/\",\"https:\/\/x.com\/advbox2\"]}]}<\/script>\n<!-- \/ Yoast SEO plugin. -->","yoast_head_json":{"title":"Modelo de A\u00e7\u00e3o Revisional de alimentos para pai desempregado","description":"Disponibilizamos para voc\u00ea um modelo de A\u00e7\u00e3o Revisional de alimentos para pai desempregado. ADVBOX","robots":{"index":"index","follow":"follow","max-snippet":"max-snippet:-1","max-image-preview":"max-image-preview:large","max-video-preview":"max-video-preview:-1"},"canonical":"https:\/\/advbox.com.br\/blog\/familia-acao-revisional-de-alimentos-para-pai-desempregado\/","og_locale":"pt_BR","og_type":"article","og_title":"Modelo de A\u00e7\u00e3o Revisional de alimentos para pai desempregado","og_description":"Disponibilizamos para voc\u00ea um modelo de A\u00e7\u00e3o Revisional de alimentos para pai desempregado. ADVBOX","og_url":"https:\/\/advbox.com.br\/blog\/familia-acao-revisional-de-alimentos-para-pai-desempregado\/","og_site_name":"Software Jur\u00eddico Completo - ADVBOX","article_publisher":"https:\/\/www.facebook.com\/advbox\/","article_modified_time":"2026-01-05T19:46:27+00:00","og_image":[{"width":1024,"height":576,"url":"https:\/\/advbox.com.br\/blog\/wp-content\/uploads\/2025\/12\/sobrestamento-1.jpg","type":"image\/jpeg"}],"twitter_card":"summary_large_image","twitter_site":"@advbox2","schema":{"@context":"https:\/\/schema.org","@graph":[{"@type":"WebPage","@id":"https:\/\/advbox.com.br\/blog\/familia-acao-revisional-de-alimentos-para-pai-desempregado\/","url":"https:\/\/advbox.com.br\/blog\/familia-acao-revisional-de-alimentos-para-pai-desempregado\/","name":"Modelo de A\u00e7\u00e3o Revisional de alimentos para pai desempregado","isPartOf":{"@id":"https:\/\/advbox.com.br\/blog\/#website"},"primaryImageOfPage":{"@id":"https:\/\/advbox.com.br\/blog\/familia-acao-revisional-de-alimentos-para-pai-desempregado\/#primaryimage"},"image":{"@id":"https:\/\/advbox.com.br\/blog\/familia-acao-revisional-de-alimentos-para-pai-desempregado\/#primaryimage"},"thumbnailUrl":"https:\/\/advbox.com.br\/blog\/wp-content\/uploads\/2025\/12\/sobrestamento-1.jpg","datePublished":"2022-10-24T18:23:52+00:00","dateModified":"2026-01-05T19:46:27+00:00","description":"Disponibilizamos para voc\u00ea um modelo de A\u00e7\u00e3o Revisional de alimentos para pai desempregado. ADVBOX","breadcrumb":{"@id":"https:\/\/advbox.com.br\/blog\/familia-acao-revisional-de-alimentos-para-pai-desempregado\/#breadcrumb"},"inLanguage":"pt-BR","potentialAction":[{"@type":"ReadAction","target":["https:\/\/advbox.com.br\/blog\/familia-acao-revisional-de-alimentos-para-pai-desempregado\/"]}]},{"@type":"ImageObject","inLanguage":"pt-BR","@id":"https:\/\/advbox.com.br\/blog\/familia-acao-revisional-de-alimentos-para-pai-desempregado\/#primaryimage","url":"https:\/\/advbox.com.br\/blog\/wp-content\/uploads\/2025\/12\/sobrestamento-1.jpg","contentUrl":"https:\/\/advbox.com.br\/blog\/wp-content\/uploads\/2025\/12\/sobrestamento-1.jpg","width":1024,"height":576,"caption":"Banner institucional da ADVBOX com elemento visual abstrato em tons de azul, representando estrutura, tecnologia e identidade visual da marca"},{"@type":"BreadcrumbList","@id":"https:\/\/advbox.com.br\/blog\/familia-acao-revisional-de-alimentos-para-pai-desempregado\/#breadcrumb","itemListElement":[{"@type":"ListItem","position":1,"name":"In\u00edcio","item":"https:\/\/advbox.com.br\/blog\/"},{"@type":"ListItem","position":2,"name":"Modelo de A\u00e7\u00e3o Revisional de alimentos para pai desempregado"}]},{"@type":"WebSite","@id":"https:\/\/advbox.com.br\/blog\/#website","url":"https:\/\/advbox.com.br\/blog\/","name":"Software Jur\u00eddico Completo - ADVBOX","description":"Plataforma para Advocacia Digital","publisher":{"@id":"https:\/\/advbox.com.br\/blog\/#organization"},"potentialAction":[{"@type":"SearchAction","target":{"@type":"EntryPoint","urlTemplate":"https:\/\/advbox.com.br\/blog\/?s={search_term_string}"},"query-input":{"@type":"PropertyValueSpecification","valueRequired":true,"valueName":"search_term_string"}}],"inLanguage":"pt-BR"},{"@type":"Organization","@id":"https:\/\/advbox.com.br\/blog\/#organization","name":"ADVBOX Blog - Software jur\u00eddico da advocacia digital","url":"https:\/\/advbox.com.br\/blog\/","logo":{"@type":"ImageObject","inLanguage":"pt-BR","@id":"https:\/\/advbox.com.br\/blog\/#\/schema\/logo\/image\/","url":"https:\/\/advbox.com.br\/blog\/wp-content\/uploads\/2019\/12\/Como-aumentar-a-produtividade_.jpg","contentUrl":"https:\/\/advbox.com.br\/blog\/wp-content\/uploads\/2019\/12\/Como-aumentar-a-produtividade_.jpg","width":320,"height":213,"caption":"ADVBOX Blog - Software jur\u00eddico da advocacia digital"},"image":{"@id":"https:\/\/advbox.com.br\/blog\/#\/schema\/logo\/image\/"},"sameAs":["https:\/\/www.facebook.com\/advbox\/","https:\/\/x.com\/advbox2"]}]}},"_links":{"self":[{"href":"https:\/\/advbox.com.br\/blog\/wp-json\/wp\/v2\/pages\/47574","targetHints":{"allow":["GET"]}}],"collection":[{"href":"https:\/\/advbox.com.br\/blog\/wp-json\/wp\/v2\/pages"}],"about":[{"href":"https:\/\/advbox.com.br\/blog\/wp-json\/wp\/v2\/types\/page"}],"author":[{"embeddable":true,"href":"https:\/\/advbox.com.br\/blog\/wp-json\/wp\/v2\/users\/44"}],"replies":[{"embeddable":true,"href":"https:\/\/advbox.com.br\/blog\/wp-json\/wp\/v2\/comments?post=47574"}],"version-history":[{"count":4,"href":"https:\/\/advbox.com.br\/blog\/wp-json\/wp\/v2\/pages\/47574\/revisions"}],"predecessor-version":[{"id":81050,"href":"https:\/\/advbox.com.br\/blog\/wp-json\/wp\/v2\/pages\/47574\/revisions\/81050"}],"wp:featuredmedia":[{"embeddable":true,"href":"https:\/\/advbox.com.br\/blog\/wp-json\/wp\/v2\/media\/79776"}],"wp:attachment":[{"href":"https:\/\/advbox.com.br\/blog\/wp-json\/wp\/v2\/media?parent=47574"}],"curies":[{"name":"wp","href":"https:\/\/api.w.org\/{rel}","templated":true}]}}