{"id":47578,"date":"2022-10-24T15:34:33","date_gmt":"2022-10-24T18:34:33","guid":{"rendered":"https:\/\/advbox.com.br\/blog\/?page_id=47578"},"modified":"2023-11-30T10:18:26","modified_gmt":"2023-11-30T13:18:26","slug":"familia-contestacao-de-divorcio-litigioso-bens","status":"publish","type":"page","link":"https:\/\/advbox.com.br\/blog\/familia-contestacao-de-divorcio-litigioso-bens\/","title":{"rendered":"Modelo de Contesta\u00e7\u00e3o de Div\u00f3rcio Litigioso com Bens"},"content":{"rendered":"<p>Contesta\u00e7\u00e3o de Div\u00f3rcio Litigioso com Bens.<\/p><p>Todo advogado sabe que n\u00e3o \u00e9 f\u00e1cil fazer um\u00a0<strong>bom banco de modelos de peti\u00e7\u00f5es, que atenda as especificidades dos diferentes processos\u00a0<\/strong>no dia a dia do trabalho jur\u00eddico.<\/p><p>Isso exige muito tempo gasto com a pesquisa de peti\u00e7\u00f5es, organiza\u00e7\u00e3o dos arquivos e tamb\u00e9m com a atualiza\u00e7\u00e3o das pe\u00e7as conforme mudan\u00e7as de jurisprud\u00eancia regional ou altera\u00e7\u00f5es em entendimentos de tribunais superiores.<\/p><p>Por\u00e9m, com a plataforma certa para advocacia digital, \u00e9 poss\u00edvel economizar todo esse tempo gasto<strong>. Basta um \u00fanico membro da equipe atualizar ou alterar algum modelo de pe\u00e7a processual no sistema para atualizar para todos usu\u00e1rios da plataforma!<\/strong><\/p><p>Dessa forma \u00e9 poss\u00edvel\u00a0<strong>acelerar a produtividade do trabalho jur\u00eddico<\/strong>\u00a0de maneira bem relevante, al\u00e9m de potencializar ainda mais o crescimento do seu escrit\u00f3rio com os v\u00e1rios outros recursos das ferramentas de advocacia digital.\u00a0<a href=\"https:\/\/advbox.com.br\/blog\/como-automatizar-seus-modelos-de-peticoes\/\" target=\"_blank\"><strong>Clique abaixo e saiba mais!<\/strong><\/a><\/p><figure class=\"wp-block-image size-large\"><a href=\"https:\/\/materiais.advbox.com.br\/manual-controladoria-juridica-digital-advbox\" target=\"_blank\"><img fetchpriority=\"high\" decoding=\"async\" width=\"1024\" height=\"284\" src=\"https:\/\/advbox.com.br\/blog\/wp-content\/uploads\/2022\/09\/ssbz8wim2wn-1024x284.png\" alt=\"controladoria jur\u00eddica\" class=\"wp-image-44187\" srcset=\"https:\/\/advbox.com.br\/blog\/wp-content\/uploads\/2022\/09\/ssbz8wim2wn.png 1024w, https:\/\/advbox.com.br\/blog\/wp-content\/uploads\/2022\/09\/ssbz8wim2wn-500x139.png 500w, https:\/\/advbox.com.br\/blog\/wp-content\/uploads\/2022\/09\/ssbz8wim2wn-768x213.png 768w\" sizes=\"(max-width: 1024px) 100vw, 1024px\" \/><\/a><\/figure><p><strong>EXCELENT\u00cdSSIMO(A)\u00a0SENHOR(A)\u00a0JUIZ(A)\u00a0DE DIREITO DA\u00a0<\/strong>____________<strong>\u00aa\u00a0<\/strong><strong>VARA DE FAM\u00cdLIA DA\u00a0<\/strong>____________<strong>\u00a0DE\u00a0<\/strong>____________<strong>\/<\/strong>____________<strong>.<\/strong><\/p><p><strong>PROCESSO N\u00ba\u00a0<\/strong>____________<strong>.<\/strong><\/p><p>____________, j\u00e1 devidamente qualificada nos autos\u00a0em ep\u00edgrafe, vem respeitosamente \u00e0 presen\u00e7a de Vossa Excel\u00eancia, por meio de seu advogado\u00a0in fine\u00a0assinado, com procura\u00e7\u00e3o anexa, apresentar, com fulcro nos arts. 335 e seguintes do C\u00f3digo de Processo Civil,<\/p><p><strong>CONTESTA\u00c7\u00c3O \u00c0 A\u00c7\u00c3O DE DIV\u00d3RCIO LITIGIOSO<\/strong><br>\u00a0<\/p><p>proposta por\u00a0____________<strong>,\u00a0<\/strong>com maiores qualifica\u00e7\u00f5es no processo em ep\u00edgrafe, pelos fatos e fundamentos que passa a expor:<\/p><p><strong>I &#8211; DA JUSTI\u00c7A GRATUITA<\/strong>\u00a0<\/p><p>A Autora n\u00e3o pode arcar com as custas do processo, por ser pobre na forma da lei, conforme declara neste ato. Requer assim, desde j\u00e1, o benef\u00edcio da gratuidade judici\u00e1ria, nos termos da Lei n \u00ba\u00a01.060\/50 c\/c o art.\u00a098,\u00a0CPC.<\/p><p><strong>II &#8211; DOS FATOS<\/strong>\u00a0<\/p><p>Pe\u00e7o v\u00eania excel\u00eancia, para em\u00a0versos e prosas contestar\u00a0os fatos ora apresentados pela Requerida, que vem o seu sagrado Direito pleitear. Sem delongas e Fal\u00e1cias, prometendo a verdade narrar. Para que o Direito seja pleno, e a justi\u00e7a venha triunfar.<\/p><p>O fato ocorreu no sert\u00e3o na cidade de\u00a0TAL, em que as partes que ora litigam, se casaram, com esmero e formalidade, estabelecendo a comunh\u00e3o nesta pequena cidade.<\/p><p>Os filhos surgiram ap\u00f3s o enlace matrimonial, e sem um teto para morar, a irm\u00e3 da requerida, que compadecida, doou a casa para ser o LAR.<\/p><p>O seu nome, conhecido por tanta gente, idosa e sem descendentes, fez o documento com as melhores inten\u00e7\u00f5es, mas assinou uma compra e venda, acreditando que era a doa\u00e7\u00e3o.<\/p><p>Para o bem da verdade segue anexo \u00e0 declara\u00e7\u00e3o. Que pode ainda ser extra\u00edda, pela simples observa\u00e7\u00e3o do quanto dito nos autos pelo requerente cidad\u00e3o, afirmando que por esta casa n\u00e3o pagou qualquer tost\u00e3o.<\/p><p>Vale ent\u00e3o salientar que o casal iniciou a vida, com uma hist\u00f3ria at\u00e9 bonita, de trabalho e devo\u00e7\u00e3o. N\u00e3o h\u00e1 porque negar os fatos, sob o \u00edmpeto cruel da ambi\u00e7\u00e3o, que afasta o genu\u00edno Direito, e a mais nobre raz\u00e3o.<\/p><p>Neste desiderato, ratifica-se a seguinte fato, que o requerente ajudou a reformar a casa, que foi doada, mas a Requerida trabalhou ao seu lado nas madrugadas.<\/p><p>Excel\u00eancia, os fatos s\u00e3o din\u00e2micos, e a vida nem um pouco linear, certo dia o Requerido resolveu deixar a esposa com os filhos e o seu lar.<\/p><p>Sabe-se que em outra terra foi morar. A partir de ent\u00e3o a hist\u00f3ria mudou nesta cidade do sert\u00e3o.<\/p><p>J\u00e1 n\u00e3o existia mais nenhum tipo de rela\u00e7\u00e3o, e muito menos respeito, cumplicidade e devo\u00e7\u00e3o, de modo que todo o trabalho, na lida de cada dia, ficou agora resumido na trama que o Requerente contra requerida movia.<\/p><p>A Requerida ficou sozinha, triste na solid\u00e3o, desprovida de qualquer alento para o al\u00edvio da dor e o imensur\u00e1vel\u00a0sofrimento neste\u00a0desiderato, sozinha cuidando dos filhos e do Bar, viu os neg\u00f3cios declinar.<\/p><p>N\u00e3o havendo outro caminho a percorrer, vendo os neg\u00f3cios ruir, a beira da fal\u00eancia, buscou o rumo do destino, e fez a migra\u00e7\u00e3o do sertanejo peregrino.<\/p><p>Saiu da Cidade XX,\u00a0no sert\u00e3o, para\u00a0Cidade XX, em busca de outra op\u00e7\u00e3o de trabalho com o fito de um rendimento sustent\u00e1vel. Os filhos das partes a partir de ent\u00e3o contava apenas com a genitora para colocar comida na mesa e o p\u00e3o e ainda garantir-lhe a Educa\u00e7\u00e3o.<\/p><p>A requerida foi trabalhar na rua de salvador, como vendedora foi ser camel\u00f4, sem jamais perder a dignidade e o pudor, da mulher sertaneja, que mesmo nos mais\u00a0altivos momentos\u00a0de dor, reage com as for\u00e7as da alma a todo dissabor.<\/p><p>Excel\u00eancia, essa hist\u00f3ria, ainda n\u00e3o encontrou o desfecho, mas a verdade deve\u00a0estar\u00a0inserida neste contexto, velando, pela primazia do m\u00e9rito e do Direito.<\/p><p>Ressalta a Requerida com v\u00eania e profundo respeito, mas o Requerente plantou fal\u00e1cias e\u00a0omiss\u00f5es,\u00a0com o \u00edmpeto da ambi\u00e7\u00e3o para subtrair a casa que por direito cabe \u00e0 requerida pela doa\u00e7\u00e3o.<\/p><p>O Requerente, que jurou fidelidade a sua\u00a0esposa,\u00a0fez tantas dissimula\u00e7\u00f5es, para tirar-lhe o direito da casa objeto da pretens\u00e3o.<\/p><p>Assim sabendo que a companheira, de uma \u00e0 vida inteira, encontrava-se em Cidade XX\u00a0para laborar, vez que era imposs\u00edvel em Cidade XX\u00a0morar. O\u00a0requerido ajuizou\u00a0a presente a\u00e7\u00e3o, aproveitando do ensejo, da Requerente, do desespero e da dor, alegando que a mesma a tudo abandonou.<\/p><p>Entretanto excel\u00eancia o direito deve salvaguardar este pleito vez que o Requerente faltou \u00e0 lealdade e o respeito. Nos pr\u00f3prios autos afirmou que sabia onde se encontrava a requerida, e que em certo dia esteve no endere\u00e7o em visita.<\/p><p>Mas omitiu para justi\u00e7a com toda imensur\u00e1vel cobi\u00e7a, deixando que n\u00e3o fosse citada, para promover o infort\u00fanio, e deixar-lhe desesperada.<\/p><p>O Objetivo do Requerente era subtrair a casa, objeto de vingan\u00e7a, e para isso usou m\u00e1 f\u00e9 nesta litig\u00e2ncia.<\/p><p>Ora, Excel\u00eancia, o direito dar guarida ao pleito da Requerida, que por uma quest\u00e3o de justi\u00e7a, merece com a casa ficar, vez que pretende um dia com seus filhos ao sert\u00e3o regressar. E exatamente nesta casa simples, doada por sua irm\u00e3, pretende envelhecer e morar.<\/p><p><strong>III &#8211;\u00a0<\/strong><strong>DO<\/strong>\u00a0<strong>DIREITO<\/strong>\u00a0<\/p><p>Cumpre elucidar excel\u00eancia que o Direito, assegura a pretens\u00e3o da Requerida, que consiste exatamente em ficar com a casa objeto do lit\u00edgio, vez que a referida Casa foi uma Doa\u00e7\u00e3o de sua\u00a0irm\u00e3,\u00a0conforme declara\u00e7\u00e3o id\u00f4nea anexa aos autos.<\/p><p>Neste sentido disp\u00f5e artigo\u00a01659\u00a0do\u00a0C\u00f3digo Civil\u00a0In Verbis:<\/p><p><em>Art. 1.659. &#8220;Excluem-se da comunh\u00e3o:\u00a0<\/em><\/p><p><em>I \u2013\u00a0os\u00a0bens que cada c\u00f4njuge possuir ao casar, e os que lhe sobrevierem, na const\u00e2ncia do casamento, por doa\u00e7\u00e3o ou sucess\u00e3o, e os sub-rogados em seu lugar;&#8221;<\/em><\/p><p>Nesta seara de entendimento n\u00e3o sobrev\u00e9m d\u00favidas que a casa pertence \u00e0 Requerida e com esta deve ficar, tendo em vista que a mesma est\u00e1 temporariamente fora por necessidade, mas pretende regressar para o Sert\u00e3o de Espera Dianta.<\/p><p>Ademais excel\u00eancia \u00e9 indubit\u00e1vel o Direito da Requerente, vez que a declara\u00e7\u00e3o da sua\u00a0irm\u00e3,\u00a0\u00e9 bastante elucidativa,\u00a0e, portanto,\u00a0por uma quest\u00e3o de justi\u00e7a e pelo melhor Direito a casa objeto do lit\u00edgio deve ficar com a Requerida.<\/p><p><strong>IV &#8211;\u00a0<\/strong><strong>DOS PEDIDOS<\/strong><\/p><p>Ante o exposto, requer:<\/p><p>a) Contesta os fatos narrados na inicial pelo Requerente, pugnando pela Justi\u00e7a Gratuita, bem como o\u00a0\u00fanico bem\u00a0objeto do lit\u00edgio, para que fique com a Requerida, em raz\u00e3o da doa\u00e7\u00e3o j\u00e1 explicitada;<\/p><p>b)\u00a0Pugna por todos os meios de provas em Direito Admitidas,\u00a0sobretudo testemunhais, que arrolar\u00e1 no decurso do Processo.<\/p><p>Termos em que,<\/p><p>Pede deferimento.<\/p><p>(cidade), (dia), (m\u00eas) de (ano).<\/p><p><\/p><p><!-- \/wp:post-content --><!-- wp:paragraph --><\/p><p>[GESTORES DO ESCRIT\u00d3RIO]<\/p><p><\/p><p><!-- \/wp:paragraph --><\/p><p><!-- wp:image {\"id\":43403,\"sizeSlug\":\"full\",\"linkDestination\":\"custom\"} --><\/p><figure class=\"wp-block-image size-full\"><a href=\"https:\/\/advbox.com.br\/cadastro\/\" target=\"_blank\"><img decoding=\"async\" width=\"760\" height=\"200\" src=\"https:\/\/advbox.com.br\/blog\/wp-content\/uploads\/2022\/07\/CTA-Trial-6.png\" alt=\"trial\" class=\"wp-image-43403\" srcset=\"https:\/\/advbox.com.br\/blog\/wp-content\/uploads\/2022\/07\/CTA-Trial-6.png 760w, https:\/\/advbox.com.br\/blog\/wp-content\/uploads\/2022\/07\/CTA-Trial-6-500x132.png 500w\" sizes=\"(max-width: 760px) 100vw, 760px\" loading=\"lazy\" \/><\/a><\/figure><p><!-- \/wp:image --><\/p>\n","protected":false},"excerpt":{"rendered":"<p>Contesta\u00e7\u00e3o de Div\u00f3rcio Litigioso com Bens. Todo advogado sabe que n\u00e3o \u00e9 f\u00e1cil fazer um\u00a0bom banco de modelos de peti\u00e7\u00f5es, que atenda as especificidades dos diferentes processos\u00a0no dia a dia do trabalho jur\u00eddico. Isso exige muito tempo gasto com a pesquisa de peti\u00e7\u00f5es, organiza\u00e7\u00e3o dos arquivos e tamb\u00e9m com a [&hellip;]<\/p>\n","protected":false},"author":44,"featured_media":47498,"parent":0,"menu_order":0,"comment_status":"closed","ping_status":"closed","template":"","meta":{"_acf_changed":false,"om_disable_all_campaigns":false,"footnotes":""},"class_list":["post-47578","page","type-page","status-publish","has-post-thumbnail","hentry"],"acf":[],"yoast_head":"<!-- This site is optimized with the Yoast SEO plugin v26.9 - https:\/\/yoast.com\/product\/yoast-seo-wordpress\/ -->\n<title>Contesta\u00e7\u00e3o de Div\u00f3rcio Litigioso com Bens<\/title>\n<meta name=\"description\" content=\"Contesta\u00e7\u00e3o em Div\u00f3rcio Litigioso com Bens - Modelos de peti\u00e7\u00f5es para voc\u00ea automatizar no dia a dia do seu escrit\u00f3rio de advocacia!\" \/>\n<meta name=\"robots\" content=\"index, follow, max-snippet:-1, max-image-preview:large, max-video-preview:-1\" \/>\n<link rel=\"canonical\" href=\"https:\/\/advbox.com.br\/blog\/familia-contestacao-de-divorcio-litigioso-bens\/\" \/>\n<meta property=\"og:locale\" content=\"pt_BR\" \/>\n<meta property=\"og:type\" content=\"article\" \/>\n<meta property=\"og:title\" content=\"Contesta\u00e7\u00e3o de Div\u00f3rcio Litigioso com Bens\" \/>\n<meta property=\"og:description\" content=\"Contesta\u00e7\u00e3o em Div\u00f3rcio Litigioso com Bens - Modelos de peti\u00e7\u00f5es para voc\u00ea automatizar no dia a dia do seu escrit\u00f3rio de advocacia!\" \/>\n<meta property=\"og:url\" content=\"https:\/\/advbox.com.br\/blog\/familia-contestacao-de-divorcio-litigioso-bens\/\" \/>\n<meta property=\"og:site_name\" content=\"Software Jur\u00eddico Completo - ADVBOX\" \/>\n<meta property=\"article:publisher\" content=\"https:\/\/www.facebook.com\/advbox\/\" \/>\n<meta property=\"article:modified_time\" content=\"2023-11-30T13:18:26+00:00\" \/>\n<meta property=\"og:image\" content=\"https:\/\/advbox.com.br\/blog\/wp-content\/uploads\/2022\/10\/DSC04592-scaled.jpg\" \/>\n\t<meta property=\"og:image:width\" content=\"1024\" \/>\n\t<meta property=\"og:image:height\" content=\"576\" \/>\n\t<meta property=\"og:image:type\" content=\"image\/jpeg\" \/>\n<meta name=\"twitter:card\" content=\"summary_large_image\" \/>\n<meta name=\"twitter:site\" content=\"@advbox2\" \/>\n<script type=\"application\/ld+json\" class=\"yoast-schema-graph\">{\"@context\":\"https:\/\/schema.org\",\"@graph\":[{\"@type\":\"WebPage\",\"@id\":\"https:\/\/advbox.com.br\/blog\/familia-contestacao-de-divorcio-litigioso-bens\/\",\"url\":\"https:\/\/advbox.com.br\/blog\/familia-contestacao-de-divorcio-litigioso-bens\/\",\"name\":\"Contesta\u00e7\u00e3o de Div\u00f3rcio Litigioso com Bens\",\"isPartOf\":{\"@id\":\"https:\/\/advbox.com.br\/blog\/#website\"},\"primaryImageOfPage\":{\"@id\":\"https:\/\/advbox.com.br\/blog\/familia-contestacao-de-divorcio-litigioso-bens\/#primaryimage\"},\"image\":{\"@id\":\"https:\/\/advbox.com.br\/blog\/familia-contestacao-de-divorcio-litigioso-bens\/#primaryimage\"},\"thumbnailUrl\":\"https:\/\/advbox.com.br\/blog\/wp-content\/uploads\/2022\/10\/DSC04592-scaled.jpg\",\"datePublished\":\"2022-10-24T18:34:33+00:00\",\"dateModified\":\"2023-11-30T13:18:26+00:00\",\"description\":\"Contesta\u00e7\u00e3o em Div\u00f3rcio Litigioso com Bens - Modelos de peti\u00e7\u00f5es para voc\u00ea automatizar no dia a dia do seu escrit\u00f3rio de advocacia!\",\"breadcrumb\":{\"@id\":\"https:\/\/advbox.com.br\/blog\/familia-contestacao-de-divorcio-litigioso-bens\/#breadcrumb\"},\"inLanguage\":\"pt-BR\",\"potentialAction\":[{\"@type\":\"ReadAction\",\"target\":[\"https:\/\/advbox.com.br\/blog\/familia-contestacao-de-divorcio-litigioso-bens\/\"]}]},{\"@type\":\"ImageObject\",\"inLanguage\":\"pt-BR\",\"@id\":\"https:\/\/advbox.com.br\/blog\/familia-contestacao-de-divorcio-litigioso-bens\/#primaryimage\",\"url\":\"https:\/\/advbox.com.br\/blog\/wp-content\/uploads\/2022\/10\/DSC04592-scaled.jpg\",\"contentUrl\":\"https:\/\/advbox.com.br\/blog\/wp-content\/uploads\/2022\/10\/DSC04592-scaled.jpg\",\"width\":1024,\"height\":576,\"caption\":\"Contesta\u00e7\u00e3o em Div\u00f3rcio\"},{\"@type\":\"BreadcrumbList\",\"@id\":\"https:\/\/advbox.com.br\/blog\/familia-contestacao-de-divorcio-litigioso-bens\/#breadcrumb\",\"itemListElement\":[{\"@type\":\"ListItem\",\"position\":1,\"name\":\"In\u00edcio\",\"item\":\"https:\/\/advbox.com.br\/blog\/\"},{\"@type\":\"ListItem\",\"position\":2,\"name\":\"Modelo de Contesta\u00e7\u00e3o de Div\u00f3rcio Litigioso com Bens\"}]},{\"@type\":\"WebSite\",\"@id\":\"https:\/\/advbox.com.br\/blog\/#website\",\"url\":\"https:\/\/advbox.com.br\/blog\/\",\"name\":\"Software Jur\u00eddico Completo - ADVBOX\",\"description\":\"Plataforma para Advocacia Digital\",\"publisher\":{\"@id\":\"https:\/\/advbox.com.br\/blog\/#organization\"},\"potentialAction\":[{\"@type\":\"SearchAction\",\"target\":{\"@type\":\"EntryPoint\",\"urlTemplate\":\"https:\/\/advbox.com.br\/blog\/?s={search_term_string}\"},\"query-input\":{\"@type\":\"PropertyValueSpecification\",\"valueRequired\":true,\"valueName\":\"search_term_string\"}}],\"inLanguage\":\"pt-BR\"},{\"@type\":\"Organization\",\"@id\":\"https:\/\/advbox.com.br\/blog\/#organization\",\"name\":\"ADVBOX Blog - Software jur\u00eddico da advocacia digital\",\"url\":\"https:\/\/advbox.com.br\/blog\/\",\"logo\":{\"@type\":\"ImageObject\",\"inLanguage\":\"pt-BR\",\"@id\":\"https:\/\/advbox.com.br\/blog\/#\/schema\/logo\/image\/\",\"url\":\"https:\/\/advbox.com.br\/blog\/wp-content\/uploads\/2019\/12\/Como-aumentar-a-produtividade_.jpg\",\"contentUrl\":\"https:\/\/advbox.com.br\/blog\/wp-content\/uploads\/2019\/12\/Como-aumentar-a-produtividade_.jpg\",\"width\":320,\"height\":213,\"caption\":\"ADVBOX Blog - Software jur\u00eddico da advocacia digital\"},\"image\":{\"@id\":\"https:\/\/advbox.com.br\/blog\/#\/schema\/logo\/image\/\"},\"sameAs\":[\"https:\/\/www.facebook.com\/advbox\/\",\"https:\/\/x.com\/advbox2\"]}]}<\/script>\n<!-- \/ Yoast SEO plugin. -->","yoast_head_json":{"title":"Contesta\u00e7\u00e3o de Div\u00f3rcio Litigioso com Bens","description":"Contesta\u00e7\u00e3o em Div\u00f3rcio Litigioso com Bens - Modelos de peti\u00e7\u00f5es para voc\u00ea automatizar no dia a dia do seu escrit\u00f3rio de advocacia!","robots":{"index":"index","follow":"follow","max-snippet":"max-snippet:-1","max-image-preview":"max-image-preview:large","max-video-preview":"max-video-preview:-1"},"canonical":"https:\/\/advbox.com.br\/blog\/familia-contestacao-de-divorcio-litigioso-bens\/","og_locale":"pt_BR","og_type":"article","og_title":"Contesta\u00e7\u00e3o de Div\u00f3rcio Litigioso com Bens","og_description":"Contesta\u00e7\u00e3o em Div\u00f3rcio Litigioso com Bens - Modelos de peti\u00e7\u00f5es para voc\u00ea automatizar no dia a dia do seu escrit\u00f3rio de advocacia!","og_url":"https:\/\/advbox.com.br\/blog\/familia-contestacao-de-divorcio-litigioso-bens\/","og_site_name":"Software Jur\u00eddico Completo - ADVBOX","article_publisher":"https:\/\/www.facebook.com\/advbox\/","article_modified_time":"2023-11-30T13:18:26+00:00","og_image":[{"width":1024,"height":576,"url":"https:\/\/advbox.com.br\/blog\/wp-content\/uploads\/2022\/10\/DSC04592-scaled.jpg","type":"image\/jpeg"}],"twitter_card":"summary_large_image","twitter_site":"@advbox2","schema":{"@context":"https:\/\/schema.org","@graph":[{"@type":"WebPage","@id":"https:\/\/advbox.com.br\/blog\/familia-contestacao-de-divorcio-litigioso-bens\/","url":"https:\/\/advbox.com.br\/blog\/familia-contestacao-de-divorcio-litigioso-bens\/","name":"Contesta\u00e7\u00e3o de Div\u00f3rcio Litigioso com Bens","isPartOf":{"@id":"https:\/\/advbox.com.br\/blog\/#website"},"primaryImageOfPage":{"@id":"https:\/\/advbox.com.br\/blog\/familia-contestacao-de-divorcio-litigioso-bens\/#primaryimage"},"image":{"@id":"https:\/\/advbox.com.br\/blog\/familia-contestacao-de-divorcio-litigioso-bens\/#primaryimage"},"thumbnailUrl":"https:\/\/advbox.com.br\/blog\/wp-content\/uploads\/2022\/10\/DSC04592-scaled.jpg","datePublished":"2022-10-24T18:34:33+00:00","dateModified":"2023-11-30T13:18:26+00:00","description":"Contesta\u00e7\u00e3o em Div\u00f3rcio Litigioso com Bens - Modelos de peti\u00e7\u00f5es para voc\u00ea automatizar no dia a dia do seu escrit\u00f3rio de advocacia!","breadcrumb":{"@id":"https:\/\/advbox.com.br\/blog\/familia-contestacao-de-divorcio-litigioso-bens\/#breadcrumb"},"inLanguage":"pt-BR","potentialAction":[{"@type":"ReadAction","target":["https:\/\/advbox.com.br\/blog\/familia-contestacao-de-divorcio-litigioso-bens\/"]}]},{"@type":"ImageObject","inLanguage":"pt-BR","@id":"https:\/\/advbox.com.br\/blog\/familia-contestacao-de-divorcio-litigioso-bens\/#primaryimage","url":"https:\/\/advbox.com.br\/blog\/wp-content\/uploads\/2022\/10\/DSC04592-scaled.jpg","contentUrl":"https:\/\/advbox.com.br\/blog\/wp-content\/uploads\/2022\/10\/DSC04592-scaled.jpg","width":1024,"height":576,"caption":"Contesta\u00e7\u00e3o em Div\u00f3rcio"},{"@type":"BreadcrumbList","@id":"https:\/\/advbox.com.br\/blog\/familia-contestacao-de-divorcio-litigioso-bens\/#breadcrumb","itemListElement":[{"@type":"ListItem","position":1,"name":"In\u00edcio","item":"https:\/\/advbox.com.br\/blog\/"},{"@type":"ListItem","position":2,"name":"Modelo de Contesta\u00e7\u00e3o de Div\u00f3rcio Litigioso com Bens"}]},{"@type":"WebSite","@id":"https:\/\/advbox.com.br\/blog\/#website","url":"https:\/\/advbox.com.br\/blog\/","name":"Software Jur\u00eddico Completo - ADVBOX","description":"Plataforma para Advocacia Digital","publisher":{"@id":"https:\/\/advbox.com.br\/blog\/#organization"},"potentialAction":[{"@type":"SearchAction","target":{"@type":"EntryPoint","urlTemplate":"https:\/\/advbox.com.br\/blog\/?s={search_term_string}"},"query-input":{"@type":"PropertyValueSpecification","valueRequired":true,"valueName":"search_term_string"}}],"inLanguage":"pt-BR"},{"@type":"Organization","@id":"https:\/\/advbox.com.br\/blog\/#organization","name":"ADVBOX Blog - Software jur\u00eddico da advocacia digital","url":"https:\/\/advbox.com.br\/blog\/","logo":{"@type":"ImageObject","inLanguage":"pt-BR","@id":"https:\/\/advbox.com.br\/blog\/#\/schema\/logo\/image\/","url":"https:\/\/advbox.com.br\/blog\/wp-content\/uploads\/2019\/12\/Como-aumentar-a-produtividade_.jpg","contentUrl":"https:\/\/advbox.com.br\/blog\/wp-content\/uploads\/2019\/12\/Como-aumentar-a-produtividade_.jpg","width":320,"height":213,"caption":"ADVBOX Blog - Software jur\u00eddico da advocacia digital"},"image":{"@id":"https:\/\/advbox.com.br\/blog\/#\/schema\/logo\/image\/"},"sameAs":["https:\/\/www.facebook.com\/advbox\/","https:\/\/x.com\/advbox2"]}]}},"_links":{"self":[{"href":"https:\/\/advbox.com.br\/blog\/wp-json\/wp\/v2\/pages\/47578","targetHints":{"allow":["GET"]}}],"collection":[{"href":"https:\/\/advbox.com.br\/blog\/wp-json\/wp\/v2\/pages"}],"about":[{"href":"https:\/\/advbox.com.br\/blog\/wp-json\/wp\/v2\/types\/page"}],"author":[{"embeddable":true,"href":"https:\/\/advbox.com.br\/blog\/wp-json\/wp\/v2\/users\/44"}],"replies":[{"embeddable":true,"href":"https:\/\/advbox.com.br\/blog\/wp-json\/wp\/v2\/comments?post=47578"}],"version-history":[{"count":2,"href":"https:\/\/advbox.com.br\/blog\/wp-json\/wp\/v2\/pages\/47578\/revisions"}],"predecessor-version":[{"id":59149,"href":"https:\/\/advbox.com.br\/blog\/wp-json\/wp\/v2\/pages\/47578\/revisions\/59149"}],"wp:featuredmedia":[{"embeddable":true,"href":"https:\/\/advbox.com.br\/blog\/wp-json\/wp\/v2\/media\/47498"}],"wp:attachment":[{"href":"https:\/\/advbox.com.br\/blog\/wp-json\/wp\/v2\/media?parent=47578"}],"curies":[{"name":"wp","href":"https:\/\/api.w.org\/{rel}","templated":true}]}}