{"id":49123,"date":"2022-12-21T15:16:21","date_gmt":"2022-12-21T18:16:21","guid":{"rendered":"https:\/\/advbox.com.br\/blog\/?page_id=49123"},"modified":"2026-04-27T16:17:44","modified_gmt":"2026-04-27T19:17:44","slug":"cpc-artigo-16","status":"publish","type":"page","link":"https:\/\/advbox.com.br\/blog\/cpc-artigo-16\/","title":{"rendered":"Artigo 16 CPC \u2013 C\u00f3digo de Processo Civil"},"content":{"rendered":"<p><em>Lei N\u00ba 13.105, de 16 de mar\u00e7o de 2015<\/em>\u00a0<em>\u2013 Artigo 16 CPC.<\/em><\/p><h2 class=\"wp-block-heading\">Artigo 16 CPC<\/h2><p>T\u00cdTULO I<\/p><p>DA JURISDI\u00c7\u00c3O E DA A\u00c7\u00c3O<\/p><p><a href=\"http:\/\/corpus927.enfam.jus.br\/legislacao\/cpc-15#art-16\" target=\"_blank\" rel=\"noreferrer noopener\" target=\"_blank\"><\/a>\u00a0\u00a0Art. 16. A jurisdi\u00e7\u00e3o civil \u00e9 exercida pelos ju\u00edzes e pelos tribunais em todo o territ\u00f3rio nacional, conforme as disposi\u00e7\u00f5es deste C\u00f3digo.<\/p><h2 class=\"wp-block-heading\">Acesse o CPC completo ou separadamente:<\/h2><p><a href=\"https:\/\/advbox.com.br\/blog\/cpc-codigo-de-processo-civil\/\" target=\"_blank\" rel=\"noreferrer noopener\" target=\"_blank\"><strong>CPC completo<\/strong><\/a><\/p><p><strong><a href=\"https:\/\/advbox.com.br\/blog\/cpc-artigo-15\/\" target=\"_blank\">Artigo 15<\/a><\/strong><\/p><p><strong>Acelere seu trabalho, automatize procura\u00e7\u00f5es, contratos e peti\u00e7\u00f5es no seu escrit\u00f3rio. Saiba como neste <a href=\"https:\/\/advbox.com.br\/blog\/como-automatizar-seus-modelos-de-peticoes\/\" target=\"_blank\">artigo<\/a> no nosso blog.<\/strong><\/p>\n","protected":false},"excerpt":{"rendered":"<p>Lei N\u00ba 13.105, de 16 de mar\u00e7o de 2015\u00a0\u2013 Artigo 16 CPC. Artigo 16 CPC T\u00cdTULO I DA JURISDI\u00c7\u00c3O E DA A\u00c7\u00c3O \u00a0\u00a0Art. 16. A jurisdi\u00e7\u00e3o civil \u00e9 exercida pelos ju\u00edzes e pelos tribunais em todo o territ\u00f3rio nacional, conforme as disposi\u00e7\u00f5es deste C\u00f3digo. Acesse o CPC completo ou separadamente: [&hellip;]<\/p>\n","protected":false},"author":44,"featured_media":0,"parent":0,"menu_order":0,"comment_status":"closed","ping_status":"closed","template":"","meta":{"_acf_changed":false,"om_disable_all_campaigns":false,"footnotes":""},"class_list":["post-49123","page","type-page","status-publish","hentry"],"acf":[],"yoast_head":"<!-- This site is optimized with the Yoast SEO plugin v26.9 - https:\/\/yoast.com\/product\/yoast-seo-wordpress\/ -->\n<title>Artigo 16 do CPC: exerc\u00edcio da jurisdi\u00e7\u00e3o civil<\/title>\n<meta name=\"description\" content=\"Artigo 16 do CPC - C\u00f3digo de Processo Civil - A jurisdi\u00e7\u00e3o civil \u00e9 exercida pelos ju\u00edzes e pelos tribunais em todo o territ\u00f3rio [continua]\" \/>\n<meta name=\"robots\" content=\"index, follow, max-snippet:-1, max-image-preview:large, max-video-preview:-1\" \/>\n<link rel=\"canonical\" href=\"https:\/\/advbox.com.br\/blog\/cpc-artigo-16\/\" \/>\n<meta property=\"og:locale\" content=\"pt_BR\" \/>\n<meta property=\"og:type\" content=\"article\" \/>\n<meta property=\"og:title\" content=\"Artigo 16 do CPC: exerc\u00edcio da jurisdi\u00e7\u00e3o civil\" \/>\n<meta property=\"og:description\" content=\"Artigo 16 do CPC - C\u00f3digo de Processo Civil - A jurisdi\u00e7\u00e3o civil \u00e9 exercida pelos ju\u00edzes e pelos tribunais em todo o territ\u00f3rio [continua]\" \/>\n<meta property=\"og:url\" content=\"https:\/\/advbox.com.br\/blog\/cpc-artigo-16\/\" \/>\n<meta property=\"og:site_name\" content=\"Software Jur\u00eddico Completo - ADVBOX\" \/>\n<meta property=\"article:publisher\" content=\"https:\/\/www.facebook.com\/advbox\/\" \/>\n<meta property=\"article:modified_time\" content=\"2026-04-27T19:17:44+00:00\" \/>\n<meta name=\"twitter:card\" content=\"summary_large_image\" \/>\n<meta name=\"twitter:site\" content=\"@advbox2\" \/>\n<script type=\"application\/ld+json\" class=\"yoast-schema-graph\">{\"@context\":\"https:\/\/schema.org\",\"@graph\":[{\"@type\":\"WebPage\",\"@id\":\"https:\/\/advbox.com.br\/blog\/cpc-artigo-16\/\",\"url\":\"https:\/\/advbox.com.br\/blog\/cpc-artigo-16\/\",\"name\":\"Artigo 16 do CPC: exerc\u00edcio da jurisdi\u00e7\u00e3o civil\",\"isPartOf\":{\"@id\":\"https:\/\/advbox.com.br\/blog\/#website\"},\"datePublished\":\"2022-12-21T18:16:21+00:00\",\"dateModified\":\"2026-04-27T19:17:44+00:00\",\"description\":\"Artigo 16 do CPC - C\u00f3digo de Processo Civil - A jurisdi\u00e7\u00e3o civil \u00e9 exercida pelos ju\u00edzes e pelos tribunais em todo o territ\u00f3rio [continua]\",\"breadcrumb\":{\"@id\":\"https:\/\/advbox.com.br\/blog\/cpc-artigo-16\/#breadcrumb\"},\"inLanguage\":\"pt-BR\",\"potentialAction\":[{\"@type\":\"ReadAction\",\"target\":[\"https:\/\/advbox.com.br\/blog\/cpc-artigo-16\/\"]}]},{\"@type\":\"BreadcrumbList\",\"@id\":\"https:\/\/advbox.com.br\/blog\/cpc-artigo-16\/#breadcrumb\",\"itemListElement\":[{\"@type\":\"ListItem\",\"position\":1,\"name\":\"In\u00edcio\",\"item\":\"https:\/\/advbox.com.br\/blog\/\"},{\"@type\":\"ListItem\",\"position\":2,\"name\":\"Artigo 16 CPC \u2013 C\u00f3digo de Processo Civil\"}]},{\"@type\":\"WebSite\",\"@id\":\"https:\/\/advbox.com.br\/blog\/#website\",\"url\":\"https:\/\/advbox.com.br\/blog\/\",\"name\":\"Software Jur\u00eddico Completo - ADVBOX\",\"description\":\"Plataforma para Advocacia Digital\",\"publisher\":{\"@id\":\"https:\/\/advbox.com.br\/blog\/#organization\"},\"potentialAction\":[{\"@type\":\"SearchAction\",\"target\":{\"@type\":\"EntryPoint\",\"urlTemplate\":\"https:\/\/advbox.com.br\/blog\/?s={search_term_string}\"},\"query-input\":{\"@type\":\"PropertyValueSpecification\",\"valueRequired\":true,\"valueName\":\"search_term_string\"}}],\"inLanguage\":\"pt-BR\"},{\"@type\":\"Organization\",\"@id\":\"https:\/\/advbox.com.br\/blog\/#organization\",\"name\":\"ADVBOX Blog - Software jur\u00eddico da advocacia digital\",\"url\":\"https:\/\/advbox.com.br\/blog\/\",\"logo\":{\"@type\":\"ImageObject\",\"inLanguage\":\"pt-BR\",\"@id\":\"https:\/\/advbox.com.br\/blog\/#\/schema\/logo\/image\/\",\"url\":\"https:\/\/advbox.com.br\/blog\/wp-content\/uploads\/2019\/12\/Como-aumentar-a-produtividade_.jpg\",\"contentUrl\":\"https:\/\/advbox.com.br\/blog\/wp-content\/uploads\/2019\/12\/Como-aumentar-a-produtividade_.jpg\",\"width\":320,\"height\":213,\"caption\":\"ADVBOX Blog - Software jur\u00eddico da advocacia digital\"},\"image\":{\"@id\":\"https:\/\/advbox.com.br\/blog\/#\/schema\/logo\/image\/\"},\"sameAs\":[\"https:\/\/www.facebook.com\/advbox\/\",\"https:\/\/x.com\/advbox2\"]}]}<\/script>\n<!-- \/ Yoast SEO plugin. -->","yoast_head_json":{"title":"Artigo 16 do CPC: exerc\u00edcio da jurisdi\u00e7\u00e3o civil","description":"Artigo 16 do CPC - C\u00f3digo de Processo Civil - A jurisdi\u00e7\u00e3o civil \u00e9 exercida pelos ju\u00edzes e pelos tribunais em todo o territ\u00f3rio [continua]","robots":{"index":"index","follow":"follow","max-snippet":"max-snippet:-1","max-image-preview":"max-image-preview:large","max-video-preview":"max-video-preview:-1"},"canonical":"https:\/\/advbox.com.br\/blog\/cpc-artigo-16\/","og_locale":"pt_BR","og_type":"article","og_title":"Artigo 16 do CPC: exerc\u00edcio da jurisdi\u00e7\u00e3o civil","og_description":"Artigo 16 do CPC - C\u00f3digo de Processo Civil - A jurisdi\u00e7\u00e3o civil \u00e9 exercida pelos ju\u00edzes e pelos tribunais em todo o territ\u00f3rio [continua]","og_url":"https:\/\/advbox.com.br\/blog\/cpc-artigo-16\/","og_site_name":"Software Jur\u00eddico Completo - ADVBOX","article_publisher":"https:\/\/www.facebook.com\/advbox\/","article_modified_time":"2026-04-27T19:17:44+00:00","twitter_card":"summary_large_image","twitter_site":"@advbox2","schema":{"@context":"https:\/\/schema.org","@graph":[{"@type":"WebPage","@id":"https:\/\/advbox.com.br\/blog\/cpc-artigo-16\/","url":"https:\/\/advbox.com.br\/blog\/cpc-artigo-16\/","name":"Artigo 16 do CPC: exerc\u00edcio da jurisdi\u00e7\u00e3o civil","isPartOf":{"@id":"https:\/\/advbox.com.br\/blog\/#website"},"datePublished":"2022-12-21T18:16:21+00:00","dateModified":"2026-04-27T19:17:44+00:00","description":"Artigo 16 do CPC - C\u00f3digo de Processo Civil - A jurisdi\u00e7\u00e3o civil \u00e9 exercida pelos ju\u00edzes e pelos tribunais em todo o territ\u00f3rio [continua]","breadcrumb":{"@id":"https:\/\/advbox.com.br\/blog\/cpc-artigo-16\/#breadcrumb"},"inLanguage":"pt-BR","potentialAction":[{"@type":"ReadAction","target":["https:\/\/advbox.com.br\/blog\/cpc-artigo-16\/"]}]},{"@type":"BreadcrumbList","@id":"https:\/\/advbox.com.br\/blog\/cpc-artigo-16\/#breadcrumb","itemListElement":[{"@type":"ListItem","position":1,"name":"In\u00edcio","item":"https:\/\/advbox.com.br\/blog\/"},{"@type":"ListItem","position":2,"name":"Artigo 16 CPC \u2013 C\u00f3digo de Processo Civil"}]},{"@type":"WebSite","@id":"https:\/\/advbox.com.br\/blog\/#website","url":"https:\/\/advbox.com.br\/blog\/","name":"Software Jur\u00eddico Completo - ADVBOX","description":"Plataforma para Advocacia Digital","publisher":{"@id":"https:\/\/advbox.com.br\/blog\/#organization"},"potentialAction":[{"@type":"SearchAction","target":{"@type":"EntryPoint","urlTemplate":"https:\/\/advbox.com.br\/blog\/?s={search_term_string}"},"query-input":{"@type":"PropertyValueSpecification","valueRequired":true,"valueName":"search_term_string"}}],"inLanguage":"pt-BR"},{"@type":"Organization","@id":"https:\/\/advbox.com.br\/blog\/#organization","name":"ADVBOX Blog - Software jur\u00eddico da advocacia digital","url":"https:\/\/advbox.com.br\/blog\/","logo":{"@type":"ImageObject","inLanguage":"pt-BR","@id":"https:\/\/advbox.com.br\/blog\/#\/schema\/logo\/image\/","url":"https:\/\/advbox.com.br\/blog\/wp-content\/uploads\/2019\/12\/Como-aumentar-a-produtividade_.jpg","contentUrl":"https:\/\/advbox.com.br\/blog\/wp-content\/uploads\/2019\/12\/Como-aumentar-a-produtividade_.jpg","width":320,"height":213,"caption":"ADVBOX Blog - Software jur\u00eddico da advocacia digital"},"image":{"@id":"https:\/\/advbox.com.br\/blog\/#\/schema\/logo\/image\/"},"sameAs":["https:\/\/www.facebook.com\/advbox\/","https:\/\/x.com\/advbox2"]}]}},"_links":{"self":[{"href":"https:\/\/advbox.com.br\/blog\/wp-json\/wp\/v2\/pages\/49123","targetHints":{"allow":["GET"]}}],"collection":[{"href":"https:\/\/advbox.com.br\/blog\/wp-json\/wp\/v2\/pages"}],"about":[{"href":"https:\/\/advbox.com.br\/blog\/wp-json\/wp\/v2\/types\/page"}],"author":[{"embeddable":true,"href":"https:\/\/advbox.com.br\/blog\/wp-json\/wp\/v2\/users\/44"}],"replies":[{"embeddable":true,"href":"https:\/\/advbox.com.br\/blog\/wp-json\/wp\/v2\/comments?post=49123"}],"version-history":[{"count":3,"href":"https:\/\/advbox.com.br\/blog\/wp-json\/wp\/v2\/pages\/49123\/revisions"}],"predecessor-version":[{"id":83376,"href":"https:\/\/advbox.com.br\/blog\/wp-json\/wp\/v2\/pages\/49123\/revisions\/83376"}],"wp:attachment":[{"href":"https:\/\/advbox.com.br\/blog\/wp-json\/wp\/v2\/media?parent=49123"}],"curies":[{"name":"wp","href":"https:\/\/api.w.org\/{rel}","templated":true}]}}