{"id":49153,"date":"2022-12-21T16:27:51","date_gmt":"2022-12-21T19:27:51","guid":{"rendered":"https:\/\/advbox.com.br\/blog\/?page_id=49153"},"modified":"2026-04-27T16:32:15","modified_gmt":"2026-04-27T19:32:15","slug":"cpc-artigo-26","status":"publish","type":"page","link":"https:\/\/advbox.com.br\/blog\/cpc-artigo-26\/","title":{"rendered":"Artigo 26 CPC \u2013 C\u00f3digo de Processo Civil"},"content":{"rendered":"<p><em>Lei N\u00ba 13.105, de 16 de mar\u00e7o de 2015<\/em>\u00a0<em>\u2013 Artigo 26 CPC.<\/em><\/p><h2 class=\"wp-block-heading\">Artigo 26 CPC<\/h2><p>Art. 26. A coopera\u00e7\u00e3o jur\u00eddica internacional ser\u00e1 regida por tratado de que o Brasil faz parte e observar\u00e1:<\/p><p><a><\/a>I &#8211; o respeito \u00e0s garantias do devido processo legal no Estado requerente;<\/p><p><a><\/a>II &#8211; a igualdade de tratamento entre nacionais e estrangeiros, residentes ou n\u00e3o no Brasil, em rela\u00e7\u00e3o ao acesso \u00e0 justi\u00e7a e \u00e0 tramita\u00e7\u00e3o dos processos, assegurando-se assist\u00eancia judici\u00e1ria aos necessitados;<\/p><p><a><\/a>III &#8211; a publicidade processual, exceto nas hip\u00f3teses de sigilo previstas na legisla\u00e7\u00e3o brasileira ou na do Estado requerente;<\/p><p><a><\/a>IV &#8211; a exist\u00eancia de autoridade central para recep\u00e7\u00e3o e transmiss\u00e3o dos pedidos de coopera\u00e7\u00e3o;<\/p><p><a><\/a>V &#8211; a espontaneidade na transmiss\u00e3o de informa\u00e7\u00f5es a autoridades estrangeiras.<\/p><p><a><\/a>\u00a7 1\u00ba Na aus\u00eancia de tratado, a coopera\u00e7\u00e3o jur\u00eddica internacional poder\u00e1 realizar-se com base em reciprocidade, manifestada por via diplom\u00e1tica.<\/p><p><a><\/a>\u00a7 2\u00ba N\u00e3o se exigir\u00e1 a reciprocidade referida no \u00a7 1\u00ba para homologa\u00e7\u00e3o de senten\u00e7a estrangeira.<\/p><p><a><\/a>\u00a7 3\u00ba Na coopera\u00e7\u00e3o jur\u00eddica internacional n\u00e3o ser\u00e1 admitida a pr\u00e1tica de atos que contrariem ou que produzam resultados incompat\u00edveis com as normas fundamentais que regem o Estado brasileiro.<\/p><p>\u00a7 4\u00ba O Minist\u00e9rio da Justi\u00e7a exercer\u00e1 as fun\u00e7\u00f5es de autoridade central na aus\u00eancia de designa\u00e7\u00e3o espec\u00edfica.<\/p><h2 class=\"wp-block-heading\">Acesse o CPC completo ou separadamente:<\/h2><p><a href=\"https:\/\/advbox.com.br\/blog\/cpc-codigo-de-processo-civil\/\" target=\"_blank\" rel=\"noreferrer noopener\" target=\"_blank\"><strong>CPC completo<\/strong><\/a><\/p><p><strong><a href=\"https:\/\/advbox.com.br\/blog\/cpc-artigo-25\/\" target=\"_blank\">Artigo 25<\/a><\/strong><\/p><p><strong>Acelere seu trabalho, automatize procura\u00e7\u00f5es, contratos e peti\u00e7\u00f5es no seu escrit\u00f3rio. Saiba como neste <a href=\"https:\/\/advbox.com.br\/blog\/como-automatizar-seus-modelos-de-peticoes\/\" target=\"_blank\">artigo<\/a> no nosso blog.<\/strong><\/p>\n","protected":false},"excerpt":{"rendered":"<p>Lei N\u00ba 13.105, de 16 de mar\u00e7o de 2015\u00a0\u2013 Artigo 26 CPC. Artigo 26 CPC Art. 26. A coopera\u00e7\u00e3o jur\u00eddica internacional ser\u00e1 regida por tratado de que o Brasil faz parte e observar\u00e1: I &#8211; o respeito \u00e0s garantias do devido processo legal no Estado requerente; II &#8211; a igualdade [&hellip;]<\/p>\n","protected":false},"author":44,"featured_media":0,"parent":0,"menu_order":0,"comment_status":"closed","ping_status":"closed","template":"","meta":{"_acf_changed":false,"om_disable_all_campaigns":false,"footnotes":""},"class_list":["post-49153","page","type-page","status-publish","hentry"],"acf":[],"yoast_head":"<!-- This site is optimized with the Yoast SEO plugin v26.9 - https:\/\/yoast.com\/product\/yoast-seo-wordpress\/ -->\n<title>Artigo 26 do CPC: regras da coopera\u00e7\u00e3o internacional<\/title>\n<meta name=\"description\" content=\"Artigo 26 do CPC - C\u00f3digo de Processo Civil - A coopera\u00e7\u00e3o jur\u00eddica internacional ser\u00e1 regida por tratado de que o Brasil faz [continua]\" \/>\n<meta name=\"robots\" content=\"index, follow, max-snippet:-1, max-image-preview:large, max-video-preview:-1\" \/>\n<link rel=\"canonical\" href=\"https:\/\/advbox.com.br\/blog\/cpc-artigo-26\/\" \/>\n<meta property=\"og:locale\" content=\"pt_BR\" \/>\n<meta property=\"og:type\" content=\"article\" \/>\n<meta property=\"og:title\" content=\"Artigo 26 do CPC: regras da coopera\u00e7\u00e3o internacional\" \/>\n<meta property=\"og:description\" content=\"Artigo 26 do CPC - C\u00f3digo de Processo Civil - A coopera\u00e7\u00e3o jur\u00eddica internacional ser\u00e1 regida por tratado de que o Brasil faz [continua]\" \/>\n<meta property=\"og:url\" content=\"https:\/\/advbox.com.br\/blog\/cpc-artigo-26\/\" \/>\n<meta property=\"og:site_name\" content=\"Software Jur\u00eddico Completo - ADVBOX\" \/>\n<meta property=\"article:publisher\" content=\"https:\/\/www.facebook.com\/advbox\/\" \/>\n<meta property=\"article:modified_time\" content=\"2026-04-27T19:32:15+00:00\" \/>\n<meta name=\"twitter:card\" content=\"summary_large_image\" \/>\n<meta name=\"twitter:site\" content=\"@advbox2\" \/>\n<script type=\"application\/ld+json\" class=\"yoast-schema-graph\">{\"@context\":\"https:\/\/schema.org\",\"@graph\":[{\"@type\":\"WebPage\",\"@id\":\"https:\/\/advbox.com.br\/blog\/cpc-artigo-26\/\",\"url\":\"https:\/\/advbox.com.br\/blog\/cpc-artigo-26\/\",\"name\":\"Artigo 26 do CPC: regras da coopera\u00e7\u00e3o internacional\",\"isPartOf\":{\"@id\":\"https:\/\/advbox.com.br\/blog\/#website\"},\"datePublished\":\"2022-12-21T19:27:51+00:00\",\"dateModified\":\"2026-04-27T19:32:15+00:00\",\"description\":\"Artigo 26 do CPC - C\u00f3digo de Processo Civil - A coopera\u00e7\u00e3o jur\u00eddica internacional ser\u00e1 regida por tratado de que o Brasil faz [continua]\",\"breadcrumb\":{\"@id\":\"https:\/\/advbox.com.br\/blog\/cpc-artigo-26\/#breadcrumb\"},\"inLanguage\":\"pt-BR\",\"potentialAction\":[{\"@type\":\"ReadAction\",\"target\":[\"https:\/\/advbox.com.br\/blog\/cpc-artigo-26\/\"]}]},{\"@type\":\"BreadcrumbList\",\"@id\":\"https:\/\/advbox.com.br\/blog\/cpc-artigo-26\/#breadcrumb\",\"itemListElement\":[{\"@type\":\"ListItem\",\"position\":1,\"name\":\"In\u00edcio\",\"item\":\"https:\/\/advbox.com.br\/blog\/\"},{\"@type\":\"ListItem\",\"position\":2,\"name\":\"Artigo 26 CPC \u2013 C\u00f3digo de Processo Civil\"}]},{\"@type\":\"WebSite\",\"@id\":\"https:\/\/advbox.com.br\/blog\/#website\",\"url\":\"https:\/\/advbox.com.br\/blog\/\",\"name\":\"Software Jur\u00eddico Completo - ADVBOX\",\"description\":\"Plataforma para Advocacia Digital\",\"publisher\":{\"@id\":\"https:\/\/advbox.com.br\/blog\/#organization\"},\"potentialAction\":[{\"@type\":\"SearchAction\",\"target\":{\"@type\":\"EntryPoint\",\"urlTemplate\":\"https:\/\/advbox.com.br\/blog\/?s={search_term_string}\"},\"query-input\":{\"@type\":\"PropertyValueSpecification\",\"valueRequired\":true,\"valueName\":\"search_term_string\"}}],\"inLanguage\":\"pt-BR\"},{\"@type\":\"Organization\",\"@id\":\"https:\/\/advbox.com.br\/blog\/#organization\",\"name\":\"ADVBOX Blog - Software jur\u00eddico da advocacia digital\",\"url\":\"https:\/\/advbox.com.br\/blog\/\",\"logo\":{\"@type\":\"ImageObject\",\"inLanguage\":\"pt-BR\",\"@id\":\"https:\/\/advbox.com.br\/blog\/#\/schema\/logo\/image\/\",\"url\":\"https:\/\/advbox.com.br\/blog\/wp-content\/uploads\/2019\/12\/Como-aumentar-a-produtividade_.jpg\",\"contentUrl\":\"https:\/\/advbox.com.br\/blog\/wp-content\/uploads\/2019\/12\/Como-aumentar-a-produtividade_.jpg\",\"width\":320,\"height\":213,\"caption\":\"ADVBOX Blog - Software jur\u00eddico da advocacia digital\"},\"image\":{\"@id\":\"https:\/\/advbox.com.br\/blog\/#\/schema\/logo\/image\/\"},\"sameAs\":[\"https:\/\/www.facebook.com\/advbox\/\",\"https:\/\/x.com\/advbox2\"]}]}<\/script>\n<!-- \/ Yoast SEO plugin. -->","yoast_head_json":{"title":"Artigo 26 do CPC: regras da coopera\u00e7\u00e3o internacional","description":"Artigo 26 do CPC - C\u00f3digo de Processo Civil - A coopera\u00e7\u00e3o jur\u00eddica internacional ser\u00e1 regida por tratado de que o Brasil faz [continua]","robots":{"index":"index","follow":"follow","max-snippet":"max-snippet:-1","max-image-preview":"max-image-preview:large","max-video-preview":"max-video-preview:-1"},"canonical":"https:\/\/advbox.com.br\/blog\/cpc-artigo-26\/","og_locale":"pt_BR","og_type":"article","og_title":"Artigo 26 do CPC: regras da coopera\u00e7\u00e3o internacional","og_description":"Artigo 26 do CPC - C\u00f3digo de Processo Civil - A coopera\u00e7\u00e3o jur\u00eddica internacional ser\u00e1 regida por tratado de que o Brasil faz [continua]","og_url":"https:\/\/advbox.com.br\/blog\/cpc-artigo-26\/","og_site_name":"Software Jur\u00eddico Completo - ADVBOX","article_publisher":"https:\/\/www.facebook.com\/advbox\/","article_modified_time":"2026-04-27T19:32:15+00:00","twitter_card":"summary_large_image","twitter_site":"@advbox2","schema":{"@context":"https:\/\/schema.org","@graph":[{"@type":"WebPage","@id":"https:\/\/advbox.com.br\/blog\/cpc-artigo-26\/","url":"https:\/\/advbox.com.br\/blog\/cpc-artigo-26\/","name":"Artigo 26 do CPC: regras da coopera\u00e7\u00e3o internacional","isPartOf":{"@id":"https:\/\/advbox.com.br\/blog\/#website"},"datePublished":"2022-12-21T19:27:51+00:00","dateModified":"2026-04-27T19:32:15+00:00","description":"Artigo 26 do CPC - C\u00f3digo de Processo Civil - A coopera\u00e7\u00e3o jur\u00eddica internacional ser\u00e1 regida por tratado de que o Brasil faz [continua]","breadcrumb":{"@id":"https:\/\/advbox.com.br\/blog\/cpc-artigo-26\/#breadcrumb"},"inLanguage":"pt-BR","potentialAction":[{"@type":"ReadAction","target":["https:\/\/advbox.com.br\/blog\/cpc-artigo-26\/"]}]},{"@type":"BreadcrumbList","@id":"https:\/\/advbox.com.br\/blog\/cpc-artigo-26\/#breadcrumb","itemListElement":[{"@type":"ListItem","position":1,"name":"In\u00edcio","item":"https:\/\/advbox.com.br\/blog\/"},{"@type":"ListItem","position":2,"name":"Artigo 26 CPC \u2013 C\u00f3digo de Processo Civil"}]},{"@type":"WebSite","@id":"https:\/\/advbox.com.br\/blog\/#website","url":"https:\/\/advbox.com.br\/blog\/","name":"Software Jur\u00eddico Completo - ADVBOX","description":"Plataforma para Advocacia Digital","publisher":{"@id":"https:\/\/advbox.com.br\/blog\/#organization"},"potentialAction":[{"@type":"SearchAction","target":{"@type":"EntryPoint","urlTemplate":"https:\/\/advbox.com.br\/blog\/?s={search_term_string}"},"query-input":{"@type":"PropertyValueSpecification","valueRequired":true,"valueName":"search_term_string"}}],"inLanguage":"pt-BR"},{"@type":"Organization","@id":"https:\/\/advbox.com.br\/blog\/#organization","name":"ADVBOX Blog - Software jur\u00eddico da advocacia digital","url":"https:\/\/advbox.com.br\/blog\/","logo":{"@type":"ImageObject","inLanguage":"pt-BR","@id":"https:\/\/advbox.com.br\/blog\/#\/schema\/logo\/image\/","url":"https:\/\/advbox.com.br\/blog\/wp-content\/uploads\/2019\/12\/Como-aumentar-a-produtividade_.jpg","contentUrl":"https:\/\/advbox.com.br\/blog\/wp-content\/uploads\/2019\/12\/Como-aumentar-a-produtividade_.jpg","width":320,"height":213,"caption":"ADVBOX Blog - Software jur\u00eddico da advocacia digital"},"image":{"@id":"https:\/\/advbox.com.br\/blog\/#\/schema\/logo\/image\/"},"sameAs":["https:\/\/www.facebook.com\/advbox\/","https:\/\/x.com\/advbox2"]}]}},"_links":{"self":[{"href":"https:\/\/advbox.com.br\/blog\/wp-json\/wp\/v2\/pages\/49153","targetHints":{"allow":["GET"]}}],"collection":[{"href":"https:\/\/advbox.com.br\/blog\/wp-json\/wp\/v2\/pages"}],"about":[{"href":"https:\/\/advbox.com.br\/blog\/wp-json\/wp\/v2\/types\/page"}],"author":[{"embeddable":true,"href":"https:\/\/advbox.com.br\/blog\/wp-json\/wp\/v2\/users\/44"}],"replies":[{"embeddable":true,"href":"https:\/\/advbox.com.br\/blog\/wp-json\/wp\/v2\/comments?post=49153"}],"version-history":[{"count":3,"href":"https:\/\/advbox.com.br\/blog\/wp-json\/wp\/v2\/pages\/49153\/revisions"}],"predecessor-version":[{"id":83392,"href":"https:\/\/advbox.com.br\/blog\/wp-json\/wp\/v2\/pages\/49153\/revisions\/83392"}],"wp:attachment":[{"href":"https:\/\/advbox.com.br\/blog\/wp-json\/wp\/v2\/media?parent=49153"}],"curies":[{"name":"wp","href":"https:\/\/api.w.org\/{rel}","templated":true}]}}