{"id":50110,"date":"2023-01-16T13:55:15","date_gmt":"2023-01-16T16:55:15","guid":{"rendered":"https:\/\/advbox.com.br\/blog\/?page_id=50110"},"modified":"2024-01-04T08:02:18","modified_gmt":"2024-01-04T11:02:18","slug":"cpc-artigo-53","status":"publish","type":"page","link":"https:\/\/advbox.com.br\/blog\/cpc-artigo-53\/","title":{"rendered":"Artigo 53 CPC \u2013 C\u00f3digo de Processo Civil"},"content":{"rendered":"<p><em>Lei N\u00ba 13.105, de 16 de mar\u00e7o de 2015<\/em>\u00a0<em>\u2013 Artigo 53 CPC.<\/em><\/p><h2 class=\"wp-block-heading\">Artigo 53 CPC<\/h2><p>Art. 53. \u00c9 competente o foro:<\/p><p><a><\/a>I &#8211; para a a\u00e7\u00e3o de div\u00f3rcio, separa\u00e7\u00e3o, anula\u00e7\u00e3o de casamento e reconhecimento ou dissolu\u00e7\u00e3o de uni\u00e3o est\u00e1vel:<\/p><p><a><\/a>a) de domic\u00edlio do guardi\u00e3o de filho incapaz;<\/p><p><a><\/a>b) do \u00faltimo domic\u00edlio do casal, caso n\u00e3o haja filho incapaz;<\/p><p><a><\/a>c) de domic\u00edlio do r\u00e9u, se nenhuma das partes residir no antigo domic\u00edlio do casal;<\/p><p><a><\/a>d) de domic\u00edlio da v\u00edtima de viol\u00eancia dom\u00e9stica e familiar, nos termos da\u00a0<a href=\"http:\/\/www.planalto.gov.br\/ccivil_03\/_Ato2004-2006\/2006\/Lei\/L11340.htm\" target=\"_blank\">Lei n\u00ba 11.340, de 7 de agosto de 2006 (Lei Maria da Penha)<\/a>;\u00a0\u00a0\u00a0\u00a0\u00a0\u00a0\u00a0\u00a0\u00a0 \u00a0\u00a0<a href=\"http:\/\/www.planalto.gov.br\/ccivil_03\/_Ato2019-2022\/2019\/Lei\/L13894.htm#art2\" target=\"_blank\">(Inclu\u00edda pela Lei n\u00ba 13.894, de 2019)<\/a><\/p><p><a><\/a>II &#8211; de domic\u00edlio ou resid\u00eancia do alimentando, para a a\u00e7\u00e3o em que se pedem alimentos;<\/p><p><a><\/a>III &#8211; do lugar:<\/p><p><a><\/a>a) onde est\u00e1 a sede, para a a\u00e7\u00e3o em que for r\u00e9 pessoa jur\u00eddica;<\/p><p><a><\/a>b) onde se acha ag\u00eancia ou sucursal, quanto \u00e0s obriga\u00e7\u00f5es que a pessoa jur\u00eddica contraiu;<\/p><p><a><\/a>c) onde exerce suas atividades, para a a\u00e7\u00e3o em que for r\u00e9 sociedade ou associa\u00e7\u00e3o sem personalidade jur\u00eddica;<\/p><p><a><\/a>d) onde a obriga\u00e7\u00e3o deve ser satisfeita, para a a\u00e7\u00e3o em que se lhe exigir o cumprimento;<\/p><p><a><\/a>e) de resid\u00eancia do idoso, para a causa que verse sobre direito previsto no respectivo estatuto;<\/p><p><a><\/a>f) da sede da serventia notarial ou de registro, para a a\u00e7\u00e3o de repara\u00e7\u00e3o de dano por ato praticado em raz\u00e3o do of\u00edcio;<\/p><p><a><\/a>IV &#8211; do lugar do ato ou fato para a a\u00e7\u00e3o:<\/p><p><a><\/a>a) de repara\u00e7\u00e3o de dano;<\/p><p><a><\/a>b) em que for r\u00e9u administrador ou gestor de neg\u00f3cios alheios;<\/p><p>V &#8211; de domic\u00edlio do autor ou do local do fato, para a a\u00e7\u00e3o de repara\u00e7\u00e3o de dano sofrido em raz\u00e3o de delito ou acidente de ve\u00edculos, inclusive aeronaves.<\/p><h2 class=\"wp-block-heading\">Acesse o CPC completo ou separadamente:<\/h2><p><a href=\"https:\/\/advbox.com.br\/blog\/cpc-codigo-de-processo-civil\/\" target=\"_blank\" rel=\"noreferrer noopener\" target=\"_blank\"><strong>CPC completo<\/strong><\/a><\/p><p><a href=\"https:\/\/advbox.com.br\/blog\/cpc-artigo-52\/\" target=\"_blank\"><strong>Artigo 52<\/strong><\/a><\/p><p><strong>Acelere seu trabalho, automatize procura\u00e7\u00f5es, contratos e peti\u00e7\u00f5es no seu escrit\u00f3rio. Saiba como neste <a href=\"https:\/\/advbox.com.br\/blog\/como-automatizar-seus-modelos-de-peticoes\/\" target=\"_blank\">artigo<\/a> no nosso blog.<\/strong><\/p>\n","protected":false},"excerpt":{"rendered":"<p>Lei N\u00ba 13.105, de 16 de mar\u00e7o de 2015\u00a0\u2013 Artigo 53 CPC. Artigo 53 CPC Art. 53. \u00c9 competente o foro: I &#8211; para a a\u00e7\u00e3o de div\u00f3rcio, separa\u00e7\u00e3o, anula\u00e7\u00e3o de casamento e reconhecimento ou dissolu\u00e7\u00e3o de uni\u00e3o est\u00e1vel: a) de domic\u00edlio do guardi\u00e3o de filho incapaz; b) do \u00faltimo [&hellip;]<\/p>\n","protected":false},"author":44,"featured_media":0,"parent":0,"menu_order":0,"comment_status":"closed","ping_status":"closed","template":"","meta":{"_acf_changed":false,"om_disable_all_campaigns":false,"footnotes":""},"class_list":["post-50110","page","type-page","status-publish","hentry"],"acf":[],"yoast_head":"<!-- This site is optimized with the Yoast SEO plugin v26.9 - https:\/\/yoast.com\/product\/yoast-seo-wordpress\/ -->\n<title>Artigo 53 CPC | ADVBOX<\/title>\n<meta name=\"description\" content=\"Artigo 53 CPC - C\u00f3digo de Processo Civil - \u00c9 competente o foro:I - para a a\u00e7\u00e3o de div\u00f3rcio, separa\u00e7\u00e3o, anula\u00e7\u00e3o de casamento [continua]\" \/>\n<meta name=\"robots\" content=\"index, follow, max-snippet:-1, max-image-preview:large, max-video-preview:-1\" \/>\n<link rel=\"canonical\" href=\"https:\/\/advbox.com.br\/blog\/cpc-artigo-53\/\" \/>\n<meta property=\"og:locale\" content=\"pt_BR\" \/>\n<meta property=\"og:type\" content=\"article\" \/>\n<meta property=\"og:title\" content=\"Artigo 53 CPC | ADVBOX\" \/>\n<meta property=\"og:description\" content=\"Artigo 53 CPC - C\u00f3digo de Processo Civil - \u00c9 competente o foro:I - para a a\u00e7\u00e3o de div\u00f3rcio, separa\u00e7\u00e3o, anula\u00e7\u00e3o de casamento [continua]\" \/>\n<meta property=\"og:url\" content=\"https:\/\/advbox.com.br\/blog\/cpc-artigo-53\/\" \/>\n<meta property=\"og:site_name\" content=\"Software Jur\u00eddico Completo - ADVBOX\" \/>\n<meta property=\"article:publisher\" content=\"https:\/\/www.facebook.com\/advbox\/\" \/>\n<meta property=\"article:modified_time\" content=\"2024-01-04T11:02:18+00:00\" \/>\n<meta name=\"twitter:card\" content=\"summary_large_image\" \/>\n<meta name=\"twitter:site\" content=\"@advbox2\" \/>\n<script type=\"application\/ld+json\" class=\"yoast-schema-graph\">{\"@context\":\"https:\/\/schema.org\",\"@graph\":[{\"@type\":\"WebPage\",\"@id\":\"https:\/\/advbox.com.br\/blog\/cpc-artigo-53\/\",\"url\":\"https:\/\/advbox.com.br\/blog\/cpc-artigo-53\/\",\"name\":\"Artigo 53 CPC | ADVBOX\",\"isPartOf\":{\"@id\":\"https:\/\/advbox.com.br\/blog\/#website\"},\"datePublished\":\"2023-01-16T16:55:15+00:00\",\"dateModified\":\"2024-01-04T11:02:18+00:00\",\"description\":\"Artigo 53 CPC - C\u00f3digo de Processo Civil - \u00c9 competente o foro:I - para a a\u00e7\u00e3o de div\u00f3rcio, separa\u00e7\u00e3o, anula\u00e7\u00e3o de casamento [continua]\",\"breadcrumb\":{\"@id\":\"https:\/\/advbox.com.br\/blog\/cpc-artigo-53\/#breadcrumb\"},\"inLanguage\":\"pt-BR\",\"potentialAction\":[{\"@type\":\"ReadAction\",\"target\":[\"https:\/\/advbox.com.br\/blog\/cpc-artigo-53\/\"]}]},{\"@type\":\"BreadcrumbList\",\"@id\":\"https:\/\/advbox.com.br\/blog\/cpc-artigo-53\/#breadcrumb\",\"itemListElement\":[{\"@type\":\"ListItem\",\"position\":1,\"name\":\"In\u00edcio\",\"item\":\"https:\/\/advbox.com.br\/blog\/\"},{\"@type\":\"ListItem\",\"position\":2,\"name\":\"Artigo 53 CPC \u2013 C\u00f3digo de Processo Civil\"}]},{\"@type\":\"WebSite\",\"@id\":\"https:\/\/advbox.com.br\/blog\/#website\",\"url\":\"https:\/\/advbox.com.br\/blog\/\",\"name\":\"Software Jur\u00eddico Completo - ADVBOX\",\"description\":\"Plataforma para Advocacia Digital\",\"publisher\":{\"@id\":\"https:\/\/advbox.com.br\/blog\/#organization\"},\"potentialAction\":[{\"@type\":\"SearchAction\",\"target\":{\"@type\":\"EntryPoint\",\"urlTemplate\":\"https:\/\/advbox.com.br\/blog\/?s={search_term_string}\"},\"query-input\":{\"@type\":\"PropertyValueSpecification\",\"valueRequired\":true,\"valueName\":\"search_term_string\"}}],\"inLanguage\":\"pt-BR\"},{\"@type\":\"Organization\",\"@id\":\"https:\/\/advbox.com.br\/blog\/#organization\",\"name\":\"ADVBOX Blog - Software jur\u00eddico da advocacia digital\",\"url\":\"https:\/\/advbox.com.br\/blog\/\",\"logo\":{\"@type\":\"ImageObject\",\"inLanguage\":\"pt-BR\",\"@id\":\"https:\/\/advbox.com.br\/blog\/#\/schema\/logo\/image\/\",\"url\":\"https:\/\/advbox.com.br\/blog\/wp-content\/uploads\/2019\/12\/Como-aumentar-a-produtividade_.jpg\",\"contentUrl\":\"https:\/\/advbox.com.br\/blog\/wp-content\/uploads\/2019\/12\/Como-aumentar-a-produtividade_.jpg\",\"width\":320,\"height\":213,\"caption\":\"ADVBOX Blog - Software jur\u00eddico da advocacia digital\"},\"image\":{\"@id\":\"https:\/\/advbox.com.br\/blog\/#\/schema\/logo\/image\/\"},\"sameAs\":[\"https:\/\/www.facebook.com\/advbox\/\",\"https:\/\/x.com\/advbox2\"]}]}<\/script>\n<!-- \/ Yoast SEO plugin. -->","yoast_head_json":{"title":"Artigo 53 CPC | ADVBOX","description":"Artigo 53 CPC - C\u00f3digo de Processo Civil - \u00c9 competente o foro:I - para a a\u00e7\u00e3o de div\u00f3rcio, separa\u00e7\u00e3o, anula\u00e7\u00e3o de casamento [continua]","robots":{"index":"index","follow":"follow","max-snippet":"max-snippet:-1","max-image-preview":"max-image-preview:large","max-video-preview":"max-video-preview:-1"},"canonical":"https:\/\/advbox.com.br\/blog\/cpc-artigo-53\/","og_locale":"pt_BR","og_type":"article","og_title":"Artigo 53 CPC | ADVBOX","og_description":"Artigo 53 CPC - C\u00f3digo de Processo Civil - \u00c9 competente o foro:I - para a a\u00e7\u00e3o de div\u00f3rcio, separa\u00e7\u00e3o, anula\u00e7\u00e3o de casamento [continua]","og_url":"https:\/\/advbox.com.br\/blog\/cpc-artigo-53\/","og_site_name":"Software Jur\u00eddico Completo - ADVBOX","article_publisher":"https:\/\/www.facebook.com\/advbox\/","article_modified_time":"2024-01-04T11:02:18+00:00","twitter_card":"summary_large_image","twitter_site":"@advbox2","schema":{"@context":"https:\/\/schema.org","@graph":[{"@type":"WebPage","@id":"https:\/\/advbox.com.br\/blog\/cpc-artigo-53\/","url":"https:\/\/advbox.com.br\/blog\/cpc-artigo-53\/","name":"Artigo 53 CPC | ADVBOX","isPartOf":{"@id":"https:\/\/advbox.com.br\/blog\/#website"},"datePublished":"2023-01-16T16:55:15+00:00","dateModified":"2024-01-04T11:02:18+00:00","description":"Artigo 53 CPC - C\u00f3digo de Processo Civil - \u00c9 competente o foro:I - para a a\u00e7\u00e3o de div\u00f3rcio, separa\u00e7\u00e3o, anula\u00e7\u00e3o de casamento [continua]","breadcrumb":{"@id":"https:\/\/advbox.com.br\/blog\/cpc-artigo-53\/#breadcrumb"},"inLanguage":"pt-BR","potentialAction":[{"@type":"ReadAction","target":["https:\/\/advbox.com.br\/blog\/cpc-artigo-53\/"]}]},{"@type":"BreadcrumbList","@id":"https:\/\/advbox.com.br\/blog\/cpc-artigo-53\/#breadcrumb","itemListElement":[{"@type":"ListItem","position":1,"name":"In\u00edcio","item":"https:\/\/advbox.com.br\/blog\/"},{"@type":"ListItem","position":2,"name":"Artigo 53 CPC \u2013 C\u00f3digo de Processo Civil"}]},{"@type":"WebSite","@id":"https:\/\/advbox.com.br\/blog\/#website","url":"https:\/\/advbox.com.br\/blog\/","name":"Software Jur\u00eddico Completo - ADVBOX","description":"Plataforma para Advocacia Digital","publisher":{"@id":"https:\/\/advbox.com.br\/blog\/#organization"},"potentialAction":[{"@type":"SearchAction","target":{"@type":"EntryPoint","urlTemplate":"https:\/\/advbox.com.br\/blog\/?s={search_term_string}"},"query-input":{"@type":"PropertyValueSpecification","valueRequired":true,"valueName":"search_term_string"}}],"inLanguage":"pt-BR"},{"@type":"Organization","@id":"https:\/\/advbox.com.br\/blog\/#organization","name":"ADVBOX Blog - Software jur\u00eddico da advocacia digital","url":"https:\/\/advbox.com.br\/blog\/","logo":{"@type":"ImageObject","inLanguage":"pt-BR","@id":"https:\/\/advbox.com.br\/blog\/#\/schema\/logo\/image\/","url":"https:\/\/advbox.com.br\/blog\/wp-content\/uploads\/2019\/12\/Como-aumentar-a-produtividade_.jpg","contentUrl":"https:\/\/advbox.com.br\/blog\/wp-content\/uploads\/2019\/12\/Como-aumentar-a-produtividade_.jpg","width":320,"height":213,"caption":"ADVBOX Blog - Software jur\u00eddico da advocacia digital"},"image":{"@id":"https:\/\/advbox.com.br\/blog\/#\/schema\/logo\/image\/"},"sameAs":["https:\/\/www.facebook.com\/advbox\/","https:\/\/x.com\/advbox2"]}]}},"_links":{"self":[{"href":"https:\/\/advbox.com.br\/blog\/wp-json\/wp\/v2\/pages\/50110","targetHints":{"allow":["GET"]}}],"collection":[{"href":"https:\/\/advbox.com.br\/blog\/wp-json\/wp\/v2\/pages"}],"about":[{"href":"https:\/\/advbox.com.br\/blog\/wp-json\/wp\/v2\/types\/page"}],"author":[{"embeddable":true,"href":"https:\/\/advbox.com.br\/blog\/wp-json\/wp\/v2\/users\/44"}],"replies":[{"embeddable":true,"href":"https:\/\/advbox.com.br\/blog\/wp-json\/wp\/v2\/comments?post=50110"}],"version-history":[{"count":2,"href":"https:\/\/advbox.com.br\/blog\/wp-json\/wp\/v2\/pages\/50110\/revisions"}],"predecessor-version":[{"id":59972,"href":"https:\/\/advbox.com.br\/blog\/wp-json\/wp\/v2\/pages\/50110\/revisions\/59972"}],"wp:attachment":[{"href":"https:\/\/advbox.com.br\/blog\/wp-json\/wp\/v2\/media?parent=50110"}],"curies":[{"name":"wp","href":"https:\/\/api.w.org\/{rel}","templated":true}]}}