{"id":50347,"date":"2023-01-18T16:15:39","date_gmt":"2023-01-18T19:15:39","guid":{"rendered":"https:\/\/advbox.com.br\/blog\/?page_id=50347"},"modified":"2026-04-27T16:52:00","modified_gmt":"2026-04-27T19:52:00","slug":"cpc-artigo-82","status":"publish","type":"page","link":"https:\/\/advbox.com.br\/blog\/cpc-artigo-82\/","title":{"rendered":"Artigo 82 CPC \u2013 C\u00f3digo de Processo Civil"},"content":{"rendered":"<p><em>Lei N\u00ba 13.105, de 16 de mar\u00e7o de 2015<\/em>\u00a0<em>\u2013 Artigo 82 CPC.<\/em><\/p><h2 class=\"wp-block-heading\">Artigo 82 CPC<\/h2><p>Art. 82. Salvo as disposi\u00e7\u00f5es concernentes \u00e0 gratuidade da justi\u00e7a, incumbe \u00e0s partes prover as despesas dos atos que realizarem ou requererem no processo, antecipando-lhes o pagamento, desde o in\u00edcio at\u00e9 a senten\u00e7a final ou, na execu\u00e7\u00e3o, at\u00e9 a plena satisfa\u00e7\u00e3o do direito reconhecido no t\u00edtulo.<\/p><p><a><\/a>\u00a7 1\u00ba Incumbe ao autor adiantar as despesas relativas a ato cuja realiza\u00e7\u00e3o o juiz determinar de of\u00edcio ou a requerimento do Minist\u00e9rio P\u00fablico, quando sua interven\u00e7\u00e3o ocorrer como fiscal da ordem jur\u00eddica.<\/p><p>\u00a7 2\u00ba A senten\u00e7a condenar\u00e1 o vencido a pagar ao vencedor as despesas que antecipou.<\/p><h2 class=\"wp-block-heading\">Acesse o CPC completo ou separadamente:<\/h2><p><a href=\"https:\/\/advbox.com.br\/blog\/cpc-codigo-de-processo-civil\/\" target=\"_blank\" rel=\"noreferrer noopener\" target=\"_blank\"><strong>CPC completo<\/strong><\/a><\/p><p><a href=\"https:\/\/advbox.com.br\/blog\/cpc-artigo-81\/\" target=\"_blank\"><strong>Artigo 81<\/strong><\/a><\/p><p><strong>Acelere seu trabalho, automatize procura\u00e7\u00f5es, contratos e peti\u00e7\u00f5es no seu escrit\u00f3rio. Saiba como neste <a href=\"https:\/\/advbox.com.br\/blog\/como-automatizar-seus-modelos-de-peticoes\/\" target=\"_blank\">artigo<\/a> no nosso blog.<\/strong><\/p>\n","protected":false},"excerpt":{"rendered":"<p>Lei N\u00ba 13.105, de 16 de mar\u00e7o de 2015\u00a0\u2013 Artigo 82 CPC. Artigo 82 CPC Art. 82. Salvo as disposi\u00e7\u00f5es concernentes \u00e0 gratuidade da justi\u00e7a, incumbe \u00e0s partes prover as despesas dos atos que realizarem ou requererem no processo, antecipando-lhes o pagamento, desde o in\u00edcio at\u00e9 a senten\u00e7a final ou, [&hellip;]<\/p>\n","protected":false},"author":44,"featured_media":0,"parent":0,"menu_order":0,"comment_status":"closed","ping_status":"closed","template":"","meta":{"_acf_changed":false,"om_disable_all_campaigns":false,"footnotes":""},"class_list":["post-50347","page","type-page","status-publish","hentry"],"acf":[],"yoast_head":"<!-- This site is optimized with the Yoast SEO plugin v26.9 - https:\/\/yoast.com\/product\/yoast-seo-wordpress\/ -->\n<title>Artigo 82 do CPC: adiantamento das despesas<\/title>\n<meta name=\"description\" content=\"Artigo 82 CPC - C\u00f3digo de Processo Civil - Salvo as disposi\u00e7\u00f5es concernentes \u00e0 gratuidade da justi\u00e7a, incumbe \u00e0s partes prover as [continua]\" \/>\n<meta name=\"robots\" content=\"index, follow, max-snippet:-1, max-image-preview:large, max-video-preview:-1\" \/>\n<link rel=\"canonical\" href=\"https:\/\/advbox.com.br\/blog\/cpc-artigo-82\/\" \/>\n<meta property=\"og:locale\" content=\"pt_BR\" \/>\n<meta property=\"og:type\" content=\"article\" \/>\n<meta property=\"og:title\" content=\"Artigo 82 do CPC: adiantamento das despesas\" \/>\n<meta property=\"og:description\" content=\"Artigo 82 CPC - C\u00f3digo de Processo Civil - Salvo as disposi\u00e7\u00f5es concernentes \u00e0 gratuidade da justi\u00e7a, incumbe \u00e0s partes prover as [continua]\" \/>\n<meta property=\"og:url\" content=\"https:\/\/advbox.com.br\/blog\/cpc-artigo-82\/\" \/>\n<meta property=\"og:site_name\" content=\"Software Jur\u00eddico Completo - ADVBOX\" \/>\n<meta property=\"article:publisher\" content=\"https:\/\/www.facebook.com\/advbox\/\" \/>\n<meta property=\"article:modified_time\" content=\"2026-04-27T19:52:00+00:00\" \/>\n<meta name=\"twitter:card\" content=\"summary_large_image\" \/>\n<meta name=\"twitter:site\" content=\"@advbox2\" \/>\n<script type=\"application\/ld+json\" class=\"yoast-schema-graph\">{\"@context\":\"https:\/\/schema.org\",\"@graph\":[{\"@type\":\"WebPage\",\"@id\":\"https:\/\/advbox.com.br\/blog\/cpc-artigo-82\/\",\"url\":\"https:\/\/advbox.com.br\/blog\/cpc-artigo-82\/\",\"name\":\"Artigo 82 do CPC: adiantamento das despesas\",\"isPartOf\":{\"@id\":\"https:\/\/advbox.com.br\/blog\/#website\"},\"datePublished\":\"2023-01-18T19:15:39+00:00\",\"dateModified\":\"2026-04-27T19:52:00+00:00\",\"description\":\"Artigo 82 CPC - C\u00f3digo de Processo Civil - Salvo as disposi\u00e7\u00f5es concernentes \u00e0 gratuidade da justi\u00e7a, incumbe \u00e0s partes prover as [continua]\",\"breadcrumb\":{\"@id\":\"https:\/\/advbox.com.br\/blog\/cpc-artigo-82\/#breadcrumb\"},\"inLanguage\":\"pt-BR\",\"potentialAction\":[{\"@type\":\"ReadAction\",\"target\":[\"https:\/\/advbox.com.br\/blog\/cpc-artigo-82\/\"]}]},{\"@type\":\"BreadcrumbList\",\"@id\":\"https:\/\/advbox.com.br\/blog\/cpc-artigo-82\/#breadcrumb\",\"itemListElement\":[{\"@type\":\"ListItem\",\"position\":1,\"name\":\"In\u00edcio\",\"item\":\"https:\/\/advbox.com.br\/blog\/\"},{\"@type\":\"ListItem\",\"position\":2,\"name\":\"Artigo 82 CPC \u2013 C\u00f3digo de Processo Civil\"}]},{\"@type\":\"WebSite\",\"@id\":\"https:\/\/advbox.com.br\/blog\/#website\",\"url\":\"https:\/\/advbox.com.br\/blog\/\",\"name\":\"Software Jur\u00eddico Completo - ADVBOX\",\"description\":\"Plataforma para Advocacia Digital\",\"publisher\":{\"@id\":\"https:\/\/advbox.com.br\/blog\/#organization\"},\"potentialAction\":[{\"@type\":\"SearchAction\",\"target\":{\"@type\":\"EntryPoint\",\"urlTemplate\":\"https:\/\/advbox.com.br\/blog\/?s={search_term_string}\"},\"query-input\":{\"@type\":\"PropertyValueSpecification\",\"valueRequired\":true,\"valueName\":\"search_term_string\"}}],\"inLanguage\":\"pt-BR\"},{\"@type\":\"Organization\",\"@id\":\"https:\/\/advbox.com.br\/blog\/#organization\",\"name\":\"ADVBOX Blog - Software jur\u00eddico da advocacia digital\",\"url\":\"https:\/\/advbox.com.br\/blog\/\",\"logo\":{\"@type\":\"ImageObject\",\"inLanguage\":\"pt-BR\",\"@id\":\"https:\/\/advbox.com.br\/blog\/#\/schema\/logo\/image\/\",\"url\":\"https:\/\/advbox.com.br\/blog\/wp-content\/uploads\/2019\/12\/Como-aumentar-a-produtividade_.jpg\",\"contentUrl\":\"https:\/\/advbox.com.br\/blog\/wp-content\/uploads\/2019\/12\/Como-aumentar-a-produtividade_.jpg\",\"width\":320,\"height\":213,\"caption\":\"ADVBOX Blog - Software jur\u00eddico da advocacia digital\"},\"image\":{\"@id\":\"https:\/\/advbox.com.br\/blog\/#\/schema\/logo\/image\/\"},\"sameAs\":[\"https:\/\/www.facebook.com\/advbox\/\",\"https:\/\/x.com\/advbox2\"]}]}<\/script>\n<!-- \/ Yoast SEO plugin. -->","yoast_head_json":{"title":"Artigo 82 do CPC: adiantamento das despesas","description":"Artigo 82 CPC - C\u00f3digo de Processo Civil - Salvo as disposi\u00e7\u00f5es concernentes \u00e0 gratuidade da justi\u00e7a, incumbe \u00e0s partes prover as [continua]","robots":{"index":"index","follow":"follow","max-snippet":"max-snippet:-1","max-image-preview":"max-image-preview:large","max-video-preview":"max-video-preview:-1"},"canonical":"https:\/\/advbox.com.br\/blog\/cpc-artigo-82\/","og_locale":"pt_BR","og_type":"article","og_title":"Artigo 82 do CPC: adiantamento das despesas","og_description":"Artigo 82 CPC - C\u00f3digo de Processo Civil - Salvo as disposi\u00e7\u00f5es concernentes \u00e0 gratuidade da justi\u00e7a, incumbe \u00e0s partes prover as [continua]","og_url":"https:\/\/advbox.com.br\/blog\/cpc-artigo-82\/","og_site_name":"Software Jur\u00eddico Completo - ADVBOX","article_publisher":"https:\/\/www.facebook.com\/advbox\/","article_modified_time":"2026-04-27T19:52:00+00:00","twitter_card":"summary_large_image","twitter_site":"@advbox2","schema":{"@context":"https:\/\/schema.org","@graph":[{"@type":"WebPage","@id":"https:\/\/advbox.com.br\/blog\/cpc-artigo-82\/","url":"https:\/\/advbox.com.br\/blog\/cpc-artigo-82\/","name":"Artigo 82 do CPC: adiantamento das despesas","isPartOf":{"@id":"https:\/\/advbox.com.br\/blog\/#website"},"datePublished":"2023-01-18T19:15:39+00:00","dateModified":"2026-04-27T19:52:00+00:00","description":"Artigo 82 CPC - C\u00f3digo de Processo Civil - Salvo as disposi\u00e7\u00f5es concernentes \u00e0 gratuidade da justi\u00e7a, incumbe \u00e0s partes prover as [continua]","breadcrumb":{"@id":"https:\/\/advbox.com.br\/blog\/cpc-artigo-82\/#breadcrumb"},"inLanguage":"pt-BR","potentialAction":[{"@type":"ReadAction","target":["https:\/\/advbox.com.br\/blog\/cpc-artigo-82\/"]}]},{"@type":"BreadcrumbList","@id":"https:\/\/advbox.com.br\/blog\/cpc-artigo-82\/#breadcrumb","itemListElement":[{"@type":"ListItem","position":1,"name":"In\u00edcio","item":"https:\/\/advbox.com.br\/blog\/"},{"@type":"ListItem","position":2,"name":"Artigo 82 CPC \u2013 C\u00f3digo de Processo Civil"}]},{"@type":"WebSite","@id":"https:\/\/advbox.com.br\/blog\/#website","url":"https:\/\/advbox.com.br\/blog\/","name":"Software Jur\u00eddico Completo - ADVBOX","description":"Plataforma para Advocacia Digital","publisher":{"@id":"https:\/\/advbox.com.br\/blog\/#organization"},"potentialAction":[{"@type":"SearchAction","target":{"@type":"EntryPoint","urlTemplate":"https:\/\/advbox.com.br\/blog\/?s={search_term_string}"},"query-input":{"@type":"PropertyValueSpecification","valueRequired":true,"valueName":"search_term_string"}}],"inLanguage":"pt-BR"},{"@type":"Organization","@id":"https:\/\/advbox.com.br\/blog\/#organization","name":"ADVBOX Blog - Software jur\u00eddico da advocacia digital","url":"https:\/\/advbox.com.br\/blog\/","logo":{"@type":"ImageObject","inLanguage":"pt-BR","@id":"https:\/\/advbox.com.br\/blog\/#\/schema\/logo\/image\/","url":"https:\/\/advbox.com.br\/blog\/wp-content\/uploads\/2019\/12\/Como-aumentar-a-produtividade_.jpg","contentUrl":"https:\/\/advbox.com.br\/blog\/wp-content\/uploads\/2019\/12\/Como-aumentar-a-produtividade_.jpg","width":320,"height":213,"caption":"ADVBOX Blog - Software jur\u00eddico da advocacia digital"},"image":{"@id":"https:\/\/advbox.com.br\/blog\/#\/schema\/logo\/image\/"},"sameAs":["https:\/\/www.facebook.com\/advbox\/","https:\/\/x.com\/advbox2"]}]}},"_links":{"self":[{"href":"https:\/\/advbox.com.br\/blog\/wp-json\/wp\/v2\/pages\/50347","targetHints":{"allow":["GET"]}}],"collection":[{"href":"https:\/\/advbox.com.br\/blog\/wp-json\/wp\/v2\/pages"}],"about":[{"href":"https:\/\/advbox.com.br\/blog\/wp-json\/wp\/v2\/types\/page"}],"author":[{"embeddable":true,"href":"https:\/\/advbox.com.br\/blog\/wp-json\/wp\/v2\/users\/44"}],"replies":[{"embeddable":true,"href":"https:\/\/advbox.com.br\/blog\/wp-json\/wp\/v2\/comments?post=50347"}],"version-history":[{"count":3,"href":"https:\/\/advbox.com.br\/blog\/wp-json\/wp\/v2\/pages\/50347\/revisions"}],"predecessor-version":[{"id":83399,"href":"https:\/\/advbox.com.br\/blog\/wp-json\/wp\/v2\/pages\/50347\/revisions\/83399"}],"wp:attachment":[{"href":"https:\/\/advbox.com.br\/blog\/wp-json\/wp\/v2\/media?parent=50347"}],"curies":[{"name":"wp","href":"https:\/\/api.w.org\/{rel}","templated":true}]}}