{"id":50443,"date":"2023-01-20T16:28:43","date_gmt":"2023-01-20T19:28:43","guid":{"rendered":"https:\/\/advbox.com.br\/blog\/?page_id=50443"},"modified":"2026-04-22T18:24:27","modified_gmt":"2026-04-22T21:24:27","slug":"cpc-artigo-99","status":"publish","type":"page","link":"https:\/\/advbox.com.br\/blog\/cpc-artigo-99\/","title":{"rendered":"Artigo 99 CPC \u2013 C\u00f3digo de Processo Civil"},"content":{"rendered":"<p><em>Lei N\u00ba 13.105, de 16 de mar\u00e7o de 2015<\/em>\u00a0<em>\u2013 Artigo 99 CPC.<\/em><\/p><h2 class=\"wp-block-heading\">Artigo 99 CPC<\/h2><p>Art. 99. O pedido de gratuidade da justi\u00e7a pode ser formulado na peti\u00e7\u00e3o inicial, na contesta\u00e7\u00e3o, na peti\u00e7\u00e3o para ingresso de terceiro no processo ou em recurso.<\/p><p><a><\/a>\u00a7 1\u00ba Se superveniente \u00e0 primeira manifesta\u00e7\u00e3o da parte na inst\u00e2ncia, o pedido poder\u00e1 ser formulado por peti\u00e7\u00e3o simples, nos autos do pr\u00f3prio processo, e n\u00e3o suspender\u00e1 seu curso.<\/p><p><a><\/a>\u00a7 2\u00ba O juiz somente poder\u00e1 indeferir o pedido se houver nos autos elementos que evidenciem a falta dos pressupostos legais para a concess\u00e3o de gratuidade, devendo, antes de indeferir o pedido, determinar \u00e0 parte a comprova\u00e7\u00e3o do preenchimento dos referidos pressupostos.<\/p><p><a><\/a>\u00a7 3\u00ba Presume-se verdadeira a alega\u00e7\u00e3o de insufici\u00eancia deduzida exclusivamente por pessoa natural.<\/p><p><a><\/a>\u00a7 4\u00ba A assist\u00eancia do requerente por advogado particular n\u00e3o impede a concess\u00e3o de gratuidade da justi\u00e7a.<\/p><p><a><\/a>\u00a7 5\u00ba Na hip\u00f3tese do \u00a7 4\u00ba, o recurso que verse exclusivamente sobre valor de honor\u00e1rios de sucumb\u00eancia fixados em favor do advogado de benefici\u00e1rio estar\u00e1 sujeito a preparo, salvo se o pr\u00f3prio advogado demonstrar que tem direito \u00e0 gratuidade.<\/p><p><a><\/a>\u00a7 6\u00ba O direito \u00e0 gratuidade da justi\u00e7a \u00e9 pessoal, n\u00e3o se estendendo a litisconsorte ou a sucessor do benefici\u00e1rio, salvo requerimento e deferimento expressos.<\/p><p>\u00a7 7\u00ba Requerida a concess\u00e3o de gratuidade da justi\u00e7a em recurso, o recorrente estar\u00e1 dispensado de comprovar o recolhimento do preparo, incumbindo ao relator, neste caso, apreciar o requerimento e, se indeferi-lo, fixar prazo para realiza\u00e7\u00e3o do recolhimento.<\/p><h2 class=\"wp-block-heading\">Acesse o CPC completo ou separadamente:<\/h2><p><a href=\"https:\/\/advbox.com.br\/blog\/cpc-codigo-de-processo-civil\/\" target=\"_blank\" rel=\"noreferrer noopener\" target=\"_blank\"><strong>CPC completo<\/strong><\/a><\/p><p><a href=\"https:\/\/advbox.com.br\/blog\/cpc-artigo-98\/\" target=\"_blank\"><strong>Artigo 98<\/strong><\/a><\/p><p><strong>Acelere seu trabalho, automatize procura\u00e7\u00f5es, contratos e peti\u00e7\u00f5es no seu escrit\u00f3rio. Saiba como neste <a href=\"https:\/\/advbox.com.br\/blog\/como-automatizar-seus-modelos-de-peticoes\/\" target=\"_blank\">artigo<\/a> no nosso blog.<\/strong><\/p>\n","protected":false},"excerpt":{"rendered":"<p>Lei N\u00ba 13.105, de 16 de mar\u00e7o de 2015\u00a0\u2013 Artigo 99 CPC. Artigo 99 CPC Art. 99. O pedido de gratuidade da justi\u00e7a pode ser formulado na peti\u00e7\u00e3o inicial, na contesta\u00e7\u00e3o, na peti\u00e7\u00e3o para ingresso de terceiro no processo ou em recurso. \u00a7 1\u00ba Se superveniente \u00e0 primeira manifesta\u00e7\u00e3o da [&hellip;]<\/p>\n","protected":false},"author":44,"featured_media":0,"parent":0,"menu_order":0,"comment_status":"closed","ping_status":"closed","template":"","meta":{"_acf_changed":false,"om_disable_all_campaigns":false,"footnotes":""},"class_list":["post-50443","page","type-page","status-publish","hentry"],"acf":[],"yoast_head":"<!-- This site is optimized with the Yoast SEO plugin v26.9 - https:\/\/yoast.com\/product\/yoast-seo-wordpress\/ -->\n<title>Artigo 99 do CPC: gratuidade da justi\u00e7a<\/title>\n<meta name=\"description\" content=\"Artigo 99 CPC - C\u00f3digo de Processo Civil - O pedido de gratuidade da justi\u00e7a pode ser formulado na peti\u00e7\u00e3o inicial, na contesta\u00e7\u00e3o [continua]\" \/>\n<meta name=\"robots\" content=\"index, follow, max-snippet:-1, max-image-preview:large, max-video-preview:-1\" \/>\n<link rel=\"canonical\" href=\"https:\/\/advbox.com.br\/blog\/cpc-artigo-99\/\" \/>\n<meta property=\"og:locale\" content=\"pt_BR\" \/>\n<meta property=\"og:type\" content=\"article\" \/>\n<meta property=\"og:title\" content=\"Artigo 99 do CPC: gratuidade da justi\u00e7a\" \/>\n<meta property=\"og:description\" content=\"Artigo 99 CPC - C\u00f3digo de Processo Civil - O pedido de gratuidade da justi\u00e7a pode ser formulado na peti\u00e7\u00e3o inicial, na contesta\u00e7\u00e3o [continua]\" \/>\n<meta property=\"og:url\" content=\"https:\/\/advbox.com.br\/blog\/cpc-artigo-99\/\" \/>\n<meta property=\"og:site_name\" content=\"Software Jur\u00eddico Completo - ADVBOX\" \/>\n<meta property=\"article:publisher\" content=\"https:\/\/www.facebook.com\/advbox\/\" \/>\n<meta property=\"article:modified_time\" content=\"2026-04-22T21:24:27+00:00\" \/>\n<meta name=\"twitter:card\" content=\"summary_large_image\" \/>\n<meta name=\"twitter:site\" content=\"@advbox2\" \/>\n<script type=\"application\/ld+json\" class=\"yoast-schema-graph\">{\"@context\":\"https:\/\/schema.org\",\"@graph\":[{\"@type\":\"WebPage\",\"@id\":\"https:\/\/advbox.com.br\/blog\/cpc-artigo-99\/\",\"url\":\"https:\/\/advbox.com.br\/blog\/cpc-artigo-99\/\",\"name\":\"Artigo 99 do CPC: gratuidade da justi\u00e7a\",\"isPartOf\":{\"@id\":\"https:\/\/advbox.com.br\/blog\/#website\"},\"datePublished\":\"2023-01-20T19:28:43+00:00\",\"dateModified\":\"2026-04-22T21:24:27+00:00\",\"description\":\"Artigo 99 CPC - C\u00f3digo de Processo Civil - O pedido de gratuidade da justi\u00e7a pode ser formulado na peti\u00e7\u00e3o inicial, na contesta\u00e7\u00e3o [continua]\",\"breadcrumb\":{\"@id\":\"https:\/\/advbox.com.br\/blog\/cpc-artigo-99\/#breadcrumb\"},\"inLanguage\":\"pt-BR\",\"potentialAction\":[{\"@type\":\"ReadAction\",\"target\":[\"https:\/\/advbox.com.br\/blog\/cpc-artigo-99\/\"]}]},{\"@type\":\"BreadcrumbList\",\"@id\":\"https:\/\/advbox.com.br\/blog\/cpc-artigo-99\/#breadcrumb\",\"itemListElement\":[{\"@type\":\"ListItem\",\"position\":1,\"name\":\"In\u00edcio\",\"item\":\"https:\/\/advbox.com.br\/blog\/\"},{\"@type\":\"ListItem\",\"position\":2,\"name\":\"Artigo 99 CPC \u2013 C\u00f3digo de Processo Civil\"}]},{\"@type\":\"WebSite\",\"@id\":\"https:\/\/advbox.com.br\/blog\/#website\",\"url\":\"https:\/\/advbox.com.br\/blog\/\",\"name\":\"Software Jur\u00eddico Completo - ADVBOX\",\"description\":\"Plataforma para Advocacia Digital\",\"publisher\":{\"@id\":\"https:\/\/advbox.com.br\/blog\/#organization\"},\"potentialAction\":[{\"@type\":\"SearchAction\",\"target\":{\"@type\":\"EntryPoint\",\"urlTemplate\":\"https:\/\/advbox.com.br\/blog\/?s={search_term_string}\"},\"query-input\":{\"@type\":\"PropertyValueSpecification\",\"valueRequired\":true,\"valueName\":\"search_term_string\"}}],\"inLanguage\":\"pt-BR\"},{\"@type\":\"Organization\",\"@id\":\"https:\/\/advbox.com.br\/blog\/#organization\",\"name\":\"ADVBOX Blog - Software jur\u00eddico da advocacia digital\",\"url\":\"https:\/\/advbox.com.br\/blog\/\",\"logo\":{\"@type\":\"ImageObject\",\"inLanguage\":\"pt-BR\",\"@id\":\"https:\/\/advbox.com.br\/blog\/#\/schema\/logo\/image\/\",\"url\":\"https:\/\/advbox.com.br\/blog\/wp-content\/uploads\/2019\/12\/Como-aumentar-a-produtividade_.jpg\",\"contentUrl\":\"https:\/\/advbox.com.br\/blog\/wp-content\/uploads\/2019\/12\/Como-aumentar-a-produtividade_.jpg\",\"width\":320,\"height\":213,\"caption\":\"ADVBOX Blog - Software jur\u00eddico da advocacia digital\"},\"image\":{\"@id\":\"https:\/\/advbox.com.br\/blog\/#\/schema\/logo\/image\/\"},\"sameAs\":[\"https:\/\/www.facebook.com\/advbox\/\",\"https:\/\/x.com\/advbox2\"]}]}<\/script>\n<!-- \/ Yoast SEO plugin. -->","yoast_head_json":{"title":"Artigo 99 do CPC: gratuidade da justi\u00e7a","description":"Artigo 99 CPC - C\u00f3digo de Processo Civil - O pedido de gratuidade da justi\u00e7a pode ser formulado na peti\u00e7\u00e3o inicial, na contesta\u00e7\u00e3o [continua]","robots":{"index":"index","follow":"follow","max-snippet":"max-snippet:-1","max-image-preview":"max-image-preview:large","max-video-preview":"max-video-preview:-1"},"canonical":"https:\/\/advbox.com.br\/blog\/cpc-artigo-99\/","og_locale":"pt_BR","og_type":"article","og_title":"Artigo 99 do CPC: gratuidade da justi\u00e7a","og_description":"Artigo 99 CPC - C\u00f3digo de Processo Civil - O pedido de gratuidade da justi\u00e7a pode ser formulado na peti\u00e7\u00e3o inicial, na contesta\u00e7\u00e3o [continua]","og_url":"https:\/\/advbox.com.br\/blog\/cpc-artigo-99\/","og_site_name":"Software Jur\u00eddico Completo - ADVBOX","article_publisher":"https:\/\/www.facebook.com\/advbox\/","article_modified_time":"2026-04-22T21:24:27+00:00","twitter_card":"summary_large_image","twitter_site":"@advbox2","schema":{"@context":"https:\/\/schema.org","@graph":[{"@type":"WebPage","@id":"https:\/\/advbox.com.br\/blog\/cpc-artigo-99\/","url":"https:\/\/advbox.com.br\/blog\/cpc-artigo-99\/","name":"Artigo 99 do CPC: gratuidade da justi\u00e7a","isPartOf":{"@id":"https:\/\/advbox.com.br\/blog\/#website"},"datePublished":"2023-01-20T19:28:43+00:00","dateModified":"2026-04-22T21:24:27+00:00","description":"Artigo 99 CPC - C\u00f3digo de Processo Civil - O pedido de gratuidade da justi\u00e7a pode ser formulado na peti\u00e7\u00e3o inicial, na contesta\u00e7\u00e3o [continua]","breadcrumb":{"@id":"https:\/\/advbox.com.br\/blog\/cpc-artigo-99\/#breadcrumb"},"inLanguage":"pt-BR","potentialAction":[{"@type":"ReadAction","target":["https:\/\/advbox.com.br\/blog\/cpc-artigo-99\/"]}]},{"@type":"BreadcrumbList","@id":"https:\/\/advbox.com.br\/blog\/cpc-artigo-99\/#breadcrumb","itemListElement":[{"@type":"ListItem","position":1,"name":"In\u00edcio","item":"https:\/\/advbox.com.br\/blog\/"},{"@type":"ListItem","position":2,"name":"Artigo 99 CPC \u2013 C\u00f3digo de Processo Civil"}]},{"@type":"WebSite","@id":"https:\/\/advbox.com.br\/blog\/#website","url":"https:\/\/advbox.com.br\/blog\/","name":"Software Jur\u00eddico Completo - ADVBOX","description":"Plataforma para Advocacia Digital","publisher":{"@id":"https:\/\/advbox.com.br\/blog\/#organization"},"potentialAction":[{"@type":"SearchAction","target":{"@type":"EntryPoint","urlTemplate":"https:\/\/advbox.com.br\/blog\/?s={search_term_string}"},"query-input":{"@type":"PropertyValueSpecification","valueRequired":true,"valueName":"search_term_string"}}],"inLanguage":"pt-BR"},{"@type":"Organization","@id":"https:\/\/advbox.com.br\/blog\/#organization","name":"ADVBOX Blog - Software jur\u00eddico da advocacia digital","url":"https:\/\/advbox.com.br\/blog\/","logo":{"@type":"ImageObject","inLanguage":"pt-BR","@id":"https:\/\/advbox.com.br\/blog\/#\/schema\/logo\/image\/","url":"https:\/\/advbox.com.br\/blog\/wp-content\/uploads\/2019\/12\/Como-aumentar-a-produtividade_.jpg","contentUrl":"https:\/\/advbox.com.br\/blog\/wp-content\/uploads\/2019\/12\/Como-aumentar-a-produtividade_.jpg","width":320,"height":213,"caption":"ADVBOX Blog - Software jur\u00eddico da advocacia digital"},"image":{"@id":"https:\/\/advbox.com.br\/blog\/#\/schema\/logo\/image\/"},"sameAs":["https:\/\/www.facebook.com\/advbox\/","https:\/\/x.com\/advbox2"]}]}},"_links":{"self":[{"href":"https:\/\/advbox.com.br\/blog\/wp-json\/wp\/v2\/pages\/50443","targetHints":{"allow":["GET"]}}],"collection":[{"href":"https:\/\/advbox.com.br\/blog\/wp-json\/wp\/v2\/pages"}],"about":[{"href":"https:\/\/advbox.com.br\/blog\/wp-json\/wp\/v2\/types\/page"}],"author":[{"embeddable":true,"href":"https:\/\/advbox.com.br\/blog\/wp-json\/wp\/v2\/users\/44"}],"replies":[{"embeddable":true,"href":"https:\/\/advbox.com.br\/blog\/wp-json\/wp\/v2\/comments?post=50443"}],"version-history":[{"count":3,"href":"https:\/\/advbox.com.br\/blog\/wp-json\/wp\/v2\/pages\/50443\/revisions"}],"predecessor-version":[{"id":83264,"href":"https:\/\/advbox.com.br\/blog\/wp-json\/wp\/v2\/pages\/50443\/revisions\/83264"}],"wp:attachment":[{"href":"https:\/\/advbox.com.br\/blog\/wp-json\/wp\/v2\/media?parent=50443"}],"curies":[{"name":"wp","href":"https:\/\/api.w.org\/{rel}","templated":true}]}}