{"id":50743,"date":"2023-01-31T14:58:16","date_gmt":"2023-01-31T17:58:16","guid":{"rendered":"https:\/\/advbox.com.br\/blog\/?page_id=50743"},"modified":"2023-12-08T11:23:34","modified_gmt":"2023-12-08T14:23:34","slug":"cpc-artigo-125","status":"publish","type":"page","link":"https:\/\/advbox.com.br\/blog\/cpc-artigo-125\/","title":{"rendered":"Artigo 125 CPC \u2013 C\u00f3digo de Processo Civil"},"content":{"rendered":"<p><em>Lei N\u00ba 13.105, de 16 de mar\u00e7o de 2015<\/em>\u00a0<em>\u2013 Artigo 125 CPC.<\/em><\/p><h2 class=\"wp-block-heading\">Artigo 125 CPC<\/h2><p>Art. 125. \u00c9 admiss\u00edvel a denuncia\u00e7\u00e3o da lide, promovida por qualquer das partes:<\/p><p><a><\/a>I &#8211; ao alienante imediato, no processo relativo \u00e0 coisa cujo dom\u00ednio foi transferido ao denunciante, a fim de que possa exercer os direitos que da evic\u00e7\u00e3o lhe resultam;<\/p><p><a><\/a>II &#8211; \u00e0quele que estiver obrigado, por lei ou pelo contrato, a indenizar, em a\u00e7\u00e3o regressiva, o preju\u00edzo de quem for vencido no processo.<\/p><p><a><\/a>\u00a7 1\u00ba O direito regressivo ser\u00e1 exercido por a\u00e7\u00e3o aut\u00f4noma quando a denuncia\u00e7\u00e3o da lide for indeferida, deixar de ser promovida ou n\u00e3o for permitida.<\/p><p>\u00a7 2\u00ba Admite-se uma \u00fanica denuncia\u00e7\u00e3o sucessiva, promovida pelo denunciado, contra seu antecessor imediato na cadeia dominial ou quem seja respons\u00e1vel por indeniz\u00e1-lo, n\u00e3o podendo o denunciado sucessivo promover nova denuncia\u00e7\u00e3o, hip\u00f3tese em que eventual direito de regresso ser\u00e1 exercido por a\u00e7\u00e3o aut\u00f4noma.<\/p><h2 class=\"wp-block-heading\">Acesse o CPC completo ou separadamente:<\/h2><p><a href=\"https:\/\/advbox.com.br\/blog\/cpc-codigo-de-processo-civil\/\" target=\"_blank\" rel=\"noreferrer noopener\" target=\"_blank\"><strong>CPC completo<\/strong><\/a><\/p><p><a href=\"https:\/\/advbox.com.br\/blog\/cpc-artigo-124\/\" target=\"_blank\"><strong>Artigo 124<\/strong><\/a><\/p><p><strong>Acelere seu trabalho, automatize procura\u00e7\u00f5es, contratos e peti\u00e7\u00f5es no seu escrit\u00f3rio. Saiba como neste <a href=\"https:\/\/advbox.com.br\/blog\/como-automatizar-seus-modelos-de-peticoes\/\" target=\"_blank\">artigo<\/a> no nosso blog.<\/strong><\/p>\n","protected":false},"excerpt":{"rendered":"<p>Lei N\u00ba 13.105, de 16 de mar\u00e7o de 2015\u00a0\u2013 Artigo 125 CPC. Artigo 125 CPC Art. 125. \u00c9 admiss\u00edvel a denuncia\u00e7\u00e3o da lide, promovida por qualquer das partes: I &#8211; ao alienante imediato, no processo relativo \u00e0 coisa cujo dom\u00ednio foi transferido ao denunciante, a fim de que possa exercer [&hellip;]<\/p>\n","protected":false},"author":44,"featured_media":0,"parent":0,"menu_order":0,"comment_status":"closed","ping_status":"closed","template":"","meta":{"_acf_changed":false,"om_disable_all_campaigns":false,"footnotes":""},"class_list":["post-50743","page","type-page","status-publish","hentry"],"acf":[],"yoast_head":"<!-- This site is optimized with the Yoast SEO plugin v26.9 - https:\/\/yoast.com\/product\/yoast-seo-wordpress\/ -->\n<title>Artigo 125 CPC | ADVBOX<\/title>\n<meta name=\"description\" content=\"Artigo 125 CPC - C\u00f3digo de Processo Civil - \u00c9 admiss\u00edvel a denuncia\u00e7\u00e3o da lide, promovida por qualquer das partes: I - ao [continua]\" \/>\n<meta name=\"robots\" content=\"index, follow, max-snippet:-1, max-image-preview:large, max-video-preview:-1\" \/>\n<link rel=\"canonical\" href=\"https:\/\/advbox.com.br\/blog\/cpc-artigo-125\/\" \/>\n<meta property=\"og:locale\" content=\"pt_BR\" \/>\n<meta property=\"og:type\" content=\"article\" \/>\n<meta property=\"og:title\" content=\"Artigo 125 CPC | ADVBOX\" \/>\n<meta property=\"og:description\" content=\"Artigo 125 CPC - C\u00f3digo de Processo Civil - \u00c9 admiss\u00edvel a denuncia\u00e7\u00e3o da lide, promovida por qualquer das partes: I - ao [continua]\" \/>\n<meta property=\"og:url\" content=\"https:\/\/advbox.com.br\/blog\/cpc-artigo-125\/\" \/>\n<meta property=\"og:site_name\" content=\"Software Jur\u00eddico Completo - ADVBOX\" \/>\n<meta property=\"article:publisher\" content=\"https:\/\/www.facebook.com\/advbox\/\" \/>\n<meta property=\"article:modified_time\" content=\"2023-12-08T14:23:34+00:00\" \/>\n<meta name=\"twitter:card\" content=\"summary_large_image\" \/>\n<meta name=\"twitter:site\" content=\"@advbox2\" \/>\n<script type=\"application\/ld+json\" class=\"yoast-schema-graph\">{\"@context\":\"https:\/\/schema.org\",\"@graph\":[{\"@type\":\"WebPage\",\"@id\":\"https:\/\/advbox.com.br\/blog\/cpc-artigo-125\/\",\"url\":\"https:\/\/advbox.com.br\/blog\/cpc-artigo-125\/\",\"name\":\"Artigo 125 CPC | ADVBOX\",\"isPartOf\":{\"@id\":\"https:\/\/advbox.com.br\/blog\/#website\"},\"datePublished\":\"2023-01-31T17:58:16+00:00\",\"dateModified\":\"2023-12-08T14:23:34+00:00\",\"description\":\"Artigo 125 CPC - C\u00f3digo de Processo Civil - \u00c9 admiss\u00edvel a denuncia\u00e7\u00e3o da lide, promovida por qualquer das partes: I - ao [continua]\",\"breadcrumb\":{\"@id\":\"https:\/\/advbox.com.br\/blog\/cpc-artigo-125\/#breadcrumb\"},\"inLanguage\":\"pt-BR\",\"potentialAction\":[{\"@type\":\"ReadAction\",\"target\":[\"https:\/\/advbox.com.br\/blog\/cpc-artigo-125\/\"]}]},{\"@type\":\"BreadcrumbList\",\"@id\":\"https:\/\/advbox.com.br\/blog\/cpc-artigo-125\/#breadcrumb\",\"itemListElement\":[{\"@type\":\"ListItem\",\"position\":1,\"name\":\"In\u00edcio\",\"item\":\"https:\/\/advbox.com.br\/blog\/\"},{\"@type\":\"ListItem\",\"position\":2,\"name\":\"Artigo 125 CPC \u2013 C\u00f3digo de Processo Civil\"}]},{\"@type\":\"WebSite\",\"@id\":\"https:\/\/advbox.com.br\/blog\/#website\",\"url\":\"https:\/\/advbox.com.br\/blog\/\",\"name\":\"Software Jur\u00eddico Completo - ADVBOX\",\"description\":\"Plataforma para Advocacia Digital\",\"publisher\":{\"@id\":\"https:\/\/advbox.com.br\/blog\/#organization\"},\"potentialAction\":[{\"@type\":\"SearchAction\",\"target\":{\"@type\":\"EntryPoint\",\"urlTemplate\":\"https:\/\/advbox.com.br\/blog\/?s={search_term_string}\"},\"query-input\":{\"@type\":\"PropertyValueSpecification\",\"valueRequired\":true,\"valueName\":\"search_term_string\"}}],\"inLanguage\":\"pt-BR\"},{\"@type\":\"Organization\",\"@id\":\"https:\/\/advbox.com.br\/blog\/#organization\",\"name\":\"ADVBOX Blog - Software jur\u00eddico da advocacia digital\",\"url\":\"https:\/\/advbox.com.br\/blog\/\",\"logo\":{\"@type\":\"ImageObject\",\"inLanguage\":\"pt-BR\",\"@id\":\"https:\/\/advbox.com.br\/blog\/#\/schema\/logo\/image\/\",\"url\":\"https:\/\/advbox.com.br\/blog\/wp-content\/uploads\/2019\/12\/Como-aumentar-a-produtividade_.jpg\",\"contentUrl\":\"https:\/\/advbox.com.br\/blog\/wp-content\/uploads\/2019\/12\/Como-aumentar-a-produtividade_.jpg\",\"width\":320,\"height\":213,\"caption\":\"ADVBOX Blog - Software jur\u00eddico da advocacia digital\"},\"image\":{\"@id\":\"https:\/\/advbox.com.br\/blog\/#\/schema\/logo\/image\/\"},\"sameAs\":[\"https:\/\/www.facebook.com\/advbox\/\",\"https:\/\/x.com\/advbox2\"]}]}<\/script>\n<!-- \/ Yoast SEO plugin. -->","yoast_head_json":{"title":"Artigo 125 CPC | ADVBOX","description":"Artigo 125 CPC - C\u00f3digo de Processo Civil - \u00c9 admiss\u00edvel a denuncia\u00e7\u00e3o da lide, promovida por qualquer das partes: I - ao [continua]","robots":{"index":"index","follow":"follow","max-snippet":"max-snippet:-1","max-image-preview":"max-image-preview:large","max-video-preview":"max-video-preview:-1"},"canonical":"https:\/\/advbox.com.br\/blog\/cpc-artigo-125\/","og_locale":"pt_BR","og_type":"article","og_title":"Artigo 125 CPC | ADVBOX","og_description":"Artigo 125 CPC - C\u00f3digo de Processo Civil - \u00c9 admiss\u00edvel a denuncia\u00e7\u00e3o da lide, promovida por qualquer das partes: I - ao [continua]","og_url":"https:\/\/advbox.com.br\/blog\/cpc-artigo-125\/","og_site_name":"Software Jur\u00eddico Completo - ADVBOX","article_publisher":"https:\/\/www.facebook.com\/advbox\/","article_modified_time":"2023-12-08T14:23:34+00:00","twitter_card":"summary_large_image","twitter_site":"@advbox2","schema":{"@context":"https:\/\/schema.org","@graph":[{"@type":"WebPage","@id":"https:\/\/advbox.com.br\/blog\/cpc-artigo-125\/","url":"https:\/\/advbox.com.br\/blog\/cpc-artigo-125\/","name":"Artigo 125 CPC | ADVBOX","isPartOf":{"@id":"https:\/\/advbox.com.br\/blog\/#website"},"datePublished":"2023-01-31T17:58:16+00:00","dateModified":"2023-12-08T14:23:34+00:00","description":"Artigo 125 CPC - C\u00f3digo de Processo Civil - \u00c9 admiss\u00edvel a denuncia\u00e7\u00e3o da lide, promovida por qualquer das partes: I - ao [continua]","breadcrumb":{"@id":"https:\/\/advbox.com.br\/blog\/cpc-artigo-125\/#breadcrumb"},"inLanguage":"pt-BR","potentialAction":[{"@type":"ReadAction","target":["https:\/\/advbox.com.br\/blog\/cpc-artigo-125\/"]}]},{"@type":"BreadcrumbList","@id":"https:\/\/advbox.com.br\/blog\/cpc-artigo-125\/#breadcrumb","itemListElement":[{"@type":"ListItem","position":1,"name":"In\u00edcio","item":"https:\/\/advbox.com.br\/blog\/"},{"@type":"ListItem","position":2,"name":"Artigo 125 CPC \u2013 C\u00f3digo de Processo Civil"}]},{"@type":"WebSite","@id":"https:\/\/advbox.com.br\/blog\/#website","url":"https:\/\/advbox.com.br\/blog\/","name":"Software Jur\u00eddico Completo - ADVBOX","description":"Plataforma para Advocacia Digital","publisher":{"@id":"https:\/\/advbox.com.br\/blog\/#organization"},"potentialAction":[{"@type":"SearchAction","target":{"@type":"EntryPoint","urlTemplate":"https:\/\/advbox.com.br\/blog\/?s={search_term_string}"},"query-input":{"@type":"PropertyValueSpecification","valueRequired":true,"valueName":"search_term_string"}}],"inLanguage":"pt-BR"},{"@type":"Organization","@id":"https:\/\/advbox.com.br\/blog\/#organization","name":"ADVBOX Blog - Software jur\u00eddico da advocacia digital","url":"https:\/\/advbox.com.br\/blog\/","logo":{"@type":"ImageObject","inLanguage":"pt-BR","@id":"https:\/\/advbox.com.br\/blog\/#\/schema\/logo\/image\/","url":"https:\/\/advbox.com.br\/blog\/wp-content\/uploads\/2019\/12\/Como-aumentar-a-produtividade_.jpg","contentUrl":"https:\/\/advbox.com.br\/blog\/wp-content\/uploads\/2019\/12\/Como-aumentar-a-produtividade_.jpg","width":320,"height":213,"caption":"ADVBOX Blog - Software jur\u00eddico da advocacia digital"},"image":{"@id":"https:\/\/advbox.com.br\/blog\/#\/schema\/logo\/image\/"},"sameAs":["https:\/\/www.facebook.com\/advbox\/","https:\/\/x.com\/advbox2"]}]}},"_links":{"self":[{"href":"https:\/\/advbox.com.br\/blog\/wp-json\/wp\/v2\/pages\/50743","targetHints":{"allow":["GET"]}}],"collection":[{"href":"https:\/\/advbox.com.br\/blog\/wp-json\/wp\/v2\/pages"}],"about":[{"href":"https:\/\/advbox.com.br\/blog\/wp-json\/wp\/v2\/types\/page"}],"author":[{"embeddable":true,"href":"https:\/\/advbox.com.br\/blog\/wp-json\/wp\/v2\/users\/44"}],"replies":[{"embeddable":true,"href":"https:\/\/advbox.com.br\/blog\/wp-json\/wp\/v2\/comments?post=50743"}],"version-history":[{"count":2,"href":"https:\/\/advbox.com.br\/blog\/wp-json\/wp\/v2\/pages\/50743\/revisions"}],"predecessor-version":[{"id":59291,"href":"https:\/\/advbox.com.br\/blog\/wp-json\/wp\/v2\/pages\/50743\/revisions\/59291"}],"wp:attachment":[{"href":"https:\/\/advbox.com.br\/blog\/wp-json\/wp\/v2\/media?parent=50743"}],"curies":[{"name":"wp","href":"https:\/\/api.w.org\/{rel}","templated":true}]}}