{"id":51290,"date":"2023-02-13T17:47:14","date_gmt":"2023-02-13T20:47:14","guid":{"rendered":"https:\/\/advbox.com.br\/blog\/?page_id=51290"},"modified":"2023-12-11T12:18:26","modified_gmt":"2023-12-11T15:18:26","slug":"cpc-artigo-145","status":"publish","type":"page","link":"https:\/\/advbox.com.br\/blog\/cpc-artigo-145\/","title":{"rendered":"Artigo 145 CPC \u2013 C\u00f3digo de Processo Civil"},"content":{"rendered":"<p><em>Lei N\u00ba 13.105, de 16 de mar\u00e7o de 2015<\/em>\u00a0<em>\u2013 Artigo 145 CPC.<\/em><\/p><h2 class=\"wp-block-heading\">Artigo 145 CPC<\/h2><p>Art. 145. H\u00e1 suspei\u00e7\u00e3o do juiz:<\/p><p><a><\/a>I &#8211; amigo \u00edntimo ou inimigo de qualquer das partes ou de seus advogados;<\/p><p><a><\/a>II &#8211; que receber presentes de pessoas que tiverem interesse na causa antes ou depois de iniciado o processo, que aconselhar alguma das partes acerca do objeto da causa ou que subministrar meios para atender \u00e0s despesas do lit\u00edgio;<\/p><p><a><\/a>III &#8211; quando qualquer das partes for sua credora ou devedora, de seu c\u00f4njuge ou companheiro ou de parentes destes, em linha reta at\u00e9 o terceiro grau, inclusive;<\/p><p><a><\/a>IV &#8211; interessado no julgamento do processo em favor de qualquer das partes.<\/p><p><a><\/a>\u00a7 1\u00ba Poder\u00e1 o juiz declarar-se suspeito por motivo de foro \u00edntimo, sem necessidade de declarar suas raz\u00f5es.<\/p><p><a><\/a>\u00a7 2\u00ba Ser\u00e1 ileg\u00edtima a alega\u00e7\u00e3o de suspei\u00e7\u00e3o quando:<\/p><p><a><\/a>I &#8211; houver sido provocada por quem a alega;<\/p><p>II &#8211; a parte que a alega houver praticado ato que signifique manifesta aceita\u00e7\u00e3o do arguido.<\/p><h2 class=\"wp-block-heading\">Acesse o CPC completo ou separadamente:<\/h2><p><a href=\"https:\/\/advbox.com.br\/blog\/cpc-codigo-de-processo-civil\/\" target=\"_blank\" rel=\"noreferrer noopener\" target=\"_blank\"><strong>CPC completo<\/strong><\/a><\/p><p><a href=\"https:\/\/advbox.com.br\/blog\/cpc-artigo-144\/\" target=\"_blank\"><strong>Artigo 144<\/strong><\/a><\/p><p><strong>Acelere seu trabalho, automatize procura\u00e7\u00f5es, contratos e peti\u00e7\u00f5es no seu escrit\u00f3rio. Saiba como neste <a href=\"https:\/\/advbox.com.br\/blog\/como-automatizar-seus-modelos-de-peticoes\/\" target=\"_blank\">artigo<\/a> no nosso blog.<\/strong><\/p>\n","protected":false},"excerpt":{"rendered":"<p>Lei N\u00ba 13.105, de 16 de mar\u00e7o de 2015\u00a0\u2013 Artigo 145 CPC. Artigo 145 CPC Art. 145. H\u00e1 suspei\u00e7\u00e3o do juiz: I &#8211; amigo \u00edntimo ou inimigo de qualquer das partes ou de seus advogados; II &#8211; que receber presentes de pessoas que tiverem interesse na causa antes ou depois [&hellip;]<\/p>\n","protected":false},"author":44,"featured_media":0,"parent":0,"menu_order":0,"comment_status":"closed","ping_status":"closed","template":"","meta":{"_acf_changed":false,"om_disable_all_campaigns":false,"footnotes":""},"class_list":["post-51290","page","type-page","status-publish","hentry"],"acf":[],"yoast_head":"<!-- This site is optimized with the Yoast SEO plugin v26.9 - https:\/\/yoast.com\/product\/yoast-seo-wordpress\/ -->\n<title>Artigo 145 CPC | ADVBOX<\/title>\n<meta name=\"description\" content=\"Artigo 145 CPC - C\u00f3digo de Processo Civil - H\u00e1 suspei\u00e7\u00e3o do juiz: I - amigo \u00edntimo ou inimigo de qualquer das partes ou de seus [continua]\" \/>\n<meta name=\"robots\" content=\"index, follow, max-snippet:-1, max-image-preview:large, max-video-preview:-1\" \/>\n<link rel=\"canonical\" href=\"https:\/\/advbox.com.br\/blog\/cpc-artigo-145\/\" \/>\n<meta property=\"og:locale\" content=\"pt_BR\" \/>\n<meta property=\"og:type\" content=\"article\" \/>\n<meta property=\"og:title\" content=\"Artigo 145 CPC | ADVBOX\" \/>\n<meta property=\"og:description\" content=\"Artigo 145 CPC - C\u00f3digo de Processo Civil - H\u00e1 suspei\u00e7\u00e3o do juiz: I - amigo \u00edntimo ou inimigo de qualquer das partes ou de seus [continua]\" \/>\n<meta property=\"og:url\" content=\"https:\/\/advbox.com.br\/blog\/cpc-artigo-145\/\" \/>\n<meta property=\"og:site_name\" content=\"Software Jur\u00eddico Completo - ADVBOX\" \/>\n<meta property=\"article:publisher\" content=\"https:\/\/www.facebook.com\/advbox\/\" \/>\n<meta property=\"article:modified_time\" content=\"2023-12-11T15:18:26+00:00\" \/>\n<meta name=\"twitter:card\" content=\"summary_large_image\" \/>\n<meta name=\"twitter:site\" content=\"@advbox2\" \/>\n<script type=\"application\/ld+json\" class=\"yoast-schema-graph\">{\"@context\":\"https:\/\/schema.org\",\"@graph\":[{\"@type\":\"WebPage\",\"@id\":\"https:\/\/advbox.com.br\/blog\/cpc-artigo-145\/\",\"url\":\"https:\/\/advbox.com.br\/blog\/cpc-artigo-145\/\",\"name\":\"Artigo 145 CPC | ADVBOX\",\"isPartOf\":{\"@id\":\"https:\/\/advbox.com.br\/blog\/#website\"},\"datePublished\":\"2023-02-13T20:47:14+00:00\",\"dateModified\":\"2023-12-11T15:18:26+00:00\",\"description\":\"Artigo 145 CPC - C\u00f3digo de Processo Civil - H\u00e1 suspei\u00e7\u00e3o do juiz: I - amigo \u00edntimo ou inimigo de qualquer das partes ou de seus [continua]\",\"breadcrumb\":{\"@id\":\"https:\/\/advbox.com.br\/blog\/cpc-artigo-145\/#breadcrumb\"},\"inLanguage\":\"pt-BR\",\"potentialAction\":[{\"@type\":\"ReadAction\",\"target\":[\"https:\/\/advbox.com.br\/blog\/cpc-artigo-145\/\"]}]},{\"@type\":\"BreadcrumbList\",\"@id\":\"https:\/\/advbox.com.br\/blog\/cpc-artigo-145\/#breadcrumb\",\"itemListElement\":[{\"@type\":\"ListItem\",\"position\":1,\"name\":\"In\u00edcio\",\"item\":\"https:\/\/advbox.com.br\/blog\/\"},{\"@type\":\"ListItem\",\"position\":2,\"name\":\"Artigo 145 CPC \u2013 C\u00f3digo de Processo Civil\"}]},{\"@type\":\"WebSite\",\"@id\":\"https:\/\/advbox.com.br\/blog\/#website\",\"url\":\"https:\/\/advbox.com.br\/blog\/\",\"name\":\"Software Jur\u00eddico Completo - ADVBOX\",\"description\":\"Plataforma para Advocacia Digital\",\"publisher\":{\"@id\":\"https:\/\/advbox.com.br\/blog\/#organization\"},\"potentialAction\":[{\"@type\":\"SearchAction\",\"target\":{\"@type\":\"EntryPoint\",\"urlTemplate\":\"https:\/\/advbox.com.br\/blog\/?s={search_term_string}\"},\"query-input\":{\"@type\":\"PropertyValueSpecification\",\"valueRequired\":true,\"valueName\":\"search_term_string\"}}],\"inLanguage\":\"pt-BR\"},{\"@type\":\"Organization\",\"@id\":\"https:\/\/advbox.com.br\/blog\/#organization\",\"name\":\"ADVBOX Blog - Software jur\u00eddico da advocacia digital\",\"url\":\"https:\/\/advbox.com.br\/blog\/\",\"logo\":{\"@type\":\"ImageObject\",\"inLanguage\":\"pt-BR\",\"@id\":\"https:\/\/advbox.com.br\/blog\/#\/schema\/logo\/image\/\",\"url\":\"https:\/\/advbox.com.br\/blog\/wp-content\/uploads\/2019\/12\/Como-aumentar-a-produtividade_.jpg\",\"contentUrl\":\"https:\/\/advbox.com.br\/blog\/wp-content\/uploads\/2019\/12\/Como-aumentar-a-produtividade_.jpg\",\"width\":320,\"height\":213,\"caption\":\"ADVBOX Blog - Software jur\u00eddico da advocacia digital\"},\"image\":{\"@id\":\"https:\/\/advbox.com.br\/blog\/#\/schema\/logo\/image\/\"},\"sameAs\":[\"https:\/\/www.facebook.com\/advbox\/\",\"https:\/\/x.com\/advbox2\"]}]}<\/script>\n<!-- \/ Yoast SEO plugin. -->","yoast_head_json":{"title":"Artigo 145 CPC | ADVBOX","description":"Artigo 145 CPC - C\u00f3digo de Processo Civil - H\u00e1 suspei\u00e7\u00e3o do juiz: I - amigo \u00edntimo ou inimigo de qualquer das partes ou de seus [continua]","robots":{"index":"index","follow":"follow","max-snippet":"max-snippet:-1","max-image-preview":"max-image-preview:large","max-video-preview":"max-video-preview:-1"},"canonical":"https:\/\/advbox.com.br\/blog\/cpc-artigo-145\/","og_locale":"pt_BR","og_type":"article","og_title":"Artigo 145 CPC | ADVBOX","og_description":"Artigo 145 CPC - C\u00f3digo de Processo Civil - H\u00e1 suspei\u00e7\u00e3o do juiz: I - amigo \u00edntimo ou inimigo de qualquer das partes ou de seus [continua]","og_url":"https:\/\/advbox.com.br\/blog\/cpc-artigo-145\/","og_site_name":"Software Jur\u00eddico Completo - ADVBOX","article_publisher":"https:\/\/www.facebook.com\/advbox\/","article_modified_time":"2023-12-11T15:18:26+00:00","twitter_card":"summary_large_image","twitter_site":"@advbox2","schema":{"@context":"https:\/\/schema.org","@graph":[{"@type":"WebPage","@id":"https:\/\/advbox.com.br\/blog\/cpc-artigo-145\/","url":"https:\/\/advbox.com.br\/blog\/cpc-artigo-145\/","name":"Artigo 145 CPC | ADVBOX","isPartOf":{"@id":"https:\/\/advbox.com.br\/blog\/#website"},"datePublished":"2023-02-13T20:47:14+00:00","dateModified":"2023-12-11T15:18:26+00:00","description":"Artigo 145 CPC - C\u00f3digo de Processo Civil - H\u00e1 suspei\u00e7\u00e3o do juiz: I - amigo \u00edntimo ou inimigo de qualquer das partes ou de seus [continua]","breadcrumb":{"@id":"https:\/\/advbox.com.br\/blog\/cpc-artigo-145\/#breadcrumb"},"inLanguage":"pt-BR","potentialAction":[{"@type":"ReadAction","target":["https:\/\/advbox.com.br\/blog\/cpc-artigo-145\/"]}]},{"@type":"BreadcrumbList","@id":"https:\/\/advbox.com.br\/blog\/cpc-artigo-145\/#breadcrumb","itemListElement":[{"@type":"ListItem","position":1,"name":"In\u00edcio","item":"https:\/\/advbox.com.br\/blog\/"},{"@type":"ListItem","position":2,"name":"Artigo 145 CPC \u2013 C\u00f3digo de Processo Civil"}]},{"@type":"WebSite","@id":"https:\/\/advbox.com.br\/blog\/#website","url":"https:\/\/advbox.com.br\/blog\/","name":"Software Jur\u00eddico Completo - ADVBOX","description":"Plataforma para Advocacia Digital","publisher":{"@id":"https:\/\/advbox.com.br\/blog\/#organization"},"potentialAction":[{"@type":"SearchAction","target":{"@type":"EntryPoint","urlTemplate":"https:\/\/advbox.com.br\/blog\/?s={search_term_string}"},"query-input":{"@type":"PropertyValueSpecification","valueRequired":true,"valueName":"search_term_string"}}],"inLanguage":"pt-BR"},{"@type":"Organization","@id":"https:\/\/advbox.com.br\/blog\/#organization","name":"ADVBOX Blog - Software jur\u00eddico da advocacia digital","url":"https:\/\/advbox.com.br\/blog\/","logo":{"@type":"ImageObject","inLanguage":"pt-BR","@id":"https:\/\/advbox.com.br\/blog\/#\/schema\/logo\/image\/","url":"https:\/\/advbox.com.br\/blog\/wp-content\/uploads\/2019\/12\/Como-aumentar-a-produtividade_.jpg","contentUrl":"https:\/\/advbox.com.br\/blog\/wp-content\/uploads\/2019\/12\/Como-aumentar-a-produtividade_.jpg","width":320,"height":213,"caption":"ADVBOX Blog - Software jur\u00eddico da advocacia digital"},"image":{"@id":"https:\/\/advbox.com.br\/blog\/#\/schema\/logo\/image\/"},"sameAs":["https:\/\/www.facebook.com\/advbox\/","https:\/\/x.com\/advbox2"]}]}},"_links":{"self":[{"href":"https:\/\/advbox.com.br\/blog\/wp-json\/wp\/v2\/pages\/51290","targetHints":{"allow":["GET"]}}],"collection":[{"href":"https:\/\/advbox.com.br\/blog\/wp-json\/wp\/v2\/pages"}],"about":[{"href":"https:\/\/advbox.com.br\/blog\/wp-json\/wp\/v2\/types\/page"}],"author":[{"embeddable":true,"href":"https:\/\/advbox.com.br\/blog\/wp-json\/wp\/v2\/users\/44"}],"replies":[{"embeddable":true,"href":"https:\/\/advbox.com.br\/blog\/wp-json\/wp\/v2\/comments?post=51290"}],"version-history":[{"count":2,"href":"https:\/\/advbox.com.br\/blog\/wp-json\/wp\/v2\/pages\/51290\/revisions"}],"predecessor-version":[{"id":59358,"href":"https:\/\/advbox.com.br\/blog\/wp-json\/wp\/v2\/pages\/51290\/revisions\/59358"}],"wp:attachment":[{"href":"https:\/\/advbox.com.br\/blog\/wp-json\/wp\/v2\/media?parent=51290"}],"curies":[{"name":"wp","href":"https:\/\/api.w.org\/{rel}","templated":true}]}}