{"id":51870,"date":"2023-03-06T14:40:23","date_gmt":"2023-03-06T17:40:23","guid":{"rendered":"https:\/\/advbox.com.br\/blog\/?page_id=51870"},"modified":"2025-09-19T17:26:47","modified_gmt":"2025-09-19T20:26:47","slug":"cpc-artigo-156","status":"publish","type":"page","link":"https:\/\/advbox.com.br\/blog\/cpc-artigo-156\/","title":{"rendered":"Artigo 156 CPC | ADVBOX"},"content":{"rendered":"<p><em>Lei N\u00ba 13.105, de 16 de mar\u00e7o de 2015<\/em>\u00a0<em>\u2013 Artigo 156 CPC.<\/em><\/p><h2 class=\"wp-block-heading\">Artigo 156 CPC<\/h2><p>Art. 156. O juiz ser\u00e1 assistido por perito quando a prova do fato depender de conhecimento t\u00e9cnico ou cient\u00edfico.<\/p><p><a><\/a>\u00a7 1\u00ba Os peritos ser\u00e3o nomeados entre os profissionais legalmente habilitados e os \u00f3rg\u00e3os t\u00e9cnicos ou cient\u00edficos devidamente inscritos em cadastro mantido pelo tribunal ao qual o juiz est\u00e1 vinculado.<\/p><p><a><\/a>\u00a7 2\u00ba Para forma\u00e7\u00e3o do cadastro, os tribunais devem realizar consulta p\u00fablica, por meio de divulga\u00e7\u00e3o na rede mundial de computadores ou em jornais de grande circula\u00e7\u00e3o, al\u00e9m de consulta direta a universidades, a conselhos de classe, ao Minist\u00e9rio P\u00fablico, \u00e0 Defensoria P\u00fablica e \u00e0 Ordem dos Advogados do Brasil, para a indica\u00e7\u00e3o de profissionais ou de \u00f3rg\u00e3os t\u00e9cnicos interessados.<\/p><p><a><\/a>\u00a7 3\u00ba Os tribunais realizar\u00e3o avalia\u00e7\u00f5es e reavalia\u00e7\u00f5es peri\u00f3dicas para manuten\u00e7\u00e3o do cadastro, considerando a forma\u00e7\u00e3o profissional, a atualiza\u00e7\u00e3o do conhecimento e a experi\u00eancia dos peritos interessados.<\/p><p><a><\/a>\u00a7 4\u00ba Para verifica\u00e7\u00e3o de eventual impedimento ou motivo de suspei\u00e7\u00e3o, nos termos dos\u00a0<a href=\"http:\/\/www.planalto.gov.br\/ccivil_03\/_ato2015-2018\/2015\/lei\/L13105.htm#art148\" target=\"_blank\">arts. 148\u00a0<\/a>e\u00a0<a href=\"http:\/\/www.planalto.gov.br\/ccivil_03\/_ato2015-2018\/2015\/lei\/L13105.htm#art467\" target=\"_blank\">467\u00a0<\/a>, o \u00f3rg\u00e3o t\u00e9cnico ou cient\u00edfico nomeado para realiza\u00e7\u00e3o da per\u00edcia informar\u00e1 ao juiz os nomes e os dados de qualifica\u00e7\u00e3o dos profissionais que participar\u00e3o da atividade.<\/p><p>\u00a7 5\u00ba Na localidade onde n\u00e3o houver inscrito no cadastro disponibilizado pelo tribunal, a nomea\u00e7\u00e3o do perito \u00e9 de livre escolha pelo juiz e dever\u00e1 recair sobre profissional ou \u00f3rg\u00e3o t\u00e9cnico ou cient\u00edfico comprovadamente detentor do conhecimento necess\u00e1rio \u00e0 realiza\u00e7\u00e3o da per\u00edcia.<\/p><h2 class=\"wp-block-heading\">Acesse o CPC completo ou separadamente:<\/h2><p><a href=\"https:\/\/advbox.com.br\/blog\/cpc-codigo-de-processo-civil\/\" target=\"_blank\" rel=\"noreferrer noopener\" target=\"_blank\"><strong>CPC completo<\/strong><\/a><\/p><p><a href=\"https:\/\/advbox.com.br\/blog\/cpc-artigo-155\/\" target=\"_blank\"><strong>Artigo 155<\/strong><\/a><\/p><p><strong>Acelere seu trabalho, automatize procura\u00e7\u00f5es, contratos e peti\u00e7\u00f5es no seu escrit\u00f3rio. Saiba como neste <a href=\"https:\/\/advbox.com.br\/blog\/como-automatizar-seus-modelos-de-peticoes\/\" target=\"_blank\">artigo<\/a> no nosso blog.<\/strong><\/p>\n","protected":false},"excerpt":{"rendered":"<p>Lei N\u00ba 13.105, de 16 de mar\u00e7o de 2015\u00a0\u2013 Artigo 156 CPC. Artigo 156 CPC Art. 156. O juiz ser\u00e1 assistido por perito quando a prova do fato depender de conhecimento t\u00e9cnico ou cient\u00edfico. \u00a7 1\u00ba Os peritos ser\u00e3o nomeados entre os profissionais legalmente habilitados e os \u00f3rg\u00e3os t\u00e9cnicos ou [&hellip;]<\/p>\n","protected":false},"author":44,"featured_media":0,"parent":0,"menu_order":0,"comment_status":"closed","ping_status":"closed","template":"","meta":{"_acf_changed":false,"om_disable_all_campaigns":false,"footnotes":""},"class_list":["post-51870","page","type-page","status-publish","hentry"],"acf":[],"yoast_head":"<!-- This site is optimized with the Yoast SEO plugin v26.9 - https:\/\/yoast.com\/product\/yoast-seo-wordpress\/ -->\n<title>Artigo 156 CPC | ADVBOX<\/title>\n<meta name=\"description\" content=\"Artigo 156 CPC - C\u00f3digo de Processo Civil - O juiz ser\u00e1 assistido por perito quando a prova do fato depender de conhecimento [continua]\" \/>\n<meta name=\"robots\" content=\"index, follow, max-snippet:-1, max-image-preview:large, max-video-preview:-1\" \/>\n<link rel=\"canonical\" href=\"https:\/\/advbox.com.br\/blog\/cpc-artigo-156\/\" \/>\n<meta property=\"og:locale\" content=\"pt_BR\" \/>\n<meta property=\"og:type\" content=\"article\" \/>\n<meta property=\"og:title\" content=\"Artigo 156 CPC | ADVBOX\" \/>\n<meta property=\"og:description\" content=\"Artigo 156 CPC - C\u00f3digo de Processo Civil - O juiz ser\u00e1 assistido por perito quando a prova do fato depender de conhecimento [continua]\" \/>\n<meta property=\"og:url\" content=\"https:\/\/advbox.com.br\/blog\/cpc-artigo-156\/\" \/>\n<meta property=\"og:site_name\" content=\"Software Jur\u00eddico Completo - ADVBOX\" \/>\n<meta property=\"article:publisher\" content=\"https:\/\/www.facebook.com\/advbox\/\" \/>\n<meta property=\"article:modified_time\" content=\"2025-09-19T20:26:47+00:00\" \/>\n<meta name=\"twitter:card\" content=\"summary_large_image\" \/>\n<meta name=\"twitter:site\" content=\"@advbox2\" \/>\n<script type=\"application\/ld+json\" class=\"yoast-schema-graph\">{\"@context\":\"https:\/\/schema.org\",\"@graph\":[{\"@type\":\"WebPage\",\"@id\":\"https:\/\/advbox.com.br\/blog\/cpc-artigo-156\/\",\"url\":\"https:\/\/advbox.com.br\/blog\/cpc-artigo-156\/\",\"name\":\"Artigo 156 CPC | ADVBOX\",\"isPartOf\":{\"@id\":\"https:\/\/advbox.com.br\/blog\/#website\"},\"datePublished\":\"2023-03-06T17:40:23+00:00\",\"dateModified\":\"2025-09-19T20:26:47+00:00\",\"description\":\"Artigo 156 CPC - C\u00f3digo de Processo Civil - O juiz ser\u00e1 assistido por perito quando a prova do fato depender de conhecimento [continua]\",\"breadcrumb\":{\"@id\":\"https:\/\/advbox.com.br\/blog\/cpc-artigo-156\/#breadcrumb\"},\"inLanguage\":\"pt-BR\",\"potentialAction\":[{\"@type\":\"ReadAction\",\"target\":[\"https:\/\/advbox.com.br\/blog\/cpc-artigo-156\/\"]}]},{\"@type\":\"BreadcrumbList\",\"@id\":\"https:\/\/advbox.com.br\/blog\/cpc-artigo-156\/#breadcrumb\",\"itemListElement\":[{\"@type\":\"ListItem\",\"position\":1,\"name\":\"In\u00edcio\",\"item\":\"https:\/\/advbox.com.br\/blog\/\"},{\"@type\":\"ListItem\",\"position\":2,\"name\":\"Artigo 156 CPC | ADVBOX\"}]},{\"@type\":\"WebSite\",\"@id\":\"https:\/\/advbox.com.br\/blog\/#website\",\"url\":\"https:\/\/advbox.com.br\/blog\/\",\"name\":\"Software Jur\u00eddico Completo - ADVBOX\",\"description\":\"Plataforma para Advocacia Digital\",\"publisher\":{\"@id\":\"https:\/\/advbox.com.br\/blog\/#organization\"},\"potentialAction\":[{\"@type\":\"SearchAction\",\"target\":{\"@type\":\"EntryPoint\",\"urlTemplate\":\"https:\/\/advbox.com.br\/blog\/?s={search_term_string}\"},\"query-input\":{\"@type\":\"PropertyValueSpecification\",\"valueRequired\":true,\"valueName\":\"search_term_string\"}}],\"inLanguage\":\"pt-BR\"},{\"@type\":\"Organization\",\"@id\":\"https:\/\/advbox.com.br\/blog\/#organization\",\"name\":\"ADVBOX Blog - Software jur\u00eddico da advocacia digital\",\"url\":\"https:\/\/advbox.com.br\/blog\/\",\"logo\":{\"@type\":\"ImageObject\",\"inLanguage\":\"pt-BR\",\"@id\":\"https:\/\/advbox.com.br\/blog\/#\/schema\/logo\/image\/\",\"url\":\"https:\/\/advbox.com.br\/blog\/wp-content\/uploads\/2019\/12\/Como-aumentar-a-produtividade_.jpg\",\"contentUrl\":\"https:\/\/advbox.com.br\/blog\/wp-content\/uploads\/2019\/12\/Como-aumentar-a-produtividade_.jpg\",\"width\":320,\"height\":213,\"caption\":\"ADVBOX Blog - Software jur\u00eddico da advocacia digital\"},\"image\":{\"@id\":\"https:\/\/advbox.com.br\/blog\/#\/schema\/logo\/image\/\"},\"sameAs\":[\"https:\/\/www.facebook.com\/advbox\/\",\"https:\/\/x.com\/advbox2\"]}]}<\/script>\n<!-- \/ Yoast SEO plugin. -->","yoast_head_json":{"title":"Artigo 156 CPC | ADVBOX","description":"Artigo 156 CPC - C\u00f3digo de Processo Civil - O juiz ser\u00e1 assistido por perito quando a prova do fato depender de conhecimento [continua]","robots":{"index":"index","follow":"follow","max-snippet":"max-snippet:-1","max-image-preview":"max-image-preview:large","max-video-preview":"max-video-preview:-1"},"canonical":"https:\/\/advbox.com.br\/blog\/cpc-artigo-156\/","og_locale":"pt_BR","og_type":"article","og_title":"Artigo 156 CPC | ADVBOX","og_description":"Artigo 156 CPC - C\u00f3digo de Processo Civil - O juiz ser\u00e1 assistido por perito quando a prova do fato depender de conhecimento [continua]","og_url":"https:\/\/advbox.com.br\/blog\/cpc-artigo-156\/","og_site_name":"Software Jur\u00eddico Completo - ADVBOX","article_publisher":"https:\/\/www.facebook.com\/advbox\/","article_modified_time":"2025-09-19T20:26:47+00:00","twitter_card":"summary_large_image","twitter_site":"@advbox2","schema":{"@context":"https:\/\/schema.org","@graph":[{"@type":"WebPage","@id":"https:\/\/advbox.com.br\/blog\/cpc-artigo-156\/","url":"https:\/\/advbox.com.br\/blog\/cpc-artigo-156\/","name":"Artigo 156 CPC | ADVBOX","isPartOf":{"@id":"https:\/\/advbox.com.br\/blog\/#website"},"datePublished":"2023-03-06T17:40:23+00:00","dateModified":"2025-09-19T20:26:47+00:00","description":"Artigo 156 CPC - C\u00f3digo de Processo Civil - O juiz ser\u00e1 assistido por perito quando a prova do fato depender de conhecimento [continua]","breadcrumb":{"@id":"https:\/\/advbox.com.br\/blog\/cpc-artigo-156\/#breadcrumb"},"inLanguage":"pt-BR","potentialAction":[{"@type":"ReadAction","target":["https:\/\/advbox.com.br\/blog\/cpc-artigo-156\/"]}]},{"@type":"BreadcrumbList","@id":"https:\/\/advbox.com.br\/blog\/cpc-artigo-156\/#breadcrumb","itemListElement":[{"@type":"ListItem","position":1,"name":"In\u00edcio","item":"https:\/\/advbox.com.br\/blog\/"},{"@type":"ListItem","position":2,"name":"Artigo 156 CPC | ADVBOX"}]},{"@type":"WebSite","@id":"https:\/\/advbox.com.br\/blog\/#website","url":"https:\/\/advbox.com.br\/blog\/","name":"Software Jur\u00eddico Completo - ADVBOX","description":"Plataforma para Advocacia Digital","publisher":{"@id":"https:\/\/advbox.com.br\/blog\/#organization"},"potentialAction":[{"@type":"SearchAction","target":{"@type":"EntryPoint","urlTemplate":"https:\/\/advbox.com.br\/blog\/?s={search_term_string}"},"query-input":{"@type":"PropertyValueSpecification","valueRequired":true,"valueName":"search_term_string"}}],"inLanguage":"pt-BR"},{"@type":"Organization","@id":"https:\/\/advbox.com.br\/blog\/#organization","name":"ADVBOX Blog - Software jur\u00eddico da advocacia digital","url":"https:\/\/advbox.com.br\/blog\/","logo":{"@type":"ImageObject","inLanguage":"pt-BR","@id":"https:\/\/advbox.com.br\/blog\/#\/schema\/logo\/image\/","url":"https:\/\/advbox.com.br\/blog\/wp-content\/uploads\/2019\/12\/Como-aumentar-a-produtividade_.jpg","contentUrl":"https:\/\/advbox.com.br\/blog\/wp-content\/uploads\/2019\/12\/Como-aumentar-a-produtividade_.jpg","width":320,"height":213,"caption":"ADVBOX Blog - Software jur\u00eddico da advocacia digital"},"image":{"@id":"https:\/\/advbox.com.br\/blog\/#\/schema\/logo\/image\/"},"sameAs":["https:\/\/www.facebook.com\/advbox\/","https:\/\/x.com\/advbox2"]}]}},"_links":{"self":[{"href":"https:\/\/advbox.com.br\/blog\/wp-json\/wp\/v2\/pages\/51870","targetHints":{"allow":["GET"]}}],"collection":[{"href":"https:\/\/advbox.com.br\/blog\/wp-json\/wp\/v2\/pages"}],"about":[{"href":"https:\/\/advbox.com.br\/blog\/wp-json\/wp\/v2\/types\/page"}],"author":[{"embeddable":true,"href":"https:\/\/advbox.com.br\/blog\/wp-json\/wp\/v2\/users\/44"}],"replies":[{"embeddable":true,"href":"https:\/\/advbox.com.br\/blog\/wp-json\/wp\/v2\/comments?post=51870"}],"version-history":[{"count":3,"href":"https:\/\/advbox.com.br\/blog\/wp-json\/wp\/v2\/pages\/51870\/revisions"}],"predecessor-version":[{"id":76727,"href":"https:\/\/advbox.com.br\/blog\/wp-json\/wp\/v2\/pages\/51870\/revisions\/76727"}],"wp:attachment":[{"href":"https:\/\/advbox.com.br\/blog\/wp-json\/wp\/v2\/media?parent=51870"}],"curies":[{"name":"wp","href":"https:\/\/api.w.org\/{rel}","templated":true}]}}