{"id":51895,"date":"2023-03-06T15:07:27","date_gmt":"2023-03-06T18:07:27","guid":{"rendered":"https:\/\/advbox.com.br\/blog\/?page_id=51895"},"modified":"2025-09-19T16:22:58","modified_gmt":"2025-09-19T19:22:58","slug":"cpc-artigo-167","status":"publish","type":"page","link":"https:\/\/advbox.com.br\/blog\/cpc-artigo-167\/","title":{"rendered":"Artigo 167 CPC | ADVBOX"},"content":{"rendered":"<p><em>Lei N\u00ba 13.105, de 16 de mar\u00e7o de 2015<\/em>\u00a0<em>\u2013 Artigo 167 CPC.<\/em><\/p><h2 class=\"wp-block-heading\">Artigo 167 CPC<\/h2><p>Art. 167. Os conciliadores, os mediadores e as c\u00e2maras privadas de concilia\u00e7\u00e3o e media\u00e7\u00e3o ser\u00e3o inscritos em cadastro nacional e em cadastro de tribunal de justi\u00e7a ou de tribunal regional federal, que manter\u00e1 registro de profissionais habilitados, com indica\u00e7\u00e3o de sua \u00e1rea profissional.<\/p><p><a><\/a>\u00a7 1\u00ba Preenchendo o requisito da capacita\u00e7\u00e3o m\u00ednima, por meio de curso realizado por entidade credenciada, conforme par\u00e2metro curricular definido pelo Conselho Nacional de Justi\u00e7a em conjunto com o Minist\u00e9rio da Justi\u00e7a, o conciliador ou o mediador, com o respectivo certificado, poder\u00e1 requerer sua inscri\u00e7\u00e3o no cadastro nacional e no cadastro de tribunal de justi\u00e7a ou de tribunal regional federal.<\/p><p><a><\/a>\u00a7 2\u00ba Efetivado o registro, que poder\u00e1 ser precedido de concurso p\u00fablico, o tribunal remeter\u00e1 ao diretor do foro da comarca, se\u00e7\u00e3o ou subse\u00e7\u00e3o judici\u00e1ria onde atuar\u00e1 o conciliador ou o mediador os dados necess\u00e1rios para que seu nome passe a constar da respectiva lista, a ser observada na distribui\u00e7\u00e3o alternada e aleat\u00f3ria, respeitado o princ\u00edpio da igualdade dentro da mesma \u00e1rea de atua\u00e7\u00e3o profissional.<\/p><p><a><\/a>\u00a7 3\u00ba Do credenciamento das c\u00e2maras e do cadastro de conciliadores e mediadores constar\u00e3o todos os dados relevantes para a sua atua\u00e7\u00e3o, tais como o n\u00famero de processos de que participou, o sucesso ou insucesso da atividade, a mat\u00e9ria sobre a qual versou a controv\u00e9rsia, bem como outros dados que o tribunal julgar relevantes.<\/p><p><a><\/a>\u00a7 4\u00ba Os dados colhidos na forma do \u00a7 3\u00ba ser\u00e3o classificados sistematicamente pelo tribunal, que os publicar\u00e1, ao menos anualmente, para conhecimento da popula\u00e7\u00e3o e para fins estat\u00edsticos e de avalia\u00e7\u00e3o da concilia\u00e7\u00e3o, da media\u00e7\u00e3o, das c\u00e2maras privadas de concilia\u00e7\u00e3o e de media\u00e7\u00e3o, dos conciliadores e dos mediadores.<\/p><p><a><\/a>\u00a7 5\u00ba Os conciliadores e mediadores judiciais cadastrados na forma do\u00a0caput\u00a0, se advogados, estar\u00e3o impedidos de exercer a advocacia nos ju\u00edzos em que desempenhem suas fun\u00e7\u00f5es.<\/p><p><a><\/a>\u00a7 6\u00ba O tribunal poder\u00e1 optar pela cria\u00e7\u00e3o de quadro pr\u00f3prio de conciliadores e mediadores, a ser preenchido por concurso p\u00fablico de provas e t\u00edtulos, observadas as disposi\u00e7\u00f5es deste Cap\u00edtulo.<\/p><h2 class=\"wp-block-heading\">Acesse o CPC completo ou separadamente:<\/h2><p><a href=\"https:\/\/advbox.com.br\/blog\/cpc-codigo-de-processo-civil\/\" target=\"_blank\" rel=\"noreferrer noopener\" target=\"_blank\"><strong>CPC completo<\/strong><\/a><\/p><p><a href=\"https:\/\/advbox.com.br\/blog\/cpc-artigo-166\/\" target=\"_blank\"><strong>Artigo 166<\/strong><\/a><\/p><p><strong>Acelere seu trabalho, automatize procura\u00e7\u00f5es, contratos e peti\u00e7\u00f5es no seu escrit\u00f3rio. Saiba como neste <a href=\"https:\/\/advbox.com.br\/blog\/como-automatizar-seus-modelos-de-peticoes\/\" target=\"_blank\">artigo<\/a> no nosso blog.<\/strong><\/p><p><a href=\"http:\/\/corpus927.enfam.jus.br\/legislacao\/cpc-15#art-168\" target=\"_blank\" rel=\"noreferrer noopener\" target=\"_blank\"><\/a><\/p>\n","protected":false},"excerpt":{"rendered":"<p>Lei N\u00ba 13.105, de 16 de mar\u00e7o de 2015\u00a0\u2013 Artigo 167 CPC. Artigo 167 CPC Art. 167. Os conciliadores, os mediadores e as c\u00e2maras privadas de concilia\u00e7\u00e3o e media\u00e7\u00e3o ser\u00e3o inscritos em cadastro nacional e em cadastro de tribunal de justi\u00e7a ou de tribunal regional federal, que manter\u00e1 registro de [&hellip;]<\/p>\n","protected":false},"author":44,"featured_media":0,"parent":0,"menu_order":0,"comment_status":"closed","ping_status":"closed","template":"","meta":{"_acf_changed":false,"om_disable_all_campaigns":false,"footnotes":""},"class_list":["post-51895","page","type-page","status-publish","hentry"],"acf":[],"yoast_head":"<!-- This site is optimized with the Yoast SEO plugin v26.9 - https:\/\/yoast.com\/product\/yoast-seo-wordpress\/ -->\n<title>Artigo 167 CPC | ADVBOX<\/title>\n<meta name=\"description\" content=\"Artigo 167 CPC - C\u00f3digo de Processo Civil - Os conciliadores, os mediadores e as c\u00e2maras privadas de concilia\u00e7\u00e3o e media\u00e7\u00e3o ser\u00e3o [continua]\" \/>\n<meta name=\"robots\" content=\"index, follow, max-snippet:-1, max-image-preview:large, max-video-preview:-1\" \/>\n<link rel=\"canonical\" href=\"https:\/\/advbox.com.br\/blog\/cpc-artigo-167\/\" \/>\n<meta property=\"og:locale\" content=\"pt_BR\" \/>\n<meta property=\"og:type\" content=\"article\" \/>\n<meta property=\"og:title\" content=\"Artigo 167 CPC | ADVBOX\" \/>\n<meta property=\"og:description\" content=\"Artigo 167 CPC - C\u00f3digo de Processo Civil - Os conciliadores, os mediadores e as c\u00e2maras privadas de concilia\u00e7\u00e3o e media\u00e7\u00e3o ser\u00e3o [continua]\" \/>\n<meta property=\"og:url\" content=\"https:\/\/advbox.com.br\/blog\/cpc-artigo-167\/\" \/>\n<meta property=\"og:site_name\" content=\"Software Jur\u00eddico Completo - ADVBOX\" \/>\n<meta property=\"article:publisher\" content=\"https:\/\/www.facebook.com\/advbox\/\" \/>\n<meta property=\"article:modified_time\" content=\"2025-09-19T19:22:58+00:00\" \/>\n<meta name=\"twitter:card\" content=\"summary_large_image\" \/>\n<meta name=\"twitter:site\" content=\"@advbox2\" \/>\n<script type=\"application\/ld+json\" class=\"yoast-schema-graph\">{\"@context\":\"https:\/\/schema.org\",\"@graph\":[{\"@type\":\"WebPage\",\"@id\":\"https:\/\/advbox.com.br\/blog\/cpc-artigo-167\/\",\"url\":\"https:\/\/advbox.com.br\/blog\/cpc-artigo-167\/\",\"name\":\"Artigo 167 CPC | ADVBOX\",\"isPartOf\":{\"@id\":\"https:\/\/advbox.com.br\/blog\/#website\"},\"datePublished\":\"2023-03-06T18:07:27+00:00\",\"dateModified\":\"2025-09-19T19:22:58+00:00\",\"description\":\"Artigo 167 CPC - C\u00f3digo de Processo Civil - Os conciliadores, os mediadores e as c\u00e2maras privadas de concilia\u00e7\u00e3o e media\u00e7\u00e3o ser\u00e3o [continua]\",\"breadcrumb\":{\"@id\":\"https:\/\/advbox.com.br\/blog\/cpc-artigo-167\/#breadcrumb\"},\"inLanguage\":\"pt-BR\",\"potentialAction\":[{\"@type\":\"ReadAction\",\"target\":[\"https:\/\/advbox.com.br\/blog\/cpc-artigo-167\/\"]}]},{\"@type\":\"BreadcrumbList\",\"@id\":\"https:\/\/advbox.com.br\/blog\/cpc-artigo-167\/#breadcrumb\",\"itemListElement\":[{\"@type\":\"ListItem\",\"position\":1,\"name\":\"In\u00edcio\",\"item\":\"https:\/\/advbox.com.br\/blog\/\"},{\"@type\":\"ListItem\",\"position\":2,\"name\":\"Artigo 167 CPC | ADVBOX\"}]},{\"@type\":\"WebSite\",\"@id\":\"https:\/\/advbox.com.br\/blog\/#website\",\"url\":\"https:\/\/advbox.com.br\/blog\/\",\"name\":\"Software Jur\u00eddico Completo - ADVBOX\",\"description\":\"Plataforma para Advocacia Digital\",\"publisher\":{\"@id\":\"https:\/\/advbox.com.br\/blog\/#organization\"},\"potentialAction\":[{\"@type\":\"SearchAction\",\"target\":{\"@type\":\"EntryPoint\",\"urlTemplate\":\"https:\/\/advbox.com.br\/blog\/?s={search_term_string}\"},\"query-input\":{\"@type\":\"PropertyValueSpecification\",\"valueRequired\":true,\"valueName\":\"search_term_string\"}}],\"inLanguage\":\"pt-BR\"},{\"@type\":\"Organization\",\"@id\":\"https:\/\/advbox.com.br\/blog\/#organization\",\"name\":\"ADVBOX Blog - Software jur\u00eddico da advocacia digital\",\"url\":\"https:\/\/advbox.com.br\/blog\/\",\"logo\":{\"@type\":\"ImageObject\",\"inLanguage\":\"pt-BR\",\"@id\":\"https:\/\/advbox.com.br\/blog\/#\/schema\/logo\/image\/\",\"url\":\"https:\/\/advbox.com.br\/blog\/wp-content\/uploads\/2019\/12\/Como-aumentar-a-produtividade_.jpg\",\"contentUrl\":\"https:\/\/advbox.com.br\/blog\/wp-content\/uploads\/2019\/12\/Como-aumentar-a-produtividade_.jpg\",\"width\":320,\"height\":213,\"caption\":\"ADVBOX Blog - Software jur\u00eddico da advocacia digital\"},\"image\":{\"@id\":\"https:\/\/advbox.com.br\/blog\/#\/schema\/logo\/image\/\"},\"sameAs\":[\"https:\/\/www.facebook.com\/advbox\/\",\"https:\/\/x.com\/advbox2\"]}]}<\/script>\n<!-- \/ Yoast SEO plugin. -->","yoast_head_json":{"title":"Artigo 167 CPC | ADVBOX","description":"Artigo 167 CPC - C\u00f3digo de Processo Civil - Os conciliadores, os mediadores e as c\u00e2maras privadas de concilia\u00e7\u00e3o e media\u00e7\u00e3o ser\u00e3o [continua]","robots":{"index":"index","follow":"follow","max-snippet":"max-snippet:-1","max-image-preview":"max-image-preview:large","max-video-preview":"max-video-preview:-1"},"canonical":"https:\/\/advbox.com.br\/blog\/cpc-artigo-167\/","og_locale":"pt_BR","og_type":"article","og_title":"Artigo 167 CPC | ADVBOX","og_description":"Artigo 167 CPC - C\u00f3digo de Processo Civil - Os conciliadores, os mediadores e as c\u00e2maras privadas de concilia\u00e7\u00e3o e media\u00e7\u00e3o ser\u00e3o [continua]","og_url":"https:\/\/advbox.com.br\/blog\/cpc-artigo-167\/","og_site_name":"Software Jur\u00eddico Completo - ADVBOX","article_publisher":"https:\/\/www.facebook.com\/advbox\/","article_modified_time":"2025-09-19T19:22:58+00:00","twitter_card":"summary_large_image","twitter_site":"@advbox2","schema":{"@context":"https:\/\/schema.org","@graph":[{"@type":"WebPage","@id":"https:\/\/advbox.com.br\/blog\/cpc-artigo-167\/","url":"https:\/\/advbox.com.br\/blog\/cpc-artigo-167\/","name":"Artigo 167 CPC | ADVBOX","isPartOf":{"@id":"https:\/\/advbox.com.br\/blog\/#website"},"datePublished":"2023-03-06T18:07:27+00:00","dateModified":"2025-09-19T19:22:58+00:00","description":"Artigo 167 CPC - C\u00f3digo de Processo Civil - Os conciliadores, os mediadores e as c\u00e2maras privadas de concilia\u00e7\u00e3o e media\u00e7\u00e3o ser\u00e3o [continua]","breadcrumb":{"@id":"https:\/\/advbox.com.br\/blog\/cpc-artigo-167\/#breadcrumb"},"inLanguage":"pt-BR","potentialAction":[{"@type":"ReadAction","target":["https:\/\/advbox.com.br\/blog\/cpc-artigo-167\/"]}]},{"@type":"BreadcrumbList","@id":"https:\/\/advbox.com.br\/blog\/cpc-artigo-167\/#breadcrumb","itemListElement":[{"@type":"ListItem","position":1,"name":"In\u00edcio","item":"https:\/\/advbox.com.br\/blog\/"},{"@type":"ListItem","position":2,"name":"Artigo 167 CPC | ADVBOX"}]},{"@type":"WebSite","@id":"https:\/\/advbox.com.br\/blog\/#website","url":"https:\/\/advbox.com.br\/blog\/","name":"Software Jur\u00eddico Completo - ADVBOX","description":"Plataforma para Advocacia Digital","publisher":{"@id":"https:\/\/advbox.com.br\/blog\/#organization"},"potentialAction":[{"@type":"SearchAction","target":{"@type":"EntryPoint","urlTemplate":"https:\/\/advbox.com.br\/blog\/?s={search_term_string}"},"query-input":{"@type":"PropertyValueSpecification","valueRequired":true,"valueName":"search_term_string"}}],"inLanguage":"pt-BR"},{"@type":"Organization","@id":"https:\/\/advbox.com.br\/blog\/#organization","name":"ADVBOX Blog - Software jur\u00eddico da advocacia digital","url":"https:\/\/advbox.com.br\/blog\/","logo":{"@type":"ImageObject","inLanguage":"pt-BR","@id":"https:\/\/advbox.com.br\/blog\/#\/schema\/logo\/image\/","url":"https:\/\/advbox.com.br\/blog\/wp-content\/uploads\/2019\/12\/Como-aumentar-a-produtividade_.jpg","contentUrl":"https:\/\/advbox.com.br\/blog\/wp-content\/uploads\/2019\/12\/Como-aumentar-a-produtividade_.jpg","width":320,"height":213,"caption":"ADVBOX Blog - Software jur\u00eddico da advocacia digital"},"image":{"@id":"https:\/\/advbox.com.br\/blog\/#\/schema\/logo\/image\/"},"sameAs":["https:\/\/www.facebook.com\/advbox\/","https:\/\/x.com\/advbox2"]}]}},"_links":{"self":[{"href":"https:\/\/advbox.com.br\/blog\/wp-json\/wp\/v2\/pages\/51895","targetHints":{"allow":["GET"]}}],"collection":[{"href":"https:\/\/advbox.com.br\/blog\/wp-json\/wp\/v2\/pages"}],"about":[{"href":"https:\/\/advbox.com.br\/blog\/wp-json\/wp\/v2\/types\/page"}],"author":[{"embeddable":true,"href":"https:\/\/advbox.com.br\/blog\/wp-json\/wp\/v2\/users\/44"}],"replies":[{"embeddable":true,"href":"https:\/\/advbox.com.br\/blog\/wp-json\/wp\/v2\/comments?post=51895"}],"version-history":[{"count":3,"href":"https:\/\/advbox.com.br\/blog\/wp-json\/wp\/v2\/pages\/51895\/revisions"}],"predecessor-version":[{"id":76672,"href":"https:\/\/advbox.com.br\/blog\/wp-json\/wp\/v2\/pages\/51895\/revisions\/76672"}],"wp:attachment":[{"href":"https:\/\/advbox.com.br\/blog\/wp-json\/wp\/v2\/media?parent=51895"}],"curies":[{"name":"wp","href":"https:\/\/api.w.org\/{rel}","templated":true}]}}