{"id":52977,"date":"2023-03-20T15:52:33","date_gmt":"2023-03-20T18:52:33","guid":{"rendered":"https:\/\/advbox.com.br\/blog\/?page_id=52977"},"modified":"2025-09-19T16:20:40","modified_gmt":"2025-09-19T19:20:40","slug":"cpc-artigo-197","status":"publish","type":"page","link":"https:\/\/advbox.com.br\/blog\/cpc-artigo-197\/","title":{"rendered":"Artigo 197 CPC | ADVBOX"},"content":{"rendered":"<p><em>Lei N\u00ba 13.105, de 16 de mar\u00e7o de 2015<\/em>\u00a0<em>\u2013 Artigo 197 CPC.<\/em><\/p><h2 class=\"wp-block-heading\">Artigo 197 CPC<\/h2><p>Art. 197. Os tribunais divulgar\u00e3o as informa\u00e7\u00f5es constantes de seu sistema de automa\u00e7\u00e3o em p\u00e1gina pr\u00f3pria na rede mundial de computadores, gozando a divulga\u00e7\u00e3o de presun\u00e7\u00e3o de veracidade e confiabilidade.<\/p><p>Par\u00e1grafo \u00fanico. Nos casos de problema t\u00e9cnico do sistema e de erro ou omiss\u00e3o do auxiliar da justi\u00e7a respons\u00e1vel pelo registro dos andamentos, poder\u00e1 ser configurada a justa causa prevista no\u00a0<a href=\"http:\/\/www.planalto.gov.br\/ccivil_03\/_ato2015-2018\/2015\/lei\/L13105.htm#art223\" target=\"_blank\">art. 223,\u00a0caput\u00a0e \u00a7 1\u00ba<\/a>.<\/p><h2 class=\"wp-block-heading\">Acesse o CPC completo ou separadamente:<\/h2><p><a href=\"https:\/\/advbox.com.br\/blog\/cpc-codigo-de-processo-civil\/\" target=\"_blank\" rel=\"noreferrer noopener\" target=\"_blank\"><strong>CPC completo<\/strong><\/a><\/p><p><a href=\"https:\/\/advbox.com.br\/blog\/cpc-artigo-196\/\" target=\"_blank\"><strong>Artigo 196<\/strong><\/a><\/p><p><strong>Acelere seu trabalho, automatize procura\u00e7\u00f5es, contratos e peti\u00e7\u00f5es no seu escrit\u00f3rio. Saiba como neste <a href=\"https:\/\/advbox.com.br\/blog\/como-automatizar-seus-modelos-de-peticoes\/\" target=\"_blank\">artigo<\/a> no nosso blog.<\/strong><\/p>\n","protected":false},"excerpt":{"rendered":"<p>Lei N\u00ba 13.105, de 16 de mar\u00e7o de 2015\u00a0\u2013 Artigo 197 CPC. Artigo 197 CPC Art. 197. Os tribunais divulgar\u00e3o as informa\u00e7\u00f5es constantes de seu sistema de automa\u00e7\u00e3o em p\u00e1gina pr\u00f3pria na rede mundial de computadores, gozando a divulga\u00e7\u00e3o de presun\u00e7\u00e3o de veracidade e confiabilidade. Par\u00e1grafo \u00fanico. Nos casos de [&hellip;]<\/p>\n","protected":false},"author":44,"featured_media":0,"parent":0,"menu_order":0,"comment_status":"closed","ping_status":"closed","template":"","meta":{"_acf_changed":false,"om_disable_all_campaigns":false,"footnotes":""},"class_list":["post-52977","page","type-page","status-publish","hentry"],"acf":[],"yoast_head":"<!-- This site is optimized with the Yoast SEO plugin v26.9 - https:\/\/yoast.com\/product\/yoast-seo-wordpress\/ -->\n<title>Artigo 197 CPC | ADVBOX<\/title>\n<meta name=\"description\" content=\"Artigo 197 CPC - C\u00f3digo de Processo Civil - Os tribunais divulgar\u00e3o as informa\u00e7\u00f5es constantes de seu sistema de automa\u00e7\u00e3o em [continua]\" \/>\n<meta name=\"robots\" content=\"index, follow, max-snippet:-1, max-image-preview:large, max-video-preview:-1\" \/>\n<link rel=\"canonical\" href=\"https:\/\/advbox.com.br\/blog\/cpc-artigo-197\/\" \/>\n<meta property=\"og:locale\" content=\"pt_BR\" \/>\n<meta property=\"og:type\" content=\"article\" \/>\n<meta property=\"og:title\" content=\"Artigo 197 CPC | ADVBOX\" \/>\n<meta property=\"og:description\" content=\"Artigo 197 CPC - C\u00f3digo de Processo Civil - Os tribunais divulgar\u00e3o as informa\u00e7\u00f5es constantes de seu sistema de automa\u00e7\u00e3o em [continua]\" \/>\n<meta property=\"og:url\" content=\"https:\/\/advbox.com.br\/blog\/cpc-artigo-197\/\" \/>\n<meta property=\"og:site_name\" content=\"Software Jur\u00eddico Completo - ADVBOX\" \/>\n<meta property=\"article:publisher\" content=\"https:\/\/www.facebook.com\/advbox\/\" \/>\n<meta property=\"article:modified_time\" content=\"2025-09-19T19:20:40+00:00\" \/>\n<meta name=\"twitter:card\" content=\"summary_large_image\" \/>\n<meta name=\"twitter:site\" content=\"@advbox2\" \/>\n<script type=\"application\/ld+json\" class=\"yoast-schema-graph\">{\"@context\":\"https:\/\/schema.org\",\"@graph\":[{\"@type\":\"WebPage\",\"@id\":\"https:\/\/advbox.com.br\/blog\/cpc-artigo-197\/\",\"url\":\"https:\/\/advbox.com.br\/blog\/cpc-artigo-197\/\",\"name\":\"Artigo 197 CPC | ADVBOX\",\"isPartOf\":{\"@id\":\"https:\/\/advbox.com.br\/blog\/#website\"},\"datePublished\":\"2023-03-20T18:52:33+00:00\",\"dateModified\":\"2025-09-19T19:20:40+00:00\",\"description\":\"Artigo 197 CPC - C\u00f3digo de Processo Civil - Os tribunais divulgar\u00e3o as informa\u00e7\u00f5es constantes de seu sistema de automa\u00e7\u00e3o em [continua]\",\"breadcrumb\":{\"@id\":\"https:\/\/advbox.com.br\/blog\/cpc-artigo-197\/#breadcrumb\"},\"inLanguage\":\"pt-BR\",\"potentialAction\":[{\"@type\":\"ReadAction\",\"target\":[\"https:\/\/advbox.com.br\/blog\/cpc-artigo-197\/\"]}]},{\"@type\":\"BreadcrumbList\",\"@id\":\"https:\/\/advbox.com.br\/blog\/cpc-artigo-197\/#breadcrumb\",\"itemListElement\":[{\"@type\":\"ListItem\",\"position\":1,\"name\":\"In\u00edcio\",\"item\":\"https:\/\/advbox.com.br\/blog\/\"},{\"@type\":\"ListItem\",\"position\":2,\"name\":\"Artigo 197 CPC | ADVBOX\"}]},{\"@type\":\"WebSite\",\"@id\":\"https:\/\/advbox.com.br\/blog\/#website\",\"url\":\"https:\/\/advbox.com.br\/blog\/\",\"name\":\"Software Jur\u00eddico Completo - ADVBOX\",\"description\":\"Plataforma para Advocacia Digital\",\"publisher\":{\"@id\":\"https:\/\/advbox.com.br\/blog\/#organization\"},\"potentialAction\":[{\"@type\":\"SearchAction\",\"target\":{\"@type\":\"EntryPoint\",\"urlTemplate\":\"https:\/\/advbox.com.br\/blog\/?s={search_term_string}\"},\"query-input\":{\"@type\":\"PropertyValueSpecification\",\"valueRequired\":true,\"valueName\":\"search_term_string\"}}],\"inLanguage\":\"pt-BR\"},{\"@type\":\"Organization\",\"@id\":\"https:\/\/advbox.com.br\/blog\/#organization\",\"name\":\"ADVBOX Blog - Software jur\u00eddico da advocacia digital\",\"url\":\"https:\/\/advbox.com.br\/blog\/\",\"logo\":{\"@type\":\"ImageObject\",\"inLanguage\":\"pt-BR\",\"@id\":\"https:\/\/advbox.com.br\/blog\/#\/schema\/logo\/image\/\",\"url\":\"https:\/\/advbox.com.br\/blog\/wp-content\/uploads\/2019\/12\/Como-aumentar-a-produtividade_.jpg\",\"contentUrl\":\"https:\/\/advbox.com.br\/blog\/wp-content\/uploads\/2019\/12\/Como-aumentar-a-produtividade_.jpg\",\"width\":320,\"height\":213,\"caption\":\"ADVBOX Blog - Software jur\u00eddico da advocacia digital\"},\"image\":{\"@id\":\"https:\/\/advbox.com.br\/blog\/#\/schema\/logo\/image\/\"},\"sameAs\":[\"https:\/\/www.facebook.com\/advbox\/\",\"https:\/\/x.com\/advbox2\"]}]}<\/script>\n<!-- \/ Yoast SEO plugin. -->","yoast_head_json":{"title":"Artigo 197 CPC | ADVBOX","description":"Artigo 197 CPC - C\u00f3digo de Processo Civil - Os tribunais divulgar\u00e3o as informa\u00e7\u00f5es constantes de seu sistema de automa\u00e7\u00e3o em [continua]","robots":{"index":"index","follow":"follow","max-snippet":"max-snippet:-1","max-image-preview":"max-image-preview:large","max-video-preview":"max-video-preview:-1"},"canonical":"https:\/\/advbox.com.br\/blog\/cpc-artigo-197\/","og_locale":"pt_BR","og_type":"article","og_title":"Artigo 197 CPC | ADVBOX","og_description":"Artigo 197 CPC - C\u00f3digo de Processo Civil - Os tribunais divulgar\u00e3o as informa\u00e7\u00f5es constantes de seu sistema de automa\u00e7\u00e3o em [continua]","og_url":"https:\/\/advbox.com.br\/blog\/cpc-artigo-197\/","og_site_name":"Software Jur\u00eddico Completo - ADVBOX","article_publisher":"https:\/\/www.facebook.com\/advbox\/","article_modified_time":"2025-09-19T19:20:40+00:00","twitter_card":"summary_large_image","twitter_site":"@advbox2","schema":{"@context":"https:\/\/schema.org","@graph":[{"@type":"WebPage","@id":"https:\/\/advbox.com.br\/blog\/cpc-artigo-197\/","url":"https:\/\/advbox.com.br\/blog\/cpc-artigo-197\/","name":"Artigo 197 CPC | ADVBOX","isPartOf":{"@id":"https:\/\/advbox.com.br\/blog\/#website"},"datePublished":"2023-03-20T18:52:33+00:00","dateModified":"2025-09-19T19:20:40+00:00","description":"Artigo 197 CPC - C\u00f3digo de Processo Civil - Os tribunais divulgar\u00e3o as informa\u00e7\u00f5es constantes de seu sistema de automa\u00e7\u00e3o em [continua]","breadcrumb":{"@id":"https:\/\/advbox.com.br\/blog\/cpc-artigo-197\/#breadcrumb"},"inLanguage":"pt-BR","potentialAction":[{"@type":"ReadAction","target":["https:\/\/advbox.com.br\/blog\/cpc-artigo-197\/"]}]},{"@type":"BreadcrumbList","@id":"https:\/\/advbox.com.br\/blog\/cpc-artigo-197\/#breadcrumb","itemListElement":[{"@type":"ListItem","position":1,"name":"In\u00edcio","item":"https:\/\/advbox.com.br\/blog\/"},{"@type":"ListItem","position":2,"name":"Artigo 197 CPC | ADVBOX"}]},{"@type":"WebSite","@id":"https:\/\/advbox.com.br\/blog\/#website","url":"https:\/\/advbox.com.br\/blog\/","name":"Software Jur\u00eddico Completo - ADVBOX","description":"Plataforma para Advocacia Digital","publisher":{"@id":"https:\/\/advbox.com.br\/blog\/#organization"},"potentialAction":[{"@type":"SearchAction","target":{"@type":"EntryPoint","urlTemplate":"https:\/\/advbox.com.br\/blog\/?s={search_term_string}"},"query-input":{"@type":"PropertyValueSpecification","valueRequired":true,"valueName":"search_term_string"}}],"inLanguage":"pt-BR"},{"@type":"Organization","@id":"https:\/\/advbox.com.br\/blog\/#organization","name":"ADVBOX Blog - Software jur\u00eddico da advocacia digital","url":"https:\/\/advbox.com.br\/blog\/","logo":{"@type":"ImageObject","inLanguage":"pt-BR","@id":"https:\/\/advbox.com.br\/blog\/#\/schema\/logo\/image\/","url":"https:\/\/advbox.com.br\/blog\/wp-content\/uploads\/2019\/12\/Como-aumentar-a-produtividade_.jpg","contentUrl":"https:\/\/advbox.com.br\/blog\/wp-content\/uploads\/2019\/12\/Como-aumentar-a-produtividade_.jpg","width":320,"height":213,"caption":"ADVBOX Blog - Software jur\u00eddico da advocacia digital"},"image":{"@id":"https:\/\/advbox.com.br\/blog\/#\/schema\/logo\/image\/"},"sameAs":["https:\/\/www.facebook.com\/advbox\/","https:\/\/x.com\/advbox2"]}]}},"_links":{"self":[{"href":"https:\/\/advbox.com.br\/blog\/wp-json\/wp\/v2\/pages\/52977","targetHints":{"allow":["GET"]}}],"collection":[{"href":"https:\/\/advbox.com.br\/blog\/wp-json\/wp\/v2\/pages"}],"about":[{"href":"https:\/\/advbox.com.br\/blog\/wp-json\/wp\/v2\/types\/page"}],"author":[{"embeddable":true,"href":"https:\/\/advbox.com.br\/blog\/wp-json\/wp\/v2\/users\/44"}],"replies":[{"embeddable":true,"href":"https:\/\/advbox.com.br\/blog\/wp-json\/wp\/v2\/comments?post=52977"}],"version-history":[{"count":3,"href":"https:\/\/advbox.com.br\/blog\/wp-json\/wp\/v2\/pages\/52977\/revisions"}],"predecessor-version":[{"id":76666,"href":"https:\/\/advbox.com.br\/blog\/wp-json\/wp\/v2\/pages\/52977\/revisions\/76666"}],"wp:attachment":[{"href":"https:\/\/advbox.com.br\/blog\/wp-json\/wp\/v2\/media?parent=52977"}],"curies":[{"name":"wp","href":"https:\/\/api.w.org\/{rel}","templated":true}]}}