{"id":53379,"date":"2023-03-29T15:11:57","date_gmt":"2023-03-29T18:11:57","guid":{"rendered":"https:\/\/advbox.com.br\/blog\/?page_id=53379"},"modified":"2023-12-19T11:56:49","modified_gmt":"2023-12-19T14:56:49","slug":"cpc-artigo-231","status":"publish","type":"page","link":"https:\/\/advbox.com.br\/blog\/cpc-artigo-231\/","title":{"rendered":"Artigo 231 CPC \u2013 C\u00f3digo de Processo Civil"},"content":{"rendered":"<p><em>Lei N\u00ba 13.105, de 16 de mar\u00e7o de 2015<\/em>\u00a0<em>\u2013 Artigo 231 CPC.<\/em><\/p><h2 class=\"wp-block-heading\">Artigo 231 CPC<\/h2><p>Art. 231. Salvo disposi\u00e7\u00e3o em sentido diverso, considera-se dia do come\u00e7o do prazo:<\/p><p><a><\/a>I &#8211; a data de juntada aos autos do aviso de recebimento, quando a cita\u00e7\u00e3o ou a intima\u00e7\u00e3o for pelo correio;<\/p><p><a><\/a>II &#8211; a data de juntada aos autos do mandado cumprido, quando a cita\u00e7\u00e3o ou a intima\u00e7\u00e3o for por oficial de justi\u00e7a;<\/p><p><a><\/a>III &#8211; a data de ocorr\u00eancia da cita\u00e7\u00e3o ou da intima\u00e7\u00e3o, quando ela se der por ato do escriv\u00e3o ou do chefe de secretaria;<\/p><p><a><\/a>IV &#8211; o dia \u00fatil seguinte ao fim da dila\u00e7\u00e3o assinada pelo juiz, quando a cita\u00e7\u00e3o ou a intima\u00e7\u00e3o for por edital;<\/p><p><a><\/a>V &#8211; o dia \u00fatil seguinte \u00e0 consulta ao teor da cita\u00e7\u00e3o ou da intima\u00e7\u00e3o ou ao t\u00e9rmino do prazo para que a consulta se d\u00ea, quando a cita\u00e7\u00e3o ou a intima\u00e7\u00e3o for eletr\u00f4nica;<\/p><p><a><\/a>VI &#8211; a data de juntada do comunicado de que trata o\u00a0<a href=\"http:\/\/www.planalto.gov.br\/ccivil_03\/_ato2015-2018\/2015\/lei\/L13105.htm#art232\" target=\"_blank\">art. 232\u00a0<\/a>ou, n\u00e3o havendo esse, a data de juntada da carta aos autos de origem devidamente cumprida, quando a cita\u00e7\u00e3o ou a intima\u00e7\u00e3o se realizar em cumprimento de carta;<\/p><p><a><\/a>VII &#8211; a data de publica\u00e7\u00e3o, quando a intima\u00e7\u00e3o se der pelo Di\u00e1rio da Justi\u00e7a impresso ou eletr\u00f4nico;<\/p><p><a><\/a>VIII &#8211; o dia da carga, quando a intima\u00e7\u00e3o se der por meio da retirada dos autos, em carga, do cart\u00f3rio ou da secretaria.<\/p><p>IX &#8211; o quinto dia \u00fatil seguinte \u00e0 confirma\u00e7\u00e3o, na forma prevista na mensagem de cita\u00e7\u00e3o, do recebimento da cita\u00e7\u00e3o realizada por meio eletr\u00f4nico. <a href=\"http:\/\/www.planalto.gov.br\/ccivil_03\/_Ato2019-2022\/2021\/Lei\/L14195.htm#art44\" target=\"_blank\">(Inclu\u00eddo pela Lei n\u00ba 14.195, de 2021)<\/a><\/p><p><a><\/a>\u00a7 1\u00ba Quando houver mais de um r\u00e9u, o dia do come\u00e7o do prazo para contestar corresponder\u00e1 \u00e0 \u00faltima das datas a que se referem os incisos I a VI do\u00a0caput\u00a0.<\/p><p><a><\/a>\u00a7 2\u00ba Havendo mais de um intimado, o prazo para cada um \u00e9 contado individualmente.<\/p><p><a><\/a>\u00a7 3\u00ba Quando o ato tiver de ser praticado diretamente pela parte ou por quem, de qualquer forma, participe do processo, sem a intermedia\u00e7\u00e3o de representante judicial, o dia do come\u00e7o do prazo para cumprimento da determina\u00e7\u00e3o judicial corresponder\u00e1 \u00e0 data em que se der a comunica\u00e7\u00e3o.<\/p><p>\u00a7 4\u00ba Aplica-se o disposto no inciso II do\u00a0caput\u00a0\u00e0 cita\u00e7\u00e3o com hora certa.<\/p><h2 class=\"wp-block-heading\">Acesse o CPC completo ou separadamente:<\/h2><p><a href=\"https:\/\/advbox.com.br\/blog\/cpc-codigo-de-processo-civil\/\" target=\"_blank\" rel=\"noreferrer noopener\" target=\"_blank\"><strong>CPC completo<\/strong><\/a><\/p><p><a href=\"https:\/\/advbox.com.br\/blog\/cpc-artigo-230\/\" target=\"_blank\"><strong>Artigo 230<\/strong><\/a><\/p><p><strong>Acelere seu trabalho, automatize procura\u00e7\u00f5es, contratos e peti\u00e7\u00f5es no seu escrit\u00f3rio. Saiba como neste <a href=\"https:\/\/advbox.com.br\/blog\/como-automatizar-seus-modelos-de-peticoes\/\" target=\"_blank\">artigo<\/a> no nosso blog.<\/strong><\/p>\n","protected":false},"excerpt":{"rendered":"<p>Lei N\u00ba 13.105, de 16 de mar\u00e7o de 2015\u00a0\u2013 Artigo 231 CPC. Artigo 231 CPC Art. 231. Salvo disposi\u00e7\u00e3o em sentido diverso, considera-se dia do come\u00e7o do prazo: I &#8211; a data de juntada aos autos do aviso de recebimento, quando a cita\u00e7\u00e3o ou a intima\u00e7\u00e3o for pelo correio; II [&hellip;]<\/p>\n","protected":false},"author":44,"featured_media":0,"parent":0,"menu_order":0,"comment_status":"closed","ping_status":"closed","template":"","meta":{"_acf_changed":false,"om_disable_all_campaigns":false,"footnotes":""},"class_list":["post-53379","page","type-page","status-publish","hentry"],"acf":[],"yoast_head":"<!-- This site is optimized with the Yoast SEO plugin v26.9 - https:\/\/yoast.com\/product\/yoast-seo-wordpress\/ -->\n<title>Artigo 231 CPC | ADVBOX<\/title>\n<meta name=\"description\" content=\"Artigo 231 CPC - C\u00f3digo de Processo Civil - Salvo disposi\u00e7\u00e3o em sentido diverso, considera-se dia do come\u00e7o do prazo [continua]\" \/>\n<meta name=\"robots\" content=\"index, follow, max-snippet:-1, max-image-preview:large, max-video-preview:-1\" \/>\n<link rel=\"canonical\" href=\"https:\/\/advbox.com.br\/blog\/cpc-artigo-231\/\" \/>\n<meta property=\"og:locale\" content=\"pt_BR\" \/>\n<meta property=\"og:type\" content=\"article\" \/>\n<meta property=\"og:title\" content=\"Artigo 231 CPC | ADVBOX\" \/>\n<meta property=\"og:description\" content=\"Artigo 231 CPC - C\u00f3digo de Processo Civil - Salvo disposi\u00e7\u00e3o em sentido diverso, considera-se dia do come\u00e7o do prazo [continua]\" \/>\n<meta property=\"og:url\" content=\"https:\/\/advbox.com.br\/blog\/cpc-artigo-231\/\" \/>\n<meta property=\"og:site_name\" content=\"Software Jur\u00eddico Completo - ADVBOX\" \/>\n<meta property=\"article:publisher\" content=\"https:\/\/www.facebook.com\/advbox\/\" \/>\n<meta property=\"article:modified_time\" content=\"2023-12-19T14:56:49+00:00\" \/>\n<meta name=\"twitter:card\" content=\"summary_large_image\" \/>\n<meta name=\"twitter:site\" content=\"@advbox2\" \/>\n<script type=\"application\/ld+json\" class=\"yoast-schema-graph\">{\"@context\":\"https:\/\/schema.org\",\"@graph\":[{\"@type\":\"WebPage\",\"@id\":\"https:\/\/advbox.com.br\/blog\/cpc-artigo-231\/\",\"url\":\"https:\/\/advbox.com.br\/blog\/cpc-artigo-231\/\",\"name\":\"Artigo 231 CPC | ADVBOX\",\"isPartOf\":{\"@id\":\"https:\/\/advbox.com.br\/blog\/#website\"},\"datePublished\":\"2023-03-29T18:11:57+00:00\",\"dateModified\":\"2023-12-19T14:56:49+00:00\",\"description\":\"Artigo 231 CPC - C\u00f3digo de Processo Civil - Salvo disposi\u00e7\u00e3o em sentido diverso, considera-se dia do come\u00e7o do prazo [continua]\",\"breadcrumb\":{\"@id\":\"https:\/\/advbox.com.br\/blog\/cpc-artigo-231\/#breadcrumb\"},\"inLanguage\":\"pt-BR\",\"potentialAction\":[{\"@type\":\"ReadAction\",\"target\":[\"https:\/\/advbox.com.br\/blog\/cpc-artigo-231\/\"]}]},{\"@type\":\"BreadcrumbList\",\"@id\":\"https:\/\/advbox.com.br\/blog\/cpc-artigo-231\/#breadcrumb\",\"itemListElement\":[{\"@type\":\"ListItem\",\"position\":1,\"name\":\"In\u00edcio\",\"item\":\"https:\/\/advbox.com.br\/blog\/\"},{\"@type\":\"ListItem\",\"position\":2,\"name\":\"Artigo 231 CPC \u2013 C\u00f3digo de Processo Civil\"}]},{\"@type\":\"WebSite\",\"@id\":\"https:\/\/advbox.com.br\/blog\/#website\",\"url\":\"https:\/\/advbox.com.br\/blog\/\",\"name\":\"Software Jur\u00eddico Completo - ADVBOX\",\"description\":\"Plataforma para Advocacia Digital\",\"publisher\":{\"@id\":\"https:\/\/advbox.com.br\/blog\/#organization\"},\"potentialAction\":[{\"@type\":\"SearchAction\",\"target\":{\"@type\":\"EntryPoint\",\"urlTemplate\":\"https:\/\/advbox.com.br\/blog\/?s={search_term_string}\"},\"query-input\":{\"@type\":\"PropertyValueSpecification\",\"valueRequired\":true,\"valueName\":\"search_term_string\"}}],\"inLanguage\":\"pt-BR\"},{\"@type\":\"Organization\",\"@id\":\"https:\/\/advbox.com.br\/blog\/#organization\",\"name\":\"ADVBOX Blog - Software jur\u00eddico da advocacia digital\",\"url\":\"https:\/\/advbox.com.br\/blog\/\",\"logo\":{\"@type\":\"ImageObject\",\"inLanguage\":\"pt-BR\",\"@id\":\"https:\/\/advbox.com.br\/blog\/#\/schema\/logo\/image\/\",\"url\":\"https:\/\/advbox.com.br\/blog\/wp-content\/uploads\/2019\/12\/Como-aumentar-a-produtividade_.jpg\",\"contentUrl\":\"https:\/\/advbox.com.br\/blog\/wp-content\/uploads\/2019\/12\/Como-aumentar-a-produtividade_.jpg\",\"width\":320,\"height\":213,\"caption\":\"ADVBOX Blog - Software jur\u00eddico da advocacia digital\"},\"image\":{\"@id\":\"https:\/\/advbox.com.br\/blog\/#\/schema\/logo\/image\/\"},\"sameAs\":[\"https:\/\/www.facebook.com\/advbox\/\",\"https:\/\/x.com\/advbox2\"]}]}<\/script>\n<!-- \/ Yoast SEO plugin. -->","yoast_head_json":{"title":"Artigo 231 CPC | ADVBOX","description":"Artigo 231 CPC - C\u00f3digo de Processo Civil - Salvo disposi\u00e7\u00e3o em sentido diverso, considera-se dia do come\u00e7o do prazo [continua]","robots":{"index":"index","follow":"follow","max-snippet":"max-snippet:-1","max-image-preview":"max-image-preview:large","max-video-preview":"max-video-preview:-1"},"canonical":"https:\/\/advbox.com.br\/blog\/cpc-artigo-231\/","og_locale":"pt_BR","og_type":"article","og_title":"Artigo 231 CPC | ADVBOX","og_description":"Artigo 231 CPC - C\u00f3digo de Processo Civil - Salvo disposi\u00e7\u00e3o em sentido diverso, considera-se dia do come\u00e7o do prazo [continua]","og_url":"https:\/\/advbox.com.br\/blog\/cpc-artigo-231\/","og_site_name":"Software Jur\u00eddico Completo - ADVBOX","article_publisher":"https:\/\/www.facebook.com\/advbox\/","article_modified_time":"2023-12-19T14:56:49+00:00","twitter_card":"summary_large_image","twitter_site":"@advbox2","schema":{"@context":"https:\/\/schema.org","@graph":[{"@type":"WebPage","@id":"https:\/\/advbox.com.br\/blog\/cpc-artigo-231\/","url":"https:\/\/advbox.com.br\/blog\/cpc-artigo-231\/","name":"Artigo 231 CPC | ADVBOX","isPartOf":{"@id":"https:\/\/advbox.com.br\/blog\/#website"},"datePublished":"2023-03-29T18:11:57+00:00","dateModified":"2023-12-19T14:56:49+00:00","description":"Artigo 231 CPC - C\u00f3digo de Processo Civil - Salvo disposi\u00e7\u00e3o em sentido diverso, considera-se dia do come\u00e7o do prazo [continua]","breadcrumb":{"@id":"https:\/\/advbox.com.br\/blog\/cpc-artigo-231\/#breadcrumb"},"inLanguage":"pt-BR","potentialAction":[{"@type":"ReadAction","target":["https:\/\/advbox.com.br\/blog\/cpc-artigo-231\/"]}]},{"@type":"BreadcrumbList","@id":"https:\/\/advbox.com.br\/blog\/cpc-artigo-231\/#breadcrumb","itemListElement":[{"@type":"ListItem","position":1,"name":"In\u00edcio","item":"https:\/\/advbox.com.br\/blog\/"},{"@type":"ListItem","position":2,"name":"Artigo 231 CPC \u2013 C\u00f3digo de Processo Civil"}]},{"@type":"WebSite","@id":"https:\/\/advbox.com.br\/blog\/#website","url":"https:\/\/advbox.com.br\/blog\/","name":"Software Jur\u00eddico Completo - ADVBOX","description":"Plataforma para Advocacia Digital","publisher":{"@id":"https:\/\/advbox.com.br\/blog\/#organization"},"potentialAction":[{"@type":"SearchAction","target":{"@type":"EntryPoint","urlTemplate":"https:\/\/advbox.com.br\/blog\/?s={search_term_string}"},"query-input":{"@type":"PropertyValueSpecification","valueRequired":true,"valueName":"search_term_string"}}],"inLanguage":"pt-BR"},{"@type":"Organization","@id":"https:\/\/advbox.com.br\/blog\/#organization","name":"ADVBOX Blog - Software jur\u00eddico da advocacia digital","url":"https:\/\/advbox.com.br\/blog\/","logo":{"@type":"ImageObject","inLanguage":"pt-BR","@id":"https:\/\/advbox.com.br\/blog\/#\/schema\/logo\/image\/","url":"https:\/\/advbox.com.br\/blog\/wp-content\/uploads\/2019\/12\/Como-aumentar-a-produtividade_.jpg","contentUrl":"https:\/\/advbox.com.br\/blog\/wp-content\/uploads\/2019\/12\/Como-aumentar-a-produtividade_.jpg","width":320,"height":213,"caption":"ADVBOX Blog - Software jur\u00eddico da advocacia digital"},"image":{"@id":"https:\/\/advbox.com.br\/blog\/#\/schema\/logo\/image\/"},"sameAs":["https:\/\/www.facebook.com\/advbox\/","https:\/\/x.com\/advbox2"]}]}},"_links":{"self":[{"href":"https:\/\/advbox.com.br\/blog\/wp-json\/wp\/v2\/pages\/53379","targetHints":{"allow":["GET"]}}],"collection":[{"href":"https:\/\/advbox.com.br\/blog\/wp-json\/wp\/v2\/pages"}],"about":[{"href":"https:\/\/advbox.com.br\/blog\/wp-json\/wp\/v2\/types\/page"}],"author":[{"embeddable":true,"href":"https:\/\/advbox.com.br\/blog\/wp-json\/wp\/v2\/users\/44"}],"replies":[{"embeddable":true,"href":"https:\/\/advbox.com.br\/blog\/wp-json\/wp\/v2\/comments?post=53379"}],"version-history":[{"count":2,"href":"https:\/\/advbox.com.br\/blog\/wp-json\/wp\/v2\/pages\/53379\/revisions"}],"predecessor-version":[{"id":59733,"href":"https:\/\/advbox.com.br\/blog\/wp-json\/wp\/v2\/pages\/53379\/revisions\/59733"}],"wp:attachment":[{"href":"https:\/\/advbox.com.br\/blog\/wp-json\/wp\/v2\/media?parent=53379"}],"curies":[{"name":"wp","href":"https:\/\/api.w.org\/{rel}","templated":true}]}}