{"id":53925,"date":"2023-04-24T16:05:39","date_gmt":"2023-04-24T19:05:39","guid":{"rendered":"https:\/\/advbox.com.br\/blog\/?page_id=53925"},"modified":"2026-05-06T14:28:19","modified_gmt":"2026-05-06T17:28:19","slug":"cpc-artigo-246","status":"publish","type":"page","link":"https:\/\/advbox.com.br\/blog\/cpc-artigo-246\/","title":{"rendered":"Artigo 246 CPC \u2013 C\u00f3digo de Processo Civil"},"content":{"rendered":"<p><em>Lei N\u00ba 13.105, de 16 de mar\u00e7o de 2015<\/em>\u00a0<em>\u2013 Artigo 246 CPC.<\/em><\/p><h2 class=\"wp-block-heading\">Artigo 246 CPC<\/h2><p>Art. 246. A cita\u00e7\u00e3o ser\u00e1 feita preferencialmente por meio eletr\u00f4nico, no prazo de at\u00e9 2 (dois) dias \u00fateis, contado da decis\u00e3o que a determinar, por meio dos endere\u00e7os eletr\u00f4nicos indicados pelo citando no banco de dados do Poder Judici\u00e1rio, conforme regulamento do Conselho Nacional de Justi\u00e7a.\u00a0<a href=\"http:\/\/www.planalto.gov.br\/ccivil_03\/_Ato2019-2022\/2021\/Lei\/L14195.htm#art44\" target=\"_blank\">(Reda\u00e7\u00e3o dada pela Lei n\u00ba 14.195, de 2021)<\/a><\/p><p>I &#8211;\u00a0<a href=\"http:\/\/www.planalto.gov.br\/ccivil_03\/_Ato2019-2022\/2021\/Lei\/L14195.htm#art57xxxii\" target=\"_blank\">(revogado)<\/a>; <a href=\"http:\/\/www.planalto.gov.br\/ccivil_03\/_Ato2019-2022\/2021\/Lei\/L14195.htm#art44\" target=\"_blank\">(Reda\u00e7\u00e3o dada pela Lei n\u00ba 14.195, de 2021)<\/a><\/p><p>II &#8211; por oficial de justi\u00e7a;<\/p><p>II &#8211;\u00a0<a href=\"http:\/\/www.planalto.gov.br\/ccivil_03\/_Ato2019-2022\/2021\/Lei\/L14195.htm#art57xxxii\" target=\"_blank\">(revogado)<\/a>; <a href=\"http:\/\/www.planalto.gov.br\/ccivil_03\/_Ato2019-2022\/2021\/Lei\/L14195.htm#art44\" target=\"_blank\">(Reda\u00e7\u00e3o dada pela Lei n\u00ba 14.195, de 2021)<\/a><\/p><p>III &#8211; pelo escriv\u00e3o ou chefe de secretaria, se o citando comparecer em cart\u00f3rio;<\/p><p>III &#8211;\u00a0<a href=\"http:\/\/www.planalto.gov.br\/ccivil_03\/_Ato2019-2022\/2021\/Lei\/L14195.htm#art57xxxii\" target=\"_blank\">(revogado)<\/a>;\u00a0<a href=\"http:\/\/www.planalto.gov.br\/ccivil_03\/_Ato2019-2022\/2021\/Lei\/L14195.htm#art44\" target=\"_blank\">(Reda\u00e7\u00e3o dada pela Lei n\u00ba 14.195, de 2021)<\/a><\/p><p>IV &#8211; por edital;<\/p><p>IV &#8211;\u00a0<a href=\"http:\/\/www.planalto.gov.br\/ccivil_03\/_Ato2019-2022\/2021\/Lei\/L14195.htm#art57xxxii\" target=\"_blank\">(revogado)<\/a>;\u00a0<a href=\"http:\/\/www.planalto.gov.br\/ccivil_03\/_Ato2019-2022\/2021\/Lei\/L14195.htm#art44\" target=\"_blank\">(Reda\u00e7\u00e3o dada pela Lei n\u00ba 14.195, de 2021)<\/a><\/p><p>V &#8211; por meio eletr\u00f4nico, conforme regulado em lei.<\/p><p>V &#8211;\u00a0<a href=\"http:\/\/www.planalto.gov.br\/ccivil_03\/_Ato2019-2022\/2021\/Lei\/L14195.htm#art57xxxii\" target=\"_blank\">(revogado)<\/a>.\u00a0<a href=\"http:\/\/www.planalto.gov.br\/ccivil_03\/_Ato2019-2022\/2021\/Lei\/L14195.htm#art44\" target=\"_blank\">(Reda\u00e7\u00e3o dada pela Lei n\u00ba 14.195, de 2021)<\/a><\/p><p><a><\/a>\u00a7 1\u00ba Com exce\u00e7\u00e3o das microempresas e das empresas de pequeno porte, as empresas p\u00fablicas e privadas s\u00e3o obrigadas a manter cadastro nos sistemas de processo em autos eletr\u00f4nicos, para efeito de recebimento de cita\u00e7\u00f5es e intima\u00e7\u00f5es, as quais ser\u00e3o efetuadas preferencialmente por esse meio.<\/p><p>\u00a7 1\u00ba As empresas p\u00fablicas e privadas s\u00e3o obrigadas a manter cadastro nos sistemas de processo em autos eletr\u00f4nicos, para efeito de recebimento de cita\u00e7\u00f5es e intima\u00e7\u00f5es, as quais ser\u00e3o efetuadas preferencialmente por esse meio.\u00a0<a href=\"http:\/\/www.planalto.gov.br\/ccivil_03\/_Ato2019-2022\/2021\/Lei\/L14195.htm#art44\" target=\"_blank\">(Reda\u00e7\u00e3o dada pela Lei n\u00ba 14.195, de 2021)<\/a><\/p><p>\u00a7 1\u00ba-A A aus\u00eancia de confirma\u00e7\u00e3o, em at\u00e9 3 (tr\u00eas) dias \u00fateis, contados do recebimento da cita\u00e7\u00e3o eletr\u00f4nica, implicar\u00e1 a realiza\u00e7\u00e3o da cita\u00e7\u00e3o: <a href=\"http:\/\/www.planalto.gov.br\/ccivil_03\/_Ato2019-2022\/2021\/Lei\/L14195.htm#art44\" target=\"_blank\">(Inclu\u00eddo pela Lei n\u00ba 14.195, de 2021)<\/a><\/p><p>I &#8211; pelo correio;\u00a0<a href=\"http:\/\/www.planalto.gov.br\/ccivil_03\/_Ato2019-2022\/2021\/Lei\/L14195.htm#art44\" target=\"_blank\">(Inclu\u00eddo pela Lei n\u00ba 14.195, de 2021)<\/a><\/p><p>II &#8211; por oficial de justi\u00e7a;\u00a0<a href=\"http:\/\/www.planalto.gov.br\/ccivil_03\/_Ato2019-2022\/2021\/Lei\/L14195.htm#art44\" target=\"_blank\">(Inclu\u00eddo pela Lei n\u00ba 14.195, de 2021)<\/a><\/p><p>III &#8211; pelo escriv\u00e3o ou chefe de secretaria, se o citando comparecer em cart\u00f3rio;\u00a0<a href=\"http:\/\/www.planalto.gov.br\/ccivil_03\/_Ato2019-2022\/2021\/Lei\/L14195.htm#art44\" target=\"_blank\">(Inclu\u00eddo pela Lei n\u00ba 14.195, de 2021)<\/a><\/p><p>IV &#8211; por edital.\u00a0<a href=\"http:\/\/www.planalto.gov.br\/ccivil_03\/_Ato2019-2022\/2021\/Lei\/L14195.htm#art44\" target=\"_blank\">(Inclu\u00eddo pela Lei n\u00ba 14.195, de 2021)<\/a><\/p><p>\u00a7 1\u00ba-B Na primeira oportunidade de falar nos autos, o r\u00e9u citado nas formas previstas nos incisos I, II, III e IV do \u00a7 1\u00ba-A deste artigo dever\u00e1 apresentar justa causa para a aus\u00eancia de confirma\u00e7\u00e3o do recebimento da cita\u00e7\u00e3o enviada eletronicamente.\u00a0<a href=\"http:\/\/www.planalto.gov.br\/ccivil_03\/_Ato2019-2022\/2021\/Lei\/L14195.htm#art44\" target=\"_blank\">(Inclu\u00eddo pela Lei n\u00ba 14.195, de 2021)<\/a><\/p><p>\u00a7 1\u00ba-C Considera-se ato atentat\u00f3rio \u00e0 dignidade da justi\u00e7a, pass\u00edvel de multa de at\u00e9 5% (cinco por cento) do valor da causa, deixar de confirmar no prazo legal, sem justa causa, o recebimento da cita\u00e7\u00e3o recebida por meio eletr\u00f4nico.\u00a0<a href=\"http:\/\/www.planalto.gov.br\/ccivil_03\/_Ato2019-2022\/2021\/Lei\/L14195.htm#art44\" target=\"_blank\">(Inclu\u00eddo pela Lei n\u00ba 14.195, de 2021)<\/a><\/p><p>\u00a7 2\u00ba O disposto no \u00a7 1\u00ba aplica-se \u00e0 Uni\u00e3o, aos Estados, ao Distrito Federal, aos Munic\u00edpios e \u00e0s entidades da administra\u00e7\u00e3o indireta.<\/p><p><a><\/a>\u00a7 3\u00ba Na a\u00e7\u00e3o de usucapi\u00e3o de im\u00f3vel, os confinantes ser\u00e3o citados pessoalmente, exceto quando tiver por objeto unidade aut\u00f4noma de pr\u00e9dio em condom\u00ednio, caso em que tal cita\u00e7\u00e3o \u00e9 dispensada.<\/p><p>\u00a7 4\u00ba As cita\u00e7\u00f5es por correio eletr\u00f4nico ser\u00e3o acompanhadas das orienta\u00e7\u00f5es para realiza\u00e7\u00e3o da confirma\u00e7\u00e3o de recebimento e de c\u00f3digo identificador que permitir\u00e1 a sua identifica\u00e7\u00e3o na p\u00e1gina eletr\u00f4nica do \u00f3rg\u00e3o judicial citante.\u00a0<a href=\"http:\/\/www.planalto.gov.br\/ccivil_03\/_Ato2019-2022\/2021\/Lei\/L14195.htm#art44\" target=\"_blank\">(Inclu\u00eddo pela Lei n\u00ba 14.195, de 2021)<\/a><\/p><p>\u00a7 5\u00ba As microempresas e as pequenas empresas somente se sujeitam ao disposto no \u00a7 1\u00ba deste artigo quando n\u00e3o possu\u00edrem endere\u00e7o eletr\u00f4nico cadastrado no sistema integrado da Rede Nacional para a Simplifica\u00e7\u00e3o do Registro e da Legaliza\u00e7\u00e3o de Empresas e Neg\u00f3cios (Redesim).\u00a0<a href=\"http:\/\/www.planalto.gov.br\/ccivil_03\/_Ato2019-2022\/2021\/Lei\/L14195.htm#art44\" target=\"_blank\">(Inclu\u00eddo pela Lei n\u00ba 14.195, de 2021)<\/a><\/p><p>\u00a7 6\u00ba Para os fins do \u00a7 5\u00ba deste artigo, dever\u00e1 haver compartilhamento de cadastro com o \u00f3rg\u00e3o do Poder Judici\u00e1rio, inclu\u00eddo o endere\u00e7o eletr\u00f4nico constante do sistema integrado da Redesim, nos termos da legisla\u00e7\u00e3o aplic\u00e1vel ao sigilo fiscal e ao tratamento de dados pessoais.\u00a0<a href=\"http:\/\/www.planalto.gov.br\/ccivil_03\/_Ato2019-2022\/2021\/Lei\/L14195.htm#art44\" target=\"_blank\">(Inclu\u00eddo pela Lei n\u00ba 14.195, de 2021)<\/a><\/p><h2 class=\"wp-block-heading\">Acesse o CPC completo ou separadamente:<\/h2><p><a href=\"https:\/\/advbox.com.br\/blog\/cpc-codigo-de-processo-civil\/\" target=\"_blank\" rel=\"noreferrer noopener\" target=\"_blank\"><strong>CPC completo<\/strong><\/a><\/p><p><a href=\"https:\/\/advbox.com.br\/blog\/cpc-artigo-245\/\" target=\"_blank\"><strong>Artigo 245<\/strong><\/a><\/p><p><strong>Acelere seu trabalho, automatize procura\u00e7\u00f5es, contratos e peti\u00e7\u00f5es no seu escrit\u00f3rio. Saiba como neste <a href=\"https:\/\/advbox.com.br\/blog\/como-automatizar-seus-modelos-de-peticoes\/\" target=\"_blank\">artigo<\/a> no nosso blog.<\/strong><\/p>\n","protected":false},"excerpt":{"rendered":"<p>Lei N\u00ba 13.105, de 16 de mar\u00e7o de 2015\u00a0\u2013 Artigo 246 CPC. Artigo 246 CPC Art. 246. A cita\u00e7\u00e3o ser\u00e1 feita preferencialmente por meio eletr\u00f4nico, no prazo de at\u00e9 2 (dois) dias \u00fateis, contado da decis\u00e3o que a determinar, por meio dos endere\u00e7os eletr\u00f4nicos indicados pelo citando no banco de [&hellip;]<\/p>\n","protected":false},"author":44,"featured_media":0,"parent":0,"menu_order":0,"comment_status":"closed","ping_status":"closed","template":"","meta":{"_acf_changed":false,"om_disable_all_campaigns":false,"footnotes":""},"class_list":["post-53925","page","type-page","status-publish","hentry"],"acf":[],"yoast_head":"<!-- This site is optimized with the Yoast SEO plugin v26.9 - https:\/\/yoast.com\/product\/yoast-seo-wordpress\/ -->\n<title>Artigo 246 CPC: modalidades de cita\u00e7\u00e3o<\/title>\n<meta name=\"description\" content=\"Artigo 246 CPC - C\u00f3digo de Processo Civil - A cita\u00e7\u00e3o ser\u00e1 feita preferencialmente por meio eletr\u00f4nico, no prazo de at\u00e9 2 (dois) [continua]\" \/>\n<meta name=\"robots\" content=\"index, follow, max-snippet:-1, max-image-preview:large, max-video-preview:-1\" \/>\n<link rel=\"canonical\" href=\"https:\/\/advbox.com.br\/blog\/cpc-artigo-246\/\" \/>\n<meta property=\"og:locale\" content=\"pt_BR\" \/>\n<meta property=\"og:type\" content=\"article\" \/>\n<meta property=\"og:title\" content=\"Artigo 246 CPC: modalidades de cita\u00e7\u00e3o\" \/>\n<meta property=\"og:description\" content=\"Artigo 246 CPC - C\u00f3digo de Processo Civil - A cita\u00e7\u00e3o ser\u00e1 feita preferencialmente por meio eletr\u00f4nico, no prazo de at\u00e9 2 (dois) [continua]\" \/>\n<meta property=\"og:url\" content=\"https:\/\/advbox.com.br\/blog\/cpc-artigo-246\/\" \/>\n<meta property=\"og:site_name\" content=\"Software Jur\u00eddico Completo - ADVBOX\" \/>\n<meta property=\"article:publisher\" content=\"https:\/\/www.facebook.com\/advbox\/\" \/>\n<meta property=\"article:modified_time\" content=\"2026-05-06T17:28:19+00:00\" \/>\n<meta name=\"twitter:card\" content=\"summary_large_image\" \/>\n<meta name=\"twitter:site\" content=\"@advbox2\" \/>\n<script type=\"application\/ld+json\" class=\"yoast-schema-graph\">{\"@context\":\"https:\/\/schema.org\",\"@graph\":[{\"@type\":\"WebPage\",\"@id\":\"https:\/\/advbox.com.br\/blog\/cpc-artigo-246\/\",\"url\":\"https:\/\/advbox.com.br\/blog\/cpc-artigo-246\/\",\"name\":\"Artigo 246 CPC: modalidades de cita\u00e7\u00e3o\",\"isPartOf\":{\"@id\":\"https:\/\/advbox.com.br\/blog\/#website\"},\"datePublished\":\"2023-04-24T19:05:39+00:00\",\"dateModified\":\"2026-05-06T17:28:19+00:00\",\"description\":\"Artigo 246 CPC - C\u00f3digo de Processo Civil - A cita\u00e7\u00e3o ser\u00e1 feita preferencialmente por meio eletr\u00f4nico, no prazo de at\u00e9 2 (dois) [continua]\",\"breadcrumb\":{\"@id\":\"https:\/\/advbox.com.br\/blog\/cpc-artigo-246\/#breadcrumb\"},\"inLanguage\":\"pt-BR\",\"potentialAction\":[{\"@type\":\"ReadAction\",\"target\":[\"https:\/\/advbox.com.br\/blog\/cpc-artigo-246\/\"]}]},{\"@type\":\"BreadcrumbList\",\"@id\":\"https:\/\/advbox.com.br\/blog\/cpc-artigo-246\/#breadcrumb\",\"itemListElement\":[{\"@type\":\"ListItem\",\"position\":1,\"name\":\"In\u00edcio\",\"item\":\"https:\/\/advbox.com.br\/blog\/\"},{\"@type\":\"ListItem\",\"position\":2,\"name\":\"Artigo 246 CPC \u2013 C\u00f3digo de Processo Civil\"}]},{\"@type\":\"WebSite\",\"@id\":\"https:\/\/advbox.com.br\/blog\/#website\",\"url\":\"https:\/\/advbox.com.br\/blog\/\",\"name\":\"Software Jur\u00eddico Completo - ADVBOX\",\"description\":\"Plataforma para Advocacia Digital\",\"publisher\":{\"@id\":\"https:\/\/advbox.com.br\/blog\/#organization\"},\"potentialAction\":[{\"@type\":\"SearchAction\",\"target\":{\"@type\":\"EntryPoint\",\"urlTemplate\":\"https:\/\/advbox.com.br\/blog\/?s={search_term_string}\"},\"query-input\":{\"@type\":\"PropertyValueSpecification\",\"valueRequired\":true,\"valueName\":\"search_term_string\"}}],\"inLanguage\":\"pt-BR\"},{\"@type\":\"Organization\",\"@id\":\"https:\/\/advbox.com.br\/blog\/#organization\",\"name\":\"ADVBOX Blog - Software jur\u00eddico da advocacia digital\",\"url\":\"https:\/\/advbox.com.br\/blog\/\",\"logo\":{\"@type\":\"ImageObject\",\"inLanguage\":\"pt-BR\",\"@id\":\"https:\/\/advbox.com.br\/blog\/#\/schema\/logo\/image\/\",\"url\":\"https:\/\/advbox.com.br\/blog\/wp-content\/uploads\/2019\/12\/Como-aumentar-a-produtividade_.jpg\",\"contentUrl\":\"https:\/\/advbox.com.br\/blog\/wp-content\/uploads\/2019\/12\/Como-aumentar-a-produtividade_.jpg\",\"width\":320,\"height\":213,\"caption\":\"ADVBOX Blog - Software jur\u00eddico da advocacia digital\"},\"image\":{\"@id\":\"https:\/\/advbox.com.br\/blog\/#\/schema\/logo\/image\/\"},\"sameAs\":[\"https:\/\/www.facebook.com\/advbox\/\",\"https:\/\/x.com\/advbox2\"]}]}<\/script>\n<!-- \/ Yoast SEO plugin. -->","yoast_head_json":{"title":"Artigo 246 CPC: modalidades de cita\u00e7\u00e3o","description":"Artigo 246 CPC - C\u00f3digo de Processo Civil - A cita\u00e7\u00e3o ser\u00e1 feita preferencialmente por meio eletr\u00f4nico, no prazo de at\u00e9 2 (dois) [continua]","robots":{"index":"index","follow":"follow","max-snippet":"max-snippet:-1","max-image-preview":"max-image-preview:large","max-video-preview":"max-video-preview:-1"},"canonical":"https:\/\/advbox.com.br\/blog\/cpc-artigo-246\/","og_locale":"pt_BR","og_type":"article","og_title":"Artigo 246 CPC: modalidades de cita\u00e7\u00e3o","og_description":"Artigo 246 CPC - C\u00f3digo de Processo Civil - A cita\u00e7\u00e3o ser\u00e1 feita preferencialmente por meio eletr\u00f4nico, no prazo de at\u00e9 2 (dois) [continua]","og_url":"https:\/\/advbox.com.br\/blog\/cpc-artigo-246\/","og_site_name":"Software Jur\u00eddico Completo - ADVBOX","article_publisher":"https:\/\/www.facebook.com\/advbox\/","article_modified_time":"2026-05-06T17:28:19+00:00","twitter_card":"summary_large_image","twitter_site":"@advbox2","schema":{"@context":"https:\/\/schema.org","@graph":[{"@type":"WebPage","@id":"https:\/\/advbox.com.br\/blog\/cpc-artigo-246\/","url":"https:\/\/advbox.com.br\/blog\/cpc-artigo-246\/","name":"Artigo 246 CPC: modalidades de cita\u00e7\u00e3o","isPartOf":{"@id":"https:\/\/advbox.com.br\/blog\/#website"},"datePublished":"2023-04-24T19:05:39+00:00","dateModified":"2026-05-06T17:28:19+00:00","description":"Artigo 246 CPC - C\u00f3digo de Processo Civil - A cita\u00e7\u00e3o ser\u00e1 feita preferencialmente por meio eletr\u00f4nico, no prazo de at\u00e9 2 (dois) [continua]","breadcrumb":{"@id":"https:\/\/advbox.com.br\/blog\/cpc-artigo-246\/#breadcrumb"},"inLanguage":"pt-BR","potentialAction":[{"@type":"ReadAction","target":["https:\/\/advbox.com.br\/blog\/cpc-artigo-246\/"]}]},{"@type":"BreadcrumbList","@id":"https:\/\/advbox.com.br\/blog\/cpc-artigo-246\/#breadcrumb","itemListElement":[{"@type":"ListItem","position":1,"name":"In\u00edcio","item":"https:\/\/advbox.com.br\/blog\/"},{"@type":"ListItem","position":2,"name":"Artigo 246 CPC \u2013 C\u00f3digo de Processo Civil"}]},{"@type":"WebSite","@id":"https:\/\/advbox.com.br\/blog\/#website","url":"https:\/\/advbox.com.br\/blog\/","name":"Software Jur\u00eddico Completo - ADVBOX","description":"Plataforma para Advocacia Digital","publisher":{"@id":"https:\/\/advbox.com.br\/blog\/#organization"},"potentialAction":[{"@type":"SearchAction","target":{"@type":"EntryPoint","urlTemplate":"https:\/\/advbox.com.br\/blog\/?s={search_term_string}"},"query-input":{"@type":"PropertyValueSpecification","valueRequired":true,"valueName":"search_term_string"}}],"inLanguage":"pt-BR"},{"@type":"Organization","@id":"https:\/\/advbox.com.br\/blog\/#organization","name":"ADVBOX Blog - Software jur\u00eddico da advocacia digital","url":"https:\/\/advbox.com.br\/blog\/","logo":{"@type":"ImageObject","inLanguage":"pt-BR","@id":"https:\/\/advbox.com.br\/blog\/#\/schema\/logo\/image\/","url":"https:\/\/advbox.com.br\/blog\/wp-content\/uploads\/2019\/12\/Como-aumentar-a-produtividade_.jpg","contentUrl":"https:\/\/advbox.com.br\/blog\/wp-content\/uploads\/2019\/12\/Como-aumentar-a-produtividade_.jpg","width":320,"height":213,"caption":"ADVBOX Blog - Software jur\u00eddico da advocacia digital"},"image":{"@id":"https:\/\/advbox.com.br\/blog\/#\/schema\/logo\/image\/"},"sameAs":["https:\/\/www.facebook.com\/advbox\/","https:\/\/x.com\/advbox2"]}]}},"_links":{"self":[{"href":"https:\/\/advbox.com.br\/blog\/wp-json\/wp\/v2\/pages\/53925","targetHints":{"allow":["GET"]}}],"collection":[{"href":"https:\/\/advbox.com.br\/blog\/wp-json\/wp\/v2\/pages"}],"about":[{"href":"https:\/\/advbox.com.br\/blog\/wp-json\/wp\/v2\/types\/page"}],"author":[{"embeddable":true,"href":"https:\/\/advbox.com.br\/blog\/wp-json\/wp\/v2\/users\/44"}],"replies":[{"embeddable":true,"href":"https:\/\/advbox.com.br\/blog\/wp-json\/wp\/v2\/comments?post=53925"}],"version-history":[{"count":3,"href":"https:\/\/advbox.com.br\/blog\/wp-json\/wp\/v2\/pages\/53925\/revisions"}],"predecessor-version":[{"id":83561,"href":"https:\/\/advbox.com.br\/blog\/wp-json\/wp\/v2\/pages\/53925\/revisions\/83561"}],"wp:attachment":[{"href":"https:\/\/advbox.com.br\/blog\/wp-json\/wp\/v2\/media?parent=53925"}],"curies":[{"name":"wp","href":"https:\/\/api.w.org\/{rel}","templated":true}]}}