{"id":54154,"date":"2023-05-02T10:45:07","date_gmt":"2023-05-02T13:45:07","guid":{"rendered":"https:\/\/advbox.com.br\/blog\/?page_id=54154"},"modified":"2023-11-30T10:31:01","modified_gmt":"2023-11-30T13:31:01","slug":"execucao-de-titulo-judicial","status":"publish","type":"page","link":"https:\/\/advbox.com.br\/blog\/execucao-de-titulo-judicial\/","title":{"rendered":"Saiba tudo sobre a execu\u00e7\u00e3o de T\u00edtulo Judicial!"},"content":{"rendered":"<p>Na \u00e1rea jur\u00eddica, \u00e9 comum falar em execu\u00e7\u00e3o de t\u00edtulo judicial, por isso \u00e9 fundamental compreender o assunto. A saber, \u00e9 comum falar em duas fases distintas de um processo: a fase de conhecimento e a fase de execu\u00e7\u00e3o.<\/p><p>A fase de conhecimento \u00e9 quando se discute o m\u00e9rito da causa, ou seja, \u00e9 onde se apresenta as argumenta\u00e7\u00f5es e provas para o juiz. Nessa fase, o juiz pode ouvir testemunhas, peritos e analisar documentos para chegar a uma conclus\u00e3o.<\/p><p>Uma vez que o juiz tenha proferido uma senten\u00e7a transitada em julgado, ou seja, n\u00e3o mais sujeita a recurso, inicia-se a fase de execu\u00e7\u00e3o. Aqui, o objetivo \u00e9 que se cumpra a decis\u00e3o judicial.<\/p><p>Assim, o credor pode requerer medidas como penhora de bens ou bloqueio de contas banc\u00e1rias a fim de que o devedor pague a d\u00edvida. <\/p><p>Toma-se essas medidas para que se garanta a efetividade da decis\u00e3o judicial e tanto o juiz quanto o oficial de justi\u00e7a podem tom\u00e1-las.<\/p><p>\u00c9 importante ressaltar que a fase de execu\u00e7\u00e3o s\u00f3 ocorre ap\u00f3s a fase de conhecimento. Al\u00e9m disso, em alguns casos, a execu\u00e7\u00e3o pode ser mais lenta e complexa do que a fase de conhecimento.<\/p><figure class=\"wp-block-embed is-type-video is-provider-youtube wp-block-embed-youtube wp-embed-aspect-16-9 wp-has-aspect-ratio\"><div class=\"wp-block-embed__wrapper\">\n<iframe title=\"Como funciona o Mercado Jur\u00eddico\" width=\"750\" height=\"422\" src=\"https:\/\/www.youtube.com\/embed\/cLoXoieB7_8?feature=oembed\" frameborder=\"0\" allow=\"accelerometer; autoplay; clipboard-write; encrypted-media; gyroscope; picture-in-picture; web-share\" allowfullscreen loading=\"lazy\"><\/iframe>\n<\/div><\/figure><h2 class=\"wp-block-heading\">Qual \u00e9 o conceito de rela\u00e7\u00e3o jur\u00eddica?<\/h2><p>A rela\u00e7\u00e3o jur\u00eddica se forma quando a parte chamada de autora resolve ingressar com uma a\u00e7\u00e3o judicial. <\/p><p>N\u00e3o sendo razo\u00e1vel resolver um desacordo utilizando-se da for\u00e7a bruta, em Direito chamada de autotutela, o sujeito requer ao poder judici\u00e1rio uma solu\u00e7\u00e3o para o conflito.<\/p><h3 class=\"wp-block-heading\">1. Advogado<\/h3><p>Por regra, para se ingressar com a a\u00e7\u00e3o judicial, o sujeito deve procurar a figura do advogado, representante processual com a denominada capacidade postulat\u00f3ria. <\/p><p>Ou seja, habilitado pelo ordenamento jur\u00eddico a agir em nome de terceiro a fim de se resolver uma lide. O advogado patrocina a causa de seu cliente para que se enfrente as demandas de um processo.<\/p><h3 class=\"wp-block-heading\">2. Peti\u00e7\u00e3o inicial<\/h3><p>Dessa forma, munido de uma <a href=\"https:\/\/advbox.com.br\/blog\/7-passos-para-elaborar-peticao-inicial\/\" target=\"_blank\">Peti\u00e7\u00e3o Inicial<\/a>, o advogado da parte autora leva a  causa perante a justi\u00e7a. Assim, narra-se ali a situa\u00e7\u00e3o f\u00e1tica e o seu enquadramento jur\u00eddico.<\/p><p>Dessa forma, ao final se fazem os pedidos, ou seja, se requer que o Estado-Juiz determine o cumprimento do que se pretende obter com o processo. Isso pode ser a entrega de uma coisa, o pagamento de uma d\u00edvida ou uma repara\u00e7\u00e3o por um dano moral, por exemplo.<\/p><h3 class=\"wp-block-heading\">3. Cita\u00e7\u00e3o<\/h3><p>Ao chegar no judici\u00e1rio, se realizar\u00e1 a cita\u00e7\u00e3o do r\u00e9u para que se defenda. Assim, se far\u00e1 atrav\u00e9s de uma pe\u00e7a processual chamada de <a href=\"https:\/\/advbox.com.br\/blog\/modelos\/civel-contestacao-em-reintegracao-de-posse\/\" target=\"_blank\">Contesta\u00e7\u00e3o<\/a>, produzida pelo advogado contratado pela parte requerida.<\/p><p>Perceba por que se chama essa fase do processo de conhecimento. \u00c9 o momento em que o juiz conhecer\u00e1 dos fatos ocorridos nas vidas daquelas pessoas que foram perante si pretendendo a obten\u00e7\u00e3o de um direito.<\/p><h3 class=\"wp-block-heading\">4. Senten\u00e7a<\/h3><p>Esclarecido os fatos para o juiz, inclusive com a realiza\u00e7\u00e3o de audi\u00eancia, poder\u00e1 se proferir a senten\u00e7a. Assim, encerra-se o processo de conhecimento e se determina o que deve se cumprir. A senten\u00e7a \u00e9 o principal t\u00edtulo executivo judicial.<\/p><h2 class=\"wp-block-heading\">O que \u00e9 fase da execu\u00e7\u00e3o?<\/h2><p>Digamos que um sujeito ingressou com uma a\u00e7\u00e3o judicial pleiteando uma indeniza\u00e7\u00e3o por dano moral por ter sido indevidamente inclu\u00eddo em um \u00f3rg\u00e3o de prote\u00e7\u00e3o ao cr\u00e9dito, como o SPC ou o <a href=\"https:\/\/advbox.com.br\/blog\/consumidor-acao-de-reparacao-de-danos-serasa\/\" target=\"_blank\">Serasa<\/a>. <\/p><p>Assim, o juiz reconheceu, durante a fase de conhecimento, que esta inclus\u00e3o era indevida por que, suponhamos, a d\u00edvida havia sido feita de forma fraudulenta por um estelionat\u00e1rio no nome do autor do processo. <\/p><p>Determinando, dessa forma, que a empresa que negativou o nome do requerente pague 10 mil reais a t\u00edtulo de danos morais.<\/p><p>Prolatada a senten\u00e7a, abriu-se prazo para a empresa r\u00e9 recorrer da condena\u00e7\u00e3o, e a mesma n\u00e3o apresentou nenhum recurso.<\/p><p>Aqui se diz que o processo \u201ctransitou em julgado\u201d, ou seja, aquela decis\u00e3o dada pelo juiz chamado de primeiro grau, n\u00e3o pode mais ser alterada, isto por que o judici\u00e1rio se organiza em graus de jurisdi\u00e7\u00e3o.<\/p><p>Ent\u00e3o, se o autor ganhou o processo e o r\u00e9u n\u00e3o pode mais recorrer significa que aquela senten\u00e7a se tornou um t\u00edtulo executivo judicial. <\/p><p>Em outras palavras, o autor poder\u00e1 solicitar, nos mesmos autos do processo de conhecimento, que seja iniciada a fase de cumprimento de senten\u00e7a, ou de execu\u00e7\u00e3o.<\/p><h2 class=\"wp-block-heading\">Quais s\u00e3o os t\u00edtulos executivos judiciais?<\/h2><p>Os t\u00edtulos executivos judiciais est\u00e3o dispostos no Art. 515 do <a href=\"https:\/\/advbox.com.br\/blog\/cpc-codigo-de-processo-civil\/\" target=\"_blank\">C\u00f3digo de Processo Civil<\/a>. Anteriormente no Brasil imperava o princ\u00edpio da autonomia, em que a fase de execu\u00e7\u00e3o era separada da fase de conhecimento.<\/p><blockquote class=\"wp-block-quote is-layout-flow wp-block-quote-is-layout-flow\">\n<p>Em nome da instrumentalidade do Direito Processual e da efetividade da presta\u00e7\u00e3o jurisdicional, encaminhou-se para um processo unit\u00e1rio, em que toda a atividade de composi\u00e7\u00e3o do conflito se d\u00ea numa \u00fanica rela\u00e7\u00e3o processual. Assim, o juiz que emite senten\u00e7a condenat\u00f3ria, se encarrega de promover-lhe o cumprimento logo ap\u00f3s o tr\u00e2nsito em julgado, sem que o credor tenha que instaurar um novo processo de execu\u00e7\u00e3o. (THEODORO JR., 2012)<\/p>\n<\/blockquote><p>O artigo estabelece que os t\u00edtulos executivos judiciais s\u00e3o as senten\u00e7as proferidas no processo civil que reconhe\u00e7am a exigibilidade de obriga\u00e7\u00e3o de pagar quantia, de fazer, de n\u00e3o fazer ou de entregar coisa. <\/p><p>Al\u00e9m disso, tamb\u00e9m s\u00e3o considerados t\u00edtulos executivos judiciais a senten\u00e7a penal condenat\u00f3ria transitada em julgado e o formal e a certid\u00e3o de partilha dos processos de invent\u00e1rio, dentre outros.<\/p><p>O primeiro item do Art. 515 envolve o conhecimento das Obriga\u00e7\u00f5es, importante ramo de estudo do Direito Civil. <\/p><p>Obriga\u00e7\u00e3o, em termos jur\u00eddicos, \u00e9 um v\u00ednculo que existe entre duas partes, em que uma delas (o devedor) se compromete a realizar uma determinada presta\u00e7\u00e3o em favor da outra (o credor). Essa presta\u00e7\u00e3o pode ser uma obriga\u00e7\u00e3o de dar, fazer ou n\u00e3o fazer algo.<\/p><h2 class=\"wp-block-heading\">Mais conhecimento para voc\u00ea!<\/h2><p>Por aqui estamos sempre abordando assuntos quentes e relevantes para os profissionais do Direito. Confira outros textos que tamb\u00e9m podem te interessar:<\/p><figure class=\"wp-block-table\"><table><tbody><tr><td><a href=\"https:\/\/advbox.com.br\/blog\/alta-produtividade-na-advocacia\/\" target=\"_blank\" rel=\"noreferrer noopener\" target=\"_blank\">Alta produtividade na advocacia<\/a><\/td><\/tr><tr><td><a href=\"https:\/\/advbox.com.br\/blog\/como-criar-o-setor-comercial\/\" target=\"_blank\" rel=\"noreferrer noopener\" target=\"_blank\">Como criar o setor comercial do seu escrit\u00f3rio de advocacia? Confira 7 dicas!<\/a><\/td><\/tr><tr><td><a href=\"https:\/\/advbox.com.br\/blog\/5-recursos-mais-eficientes-nos-softwares-juridicos-do-mercado\/\" target=\"_blank\" rel=\"noreferrer noopener\" target=\"_blank\">Software Jur\u00eddico: 16 crit\u00e9rios fundamentais para encontrar o melhor!<\/a><\/td><\/tr><tr><td><a href=\"https:\/\/advbox.com.br\/blog\/controladoria-juridica\/\" target=\"_blank\" rel=\"noreferrer noopener\" target=\"_blank\">O que \u00e9 a Controladoria Jur\u00eddica e como funciona<\/a><\/td><\/tr><tr><td><a href=\"https:\/\/advbox.com.br\/blog\/sistema-de-filiais\/\" target=\"_blank\" rel=\"noreferrer noopener\" target=\"_blank\">Escrit\u00f3rios com filiais, correspondentes e parceiros fixos<\/a><\/td><\/tr><tr><td><a href=\"https:\/\/advbox.com.br\/blog\/avaliacao-de-dados\/\" target=\"_blank\" rel=\"noreferrer noopener\" target=\"_blank\">Advocacia baseada em dados<\/a><\/td><\/tr><\/tbody><\/table><\/figure><figure class=\"wp-block-image size-full\"><a href=\"https:\/\/advbox.com.br\/blog\/como-automatizar-seus-modelos-de-peticoes\/\" target=\"_blank\"><img decoding=\"async\" src=\"https:\/\/advbox.com.br\/blog\/wp-content\/uploads\/2019\/07\/automatize_a_produ%C3%A7%C3%A3o_de_suas_peti%C3%A7%C3%B5es.png\" alt=\"Automatize a produ\u00e7\u00e3o de suas peti\u00e7\u00f5es\" class=\"wp-image-15502\" loading=\"lazy\"><\/a><\/figure>\n","protected":false},"excerpt":{"rendered":"<p>Na \u00e1rea jur\u00eddica, \u00e9 comum falar em execu\u00e7\u00e3o de t\u00edtulo judicial, por isso \u00e9 fundamental compreender o assunto. A saber, \u00e9 comum falar em duas fases distintas de um processo: a fase de conhecimento e a fase de execu\u00e7\u00e3o. A fase de conhecimento \u00e9 quando se discute o m\u00e9rito da [&hellip;]<\/p>\n","protected":false},"author":43,"featured_media":53704,"parent":0,"menu_order":0,"comment_status":"closed","ping_status":"closed","template":"","meta":{"_acf_changed":false,"om_disable_all_campaigns":false,"footnotes":""},"class_list":["post-54154","page","type-page","status-publish","has-post-thumbnail","hentry"],"acf":[],"yoast_head":"<!-- This site is optimized with the Yoast SEO plugin v26.9 - https:\/\/yoast.com\/product\/yoast-seo-wordpress\/ -->\n<title>Execu\u00e7\u00e3o de T\u00edtulo Judicial: saiba tudo!<\/title>\n<meta name=\"description\" content=\"Na \u00e1rea jur\u00eddica, \u00e9 comum falar em execu\u00e7\u00e3o de t\u00edtulo judicial, por isso \u00e9 fundamental compreender o assunto. Leia mais aqui!\" \/>\n<meta name=\"robots\" content=\"index, follow, max-snippet:-1, max-image-preview:large, max-video-preview:-1\" \/>\n<link rel=\"canonical\" href=\"https:\/\/advbox.com.br\/blog\/execucao-de-titulo-judicial\/\" \/>\n<meta property=\"og:locale\" content=\"pt_BR\" \/>\n<meta property=\"og:type\" content=\"article\" \/>\n<meta property=\"og:title\" content=\"Execu\u00e7\u00e3o de T\u00edtulo Judicial: saiba tudo!\" \/>\n<meta property=\"og:description\" content=\"Na \u00e1rea jur\u00eddica, \u00e9 comum falar em execu\u00e7\u00e3o de t\u00edtulo judicial, por isso \u00e9 fundamental compreender o assunto. Leia mais aqui!\" \/>\n<meta property=\"og:url\" content=\"https:\/\/advbox.com.br\/blog\/execucao-de-titulo-judicial\/\" \/>\n<meta property=\"og:site_name\" content=\"Software Jur\u00eddico Completo - ADVBOX\" \/>\n<meta property=\"article:publisher\" content=\"https:\/\/www.facebook.com\/advbox\/\" \/>\n<meta property=\"article:modified_time\" content=\"2023-11-30T13:31:01+00:00\" \/>\n<meta property=\"og:image\" content=\"https:\/\/advbox.com.br\/blog\/wp-content\/uploads\/2022\/11\/CAPA-Tendencias-tecnologicas-para-o-Direito.webp\" \/>\n\t<meta property=\"og:image:width\" content=\"1024\" \/>\n\t<meta property=\"og:image:height\" content=\"576\" \/>\n\t<meta property=\"og:image:type\" content=\"image\/webp\" \/>\n<meta name=\"twitter:card\" content=\"summary_large_image\" \/>\n<meta name=\"twitter:site\" content=\"@advbox2\" \/>\n<script type=\"application\/ld+json\" class=\"yoast-schema-graph\">{\"@context\":\"https:\/\/schema.org\",\"@graph\":[{\"@type\":\"WebPage\",\"@id\":\"https:\/\/advbox.com.br\/blog\/execucao-de-titulo-judicial\/\",\"url\":\"https:\/\/advbox.com.br\/blog\/execucao-de-titulo-judicial\/\",\"name\":\"Execu\u00e7\u00e3o de T\u00edtulo Judicial: saiba tudo!\",\"isPartOf\":{\"@id\":\"https:\/\/advbox.com.br\/blog\/#website\"},\"primaryImageOfPage\":{\"@id\":\"https:\/\/advbox.com.br\/blog\/execucao-de-titulo-judicial\/#primaryimage\"},\"image\":{\"@id\":\"https:\/\/advbox.com.br\/blog\/execucao-de-titulo-judicial\/#primaryimage\"},\"thumbnailUrl\":\"https:\/\/advbox.com.br\/blog\/wp-content\/uploads\/2022\/11\/CAPA-Tendencias-tecnologicas-para-o-Direito.webp\",\"datePublished\":\"2023-05-02T13:45:07+00:00\",\"dateModified\":\"2023-11-30T13:31:01+00:00\",\"description\":\"Na \u00e1rea jur\u00eddica, \u00e9 comum falar em execu\u00e7\u00e3o de t\u00edtulo judicial, por isso \u00e9 fundamental compreender o assunto. Leia mais aqui!\",\"breadcrumb\":{\"@id\":\"https:\/\/advbox.com.br\/blog\/execucao-de-titulo-judicial\/#breadcrumb\"},\"inLanguage\":\"pt-BR\",\"potentialAction\":[{\"@type\":\"ReadAction\",\"target\":[\"https:\/\/advbox.com.br\/blog\/execucao-de-titulo-judicial\/\"]}]},{\"@type\":\"ImageObject\",\"inLanguage\":\"pt-BR\",\"@id\":\"https:\/\/advbox.com.br\/blog\/execucao-de-titulo-judicial\/#primaryimage\",\"url\":\"https:\/\/advbox.com.br\/blog\/wp-content\/uploads\/2022\/11\/CAPA-Tendencias-tecnologicas-para-o-Direito.webp\",\"contentUrl\":\"https:\/\/advbox.com.br\/blog\/wp-content\/uploads\/2022\/11\/CAPA-Tendencias-tecnologicas-para-o-Direito.webp\",\"width\":1024,\"height\":576},{\"@type\":\"BreadcrumbList\",\"@id\":\"https:\/\/advbox.com.br\/blog\/execucao-de-titulo-judicial\/#breadcrumb\",\"itemListElement\":[{\"@type\":\"ListItem\",\"position\":1,\"name\":\"In\u00edcio\",\"item\":\"https:\/\/advbox.com.br\/blog\/\"},{\"@type\":\"ListItem\",\"position\":2,\"name\":\"Saiba tudo sobre a execu\u00e7\u00e3o de T\u00edtulo Judicial!\"}]},{\"@type\":\"WebSite\",\"@id\":\"https:\/\/advbox.com.br\/blog\/#website\",\"url\":\"https:\/\/advbox.com.br\/blog\/\",\"name\":\"Software Jur\u00eddico Completo - ADVBOX\",\"description\":\"Plataforma para Advocacia Digital\",\"publisher\":{\"@id\":\"https:\/\/advbox.com.br\/blog\/#organization\"},\"potentialAction\":[{\"@type\":\"SearchAction\",\"target\":{\"@type\":\"EntryPoint\",\"urlTemplate\":\"https:\/\/advbox.com.br\/blog\/?s={search_term_string}\"},\"query-input\":{\"@type\":\"PropertyValueSpecification\",\"valueRequired\":true,\"valueName\":\"search_term_string\"}}],\"inLanguage\":\"pt-BR\"},{\"@type\":\"Organization\",\"@id\":\"https:\/\/advbox.com.br\/blog\/#organization\",\"name\":\"ADVBOX Blog - Software jur\u00eddico da advocacia digital\",\"url\":\"https:\/\/advbox.com.br\/blog\/\",\"logo\":{\"@type\":\"ImageObject\",\"inLanguage\":\"pt-BR\",\"@id\":\"https:\/\/advbox.com.br\/blog\/#\/schema\/logo\/image\/\",\"url\":\"https:\/\/advbox.com.br\/blog\/wp-content\/uploads\/2019\/12\/Como-aumentar-a-produtividade_.jpg\",\"contentUrl\":\"https:\/\/advbox.com.br\/blog\/wp-content\/uploads\/2019\/12\/Como-aumentar-a-produtividade_.jpg\",\"width\":320,\"height\":213,\"caption\":\"ADVBOX Blog - Software jur\u00eddico da advocacia digital\"},\"image\":{\"@id\":\"https:\/\/advbox.com.br\/blog\/#\/schema\/logo\/image\/\"},\"sameAs\":[\"https:\/\/www.facebook.com\/advbox\/\",\"https:\/\/x.com\/advbox2\"]}]}<\/script>\n<!-- \/ Yoast SEO plugin. -->","yoast_head_json":{"title":"Execu\u00e7\u00e3o de T\u00edtulo Judicial: saiba tudo!","description":"Na \u00e1rea jur\u00eddica, \u00e9 comum falar em execu\u00e7\u00e3o de t\u00edtulo judicial, por isso \u00e9 fundamental compreender o assunto. Leia mais aqui!","robots":{"index":"index","follow":"follow","max-snippet":"max-snippet:-1","max-image-preview":"max-image-preview:large","max-video-preview":"max-video-preview:-1"},"canonical":"https:\/\/advbox.com.br\/blog\/execucao-de-titulo-judicial\/","og_locale":"pt_BR","og_type":"article","og_title":"Execu\u00e7\u00e3o de T\u00edtulo Judicial: saiba tudo!","og_description":"Na \u00e1rea jur\u00eddica, \u00e9 comum falar em execu\u00e7\u00e3o de t\u00edtulo judicial, por isso \u00e9 fundamental compreender o assunto. Leia mais aqui!","og_url":"https:\/\/advbox.com.br\/blog\/execucao-de-titulo-judicial\/","og_site_name":"Software Jur\u00eddico Completo - ADVBOX","article_publisher":"https:\/\/www.facebook.com\/advbox\/","article_modified_time":"2023-11-30T13:31:01+00:00","og_image":[{"width":1024,"height":576,"url":"https:\/\/advbox.com.br\/blog\/wp-content\/uploads\/2022\/11\/CAPA-Tendencias-tecnologicas-para-o-Direito.webp","type":"image\/webp"}],"twitter_card":"summary_large_image","twitter_site":"@advbox2","schema":{"@context":"https:\/\/schema.org","@graph":[{"@type":"WebPage","@id":"https:\/\/advbox.com.br\/blog\/execucao-de-titulo-judicial\/","url":"https:\/\/advbox.com.br\/blog\/execucao-de-titulo-judicial\/","name":"Execu\u00e7\u00e3o de T\u00edtulo Judicial: saiba tudo!","isPartOf":{"@id":"https:\/\/advbox.com.br\/blog\/#website"},"primaryImageOfPage":{"@id":"https:\/\/advbox.com.br\/blog\/execucao-de-titulo-judicial\/#primaryimage"},"image":{"@id":"https:\/\/advbox.com.br\/blog\/execucao-de-titulo-judicial\/#primaryimage"},"thumbnailUrl":"https:\/\/advbox.com.br\/blog\/wp-content\/uploads\/2022\/11\/CAPA-Tendencias-tecnologicas-para-o-Direito.webp","datePublished":"2023-05-02T13:45:07+00:00","dateModified":"2023-11-30T13:31:01+00:00","description":"Na \u00e1rea jur\u00eddica, \u00e9 comum falar em execu\u00e7\u00e3o de t\u00edtulo judicial, por isso \u00e9 fundamental compreender o assunto. Leia mais aqui!","breadcrumb":{"@id":"https:\/\/advbox.com.br\/blog\/execucao-de-titulo-judicial\/#breadcrumb"},"inLanguage":"pt-BR","potentialAction":[{"@type":"ReadAction","target":["https:\/\/advbox.com.br\/blog\/execucao-de-titulo-judicial\/"]}]},{"@type":"ImageObject","inLanguage":"pt-BR","@id":"https:\/\/advbox.com.br\/blog\/execucao-de-titulo-judicial\/#primaryimage","url":"https:\/\/advbox.com.br\/blog\/wp-content\/uploads\/2022\/11\/CAPA-Tendencias-tecnologicas-para-o-Direito.webp","contentUrl":"https:\/\/advbox.com.br\/blog\/wp-content\/uploads\/2022\/11\/CAPA-Tendencias-tecnologicas-para-o-Direito.webp","width":1024,"height":576},{"@type":"BreadcrumbList","@id":"https:\/\/advbox.com.br\/blog\/execucao-de-titulo-judicial\/#breadcrumb","itemListElement":[{"@type":"ListItem","position":1,"name":"In\u00edcio","item":"https:\/\/advbox.com.br\/blog\/"},{"@type":"ListItem","position":2,"name":"Saiba tudo sobre a execu\u00e7\u00e3o de T\u00edtulo Judicial!"}]},{"@type":"WebSite","@id":"https:\/\/advbox.com.br\/blog\/#website","url":"https:\/\/advbox.com.br\/blog\/","name":"Software Jur\u00eddico Completo - ADVBOX","description":"Plataforma para Advocacia Digital","publisher":{"@id":"https:\/\/advbox.com.br\/blog\/#organization"},"potentialAction":[{"@type":"SearchAction","target":{"@type":"EntryPoint","urlTemplate":"https:\/\/advbox.com.br\/blog\/?s={search_term_string}"},"query-input":{"@type":"PropertyValueSpecification","valueRequired":true,"valueName":"search_term_string"}}],"inLanguage":"pt-BR"},{"@type":"Organization","@id":"https:\/\/advbox.com.br\/blog\/#organization","name":"ADVBOX Blog - Software jur\u00eddico da advocacia digital","url":"https:\/\/advbox.com.br\/blog\/","logo":{"@type":"ImageObject","inLanguage":"pt-BR","@id":"https:\/\/advbox.com.br\/blog\/#\/schema\/logo\/image\/","url":"https:\/\/advbox.com.br\/blog\/wp-content\/uploads\/2019\/12\/Como-aumentar-a-produtividade_.jpg","contentUrl":"https:\/\/advbox.com.br\/blog\/wp-content\/uploads\/2019\/12\/Como-aumentar-a-produtividade_.jpg","width":320,"height":213,"caption":"ADVBOX Blog - Software jur\u00eddico da advocacia digital"},"image":{"@id":"https:\/\/advbox.com.br\/blog\/#\/schema\/logo\/image\/"},"sameAs":["https:\/\/www.facebook.com\/advbox\/","https:\/\/x.com\/advbox2"]}]}},"_links":{"self":[{"href":"https:\/\/advbox.com.br\/blog\/wp-json\/wp\/v2\/pages\/54154","targetHints":{"allow":["GET"]}}],"collection":[{"href":"https:\/\/advbox.com.br\/blog\/wp-json\/wp\/v2\/pages"}],"about":[{"href":"https:\/\/advbox.com.br\/blog\/wp-json\/wp\/v2\/types\/page"}],"author":[{"embeddable":true,"href":"https:\/\/advbox.com.br\/blog\/wp-json\/wp\/v2\/users\/43"}],"replies":[{"embeddable":true,"href":"https:\/\/advbox.com.br\/blog\/wp-json\/wp\/v2\/comments?post=54154"}],"version-history":[{"count":2,"href":"https:\/\/advbox.com.br\/blog\/wp-json\/wp\/v2\/pages\/54154\/revisions"}],"predecessor-version":[{"id":59165,"href":"https:\/\/advbox.com.br\/blog\/wp-json\/wp\/v2\/pages\/54154\/revisions\/59165"}],"wp:featuredmedia":[{"embeddable":true,"href":"https:\/\/advbox.com.br\/blog\/wp-json\/wp\/v2\/media\/53704"}],"wp:attachment":[{"href":"https:\/\/advbox.com.br\/blog\/wp-json\/wp\/v2\/media?parent=54154"}],"curies":[{"name":"wp","href":"https:\/\/api.w.org\/{rel}","templated":true}]}}